{"id":15908,"date":"2025-09-18T12:30:15","date_gmt":"2025-09-18T10:30:15","guid":{"rendered":"https:\/\/idakorea.ee\/?post_type=product&#038;p=15908"},"modified":"2026-04-10T22:30:44","modified_gmt":"2026-04-10T20:30:44","slug":"cosrx-the-vitamin-c-23-serum","status":"publish","type":"product","link":"https:\/\/idakorea.ee\/en\/product\/cosrx-the-vitamin-c-23-serum\/","title":{"rendered":"Serum 23% with vitamin C Cosrx The Vitamin C 23 Serum, 20ml EXP 09.2026"},"content":{"rendered":"<p data-start=\"112\" data-end=\"274\">Serum 23% with vitamin C gives the skin a special glow and elasticity, evens out the tone and reduces the first signs of aging without causing irritation or redness.<\/p>\n<p data-start=\"276\" data-end=\"498\">The product lightens age spots and acne scars, improves skin texture and acts as a powerful antioxidant, protecting the skin from free radicals. The result is even, soft and moisturized skin with a natural glow.<\/p>\n<p data-start=\"500\" data-end=\"523\"><strong>Main active ingredients<\/strong><\/p>\n<ul data-start=\"524\" data-end=\"1254\">\n<li data-start=\"524\" data-end=\"687\">\n<p data-start=\"526\" data-end=\"687\"><strong data-start=\"526\" data-end=\"582\">Vitamin C 23% (Ascorbic Acid, Ethyl Ascorbyl Ether)<\/strong> \u2013 lightens hyperpigmentation, increases collagen production, strengthens skin and slows down aging.<\/p>\n<\/li>\n<li data-start=\"688\" data-end=\"778\">\n<p data-start=\"690\" data-end=\"778\"><strong data-start=\"690\" data-end=\"701\">Caffeine<\/strong> \u2013 reduces swelling, improves microcirculation and speeds up recovery.<\/p>\n<\/li>\n<li data-start=\"779\" data-end=\"873\">\n<p data-start=\"781\" data-end=\"873\"><strong data-start=\"781\" data-end=\"795\">Glutathione<\/strong> \u2013 a powerful antioxidant, prevents pigmentation and increases skin elasticity.<\/p>\n<\/li>\n<li data-start=\"874\" data-end=\"948\">\n<p data-start=\"876\" data-end=\"948\"><strong data-start=\"876\" data-end=\"894\">Panthenol (B5)<\/strong> \u2013 soothes, softens and accelerates skin healing.<\/p>\n<\/li>\n<li data-start=\"949\" data-end=\"1092\">\n<p data-start=\"951\" data-end=\"1092\"><strong data-start=\"951\" data-end=\"987\">Tocotrienol (a form of vitamin E)<\/strong> \u2013 increases the effectiveness of vitamin C, supports collagen production and protects against oxidative stress.<\/p>\n<\/li>\n<li data-start=\"1093\" data-end=\"1183\">\n<p data-start=\"1095\" data-end=\"1183\"><strong data-start=\"1095\" data-end=\"1119\">Acetylglucosamine<\/strong> \u2013 improves the absorption of hyaluronic acid, intensely moisturizes.<\/p>\n<\/li>\n<li data-start=\"1184\" data-end=\"1254\">\n<p data-start=\"1186\" data-end=\"1254\"><strong data-start=\"1186\" data-end=\"1198\">Skvala<\/strong> \u2013 moisturizes, restores and prevents premature aging.<\/p>\n<\/li>\n<\/ul>\n<p data-start=\"1256\" data-end=\"1292\">Suitable for all skin types.<\/p>\n<p data-start=\"1294\" data-end=\"1310\"><strong>Use of<\/strong><\/p>\n<p data-start=\"1294\" data-end=\"1310\">Shake the bottle before use. Apply a small amount of serum to the face after cleansing and toning. Massage gently until completely absorbed. Be sure to use sunscreen SPF 50 PA++++ during the day. After opening, it is recommended to use within 2 months.<\/p>","protected":false},"excerpt":{"rendered":"<p>Serum 23% with vitamin C gives the skin a special glow and elasticity, evens out the tone and reduces the first signs of aging without causing irritation or redness. The product lightens pigment spots and acne scars, improves skin texture and acts as a strong antioxidant, protecting the skin from free radicals. The result is even, soft and moisturized skin with a natural glow. Main active ingredients Vitamin C 23% (Ascorbic Acid, Ethyl Ascorbyl\u2026<\/p>","protected":false},"featured_media":15909,"comment_status":"open","ping_status":"closed","template":"","meta":{"_uf_show_specific_survey":0,"_uf_disable_surveys":false,"_bst_post_transparent":"default","_bst_post_title":"","_bst_post_layout":"default","_bst_post_sidebar_id":"","_bst_post_content_style":"default","_bst_post_vertical_padding":"default","_bst_post_feature":"","_bst_post_feature_position":"","_bst_post_header":false,"_bst_post_footer":false},"pwb-brand":[111],"product_brand":[],"product_cat":[92,97],"product_tag":[799,230,634],"class_list":{"0":"post-15908","1":"product","2":"type-product","3":"status-publish","4":"has-post-thumbnail","6":"pwb-brand-cosrx","7":"product_cat-nagu","8":"product_cat-naoseerumid-ja-olid","9":"product_tag-cosrx","10":"product_tag-pigment","11":"product_tag-vitamin-c","13":"first","14":"instock","15":"sale","16":"shipping-taxable","17":"purchasable","18":"product-type-simple","19":"entry","20":"content-bg","21":"loop-entry"},"supplier_id":null,"supplier_sku":"","barcode":null,"atum_controlled":true,"out_stock_date":null,"out_stock_threshold":null,"inheritable":false,"inbound_stock":0,"stock_on_hold":0,"sold_today":0,"sales_last_days":1,"out_stock_days":0,"lost_sales":0,"has_location":false,"update_date":"2026-04-14T18:40:50","atum_locations":[],"atum_stock_status":"instock","restock_status":false,"low_stock_amount":"","sales_update_date":"2026-04-14T18:40:50","calc_backorders":null,"yoast_head":"<!-- This site is optimized with the Yoast SEO plugin v27.2 - https:\/\/yoast.com\/product\/yoast-seo-wordpress\/ -->\n<title>Cosrx The Vitamin C 23 Serum, 20ml - IDA.KOREA<\/title>\n<meta name=\"description\" content=\"Too oma nahale elastsus ja s\u00e4ra Cosrx The Vitamin C 23 Serumiga. See toode aitab eemaldada pigmendilaike ja aknej\u00e4lgi. Osta n\u00fc\u00fcd! Kiire tarne!\" \/>\n<meta name=\"robots\" content=\"index, follow, max-snippet:-1, max-image-preview:large, max-video-preview:-1\" \/>\n<link rel=\"canonical\" href=\"https:\/\/idakorea.ee\/en\/product\/cosrx-the-vitamin-c-23-serum\/\" \/>\n<meta property=\"og:locale\" content=\"en_US\" \/>\n<meta property=\"og:type\" content=\"article\" \/>\n<meta property=\"og:title\" content=\"Cosrx The Vitamin C 23 Serum, 20ml - IDA.KOREA\" \/>\n<meta property=\"og:description\" content=\"Too oma nahale elastsus ja s\u00e4ra Cosrx The Vitamin C 23 Serumiga. See toode aitab eemaldada pigmendilaike ja aknej\u00e4lgi. Osta n\u00fc\u00fcd! Kiire tarne!\" \/>\n<meta property=\"og:url\" content=\"https:\/\/idakorea.ee\/en\/product\/cosrx-the-vitamin-c-23-serum\/\" \/>\n<meta property=\"og:site_name\" content=\"IDA.KOREA\" \/>\n<meta property=\"article:modified_time\" content=\"2026-04-10T20:30:44+00:00\" \/>\n<meta property=\"og:image\" content=\"https:\/\/idakorea.ee\/wp-content\/uploads\/2025\/09\/cosrx-the-vitamin-c-23-serum_idakorea.jpg\" \/>\n\t<meta property=\"og:image:width\" content=\"1000\" \/>\n\t<meta property=\"og:image:height\" content=\"1000\" \/>\n\t<meta property=\"og:image:type\" content=\"image\/jpeg\" \/>\n<meta name=\"twitter:card\" content=\"summary_large_image\" \/>\n<meta name=\"twitter:label1\" content=\"Est. reading time\" \/>\n\t<meta name=\"twitter:data1\" content=\"2 minutes\" \/>\n<script type=\"application\/ld+json\" class=\"yoast-schema-graph\">{\"@context\":\"https:\/\/schema.org\",\"@graph\":[{\"@type\":\"WebPage\",\"@id\":\"https:\/\/idakorea.ee\/product\/cosrx-the-vitamin-c-23-serum\/\",\"url\":\"https:\/\/idakorea.ee\/product\/cosrx-the-vitamin-c-23-serum\/\",\"name\":\"Cosrx The Vitamin C 23 Serum, 20ml - IDA.KOREA\",\"isPartOf\":{\"@id\":\"https:\/\/idakorea.ee\/#website\"},\"primaryImageOfPage\":{\"@id\":\"https:\/\/idakorea.ee\/product\/cosrx-the-vitamin-c-23-serum\/#primaryimage\"},\"image\":{\"@id\":\"https:\/\/idakorea.ee\/product\/cosrx-the-vitamin-c-23-serum\/#primaryimage\"},\"thumbnailUrl\":\"https:\/\/idakorea.ee\/wp-content\/uploads\/2025\/09\/cosrx-the-vitamin-c-23-serum_idakorea.jpg\",\"datePublished\":\"2025-09-18T10:30:15+00:00\",\"dateModified\":\"2026-04-10T20:30:44+00:00\",\"description\":\"Too oma nahale elastsus ja s\u00e4ra Cosrx The Vitamin C 23 Serumiga. See toode aitab eemaldada pigmendilaike ja aknej\u00e4lgi. Osta n\u00fc\u00fcd! Kiire tarne!\",\"breadcrumb\":{\"@id\":\"https:\/\/idakorea.ee\/product\/cosrx-the-vitamin-c-23-serum\/#breadcrumb\"},\"inLanguage\":\"en-US\",\"potentialAction\":[{\"@type\":\"ReadAction\",\"target\":[\"https:\/\/idakorea.ee\/product\/cosrx-the-vitamin-c-23-serum\/\"]}]},{\"@type\":\"ImageObject\",\"inLanguage\":\"en-US\",\"@id\":\"https:\/\/idakorea.ee\/product\/cosrx-the-vitamin-c-23-serum\/#primaryimage\",\"url\":\"https:\/\/idakorea.ee\/wp-content\/uploads\/2025\/09\/cosrx-the-vitamin-c-23-serum_idakorea.jpg\",\"contentUrl\":\"https:\/\/idakorea.ee\/wp-content\/uploads\/2025\/09\/cosrx-the-vitamin-c-23-serum_idakorea.jpg\",\"width\":1000,\"height\":1000},{\"@type\":\"BreadcrumbList\",\"@id\":\"https:\/\/idakorea.ee\/product\/cosrx-the-vitamin-c-23-serum\/#breadcrumb\",\"itemListElement\":[{\"@type\":\"ListItem\",\"position\":1,\"name\":\"\u0413\u043b\u0430\u0432\u043d\u0430\u044f \u0441\u0442\u0440\u0430\u043d\u0438\u0446\u0430\",\"item\":\"https:\/\/idakorea.ee\/\"},{\"@type\":\"ListItem\",\"position\":2,\"name\":\"Shop\",\"item\":\"https:\/\/idakorea.ee\/shop-2\/\"},{\"@type\":\"ListItem\",\"position\":3,\"name\":\"Seerum 23% C-vitamiiniga Cosrx The Vitamin C 23 Serum, 20ml EXP 09.2026\"}]},{\"@type\":\"WebSite\",\"@id\":\"https:\/\/idakorea.ee\/#website\",\"url\":\"https:\/\/idakorea.ee\/\",\"name\":\"IDA.KOREA\",\"description\":\"Korea kosmeetika e-pood\",\"publisher\":{\"@id\":\"https:\/\/idakorea.ee\/#organization\"},\"alternateName\":\"Beauty Shop\",\"potentialAction\":[{\"@type\":\"SearchAction\",\"target\":{\"@type\":\"EntryPoint\",\"urlTemplate\":\"https:\/\/idakorea.ee\/?s={search_term_string}\"},\"query-input\":{\"@type\":\"PropertyValueSpecification\",\"valueRequired\":true,\"valueName\":\"search_term_string\"}}],\"inLanguage\":\"en-US\"},{\"@type\":\"Organization\",\"@id\":\"https:\/\/idakorea.ee\/#organization\",\"name\":\"IDA.KOREA\",\"url\":\"https:\/\/idakorea.ee\/\",\"logo\":{\"@type\":\"ImageObject\",\"inLanguage\":\"en-US\",\"@id\":\"https:\/\/idakorea.ee\/#\/schema\/logo\/image\/\",\"url\":\"https:\/\/idakorea.ee\/wp-content\/uploads\/2024\/05\/cropped-korea3.png\",\"contentUrl\":\"https:\/\/idakorea.ee\/wp-content\/uploads\/2024\/05\/cropped-korea3.png\",\"width\":688,\"height\":126,\"caption\":\"IDA.KOREA\"},\"image\":{\"@id\":\"https:\/\/idakorea.ee\/#\/schema\/logo\/image\/\"},\"sameAs\":[\"https:\/\/www.instagram.com\/ida.korea\/\"]}]}<\/script>\n<!-- \/ Yoast SEO plugin. -->","yoast_head_json":{"title":"Cosrx The Vitamin C 23 Serum, 20ml - IDA.KOREA","description":"Bring elasticity and radiance to your skin with Cosrx The Vitamin C 23 Serum. This product helps to remove age spots and acne scars. Buy now! Fast delivery!","robots":{"index":"index","follow":"follow","max-snippet":"max-snippet:-1","max-image-preview":"max-image-preview:large","max-video-preview":"max-video-preview:-1"},"canonical":"https:\/\/idakorea.ee\/en\/product\/cosrx-the-vitamin-c-23-serum\/","og_locale":"en_US","og_type":"article","og_title":"Cosrx The Vitamin C 23 Serum, 20ml - IDA.KOREA","og_description":"Too oma nahale elastsus ja s\u00e4ra Cosrx The Vitamin C 23 Serumiga. See toode aitab eemaldada pigmendilaike ja aknej\u00e4lgi. Osta n\u00fc\u00fcd! Kiire tarne!","og_url":"https:\/\/idakorea.ee\/en\/product\/cosrx-the-vitamin-c-23-serum\/","og_site_name":"IDA.KOREA","article_modified_time":"2026-04-10T20:30:44+00:00","og_image":[{"width":1000,"height":1000,"url":"https:\/\/idakorea.ee\/wp-content\/uploads\/2025\/09\/cosrx-the-vitamin-c-23-serum_idakorea.jpg","type":"image\/jpeg"}],"twitter_card":"summary_large_image","twitter_misc":{"Est. reading time":"2 minutes"},"schema":{"@context":"https:\/\/schema.org","@graph":[{"@type":"WebPage","@id":"https:\/\/idakorea.ee\/product\/cosrx-the-vitamin-c-23-serum\/","url":"https:\/\/idakorea.ee\/product\/cosrx-the-vitamin-c-23-serum\/","name":"Cosrx The Vitamin C 23 Serum, 20ml - IDA.KOREA","isPartOf":{"@id":"https:\/\/idakorea.ee\/#website"},"primaryImageOfPage":{"@id":"https:\/\/idakorea.ee\/product\/cosrx-the-vitamin-c-23-serum\/#primaryimage"},"image":{"@id":"https:\/\/idakorea.ee\/product\/cosrx-the-vitamin-c-23-serum\/#primaryimage"},"thumbnailUrl":"https:\/\/idakorea.ee\/wp-content\/uploads\/2025\/09\/cosrx-the-vitamin-c-23-serum_idakorea.jpg","datePublished":"2025-09-18T10:30:15+00:00","dateModified":"2026-04-10T20:30:44+00:00","description":"Bring elasticity and radiance to your skin with Cosrx The Vitamin C 23 Serum. This product helps to remove age spots and acne scars. Buy now! Fast delivery!","breadcrumb":{"@id":"https:\/\/idakorea.ee\/product\/cosrx-the-vitamin-c-23-serum\/#breadcrumb"},"inLanguage":"en-US","potentialAction":[{"@type":"ReadAction","target":["https:\/\/idakorea.ee\/product\/cosrx-the-vitamin-c-23-serum\/"]}]},{"@type":"ImageObject","inLanguage":"en-US","@id":"https:\/\/idakorea.ee\/product\/cosrx-the-vitamin-c-23-serum\/#primaryimage","url":"https:\/\/idakorea.ee\/wp-content\/uploads\/2025\/09\/cosrx-the-vitamin-c-23-serum_idakorea.jpg","contentUrl":"https:\/\/idakorea.ee\/wp-content\/uploads\/2025\/09\/cosrx-the-vitamin-c-23-serum_idakorea.jpg","width":1000,"height":1000},{"@type":"BreadcrumbList","@id":"https:\/\/idakorea.ee\/product\/cosrx-the-vitamin-c-23-serum\/#breadcrumb","itemListElement":[{"@type":"ListItem","position":1,"name":"\u0413\u043b\u0430\u0432\u043d\u0430\u044f \u0441\u0442\u0440\u0430\u043d\u0438\u0446\u0430","item":"https:\/\/idakorea.ee\/"},{"@type":"ListItem","position":2,"name":"Shop","item":"https:\/\/idakorea.ee\/shop-2\/"},{"@type":"ListItem","position":3,"name":"Seerum 23% C-vitamiiniga Cosrx The Vitamin C 23 Serum, 20ml EXP 09.2026"}]},{"@type":"WebSite","@id":"https:\/\/idakorea.ee\/#website","url":"https:\/\/idakorea.ee\/","name":"IDA.KOREA","description":"Korean cosmetics e-shop","publisher":{"@id":"https:\/\/idakorea.ee\/#organization"},"alternateName":"Beauty Shop","potentialAction":[{"@type":"SearchAction","target":{"@type":"EntryPoint","urlTemplate":"https:\/\/idakorea.ee\/?s={search_term_string}"},"query-input":{"@type":"PropertyValueSpecification","valueRequired":true,"valueName":"search_term_string"}}],"inLanguage":"en-US"},{"@type":"Organization","@id":"https:\/\/idakorea.ee\/#organization","name":"IDA.KOREA","url":"https:\/\/idakorea.ee\/","logo":{"@type":"ImageObject","inLanguage":"en-US","@id":"https:\/\/idakorea.ee\/#\/schema\/logo\/image\/","url":"https:\/\/idakorea.ee\/wp-content\/uploads\/2024\/05\/cropped-korea3.png","contentUrl":"https:\/\/idakorea.ee\/wp-content\/uploads\/2024\/05\/cropped-korea3.png","width":688,"height":126,"caption":"IDA.KOREA"},"image":{"@id":"https:\/\/idakorea.ee\/#\/schema\/logo\/image\/"},"sameAs":["https:\/\/www.instagram.com\/ida.korea\/"]}]}},"jetpack_sharing_enabled":true,"brands":[{"id":111,"name":"COSRX","slug":"cosrx"}],"_links":{"self":[{"href":"https:\/\/idakorea.ee\/en\/wp-json\/wp\/v2\/product\/15908","targetHints":{"allow":["GET"]}}],"collection":[{"href":"https:\/\/idakorea.ee\/en\/wp-json\/wp\/v2\/product"}],"about":[{"href":"https:\/\/idakorea.ee\/en\/wp-json\/wp\/v2\/types\/product"}],"replies":[{"embeddable":true,"href":"https:\/\/idakorea.ee\/en\/wp-json\/wp\/v2\/comments?post=15908"}],"version-history":[{"count":2,"href":"https:\/\/idakorea.ee\/en\/wp-json\/wp\/v2\/product\/15908\/revisions"}],"predecessor-version":[{"id":18066,"href":"https:\/\/idakorea.ee\/en\/wp-json\/wp\/v2\/product\/15908\/revisions\/18066"}],"wp:featuredmedia":[{"embeddable":true,"href":"https:\/\/idakorea.ee\/en\/wp-json\/wp\/v2\/media\/15909"}],"wp:attachment":[{"href":"https:\/\/idakorea.ee\/en\/wp-json\/wp\/v2\/media?parent=15908"}],"wp:term":[{"taxonomy":"pwb-brand","embeddable":true,"href":"https:\/\/idakorea.ee\/en\/wp-json\/wp\/v2\/pwb-brand?post=15908"},{"taxonomy":"product_brand","embeddable":true,"href":"https:\/\/idakorea.ee\/en\/wp-json\/wp\/v2\/product_brand?post=15908"},{"taxonomy":"product_cat","embeddable":true,"href":"https:\/\/idakorea.ee\/en\/wp-json\/wp\/v2\/product_cat?post=15908"},{"taxonomy":"product_tag","embeddable":true,"href":"https:\/\/idakorea.ee\/en\/wp-json\/wp\/v2\/product_tag?post=15908"}],"curies":[{"name":"wp","href":"https:\/\/api.w.org\/{rel}","templated":true}]}}