{"id":15918,"date":"2025-09-18T14:15:41","date_gmt":"2025-09-18T11:15:41","guid":{"rendered":"https:\/\/idakorea.ee\/?post_type=product&#038;p=15918"},"modified":"2026-01-29T16:15:04","modified_gmt":"2026-01-29T14:15:04","slug":"cosrx-advanced-snail-mucin-glass-glow-hydrogel-mask","status":"publish","type":"product","link":"https:\/\/idakorea.ee\/en\/product\/cosrx-advanced-snail-mucin-glass-glow-hydrogel-mask\/","title":{"rendered":"Hydrogel mask with snail mucin Cosrx Advanced Snail Mucin Glass Glow Hydrogel Mask"},"content":{"rendered":"<p data-start=\"106\" data-end=\"353\">Hydrogel mask with snail slime <strong>Cosrx Advanced Snail Mucin Glass Glow Hydrogel Mask<\/strong> restores skin elasticity and firmness, tones, evens out complexion, reduces puffiness and gives the face a healthy glow. The mask stimulates collagen synthesis, increases skin density, prevents sagging and helps smooth wrinkles.<\/p>\n<p data-start=\"355\" data-end=\"590\">The gel base melts upon contact with skin temperature, allowing the active ingredients to penetrate quickly and deeply and for maximum absorption. The mask intensely moisturizes, eliminates dryness and tightness, softens and soothes irritation.<\/p>\n<p data-start=\"592\" data-end=\"617\"><strong>Main active ingredients<\/strong><\/p>\n<ul data-start=\"618\" data-end=\"1430\">\n<li data-start=\"618\" data-end=\"761\">\n<p data-start=\"620\" data-end=\"761\"><strong data-start=\"620\" data-end=\"637\">To work (25%)<\/strong> \u2013 activates the production of elastin, collagen and fibronectin, accelerates skin regeneration, soothes and reduces inflammation.<\/p>\n<\/li>\n<li data-start=\"762\" data-end=\"896\">\n<p data-start=\"764\" data-end=\"896\"><strong data-start=\"764\" data-end=\"788\">PHA (gluconolactone)<\/strong> \u2013 also suitable for sensitive skin, gently removes dead cells, evens out texture and lightens pigment spots.<\/p>\n<\/li>\n<li data-start=\"897\" data-end=\"1047\">\n<p data-start=\"899\" data-end=\"1047\"><strong data-start=\"899\" data-end=\"935\">Hydrolyzed collagen (200 Da)<\/strong> \u2013 a low molecular form that penetrates deep into the epidermis, smoothes, softens and provides long-lasting hydration.<\/p>\n<\/li>\n<li data-start=\"1048\" data-end=\"1208\">\n<p data-start=\"1050\" data-end=\"1208\"><strong data-start=\"1050\" data-end=\"1076\">5 types of hyaluronic acid<\/strong> \u2013 create a protective layer, accelerate healing and reduce dryness; low molecular weight fractions retain moisture in the cells.<\/p>\n<\/li>\n<li data-start=\"1209\" data-end=\"1319\">\n<p data-start=\"1211\" data-end=\"1319\"><strong data-start=\"1211\" data-end=\"1225\">5 ceramides<\/strong> \u2013 restore the skin&#039;s protective barrier, reduce sensitivity, eliminate dryness and flaking.<\/p>\n<\/li>\n<li data-start=\"1320\" data-end=\"1430\">\n<p data-start=\"1322\" data-end=\"1430\"><strong data-start=\"1322\" data-end=\"1335\">Adenos<\/strong> \u2013 an anti-aging component that stimulates collagen production and improves skin density.<\/p>\n<\/li>\n<\/ul>\n<p data-start=\"1432\" data-end=\"1468\">Suitable for all skin types.<\/p>\n<p data-start=\"1470\" data-end=\"1486\"><strong>Use of<\/strong><\/p>\n<p data-start=\"1487\" data-end=\"1620\">Remove the protective layer from both sides of the mask. After cleansing, toning and serum, apply the mask to your face and remove after 2\u20133 hours.<\/p>","protected":false},"excerpt":{"rendered":"<p>Hydrogel mask with snail slime Cosrx Advanced Snail Mucin Glass Glow Hydrogel Mask restores skin elasticity and firmness, tones, evens out complexion, reduces puffiness and gives the face a healthy glow. The mask stimulates collagen synthesis, increases skin density, prevents sagging and helps smooth wrinkles. The gel base melts upon contact with skin temperature, allowing active ingredients to penetrate quickly and deeply and be absorbed to the maximum. The mask moisturizes intensively,\u2026<\/p>","protected":false},"featured_media":15919,"comment_status":"open","ping_status":"closed","template":"","meta":{"_uf_show_specific_survey":0,"_uf_disable_surveys":false,"_bst_post_transparent":"default","_bst_post_title":"","_bst_post_layout":"default","_bst_post_sidebar_id":"","_bst_post_content_style":"default","_bst_post_vertical_padding":"default","_bst_post_feature":"","_bst_post_feature_position":"","_bst_post_header":false,"_bst_post_footer":false},"pwb-brand":[111],"product_brand":[],"product_cat":[92,98],"product_tag":[799,854,614],"class_list":{"0":"post-15918","1":"product","2":"type-product","3":"status-publish","4":"has-post-thumbnail","6":"pwb-brand-cosrx","7":"product_cat-nagu","8":"product_cat-naomaskid","9":"product_tag-cosrx","10":"product_tag-gel","11":"product_tag-mask","13":"first","14":"instock","15":"sale","16":"shipping-taxable","17":"purchasable","18":"product-type-simple","19":"entry","20":"content-bg","21":"loop-entry"},"supplier_id":null,"supplier_sku":"","barcode":null,"atum_controlled":true,"out_stock_date":null,"out_stock_threshold":null,"inheritable":false,"inbound_stock":0,"stock_on_hold":0,"sold_today":0,"sales_last_days":0,"out_stock_days":0,"lost_sales":0,"has_location":false,"update_date":"2026-04-14T00:05:08","atum_locations":[],"atum_stock_status":"instock","restock_status":false,"low_stock_amount":"","sales_update_date":"2026-04-14T00:05:08","calc_backorders":null,"yoast_head":"<!-- This site is optimized with the Yoast SEO plugin v27.2 - https:\/\/yoast.com\/product\/yoast-seo-wordpress\/ -->\n<title>Cosrx Advanced Snail Mucin Glass Glow Hydrogel Mask - IDA.KOREA<\/title>\n<meta name=\"description\" content=\"\u00dchtlustage oma jumet ja v\u00e4hendage turseid Cosrx Advanced Snail Mucin Glass Glow Hydrogel Maskiga. Nautige kaunist naha s\u00e4ra! Kiire tarne!\" \/>\n<meta name=\"robots\" content=\"index, follow, max-snippet:-1, max-image-preview:large, max-video-preview:-1\" \/>\n<link rel=\"canonical\" href=\"https:\/\/idakorea.ee\/en\/product\/cosrx-advanced-snail-mucin-glass-glow-hydrogel-mask\/\" \/>\n<meta property=\"og:locale\" content=\"en_US\" \/>\n<meta property=\"og:type\" content=\"article\" \/>\n<meta property=\"og:title\" content=\"Cosrx Advanced Snail Mucin Glass Glow Hydrogel Mask - IDA.KOREA\" \/>\n<meta property=\"og:description\" content=\"\u00dchtlustage oma jumet ja v\u00e4hendage turseid Cosrx Advanced Snail Mucin Glass Glow Hydrogel Maskiga. Nautige kaunist naha s\u00e4ra! Kiire tarne!\" \/>\n<meta property=\"og:url\" content=\"https:\/\/idakorea.ee\/en\/product\/cosrx-advanced-snail-mucin-glass-glow-hydrogel-mask\/\" \/>\n<meta property=\"og:site_name\" content=\"IDA.KOREA\" \/>\n<meta property=\"article:modified_time\" content=\"2026-01-29T14:15:04+00:00\" \/>\n<meta property=\"og:image\" content=\"https:\/\/idakorea.ee\/wp-content\/uploads\/2025\/09\/cosrx-advanced-snail-mucin-glass-glow-hydrogel-mask-idakorea.ee_.jpg\" \/>\n\t<meta property=\"og:image:width\" content=\"1000\" \/>\n\t<meta property=\"og:image:height\" content=\"1000\" \/>\n\t<meta property=\"og:image:type\" content=\"image\/jpeg\" \/>\n<meta name=\"twitter:card\" content=\"summary_large_image\" \/>\n<meta name=\"twitter:label1\" content=\"Est. reading time\" \/>\n\t<meta name=\"twitter:data1\" content=\"2 minutes\" \/>\n<script type=\"application\/ld+json\" class=\"yoast-schema-graph\">{\"@context\":\"https:\/\/schema.org\",\"@graph\":[{\"@type\":\"WebPage\",\"@id\":\"https:\/\/idakorea.ee\/product\/cosrx-advanced-snail-mucin-glass-glow-hydrogel-mask\/\",\"url\":\"https:\/\/idakorea.ee\/product\/cosrx-advanced-snail-mucin-glass-glow-hydrogel-mask\/\",\"name\":\"Cosrx Advanced Snail Mucin Glass Glow Hydrogel Mask - IDA.KOREA\",\"isPartOf\":{\"@id\":\"https:\/\/idakorea.ee\/#website\"},\"primaryImageOfPage\":{\"@id\":\"https:\/\/idakorea.ee\/product\/cosrx-advanced-snail-mucin-glass-glow-hydrogel-mask\/#primaryimage\"},\"image\":{\"@id\":\"https:\/\/idakorea.ee\/product\/cosrx-advanced-snail-mucin-glass-glow-hydrogel-mask\/#primaryimage\"},\"thumbnailUrl\":\"https:\/\/idakorea.ee\/wp-content\/uploads\/2025\/09\/cosrx-advanced-snail-mucin-glass-glow-hydrogel-mask-idakorea.ee_.jpg\",\"datePublished\":\"2025-09-18T11:15:41+00:00\",\"dateModified\":\"2026-01-29T14:15:04+00:00\",\"description\":\"\u00dchtlustage oma jumet ja v\u00e4hendage turseid Cosrx Advanced Snail Mucin Glass Glow Hydrogel Maskiga. Nautige kaunist naha s\u00e4ra! Kiire tarne!\",\"breadcrumb\":{\"@id\":\"https:\/\/idakorea.ee\/product\/cosrx-advanced-snail-mucin-glass-glow-hydrogel-mask\/#breadcrumb\"},\"inLanguage\":\"en-US\",\"potentialAction\":[{\"@type\":\"ReadAction\",\"target\":[\"https:\/\/idakorea.ee\/product\/cosrx-advanced-snail-mucin-glass-glow-hydrogel-mask\/\"]}]},{\"@type\":\"ImageObject\",\"inLanguage\":\"en-US\",\"@id\":\"https:\/\/idakorea.ee\/product\/cosrx-advanced-snail-mucin-glass-glow-hydrogel-mask\/#primaryimage\",\"url\":\"https:\/\/idakorea.ee\/wp-content\/uploads\/2025\/09\/cosrx-advanced-snail-mucin-glass-glow-hydrogel-mask-idakorea.ee_.jpg\",\"contentUrl\":\"https:\/\/idakorea.ee\/wp-content\/uploads\/2025\/09\/cosrx-advanced-snail-mucin-glass-glow-hydrogel-mask-idakorea.ee_.jpg\",\"width\":1000,\"height\":1000},{\"@type\":\"BreadcrumbList\",\"@id\":\"https:\/\/idakorea.ee\/product\/cosrx-advanced-snail-mucin-glass-glow-hydrogel-mask\/#breadcrumb\",\"itemListElement\":[{\"@type\":\"ListItem\",\"position\":1,\"name\":\"\u0413\u043b\u0430\u0432\u043d\u0430\u044f \u0441\u0442\u0440\u0430\u043d\u0438\u0446\u0430\",\"item\":\"https:\/\/idakorea.ee\/\"},{\"@type\":\"ListItem\",\"position\":2,\"name\":\"Shop\",\"item\":\"https:\/\/idakorea.ee\/shop-2\/\"},{\"@type\":\"ListItem\",\"position\":3,\"name\":\"H\u00fcdrogeelmask teolimaga Cosrx Advanced Snail Mucin Glass Glow Hydrogel Mask\"}]},{\"@type\":\"WebSite\",\"@id\":\"https:\/\/idakorea.ee\/#website\",\"url\":\"https:\/\/idakorea.ee\/\",\"name\":\"IDA.KOREA\",\"description\":\"Korea kosmeetika e-pood\",\"publisher\":{\"@id\":\"https:\/\/idakorea.ee\/#organization\"},\"alternateName\":\"Beauty Shop\",\"potentialAction\":[{\"@type\":\"SearchAction\",\"target\":{\"@type\":\"EntryPoint\",\"urlTemplate\":\"https:\/\/idakorea.ee\/?s={search_term_string}\"},\"query-input\":{\"@type\":\"PropertyValueSpecification\",\"valueRequired\":true,\"valueName\":\"search_term_string\"}}],\"inLanguage\":\"en-US\"},{\"@type\":\"Organization\",\"@id\":\"https:\/\/idakorea.ee\/#organization\",\"name\":\"IDA.KOREA\",\"url\":\"https:\/\/idakorea.ee\/\",\"logo\":{\"@type\":\"ImageObject\",\"inLanguage\":\"en-US\",\"@id\":\"https:\/\/idakorea.ee\/#\/schema\/logo\/image\/\",\"url\":\"https:\/\/idakorea.ee\/wp-content\/uploads\/2024\/05\/cropped-korea3.png\",\"contentUrl\":\"https:\/\/idakorea.ee\/wp-content\/uploads\/2024\/05\/cropped-korea3.png\",\"width\":688,\"height\":126,\"caption\":\"IDA.KOREA\"},\"image\":{\"@id\":\"https:\/\/idakorea.ee\/#\/schema\/logo\/image\/\"},\"sameAs\":[\"https:\/\/www.instagram.com\/ida.korea\/\"]}]}<\/script>\n<!-- \/ Yoast SEO plugin. -->","yoast_head_json":{"title":"Cosrx Advanced Snail Mucin Glass Glow Hydrogel Mask - IDA.KOREA","description":"Even out your complexion and reduce puffiness with the Cosrx Advanced Snail Mucin Glass Glow Hydrogel Mask. Enjoy beautiful skin radiance! Fast delivery!","robots":{"index":"index","follow":"follow","max-snippet":"max-snippet:-1","max-image-preview":"max-image-preview:large","max-video-preview":"max-video-preview:-1"},"canonical":"https:\/\/idakorea.ee\/en\/product\/cosrx-advanced-snail-mucin-glass-glow-hydrogel-mask\/","og_locale":"en_US","og_type":"article","og_title":"Cosrx Advanced Snail Mucin Glass Glow Hydrogel Mask - IDA.KOREA","og_description":"\u00dchtlustage oma jumet ja v\u00e4hendage turseid Cosrx Advanced Snail Mucin Glass Glow Hydrogel Maskiga. Nautige kaunist naha s\u00e4ra! Kiire tarne!","og_url":"https:\/\/idakorea.ee\/en\/product\/cosrx-advanced-snail-mucin-glass-glow-hydrogel-mask\/","og_site_name":"IDA.KOREA","article_modified_time":"2026-01-29T14:15:04+00:00","og_image":[{"width":1000,"height":1000,"url":"https:\/\/idakorea.ee\/wp-content\/uploads\/2025\/09\/cosrx-advanced-snail-mucin-glass-glow-hydrogel-mask-idakorea.ee_.jpg","type":"image\/jpeg"}],"twitter_card":"summary_large_image","twitter_misc":{"Est. reading time":"2 minutes"},"schema":{"@context":"https:\/\/schema.org","@graph":[{"@type":"WebPage","@id":"https:\/\/idakorea.ee\/product\/cosrx-advanced-snail-mucin-glass-glow-hydrogel-mask\/","url":"https:\/\/idakorea.ee\/product\/cosrx-advanced-snail-mucin-glass-glow-hydrogel-mask\/","name":"Cosrx Advanced Snail Mucin Glass Glow Hydrogel Mask - IDA.KOREA","isPartOf":{"@id":"https:\/\/idakorea.ee\/#website"},"primaryImageOfPage":{"@id":"https:\/\/idakorea.ee\/product\/cosrx-advanced-snail-mucin-glass-glow-hydrogel-mask\/#primaryimage"},"image":{"@id":"https:\/\/idakorea.ee\/product\/cosrx-advanced-snail-mucin-glass-glow-hydrogel-mask\/#primaryimage"},"thumbnailUrl":"https:\/\/idakorea.ee\/wp-content\/uploads\/2025\/09\/cosrx-advanced-snail-mucin-glass-glow-hydrogel-mask-idakorea.ee_.jpg","datePublished":"2025-09-18T11:15:41+00:00","dateModified":"2026-01-29T14:15:04+00:00","description":"Even out your complexion and reduce puffiness with the Cosrx Advanced Snail Mucin Glass Glow Hydrogel Mask. Enjoy beautiful skin radiance! Fast delivery!","breadcrumb":{"@id":"https:\/\/idakorea.ee\/product\/cosrx-advanced-snail-mucin-glass-glow-hydrogel-mask\/#breadcrumb"},"inLanguage":"en-US","potentialAction":[{"@type":"ReadAction","target":["https:\/\/idakorea.ee\/product\/cosrx-advanced-snail-mucin-glass-glow-hydrogel-mask\/"]}]},{"@type":"ImageObject","inLanguage":"en-US","@id":"https:\/\/idakorea.ee\/product\/cosrx-advanced-snail-mucin-glass-glow-hydrogel-mask\/#primaryimage","url":"https:\/\/idakorea.ee\/wp-content\/uploads\/2025\/09\/cosrx-advanced-snail-mucin-glass-glow-hydrogel-mask-idakorea.ee_.jpg","contentUrl":"https:\/\/idakorea.ee\/wp-content\/uploads\/2025\/09\/cosrx-advanced-snail-mucin-glass-glow-hydrogel-mask-idakorea.ee_.jpg","width":1000,"height":1000},{"@type":"BreadcrumbList","@id":"https:\/\/idakorea.ee\/product\/cosrx-advanced-snail-mucin-glass-glow-hydrogel-mask\/#breadcrumb","itemListElement":[{"@type":"ListItem","position":1,"name":"\u0413\u043b\u0430\u0432\u043d\u0430\u044f \u0441\u0442\u0440\u0430\u043d\u0438\u0446\u0430","item":"https:\/\/idakorea.ee\/"},{"@type":"ListItem","position":2,"name":"Shop","item":"https:\/\/idakorea.ee\/shop-2\/"},{"@type":"ListItem","position":3,"name":"H\u00fcdrogeelmask teolimaga Cosrx Advanced Snail Mucin Glass Glow Hydrogel Mask"}]},{"@type":"WebSite","@id":"https:\/\/idakorea.ee\/#website","url":"https:\/\/idakorea.ee\/","name":"IDA.KOREA","description":"Korean cosmetics e-shop","publisher":{"@id":"https:\/\/idakorea.ee\/#organization"},"alternateName":"Beauty Shop","potentialAction":[{"@type":"SearchAction","target":{"@type":"EntryPoint","urlTemplate":"https:\/\/idakorea.ee\/?s={search_term_string}"},"query-input":{"@type":"PropertyValueSpecification","valueRequired":true,"valueName":"search_term_string"}}],"inLanguage":"en-US"},{"@type":"Organization","@id":"https:\/\/idakorea.ee\/#organization","name":"IDA.KOREA","url":"https:\/\/idakorea.ee\/","logo":{"@type":"ImageObject","inLanguage":"en-US","@id":"https:\/\/idakorea.ee\/#\/schema\/logo\/image\/","url":"https:\/\/idakorea.ee\/wp-content\/uploads\/2024\/05\/cropped-korea3.png","contentUrl":"https:\/\/idakorea.ee\/wp-content\/uploads\/2024\/05\/cropped-korea3.png","width":688,"height":126,"caption":"IDA.KOREA"},"image":{"@id":"https:\/\/idakorea.ee\/#\/schema\/logo\/image\/"},"sameAs":["https:\/\/www.instagram.com\/ida.korea\/"]}]}},"jetpack_sharing_enabled":true,"brands":[{"id":111,"name":"COSRX","slug":"cosrx"}],"_links":{"self":[{"href":"https:\/\/idakorea.ee\/en\/wp-json\/wp\/v2\/product\/15918","targetHints":{"allow":["GET"]}}],"collection":[{"href":"https:\/\/idakorea.ee\/en\/wp-json\/wp\/v2\/product"}],"about":[{"href":"https:\/\/idakorea.ee\/en\/wp-json\/wp\/v2\/types\/product"}],"replies":[{"embeddable":true,"href":"https:\/\/idakorea.ee\/en\/wp-json\/wp\/v2\/comments?post=15918"}],"version-history":[{"count":1,"href":"https:\/\/idakorea.ee\/en\/wp-json\/wp\/v2\/product\/15918\/revisions"}],"predecessor-version":[{"id":15922,"href":"https:\/\/idakorea.ee\/en\/wp-json\/wp\/v2\/product\/15918\/revisions\/15922"}],"wp:featuredmedia":[{"embeddable":true,"href":"https:\/\/idakorea.ee\/en\/wp-json\/wp\/v2\/media\/15919"}],"wp:attachment":[{"href":"https:\/\/idakorea.ee\/en\/wp-json\/wp\/v2\/media?parent=15918"}],"wp:term":[{"taxonomy":"pwb-brand","embeddable":true,"href":"https:\/\/idakorea.ee\/en\/wp-json\/wp\/v2\/pwb-brand?post=15918"},{"taxonomy":"product_brand","embeddable":true,"href":"https:\/\/idakorea.ee\/en\/wp-json\/wp\/v2\/product_brand?post=15918"},{"taxonomy":"product_cat","embeddable":true,"href":"https:\/\/idakorea.ee\/en\/wp-json\/wp\/v2\/product_cat?post=15918"},{"taxonomy":"product_tag","embeddable":true,"href":"https:\/\/idakorea.ee\/en\/wp-json\/wp\/v2\/product_tag?post=15918"}],"curies":[{"name":"wp","href":"https:\/\/api.w.org\/{rel}","templated":true}]}}