{"id":15948,"date":"2025-09-23T12:15:56","date_gmt":"2025-09-23T09:15:56","guid":{"rendered":"https:\/\/idakorea.ee\/?post_type=product&#038;p=15948"},"modified":"2026-04-12T09:25:28","modified_gmt":"2026-04-12T07:25:28","slug":"celimax-dual-barrier-purifying-cleansing-balm","status":"publish","type":"product","link":"https:\/\/idakorea.ee\/en\/product\/celimax-dual-barrier-purifying-cleansing-balm\/","title":{"rendered":"Gentle hydrophilic cleansing balm Celimax Dual Barrier Purifying Cleansing Balm, 50ml"},"content":{"rendered":"<p data-start=\"105\" data-end=\"247\">Popular Korean brand<strong data-start=\"105\" data-end=\"166\"> Celimax <\/strong>hydrophilic balm <strong>Dual Barrier Purifying Cleansing Balm<\/strong> ensures gentle and delicate skin cleansing without causing dryness and irritation.<\/p>\n<p data-start=\"249\" data-end=\"473\">Special hygienic <em data-start=\"274\" data-end=\"283\">grinder<\/em>-mechanism allows you to get exactly the right amount of product without dirt, air or fingers coming into contact with the packaging. The lid \u201ccuts\u201d out a small amount of balm when you turn it.<\/p>\n<p data-start=\"475\" data-end=\"809\">The balm also effectively removes permanent make-up, foundation, sunscreen and all traces of dirt. It absorbs excess sebum, dissolves blackheads and sebum threads, normalizes seboregulation processes, soothes the skin and reduces inflammation and irritation.<\/p>\n<h3 data-start=\"811\" data-end=\"836\">Main active ingredients<\/h3>\n<ul data-start=\"837\" data-end=\"1471\">\n<li data-start=\"837\" data-end=\"1044\">\n<p data-start=\"839\" data-end=\"1044\"><strong data-start=\"839\" data-end=\"854\">5 ceramides<\/strong> \u2013 lipids that are similar to the skin&#039;s own lipids; strengthen the protective barrier and reduce the skin&#039;s reactivity to external irritants (temperature changes, wind, sun, heat, cold).<\/p>\n<\/li>\n<li data-start=\"1045\" data-end=\"1167\">\n<p data-start=\"1047\" data-end=\"1167\"><strong data-start=\"1047\" data-end=\"1074\">Panthenol (vitamin B5)<\/strong> \u2013 accelerates healing and recovery, reduces redness and prevents moisture evaporation.<\/p>\n<\/li>\n<li data-start=\"1168\" data-end=\"1324\">\n<p data-start=\"1170\" data-end=\"1324\"><strong data-start=\"1170\" data-end=\"1197\">Hydrolyzed lecithin<\/strong> \u2013 strengthens epidermal cells and fibers, promotes nutrient absorption, protects the skin from free radicals and UV radiation.<\/p>\n<\/li>\n<li data-start=\"1325\" data-end=\"1471\">\n<p data-start=\"1327\" data-end=\"1471\"><strong data-start=\"1327\" data-end=\"1354\">Tocopherol (vitamin E)<\/strong> \u2013 an antioxidant that protects skin lipids from oxidation, slows down aging, and supplies the skin with vitamins.<\/p>\n<\/li>\n<\/ul>\n<p data-start=\"1473\" data-end=\"1489\">Suitable for all skin types, including dry and sensitive skin.<\/p>\n<p data-start=\"1473\" data-end=\"1489\"><strong>Use of<\/strong><\/p>\n<p data-start=\"1490\" data-end=\"1660\">Twist the cap to release the required amount of balm. Apply to dry skin directly over makeup, massage in circular motions and rinse with water. Then wash your face with a cleansing foam.<\/p>","protected":false},"excerpt":{"rendered":"<p>The hydrophilic balm Dual Barrier Purifying Cleansing Balm from the popular Korean brand Celimax ensures gentle and delicate skin cleansing without causing dryness and irritation. A special hygienic grinder mechanism allows you to get exactly the right amount of product without dirt, air or fingers coming into contact with the package. The lid seems to \u201ccut\u201d a small amount of balm out when you turn it. The balm also effectively removes permanent makeup,\u2026<\/p>","protected":false},"featured_media":15950,"comment_status":"open","ping_status":"closed","template":"","meta":{"_uf_show_specific_survey":0,"_uf_disable_surveys":false,"_bst_post_transparent":"default","_bst_post_title":"","_bst_post_layout":"default","_bst_post_sidebar_id":"","_bst_post_content_style":"default","_bst_post_vertical_padding":"default","_bst_post_feature":"","_bst_post_feature_position":"","_bst_post_header":false,"_bst_post_footer":false},"pwb-brand":[885],"product_brand":[],"product_cat":[92,452,100],"product_tag":[917,886],"class_list":{"0":"post-15948","1":"product","2":"type-product","3":"status-publish","4":"has-post-thumbnail","6":"pwb-brand-celimax","7":"product_cat-nagu","8":"product_cat-naopuhastusgeelid","9":"product_cat-puhastusvahendid","10":"product_tag-balm","11":"product_tag-celimax","13":"first","14":"instock","15":"sale","16":"shipping-taxable","17":"purchasable","18":"product-type-simple","19":"entry","20":"content-bg","21":"loop-entry"},"supplier_id":null,"supplier_sku":"","barcode":null,"atum_controlled":true,"out_stock_date":null,"out_stock_threshold":null,"inheritable":false,"inbound_stock":0,"stock_on_hold":0,"sold_today":0,"sales_last_days":1,"out_stock_days":0,"lost_sales":0,"has_location":false,"update_date":"2026-04-14T09:50:03","atum_locations":[],"atum_stock_status":"instock","restock_status":false,"low_stock_amount":"","sales_update_date":"2026-04-14T09:50:03","calc_backorders":null,"yoast_head":"<!-- This site is optimized with the Yoast SEO plugin v27.2 - https:\/\/yoast.com\/product\/yoast-seo-wordpress\/ -->\n<title>Celimax Dual Barrier Purifying Cleansing Balm - IDA.KOREA<\/title>\n<meta name=\"description\" content=\"Celimax \u00f5rn h\u00fcdrofiilne puhastusbalsam tagab p\u00f5hjaliku, kuid \u00f5rna naha puhastuse. Balsam eemaldab ka veekindla meigi, imab liigset rasu, lahustab mustpead.\" \/>\n<meta name=\"robots\" content=\"index, follow, max-snippet:-1, max-image-preview:large, max-video-preview:-1\" \/>\n<link rel=\"canonical\" href=\"https:\/\/idakorea.ee\/en\/product\/celimax-dual-barrier-purifying-cleansing-balm\/\" \/>\n<meta property=\"og:locale\" content=\"en_US\" \/>\n<meta property=\"og:type\" content=\"article\" \/>\n<meta property=\"og:title\" content=\"Celimax Dual Barrier Purifying Cleansing Balm - IDA.KOREA\" \/>\n<meta property=\"og:description\" content=\"Celimax \u00f5rn h\u00fcdrofiilne puhastusbalsam tagab p\u00f5hjaliku, kuid \u00f5rna naha puhastuse. Balsam eemaldab ka veekindla meigi, imab liigset rasu, lahustab mustpead.\" \/>\n<meta property=\"og:url\" content=\"https:\/\/idakorea.ee\/en\/product\/celimax-dual-barrier-purifying-cleansing-balm\/\" \/>\n<meta property=\"og:site_name\" content=\"IDA.KOREA\" \/>\n<meta property=\"article:modified_time\" content=\"2026-04-12T07:25:28+00:00\" \/>\n<meta property=\"og:image\" content=\"https:\/\/idakorea.ee\/wp-content\/uploads\/2025\/09\/celimax-dual-barrier-purifying-cleansing-balm-idakorea.webp\" \/>\n\t<meta property=\"og:image:width\" content=\"800\" \/>\n\t<meta property=\"og:image:height\" content=\"800\" \/>\n\t<meta property=\"og:image:type\" content=\"image\/webp\" \/>\n<meta name=\"twitter:card\" content=\"summary_large_image\" \/>\n<meta name=\"twitter:label1\" content=\"Est. reading time\" \/>\n\t<meta name=\"twitter:data1\" content=\"2 minutes\" \/>\n<script type=\"application\/ld+json\" class=\"yoast-schema-graph\">{\"@context\":\"https:\/\/schema.org\",\"@graph\":[{\"@type\":\"WebPage\",\"@id\":\"https:\/\/idakorea.ee\/product\/celimax-dual-barrier-purifying-cleansing-balm\/\",\"url\":\"https:\/\/idakorea.ee\/product\/celimax-dual-barrier-purifying-cleansing-balm\/\",\"name\":\"Celimax Dual Barrier Purifying Cleansing Balm - IDA.KOREA\",\"isPartOf\":{\"@id\":\"https:\/\/idakorea.ee\/#website\"},\"primaryImageOfPage\":{\"@id\":\"https:\/\/idakorea.ee\/product\/celimax-dual-barrier-purifying-cleansing-balm\/#primaryimage\"},\"image\":{\"@id\":\"https:\/\/idakorea.ee\/product\/celimax-dual-barrier-purifying-cleansing-balm\/#primaryimage\"},\"thumbnailUrl\":\"https:\/\/idakorea.ee\/wp-content\/uploads\/2025\/09\/celimax-dual-barrier-purifying-cleansing-balm-idakorea.webp\",\"datePublished\":\"2025-09-23T09:15:56+00:00\",\"dateModified\":\"2026-04-12T07:25:28+00:00\",\"description\":\"Celimax \u00f5rn h\u00fcdrofiilne puhastusbalsam tagab p\u00f5hjaliku, kuid \u00f5rna naha puhastuse. Balsam eemaldab ka veekindla meigi, imab liigset rasu, lahustab mustpead.\",\"breadcrumb\":{\"@id\":\"https:\/\/idakorea.ee\/product\/celimax-dual-barrier-purifying-cleansing-balm\/#breadcrumb\"},\"inLanguage\":\"en-US\",\"potentialAction\":[{\"@type\":\"ReadAction\",\"target\":[\"https:\/\/idakorea.ee\/product\/celimax-dual-barrier-purifying-cleansing-balm\/\"]}]},{\"@type\":\"ImageObject\",\"inLanguage\":\"en-US\",\"@id\":\"https:\/\/idakorea.ee\/product\/celimax-dual-barrier-purifying-cleansing-balm\/#primaryimage\",\"url\":\"https:\/\/idakorea.ee\/wp-content\/uploads\/2025\/09\/celimax-dual-barrier-purifying-cleansing-balm-idakorea.webp\",\"contentUrl\":\"https:\/\/idakorea.ee\/wp-content\/uploads\/2025\/09\/celimax-dual-barrier-purifying-cleansing-balm-idakorea.webp\",\"width\":800,\"height\":800},{\"@type\":\"BreadcrumbList\",\"@id\":\"https:\/\/idakorea.ee\/product\/celimax-dual-barrier-purifying-cleansing-balm\/#breadcrumb\",\"itemListElement\":[{\"@type\":\"ListItem\",\"position\":1,\"name\":\"\u0413\u043b\u0430\u0432\u043d\u0430\u044f \u0441\u0442\u0440\u0430\u043d\u0438\u0446\u0430\",\"item\":\"https:\/\/idakorea.ee\/\"},{\"@type\":\"ListItem\",\"position\":2,\"name\":\"Shop\",\"item\":\"https:\/\/idakorea.ee\/shop-2\/\"},{\"@type\":\"ListItem\",\"position\":3,\"name\":\"\u00d5rn h\u00fcdrofiilne puhastusbalsam Celimax Dual Barrier Purifying Cleansing Balm, 50ml\"}]},{\"@type\":\"WebSite\",\"@id\":\"https:\/\/idakorea.ee\/#website\",\"url\":\"https:\/\/idakorea.ee\/\",\"name\":\"IDA.KOREA\",\"description\":\"Korea kosmeetika e-pood\",\"publisher\":{\"@id\":\"https:\/\/idakorea.ee\/#organization\"},\"alternateName\":\"Beauty Shop\",\"potentialAction\":[{\"@type\":\"SearchAction\",\"target\":{\"@type\":\"EntryPoint\",\"urlTemplate\":\"https:\/\/idakorea.ee\/?s={search_term_string}\"},\"query-input\":{\"@type\":\"PropertyValueSpecification\",\"valueRequired\":true,\"valueName\":\"search_term_string\"}}],\"inLanguage\":\"en-US\"},{\"@type\":\"Organization\",\"@id\":\"https:\/\/idakorea.ee\/#organization\",\"name\":\"IDA.KOREA\",\"url\":\"https:\/\/idakorea.ee\/\",\"logo\":{\"@type\":\"ImageObject\",\"inLanguage\":\"en-US\",\"@id\":\"https:\/\/idakorea.ee\/#\/schema\/logo\/image\/\",\"url\":\"https:\/\/idakorea.ee\/wp-content\/uploads\/2024\/05\/cropped-korea3.png\",\"contentUrl\":\"https:\/\/idakorea.ee\/wp-content\/uploads\/2024\/05\/cropped-korea3.png\",\"width\":688,\"height\":126,\"caption\":\"IDA.KOREA\"},\"image\":{\"@id\":\"https:\/\/idakorea.ee\/#\/schema\/logo\/image\/\"},\"sameAs\":[\"https:\/\/www.instagram.com\/ida.korea\/\"]}]}<\/script>\n<!-- \/ Yoast SEO plugin. -->","yoast_head_json":{"title":"Celimax Dual Barrier Purifying Cleansing Balm - IDA.KOREA","description":"Celimax Gentle Hydrophilic Cleansing Balm ensures thorough, yet gentle skin cleansing. The balm also removes waterproof makeup, absorbs excess sebum, and dissolves blackheads.","robots":{"index":"index","follow":"follow","max-snippet":"max-snippet:-1","max-image-preview":"max-image-preview:large","max-video-preview":"max-video-preview:-1"},"canonical":"https:\/\/idakorea.ee\/en\/product\/celimax-dual-barrier-purifying-cleansing-balm\/","og_locale":"en_US","og_type":"article","og_title":"Celimax Dual Barrier Purifying Cleansing Balm - IDA.KOREA","og_description":"Celimax \u00f5rn h\u00fcdrofiilne puhastusbalsam tagab p\u00f5hjaliku, kuid \u00f5rna naha puhastuse. Balsam eemaldab ka veekindla meigi, imab liigset rasu, lahustab mustpead.","og_url":"https:\/\/idakorea.ee\/en\/product\/celimax-dual-barrier-purifying-cleansing-balm\/","og_site_name":"IDA.KOREA","article_modified_time":"2026-04-12T07:25:28+00:00","og_image":[{"width":800,"height":800,"url":"https:\/\/idakorea.ee\/wp-content\/uploads\/2025\/09\/celimax-dual-barrier-purifying-cleansing-balm-idakorea.webp","type":"image\/webp"}],"twitter_card":"summary_large_image","twitter_misc":{"Est. reading time":"2 minutes"},"schema":{"@context":"https:\/\/schema.org","@graph":[{"@type":"WebPage","@id":"https:\/\/idakorea.ee\/product\/celimax-dual-barrier-purifying-cleansing-balm\/","url":"https:\/\/idakorea.ee\/product\/celimax-dual-barrier-purifying-cleansing-balm\/","name":"Celimax Dual Barrier Purifying Cleansing Balm - IDA.KOREA","isPartOf":{"@id":"https:\/\/idakorea.ee\/#website"},"primaryImageOfPage":{"@id":"https:\/\/idakorea.ee\/product\/celimax-dual-barrier-purifying-cleansing-balm\/#primaryimage"},"image":{"@id":"https:\/\/idakorea.ee\/product\/celimax-dual-barrier-purifying-cleansing-balm\/#primaryimage"},"thumbnailUrl":"https:\/\/idakorea.ee\/wp-content\/uploads\/2025\/09\/celimax-dual-barrier-purifying-cleansing-balm-idakorea.webp","datePublished":"2025-09-23T09:15:56+00:00","dateModified":"2026-04-12T07:25:28+00:00","description":"Celimax Gentle Hydrophilic Cleansing Balm ensures thorough, yet gentle skin cleansing. The balm also removes waterproof makeup, absorbs excess sebum, and dissolves blackheads.","breadcrumb":{"@id":"https:\/\/idakorea.ee\/product\/celimax-dual-barrier-purifying-cleansing-balm\/#breadcrumb"},"inLanguage":"en-US","potentialAction":[{"@type":"ReadAction","target":["https:\/\/idakorea.ee\/product\/celimax-dual-barrier-purifying-cleansing-balm\/"]}]},{"@type":"ImageObject","inLanguage":"en-US","@id":"https:\/\/idakorea.ee\/product\/celimax-dual-barrier-purifying-cleansing-balm\/#primaryimage","url":"https:\/\/idakorea.ee\/wp-content\/uploads\/2025\/09\/celimax-dual-barrier-purifying-cleansing-balm-idakorea.webp","contentUrl":"https:\/\/idakorea.ee\/wp-content\/uploads\/2025\/09\/celimax-dual-barrier-purifying-cleansing-balm-idakorea.webp","width":800,"height":800},{"@type":"BreadcrumbList","@id":"https:\/\/idakorea.ee\/product\/celimax-dual-barrier-purifying-cleansing-balm\/#breadcrumb","itemListElement":[{"@type":"ListItem","position":1,"name":"\u0413\u043b\u0430\u0432\u043d\u0430\u044f \u0441\u0442\u0440\u0430\u043d\u0438\u0446\u0430","item":"https:\/\/idakorea.ee\/"},{"@type":"ListItem","position":2,"name":"Shop","item":"https:\/\/idakorea.ee\/shop-2\/"},{"@type":"ListItem","position":3,"name":"\u00d5rn h\u00fcdrofiilne puhastusbalsam Celimax Dual Barrier Purifying Cleansing Balm, 50ml"}]},{"@type":"WebSite","@id":"https:\/\/idakorea.ee\/#website","url":"https:\/\/idakorea.ee\/","name":"IDA.KOREA","description":"Korean cosmetics e-shop","publisher":{"@id":"https:\/\/idakorea.ee\/#organization"},"alternateName":"Beauty Shop","potentialAction":[{"@type":"SearchAction","target":{"@type":"EntryPoint","urlTemplate":"https:\/\/idakorea.ee\/?s={search_term_string}"},"query-input":{"@type":"PropertyValueSpecification","valueRequired":true,"valueName":"search_term_string"}}],"inLanguage":"en-US"},{"@type":"Organization","@id":"https:\/\/idakorea.ee\/#organization","name":"IDA.KOREA","url":"https:\/\/idakorea.ee\/","logo":{"@type":"ImageObject","inLanguage":"en-US","@id":"https:\/\/idakorea.ee\/#\/schema\/logo\/image\/","url":"https:\/\/idakorea.ee\/wp-content\/uploads\/2024\/05\/cropped-korea3.png","contentUrl":"https:\/\/idakorea.ee\/wp-content\/uploads\/2024\/05\/cropped-korea3.png","width":688,"height":126,"caption":"IDA.KOREA"},"image":{"@id":"https:\/\/idakorea.ee\/#\/schema\/logo\/image\/"},"sameAs":["https:\/\/www.instagram.com\/ida.korea\/"]}]}},"jetpack_sharing_enabled":true,"brands":[{"id":885,"name":"CELIMAX","slug":"celimax"}],"_links":{"self":[{"href":"https:\/\/idakorea.ee\/en\/wp-json\/wp\/v2\/product\/15948","targetHints":{"allow":["GET"]}}],"collection":[{"href":"https:\/\/idakorea.ee\/en\/wp-json\/wp\/v2\/product"}],"about":[{"href":"https:\/\/idakorea.ee\/en\/wp-json\/wp\/v2\/types\/product"}],"replies":[{"embeddable":true,"href":"https:\/\/idakorea.ee\/en\/wp-json\/wp\/v2\/comments?post=15948"}],"version-history":[{"count":2,"href":"https:\/\/idakorea.ee\/en\/wp-json\/wp\/v2\/product\/15948\/revisions"}],"predecessor-version":[{"id":17466,"href":"https:\/\/idakorea.ee\/en\/wp-json\/wp\/v2\/product\/15948\/revisions\/17466"}],"wp:featuredmedia":[{"embeddable":true,"href":"https:\/\/idakorea.ee\/en\/wp-json\/wp\/v2\/media\/15950"}],"wp:attachment":[{"href":"https:\/\/idakorea.ee\/en\/wp-json\/wp\/v2\/media?parent=15948"}],"wp:term":[{"taxonomy":"pwb-brand","embeddable":true,"href":"https:\/\/idakorea.ee\/en\/wp-json\/wp\/v2\/pwb-brand?post=15948"},{"taxonomy":"product_brand","embeddable":true,"href":"https:\/\/idakorea.ee\/en\/wp-json\/wp\/v2\/product_brand?post=15948"},{"taxonomy":"product_cat","embeddable":true,"href":"https:\/\/idakorea.ee\/en\/wp-json\/wp\/v2\/product_cat?post=15948"},{"taxonomy":"product_tag","embeddable":true,"href":"https:\/\/idakorea.ee\/en\/wp-json\/wp\/v2\/product_tag?post=15948"}],"curies":[{"name":"wp","href":"https:\/\/api.w.org\/{rel}","templated":true}]}}