{"id":15962,"date":"2025-09-25T14:57:23","date_gmt":"2025-09-25T11:57:23","guid":{"rendered":"https:\/\/idakorea.ee\/?post_type=product&#038;p=15962"},"modified":"2026-03-28T11:22:01","modified_gmt":"2026-03-28T09:22:01","slug":"modelleeriv-kreem-dr-althea-rapid-firm-sculpting-cream-45ml","status":"publish","type":"product","link":"https:\/\/idakorea.ee\/en\/product\/modelleeriv-kreem-dr-althea-rapid-firm-sculpting-cream-45ml\/","title":{"rendered":"Dr. Althea Rapid Firm Sculpting Cream, 45ml"},"content":{"rendered":"<p data-start=\"36\" data-end=\"297\">Modeling cream<strong data-start=\"36\" data-end=\"95\"> Dr. Althea Rapid Firm Sculpting Cream<\/strong> Helps smooth out wrinkles and reduce the depth of wrinkles, has a lifting effect, increases elasticity and turgor. Strengthens the skin&#039;s protective functions, restores hydrolipidic balance and prevents dehydration.<\/p>\n<p data-start=\"299\" data-end=\"545\">The cream triggers the synthesis of collagen and elastin fibers, prevents sagging skin (ptosis) and slows down the aging process. It has strong antioxidant activity, provides photoprotective effects, eliminates dullness and restores a healthy glow to the face.<\/p>\n<p data-start=\"547\" data-end=\"702\">The cream has a stretchy texture, spreads easily and absorbs quickly. The vegan formula is certified by Korea Vegan\u00ae and does not contain any ingredients of animal origin.<\/p>\n<p data-start=\"704\" data-end=\"730\"><strong data-start=\"704\" data-end=\"728\">Main active ingredients:<\/strong><\/p>\n<ul data-start=\"731\" data-end=\"2102\">\n<li data-start=\"731\" data-end=\"888\">\n<p data-start=\"733\" data-end=\"888\"><strong data-start=\"733\" data-end=\"770\">Argireline (Acetyl Hexapeptide-8)<\/strong> \u2013 a peptide with botulinum-like effects that helps relax facial muscles, preventing the formation of expression lines and skin folds.<\/p>\n<\/li>\n<li data-start=\"889\" data-end=\"1096\">\n<p data-start=\"891\" data-end=\"1096\"><strong data-start=\"891\" data-end=\"932\">Copper Tripeptide-1<\/strong> \u2013 increases collagen and elastin synthesis, makes the skin stronger and more elastic, has anti-inflammatory and antioxidant effects, and reduces the visibility of wrinkles.<\/p>\n<\/li>\n<li data-start=\"1097\" data-end=\"1322\">\n<p data-start=\"1099\" data-end=\"1322\"><strong data-start=\"1099\" data-end=\"1112\">Idebenone<\/strong> \u2013 antioxidant, synthetic analogue of coenzyme Q10, whose particles are smaller and more easily penetrate the skin due to its hydrophilic form. Slows down lipid oxidation and protects cell membranes from damage.<\/p>\n<\/li>\n<li data-start=\"1323\" data-end=\"1481\">\n<p data-start=\"1325\" data-end=\"1481\"><strong data-start=\"1325\" data-end=\"1353\">Coenzyme Q10 (ubiquinone)<\/strong> \u2013 an antioxidant that slows down photoaging and the formation of wrinkles, accelerates regeneration and protects cells from degradation.<\/p>\n<\/li>\n<li data-start=\"1482\" data-end=\"1747\">\n<p data-start=\"1484\" data-end=\"1747\"><strong data-start=\"1484\" data-end=\"1519\">6 different forms of hyaluronic acid<\/strong> with different molecular weights: high molecular weight particles restore the skin&#039;s protective barrier, accelerate healing and reduce flaking; low molecular weight particles penetrate deeper and prevent moisture loss at the cellular level.<\/p>\n<\/li>\n<li data-start=\"1748\" data-end=\"1923\">\n<p data-start=\"1750\" data-end=\"1923\"><strong data-start=\"1750\" data-end=\"1772\">Collagen (200 Da)<\/strong> \u2013 with a very low molecular weight, penetrates deep into the epidermis, softens, improves microrelief, provides long-lasting hydration and helps smooth wrinkles.<\/p>\n<\/li>\n<li data-start=\"1924\" data-end=\"2102\">\n<p data-start=\"1926\" data-end=\"2102\"><strong data-start=\"1926\" data-end=\"1941\">Amino acids<\/strong> \u2013 stimulate the production of your own collagen and elastin, increase skin elasticity and strength, help smooth fine wrinkles and slow down the aging process.<\/p>\n<\/li>\n<\/ul>\n<p data-start=\"2104\" data-end=\"2136\">Suitable for all skin types.<\/p>\n<p data-start=\"2138\" data-end=\"2255\"><strong data-start=\"2138\" data-end=\"2153\">Usage:<\/strong> After cleansing, toning and serum, apply the cream to your face and spread evenly over your skin.<\/p>","protected":false},"excerpt":{"rendered":"<p>Modeling cream Dr. Althea Rapid Firm Sculpting Cream helps smooth out wrinkles and reduce the depth of wrinkles, has a lifting effect, increases elasticity and turgor. Strengthens the skin&#039;s protective functions, restores hydrolipidic balance and prevents dehydration. The cream triggers the synthesis of collagen and elastin fibers, prevents sagging skin (ptosis) and slows down aging processes. Has strong antioxidant activity, provides photoprotective effect, eliminates dullness and restores\u2026<\/p>","protected":false},"featured_media":15963,"comment_status":"open","ping_status":"closed","template":"","meta":{"_uf_show_specific_survey":0,"_uf_disable_surveys":false,"_bst_post_transparent":"default","_bst_post_title":"","_bst_post_layout":"default","_bst_post_sidebar_id":"","_bst_post_content_style":"default","_bst_post_vertical_padding":"default","_bst_post_feature":"","_bst_post_feature_position":"","_bst_post_header":false,"_bst_post_footer":false},"pwb-brand":[480],"product_brand":[],"product_cat":[92,96],"product_tag":[],"class_list":{"0":"post-15962","1":"product","2":"type-product","3":"status-publish","4":"has-post-thumbnail","6":"pwb-brand-dr-althea","7":"product_cat-nagu","8":"product_cat-naokreemid","10":"first","11":"outofstock","12":"sale","13":"shipping-taxable","14":"purchasable","15":"product-type-simple","16":"entry","17":"content-bg","18":"loop-entry"},"supplier_id":null,"supplier_sku":"","barcode":null,"atum_controlled":true,"out_stock_date":"2026-03-28 11:22:01","out_stock_threshold":null,"inheritable":false,"inbound_stock":0,"stock_on_hold":0,"sold_today":0,"sales_last_days":1,"out_stock_days":16,"lost_sales":66,"has_location":false,"update_date":"2026-04-14T00:05:12","atum_locations":[],"atum_stock_status":"outofstock","restock_status":false,"low_stock_amount":"","sales_update_date":"2026-04-14T00:05:12","calc_backorders":null,"yoast_head":"<!-- This site is optimized with the Yoast SEO plugin v27.2 - https:\/\/yoast.com\/product\/yoast-seo-wordpress\/ -->\n<title>Dr. Althea Rapid Firm Sculpting Cream - IDA.KOREA<\/title>\n<meta name=\"description\" content=\"Modelleeriv kreem Dr. Althea silub ja v\u00e4hendab kortse, pinguldab nahka, taastab elastsuse ja s\u00e4ra. Vegan-koostis, tugev antioks\u00fcdantne kaitse.\" \/>\n<meta name=\"robots\" content=\"index, follow, max-snippet:-1, max-image-preview:large, max-video-preview:-1\" \/>\n<link rel=\"canonical\" href=\"https:\/\/idakorea.ee\/en\/product\/modelleeriv-kreem-dr-althea-rapid-firm-sculpting-cream-45ml\/\" \/>\n<meta property=\"og:locale\" content=\"en_US\" \/>\n<meta property=\"og:type\" content=\"article\" \/>\n<meta property=\"og:title\" content=\"Dr. Althea Rapid Firm Sculpting Cream - IDA.KOREA\" \/>\n<meta property=\"og:description\" content=\"Modelleeriv kreem Dr. Althea silub ja v\u00e4hendab kortse, pinguldab nahka, taastab elastsuse ja s\u00e4ra. Vegan-koostis, tugev antioks\u00fcdantne kaitse.\" \/>\n<meta property=\"og:url\" content=\"https:\/\/idakorea.ee\/en\/product\/modelleeriv-kreem-dr-althea-rapid-firm-sculpting-cream-45ml\/\" \/>\n<meta property=\"og:site_name\" content=\"IDA.KOREA\" \/>\n<meta property=\"article:modified_time\" content=\"2026-03-28T09:22:01+00:00\" \/>\n<meta property=\"og:image\" content=\"https:\/\/idakorea.ee\/wp-content\/uploads\/2025\/09\/dr.-althea-rapid-firm-sculpting-cream-idakorea.jpg\" \/>\n\t<meta property=\"og:image:width\" content=\"1000\" \/>\n\t<meta property=\"og:image:height\" content=\"1000\" \/>\n\t<meta property=\"og:image:type\" content=\"image\/jpeg\" \/>\n<meta name=\"twitter:card\" content=\"summary_large_image\" \/>\n<meta name=\"twitter:label1\" content=\"Est. reading time\" \/>\n\t<meta name=\"twitter:data1\" content=\"2 minutes\" \/>\n<script type=\"application\/ld+json\" class=\"yoast-schema-graph\">{\"@context\":\"https:\/\/schema.org\",\"@graph\":[{\"@type\":\"WebPage\",\"@id\":\"https:\/\/idakorea.ee\/product\/modelleeriv-kreem-dr-althea-rapid-firm-sculpting-cream-45ml\/\",\"url\":\"https:\/\/idakorea.ee\/product\/modelleeriv-kreem-dr-althea-rapid-firm-sculpting-cream-45ml\/\",\"name\":\"Dr. Althea Rapid Firm Sculpting Cream - IDA.KOREA\",\"isPartOf\":{\"@id\":\"https:\/\/idakorea.ee\/#website\"},\"primaryImageOfPage\":{\"@id\":\"https:\/\/idakorea.ee\/product\/modelleeriv-kreem-dr-althea-rapid-firm-sculpting-cream-45ml\/#primaryimage\"},\"image\":{\"@id\":\"https:\/\/idakorea.ee\/product\/modelleeriv-kreem-dr-althea-rapid-firm-sculpting-cream-45ml\/#primaryimage\"},\"thumbnailUrl\":\"https:\/\/idakorea.ee\/wp-content\/uploads\/2025\/09\/dr.-althea-rapid-firm-sculpting-cream-idakorea.jpg\",\"datePublished\":\"2025-09-25T11:57:23+00:00\",\"dateModified\":\"2026-03-28T09:22:01+00:00\",\"description\":\"Modelleeriv kreem Dr. Althea silub ja v\u00e4hendab kortse, pinguldab nahka, taastab elastsuse ja s\u00e4ra. Vegan-koostis, tugev antioks\u00fcdantne kaitse.\",\"breadcrumb\":{\"@id\":\"https:\/\/idakorea.ee\/product\/modelleeriv-kreem-dr-althea-rapid-firm-sculpting-cream-45ml\/#breadcrumb\"},\"inLanguage\":\"en-US\",\"potentialAction\":[{\"@type\":\"ReadAction\",\"target\":[\"https:\/\/idakorea.ee\/product\/modelleeriv-kreem-dr-althea-rapid-firm-sculpting-cream-45ml\/\"]}]},{\"@type\":\"ImageObject\",\"inLanguage\":\"en-US\",\"@id\":\"https:\/\/idakorea.ee\/product\/modelleeriv-kreem-dr-althea-rapid-firm-sculpting-cream-45ml\/#primaryimage\",\"url\":\"https:\/\/idakorea.ee\/wp-content\/uploads\/2025\/09\/dr.-althea-rapid-firm-sculpting-cream-idakorea.jpg\",\"contentUrl\":\"https:\/\/idakorea.ee\/wp-content\/uploads\/2025\/09\/dr.-althea-rapid-firm-sculpting-cream-idakorea.jpg\",\"width\":1000,\"height\":1000},{\"@type\":\"BreadcrumbList\",\"@id\":\"https:\/\/idakorea.ee\/product\/modelleeriv-kreem-dr-althea-rapid-firm-sculpting-cream-45ml\/#breadcrumb\",\"itemListElement\":[{\"@type\":\"ListItem\",\"position\":1,\"name\":\"\u0413\u043b\u0430\u0432\u043d\u0430\u044f \u0441\u0442\u0440\u0430\u043d\u0438\u0446\u0430\",\"item\":\"https:\/\/idakorea.ee\/\"},{\"@type\":\"ListItem\",\"position\":2,\"name\":\"Shop\",\"item\":\"https:\/\/idakorea.ee\/shop-2\/\"},{\"@type\":\"ListItem\",\"position\":3,\"name\":\"Modelleeriv kreem Dr. Althea Rapid Firm Sculpting Cream, 45ml\"}]},{\"@type\":\"WebSite\",\"@id\":\"https:\/\/idakorea.ee\/#website\",\"url\":\"https:\/\/idakorea.ee\/\",\"name\":\"IDA.KOREA\",\"description\":\"Korea kosmeetika e-pood\",\"publisher\":{\"@id\":\"https:\/\/idakorea.ee\/#organization\"},\"alternateName\":\"Beauty Shop\",\"potentialAction\":[{\"@type\":\"SearchAction\",\"target\":{\"@type\":\"EntryPoint\",\"urlTemplate\":\"https:\/\/idakorea.ee\/?s={search_term_string}\"},\"query-input\":{\"@type\":\"PropertyValueSpecification\",\"valueRequired\":true,\"valueName\":\"search_term_string\"}}],\"inLanguage\":\"en-US\"},{\"@type\":\"Organization\",\"@id\":\"https:\/\/idakorea.ee\/#organization\",\"name\":\"IDA.KOREA\",\"url\":\"https:\/\/idakorea.ee\/\",\"logo\":{\"@type\":\"ImageObject\",\"inLanguage\":\"en-US\",\"@id\":\"https:\/\/idakorea.ee\/#\/schema\/logo\/image\/\",\"url\":\"https:\/\/idakorea.ee\/wp-content\/uploads\/2024\/05\/cropped-korea3.png\",\"contentUrl\":\"https:\/\/idakorea.ee\/wp-content\/uploads\/2024\/05\/cropped-korea3.png\",\"width\":688,\"height\":126,\"caption\":\"IDA.KOREA\"},\"image\":{\"@id\":\"https:\/\/idakorea.ee\/#\/schema\/logo\/image\/\"},\"sameAs\":[\"https:\/\/www.instagram.com\/ida.korea\/\"]}]}<\/script>\n<!-- \/ Yoast SEO plugin. -->","yoast_head_json":{"title":"Dr. Althea Rapid Firm Sculpting Cream - IDA.KOREA","description":"Modeling cream Dr. Althea smoothes and reduces wrinkles, tightens the skin, restores elasticity and radiance. Vegan composition, strong antioxidant protection.","robots":{"index":"index","follow":"follow","max-snippet":"max-snippet:-1","max-image-preview":"max-image-preview:large","max-video-preview":"max-video-preview:-1"},"canonical":"https:\/\/idakorea.ee\/en\/product\/modelleeriv-kreem-dr-althea-rapid-firm-sculpting-cream-45ml\/","og_locale":"en_US","og_type":"article","og_title":"Dr. Althea Rapid Firm Sculpting Cream - IDA.KOREA","og_description":"Modelleeriv kreem Dr. Althea silub ja v\u00e4hendab kortse, pinguldab nahka, taastab elastsuse ja s\u00e4ra. Vegan-koostis, tugev antioks\u00fcdantne kaitse.","og_url":"https:\/\/idakorea.ee\/en\/product\/modelleeriv-kreem-dr-althea-rapid-firm-sculpting-cream-45ml\/","og_site_name":"IDA.KOREA","article_modified_time":"2026-03-28T09:22:01+00:00","og_image":[{"width":1000,"height":1000,"url":"https:\/\/idakorea.ee\/wp-content\/uploads\/2025\/09\/dr.-althea-rapid-firm-sculpting-cream-idakorea.jpg","type":"image\/jpeg"}],"twitter_card":"summary_large_image","twitter_misc":{"Est. reading time":"2 minutes"},"schema":{"@context":"https:\/\/schema.org","@graph":[{"@type":"WebPage","@id":"https:\/\/idakorea.ee\/product\/modelleeriv-kreem-dr-althea-rapid-firm-sculpting-cream-45ml\/","url":"https:\/\/idakorea.ee\/product\/modelleeriv-kreem-dr-althea-rapid-firm-sculpting-cream-45ml\/","name":"Dr. Althea Rapid Firm Sculpting Cream - IDA.KOREA","isPartOf":{"@id":"https:\/\/idakorea.ee\/#website"},"primaryImageOfPage":{"@id":"https:\/\/idakorea.ee\/product\/modelleeriv-kreem-dr-althea-rapid-firm-sculpting-cream-45ml\/#primaryimage"},"image":{"@id":"https:\/\/idakorea.ee\/product\/modelleeriv-kreem-dr-althea-rapid-firm-sculpting-cream-45ml\/#primaryimage"},"thumbnailUrl":"https:\/\/idakorea.ee\/wp-content\/uploads\/2025\/09\/dr.-althea-rapid-firm-sculpting-cream-idakorea.jpg","datePublished":"2025-09-25T11:57:23+00:00","dateModified":"2026-03-28T09:22:01+00:00","description":"Modeling cream Dr. Althea smoothes and reduces wrinkles, tightens the skin, restores elasticity and radiance. Vegan composition, strong antioxidant protection.","breadcrumb":{"@id":"https:\/\/idakorea.ee\/product\/modelleeriv-kreem-dr-althea-rapid-firm-sculpting-cream-45ml\/#breadcrumb"},"inLanguage":"en-US","potentialAction":[{"@type":"ReadAction","target":["https:\/\/idakorea.ee\/product\/modelleeriv-kreem-dr-althea-rapid-firm-sculpting-cream-45ml\/"]}]},{"@type":"ImageObject","inLanguage":"en-US","@id":"https:\/\/idakorea.ee\/product\/modelleeriv-kreem-dr-althea-rapid-firm-sculpting-cream-45ml\/#primaryimage","url":"https:\/\/idakorea.ee\/wp-content\/uploads\/2025\/09\/dr.-althea-rapid-firm-sculpting-cream-idakorea.jpg","contentUrl":"https:\/\/idakorea.ee\/wp-content\/uploads\/2025\/09\/dr.-althea-rapid-firm-sculpting-cream-idakorea.jpg","width":1000,"height":1000},{"@type":"BreadcrumbList","@id":"https:\/\/idakorea.ee\/product\/modelleeriv-kreem-dr-althea-rapid-firm-sculpting-cream-45ml\/#breadcrumb","itemListElement":[{"@type":"ListItem","position":1,"name":"\u0413\u043b\u0430\u0432\u043d\u0430\u044f \u0441\u0442\u0440\u0430\u043d\u0438\u0446\u0430","item":"https:\/\/idakorea.ee\/"},{"@type":"ListItem","position":2,"name":"Shop","item":"https:\/\/idakorea.ee\/shop-2\/"},{"@type":"ListItem","position":3,"name":"Modelleeriv kreem Dr. Althea Rapid Firm Sculpting Cream, 45ml"}]},{"@type":"WebSite","@id":"https:\/\/idakorea.ee\/#website","url":"https:\/\/idakorea.ee\/","name":"IDA.KOREA","description":"Korean cosmetics e-shop","publisher":{"@id":"https:\/\/idakorea.ee\/#organization"},"alternateName":"Beauty Shop","potentialAction":[{"@type":"SearchAction","target":{"@type":"EntryPoint","urlTemplate":"https:\/\/idakorea.ee\/?s={search_term_string}"},"query-input":{"@type":"PropertyValueSpecification","valueRequired":true,"valueName":"search_term_string"}}],"inLanguage":"en-US"},{"@type":"Organization","@id":"https:\/\/idakorea.ee\/#organization","name":"IDA.KOREA","url":"https:\/\/idakorea.ee\/","logo":{"@type":"ImageObject","inLanguage":"en-US","@id":"https:\/\/idakorea.ee\/#\/schema\/logo\/image\/","url":"https:\/\/idakorea.ee\/wp-content\/uploads\/2024\/05\/cropped-korea3.png","contentUrl":"https:\/\/idakorea.ee\/wp-content\/uploads\/2024\/05\/cropped-korea3.png","width":688,"height":126,"caption":"IDA.KOREA"},"image":{"@id":"https:\/\/idakorea.ee\/#\/schema\/logo\/image\/"},"sameAs":["https:\/\/www.instagram.com\/ida.korea\/"]}]}},"jetpack_sharing_enabled":true,"brands":[{"id":480,"name":"DR.ALTHEA","slug":"dr-althea"}],"_links":{"self":[{"href":"https:\/\/idakorea.ee\/en\/wp-json\/wp\/v2\/product\/15962","targetHints":{"allow":["GET"]}}],"collection":[{"href":"https:\/\/idakorea.ee\/en\/wp-json\/wp\/v2\/product"}],"about":[{"href":"https:\/\/idakorea.ee\/en\/wp-json\/wp\/v2\/types\/product"}],"replies":[{"embeddable":true,"href":"https:\/\/idakorea.ee\/en\/wp-json\/wp\/v2\/comments?post=15962"}],"version-history":[{"count":1,"href":"https:\/\/idakorea.ee\/en\/wp-json\/wp\/v2\/product\/15962\/revisions"}],"predecessor-version":[{"id":15966,"href":"https:\/\/idakorea.ee\/en\/wp-json\/wp\/v2\/product\/15962\/revisions\/15966"}],"wp:featuredmedia":[{"embeddable":true,"href":"https:\/\/idakorea.ee\/en\/wp-json\/wp\/v2\/media\/15963"}],"wp:attachment":[{"href":"https:\/\/idakorea.ee\/en\/wp-json\/wp\/v2\/media?parent=15962"}],"wp:term":[{"taxonomy":"pwb-brand","embeddable":true,"href":"https:\/\/idakorea.ee\/en\/wp-json\/wp\/v2\/pwb-brand?post=15962"},{"taxonomy":"product_brand","embeddable":true,"href":"https:\/\/idakorea.ee\/en\/wp-json\/wp\/v2\/product_brand?post=15962"},{"taxonomy":"product_cat","embeddable":true,"href":"https:\/\/idakorea.ee\/en\/wp-json\/wp\/v2\/product_cat?post=15962"},{"taxonomy":"product_tag","embeddable":true,"href":"https:\/\/idakorea.ee\/en\/wp-json\/wp\/v2\/product_tag?post=15962"}],"curies":[{"name":"wp","href":"https:\/\/api.w.org\/{rel}","templated":true}]}}