{"id":16019,"date":"2025-10-02T14:55:43","date_gmt":"2025-10-02T11:55:43","guid":{"rendered":"https:\/\/idakorea.ee\/?post_type=product&#038;p=16019"},"modified":"2026-04-12T11:24:38","modified_gmt":"2026-04-12T09:24:38","slug":"eqqualberry-vitamin-illuminating-serum","status":"publish","type":"product","link":"https:\/\/idakorea.ee\/en\/product\/eqqualberry-vitamin-illuminating-serum\/","title":{"rendered":"Vitamin serum Eqqualberry Vitamin Illuminating Serum, 30ml"},"content":{"rendered":"<p data-start=\"172\" data-end=\"492\"><strong>EQQUALBERRY Vitamin Illuminating Serum<\/strong> helps the skin achieve a radiant and even complexion. The serum contains 40 % acerola water, which is a natural source of vitamin C and acts as a powerful antioxidant. The innovative 3-step melanin control system helps reduce age spots and prevent the formation of new ones:<\/p>\n<ul data-start=\"493\" data-end=\"755\">\n<li data-start=\"493\" data-end=\"542\">\n<p data-start=\"495\" data-end=\"542\">2 % arbutin \u2013 inhibits melanin synthesis,<\/p>\n<\/li>\n<li data-start=\"543\" data-end=\"628\">\n<p data-start=\"545\" data-end=\"628\">4 % niacinamide (vitamin B3) \u2013 prevents the movement of pigment into skin cells,<\/p>\n<\/li>\n<li data-start=\"629\" data-end=\"755\">\n<p data-start=\"631\" data-end=\"755\">natural brightening ingredients (acerola, glutathione, ferulic acid) \u2013 help fade existing pigmentation.<\/p>\n<\/li>\n<\/ul>\n<p data-start=\"757\" data-end=\"938\">In addition, 5 types of ceramides strengthen the skin&#039;s protective barrier, 8 layers of hyaluronic acid provide deep hydration, and panthenol soothes and accelerates skin regeneration.<\/p>\n<p data-start=\"945\" data-end=\"971\"><strong>Main active ingredients:<\/strong><\/p>\n<ul data-start=\"972\" data-end=\"1462\">\n<li data-start=\"972\" data-end=\"1036\">\n<p data-start=\"974\" data-end=\"1036\">Acerola water (40 %) \u2013 a rich source of vitamin C, gives radiance.<\/p>\n<\/li>\n<li data-start=\"1037\" data-end=\"1117\">\n<p data-start=\"1039\" data-end=\"1117\">Niacinamide (4 %) \u2013 evens out skin tone, reduces redness, and tightens pores.<\/p>\n<\/li>\n<li data-start=\"1118\" data-end=\"1171\">\n<p data-start=\"1120\" data-end=\"1171\">Arbutin (2 %) \u2013 an effective pigmentation reducer.<\/p>\n<\/li>\n<li data-start=\"1172\" data-end=\"1235\">\n<p data-start=\"1174\" data-end=\"1235\">5 ceramides \u2013 strengthen the skin barrier and retain moisture.<\/p>\n<\/li>\n<li data-start=\"1236\" data-end=\"1305\">\n<p data-start=\"1238\" data-end=\"1305\">8 types of hyaluronic acid \u2013 provide deep hydration in different layers of the skin.<\/p>\n<\/li>\n<li data-start=\"1306\" data-end=\"1351\">\n<p data-start=\"1308\" data-end=\"1351\">Panthenol \u2013 soothes, restores and protects.<\/p>\n<\/li>\n<li data-start=\"1352\" data-end=\"1462\">\n<p data-start=\"1354\" data-end=\"1462\">Antioxidants (glutathione, ferulic acid) \u2013 protect against free radicals and support a youthful complexion.<\/p>\n<\/li>\n<\/ul>\n<p data-start=\"1469\" data-end=\"1486\"><strong data-start=\"1469\" data-end=\"1484\"><strong data-start=\"1831\" data-end=\"1864\">Suitable <\/strong><\/strong>for all skin types<span style=\"font-weight: 400;\">, especially for dull and uneven skin tone.<\/span><\/p>\n<p data-start=\"1469\" data-end=\"1486\"><strong data-start=\"1469\" data-end=\"1484\">Usage: <\/strong>Cleanse skin and apply toner. Apply a small amount of serum (2-3 drops) to the palm of your hand or directly onto your face. Gently spread over face and neck, patting until completely absorbed. Follow with your usual moisturizer. Recommended to use with sunscreen (SPF 30-50) during the day to maximize the brightening effect.<\/p>","protected":false},"excerpt":{"rendered":"<p>EQQUALBERRY Vitamin Illuminating Serum helps the skin achieve a radiant and even complexion. The serum contains 40 % acerola water, which is a natural source of vitamin C and acts as a strong antioxidant. The innovative 3-step melanin control system helps reduce age spots and prevent the formation of new ones: 2 % arbutin \u2013 inhibits melanin synthesis, 4 % niacinamide (vitamin B3) \u2013 prevents the movement of pigment into skin cells, natural\u2026<\/p>","protected":false},"featured_media":16020,"comment_status":"open","ping_status":"closed","template":"","meta":{"_uf_show_specific_survey":0,"_uf_disable_surveys":false,"_bst_post_transparent":"default","_bst_post_title":"","_bst_post_layout":"default","_bst_post_sidebar_id":"","_bst_post_content_style":"default","_bst_post_vertical_padding":"default","_bst_post_feature":"","_bst_post_feature_position":"","_bst_post_header":false,"_bst_post_footer":false},"pwb-brand":[905],"product_brand":[],"product_cat":[92,97],"product_tag":[634],"class_list":{"0":"post-16019","1":"product","2":"type-product","3":"status-publish","4":"has-post-thumbnail","6":"pwb-brand-eqqualberry","7":"product_cat-nagu","8":"product_cat-naoseerumid-ja-olid","9":"product_tag-vitamin-c","11":"first","12":"outofstock","13":"sale","14":"shipping-taxable","15":"purchasable","16":"product-type-simple","17":"entry","18":"content-bg","19":"loop-entry"},"supplier_id":null,"supplier_sku":"","barcode":null,"atum_controlled":true,"out_stock_date":"2026-04-12 11:24:38","out_stock_threshold":null,"inheritable":false,"inbound_stock":0,"stock_on_hold":0,"sold_today":0,"sales_last_days":3,"out_stock_days":1,"lost_sales":3,"has_location":false,"update_date":"2026-04-14T09:34:44","atum_locations":[],"atum_stock_status":"outofstock","restock_status":false,"low_stock_amount":"","sales_update_date":"2026-04-14T09:34:44","calc_backorders":null,"yoast_head":"<!-- This site is optimized with the Yoast SEO plugin v27.2 - https:\/\/yoast.com\/product\/yoast-seo-wordpress\/ -->\n<title>Eqqualberry Vitamin Illuminating Serum, 30ml - IDA.KOREA<\/title>\n<meta name=\"description\" content=\"EQQUALBERRY Vitamin Illuminating Serum v\u00e4hendab pigmendilaike ja \u00fchtlustab nahatooni. 40% acerola, niatsiinamiid ja arbutiin annavad nahale s\u00e4ra.\" \/>\n<meta name=\"robots\" content=\"index, follow, max-snippet:-1, max-image-preview:large, max-video-preview:-1\" \/>\n<link rel=\"canonical\" href=\"https:\/\/idakorea.ee\/en\/product\/eqqualberry-vitamin-illuminating-serum\/\" \/>\n<meta property=\"og:locale\" content=\"en_US\" \/>\n<meta property=\"og:type\" content=\"article\" \/>\n<meta property=\"og:title\" content=\"Eqqualberry Vitamin Illuminating Serum, 30ml - IDA.KOREA\" \/>\n<meta property=\"og:description\" content=\"EQQUALBERRY Vitamin Illuminating Serum v\u00e4hendab pigmendilaike ja \u00fchtlustab nahatooni. 40% acerola, niatsiinamiid ja arbutiin annavad nahale s\u00e4ra.\" \/>\n<meta property=\"og:url\" content=\"https:\/\/idakorea.ee\/en\/product\/eqqualberry-vitamin-illuminating-serum\/\" \/>\n<meta property=\"og:site_name\" content=\"IDA.KOREA\" \/>\n<meta property=\"article:modified_time\" content=\"2026-04-12T09:24:38+00:00\" \/>\n<meta property=\"og:image\" content=\"https:\/\/idakorea.ee\/wp-content\/uploads\/2025\/10\/eqqualberry-vitamin-illuminating-serum-idakorea.jpg\" \/>\n\t<meta property=\"og:image:width\" content=\"1500\" \/>\n\t<meta property=\"og:image:height\" content=\"1500\" \/>\n\t<meta property=\"og:image:type\" content=\"image\/jpeg\" \/>\n<meta name=\"twitter:card\" content=\"summary_large_image\" \/>\n<meta name=\"twitter:label1\" content=\"Est. reading time\" \/>\n\t<meta name=\"twitter:data1\" content=\"2 minutes\" \/>\n<script type=\"application\/ld+json\" class=\"yoast-schema-graph\">{\"@context\":\"https:\/\/schema.org\",\"@graph\":[{\"@type\":\"WebPage\",\"@id\":\"https:\/\/idakorea.ee\/product\/eqqualberry-vitamin-illuminating-serum\/\",\"url\":\"https:\/\/idakorea.ee\/product\/eqqualberry-vitamin-illuminating-serum\/\",\"name\":\"Eqqualberry Vitamin Illuminating Serum, 30ml - IDA.KOREA\",\"isPartOf\":{\"@id\":\"https:\/\/idakorea.ee\/#website\"},\"primaryImageOfPage\":{\"@id\":\"https:\/\/idakorea.ee\/product\/eqqualberry-vitamin-illuminating-serum\/#primaryimage\"},\"image\":{\"@id\":\"https:\/\/idakorea.ee\/product\/eqqualberry-vitamin-illuminating-serum\/#primaryimage\"},\"thumbnailUrl\":\"https:\/\/idakorea.ee\/wp-content\/uploads\/2025\/10\/eqqualberry-vitamin-illuminating-serum-idakorea.jpg\",\"datePublished\":\"2025-10-02T11:55:43+00:00\",\"dateModified\":\"2026-04-12T09:24:38+00:00\",\"description\":\"EQQUALBERRY Vitamin Illuminating Serum v\u00e4hendab pigmendilaike ja \u00fchtlustab nahatooni. 40% acerola, niatsiinamiid ja arbutiin annavad nahale s\u00e4ra.\",\"breadcrumb\":{\"@id\":\"https:\/\/idakorea.ee\/product\/eqqualberry-vitamin-illuminating-serum\/#breadcrumb\"},\"inLanguage\":\"en-US\",\"potentialAction\":[{\"@type\":\"ReadAction\",\"target\":[\"https:\/\/idakorea.ee\/product\/eqqualberry-vitamin-illuminating-serum\/\"]}]},{\"@type\":\"ImageObject\",\"inLanguage\":\"en-US\",\"@id\":\"https:\/\/idakorea.ee\/product\/eqqualberry-vitamin-illuminating-serum\/#primaryimage\",\"url\":\"https:\/\/idakorea.ee\/wp-content\/uploads\/2025\/10\/eqqualberry-vitamin-illuminating-serum-idakorea.jpg\",\"contentUrl\":\"https:\/\/idakorea.ee\/wp-content\/uploads\/2025\/10\/eqqualberry-vitamin-illuminating-serum-idakorea.jpg\",\"width\":1500,\"height\":1500},{\"@type\":\"BreadcrumbList\",\"@id\":\"https:\/\/idakorea.ee\/product\/eqqualberry-vitamin-illuminating-serum\/#breadcrumb\",\"itemListElement\":[{\"@type\":\"ListItem\",\"position\":1,\"name\":\"\u0413\u043b\u0430\u0432\u043d\u0430\u044f \u0441\u0442\u0440\u0430\u043d\u0438\u0446\u0430\",\"item\":\"https:\/\/idakorea.ee\/\"},{\"@type\":\"ListItem\",\"position\":2,\"name\":\"Shop\",\"item\":\"https:\/\/idakorea.ee\/shop-2\/\"},{\"@type\":\"ListItem\",\"position\":3,\"name\":\"Vitamiini seerum Eqqualberry Vitamin Illuminating Serum, 30ml\"}]},{\"@type\":\"WebSite\",\"@id\":\"https:\/\/idakorea.ee\/#website\",\"url\":\"https:\/\/idakorea.ee\/\",\"name\":\"IDA.KOREA\",\"description\":\"Korea kosmeetika e-pood\",\"publisher\":{\"@id\":\"https:\/\/idakorea.ee\/#organization\"},\"alternateName\":\"Beauty Shop\",\"potentialAction\":[{\"@type\":\"SearchAction\",\"target\":{\"@type\":\"EntryPoint\",\"urlTemplate\":\"https:\/\/idakorea.ee\/?s={search_term_string}\"},\"query-input\":{\"@type\":\"PropertyValueSpecification\",\"valueRequired\":true,\"valueName\":\"search_term_string\"}}],\"inLanguage\":\"en-US\"},{\"@type\":\"Organization\",\"@id\":\"https:\/\/idakorea.ee\/#organization\",\"name\":\"IDA.KOREA\",\"url\":\"https:\/\/idakorea.ee\/\",\"logo\":{\"@type\":\"ImageObject\",\"inLanguage\":\"en-US\",\"@id\":\"https:\/\/idakorea.ee\/#\/schema\/logo\/image\/\",\"url\":\"https:\/\/idakorea.ee\/wp-content\/uploads\/2024\/05\/cropped-korea3.png\",\"contentUrl\":\"https:\/\/idakorea.ee\/wp-content\/uploads\/2024\/05\/cropped-korea3.png\",\"width\":688,\"height\":126,\"caption\":\"IDA.KOREA\"},\"image\":{\"@id\":\"https:\/\/idakorea.ee\/#\/schema\/logo\/image\/\"},\"sameAs\":[\"https:\/\/www.instagram.com\/ida.korea\/\"]}]}<\/script>\n<!-- \/ Yoast SEO plugin. -->","yoast_head_json":{"title":"Eqqualberry Vitamin Illuminating Serum, 30ml - IDA.KOREA","description":"EQQUALBERRY Vitamin Illuminating Serum reduces age spots and evens out skin tone. 40% acerola, niacinamide and arbutin give the skin a glow.","robots":{"index":"index","follow":"follow","max-snippet":"max-snippet:-1","max-image-preview":"max-image-preview:large","max-video-preview":"max-video-preview:-1"},"canonical":"https:\/\/idakorea.ee\/en\/product\/eqqualberry-vitamin-illuminating-serum\/","og_locale":"en_US","og_type":"article","og_title":"Eqqualberry Vitamin Illuminating Serum, 30ml - IDA.KOREA","og_description":"EQQUALBERRY Vitamin Illuminating Serum v\u00e4hendab pigmendilaike ja \u00fchtlustab nahatooni. 40% acerola, niatsiinamiid ja arbutiin annavad nahale s\u00e4ra.","og_url":"https:\/\/idakorea.ee\/en\/product\/eqqualberry-vitamin-illuminating-serum\/","og_site_name":"IDA.KOREA","article_modified_time":"2026-04-12T09:24:38+00:00","og_image":[{"width":1500,"height":1500,"url":"https:\/\/idakorea.ee\/wp-content\/uploads\/2025\/10\/eqqualberry-vitamin-illuminating-serum-idakorea.jpg","type":"image\/jpeg"}],"twitter_card":"summary_large_image","twitter_misc":{"Est. reading time":"2 minutes"},"schema":{"@context":"https:\/\/schema.org","@graph":[{"@type":"WebPage","@id":"https:\/\/idakorea.ee\/product\/eqqualberry-vitamin-illuminating-serum\/","url":"https:\/\/idakorea.ee\/product\/eqqualberry-vitamin-illuminating-serum\/","name":"Eqqualberry Vitamin Illuminating Serum, 30ml - IDA.KOREA","isPartOf":{"@id":"https:\/\/idakorea.ee\/#website"},"primaryImageOfPage":{"@id":"https:\/\/idakorea.ee\/product\/eqqualberry-vitamin-illuminating-serum\/#primaryimage"},"image":{"@id":"https:\/\/idakorea.ee\/product\/eqqualberry-vitamin-illuminating-serum\/#primaryimage"},"thumbnailUrl":"https:\/\/idakorea.ee\/wp-content\/uploads\/2025\/10\/eqqualberry-vitamin-illuminating-serum-idakorea.jpg","datePublished":"2025-10-02T11:55:43+00:00","dateModified":"2026-04-12T09:24:38+00:00","description":"EQQUALBERRY Vitamin Illuminating Serum reduces age spots and evens out skin tone. 40% acerola, niacinamide and arbutin give the skin a glow.","breadcrumb":{"@id":"https:\/\/idakorea.ee\/product\/eqqualberry-vitamin-illuminating-serum\/#breadcrumb"},"inLanguage":"en-US","potentialAction":[{"@type":"ReadAction","target":["https:\/\/idakorea.ee\/product\/eqqualberry-vitamin-illuminating-serum\/"]}]},{"@type":"ImageObject","inLanguage":"en-US","@id":"https:\/\/idakorea.ee\/product\/eqqualberry-vitamin-illuminating-serum\/#primaryimage","url":"https:\/\/idakorea.ee\/wp-content\/uploads\/2025\/10\/eqqualberry-vitamin-illuminating-serum-idakorea.jpg","contentUrl":"https:\/\/idakorea.ee\/wp-content\/uploads\/2025\/10\/eqqualberry-vitamin-illuminating-serum-idakorea.jpg","width":1500,"height":1500},{"@type":"BreadcrumbList","@id":"https:\/\/idakorea.ee\/product\/eqqualberry-vitamin-illuminating-serum\/#breadcrumb","itemListElement":[{"@type":"ListItem","position":1,"name":"\u0413\u043b\u0430\u0432\u043d\u0430\u044f \u0441\u0442\u0440\u0430\u043d\u0438\u0446\u0430","item":"https:\/\/idakorea.ee\/"},{"@type":"ListItem","position":2,"name":"Shop","item":"https:\/\/idakorea.ee\/shop-2\/"},{"@type":"ListItem","position":3,"name":"Vitamiini seerum Eqqualberry Vitamin Illuminating Serum, 30ml"}]},{"@type":"WebSite","@id":"https:\/\/idakorea.ee\/#website","url":"https:\/\/idakorea.ee\/","name":"IDA.KOREA","description":"Korean cosmetics e-shop","publisher":{"@id":"https:\/\/idakorea.ee\/#organization"},"alternateName":"Beauty Shop","potentialAction":[{"@type":"SearchAction","target":{"@type":"EntryPoint","urlTemplate":"https:\/\/idakorea.ee\/?s={search_term_string}"},"query-input":{"@type":"PropertyValueSpecification","valueRequired":true,"valueName":"search_term_string"}}],"inLanguage":"en-US"},{"@type":"Organization","@id":"https:\/\/idakorea.ee\/#organization","name":"IDA.KOREA","url":"https:\/\/idakorea.ee\/","logo":{"@type":"ImageObject","inLanguage":"en-US","@id":"https:\/\/idakorea.ee\/#\/schema\/logo\/image\/","url":"https:\/\/idakorea.ee\/wp-content\/uploads\/2024\/05\/cropped-korea3.png","contentUrl":"https:\/\/idakorea.ee\/wp-content\/uploads\/2024\/05\/cropped-korea3.png","width":688,"height":126,"caption":"IDA.KOREA"},"image":{"@id":"https:\/\/idakorea.ee\/#\/schema\/logo\/image\/"},"sameAs":["https:\/\/www.instagram.com\/ida.korea\/"]}]}},"jetpack_sharing_enabled":true,"brands":[{"id":905,"name":"EQQUALBERRY","slug":"eqqualberry"}],"_links":{"self":[{"href":"https:\/\/idakorea.ee\/en\/wp-json\/wp\/v2\/product\/16019","targetHints":{"allow":["GET"]}}],"collection":[{"href":"https:\/\/idakorea.ee\/en\/wp-json\/wp\/v2\/product"}],"about":[{"href":"https:\/\/idakorea.ee\/en\/wp-json\/wp\/v2\/types\/product"}],"replies":[{"embeddable":true,"href":"https:\/\/idakorea.ee\/en\/wp-json\/wp\/v2\/comments?post=16019"}],"version-history":[{"count":2,"href":"https:\/\/idakorea.ee\/en\/wp-json\/wp\/v2\/product\/16019\/revisions"}],"predecessor-version":[{"id":16573,"href":"https:\/\/idakorea.ee\/en\/wp-json\/wp\/v2\/product\/16019\/revisions\/16573"}],"wp:featuredmedia":[{"embeddable":true,"href":"https:\/\/idakorea.ee\/en\/wp-json\/wp\/v2\/media\/16020"}],"wp:attachment":[{"href":"https:\/\/idakorea.ee\/en\/wp-json\/wp\/v2\/media?parent=16019"}],"wp:term":[{"taxonomy":"pwb-brand","embeddable":true,"href":"https:\/\/idakorea.ee\/en\/wp-json\/wp\/v2\/pwb-brand?post=16019"},{"taxonomy":"product_brand","embeddable":true,"href":"https:\/\/idakorea.ee\/en\/wp-json\/wp\/v2\/product_brand?post=16019"},{"taxonomy":"product_cat","embeddable":true,"href":"https:\/\/idakorea.ee\/en\/wp-json\/wp\/v2\/product_cat?post=16019"},{"taxonomy":"product_tag","embeddable":true,"href":"https:\/\/idakorea.ee\/en\/wp-json\/wp\/v2\/product_tag?post=16019"}],"curies":[{"name":"wp","href":"https:\/\/api.w.org\/{rel}","templated":true}]}}