{"id":16031,"date":"2025-10-03T15:00:32","date_gmt":"2025-10-03T12:00:32","guid":{"rendered":"https:\/\/idakorea.ee\/?post_type=product&#038;p=16031"},"modified":"2026-03-04T13:19:19","modified_gmt":"2026-03-04T11:19:19","slug":"skin1004-madagascar-centella-tone-brightening-boosting-toner","status":"publish","type":"product","link":"https:\/\/idakorea.ee\/en\/product\/skin1004-madagascar-centella-tone-brightening-boosting-toner\/","title":{"rendered":"Gentle brightening toner Skin1004 Madagascar Centella Tone Brightening Boosting Toner, 210ml"},"content":{"rendered":"<p data-start=\"114\" data-end=\"339\">The toner soothes and moisturizes, gently exfoliates the skin, brightens pigment spots and evens out the complexion. Reduces the appearance of acne scars, eliminates dullness and gives the skin a healthy glow without a feeling of tightness.<\/p>\n<p data-start=\"341\" data-end=\"579\">The product is perfect for reducing pigment spots, even on sensitive skin. Removes dead cells, keeps the epidermis clean. Neutral pH level does not damage the skin&#039;s natural protective layer. Watery texture absorbs instantly and refreshes the skin.<\/p>\n<p data-start=\"581\" data-end=\"816\">Centella Asiatica, the plant whose extract is used in this tonic, grows in 17 regions of Madagascar, 700 m above sea level, with an average temperature of 24\u201327 \u00b0C. The high-quality raw material enhances the effectiveness of the product.<\/p>\n<p data-start=\"818\" data-end=\"846\"><strong data-start=\"818\" data-end=\"844\">Composition and active ingredients:<\/strong><\/p>\n<ul data-start=\"847\" data-end=\"2014\">\n<li data-start=\"847\" data-end=\"1065\">\n<p data-start=\"849\" data-end=\"1065\"><strong data-start=\"849\" data-end=\"884\">90% centella asiatica extract<\/strong> \u2013 soothes and softens the skin, reduces irritation and redness, strengthens the natural protective barrier and improves elasticity. Protects capillary walls, preventing the formation of spider veins.<\/p>\n<\/li>\n<li data-start=\"1066\" data-end=\"1211\">\n<p data-start=\"1068\" data-end=\"1211\"><strong data-start=\"1068\" data-end=\"1082\">MadeWhite\u2122<\/strong> (madecassoside + pentylene glycol) \u2013 helps prevent inflammation and post-acne marks by inhibiting the cyclooxygenase enzyme.<\/p>\n<\/li>\n<li data-start=\"1212\" data-end=\"1335\">\n<p data-start=\"1214\" data-end=\"1335\"><strong data-start=\"1214\" data-end=\"1227\">SingGreen<\/strong> (extracts from papaya, apple, grape and plum) \u2013 gently exfoliates, smoothes and evens out the complexion.<\/p>\n<\/li>\n<li data-start=\"1336\" data-end=\"1512\">\n<p data-start=\"1338\" data-end=\"1512\"><strong data-start=\"1338\" data-end=\"1350\">Aquaxyl\u00ae<\/strong> (glucose + xylitol) \u2013 a moisturizing complex that improves moisture circulation in the epidermis, stimulates the production of hyaluronic acid, reduces wrinkles and smoothes the skin surface.<\/p>\n<\/li>\n<li data-start=\"1513\" data-end=\"1658\">\n<p data-start=\"1515\" data-end=\"1658\"><strong data-start=\"1515\" data-end=\"1546\">Niacinamide (vitamin B3)<\/strong> \u2013 evens out skin tone, improves complexion, stimulates collagen production, brightens and strengthens the skin&#039;s protective layer.<\/p>\n<\/li>\n<li data-start=\"1659\" data-end=\"1814\">\n<p data-start=\"1661\" data-end=\"1814\"><strong data-start=\"1661\" data-end=\"1688\">Panthenol (vitamin B5)<\/strong> \u2013 accelerates the healing of micro-injuries, softens, soothes and strengthens barrier functions, prevents the formation of pigment spots.<\/p>\n<\/li>\n<li data-start=\"1815\" data-end=\"2014\">\n<p data-start=\"1817\" data-end=\"2014\"><strong data-start=\"1817\" data-end=\"1843\">3-O-ethylascorbic acid<\/strong> \u2013 a stable fat-soluble form of vitamin C, acts as an antioxidant and anti-inflammatory agent, slows down skin aging processes, brightens and promotes collagen synthesis.<\/p>\n<\/li>\n<\/ul>\n<p data-start=\"2016\" data-end=\"2052\">Suitable for all skin types.<\/p>\n<p data-start=\"2054\" data-end=\"2150\"><strong data-start=\"2054\" data-end=\"2069\">Usage:<\/strong><br data-start=\"2069\" data-end=\"2072\" \/>After cleansing your skin, apply the toner to your face either with your hands or with a cotton pad.<\/p>","protected":false},"excerpt":{"rendered":"<p>Toner soothes and moisturizes, gently exfoliates the skin, brightens pigment spots and evens out the complexion. Reduces the visibility of post-acne marks, eliminates dullness and gives the skin a healthy glow without a feeling of tightness. The product is perfect for reducing pigment spots even on sensitive skin. Removes dead cells, keeps the epidermis clean. Neutral pH level does not violate the skin&#039;s natural protective layer. The watery texture is instantly absorbed and refreshes the skin. Madagascar\u2026<\/p>","protected":false},"featured_media":16032,"comment_status":"open","ping_status":"closed","template":"","meta":{"_uf_show_specific_survey":0,"_uf_disable_surveys":false,"_bst_post_transparent":"default","_bst_post_title":"","_bst_post_layout":"default","_bst_post_sidebar_id":"","_bst_post_content_style":"default","_bst_post_vertical_padding":"default","_bst_post_feature":"","_bst_post_feature_position":"","_bst_post_header":false,"_bst_post_footer":false},"pwb-brand":[186],"product_brand":[],"product_cat":[92,158],"product_tag":[546,230,441],"class_list":{"0":"post-16031","1":"product","2":"type-product","3":"status-publish","4":"has-post-thumbnail","6":"pwb-brand-skin1004","7":"product_cat-nagu","8":"product_cat-toonik","9":"product_tag-centella","10":"product_tag-pigment","11":"product_tag-skin1004","13":"first","14":"instock","15":"sale","16":"shipping-taxable","17":"purchasable","18":"product-type-simple","19":"entry","20":"content-bg","21":"loop-entry"},"supplier_id":null,"supplier_sku":"","barcode":null,"atum_controlled":true,"out_stock_date":null,"out_stock_threshold":null,"inheritable":false,"inbound_stock":0,"stock_on_hold":0,"sold_today":0,"sales_last_days":0,"out_stock_days":0,"lost_sales":0,"has_location":false,"update_date":"2026-04-14T00:05:08","atum_locations":[],"atum_stock_status":"instock","restock_status":false,"low_stock_amount":"","sales_update_date":"2026-04-14T00:05:08","calc_backorders":null,"yoast_head":"<!-- This site is optimized with the Yoast SEO plugin v27.2 - https:\/\/yoast.com\/product\/yoast-seo-wordpress\/ -->\n<title>Skin1004 Madagascar Centella Tone Brightening Boosting Toner - IDA.KOREA<\/title>\n<meta name=\"description\" content=\"Toner rahustab ja niisutab, koorib \u00f5rnalt nahka, helendab pigmendilaike ning \u00fchtlustab jumet. V\u00e4hendab aknej\u00e4rgsete j\u00e4lgede n\u00e4htavust, k\u00f5rvaldab tuhmuse.\" \/>\n<meta name=\"robots\" content=\"index, follow, max-snippet:-1, max-image-preview:large, max-video-preview:-1\" \/>\n<link rel=\"canonical\" href=\"https:\/\/idakorea.ee\/en\/product\/skin1004-madagascar-centella-tone-brightening-boosting-toner\/\" \/>\n<meta property=\"og:locale\" content=\"en_US\" \/>\n<meta property=\"og:type\" content=\"article\" \/>\n<meta property=\"og:title\" content=\"Skin1004 Madagascar Centella Tone Brightening Boosting Toner - IDA.KOREA\" \/>\n<meta property=\"og:description\" content=\"Toner rahustab ja niisutab, koorib \u00f5rnalt nahka, helendab pigmendilaike ning \u00fchtlustab jumet. V\u00e4hendab aknej\u00e4rgsete j\u00e4lgede n\u00e4htavust, k\u00f5rvaldab tuhmuse.\" \/>\n<meta property=\"og:url\" content=\"https:\/\/idakorea.ee\/en\/product\/skin1004-madagascar-centella-tone-brightening-boosting-toner\/\" \/>\n<meta property=\"og:site_name\" content=\"IDA.KOREA\" \/>\n<meta property=\"article:modified_time\" content=\"2026-03-04T11:19:19+00:00\" \/>\n<meta property=\"og:image\" content=\"https:\/\/idakorea.ee\/wp-content\/uploads\/2025\/10\/skin1004_madagascar_centella_tone_brightening_boosting_toner_idakorea.jpg\" \/>\n\t<meta property=\"og:image:width\" content=\"1500\" \/>\n\t<meta property=\"og:image:height\" content=\"1500\" \/>\n\t<meta property=\"og:image:type\" content=\"image\/jpeg\" \/>\n<meta name=\"twitter:card\" content=\"summary_large_image\" \/>\n<meta name=\"twitter:label1\" content=\"Est. reading time\" \/>\n\t<meta name=\"twitter:data1\" content=\"2 minutes\" \/>\n<script type=\"application\/ld+json\" class=\"yoast-schema-graph\">{\"@context\":\"https:\/\/schema.org\",\"@graph\":[{\"@type\":\"WebPage\",\"@id\":\"https:\/\/idakorea.ee\/product\/skin1004-madagascar-centella-tone-brightening-boosting-toner\/\",\"url\":\"https:\/\/idakorea.ee\/product\/skin1004-madagascar-centella-tone-brightening-boosting-toner\/\",\"name\":\"Skin1004 Madagascar Centella Tone Brightening Boosting Toner - IDA.KOREA\",\"isPartOf\":{\"@id\":\"https:\/\/idakorea.ee\/#website\"},\"primaryImageOfPage\":{\"@id\":\"https:\/\/idakorea.ee\/product\/skin1004-madagascar-centella-tone-brightening-boosting-toner\/#primaryimage\"},\"image\":{\"@id\":\"https:\/\/idakorea.ee\/product\/skin1004-madagascar-centella-tone-brightening-boosting-toner\/#primaryimage\"},\"thumbnailUrl\":\"https:\/\/idakorea.ee\/wp-content\/uploads\/2025\/10\/skin1004_madagascar_centella_tone_brightening_boosting_toner_idakorea.jpg\",\"datePublished\":\"2025-10-03T12:00:32+00:00\",\"dateModified\":\"2026-03-04T11:19:19+00:00\",\"description\":\"Toner rahustab ja niisutab, koorib \u00f5rnalt nahka, helendab pigmendilaike ning \u00fchtlustab jumet. V\u00e4hendab aknej\u00e4rgsete j\u00e4lgede n\u00e4htavust, k\u00f5rvaldab tuhmuse.\",\"breadcrumb\":{\"@id\":\"https:\/\/idakorea.ee\/product\/skin1004-madagascar-centella-tone-brightening-boosting-toner\/#breadcrumb\"},\"inLanguage\":\"en-US\",\"potentialAction\":[{\"@type\":\"ReadAction\",\"target\":[\"https:\/\/idakorea.ee\/product\/skin1004-madagascar-centella-tone-brightening-boosting-toner\/\"]}]},{\"@type\":\"ImageObject\",\"inLanguage\":\"en-US\",\"@id\":\"https:\/\/idakorea.ee\/product\/skin1004-madagascar-centella-tone-brightening-boosting-toner\/#primaryimage\",\"url\":\"https:\/\/idakorea.ee\/wp-content\/uploads\/2025\/10\/skin1004_madagascar_centella_tone_brightening_boosting_toner_idakorea.jpg\",\"contentUrl\":\"https:\/\/idakorea.ee\/wp-content\/uploads\/2025\/10\/skin1004_madagascar_centella_tone_brightening_boosting_toner_idakorea.jpg\",\"width\":1500,\"height\":1500},{\"@type\":\"BreadcrumbList\",\"@id\":\"https:\/\/idakorea.ee\/product\/skin1004-madagascar-centella-tone-brightening-boosting-toner\/#breadcrumb\",\"itemListElement\":[{\"@type\":\"ListItem\",\"position\":1,\"name\":\"\u0413\u043b\u0430\u0432\u043d\u0430\u044f \u0441\u0442\u0440\u0430\u043d\u0438\u0446\u0430\",\"item\":\"https:\/\/idakorea.ee\/\"},{\"@type\":\"ListItem\",\"position\":2,\"name\":\"Shop\",\"item\":\"https:\/\/idakorea.ee\/shop-2\/\"},{\"@type\":\"ListItem\",\"position\":3,\"name\":\"\u00d5rn helendav toonik Skin1004 Madagascar Centella Tone Brightening Boosting Toner, 210ml\"}]},{\"@type\":\"WebSite\",\"@id\":\"https:\/\/idakorea.ee\/#website\",\"url\":\"https:\/\/idakorea.ee\/\",\"name\":\"IDA.KOREA\",\"description\":\"Korea kosmeetika e-pood\",\"publisher\":{\"@id\":\"https:\/\/idakorea.ee\/#organization\"},\"alternateName\":\"Beauty Shop\",\"potentialAction\":[{\"@type\":\"SearchAction\",\"target\":{\"@type\":\"EntryPoint\",\"urlTemplate\":\"https:\/\/idakorea.ee\/?s={search_term_string}\"},\"query-input\":{\"@type\":\"PropertyValueSpecification\",\"valueRequired\":true,\"valueName\":\"search_term_string\"}}],\"inLanguage\":\"en-US\"},{\"@type\":\"Organization\",\"@id\":\"https:\/\/idakorea.ee\/#organization\",\"name\":\"IDA.KOREA\",\"url\":\"https:\/\/idakorea.ee\/\",\"logo\":{\"@type\":\"ImageObject\",\"inLanguage\":\"en-US\",\"@id\":\"https:\/\/idakorea.ee\/#\/schema\/logo\/image\/\",\"url\":\"https:\/\/idakorea.ee\/wp-content\/uploads\/2024\/05\/cropped-korea3.png\",\"contentUrl\":\"https:\/\/idakorea.ee\/wp-content\/uploads\/2024\/05\/cropped-korea3.png\",\"width\":688,\"height\":126,\"caption\":\"IDA.KOREA\"},\"image\":{\"@id\":\"https:\/\/idakorea.ee\/#\/schema\/logo\/image\/\"},\"sameAs\":[\"https:\/\/www.instagram.com\/ida.korea\/\"]}]}<\/script>\n<!-- \/ Yoast SEO plugin. -->","yoast_head_json":{"title":"Skin1004 Madagascar Centella Tone Brightening Boosting Toner - IDA.KOREA","description":"Toner soothes and moisturizes, gently exfoliates the skin, brightens pigment spots and evens out the complexion. Reduces the appearance of acne scars and eliminates dullness.","robots":{"index":"index","follow":"follow","max-snippet":"max-snippet:-1","max-image-preview":"max-image-preview:large","max-video-preview":"max-video-preview:-1"},"canonical":"https:\/\/idakorea.ee\/en\/product\/skin1004-madagascar-centella-tone-brightening-boosting-toner\/","og_locale":"en_US","og_type":"article","og_title":"Skin1004 Madagascar Centella Tone Brightening Boosting Toner - IDA.KOREA","og_description":"Toner rahustab ja niisutab, koorib \u00f5rnalt nahka, helendab pigmendilaike ning \u00fchtlustab jumet. V\u00e4hendab aknej\u00e4rgsete j\u00e4lgede n\u00e4htavust, k\u00f5rvaldab tuhmuse.","og_url":"https:\/\/idakorea.ee\/en\/product\/skin1004-madagascar-centella-tone-brightening-boosting-toner\/","og_site_name":"IDA.KOREA","article_modified_time":"2026-03-04T11:19:19+00:00","og_image":[{"width":1500,"height":1500,"url":"https:\/\/idakorea.ee\/wp-content\/uploads\/2025\/10\/skin1004_madagascar_centella_tone_brightening_boosting_toner_idakorea.jpg","type":"image\/jpeg"}],"twitter_card":"summary_large_image","twitter_misc":{"Est. reading time":"2 minutes"},"schema":{"@context":"https:\/\/schema.org","@graph":[{"@type":"WebPage","@id":"https:\/\/idakorea.ee\/product\/skin1004-madagascar-centella-tone-brightening-boosting-toner\/","url":"https:\/\/idakorea.ee\/product\/skin1004-madagascar-centella-tone-brightening-boosting-toner\/","name":"Skin1004 Madagascar Centella Tone Brightening Boosting Toner - IDA.KOREA","isPartOf":{"@id":"https:\/\/idakorea.ee\/#website"},"primaryImageOfPage":{"@id":"https:\/\/idakorea.ee\/product\/skin1004-madagascar-centella-tone-brightening-boosting-toner\/#primaryimage"},"image":{"@id":"https:\/\/idakorea.ee\/product\/skin1004-madagascar-centella-tone-brightening-boosting-toner\/#primaryimage"},"thumbnailUrl":"https:\/\/idakorea.ee\/wp-content\/uploads\/2025\/10\/skin1004_madagascar_centella_tone_brightening_boosting_toner_idakorea.jpg","datePublished":"2025-10-03T12:00:32+00:00","dateModified":"2026-03-04T11:19:19+00:00","description":"Toner soothes and moisturizes, gently exfoliates the skin, brightens pigment spots and evens out the complexion. Reduces the appearance of acne scars and eliminates dullness.","breadcrumb":{"@id":"https:\/\/idakorea.ee\/product\/skin1004-madagascar-centella-tone-brightening-boosting-toner\/#breadcrumb"},"inLanguage":"en-US","potentialAction":[{"@type":"ReadAction","target":["https:\/\/idakorea.ee\/product\/skin1004-madagascar-centella-tone-brightening-boosting-toner\/"]}]},{"@type":"ImageObject","inLanguage":"en-US","@id":"https:\/\/idakorea.ee\/product\/skin1004-madagascar-centella-tone-brightening-boosting-toner\/#primaryimage","url":"https:\/\/idakorea.ee\/wp-content\/uploads\/2025\/10\/skin1004_madagascar_centella_tone_brightening_boosting_toner_idakorea.jpg","contentUrl":"https:\/\/idakorea.ee\/wp-content\/uploads\/2025\/10\/skin1004_madagascar_centella_tone_brightening_boosting_toner_idakorea.jpg","width":1500,"height":1500},{"@type":"BreadcrumbList","@id":"https:\/\/idakorea.ee\/product\/skin1004-madagascar-centella-tone-brightening-boosting-toner\/#breadcrumb","itemListElement":[{"@type":"ListItem","position":1,"name":"\u0413\u043b\u0430\u0432\u043d\u0430\u044f \u0441\u0442\u0440\u0430\u043d\u0438\u0446\u0430","item":"https:\/\/idakorea.ee\/"},{"@type":"ListItem","position":2,"name":"Shop","item":"https:\/\/idakorea.ee\/shop-2\/"},{"@type":"ListItem","position":3,"name":"\u00d5rn helendav toonik Skin1004 Madagascar Centella Tone Brightening Boosting Toner, 210ml"}]},{"@type":"WebSite","@id":"https:\/\/idakorea.ee\/#website","url":"https:\/\/idakorea.ee\/","name":"IDA.KOREA","description":"Korean cosmetics e-shop","publisher":{"@id":"https:\/\/idakorea.ee\/#organization"},"alternateName":"Beauty Shop","potentialAction":[{"@type":"SearchAction","target":{"@type":"EntryPoint","urlTemplate":"https:\/\/idakorea.ee\/?s={search_term_string}"},"query-input":{"@type":"PropertyValueSpecification","valueRequired":true,"valueName":"search_term_string"}}],"inLanguage":"en-US"},{"@type":"Organization","@id":"https:\/\/idakorea.ee\/#organization","name":"IDA.KOREA","url":"https:\/\/idakorea.ee\/","logo":{"@type":"ImageObject","inLanguage":"en-US","@id":"https:\/\/idakorea.ee\/#\/schema\/logo\/image\/","url":"https:\/\/idakorea.ee\/wp-content\/uploads\/2024\/05\/cropped-korea3.png","contentUrl":"https:\/\/idakorea.ee\/wp-content\/uploads\/2024\/05\/cropped-korea3.png","width":688,"height":126,"caption":"IDA.KOREA"},"image":{"@id":"https:\/\/idakorea.ee\/#\/schema\/logo\/image\/"},"sameAs":["https:\/\/www.instagram.com\/ida.korea\/"]}]}},"jetpack_sharing_enabled":true,"brands":[{"id":186,"name":"SKIN1004","slug":"skin1004"}],"_links":{"self":[{"href":"https:\/\/idakorea.ee\/en\/wp-json\/wp\/v2\/product\/16031","targetHints":{"allow":["GET"]}}],"collection":[{"href":"https:\/\/idakorea.ee\/en\/wp-json\/wp\/v2\/product"}],"about":[{"href":"https:\/\/idakorea.ee\/en\/wp-json\/wp\/v2\/types\/product"}],"replies":[{"embeddable":true,"href":"https:\/\/idakorea.ee\/en\/wp-json\/wp\/v2\/comments?post=16031"}],"version-history":[{"count":1,"href":"https:\/\/idakorea.ee\/en\/wp-json\/wp\/v2\/product\/16031\/revisions"}],"predecessor-version":[{"id":16035,"href":"https:\/\/idakorea.ee\/en\/wp-json\/wp\/v2\/product\/16031\/revisions\/16035"}],"wp:featuredmedia":[{"embeddable":true,"href":"https:\/\/idakorea.ee\/en\/wp-json\/wp\/v2\/media\/16032"}],"wp:attachment":[{"href":"https:\/\/idakorea.ee\/en\/wp-json\/wp\/v2\/media?parent=16031"}],"wp:term":[{"taxonomy":"pwb-brand","embeddable":true,"href":"https:\/\/idakorea.ee\/en\/wp-json\/wp\/v2\/pwb-brand?post=16031"},{"taxonomy":"product_brand","embeddable":true,"href":"https:\/\/idakorea.ee\/en\/wp-json\/wp\/v2\/product_brand?post=16031"},{"taxonomy":"product_cat","embeddable":true,"href":"https:\/\/idakorea.ee\/en\/wp-json\/wp\/v2\/product_cat?post=16031"},{"taxonomy":"product_tag","embeddable":true,"href":"https:\/\/idakorea.ee\/en\/wp-json\/wp\/v2\/product_tag?post=16031"}],"curies":[{"name":"wp","href":"https:\/\/api.w.org\/{rel}","templated":true}]}}