{"id":1607,"date":"2024-05-29T11:57:29","date_gmt":"2024-05-29T11:57:29","guid":{"rendered":"https:\/\/idakorea.ee\/?post_type=product&#038;p=1607"},"modified":"2026-04-07T11:04:23","modified_gmt":"2026-04-07T09:04:23","slug":"pinguldav-silmakreem-tuvirakkudega-medi-peel-cell-toxing-demajour-repair-eye-cream-30ml","status":"publish","type":"product","link":"https:\/\/idakorea.ee\/en\/product\/pinguldav-silmakreem-tuvirakkudega-medi-peel-cell-toxing-demajour-repair-eye-cream-30ml\/","title":{"rendered":"Firming eye cream with stem cells Medi-Peel Cell Toxing Dermajours Repair Eye Cream, 30ml"},"content":{"rendered":"<p>Strengthening eye cream with stem cells <strong>Medi-Peel Cell Toxing Dermajours Repair Eye Cream<\/strong> stimulates the synthesis of new collagen and elastin fibres to intensively increase skin elasticity. Strengthens turgor, actively moisturises and nourishes, prevents dryness and slows down tissue ageing.<\/p>\n<p>The product significantly reduces deep and mimic wrinkles, gently brightens dark circles under the eyes and fights against dark circles. Restores damaged skin matrix, smoothes the contours and prevents the appearance of ageing signs.<\/p>\n<p>The cream can be used not only in the eye area, but also in areas that need extra care: nasolabial folds, frown lines, forehead and neck.<\/p>\n<p><strong>Key components:<\/strong><\/p>\n<ul>\n<li><strong>Alpine edelweiss stem cells<\/strong> stimulate aquaporins, which are \"water channels\" in the cell membranes, ensuring the skin's ideal moisture balance, restoring protective functions and preventing transepidermal moisture loss.<\/li>\n<li><strong>Olive oil<\/strong> softens and nourishes, regenerates skin tissues, has antioxidant properties.<\/li>\n<li><strong>9 peptide complex<\/strong> increases skin elasticity and firmness, accelerates the body's own collagen and elastin fibre production processes. Reduces the depth of wrinkles and prevents skin sagging. Strengthens the skin's protective barrier.<\/li>\n<li><strong>SYN\u00ae\ufe0f-AKE<\/strong> is a racetum-like component that inhibits muscle contractions, providing a botox-like effect: reducing the depth of wrinkles on the forehead, nasolabial folds and around the eyes.<\/li>\n<li><strong>SYN\u00ae\ufe0f-COLL<\/strong> is a powerful anti-ageing complex that actively stimulates collagen synthesis and prevents its breakdown. Improves turgor, significantly reduces mimic and age lines, smoothes the contours and firms.<\/li>\n<li><strong>Oriental Beauty Fruits Newple<\/strong>x (fig, pomegranate, ginkgo and mulberry extracts) has a pronounced soothing effect, relieves itching and irritation, stimulates cell regeneration.<\/li>\n<li><strong>Fresh Bud no.6\u2122\ufe0f<\/strong> (extracts of broccoli, alfalfa, Chinese cabbage and wheat germ) strengthens immunity and stimulates regeneration processes, soothes and heals inflammations.<\/li>\n<li><strong>Magnolia bark extract<\/strong> slows down the breakdown of collagen and elastin fibres, maintaining tissue elasticity and density. Suitable for dry, normal and combination skin.<\/li>\n<\/ul>\n<p><strong>User manual:<\/strong> apply the required amount of the product to the eye area in a light patting motion.<\/p>","protected":false},"excerpt":{"rendered":"<p>Medi-Peel Cell Toxing Dermajours Repair Eye Cream stimulates the synthesis of new collagen and elastin fibres to intensively increase the elasticity of the skin. Strengthens turgor, actively moisturizes and nourishes, prevents dryness and slows down tissue ageing. The product significantly reduces deep and mimic wrinkles, gently brightens dark circles under the eyes and fights against dullness. Restores damaged skin matrix, smoothes the contour of the...<\/p>","protected":false},"featured_media":1612,"comment_status":"open","ping_status":"closed","template":"","meta":{"_uf_show_specific_survey":0,"_uf_disable_surveys":false,"_bst_post_transparent":"default","_bst_post_title":"","_bst_post_layout":"default","_bst_post_sidebar_id":"","_bst_post_content_style":"default","_bst_post_vertical_padding":"default","_bst_post_feature":"","_bst_post_feature_position":"","_bst_post_header":false,"_bst_post_footer":false},"pwb-brand":[107],"product_brand":[],"product_cat":[92,99,201],"product_tag":[],"class_list":{"0":"post-1607","1":"product","2":"type-product","3":"status-publish","4":"has-post-thumbnail","6":"pwb-brand-medipeel","7":"product_cat-nagu","8":"product_cat-silmad-ja-huuled-2","9":"product_cat-silmakreem","11":"first","12":"instock","13":"sale","14":"shipping-taxable","15":"purchasable","16":"product-type-simple","17":"entry","18":"content-bg","19":"loop-entry"},"supplier_id":null,"supplier_sku":"","barcode":null,"atum_controlled":true,"out_stock_date":null,"out_stock_threshold":null,"inheritable":false,"inbound_stock":0,"stock_on_hold":0,"sold_today":0,"sales_last_days":1,"out_stock_days":0,"lost_sales":0,"has_location":false,"update_date":"2026-04-15T00:05:16","atum_locations":[],"atum_stock_status":"instock","restock_status":false,"low_stock_amount":"","sales_update_date":"2026-04-15T00:05:16","calc_backorders":null,"yoast_head":"<!-- This site is optimized with the Yoast SEO plugin v27.2 - https:\/\/yoast.com\/product\/yoast-seo-wordpress\/ -->\n<title>Medi-Peel Cell Toxing Dermajours Repair Eye Cream - IDA.KOREA<\/title>\n<meta name=\"description\" content=\"Tugevdav silmakreem t\u00fcvirakkudega Medi-Peel Cell Toxing Dermajours Repair Eye Cream stimuleerib uute kollageeni- ja elastiinikiudude s\u00fcnteesi protsessi, et intensiivselt t\u00f5sta naha elastsust.\" \/>\n<meta name=\"robots\" content=\"index, follow, max-snippet:-1, max-image-preview:large, max-video-preview:-1\" \/>\n<link rel=\"canonical\" href=\"https:\/\/idakorea.ee\/en\/product\/pinguldav-silmakreem-tuvirakkudega-medi-peel-cell-toxing-demajour-repair-eye-cream-30ml\/\" \/>\n<meta property=\"og:locale\" content=\"en_US\" \/>\n<meta property=\"og:type\" content=\"article\" \/>\n<meta property=\"og:title\" content=\"Medi-Peel Cell Toxing Dermajours Repair Eye Cream - IDA.KOREA\" \/>\n<meta property=\"og:description\" content=\"Tugevdav silmakreem t\u00fcvirakkudega Medi-Peel Cell Toxing Dermajours Repair Eye Cream stimuleerib uute kollageeni- ja elastiinikiudude s\u00fcnteesi protsessi, et intensiivselt t\u00f5sta naha elastsust.\" \/>\n<meta property=\"og:url\" content=\"https:\/\/idakorea.ee\/en\/product\/pinguldav-silmakreem-tuvirakkudega-medi-peel-cell-toxing-demajour-repair-eye-cream-30ml\/\" \/>\n<meta property=\"og:site_name\" content=\"IDA.KOREA\" \/>\n<meta property=\"article:modified_time\" content=\"2026-04-07T09:04:23+00:00\" \/>\n<meta property=\"og:image\" content=\"https:\/\/idakorea.ee\/wp-content\/uploads\/2024\/05\/04-_4_-_1_.png\" \/>\n\t<meta property=\"og:image:width\" content=\"1000\" \/>\n\t<meta property=\"og:image:height\" content=\"1000\" \/>\n\t<meta property=\"og:image:type\" content=\"image\/png\" \/>\n<meta name=\"twitter:card\" content=\"summary_large_image\" \/>\n<meta name=\"twitter:label1\" content=\"Est. reading time\" \/>\n\t<meta name=\"twitter:data1\" content=\"2 minutes\" \/>\n<script type=\"application\/ld+json\" class=\"yoast-schema-graph\">{\"@context\":\"https:\/\/schema.org\",\"@graph\":[{\"@type\":\"WebPage\",\"@id\":\"https:\/\/idakorea.ee\/product\/pinguldav-silmakreem-tuvirakkudega-medi-peel-cell-toxing-demajour-repair-eye-cream-30ml\/\",\"url\":\"https:\/\/idakorea.ee\/product\/pinguldav-silmakreem-tuvirakkudega-medi-peel-cell-toxing-demajour-repair-eye-cream-30ml\/\",\"name\":\"Medi-Peel Cell Toxing Dermajours Repair Eye Cream - IDA.KOREA\",\"isPartOf\":{\"@id\":\"https:\/\/idakorea.ee\/#website\"},\"primaryImageOfPage\":{\"@id\":\"https:\/\/idakorea.ee\/product\/pinguldav-silmakreem-tuvirakkudega-medi-peel-cell-toxing-demajour-repair-eye-cream-30ml\/#primaryimage\"},\"image\":{\"@id\":\"https:\/\/idakorea.ee\/product\/pinguldav-silmakreem-tuvirakkudega-medi-peel-cell-toxing-demajour-repair-eye-cream-30ml\/#primaryimage\"},\"thumbnailUrl\":\"https:\/\/idakorea.ee\/wp-content\/uploads\/2024\/05\/04-_4_-_1_.png\",\"datePublished\":\"2024-05-29T11:57:29+00:00\",\"dateModified\":\"2026-04-07T09:04:23+00:00\",\"description\":\"Tugevdav silmakreem t\u00fcvirakkudega Medi-Peel Cell Toxing Dermajours Repair Eye Cream stimuleerib uute kollageeni- ja elastiinikiudude s\u00fcnteesi protsessi, et intensiivselt t\u00f5sta naha elastsust.\",\"breadcrumb\":{\"@id\":\"https:\/\/idakorea.ee\/product\/pinguldav-silmakreem-tuvirakkudega-medi-peel-cell-toxing-demajour-repair-eye-cream-30ml\/#breadcrumb\"},\"inLanguage\":\"en-US\",\"potentialAction\":[{\"@type\":\"ReadAction\",\"target\":[\"https:\/\/idakorea.ee\/product\/pinguldav-silmakreem-tuvirakkudega-medi-peel-cell-toxing-demajour-repair-eye-cream-30ml\/\"]}]},{\"@type\":\"ImageObject\",\"inLanguage\":\"en-US\",\"@id\":\"https:\/\/idakorea.ee\/product\/pinguldav-silmakreem-tuvirakkudega-medi-peel-cell-toxing-demajour-repair-eye-cream-30ml\/#primaryimage\",\"url\":\"https:\/\/idakorea.ee\/wp-content\/uploads\/2024\/05\/04-_4_-_1_.png\",\"contentUrl\":\"https:\/\/idakorea.ee\/wp-content\/uploads\/2024\/05\/04-_4_-_1_.png\",\"width\":1000,\"height\":1000},{\"@type\":\"BreadcrumbList\",\"@id\":\"https:\/\/idakorea.ee\/product\/pinguldav-silmakreem-tuvirakkudega-medi-peel-cell-toxing-demajour-repair-eye-cream-30ml\/#breadcrumb\",\"itemListElement\":[{\"@type\":\"ListItem\",\"position\":1,\"name\":\"\u0413\u043b\u0430\u0432\u043d\u0430\u044f \u0441\u0442\u0440\u0430\u043d\u0438\u0446\u0430\",\"item\":\"https:\/\/idakorea.ee\/\"},{\"@type\":\"ListItem\",\"position\":2,\"name\":\"Shop\",\"item\":\"https:\/\/idakorea.ee\/shop-2\/\"},{\"@type\":\"ListItem\",\"position\":3,\"name\":\"Pinguldav silmakreem t\u00fcvirakkudega Medi-Peel Cell Toxing Dermajours Repair Eye Cream, 30ml\"}]},{\"@type\":\"WebSite\",\"@id\":\"https:\/\/idakorea.ee\/#website\",\"url\":\"https:\/\/idakorea.ee\/\",\"name\":\"IDA.KOREA\",\"description\":\"Korea kosmeetika e-pood\",\"publisher\":{\"@id\":\"https:\/\/idakorea.ee\/#organization\"},\"alternateName\":\"Beauty Shop\",\"potentialAction\":[{\"@type\":\"SearchAction\",\"target\":{\"@type\":\"EntryPoint\",\"urlTemplate\":\"https:\/\/idakorea.ee\/?s={search_term_string}\"},\"query-input\":{\"@type\":\"PropertyValueSpecification\",\"valueRequired\":true,\"valueName\":\"search_term_string\"}}],\"inLanguage\":\"en-US\"},{\"@type\":\"Organization\",\"@id\":\"https:\/\/idakorea.ee\/#organization\",\"name\":\"IDA.KOREA\",\"url\":\"https:\/\/idakorea.ee\/\",\"logo\":{\"@type\":\"ImageObject\",\"inLanguage\":\"en-US\",\"@id\":\"https:\/\/idakorea.ee\/#\/schema\/logo\/image\/\",\"url\":\"https:\/\/idakorea.ee\/wp-content\/uploads\/2024\/05\/cropped-korea3.png\",\"contentUrl\":\"https:\/\/idakorea.ee\/wp-content\/uploads\/2024\/05\/cropped-korea3.png\",\"width\":688,\"height\":126,\"caption\":\"IDA.KOREA\"},\"image\":{\"@id\":\"https:\/\/idakorea.ee\/#\/schema\/logo\/image\/\"},\"sameAs\":[\"https:\/\/www.instagram.com\/ida.korea\/\"]}]}<\/script>\n<!-- \/ Yoast SEO plugin. -->","yoast_head_json":{"title":"Medi-Peel Cell Toxing Dermajours Repair Eye Cream - IDA.KOREA","description":"Medi-Peel Cell Toxing Dermajours Repair Eye Cream stimulates the synthesis of new collagen and elastin fibers to intensively increase skin elasticity.","robots":{"index":"index","follow":"follow","max-snippet":"max-snippet:-1","max-image-preview":"max-image-preview:large","max-video-preview":"max-video-preview:-1"},"canonical":"https:\/\/idakorea.ee\/en\/product\/pinguldav-silmakreem-tuvirakkudega-medi-peel-cell-toxing-demajour-repair-eye-cream-30ml\/","og_locale":"en_US","og_type":"article","og_title":"Medi-Peel Cell Toxing Dermajours Repair Eye Cream - IDA.KOREA","og_description":"Tugevdav silmakreem t\u00fcvirakkudega Medi-Peel Cell Toxing Dermajours Repair Eye Cream stimuleerib uute kollageeni- ja elastiinikiudude s\u00fcnteesi protsessi, et intensiivselt t\u00f5sta naha elastsust.","og_url":"https:\/\/idakorea.ee\/en\/product\/pinguldav-silmakreem-tuvirakkudega-medi-peel-cell-toxing-demajour-repair-eye-cream-30ml\/","og_site_name":"IDA.KOREA","article_modified_time":"2026-04-07T09:04:23+00:00","og_image":[{"width":1000,"height":1000,"url":"https:\/\/idakorea.ee\/wp-content\/uploads\/2024\/05\/04-_4_-_1_.png","type":"image\/png"}],"twitter_card":"summary_large_image","twitter_misc":{"Est. reading time":"2 minutes"},"schema":{"@context":"https:\/\/schema.org","@graph":[{"@type":"WebPage","@id":"https:\/\/idakorea.ee\/product\/pinguldav-silmakreem-tuvirakkudega-medi-peel-cell-toxing-demajour-repair-eye-cream-30ml\/","url":"https:\/\/idakorea.ee\/product\/pinguldav-silmakreem-tuvirakkudega-medi-peel-cell-toxing-demajour-repair-eye-cream-30ml\/","name":"Medi-Peel Cell Toxing Dermajours Repair Eye Cream - IDA.KOREA","isPartOf":{"@id":"https:\/\/idakorea.ee\/#website"},"primaryImageOfPage":{"@id":"https:\/\/idakorea.ee\/product\/pinguldav-silmakreem-tuvirakkudega-medi-peel-cell-toxing-demajour-repair-eye-cream-30ml\/#primaryimage"},"image":{"@id":"https:\/\/idakorea.ee\/product\/pinguldav-silmakreem-tuvirakkudega-medi-peel-cell-toxing-demajour-repair-eye-cream-30ml\/#primaryimage"},"thumbnailUrl":"https:\/\/idakorea.ee\/wp-content\/uploads\/2024\/05\/04-_4_-_1_.png","datePublished":"2024-05-29T11:57:29+00:00","dateModified":"2026-04-07T09:04:23+00:00","description":"Medi-Peel Cell Toxing Dermajours Repair Eye Cream stimulates the synthesis of new collagen and elastin fibers to intensively increase skin elasticity.","breadcrumb":{"@id":"https:\/\/idakorea.ee\/product\/pinguldav-silmakreem-tuvirakkudega-medi-peel-cell-toxing-demajour-repair-eye-cream-30ml\/#breadcrumb"},"inLanguage":"en-US","potentialAction":[{"@type":"ReadAction","target":["https:\/\/idakorea.ee\/product\/pinguldav-silmakreem-tuvirakkudega-medi-peel-cell-toxing-demajour-repair-eye-cream-30ml\/"]}]},{"@type":"ImageObject","inLanguage":"en-US","@id":"https:\/\/idakorea.ee\/product\/pinguldav-silmakreem-tuvirakkudega-medi-peel-cell-toxing-demajour-repair-eye-cream-30ml\/#primaryimage","url":"https:\/\/idakorea.ee\/wp-content\/uploads\/2024\/05\/04-_4_-_1_.png","contentUrl":"https:\/\/idakorea.ee\/wp-content\/uploads\/2024\/05\/04-_4_-_1_.png","width":1000,"height":1000},{"@type":"BreadcrumbList","@id":"https:\/\/idakorea.ee\/product\/pinguldav-silmakreem-tuvirakkudega-medi-peel-cell-toxing-demajour-repair-eye-cream-30ml\/#breadcrumb","itemListElement":[{"@type":"ListItem","position":1,"name":"\u0413\u043b\u0430\u0432\u043d\u0430\u044f \u0441\u0442\u0440\u0430\u043d\u0438\u0446\u0430","item":"https:\/\/idakorea.ee\/"},{"@type":"ListItem","position":2,"name":"Shop","item":"https:\/\/idakorea.ee\/shop-2\/"},{"@type":"ListItem","position":3,"name":"Pinguldav silmakreem t\u00fcvirakkudega Medi-Peel Cell Toxing Dermajours Repair Eye Cream, 30ml"}]},{"@type":"WebSite","@id":"https:\/\/idakorea.ee\/#website","url":"https:\/\/idakorea.ee\/","name":"IDA.KOREA","description":"Korean cosmetics e-shop","publisher":{"@id":"https:\/\/idakorea.ee\/#organization"},"alternateName":"Beauty Shop","potentialAction":[{"@type":"SearchAction","target":{"@type":"EntryPoint","urlTemplate":"https:\/\/idakorea.ee\/?s={search_term_string}"},"query-input":{"@type":"PropertyValueSpecification","valueRequired":true,"valueName":"search_term_string"}}],"inLanguage":"en-US"},{"@type":"Organization","@id":"https:\/\/idakorea.ee\/#organization","name":"IDA.KOREA","url":"https:\/\/idakorea.ee\/","logo":{"@type":"ImageObject","inLanguage":"en-US","@id":"https:\/\/idakorea.ee\/#\/schema\/logo\/image\/","url":"https:\/\/idakorea.ee\/wp-content\/uploads\/2024\/05\/cropped-korea3.png","contentUrl":"https:\/\/idakorea.ee\/wp-content\/uploads\/2024\/05\/cropped-korea3.png","width":688,"height":126,"caption":"IDA.KOREA"},"image":{"@id":"https:\/\/idakorea.ee\/#\/schema\/logo\/image\/"},"sameAs":["https:\/\/www.instagram.com\/ida.korea\/"]}]}},"jetpack_sharing_enabled":true,"brands":[{"id":107,"name":"MEDIPEEL+","slug":"medipeel"}],"_links":{"self":[{"href":"https:\/\/idakorea.ee\/en\/wp-json\/wp\/v2\/product\/1607","targetHints":{"allow":["GET"]}}],"collection":[{"href":"https:\/\/idakorea.ee\/en\/wp-json\/wp\/v2\/product"}],"about":[{"href":"https:\/\/idakorea.ee\/en\/wp-json\/wp\/v2\/types\/product"}],"replies":[{"embeddable":true,"href":"https:\/\/idakorea.ee\/en\/wp-json\/wp\/v2\/comments?post=1607"}],"version-history":[{"count":3,"href":"https:\/\/idakorea.ee\/en\/wp-json\/wp\/v2\/product\/1607\/revisions"}],"predecessor-version":[{"id":17410,"href":"https:\/\/idakorea.ee\/en\/wp-json\/wp\/v2\/product\/1607\/revisions\/17410"}],"wp:featuredmedia":[{"embeddable":true,"href":"https:\/\/idakorea.ee\/en\/wp-json\/wp\/v2\/media\/1612"}],"wp:attachment":[{"href":"https:\/\/idakorea.ee\/en\/wp-json\/wp\/v2\/media?parent=1607"}],"wp:term":[{"taxonomy":"pwb-brand","embeddable":true,"href":"https:\/\/idakorea.ee\/en\/wp-json\/wp\/v2\/pwb-brand?post=1607"},{"taxonomy":"product_brand","embeddable":true,"href":"https:\/\/idakorea.ee\/en\/wp-json\/wp\/v2\/product_brand?post=1607"},{"taxonomy":"product_cat","embeddable":true,"href":"https:\/\/idakorea.ee\/en\/wp-json\/wp\/v2\/product_cat?post=1607"},{"taxonomy":"product_tag","embeddable":true,"href":"https:\/\/idakorea.ee\/en\/wp-json\/wp\/v2\/product_tag?post=1607"}],"curies":[{"name":"wp","href":"https:\/\/api.w.org\/{rel}","templated":true}]}}