{"id":16080,"date":"2025-10-09T15:14:24","date_gmt":"2025-10-09T12:14:24","guid":{"rendered":"https:\/\/idakorea.ee\/?post_type=product&#038;p=16080"},"modified":"2026-04-12T18:23:52","modified_gmt":"2026-04-12T16:23:52","slug":"shiseido-fino-premium-touch-hair-mask-230g","status":"publish","type":"product","link":"https:\/\/idakorea.ee\/en\/product\/shiseido-fino-premium-touch-hair-mask-230g\/","title":{"rendered":"Mask for dry and damaged hair Shiseido Fino Premium Touch Hair Mask, 230g"},"content":{"rendered":"<p>A unique deep-penetrating mask that restores the structure of severely damaged hair caused by chemicals, dyes or sunlight, for damaged hair ends.<\/p>\n<p>The intensive effect restores damaged hair, making it thicker, more elastic and smoother. This mask is an excellent hair and scalp care product, contains an active serum with six ingredients, including royal jelly, trehalose, PCA, phytostearyl, skin moisture regulator, squalene, glutamic acid, which, upon contact with the skin and hair, quickly spreads along the entire length of each hair, up to the roots of damaged hair, making the hair lively and healthy. Contains royal jelly, which helps retain moisture and prevents the formation of dry and brittle hair. Thanks to the oligoelements of the hair, the appearance of the hair becomes healthy.<\/p>\n<p><strong>Usage:<\/strong> Apply to hair after washing, leave on for 5 minutes, then rinse with warm water.<\/p>\n<p><strong>Composition:<\/strong> Water, sorbitol, dimethicone, alcohol-hydrogenated rapeseed oil, isopentyldiol, behentrimonium chloride, aminopropyl dimechicon, alkyl (C12, 14) oxyhydroxypropylarginine HCl, stearyldihydroxypropyluzimonium oligo sugar and glutamic acid, trehalose, squalene, stearyltrimonium chloride, PEG-90M, PCA, lauroyl glutamic acid di (and) (phytosteryl \/ octyldodecyl), hydrolyzed wheat protein, Polyquaternium \u2013 64, hydrolyzed komugidenpun, Royal Jelly extract, isopropyl alcohol, cetyl alcohol, octyldodecanol, ethanol and PG, BG, tocopherol, phenoxyethanol, sodium benzoate, fragrance, dye yellow 5.<\/p>","protected":false},"excerpt":{"rendered":"<p>A unique deep-penetrating mask that restores the structure of hair severely damaged by chemicals, dyes or sunlight, for damaged hair ends. The intensive effect restores damaged hair, making it thicker, more elastic and smooth. This mask is an excellent hair and scalp care product, contains an active serum with six ingredients, including royal jelly, trehalose, PCA, phytostearyl, skin moisture regulator, squalene, glutamic acid, which\u2026<\/p>","protected":false},"featured_media":16081,"comment_status":"open","ping_status":"closed","template":"","meta":{"_uf_show_specific_survey":0,"_uf_disable_surveys":false,"_bst_post_transparent":"default","_bst_post_title":"","_bst_post_layout":"default","_bst_post_sidebar_id":"","_bst_post_content_style":"default","_bst_post_vertical_padding":"default","_bst_post_feature":"","_bst_post_feature_position":"","_bst_post_header":false,"_bst_post_footer":false},"pwb-brand":[995],"product_brand":[],"product_cat":[923],"product_tag":[997,996,614,466],"class_list":{"0":"post-16080","1":"product","2":"type-product","3":"status-publish","4":"has-post-thumbnail","6":"pwb-brand-shiseido","7":"product_cat-juuksed","8":"product_tag-hair-mask","9":"product_tag-japan","10":"product_tag-mask","11":"product_tag-premium","13":"first","14":"instock","15":"sale","16":"shipping-taxable","17":"purchasable","18":"product-type-simple","19":"entry","20":"content-bg","21":"loop-entry"},"supplier_id":null,"supplier_sku":"","barcode":null,"atum_controlled":true,"out_stock_date":null,"out_stock_threshold":null,"inheritable":false,"inbound_stock":0,"stock_on_hold":0,"sold_today":0,"sales_last_days":2,"out_stock_days":0,"lost_sales":0,"has_location":false,"update_date":"2026-04-14T07:24:36","atum_locations":[],"atum_stock_status":"instock","restock_status":false,"low_stock_amount":"","sales_update_date":"2026-04-14T07:24:36","calc_backorders":null,"yoast_head":"<!-- This site is optimized with the Yoast SEO plugin v27.2 - https:\/\/yoast.com\/product\/yoast-seo-wordpress\/ -->\n<title>Shiseido Fino Premium Touch Hair Mask, 230g - IDA.KOREA<\/title>\n<meta name=\"description\" content=\"Unikaalne s\u00fcgavale sissetungiv mask, mis\u00a0taastab tugevalt kahjustatud juuste struktuuri \u00a0kemikaalide, v\u00e4rvide v\u00f5i p\u00e4ikesevalguse poolt. - Made in Japan\" \/>\n<meta name=\"robots\" content=\"index, follow, max-snippet:-1, max-image-preview:large, max-video-preview:-1\" \/>\n<link rel=\"canonical\" href=\"https:\/\/idakorea.ee\/en\/product\/shiseido-fino-premium-touch-hair-mask-230g\/\" \/>\n<meta property=\"og:locale\" content=\"en_US\" \/>\n<meta property=\"og:type\" content=\"article\" \/>\n<meta property=\"og:title\" content=\"Shiseido Fino Premium Touch Hair Mask, 230g - IDA.KOREA\" \/>\n<meta property=\"og:description\" content=\"Unikaalne s\u00fcgavale sissetungiv mask, mis\u00a0taastab tugevalt kahjustatud juuste struktuuri \u00a0kemikaalide, v\u00e4rvide v\u00f5i p\u00e4ikesevalguse poolt. - Made in Japan\" \/>\n<meta property=\"og:url\" content=\"https:\/\/idakorea.ee\/en\/product\/shiseido-fino-premium-touch-hair-mask-230g\/\" \/>\n<meta property=\"og:site_name\" content=\"IDA.KOREA\" \/>\n<meta property=\"article:modified_time\" content=\"2026-04-12T16:23:52+00:00\" \/>\n<meta property=\"og:image\" content=\"https:\/\/idakorea.ee\/wp-content\/uploads\/2025\/10\/shiseido-fino-premium-touch-hair-mask-idakorea.ee_.webp\" \/>\n\t<meta property=\"og:image:width\" content=\"1000\" \/>\n\t<meta property=\"og:image:height\" content=\"1000\" \/>\n\t<meta property=\"og:image:type\" content=\"image\/webp\" \/>\n<meta name=\"twitter:card\" content=\"summary_large_image\" \/>\n<meta name=\"twitter:label1\" content=\"Est. reading time\" \/>\n\t<meta name=\"twitter:data1\" content=\"2 minutes\" \/>\n<script type=\"application\/ld+json\" class=\"yoast-schema-graph\">{\"@context\":\"https:\/\/schema.org\",\"@graph\":[{\"@type\":\"WebPage\",\"@id\":\"https:\/\/idakorea.ee\/product\/shiseido-fino-premium-touch-hair-mask-230g\/\",\"url\":\"https:\/\/idakorea.ee\/product\/shiseido-fino-premium-touch-hair-mask-230g\/\",\"name\":\"Shiseido Fino Premium Touch Hair Mask, 230g - IDA.KOREA\",\"isPartOf\":{\"@id\":\"https:\/\/idakorea.ee\/#website\"},\"primaryImageOfPage\":{\"@id\":\"https:\/\/idakorea.ee\/product\/shiseido-fino-premium-touch-hair-mask-230g\/#primaryimage\"},\"image\":{\"@id\":\"https:\/\/idakorea.ee\/product\/shiseido-fino-premium-touch-hair-mask-230g\/#primaryimage\"},\"thumbnailUrl\":\"https:\/\/idakorea.ee\/wp-content\/uploads\/2025\/10\/shiseido-fino-premium-touch-hair-mask-idakorea.ee_.webp\",\"datePublished\":\"2025-10-09T12:14:24+00:00\",\"dateModified\":\"2026-04-12T16:23:52+00:00\",\"description\":\"Unikaalne s\u00fcgavale sissetungiv mask, mis\u00a0taastab tugevalt kahjustatud juuste struktuuri \u00a0kemikaalide, v\u00e4rvide v\u00f5i p\u00e4ikesevalguse poolt. - Made in Japan\",\"breadcrumb\":{\"@id\":\"https:\/\/idakorea.ee\/product\/shiseido-fino-premium-touch-hair-mask-230g\/#breadcrumb\"},\"inLanguage\":\"en-US\",\"potentialAction\":[{\"@type\":\"ReadAction\",\"target\":[\"https:\/\/idakorea.ee\/product\/shiseido-fino-premium-touch-hair-mask-230g\/\"]}]},{\"@type\":\"ImageObject\",\"inLanguage\":\"en-US\",\"@id\":\"https:\/\/idakorea.ee\/product\/shiseido-fino-premium-touch-hair-mask-230g\/#primaryimage\",\"url\":\"https:\/\/idakorea.ee\/wp-content\/uploads\/2025\/10\/shiseido-fino-premium-touch-hair-mask-idakorea.ee_.webp\",\"contentUrl\":\"https:\/\/idakorea.ee\/wp-content\/uploads\/2025\/10\/shiseido-fino-premium-touch-hair-mask-idakorea.ee_.webp\",\"width\":1000,\"height\":1000},{\"@type\":\"BreadcrumbList\",\"@id\":\"https:\/\/idakorea.ee\/product\/shiseido-fino-premium-touch-hair-mask-230g\/#breadcrumb\",\"itemListElement\":[{\"@type\":\"ListItem\",\"position\":1,\"name\":\"\u0413\u043b\u0430\u0432\u043d\u0430\u044f \u0441\u0442\u0440\u0430\u043d\u0438\u0446\u0430\",\"item\":\"https:\/\/idakorea.ee\/\"},{\"@type\":\"ListItem\",\"position\":2,\"name\":\"Shop\",\"item\":\"https:\/\/idakorea.ee\/shop-2\/\"},{\"@type\":\"ListItem\",\"position\":3,\"name\":\"Mask kuivadele ja kahjustatud juustele Shiseido Fino Premium Touch Hair Mask, 230g\"}]},{\"@type\":\"WebSite\",\"@id\":\"https:\/\/idakorea.ee\/#website\",\"url\":\"https:\/\/idakorea.ee\/\",\"name\":\"IDA.KOREA\",\"description\":\"Korea kosmeetika e-pood\",\"publisher\":{\"@id\":\"https:\/\/idakorea.ee\/#organization\"},\"alternateName\":\"Beauty Shop\",\"potentialAction\":[{\"@type\":\"SearchAction\",\"target\":{\"@type\":\"EntryPoint\",\"urlTemplate\":\"https:\/\/idakorea.ee\/?s={search_term_string}\"},\"query-input\":{\"@type\":\"PropertyValueSpecification\",\"valueRequired\":true,\"valueName\":\"search_term_string\"}}],\"inLanguage\":\"en-US\"},{\"@type\":\"Organization\",\"@id\":\"https:\/\/idakorea.ee\/#organization\",\"name\":\"IDA.KOREA\",\"url\":\"https:\/\/idakorea.ee\/\",\"logo\":{\"@type\":\"ImageObject\",\"inLanguage\":\"en-US\",\"@id\":\"https:\/\/idakorea.ee\/#\/schema\/logo\/image\/\",\"url\":\"https:\/\/idakorea.ee\/wp-content\/uploads\/2024\/05\/cropped-korea3.png\",\"contentUrl\":\"https:\/\/idakorea.ee\/wp-content\/uploads\/2024\/05\/cropped-korea3.png\",\"width\":688,\"height\":126,\"caption\":\"IDA.KOREA\"},\"image\":{\"@id\":\"https:\/\/idakorea.ee\/#\/schema\/logo\/image\/\"},\"sameAs\":[\"https:\/\/www.instagram.com\/ida.korea\/\"]}]}<\/script>\n<!-- \/ Yoast SEO plugin. -->","yoast_head_json":{"title":"Shiseido Fino Premium Touch Hair Mask, 230g - IDA.KOREA","description":"A unique deep-penetrating mask that restores the structure of hair severely damaged by chemicals, dyes or sunlight. - Made in Japan","robots":{"index":"index","follow":"follow","max-snippet":"max-snippet:-1","max-image-preview":"max-image-preview:large","max-video-preview":"max-video-preview:-1"},"canonical":"https:\/\/idakorea.ee\/en\/product\/shiseido-fino-premium-touch-hair-mask-230g\/","og_locale":"en_US","og_type":"article","og_title":"Shiseido Fino Premium Touch Hair Mask, 230g - IDA.KOREA","og_description":"Unikaalne s\u00fcgavale sissetungiv mask, mis\u00a0taastab tugevalt kahjustatud juuste struktuuri \u00a0kemikaalide, v\u00e4rvide v\u00f5i p\u00e4ikesevalguse poolt. - Made in Japan","og_url":"https:\/\/idakorea.ee\/en\/product\/shiseido-fino-premium-touch-hair-mask-230g\/","og_site_name":"IDA.KOREA","article_modified_time":"2026-04-12T16:23:52+00:00","og_image":[{"width":1000,"height":1000,"url":"https:\/\/idakorea.ee\/wp-content\/uploads\/2025\/10\/shiseido-fino-premium-touch-hair-mask-idakorea.ee_.webp","type":"image\/webp"}],"twitter_card":"summary_large_image","twitter_misc":{"Est. reading time":"2 minutes"},"schema":{"@context":"https:\/\/schema.org","@graph":[{"@type":"WebPage","@id":"https:\/\/idakorea.ee\/product\/shiseido-fino-premium-touch-hair-mask-230g\/","url":"https:\/\/idakorea.ee\/product\/shiseido-fino-premium-touch-hair-mask-230g\/","name":"Shiseido Fino Premium Touch Hair Mask, 230g - IDA.KOREA","isPartOf":{"@id":"https:\/\/idakorea.ee\/#website"},"primaryImageOfPage":{"@id":"https:\/\/idakorea.ee\/product\/shiseido-fino-premium-touch-hair-mask-230g\/#primaryimage"},"image":{"@id":"https:\/\/idakorea.ee\/product\/shiseido-fino-premium-touch-hair-mask-230g\/#primaryimage"},"thumbnailUrl":"https:\/\/idakorea.ee\/wp-content\/uploads\/2025\/10\/shiseido-fino-premium-touch-hair-mask-idakorea.ee_.webp","datePublished":"2025-10-09T12:14:24+00:00","dateModified":"2026-04-12T16:23:52+00:00","description":"A unique deep-penetrating mask that restores the structure of hair severely damaged by chemicals, dyes or sunlight. - Made in Japan","breadcrumb":{"@id":"https:\/\/idakorea.ee\/product\/shiseido-fino-premium-touch-hair-mask-230g\/#breadcrumb"},"inLanguage":"en-US","potentialAction":[{"@type":"ReadAction","target":["https:\/\/idakorea.ee\/product\/shiseido-fino-premium-touch-hair-mask-230g\/"]}]},{"@type":"ImageObject","inLanguage":"en-US","@id":"https:\/\/idakorea.ee\/product\/shiseido-fino-premium-touch-hair-mask-230g\/#primaryimage","url":"https:\/\/idakorea.ee\/wp-content\/uploads\/2025\/10\/shiseido-fino-premium-touch-hair-mask-idakorea.ee_.webp","contentUrl":"https:\/\/idakorea.ee\/wp-content\/uploads\/2025\/10\/shiseido-fino-premium-touch-hair-mask-idakorea.ee_.webp","width":1000,"height":1000},{"@type":"BreadcrumbList","@id":"https:\/\/idakorea.ee\/product\/shiseido-fino-premium-touch-hair-mask-230g\/#breadcrumb","itemListElement":[{"@type":"ListItem","position":1,"name":"\u0413\u043b\u0430\u0432\u043d\u0430\u044f \u0441\u0442\u0440\u0430\u043d\u0438\u0446\u0430","item":"https:\/\/idakorea.ee\/"},{"@type":"ListItem","position":2,"name":"Shop","item":"https:\/\/idakorea.ee\/shop-2\/"},{"@type":"ListItem","position":3,"name":"Mask kuivadele ja kahjustatud juustele Shiseido Fino Premium Touch Hair Mask, 230g"}]},{"@type":"WebSite","@id":"https:\/\/idakorea.ee\/#website","url":"https:\/\/idakorea.ee\/","name":"IDA.KOREA","description":"Korean cosmetics e-shop","publisher":{"@id":"https:\/\/idakorea.ee\/#organization"},"alternateName":"Beauty Shop","potentialAction":[{"@type":"SearchAction","target":{"@type":"EntryPoint","urlTemplate":"https:\/\/idakorea.ee\/?s={search_term_string}"},"query-input":{"@type":"PropertyValueSpecification","valueRequired":true,"valueName":"search_term_string"}}],"inLanguage":"en-US"},{"@type":"Organization","@id":"https:\/\/idakorea.ee\/#organization","name":"IDA.KOREA","url":"https:\/\/idakorea.ee\/","logo":{"@type":"ImageObject","inLanguage":"en-US","@id":"https:\/\/idakorea.ee\/#\/schema\/logo\/image\/","url":"https:\/\/idakorea.ee\/wp-content\/uploads\/2024\/05\/cropped-korea3.png","contentUrl":"https:\/\/idakorea.ee\/wp-content\/uploads\/2024\/05\/cropped-korea3.png","width":688,"height":126,"caption":"IDA.KOREA"},"image":{"@id":"https:\/\/idakorea.ee\/#\/schema\/logo\/image\/"},"sameAs":["https:\/\/www.instagram.com\/ida.korea\/"]}]}},"jetpack_sharing_enabled":true,"brands":[{"id":995,"name":"SHISEIDO","slug":"shiseido"}],"_links":{"self":[{"href":"https:\/\/idakorea.ee\/en\/wp-json\/wp\/v2\/product\/16080","targetHints":{"allow":["GET"]}}],"collection":[{"href":"https:\/\/idakorea.ee\/en\/wp-json\/wp\/v2\/product"}],"about":[{"href":"https:\/\/idakorea.ee\/en\/wp-json\/wp\/v2\/types\/product"}],"replies":[{"embeddable":true,"href":"https:\/\/idakorea.ee\/en\/wp-json\/wp\/v2\/comments?post=16080"}],"version-history":[{"count":1,"href":"https:\/\/idakorea.ee\/en\/wp-json\/wp\/v2\/product\/16080\/revisions"}],"predecessor-version":[{"id":16084,"href":"https:\/\/idakorea.ee\/en\/wp-json\/wp\/v2\/product\/16080\/revisions\/16084"}],"wp:featuredmedia":[{"embeddable":true,"href":"https:\/\/idakorea.ee\/en\/wp-json\/wp\/v2\/media\/16081"}],"wp:attachment":[{"href":"https:\/\/idakorea.ee\/en\/wp-json\/wp\/v2\/media?parent=16080"}],"wp:term":[{"taxonomy":"pwb-brand","embeddable":true,"href":"https:\/\/idakorea.ee\/en\/wp-json\/wp\/v2\/pwb-brand?post=16080"},{"taxonomy":"product_brand","embeddable":true,"href":"https:\/\/idakorea.ee\/en\/wp-json\/wp\/v2\/product_brand?post=16080"},{"taxonomy":"product_cat","embeddable":true,"href":"https:\/\/idakorea.ee\/en\/wp-json\/wp\/v2\/product_cat?post=16080"},{"taxonomy":"product_tag","embeddable":true,"href":"https:\/\/idakorea.ee\/en\/wp-json\/wp\/v2\/product_tag?post=16080"}],"curies":[{"name":"wp","href":"https:\/\/api.w.org\/{rel}","templated":true}]}}