{"id":16087,"date":"2025-10-09T15:32:17","date_gmt":"2025-10-09T12:32:17","guid":{"rendered":"https:\/\/idakorea.ee\/?post_type=product&#038;p=16087"},"modified":"2026-03-08T11:33:57","modified_gmt":"2026-03-08T09:33:57","slug":"tsubaki-premium-ex-repair-hair-mask-180g","status":"publish","type":"product","link":"https:\/\/idakorea.ee\/en\/product\/tsubaki-premium-ex-repair-hair-mask-180g\/","title":{"rendered":"Instantly restoring hair mask Tsubaki Premium EX Repair Hair Mask, 180g"},"content":{"rendered":"<article class=\"text-token-text-primary w-full focus:outline-none [--shadow-height:45px] has-data-writing-block:pointer-events-none has-data-writing-block:-mt-(--shadow-height) has-data-writing-block:pt-(--shadow-height) [&amp;:has([data-writing-block])&gt;*]:pointer-events-auto scroll-mt-[calc(var(--header-height)+min(200px,max(70px,20svh)))]\" dir=\"auto\" tabindex=\"-1\" data-turn-id=\"81c04184-2443-4b70-80e9-a9966f2a3c4d\" data-testid=\"conversation-turn-5\" data-scroll-anchor=\"true\" data-turn=\"assistant\">\n<div class=\"text-base my-auto mx-auto pb-10 [--thread-content-margin:--spacing(4)] thread-sm:[--thread-content-margin:--spacing(6)] thread-lg:[--thread-content-margin:--spacing(16)] px-(--thread-content-margin)\">\n<div class=\"[--thread-content-max-width:40rem] thread-lg:[--thread-content-max-width:48rem] mx-auto max-w-(--thread-content-max-width) flex-1 group\/turn-messages focus-visible:outline-hidden relative flex w-full min-w-0 flex-col agent-turn\" tabindex=\"-1\">\n<div class=\"flex max-w-full flex-col grow\">\n<div class=\"min-h-8 text-message relative flex w-full flex-col items-end gap-2 text-start break-words whitespace-normal [.text-message+&amp;]:mt-5\" dir=\"auto\" data-message-author-role=\"assistant\" data-message-id=\"eb67e37c-4543-4225-b66e-6e7b9f44ff36\" data-message-model-slug=\"gpt-5\">\n<div class=\"flex w-full flex-col gap-1 empty:hidden first:pt-[1px]\">\n<div class=\"markdown prose dark:prose-invert w-full break-words light markdown-new-styling\">\n<p data-start=\"0\" data-end=\"462\"><strong>Shiseido Tsubaki Premium Ex Repair Mask<\/strong> on v\u00e4ljaloputatav juuksemask. See sisaldab kamellia\u00f5li, sojavalku ja kuninglikku taruvaiku ning kasutab uuenduslikku tehnoloogiat, mis aitab toitainetel s\u00fcgavale juustesse imenduda. Mask aitab s\u00e4ilitada toitaineid igas juukses, muutes juuksed kauniks ja terveks \u2014 justkui oleksid saanud salongihoolduse. Saad oma juukseid h\u00f5lpsalt kodus hooldada. Maskil on v\u00e4rske puuvilja-lillel\u00f5hn, milles on tunda virsiku ja pirni noote.<\/p>\n<p data-start=\"464\" data-end=\"478\"><strong data-start=\"464\" data-end=\"476\">Eelised:<\/strong><\/p>\n<ul data-start=\"479\" data-end=\"773\" data-is-last-node=\"\" data-is-only-node=\"\">\n<li data-start=\"479\" data-end=\"593\">\n<p data-start=\"481\" data-end=\"593\">Imendub s\u00fcgavale juustesse, laiendades toitainete imendumisteid ja muutes hoolduse t\u00f5husamaks kui kunagi varem<\/p>\n<\/li>\n<li data-start=\"594\" data-end=\"681\">\n<p data-start=\"596\" data-end=\"681\">Sisaldab koostisosi, mis muudavad juuksed pehmeks, siledaks, l\u00e4ikivaks ja tervemaks<\/p>\n<\/li>\n<li data-start=\"682\" data-end=\"725\">\n<p data-start=\"684\" data-end=\"725\">Aitab s\u00e4ilitada toitaineid igas juukses<\/p>\n<\/li>\n<li data-start=\"726\" data-end=\"773\" data-is-last-node=\"\">\n<p data-start=\"728\" data-end=\"773\" data-is-last-node=\"\">Muudab juuksed siidiseks, pehmeks ja s\u00e4ravaks<\/p>\n<\/li>\n<\/ul>\n<\/div>\n<\/div>\n<\/div>\n<\/div>\n<div class=\"z-0 flex min-h-[46px] justify-start\"><strong>Kasutamine:<\/strong> Kasutage maski p\u00e4rast juuste pesemist ja konditsioneerimist. Kandke mask juustele, m\u00e4\u00e4rige kogu juuste pikkuses ja loputage hoolikalt (mask kohe tungib juuste struktuuri, mist\u00f5ttu ei ole vaja seda juustel pikemalt hoida). Kasutage maski 1-2 korda n\u00e4dalas.<\/div>\n<div class=\"mt-3 w-full empty:hidden\">\n<div class=\"text-center\"><\/div>\n<\/div>\n<\/div>\n<\/div>\n<\/article>\n<div class=\"pointer-events-none h-px w-px\" aria-hidden=\"true\" data-edge=\"true\"><\/div>\n","protected":false},"excerpt":{"rendered":"<p>Shiseido Tsubaki Premium Ex Repair Mask is a rinse-out hair mask. It contains camellia oil, soy protein, and royal jelly, and uses innovative technology to help nutrients penetrate deep into the hair. The mask helps retain nutrients in each hair strand, making your hair beautiful and healthy \u2014 as if you had received a salon treatment. You can easily care for your hair at home. The mask has a fresh, fruity-floral scent that\u2026<\/p>","protected":false},"featured_media":16088,"comment_status":"open","ping_status":"closed","template":"","meta":{"_uf_show_specific_survey":0,"_uf_disable_surveys":false,"_bst_post_transparent":"default","_bst_post_title":"","_bst_post_layout":"default","_bst_post_sidebar_id":"","_bst_post_content_style":"default","_bst_post_vertical_padding":"default","_bst_post_feature":"","_bst_post_feature_position":"","_bst_post_header":false,"_bst_post_footer":false},"pwb-brand":[995],"product_brand":[],"product_cat":[923],"product_tag":[997,996,466],"class_list":{"0":"post-16087","1":"product","2":"type-product","3":"status-publish","4":"has-post-thumbnail","6":"pwb-brand-shiseido","7":"product_cat-juuksed","8":"product_tag-hair-mask","9":"product_tag-japan","10":"product_tag-premium","12":"first","13":"outofstock","14":"sale","15":"shipping-taxable","16":"purchasable","17":"product-type-simple","18":"entry","19":"content-bg","20":"loop-entry"},"supplier_id":null,"supplier_sku":"","barcode":null,"atum_controlled":true,"out_stock_date":"2026-03-08 11:33:57","out_stock_threshold":null,"inheritable":false,"inbound_stock":0,"stock_on_hold":0,"sold_today":0,"sales_last_days":0,"out_stock_days":36,"lost_sales":107,"has_location":false,"update_date":"2026-04-14T00:05:08","atum_locations":[],"atum_stock_status":"outofstock","restock_status":false,"low_stock_amount":"","sales_update_date":"2026-04-14T00:05:08","calc_backorders":null,"yoast_head":"<!-- This site is optimized with the Yoast SEO plugin v27.2 - https:\/\/yoast.com\/product\/yoast-seo-wordpress\/ -->\n<title>Tsubaki Premium EX Repair Hair Mask, 180g - IDA.KOREA<\/title>\n<meta name=\"description\" content=\"Luksuslik Shiseido Tsubaki Premium Repair Mask taastab ja tugevdab juukseid kamellia\u00f5li, sojavalkude ja kuningliku taruvaigu abil. - Made in Japan\" \/>\n<meta name=\"robots\" content=\"index, follow, max-snippet:-1, max-image-preview:large, max-video-preview:-1\" \/>\n<link rel=\"canonical\" href=\"https:\/\/idakorea.ee\/en\/product\/tsubaki-premium-ex-repair-hair-mask-180g\/\" \/>\n<meta property=\"og:locale\" content=\"en_US\" \/>\n<meta property=\"og:type\" content=\"article\" \/>\n<meta property=\"og:title\" content=\"Tsubaki Premium EX Repair Hair Mask, 180g - IDA.KOREA\" \/>\n<meta property=\"og:description\" content=\"Luksuslik Shiseido Tsubaki Premium Repair Mask taastab ja tugevdab juukseid kamellia\u00f5li, sojavalkude ja kuningliku taruvaigu abil. - Made in Japan\" \/>\n<meta property=\"og:url\" content=\"https:\/\/idakorea.ee\/en\/product\/tsubaki-premium-ex-repair-hair-mask-180g\/\" \/>\n<meta property=\"og:site_name\" content=\"IDA.KOREA\" \/>\n<meta property=\"article:modified_time\" content=\"2026-03-08T09:33:57+00:00\" \/>\n<meta property=\"og:image\" content=\"https:\/\/idakorea.ee\/wp-content\/uploads\/2025\/10\/shiseido-tsubaki-premium-repair-hair-mask-idakorea.jpg\" \/>\n\t<meta property=\"og:image:width\" content=\"1300\" \/>\n\t<meta property=\"og:image:height\" content=\"1300\" \/>\n\t<meta property=\"og:image:type\" content=\"image\/jpeg\" \/>\n<meta name=\"twitter:card\" content=\"summary_large_image\" \/>\n<meta name=\"twitter:label1\" content=\"Est. reading time\" \/>\n\t<meta name=\"twitter:data1\" content=\"1 minute\" \/>\n<script type=\"application\/ld+json\" class=\"yoast-schema-graph\">{\"@context\":\"https:\/\/schema.org\",\"@graph\":[{\"@type\":\"WebPage\",\"@id\":\"https:\/\/idakorea.ee\/product\/tsubaki-premium-ex-repair-hair-mask-180g\/\",\"url\":\"https:\/\/idakorea.ee\/product\/tsubaki-premium-ex-repair-hair-mask-180g\/\",\"name\":\"Tsubaki Premium EX Repair Hair Mask, 180g - IDA.KOREA\",\"isPartOf\":{\"@id\":\"https:\/\/idakorea.ee\/#website\"},\"primaryImageOfPage\":{\"@id\":\"https:\/\/idakorea.ee\/product\/tsubaki-premium-ex-repair-hair-mask-180g\/#primaryimage\"},\"image\":{\"@id\":\"https:\/\/idakorea.ee\/product\/tsubaki-premium-ex-repair-hair-mask-180g\/#primaryimage\"},\"thumbnailUrl\":\"https:\/\/idakorea.ee\/wp-content\/uploads\/2025\/10\/shiseido-tsubaki-premium-repair-hair-mask-idakorea.jpg\",\"datePublished\":\"2025-10-09T12:32:17+00:00\",\"dateModified\":\"2026-03-08T09:33:57+00:00\",\"description\":\"Luksuslik Shiseido Tsubaki Premium Repair Mask taastab ja tugevdab juukseid kamellia\u00f5li, sojavalkude ja kuningliku taruvaigu abil. - Made in Japan\",\"breadcrumb\":{\"@id\":\"https:\/\/idakorea.ee\/product\/tsubaki-premium-ex-repair-hair-mask-180g\/#breadcrumb\"},\"inLanguage\":\"en-US\",\"potentialAction\":[{\"@type\":\"ReadAction\",\"target\":[\"https:\/\/idakorea.ee\/product\/tsubaki-premium-ex-repair-hair-mask-180g\/\"]}]},{\"@type\":\"ImageObject\",\"inLanguage\":\"en-US\",\"@id\":\"https:\/\/idakorea.ee\/product\/tsubaki-premium-ex-repair-hair-mask-180g\/#primaryimage\",\"url\":\"https:\/\/idakorea.ee\/wp-content\/uploads\/2025\/10\/shiseido-tsubaki-premium-repair-hair-mask-idakorea.jpg\",\"contentUrl\":\"https:\/\/idakorea.ee\/wp-content\/uploads\/2025\/10\/shiseido-tsubaki-premium-repair-hair-mask-idakorea.jpg\",\"width\":1300,\"height\":1300},{\"@type\":\"BreadcrumbList\",\"@id\":\"https:\/\/idakorea.ee\/product\/tsubaki-premium-ex-repair-hair-mask-180g\/#breadcrumb\",\"itemListElement\":[{\"@type\":\"ListItem\",\"position\":1,\"name\":\"\u0413\u043b\u0430\u0432\u043d\u0430\u044f \u0441\u0442\u0440\u0430\u043d\u0438\u0446\u0430\",\"item\":\"https:\/\/idakorea.ee\/\"},{\"@type\":\"ListItem\",\"position\":2,\"name\":\"Shop\",\"item\":\"https:\/\/idakorea.ee\/shop-2\/\"},{\"@type\":\"ListItem\",\"position\":3,\"name\":\"Koheselt taastava efektiga juuksemask Tsubaki Premium EX Repair Hair Mask, 180g\"}]},{\"@type\":\"WebSite\",\"@id\":\"https:\/\/idakorea.ee\/#website\",\"url\":\"https:\/\/idakorea.ee\/\",\"name\":\"IDA.KOREA\",\"description\":\"Korea kosmeetika e-pood\",\"publisher\":{\"@id\":\"https:\/\/idakorea.ee\/#organization\"},\"alternateName\":\"Beauty Shop\",\"potentialAction\":[{\"@type\":\"SearchAction\",\"target\":{\"@type\":\"EntryPoint\",\"urlTemplate\":\"https:\/\/idakorea.ee\/?s={search_term_string}\"},\"query-input\":{\"@type\":\"PropertyValueSpecification\",\"valueRequired\":true,\"valueName\":\"search_term_string\"}}],\"inLanguage\":\"en-US\"},{\"@type\":\"Organization\",\"@id\":\"https:\/\/idakorea.ee\/#organization\",\"name\":\"IDA.KOREA\",\"url\":\"https:\/\/idakorea.ee\/\",\"logo\":{\"@type\":\"ImageObject\",\"inLanguage\":\"en-US\",\"@id\":\"https:\/\/idakorea.ee\/#\/schema\/logo\/image\/\",\"url\":\"https:\/\/idakorea.ee\/wp-content\/uploads\/2024\/05\/cropped-korea3.png\",\"contentUrl\":\"https:\/\/idakorea.ee\/wp-content\/uploads\/2024\/05\/cropped-korea3.png\",\"width\":688,\"height\":126,\"caption\":\"IDA.KOREA\"},\"image\":{\"@id\":\"https:\/\/idakorea.ee\/#\/schema\/logo\/image\/\"},\"sameAs\":[\"https:\/\/www.instagram.com\/ida.korea\/\"]}]}<\/script>\n<!-- \/ Yoast SEO plugin. -->","yoast_head_json":{"title":"Tsubaki Premium EX Repair Hair Mask, 180g - IDA.KOREA","description":"The luxurious Shiseido Tsubaki Premium Repair Mask restores and strengthens hair with camellia oil, soy proteins and royal propolis. - Made in Japan","robots":{"index":"index","follow":"follow","max-snippet":"max-snippet:-1","max-image-preview":"max-image-preview:large","max-video-preview":"max-video-preview:-1"},"canonical":"https:\/\/idakorea.ee\/en\/product\/tsubaki-premium-ex-repair-hair-mask-180g\/","og_locale":"en_US","og_type":"article","og_title":"Tsubaki Premium EX Repair Hair Mask, 180g - IDA.KOREA","og_description":"Luksuslik Shiseido Tsubaki Premium Repair Mask taastab ja tugevdab juukseid kamellia\u00f5li, sojavalkude ja kuningliku taruvaigu abil. - Made in Japan","og_url":"https:\/\/idakorea.ee\/en\/product\/tsubaki-premium-ex-repair-hair-mask-180g\/","og_site_name":"IDA.KOREA","article_modified_time":"2026-03-08T09:33:57+00:00","og_image":[{"width":1300,"height":1300,"url":"https:\/\/idakorea.ee\/wp-content\/uploads\/2025\/10\/shiseido-tsubaki-premium-repair-hair-mask-idakorea.jpg","type":"image\/jpeg"}],"twitter_card":"summary_large_image","twitter_misc":{"Est. reading time":"1 minute"},"schema":{"@context":"https:\/\/schema.org","@graph":[{"@type":"WebPage","@id":"https:\/\/idakorea.ee\/product\/tsubaki-premium-ex-repair-hair-mask-180g\/","url":"https:\/\/idakorea.ee\/product\/tsubaki-premium-ex-repair-hair-mask-180g\/","name":"Tsubaki Premium EX Repair Hair Mask, 180g - IDA.KOREA","isPartOf":{"@id":"https:\/\/idakorea.ee\/#website"},"primaryImageOfPage":{"@id":"https:\/\/idakorea.ee\/product\/tsubaki-premium-ex-repair-hair-mask-180g\/#primaryimage"},"image":{"@id":"https:\/\/idakorea.ee\/product\/tsubaki-premium-ex-repair-hair-mask-180g\/#primaryimage"},"thumbnailUrl":"https:\/\/idakorea.ee\/wp-content\/uploads\/2025\/10\/shiseido-tsubaki-premium-repair-hair-mask-idakorea.jpg","datePublished":"2025-10-09T12:32:17+00:00","dateModified":"2026-03-08T09:33:57+00:00","description":"The luxurious Shiseido Tsubaki Premium Repair Mask restores and strengthens hair with camellia oil, soy proteins and royal propolis. - Made in Japan","breadcrumb":{"@id":"https:\/\/idakorea.ee\/product\/tsubaki-premium-ex-repair-hair-mask-180g\/#breadcrumb"},"inLanguage":"en-US","potentialAction":[{"@type":"ReadAction","target":["https:\/\/idakorea.ee\/product\/tsubaki-premium-ex-repair-hair-mask-180g\/"]}]},{"@type":"ImageObject","inLanguage":"en-US","@id":"https:\/\/idakorea.ee\/product\/tsubaki-premium-ex-repair-hair-mask-180g\/#primaryimage","url":"https:\/\/idakorea.ee\/wp-content\/uploads\/2025\/10\/shiseido-tsubaki-premium-repair-hair-mask-idakorea.jpg","contentUrl":"https:\/\/idakorea.ee\/wp-content\/uploads\/2025\/10\/shiseido-tsubaki-premium-repair-hair-mask-idakorea.jpg","width":1300,"height":1300},{"@type":"BreadcrumbList","@id":"https:\/\/idakorea.ee\/product\/tsubaki-premium-ex-repair-hair-mask-180g\/#breadcrumb","itemListElement":[{"@type":"ListItem","position":1,"name":"\u0413\u043b\u0430\u0432\u043d\u0430\u044f \u0441\u0442\u0440\u0430\u043d\u0438\u0446\u0430","item":"https:\/\/idakorea.ee\/"},{"@type":"ListItem","position":2,"name":"Shop","item":"https:\/\/idakorea.ee\/shop-2\/"},{"@type":"ListItem","position":3,"name":"Koheselt taastava efektiga juuksemask Tsubaki Premium EX Repair Hair Mask, 180g"}]},{"@type":"WebSite","@id":"https:\/\/idakorea.ee\/#website","url":"https:\/\/idakorea.ee\/","name":"IDA.KOREA","description":"Korean cosmetics e-shop","publisher":{"@id":"https:\/\/idakorea.ee\/#organization"},"alternateName":"Beauty Shop","potentialAction":[{"@type":"SearchAction","target":{"@type":"EntryPoint","urlTemplate":"https:\/\/idakorea.ee\/?s={search_term_string}"},"query-input":{"@type":"PropertyValueSpecification","valueRequired":true,"valueName":"search_term_string"}}],"inLanguage":"en-US"},{"@type":"Organization","@id":"https:\/\/idakorea.ee\/#organization","name":"IDA.KOREA","url":"https:\/\/idakorea.ee\/","logo":{"@type":"ImageObject","inLanguage":"en-US","@id":"https:\/\/idakorea.ee\/#\/schema\/logo\/image\/","url":"https:\/\/idakorea.ee\/wp-content\/uploads\/2024\/05\/cropped-korea3.png","contentUrl":"https:\/\/idakorea.ee\/wp-content\/uploads\/2024\/05\/cropped-korea3.png","width":688,"height":126,"caption":"IDA.KOREA"},"image":{"@id":"https:\/\/idakorea.ee\/#\/schema\/logo\/image\/"},"sameAs":["https:\/\/www.instagram.com\/ida.korea\/"]}]}},"jetpack_sharing_enabled":true,"brands":[{"id":995,"name":"SHISEIDO","slug":"shiseido"}],"_links":{"self":[{"href":"https:\/\/idakorea.ee\/en\/wp-json\/wp\/v2\/product\/16087","targetHints":{"allow":["GET"]}}],"collection":[{"href":"https:\/\/idakorea.ee\/en\/wp-json\/wp\/v2\/product"}],"about":[{"href":"https:\/\/idakorea.ee\/en\/wp-json\/wp\/v2\/types\/product"}],"replies":[{"embeddable":true,"href":"https:\/\/idakorea.ee\/en\/wp-json\/wp\/v2\/comments?post=16087"}],"version-history":[{"count":3,"href":"https:\/\/idakorea.ee\/en\/wp-json\/wp\/v2\/product\/16087\/revisions"}],"predecessor-version":[{"id":16093,"href":"https:\/\/idakorea.ee\/en\/wp-json\/wp\/v2\/product\/16087\/revisions\/16093"}],"wp:featuredmedia":[{"embeddable":true,"href":"https:\/\/idakorea.ee\/en\/wp-json\/wp\/v2\/media\/16088"}],"wp:attachment":[{"href":"https:\/\/idakorea.ee\/en\/wp-json\/wp\/v2\/media?parent=16087"}],"wp:term":[{"taxonomy":"pwb-brand","embeddable":true,"href":"https:\/\/idakorea.ee\/en\/wp-json\/wp\/v2\/pwb-brand?post=16087"},{"taxonomy":"product_brand","embeddable":true,"href":"https:\/\/idakorea.ee\/en\/wp-json\/wp\/v2\/product_brand?post=16087"},{"taxonomy":"product_cat","embeddable":true,"href":"https:\/\/idakorea.ee\/en\/wp-json\/wp\/v2\/product_cat?post=16087"},{"taxonomy":"product_tag","embeddable":true,"href":"https:\/\/idakorea.ee\/en\/wp-json\/wp\/v2\/product_tag?post=16087"}],"curies":[{"name":"wp","href":"https:\/\/api.w.org\/{rel}","templated":true}]}}