{"id":16115,"date":"2025-10-10T15:31:17","date_gmt":"2025-10-10T12:31:17","guid":{"rendered":"https:\/\/idakorea.ee\/?post_type=product&#038;p=16115"},"modified":"2026-04-03T09:22:23","modified_gmt":"2026-04-03T07:22:23","slug":"skin1004-madagascar-centella-watergel-sheet-ampoule-mask","status":"publish","type":"product","link":"https:\/\/idakorea.ee\/en\/product\/skin1004-madagascar-centella-watergel-sheet-ampoule-mask\/","title":{"rendered":"Face Mask SKIN1004 Madagascar Centella Watergel Sheet Ampoule Mask"},"content":{"rendered":"<p data-start=\"0\" data-end=\"200\"><strong data-start=\"0\" data-end=\"60\">SKIN1004 Madagascar Centella Watergel Sheet Ampoule Mask<\/strong> Instantly refreshes, softens, moisturizes and soothes irritated and damaged skin, triggering the recovery process and reducing redness.<\/p>\n<p data-start=\"202\" data-end=\"359\">The mask provides intense hydration, eliminates dryness, flaking and uncomfortable tightness, prevents moisture loss and makes the skin softer and smoother.<\/p>\n<p data-start=\"361\" data-end=\"551\">Every millimeter of the delicate Tencel and bamboo fabric is impregnated with concentrated ampoule essence, which ensures deep absorption of active ingredients and prevents moisture evaporation.<\/p>\n<p data-start=\"553\" data-end=\"699\">The fabric is biodegradable and fits comfortably on the face \u2014 it doesn&#039;t slip or wrinkle during use. The mask provides a pleasant cooling and refreshing feeling.<\/p>\n<p data-start=\"701\" data-end=\"1146\"><strong data-start=\"701\" data-end=\"713\">Composition:<\/strong><br data-start=\"713\" data-end=\"716\" \/>51% Centella asiatica extract from Madagascar, which contains 7 times more active ingredients than other centella species. Centella soothes and softens the skin, strengthens capillary walls and helps reduce redness and the appearance of capillary networks. It is rich in asiaticoside, an active ingredient that regulates the work of the sebaceous glands, increases skin elasticity and stimulates collagen synthesis.<\/p>\n<p data-start=\"1148\" data-end=\"1176\"><strong data-start=\"1148\" data-end=\"1174\">Additional active substances:<\/strong><\/p>\n<ul data-start=\"1177\" data-end=\"1844\">\n<li data-start=\"1177\" data-end=\"1290\">\n<p data-start=\"1179\" data-end=\"1290\"><strong data-start=\"1179\" data-end=\"1198\">The rubber plant<\/strong> soothes, softens, tones and moisturizes the skin, protecting it from external irritants.<\/p>\n<\/li>\n<li data-start=\"1291\" data-end=\"1374\">\n<p data-start=\"1293\" data-end=\"1374\"><strong data-start=\"1293\" data-end=\"1304\">Betaine<\/strong> Moisturizes and protects cell membranes, preventing moisture evaporation.<\/p>\n<\/li>\n<li data-start=\"1375\" data-end=\"1532\">\n<p data-start=\"1377\" data-end=\"1532\"><strong data-start=\"1377\" data-end=\"1403\">4 types of hyaluronic acid<\/strong> restore moisture balance, retain water in the epidermis, make the skin smooth and elastic, and prevent dryness and flaking.<\/p>\n<\/li>\n<li data-start=\"1533\" data-end=\"1702\">\n<p data-start=\"1535\" data-end=\"1702\"><strong data-start=\"1535\" data-end=\"1547\">Arginia<\/strong> \u2013 an amino acid that normalizes the skin&#039;s moisture and lipid balance, improves microcirculation, promotes collagen production, and accelerates recovery.<\/p>\n<\/li>\n<li data-start=\"1703\" data-end=\"1844\">\n<p data-start=\"1705\" data-end=\"1844\"><strong data-start=\"1705\" data-end=\"1726\">Peppermint leaf oil<\/strong> is a natural antiseptic that tones and refreshes the skin, constricts capillaries, and soothes irritation and itching.<\/p>\n<\/li>\n<\/ul>\n<p data-start=\"1846\" data-end=\"1880\">Suitable for all skin types.<\/p>\n<p data-start=\"1882\" data-end=\"2053\" data-is-last-node=\"\" data-is-only-node=\"\"><strong data-start=\"1882\" data-end=\"1897\">Usage:<\/strong><br data-start=\"1897\" data-end=\"1900\" \/>After cleansing and toning, apply the mask to your face. Leave on for 10-20 minutes, remove and pat with your fingertips to absorb the remaining essence.<\/p>","protected":false},"excerpt":{"rendered":"<p>SKIN1004 Madagascar Centella Watergel Sheet Ampoule Mask instantly refreshes, softens, moisturizes and soothes irritated and damaged skin, triggering the recovery process and reducing redness. The mask provides intense hydration, eliminates dryness, flaking and uncomfortable tightness, prevents moisture loss and makes the skin softer and smoother. Every millimeter of the delicate fabric made of tencel and bamboo is impregnated with concentrated ampoule essence, which ensures\u2026<\/p>","protected":false},"featured_media":16117,"comment_status":"open","ping_status":"closed","template":"","meta":{"_uf_show_specific_survey":0,"_uf_disable_surveys":false,"_bst_post_transparent":"default","_bst_post_title":"","_bst_post_layout":"default","_bst_post_sidebar_id":"","_bst_post_content_style":"default","_bst_post_vertical_padding":"default","_bst_post_feature":"","_bst_post_feature_position":"","_bst_post_header":false,"_bst_post_footer":false},"pwb-brand":[186],"product_brand":[],"product_cat":[92,98],"product_tag":[546,568,614,441],"class_list":{"0":"post-16115","1":"product","2":"type-product","3":"status-publish","4":"has-post-thumbnail","6":"pwb-brand-skin1004","7":"product_cat-nagu","8":"product_cat-naomaskid","9":"product_tag-centella","10":"product_tag-korea","11":"product_tag-mask","12":"product_tag-skin1004","14":"first","15":"instock","16":"sale","17":"shipping-taxable","18":"purchasable","19":"product-type-simple","20":"entry","21":"content-bg","22":"loop-entry"},"supplier_id":null,"supplier_sku":"","barcode":null,"atum_controlled":true,"out_stock_date":null,"out_stock_threshold":null,"inheritable":false,"inbound_stock":0,"stock_on_hold":0,"sold_today":0,"sales_last_days":7,"out_stock_days":0,"lost_sales":0,"has_location":false,"update_date":"2026-04-14T00:05:14","atum_locations":[],"atum_stock_status":"instock","restock_status":false,"low_stock_amount":"","sales_update_date":"2026-04-14T00:05:14","calc_backorders":null,"yoast_head":"<!-- This site is optimized with the Yoast SEO plugin v27.2 - https:\/\/yoast.com\/product\/yoast-seo-wordpress\/ -->\n<title>SKIN1004 Madagascar Centella Watergel Sheet Ampoule Mask - IDA.KOREA<\/title>\n<meta name=\"description\" content=\"Mask v\u00e4rskendab, pehmendab, niisutab ja rahustab hetkega \u00e4rritunud ja kahjustatud nahka, k\u00e4ivitades taastumisprotsessi ja v\u00e4hendades punetust.\" \/>\n<meta name=\"robots\" content=\"index, follow, max-snippet:-1, max-image-preview:large, max-video-preview:-1\" \/>\n<link rel=\"canonical\" href=\"https:\/\/idakorea.ee\/en\/product\/skin1004-madagascar-centella-watergel-sheet-ampoule-mask\/\" \/>\n<meta property=\"og:locale\" content=\"en_US\" \/>\n<meta property=\"og:type\" content=\"article\" \/>\n<meta property=\"og:title\" content=\"SKIN1004 Madagascar Centella Watergel Sheet Ampoule Mask - IDA.KOREA\" \/>\n<meta property=\"og:description\" content=\"Mask v\u00e4rskendab, pehmendab, niisutab ja rahustab hetkega \u00e4rritunud ja kahjustatud nahka, k\u00e4ivitades taastumisprotsessi ja v\u00e4hendades punetust.\" \/>\n<meta property=\"og:url\" content=\"https:\/\/idakorea.ee\/en\/product\/skin1004-madagascar-centella-watergel-sheet-ampoule-mask\/\" \/>\n<meta property=\"og:site_name\" content=\"IDA.KOREA\" \/>\n<meta property=\"article:modified_time\" content=\"2026-04-03T07:22:23+00:00\" \/>\n<meta property=\"og:image\" content=\"https:\/\/idakorea.ee\/wp-content\/uploads\/2025\/10\/skin1004-madagascar-centella-watergel-sheet-ampoule-mask-idakorea.jpg\" \/>\n\t<meta property=\"og:image:width\" content=\"520\" \/>\n\t<meta property=\"og:image:height\" content=\"520\" \/>\n\t<meta property=\"og:image:type\" content=\"image\/jpeg\" \/>\n<meta name=\"twitter:card\" content=\"summary_large_image\" \/>\n<meta name=\"twitter:label1\" content=\"Est. reading time\" \/>\n\t<meta name=\"twitter:data1\" content=\"2 minutes\" \/>\n<script type=\"application\/ld+json\" class=\"yoast-schema-graph\">{\"@context\":\"https:\/\/schema.org\",\"@graph\":[{\"@type\":\"WebPage\",\"@id\":\"https:\/\/idakorea.ee\/product\/skin1004-madagascar-centella-watergel-sheet-ampoule-mask\/\",\"url\":\"https:\/\/idakorea.ee\/product\/skin1004-madagascar-centella-watergel-sheet-ampoule-mask\/\",\"name\":\"SKIN1004 Madagascar Centella Watergel Sheet Ampoule Mask - IDA.KOREA\",\"isPartOf\":{\"@id\":\"https:\/\/idakorea.ee\/#website\"},\"primaryImageOfPage\":{\"@id\":\"https:\/\/idakorea.ee\/product\/skin1004-madagascar-centella-watergel-sheet-ampoule-mask\/#primaryimage\"},\"image\":{\"@id\":\"https:\/\/idakorea.ee\/product\/skin1004-madagascar-centella-watergel-sheet-ampoule-mask\/#primaryimage\"},\"thumbnailUrl\":\"https:\/\/idakorea.ee\/wp-content\/uploads\/2025\/10\/skin1004-madagascar-centella-watergel-sheet-ampoule-mask-idakorea.jpg\",\"datePublished\":\"2025-10-10T12:31:17+00:00\",\"dateModified\":\"2026-04-03T07:22:23+00:00\",\"description\":\"Mask v\u00e4rskendab, pehmendab, niisutab ja rahustab hetkega \u00e4rritunud ja kahjustatud nahka, k\u00e4ivitades taastumisprotsessi ja v\u00e4hendades punetust.\",\"breadcrumb\":{\"@id\":\"https:\/\/idakorea.ee\/product\/skin1004-madagascar-centella-watergel-sheet-ampoule-mask\/#breadcrumb\"},\"inLanguage\":\"en-US\",\"potentialAction\":[{\"@type\":\"ReadAction\",\"target\":[\"https:\/\/idakorea.ee\/product\/skin1004-madagascar-centella-watergel-sheet-ampoule-mask\/\"]}]},{\"@type\":\"ImageObject\",\"inLanguage\":\"en-US\",\"@id\":\"https:\/\/idakorea.ee\/product\/skin1004-madagascar-centella-watergel-sheet-ampoule-mask\/#primaryimage\",\"url\":\"https:\/\/idakorea.ee\/wp-content\/uploads\/2025\/10\/skin1004-madagascar-centella-watergel-sheet-ampoule-mask-idakorea.jpg\",\"contentUrl\":\"https:\/\/idakorea.ee\/wp-content\/uploads\/2025\/10\/skin1004-madagascar-centella-watergel-sheet-ampoule-mask-idakorea.jpg\",\"width\":520,\"height\":520},{\"@type\":\"BreadcrumbList\",\"@id\":\"https:\/\/idakorea.ee\/product\/skin1004-madagascar-centella-watergel-sheet-ampoule-mask\/#breadcrumb\",\"itemListElement\":[{\"@type\":\"ListItem\",\"position\":1,\"name\":\"\u0413\u043b\u0430\u0432\u043d\u0430\u044f \u0441\u0442\u0440\u0430\u043d\u0438\u0446\u0430\",\"item\":\"https:\/\/idakorea.ee\/\"},{\"@type\":\"ListItem\",\"position\":2,\"name\":\"Shop\",\"item\":\"https:\/\/idakorea.ee\/shop-2\/\"},{\"@type\":\"ListItem\",\"position\":3,\"name\":\"N\u00e4omask SKIN1004 Madagascar Centella Watergel Sheet Ampoule Mask\"}]},{\"@type\":\"WebSite\",\"@id\":\"https:\/\/idakorea.ee\/#website\",\"url\":\"https:\/\/idakorea.ee\/\",\"name\":\"IDA.KOREA\",\"description\":\"Korea kosmeetika e-pood\",\"publisher\":{\"@id\":\"https:\/\/idakorea.ee\/#organization\"},\"alternateName\":\"Beauty Shop\",\"potentialAction\":[{\"@type\":\"SearchAction\",\"target\":{\"@type\":\"EntryPoint\",\"urlTemplate\":\"https:\/\/idakorea.ee\/?s={search_term_string}\"},\"query-input\":{\"@type\":\"PropertyValueSpecification\",\"valueRequired\":true,\"valueName\":\"search_term_string\"}}],\"inLanguage\":\"en-US\"},{\"@type\":\"Organization\",\"@id\":\"https:\/\/idakorea.ee\/#organization\",\"name\":\"IDA.KOREA\",\"url\":\"https:\/\/idakorea.ee\/\",\"logo\":{\"@type\":\"ImageObject\",\"inLanguage\":\"en-US\",\"@id\":\"https:\/\/idakorea.ee\/#\/schema\/logo\/image\/\",\"url\":\"https:\/\/idakorea.ee\/wp-content\/uploads\/2024\/05\/cropped-korea3.png\",\"contentUrl\":\"https:\/\/idakorea.ee\/wp-content\/uploads\/2024\/05\/cropped-korea3.png\",\"width\":688,\"height\":126,\"caption\":\"IDA.KOREA\"},\"image\":{\"@id\":\"https:\/\/idakorea.ee\/#\/schema\/logo\/image\/\"},\"sameAs\":[\"https:\/\/www.instagram.com\/ida.korea\/\"]}]}<\/script>\n<!-- \/ Yoast SEO plugin. -->","yoast_head_json":{"title":"SKIN1004 Madagascar Centella Watergel Sheet Ampoule Mask - IDA.KOREA","description":"The mask instantly refreshes, softens, moisturizes and soothes irritated and damaged skin, triggering the recovery process and reducing redness.","robots":{"index":"index","follow":"follow","max-snippet":"max-snippet:-1","max-image-preview":"max-image-preview:large","max-video-preview":"max-video-preview:-1"},"canonical":"https:\/\/idakorea.ee\/en\/product\/skin1004-madagascar-centella-watergel-sheet-ampoule-mask\/","og_locale":"en_US","og_type":"article","og_title":"SKIN1004 Madagascar Centella Watergel Sheet Ampoule Mask - IDA.KOREA","og_description":"Mask v\u00e4rskendab, pehmendab, niisutab ja rahustab hetkega \u00e4rritunud ja kahjustatud nahka, k\u00e4ivitades taastumisprotsessi ja v\u00e4hendades punetust.","og_url":"https:\/\/idakorea.ee\/en\/product\/skin1004-madagascar-centella-watergel-sheet-ampoule-mask\/","og_site_name":"IDA.KOREA","article_modified_time":"2026-04-03T07:22:23+00:00","og_image":[{"width":520,"height":520,"url":"https:\/\/idakorea.ee\/wp-content\/uploads\/2025\/10\/skin1004-madagascar-centella-watergel-sheet-ampoule-mask-idakorea.jpg","type":"image\/jpeg"}],"twitter_card":"summary_large_image","twitter_misc":{"Est. reading time":"2 minutes"},"schema":{"@context":"https:\/\/schema.org","@graph":[{"@type":"WebPage","@id":"https:\/\/idakorea.ee\/product\/skin1004-madagascar-centella-watergel-sheet-ampoule-mask\/","url":"https:\/\/idakorea.ee\/product\/skin1004-madagascar-centella-watergel-sheet-ampoule-mask\/","name":"SKIN1004 Madagascar Centella Watergel Sheet Ampoule Mask - IDA.KOREA","isPartOf":{"@id":"https:\/\/idakorea.ee\/#website"},"primaryImageOfPage":{"@id":"https:\/\/idakorea.ee\/product\/skin1004-madagascar-centella-watergel-sheet-ampoule-mask\/#primaryimage"},"image":{"@id":"https:\/\/idakorea.ee\/product\/skin1004-madagascar-centella-watergel-sheet-ampoule-mask\/#primaryimage"},"thumbnailUrl":"https:\/\/idakorea.ee\/wp-content\/uploads\/2025\/10\/skin1004-madagascar-centella-watergel-sheet-ampoule-mask-idakorea.jpg","datePublished":"2025-10-10T12:31:17+00:00","dateModified":"2026-04-03T07:22:23+00:00","description":"The mask instantly refreshes, softens, moisturizes and soothes irritated and damaged skin, triggering the recovery process and reducing redness.","breadcrumb":{"@id":"https:\/\/idakorea.ee\/product\/skin1004-madagascar-centella-watergel-sheet-ampoule-mask\/#breadcrumb"},"inLanguage":"en-US","potentialAction":[{"@type":"ReadAction","target":["https:\/\/idakorea.ee\/product\/skin1004-madagascar-centella-watergel-sheet-ampoule-mask\/"]}]},{"@type":"ImageObject","inLanguage":"en-US","@id":"https:\/\/idakorea.ee\/product\/skin1004-madagascar-centella-watergel-sheet-ampoule-mask\/#primaryimage","url":"https:\/\/idakorea.ee\/wp-content\/uploads\/2025\/10\/skin1004-madagascar-centella-watergel-sheet-ampoule-mask-idakorea.jpg","contentUrl":"https:\/\/idakorea.ee\/wp-content\/uploads\/2025\/10\/skin1004-madagascar-centella-watergel-sheet-ampoule-mask-idakorea.jpg","width":520,"height":520},{"@type":"BreadcrumbList","@id":"https:\/\/idakorea.ee\/product\/skin1004-madagascar-centella-watergel-sheet-ampoule-mask\/#breadcrumb","itemListElement":[{"@type":"ListItem","position":1,"name":"\u0413\u043b\u0430\u0432\u043d\u0430\u044f \u0441\u0442\u0440\u0430\u043d\u0438\u0446\u0430","item":"https:\/\/idakorea.ee\/"},{"@type":"ListItem","position":2,"name":"Shop","item":"https:\/\/idakorea.ee\/shop-2\/"},{"@type":"ListItem","position":3,"name":"N\u00e4omask SKIN1004 Madagascar Centella Watergel Sheet Ampoule Mask"}]},{"@type":"WebSite","@id":"https:\/\/idakorea.ee\/#website","url":"https:\/\/idakorea.ee\/","name":"IDA.KOREA","description":"Korean cosmetics e-shop","publisher":{"@id":"https:\/\/idakorea.ee\/#organization"},"alternateName":"Beauty Shop","potentialAction":[{"@type":"SearchAction","target":{"@type":"EntryPoint","urlTemplate":"https:\/\/idakorea.ee\/?s={search_term_string}"},"query-input":{"@type":"PropertyValueSpecification","valueRequired":true,"valueName":"search_term_string"}}],"inLanguage":"en-US"},{"@type":"Organization","@id":"https:\/\/idakorea.ee\/#organization","name":"IDA.KOREA","url":"https:\/\/idakorea.ee\/","logo":{"@type":"ImageObject","inLanguage":"en-US","@id":"https:\/\/idakorea.ee\/#\/schema\/logo\/image\/","url":"https:\/\/idakorea.ee\/wp-content\/uploads\/2024\/05\/cropped-korea3.png","contentUrl":"https:\/\/idakorea.ee\/wp-content\/uploads\/2024\/05\/cropped-korea3.png","width":688,"height":126,"caption":"IDA.KOREA"},"image":{"@id":"https:\/\/idakorea.ee\/#\/schema\/logo\/image\/"},"sameAs":["https:\/\/www.instagram.com\/ida.korea\/"]}]}},"jetpack_sharing_enabled":true,"brands":[{"id":186,"name":"SKIN1004","slug":"skin1004"}],"_links":{"self":[{"href":"https:\/\/idakorea.ee\/en\/wp-json\/wp\/v2\/product\/16115","targetHints":{"allow":["GET"]}}],"collection":[{"href":"https:\/\/idakorea.ee\/en\/wp-json\/wp\/v2\/product"}],"about":[{"href":"https:\/\/idakorea.ee\/en\/wp-json\/wp\/v2\/types\/product"}],"replies":[{"embeddable":true,"href":"https:\/\/idakorea.ee\/en\/wp-json\/wp\/v2\/comments?post=16115"}],"version-history":[{"count":1,"href":"https:\/\/idakorea.ee\/en\/wp-json\/wp\/v2\/product\/16115\/revisions"}],"predecessor-version":[{"id":16120,"href":"https:\/\/idakorea.ee\/en\/wp-json\/wp\/v2\/product\/16115\/revisions\/16120"}],"wp:featuredmedia":[{"embeddable":true,"href":"https:\/\/idakorea.ee\/en\/wp-json\/wp\/v2\/media\/16117"}],"wp:attachment":[{"href":"https:\/\/idakorea.ee\/en\/wp-json\/wp\/v2\/media?parent=16115"}],"wp:term":[{"taxonomy":"pwb-brand","embeddable":true,"href":"https:\/\/idakorea.ee\/en\/wp-json\/wp\/v2\/pwb-brand?post=16115"},{"taxonomy":"product_brand","embeddable":true,"href":"https:\/\/idakorea.ee\/en\/wp-json\/wp\/v2\/product_brand?post=16115"},{"taxonomy":"product_cat","embeddable":true,"href":"https:\/\/idakorea.ee\/en\/wp-json\/wp\/v2\/product_cat?post=16115"},{"taxonomy":"product_tag","embeddable":true,"href":"https:\/\/idakorea.ee\/en\/wp-json\/wp\/v2\/product_tag?post=16115"}],"curies":[{"name":"wp","href":"https:\/\/api.w.org\/{rel}","templated":true}]}}