{"id":16134,"date":"2025-10-15T11:10:53","date_gmt":"2025-10-15T08:10:53","guid":{"rendered":"https:\/\/idakorea.ee\/?post_type=product&#038;p=16134"},"modified":"2026-04-13T14:54:02","modified_gmt":"2026-04-13T12:54:02","slug":"missha-m-bb-boomer-40ml","status":"publish","type":"product","link":"https:\/\/idakorea.ee\/en\/product\/missha-m-bb-boomer-40ml\/","title":{"rendered":"Missha M BB Boomer, 40ml"},"content":{"rendered":"<p data-start=\"0\" data-end=\"223\">The primer contains light-reflecting particles that give the face a beautiful natural glow and even out skin tone. The product perfectly moisturizes the skin, brightens pigment spots and helps prevent skin aging.<\/p>\n<p data-start=\"225\" data-end=\"251\"><strong data-start=\"225\" data-end=\"249\">Main active ingredients:<\/strong><\/p>\n<ul data-start=\"252\" data-end=\"1100\">\n<li data-start=\"252\" data-end=\"352\">\n<p data-start=\"254\" data-end=\"352\"><strong data-start=\"254\" data-end=\"271\">Diamond powder<\/strong> rejuvenates the skin, smoothes micro-relief and gives it a natural inner glow.<\/p>\n<\/li>\n<li data-start=\"353\" data-end=\"618\">\n<p data-start=\"355\" data-end=\"618\"><strong data-start=\"355\" data-end=\"375\">Moringa extract<\/strong> prevents wrinkles and loss of skin tone, fights inflammation and improves skin condition. Moringa extract also creates an invisible protective layer on the skin, which reduces the formation of free radicals and the negative impact of environmental influences on the epidermis.<\/p>\n<\/li>\n<li data-start=\"619\" data-end=\"744\">\n<p data-start=\"621\" data-end=\"744\"><strong data-start=\"621\" data-end=\"636\">Whey powder<\/strong> has excellent rejuvenating and wound healing effects, helps lighten pigment spots and improves complexion.<\/p>\n<\/li>\n<li data-start=\"745\" data-end=\"895\">\n<p data-start=\"747\" data-end=\"895\"><strong data-start=\"747\" data-end=\"790\">Chamomile (pyrethrum parthenium) extract<\/strong> has strong anti-inflammatory and wound-healing properties, relieves skin irritations and supports skin regeneration.<\/p>\n<\/li>\n<li data-start=\"896\" data-end=\"1100\">\n<p data-start=\"898\" data-end=\"1100\"><strong data-start=\"898\" data-end=\"911\">Adenos<\/strong> stimulates the production of collagen and elastin, improves blood circulation and has an active anti-aging effect \u2013 smoothes expression lines, improves skin elasticity and helps prevent sagging.<\/p>\n<\/li>\n<\/ul>\n<p data-start=\"1102\" data-end=\"1134\">Suitable for all skin types.<\/p>\n<p data-start=\"1136\" data-end=\"1328\" data-is-last-node=\"\" data-is-only-node=\"\"><strong data-start=\"1136\" data-end=\"1151\">Usage:<\/strong> Before applying BB cream, apply a small amount of primer to the skin and spread it all over the face with gentle patting movements. Wait for complete absorption and continue with makeup.<\/p>","protected":false},"excerpt":{"rendered":"<p>The primer contains light-reflecting particles that give the face a beautiful natural glow and even out skin tone. The product moisturizes the skin perfectly, brightens pigment spots and helps prevent skin aging. Main active ingredients: Diamond powder rejuvenates the skin, smoothes micro-relief and gives it a natural inner glow. Moringa extract prevents wrinkles and loss of skin tone, fights inflammation and improves skin condition\u2026.<\/p>","protected":false},"featured_media":16135,"comment_status":"open","ping_status":"closed","template":"","meta":{"_uf_show_specific_survey":0,"_uf_disable_surveys":false,"_bst_post_transparent":"default","_bst_post_title":"","_bst_post_layout":"default","_bst_post_sidebar_id":"","_bst_post_content_style":"default","_bst_post_vertical_padding":"default","_bst_post_feature":"","_bst_post_feature_position":"","_bst_post_header":false,"_bst_post_footer":false},"pwb-brand":[631],"product_brand":[],"product_cat":[500,499],"product_tag":[794,632,998],"class_list":{"0":"post-16134","1":"product","2":"type-product","3":"status-publish","4":"has-post-thumbnail","6":"pwb-brand-missha","7":"product_cat-jumestuskreemid","8":"product_cat-meik","9":"product_tag-bb","10":"product_tag-missha","11":"product_tag-primer","13":"first","14":"instock","15":"sale","16":"shipping-taxable","17":"purchasable","18":"product-type-simple","19":"entry","20":"content-bg","21":"loop-entry"},"supplier_id":null,"supplier_sku":"","barcode":null,"atum_controlled":true,"out_stock_date":null,"out_stock_threshold":null,"inheritable":false,"inbound_stock":0,"stock_on_hold":0,"sold_today":0,"sales_last_days":1,"out_stock_days":0,"lost_sales":0,"has_location":false,"update_date":"2026-04-14T09:07:39","atum_locations":[],"atum_stock_status":"instock","restock_status":false,"low_stock_amount":"","sales_update_date":"2026-04-14T09:07:39","calc_backorders":null,"yoast_head":"<!-- This site is optimized with the Yoast SEO plugin v27.2 - https:\/\/yoast.com\/product\/yoast-seo-wordpress\/ -->\n<title>Missha M BB Boomer, 40ml - IDA.KOREA<\/title>\n<meta name=\"description\" content=\"Meigialuskreem sisaldab valgust peegeldavaid osakesi, mis annavad n\u00e4ole kauni loomuliku s\u00e4ra ja \u00fchtlustavad naha tooni. Niisutab ja helendab pigmendilaike.\" \/>\n<meta name=\"robots\" content=\"index, follow, max-snippet:-1, max-image-preview:large, max-video-preview:-1\" \/>\n<link rel=\"canonical\" href=\"https:\/\/idakorea.ee\/en\/product\/missha-m-bb-boomer-40ml\/\" \/>\n<meta property=\"og:locale\" content=\"en_US\" \/>\n<meta property=\"og:type\" content=\"article\" \/>\n<meta property=\"og:title\" content=\"Missha M BB Boomer, 40ml - IDA.KOREA\" \/>\n<meta property=\"og:description\" content=\"Meigialuskreem sisaldab valgust peegeldavaid osakesi, mis annavad n\u00e4ole kauni loomuliku s\u00e4ra ja \u00fchtlustavad naha tooni. Niisutab ja helendab pigmendilaike.\" \/>\n<meta property=\"og:url\" content=\"https:\/\/idakorea.ee\/en\/product\/missha-m-bb-boomer-40ml\/\" \/>\n<meta property=\"og:site_name\" content=\"IDA.KOREA\" \/>\n<meta property=\"article:modified_time\" content=\"2026-04-13T12:54:02+00:00\" \/>\n<meta property=\"og:image\" content=\"https:\/\/idakorea.ee\/wp-content\/uploads\/2025\/10\/missha-m-bb-boomer-idakorea.webp\" \/>\n\t<meta property=\"og:image:width\" content=\"1000\" \/>\n\t<meta property=\"og:image:height\" content=\"1000\" \/>\n\t<meta property=\"og:image:type\" content=\"image\/webp\" \/>\n<meta name=\"twitter:card\" content=\"summary_large_image\" \/>\n<meta name=\"twitter:label1\" content=\"Est. reading time\" \/>\n\t<meta name=\"twitter:data1\" content=\"2 minutes\" \/>\n<script type=\"application\/ld+json\" class=\"yoast-schema-graph\">{\"@context\":\"https:\/\/schema.org\",\"@graph\":[{\"@type\":\"WebPage\",\"@id\":\"https:\/\/idakorea.ee\/product\/missha-m-bb-boomer-40ml\/\",\"url\":\"https:\/\/idakorea.ee\/product\/missha-m-bb-boomer-40ml\/\",\"name\":\"Missha M BB Boomer, 40ml - IDA.KOREA\",\"isPartOf\":{\"@id\":\"https:\/\/idakorea.ee\/#website\"},\"primaryImageOfPage\":{\"@id\":\"https:\/\/idakorea.ee\/product\/missha-m-bb-boomer-40ml\/#primaryimage\"},\"image\":{\"@id\":\"https:\/\/idakorea.ee\/product\/missha-m-bb-boomer-40ml\/#primaryimage\"},\"thumbnailUrl\":\"https:\/\/idakorea.ee\/wp-content\/uploads\/2025\/10\/missha-m-bb-boomer-idakorea.webp\",\"datePublished\":\"2025-10-15T08:10:53+00:00\",\"dateModified\":\"2026-04-13T12:54:02+00:00\",\"description\":\"Meigialuskreem sisaldab valgust peegeldavaid osakesi, mis annavad n\u00e4ole kauni loomuliku s\u00e4ra ja \u00fchtlustavad naha tooni. Niisutab ja helendab pigmendilaike.\",\"breadcrumb\":{\"@id\":\"https:\/\/idakorea.ee\/product\/missha-m-bb-boomer-40ml\/#breadcrumb\"},\"inLanguage\":\"en-US\",\"potentialAction\":[{\"@type\":\"ReadAction\",\"target\":[\"https:\/\/idakorea.ee\/product\/missha-m-bb-boomer-40ml\/\"]}]},{\"@type\":\"ImageObject\",\"inLanguage\":\"en-US\",\"@id\":\"https:\/\/idakorea.ee\/product\/missha-m-bb-boomer-40ml\/#primaryimage\",\"url\":\"https:\/\/idakorea.ee\/wp-content\/uploads\/2025\/10\/missha-m-bb-boomer-idakorea.webp\",\"contentUrl\":\"https:\/\/idakorea.ee\/wp-content\/uploads\/2025\/10\/missha-m-bb-boomer-idakorea.webp\",\"width\":1000,\"height\":1000},{\"@type\":\"BreadcrumbList\",\"@id\":\"https:\/\/idakorea.ee\/product\/missha-m-bb-boomer-40ml\/#breadcrumb\",\"itemListElement\":[{\"@type\":\"ListItem\",\"position\":1,\"name\":\"\u0413\u043b\u0430\u0432\u043d\u0430\u044f \u0441\u0442\u0440\u0430\u043d\u0438\u0446\u0430\",\"item\":\"https:\/\/idakorea.ee\/\"},{\"@type\":\"ListItem\",\"position\":2,\"name\":\"Shop\",\"item\":\"https:\/\/idakorea.ee\/shop-2\/\"},{\"@type\":\"ListItem\",\"position\":3,\"name\":\"Meigialuskreem Missha M BB Boomer, 40ml\"}]},{\"@type\":\"WebSite\",\"@id\":\"https:\/\/idakorea.ee\/#website\",\"url\":\"https:\/\/idakorea.ee\/\",\"name\":\"IDA.KOREA\",\"description\":\"Korea kosmeetika e-pood\",\"publisher\":{\"@id\":\"https:\/\/idakorea.ee\/#organization\"},\"alternateName\":\"Beauty Shop\",\"potentialAction\":[{\"@type\":\"SearchAction\",\"target\":{\"@type\":\"EntryPoint\",\"urlTemplate\":\"https:\/\/idakorea.ee\/?s={search_term_string}\"},\"query-input\":{\"@type\":\"PropertyValueSpecification\",\"valueRequired\":true,\"valueName\":\"search_term_string\"}}],\"inLanguage\":\"en-US\"},{\"@type\":\"Organization\",\"@id\":\"https:\/\/idakorea.ee\/#organization\",\"name\":\"IDA.KOREA\",\"url\":\"https:\/\/idakorea.ee\/\",\"logo\":{\"@type\":\"ImageObject\",\"inLanguage\":\"en-US\",\"@id\":\"https:\/\/idakorea.ee\/#\/schema\/logo\/image\/\",\"url\":\"https:\/\/idakorea.ee\/wp-content\/uploads\/2024\/05\/cropped-korea3.png\",\"contentUrl\":\"https:\/\/idakorea.ee\/wp-content\/uploads\/2024\/05\/cropped-korea3.png\",\"width\":688,\"height\":126,\"caption\":\"IDA.KOREA\"},\"image\":{\"@id\":\"https:\/\/idakorea.ee\/#\/schema\/logo\/image\/\"},\"sameAs\":[\"https:\/\/www.instagram.com\/ida.korea\/\"]}]}<\/script>\n<!-- \/ Yoast SEO plugin. -->","yoast_head_json":{"title":"Missha M BB Boomer, 40ml - IDA.KOREA","description":"The foundation contains light-reflecting particles that give the face a beautiful natural glow and even out skin tone. Moisturizes and brightens pigment spots.","robots":{"index":"index","follow":"follow","max-snippet":"max-snippet:-1","max-image-preview":"max-image-preview:large","max-video-preview":"max-video-preview:-1"},"canonical":"https:\/\/idakorea.ee\/en\/product\/missha-m-bb-boomer-40ml\/","og_locale":"en_US","og_type":"article","og_title":"Missha M BB Boomer, 40ml - IDA.KOREA","og_description":"Meigialuskreem sisaldab valgust peegeldavaid osakesi, mis annavad n\u00e4ole kauni loomuliku s\u00e4ra ja \u00fchtlustavad naha tooni. Niisutab ja helendab pigmendilaike.","og_url":"https:\/\/idakorea.ee\/en\/product\/missha-m-bb-boomer-40ml\/","og_site_name":"IDA.KOREA","article_modified_time":"2026-04-13T12:54:02+00:00","og_image":[{"width":1000,"height":1000,"url":"https:\/\/idakorea.ee\/wp-content\/uploads\/2025\/10\/missha-m-bb-boomer-idakorea.webp","type":"image\/webp"}],"twitter_card":"summary_large_image","twitter_misc":{"Est. reading time":"2 minutes"},"schema":{"@context":"https:\/\/schema.org","@graph":[{"@type":"WebPage","@id":"https:\/\/idakorea.ee\/product\/missha-m-bb-boomer-40ml\/","url":"https:\/\/idakorea.ee\/product\/missha-m-bb-boomer-40ml\/","name":"Missha M BB Boomer, 40ml - IDA.KOREA","isPartOf":{"@id":"https:\/\/idakorea.ee\/#website"},"primaryImageOfPage":{"@id":"https:\/\/idakorea.ee\/product\/missha-m-bb-boomer-40ml\/#primaryimage"},"image":{"@id":"https:\/\/idakorea.ee\/product\/missha-m-bb-boomer-40ml\/#primaryimage"},"thumbnailUrl":"https:\/\/idakorea.ee\/wp-content\/uploads\/2025\/10\/missha-m-bb-boomer-idakorea.webp","datePublished":"2025-10-15T08:10:53+00:00","dateModified":"2026-04-13T12:54:02+00:00","description":"The foundation contains light-reflecting particles that give the face a beautiful natural glow and even out skin tone. Moisturizes and brightens pigment spots.","breadcrumb":{"@id":"https:\/\/idakorea.ee\/product\/missha-m-bb-boomer-40ml\/#breadcrumb"},"inLanguage":"en-US","potentialAction":[{"@type":"ReadAction","target":["https:\/\/idakorea.ee\/product\/missha-m-bb-boomer-40ml\/"]}]},{"@type":"ImageObject","inLanguage":"en-US","@id":"https:\/\/idakorea.ee\/product\/missha-m-bb-boomer-40ml\/#primaryimage","url":"https:\/\/idakorea.ee\/wp-content\/uploads\/2025\/10\/missha-m-bb-boomer-idakorea.webp","contentUrl":"https:\/\/idakorea.ee\/wp-content\/uploads\/2025\/10\/missha-m-bb-boomer-idakorea.webp","width":1000,"height":1000},{"@type":"BreadcrumbList","@id":"https:\/\/idakorea.ee\/product\/missha-m-bb-boomer-40ml\/#breadcrumb","itemListElement":[{"@type":"ListItem","position":1,"name":"\u0413\u043b\u0430\u0432\u043d\u0430\u044f \u0441\u0442\u0440\u0430\u043d\u0438\u0446\u0430","item":"https:\/\/idakorea.ee\/"},{"@type":"ListItem","position":2,"name":"Shop","item":"https:\/\/idakorea.ee\/shop-2\/"},{"@type":"ListItem","position":3,"name":"Meigialuskreem Missha M BB Boomer, 40ml"}]},{"@type":"WebSite","@id":"https:\/\/idakorea.ee\/#website","url":"https:\/\/idakorea.ee\/","name":"IDA.KOREA","description":"Korean cosmetics e-shop","publisher":{"@id":"https:\/\/idakorea.ee\/#organization"},"alternateName":"Beauty Shop","potentialAction":[{"@type":"SearchAction","target":{"@type":"EntryPoint","urlTemplate":"https:\/\/idakorea.ee\/?s={search_term_string}"},"query-input":{"@type":"PropertyValueSpecification","valueRequired":true,"valueName":"search_term_string"}}],"inLanguage":"en-US"},{"@type":"Organization","@id":"https:\/\/idakorea.ee\/#organization","name":"IDA.KOREA","url":"https:\/\/idakorea.ee\/","logo":{"@type":"ImageObject","inLanguage":"en-US","@id":"https:\/\/idakorea.ee\/#\/schema\/logo\/image\/","url":"https:\/\/idakorea.ee\/wp-content\/uploads\/2024\/05\/cropped-korea3.png","contentUrl":"https:\/\/idakorea.ee\/wp-content\/uploads\/2024\/05\/cropped-korea3.png","width":688,"height":126,"caption":"IDA.KOREA"},"image":{"@id":"https:\/\/idakorea.ee\/#\/schema\/logo\/image\/"},"sameAs":["https:\/\/www.instagram.com\/ida.korea\/"]}]}},"jetpack_sharing_enabled":true,"brands":[{"id":631,"name":"MISSHA","slug":"missha"}],"_links":{"self":[{"href":"https:\/\/idakorea.ee\/en\/wp-json\/wp\/v2\/product\/16134","targetHints":{"allow":["GET"]}}],"collection":[{"href":"https:\/\/idakorea.ee\/en\/wp-json\/wp\/v2\/product"}],"about":[{"href":"https:\/\/idakorea.ee\/en\/wp-json\/wp\/v2\/types\/product"}],"replies":[{"embeddable":true,"href":"https:\/\/idakorea.ee\/en\/wp-json\/wp\/v2\/comments?post=16134"}],"version-history":[{"count":2,"href":"https:\/\/idakorea.ee\/en\/wp-json\/wp\/v2\/product\/16134\/revisions"}],"predecessor-version":[{"id":17461,"href":"https:\/\/idakorea.ee\/en\/wp-json\/wp\/v2\/product\/16134\/revisions\/17461"}],"wp:featuredmedia":[{"embeddable":true,"href":"https:\/\/idakorea.ee\/en\/wp-json\/wp\/v2\/media\/16135"}],"wp:attachment":[{"href":"https:\/\/idakorea.ee\/en\/wp-json\/wp\/v2\/media?parent=16134"}],"wp:term":[{"taxonomy":"pwb-brand","embeddable":true,"href":"https:\/\/idakorea.ee\/en\/wp-json\/wp\/v2\/pwb-brand?post=16134"},{"taxonomy":"product_brand","embeddable":true,"href":"https:\/\/idakorea.ee\/en\/wp-json\/wp\/v2\/product_brand?post=16134"},{"taxonomy":"product_cat","embeddable":true,"href":"https:\/\/idakorea.ee\/en\/wp-json\/wp\/v2\/product_cat?post=16134"},{"taxonomy":"product_tag","embeddable":true,"href":"https:\/\/idakorea.ee\/en\/wp-json\/wp\/v2\/product_tag?post=16134"}],"curies":[{"name":"wp","href":"https:\/\/api.w.org\/{rel}","templated":true}]}}