{"id":16159,"date":"2025-10-17T14:17:25","date_gmt":"2025-10-17T11:17:25","guid":{"rendered":"https:\/\/idakorea.ee\/?post_type=product&#038;p=16159"},"modified":"2026-04-03T09:22:23","modified_gmt":"2026-04-03T07:22:23","slug":"mixsoon-bifida-mask-pack","status":"publish","type":"product","link":"https:\/\/idakorea.ee\/en\/product\/mixsoon-bifida-mask-pack\/","title":{"rendered":"Barrier fabric mask Mixsoon Bifida Mask Pack, 25g"},"content":{"rendered":"<p data-start=\"0\" data-end=\"275\">Barrier fabric mask <strong data-start=\"21\" data-end=\"49\">Mixsoon Bifida Mask Pack<\/strong> with lysate restores the skin&#039;s microbiome, normalizes the hydrolipidic balance and intensely moisturizes. Soothes irritations, reduces itching and redness, evens out the complexion and softens the skin, removing dryness and flaking.<\/p>\n<p data-start=\"277\" data-end=\"630\"><strong data-start=\"277\" data-end=\"335\">Main active ingredient \u2013 bifidobacteria lysate (5,000 ppm)<\/strong> \u2013 has strong restorative, repairing and protective properties. It stimulates the proliferation of fibroblasts (the main components of connective tissue), restores the skin&#039;s microflora, improves cell renewal and regeneration, and strengthens the skin&#039;s protective barrier, which helps prevent the effects of harmful environmental factors.<\/p>\n<p data-start=\"632\" data-end=\"981\">The mask helps maintain healthy skin microflora, reduces sensitivity and tightens the skin. Softens, nourishes and restores facial elasticity and natural radiance.<br data-start=\"787\" data-end=\"790\" \/>The ultra-thin mask is richly infused with a gel-like essence that locks moisture into the epidermis and protects the skin from dehydration. The mask fits snugly on the face and stays firmly in place.<\/p>\n<p data-start=\"983\" data-end=\"1011\"><strong data-start=\"983\" data-end=\"1009\">Additional active substances:<\/strong><\/p>\n<ul data-start=\"1012\" data-end=\"1659\">\n<li data-start=\"1012\" data-end=\"1122\">\n<p data-start=\"1014\" data-end=\"1122\"><strong data-start=\"1014\" data-end=\"1027\">Pantenol<\/strong> promotes skin regeneration, relieves redness and irritation, and has a wound-healing effect.<\/p>\n<\/li>\n<li data-start=\"1123\" data-end=\"1288\">\n<p data-start=\"1125\" data-end=\"1288\"><strong data-start=\"1125\" data-end=\"1139\">Allantoiin<\/strong> intensely moisturizes, helps tighten pores and normalize sebum secretion, has anti-inflammatory properties, soothes and softens irritated skin.<\/p>\n<\/li>\n<li data-start=\"1289\" data-end=\"1471\">\n<p data-start=\"1291\" data-end=\"1471\"><strong data-start=\"1291\" data-end=\"1308\">Hyaluronic acid<\/strong> stimulates skin protein synthesis, maintains moisture balance and prevents transepidermal water loss, increases skin elasticity and promotes collagen production.<\/p>\n<\/li>\n<li data-start=\"1472\" data-end=\"1659\">\n<p data-start=\"1474\" data-end=\"1659\"><strong data-start=\"1474\" data-end=\"1502\">Lactobacillus enzymes<\/strong> have anti-inflammatory effects, restore epidermal functions, reduce skin sensitivity and help maintain its elasticity, smoothness and strength.<\/p>\n<\/li>\n<\/ul>\n<p data-start=\"1661\" data-end=\"1714\">Suitable for dry, normal and combination skin.<\/p>\n<p data-start=\"1716\" data-end=\"1877\" data-is-last-node=\"\" data-is-only-node=\"\"><strong data-start=\"1716\" data-end=\"1731\">Usage:<\/strong> After cleansing and toning, place the mask on your face, leave on for 10\u201315 minutes, and then allow the remaining essence to be completely absorbed.<\/p>","protected":false},"excerpt":{"rendered":"<p>Barrier fabric mask Mixsoon Bifida Mask Pack with lysate restores the skin microbiome, normalizes the hydrolipidic balance and intensively moisturizes. Soothes irritations, reduces itching and redness, evens out the complexion and softens the skin, removing dryness and flaking. The main active ingredient \u2013 bifidobacteria lysate (5,000 ppm) \u2013 has strong regenerating, repairing and protective properties. It stimulates the reproduction of fibroblasts (the main components of connective tissue), restores the skin\u2019s\u2026<\/p>","protected":false},"featured_media":16160,"comment_status":"open","ping_status":"closed","template":"","meta":{"_uf_show_specific_survey":0,"_uf_disable_surveys":false,"_bst_post_transparent":"default","_bst_post_title":"","_bst_post_layout":"default","_bst_post_sidebar_id":"","_bst_post_content_style":"default","_bst_post_vertical_padding":"default","_bst_post_feature":"","_bst_post_feature_position":"","_bst_post_header":false,"_bst_post_footer":false},"pwb-brand":[1000],"product_brand":[],"product_cat":[92,98],"product_tag":[568,614],"class_list":{"0":"post-16159","1":"product","2":"type-product","3":"status-publish","4":"has-post-thumbnail","6":"pwb-brand-mixsoon","7":"product_cat-nagu","8":"product_cat-naomaskid","9":"product_tag-korea","10":"product_tag-mask","12":"first","13":"instock","14":"sale","15":"shipping-taxable","16":"purchasable","17":"product-type-simple","18":"entry","19":"content-bg","20":"loop-entry"},"supplier_id":null,"supplier_sku":"","barcode":null,"atum_controlled":true,"out_stock_date":null,"out_stock_threshold":null,"inheritable":false,"inbound_stock":0,"stock_on_hold":0,"sold_today":0,"sales_last_days":1,"out_stock_days":0,"lost_sales":0,"has_location":false,"update_date":"2026-04-14T00:05:11","atum_locations":[],"atum_stock_status":"instock","restock_status":false,"low_stock_amount":"","sales_update_date":"2026-04-14T00:05:11","calc_backorders":null,"yoast_head":"<!-- This site is optimized with the Yoast SEO plugin v27.2 - https:\/\/yoast.com\/product\/yoast-seo-wordpress\/ -->\n<title>Mixsoon Bifida Mask Pack - IDA.KOREA<\/title>\n<meta name=\"description\" content=\"Barj\u00e4\u00e4rne kangasmask Mixsoon Bifida Mask Pack l\u00fcsaadiga taastab naha mikrobioomi, normaliseerib h\u00fcdrolipiidset tasakaalu ja niisutab intensiivselt.\" \/>\n<meta name=\"robots\" content=\"index, follow, max-snippet:-1, max-image-preview:large, max-video-preview:-1\" \/>\n<link rel=\"canonical\" href=\"https:\/\/idakorea.ee\/en\/product\/mixsoon-bifida-mask-pack\/\" \/>\n<meta property=\"og:locale\" content=\"en_US\" \/>\n<meta property=\"og:type\" content=\"article\" \/>\n<meta property=\"og:title\" content=\"Mixsoon Bifida Mask Pack - IDA.KOREA\" \/>\n<meta property=\"og:description\" content=\"Barj\u00e4\u00e4rne kangasmask Mixsoon Bifida Mask Pack l\u00fcsaadiga taastab naha mikrobioomi, normaliseerib h\u00fcdrolipiidset tasakaalu ja niisutab intensiivselt.\" \/>\n<meta property=\"og:url\" content=\"https:\/\/idakorea.ee\/en\/product\/mixsoon-bifida-mask-pack\/\" \/>\n<meta property=\"og:site_name\" content=\"IDA.KOREA\" \/>\n<meta property=\"article:modified_time\" content=\"2026-04-03T07:22:23+00:00\" \/>\n<meta property=\"og:image\" content=\"https:\/\/idakorea.ee\/wp-content\/uploads\/2025\/10\/mixsoon-bifida-mask-pack-idakorea.jpg\" \/>\n\t<meta property=\"og:image:width\" content=\"1000\" \/>\n\t<meta property=\"og:image:height\" content=\"1000\" \/>\n\t<meta property=\"og:image:type\" content=\"image\/jpeg\" \/>\n<meta name=\"twitter:card\" content=\"summary_large_image\" \/>\n<meta name=\"twitter:label1\" content=\"Est. reading time\" \/>\n\t<meta name=\"twitter:data1\" content=\"2 minutes\" \/>\n<script type=\"application\/ld+json\" class=\"yoast-schema-graph\">{\"@context\":\"https:\/\/schema.org\",\"@graph\":[{\"@type\":\"WebPage\",\"@id\":\"https:\/\/idakorea.ee\/product\/mixsoon-bifida-mask-pack\/\",\"url\":\"https:\/\/idakorea.ee\/product\/mixsoon-bifida-mask-pack\/\",\"name\":\"Mixsoon Bifida Mask Pack - IDA.KOREA\",\"isPartOf\":{\"@id\":\"https:\/\/idakorea.ee\/#website\"},\"primaryImageOfPage\":{\"@id\":\"https:\/\/idakorea.ee\/product\/mixsoon-bifida-mask-pack\/#primaryimage\"},\"image\":{\"@id\":\"https:\/\/idakorea.ee\/product\/mixsoon-bifida-mask-pack\/#primaryimage\"},\"thumbnailUrl\":\"https:\/\/idakorea.ee\/wp-content\/uploads\/2025\/10\/mixsoon-bifida-mask-pack-idakorea.jpg\",\"datePublished\":\"2025-10-17T11:17:25+00:00\",\"dateModified\":\"2026-04-03T07:22:23+00:00\",\"description\":\"Barj\u00e4\u00e4rne kangasmask Mixsoon Bifida Mask Pack l\u00fcsaadiga taastab naha mikrobioomi, normaliseerib h\u00fcdrolipiidset tasakaalu ja niisutab intensiivselt.\",\"breadcrumb\":{\"@id\":\"https:\/\/idakorea.ee\/product\/mixsoon-bifida-mask-pack\/#breadcrumb\"},\"inLanguage\":\"en-US\",\"potentialAction\":[{\"@type\":\"ReadAction\",\"target\":[\"https:\/\/idakorea.ee\/product\/mixsoon-bifida-mask-pack\/\"]}]},{\"@type\":\"ImageObject\",\"inLanguage\":\"en-US\",\"@id\":\"https:\/\/idakorea.ee\/product\/mixsoon-bifida-mask-pack\/#primaryimage\",\"url\":\"https:\/\/idakorea.ee\/wp-content\/uploads\/2025\/10\/mixsoon-bifida-mask-pack-idakorea.jpg\",\"contentUrl\":\"https:\/\/idakorea.ee\/wp-content\/uploads\/2025\/10\/mixsoon-bifida-mask-pack-idakorea.jpg\",\"width\":1000,\"height\":1000},{\"@type\":\"BreadcrumbList\",\"@id\":\"https:\/\/idakorea.ee\/product\/mixsoon-bifida-mask-pack\/#breadcrumb\",\"itemListElement\":[{\"@type\":\"ListItem\",\"position\":1,\"name\":\"\u0413\u043b\u0430\u0432\u043d\u0430\u044f \u0441\u0442\u0440\u0430\u043d\u0438\u0446\u0430\",\"item\":\"https:\/\/idakorea.ee\/\"},{\"@type\":\"ListItem\",\"position\":2,\"name\":\"Shop\",\"item\":\"https:\/\/idakorea.ee\/shop-2\/\"},{\"@type\":\"ListItem\",\"position\":3,\"name\":\"Barj\u00e4\u00e4rne kangasmask Mixsoon Bifida Mask Pack, 25g\"}]},{\"@type\":\"WebSite\",\"@id\":\"https:\/\/idakorea.ee\/#website\",\"url\":\"https:\/\/idakorea.ee\/\",\"name\":\"IDA.KOREA\",\"description\":\"Korea kosmeetika e-pood\",\"publisher\":{\"@id\":\"https:\/\/idakorea.ee\/#organization\"},\"alternateName\":\"Beauty Shop\",\"potentialAction\":[{\"@type\":\"SearchAction\",\"target\":{\"@type\":\"EntryPoint\",\"urlTemplate\":\"https:\/\/idakorea.ee\/?s={search_term_string}\"},\"query-input\":{\"@type\":\"PropertyValueSpecification\",\"valueRequired\":true,\"valueName\":\"search_term_string\"}}],\"inLanguage\":\"en-US\"},{\"@type\":\"Organization\",\"@id\":\"https:\/\/idakorea.ee\/#organization\",\"name\":\"IDA.KOREA\",\"url\":\"https:\/\/idakorea.ee\/\",\"logo\":{\"@type\":\"ImageObject\",\"inLanguage\":\"en-US\",\"@id\":\"https:\/\/idakorea.ee\/#\/schema\/logo\/image\/\",\"url\":\"https:\/\/idakorea.ee\/wp-content\/uploads\/2024\/05\/cropped-korea3.png\",\"contentUrl\":\"https:\/\/idakorea.ee\/wp-content\/uploads\/2024\/05\/cropped-korea3.png\",\"width\":688,\"height\":126,\"caption\":\"IDA.KOREA\"},\"image\":{\"@id\":\"https:\/\/idakorea.ee\/#\/schema\/logo\/image\/\"},\"sameAs\":[\"https:\/\/www.instagram.com\/ida.korea\/\"]}]}<\/script>\n<!-- \/ Yoast SEO plugin. -->","yoast_head_json":{"title":"Mixsoon Bifida Mask Pack - IDA.KOREA","description":"The Mixsoon Bifida Mask Pack barrier fabric mask with lysate restores the skin&#039;s microbiome, normalizes the hydrolipidic balance, and intensely moisturizes.","robots":{"index":"index","follow":"follow","max-snippet":"max-snippet:-1","max-image-preview":"max-image-preview:large","max-video-preview":"max-video-preview:-1"},"canonical":"https:\/\/idakorea.ee\/en\/product\/mixsoon-bifida-mask-pack\/","og_locale":"en_US","og_type":"article","og_title":"Mixsoon Bifida Mask Pack - IDA.KOREA","og_description":"Barj\u00e4\u00e4rne kangasmask Mixsoon Bifida Mask Pack l\u00fcsaadiga taastab naha mikrobioomi, normaliseerib h\u00fcdrolipiidset tasakaalu ja niisutab intensiivselt.","og_url":"https:\/\/idakorea.ee\/en\/product\/mixsoon-bifida-mask-pack\/","og_site_name":"IDA.KOREA","article_modified_time":"2026-04-03T07:22:23+00:00","og_image":[{"width":1000,"height":1000,"url":"https:\/\/idakorea.ee\/wp-content\/uploads\/2025\/10\/mixsoon-bifida-mask-pack-idakorea.jpg","type":"image\/jpeg"}],"twitter_card":"summary_large_image","twitter_misc":{"Est. reading time":"2 minutes"},"schema":{"@context":"https:\/\/schema.org","@graph":[{"@type":"WebPage","@id":"https:\/\/idakorea.ee\/product\/mixsoon-bifida-mask-pack\/","url":"https:\/\/idakorea.ee\/product\/mixsoon-bifida-mask-pack\/","name":"Mixsoon Bifida Mask Pack - IDA.KOREA","isPartOf":{"@id":"https:\/\/idakorea.ee\/#website"},"primaryImageOfPage":{"@id":"https:\/\/idakorea.ee\/product\/mixsoon-bifida-mask-pack\/#primaryimage"},"image":{"@id":"https:\/\/idakorea.ee\/product\/mixsoon-bifida-mask-pack\/#primaryimage"},"thumbnailUrl":"https:\/\/idakorea.ee\/wp-content\/uploads\/2025\/10\/mixsoon-bifida-mask-pack-idakorea.jpg","datePublished":"2025-10-17T11:17:25+00:00","dateModified":"2026-04-03T07:22:23+00:00","description":"The Mixsoon Bifida Mask Pack barrier fabric mask with lysate restores the skin&#039;s microbiome, normalizes the hydrolipidic balance, and intensely moisturizes.","breadcrumb":{"@id":"https:\/\/idakorea.ee\/product\/mixsoon-bifida-mask-pack\/#breadcrumb"},"inLanguage":"en-US","potentialAction":[{"@type":"ReadAction","target":["https:\/\/idakorea.ee\/product\/mixsoon-bifida-mask-pack\/"]}]},{"@type":"ImageObject","inLanguage":"en-US","@id":"https:\/\/idakorea.ee\/product\/mixsoon-bifida-mask-pack\/#primaryimage","url":"https:\/\/idakorea.ee\/wp-content\/uploads\/2025\/10\/mixsoon-bifida-mask-pack-idakorea.jpg","contentUrl":"https:\/\/idakorea.ee\/wp-content\/uploads\/2025\/10\/mixsoon-bifida-mask-pack-idakorea.jpg","width":1000,"height":1000},{"@type":"BreadcrumbList","@id":"https:\/\/idakorea.ee\/product\/mixsoon-bifida-mask-pack\/#breadcrumb","itemListElement":[{"@type":"ListItem","position":1,"name":"\u0413\u043b\u0430\u0432\u043d\u0430\u044f \u0441\u0442\u0440\u0430\u043d\u0438\u0446\u0430","item":"https:\/\/idakorea.ee\/"},{"@type":"ListItem","position":2,"name":"Shop","item":"https:\/\/idakorea.ee\/shop-2\/"},{"@type":"ListItem","position":3,"name":"Barj\u00e4\u00e4rne kangasmask Mixsoon Bifida Mask Pack, 25g"}]},{"@type":"WebSite","@id":"https:\/\/idakorea.ee\/#website","url":"https:\/\/idakorea.ee\/","name":"IDA.KOREA","description":"Korean cosmetics e-shop","publisher":{"@id":"https:\/\/idakorea.ee\/#organization"},"alternateName":"Beauty Shop","potentialAction":[{"@type":"SearchAction","target":{"@type":"EntryPoint","urlTemplate":"https:\/\/idakorea.ee\/?s={search_term_string}"},"query-input":{"@type":"PropertyValueSpecification","valueRequired":true,"valueName":"search_term_string"}}],"inLanguage":"en-US"},{"@type":"Organization","@id":"https:\/\/idakorea.ee\/#organization","name":"IDA.KOREA","url":"https:\/\/idakorea.ee\/","logo":{"@type":"ImageObject","inLanguage":"en-US","@id":"https:\/\/idakorea.ee\/#\/schema\/logo\/image\/","url":"https:\/\/idakorea.ee\/wp-content\/uploads\/2024\/05\/cropped-korea3.png","contentUrl":"https:\/\/idakorea.ee\/wp-content\/uploads\/2024\/05\/cropped-korea3.png","width":688,"height":126,"caption":"IDA.KOREA"},"image":{"@id":"https:\/\/idakorea.ee\/#\/schema\/logo\/image\/"},"sameAs":["https:\/\/www.instagram.com\/ida.korea\/"]}]}},"jetpack_sharing_enabled":true,"brands":[{"id":1000,"name":"MIXSOON","slug":"mixsoon"}],"_links":{"self":[{"href":"https:\/\/idakorea.ee\/en\/wp-json\/wp\/v2\/product\/16159","targetHints":{"allow":["GET"]}}],"collection":[{"href":"https:\/\/idakorea.ee\/en\/wp-json\/wp\/v2\/product"}],"about":[{"href":"https:\/\/idakorea.ee\/en\/wp-json\/wp\/v2\/types\/product"}],"replies":[{"embeddable":true,"href":"https:\/\/idakorea.ee\/en\/wp-json\/wp\/v2\/comments?post=16159"}],"version-history":[{"count":2,"href":"https:\/\/idakorea.ee\/en\/wp-json\/wp\/v2\/product\/16159\/revisions"}],"predecessor-version":[{"id":17360,"href":"https:\/\/idakorea.ee\/en\/wp-json\/wp\/v2\/product\/16159\/revisions\/17360"}],"wp:featuredmedia":[{"embeddable":true,"href":"https:\/\/idakorea.ee\/en\/wp-json\/wp\/v2\/media\/16160"}],"wp:attachment":[{"href":"https:\/\/idakorea.ee\/en\/wp-json\/wp\/v2\/media?parent=16159"}],"wp:term":[{"taxonomy":"pwb-brand","embeddable":true,"href":"https:\/\/idakorea.ee\/en\/wp-json\/wp\/v2\/pwb-brand?post=16159"},{"taxonomy":"product_brand","embeddable":true,"href":"https:\/\/idakorea.ee\/en\/wp-json\/wp\/v2\/product_brand?post=16159"},{"taxonomy":"product_cat","embeddable":true,"href":"https:\/\/idakorea.ee\/en\/wp-json\/wp\/v2\/product_cat?post=16159"},{"taxonomy":"product_tag","embeddable":true,"href":"https:\/\/idakorea.ee\/en\/wp-json\/wp\/v2\/product_tag?post=16159"}],"curies":[{"name":"wp","href":"https:\/\/api.w.org\/{rel}","templated":true}]}}