{"id":16181,"date":"2025-10-20T13:52:52","date_gmt":"2025-10-20T10:52:52","guid":{"rendered":"https:\/\/idakorea.ee\/?post_type=product&#038;p=16181"},"modified":"2026-02-11T18:25:31","modified_gmt":"2026-02-11T16:25:31","slug":"skin1004-madagascar-centella-cream","status":"publish","type":"product","link":"https:\/\/idakorea.ee\/en\/product\/skin1004-madagascar-centella-cream\/","title":{"rendered":"Nourishing cream SKIN1004 Madagascar Centella Cream, 75ml"},"content":{"rendered":"<p data-start=\"0\" data-end=\"147\"><strong data-start=\"0\" data-end=\"38\">SKIN1004 Madagascar Centella Cream<\/strong> Moisturizes and nourishes the skin, restoring moisture balance and eliminating dryness, flaking and a feeling of tightness.<\/p>\n<p data-start=\"149\" data-end=\"350\">The cream smoothes and softens the skin, promotes the healing of small wounds and micro-damages, and strengthens the hydrolipidic barrier, which retains moisture in the epidermis and protects the skin from harmful substances.<\/p>\n<p data-start=\"352\" data-end=\"570\">Oil-in-Water technology, which encapsulates oil particles in water microcapsules, gives the cream a dense and silky texture and ensures deep absorption of active ingredients. The product is perfectly absorbed and does not leave a sticky layer.<\/p>\n<p data-start=\"572\" data-end=\"918\">The main active ingredient is 9.8% Centella Asiatica extract, which has a soothing and regenerating effect. The extract is obtained from plants grown in an ecologically clean region of Madagascar. Centella Asiatica relieves irritation and redness, strengthens capillary walls, helps reduce capillary network and combats couperose.<\/p>\n<p data-start=\"920\" data-end=\"948\"><strong data-start=\"920\" data-end=\"946\">Additional active substances:<\/strong><\/p>\n<ul data-start=\"949\" data-end=\"1888\">\n<li data-start=\"949\" data-end=\"1135\">\n<p data-start=\"951\" data-end=\"1135\"><strong data-start=\"951\" data-end=\"1029\">TECA complex (Asiaticoside, Madecassic Acid, Asiatic Acid, Madecassoside)<\/strong> \u2013 contains four centella derivative compounds that restore damaged skin, strengthen and nourish.<\/p>\n<\/li>\n<li data-start=\"1136\" data-end=\"1245\">\n<p data-start=\"1138\" data-end=\"1245\"><strong data-start=\"1138\" data-end=\"1150\">Skvala<\/strong> has an antioxidant effect, slows down the signs of aging and supports cell metabolism.<\/p>\n<\/li>\n<li data-start=\"1246\" data-end=\"1416\">\n<p data-start=\"1248\" data-end=\"1416\"><strong data-start=\"1248\" data-end=\"1280\">Niacinamide (vitamin B3)<\/strong> regulates sebum secretion, reduces oily shine, lightens pigmentation, stimulates collagen production and improves skin elasticity.<\/p>\n<\/li>\n<li data-start=\"1417\" data-end=\"1559\">\n<p data-start=\"1419\" data-end=\"1559\"><strong data-start=\"1419\" data-end=\"1446\">Panthenol (vitamin B5)<\/strong> accelerates healing, soothes irritation and itching, strengthens the skin&#039;s protective barrier and reduces moisture loss.<\/p>\n<\/li>\n<li data-start=\"1560\" data-end=\"1694\">\n<p data-start=\"1562\" data-end=\"1694\"><strong data-start=\"1562\" data-end=\"1577\">Ceramides<\/strong> strengthen the hydrolipidic layer, eliminate dryness and flaking, and reduce sensitivity to external factors.<\/p>\n<\/li>\n<li data-start=\"1695\" data-end=\"1796\">\n<p data-start=\"1697\" data-end=\"1796\"><strong data-start=\"1697\" data-end=\"1714\">Macadamia oil<\/strong> nourishes the skin, enriches it with vitamins and fatty acids, softens it and is well absorbed.<\/p>\n<\/li>\n<li data-start=\"1797\" data-end=\"1888\">\n<p data-start=\"1799\" data-end=\"1888\"><strong data-start=\"1799\" data-end=\"1811\">Shea butter<\/strong> eliminates flaking, prevents premature aging, nourishes and smoothes the skin.<\/p>\n<\/li>\n<\/ul>\n<p data-start=\"1890\" data-end=\"1922\">Suitable for all skin types.<\/p>\n<p data-start=\"1924\" data-end=\"2053\" data-is-last-node=\"\" data-is-only-node=\"\"><strong data-start=\"1924\" data-end=\"1939\">Usage:<\/strong> After cleansing, toning and serum, apply the cream to your face and gently spread it along the massage lines.<\/p>","protected":false},"excerpt":{"rendered":"<p>SKIN1004 Madagascar Centella Cream moisturizes and nourishes the skin, restoring moisture balance and eliminating dryness, flaking and a feeling of tightness. The cream smoothes and softens the skin, promotes the healing of small wounds and micro-damages, and strengthens the hydrolipidic barrier, which retains moisture in the epidermis and protects the skin from harmful substances. Oil-in-Water technology, which encapsulates oil particles in water microcapsules, gives the cream a dense and silky texture and\u2026<\/p>","protected":false},"featured_media":16182,"comment_status":"open","ping_status":"closed","template":"","meta":{"_uf_show_specific_survey":0,"_uf_disable_surveys":false,"_bst_post_transparent":"default","_bst_post_title":"","_bst_post_layout":"default","_bst_post_sidebar_id":"","_bst_post_content_style":"default","_bst_post_vertical_padding":"default","_bst_post_feature":"","_bst_post_feature_position":"","_bst_post_header":false,"_bst_post_footer":false},"pwb-brand":[186],"product_brand":[],"product_cat":[92,96],"product_tag":[568,976,1004,1003],"class_list":{"0":"post-16181","1":"product","2":"type-product","3":"status-publish","4":"has-post-thumbnail","6":"pwb-brand-skin1004","7":"product_cat-nagu","8":"product_cat-naokreemid","9":"product_tag-korea","10":"product_tag-kreem","11":"product_tag-toitev","12":"product_tag-tsentella","14":"first","15":"instock","16":"sale","17":"shipping-taxable","18":"purchasable","19":"product-type-simple","20":"entry","21":"content-bg","22":"loop-entry"},"supplier_id":null,"supplier_sku":"","barcode":null,"atum_controlled":true,"out_stock_date":null,"out_stock_threshold":null,"inheritable":false,"inbound_stock":0,"stock_on_hold":0,"sold_today":0,"sales_last_days":0,"out_stock_days":0,"lost_sales":0,"has_location":false,"update_date":"2026-05-10T00:17:46","atum_locations":[],"atum_stock_status":"instock","restock_status":false,"low_stock_amount":"","sales_update_date":"2026-05-10T00:17:46","calc_backorders":null,"yoast_head":"<!-- This site is optimized with the Yoast SEO plugin v27.2 - https:\/\/yoast.com\/product\/yoast-seo-wordpress\/ -->\n<title>SKIN1004 Madagascar Centella Cream - IDA.KOREA<\/title>\n<meta name=\"description\" content=\"Kreem silub ja pehmendab nahka, soodustab v\u00e4ikeste haavade ja mikrokahjustuste paranemist ning tugevdab h\u00fcdrolipiidset barj\u00e4\u00e4ri. - Kiire tarne!\" \/>\n<meta name=\"robots\" content=\"index, follow, max-snippet:-1, max-image-preview:large, max-video-preview:-1\" \/>\n<link rel=\"canonical\" href=\"https:\/\/idakorea.ee\/en\/product\/skin1004-madagascar-centella-cream\/\" \/>\n<meta property=\"og:locale\" content=\"en_US\" \/>\n<meta property=\"og:type\" content=\"article\" \/>\n<meta property=\"og:title\" content=\"SKIN1004 Madagascar Centella Cream - IDA.KOREA\" \/>\n<meta property=\"og:description\" content=\"Kreem silub ja pehmendab nahka, soodustab v\u00e4ikeste haavade ja mikrokahjustuste paranemist ning tugevdab h\u00fcdrolipiidset barj\u00e4\u00e4ri. - Kiire tarne!\" \/>\n<meta property=\"og:url\" content=\"https:\/\/idakorea.ee\/en\/product\/skin1004-madagascar-centella-cream\/\" \/>\n<meta property=\"og:site_name\" content=\"IDA.KOREA\" \/>\n<meta property=\"article:modified_time\" content=\"2026-02-11T16:25:31+00:00\" \/>\n<meta property=\"og:image\" content=\"https:\/\/idakorea.ee\/wp-content\/uploads\/2025\/10\/skin1004-madagascar-centella-cream-idakorea.jpg\" \/>\n\t<meta property=\"og:image:width\" content=\"520\" \/>\n\t<meta property=\"og:image:height\" content=\"520\" \/>\n\t<meta property=\"og:image:type\" content=\"image\/jpeg\" \/>\n<meta name=\"twitter:card\" content=\"summary_large_image\" \/>\n<meta name=\"twitter:label1\" content=\"Est. reading time\" \/>\n\t<meta name=\"twitter:data1\" content=\"2 minutes\" \/>\n<script type=\"application\/ld+json\" class=\"yoast-schema-graph\">{\"@context\":\"https:\/\/schema.org\",\"@graph\":[{\"@type\":\"WebPage\",\"@id\":\"https:\/\/idakorea.ee\/product\/skin1004-madagascar-centella-cream\/\",\"url\":\"https:\/\/idakorea.ee\/product\/skin1004-madagascar-centella-cream\/\",\"name\":\"SKIN1004 Madagascar Centella Cream - IDA.KOREA\",\"isPartOf\":{\"@id\":\"https:\/\/idakorea.ee\/#website\"},\"primaryImageOfPage\":{\"@id\":\"https:\/\/idakorea.ee\/product\/skin1004-madagascar-centella-cream\/#primaryimage\"},\"image\":{\"@id\":\"https:\/\/idakorea.ee\/product\/skin1004-madagascar-centella-cream\/#primaryimage\"},\"thumbnailUrl\":\"https:\/\/idakorea.ee\/wp-content\/uploads\/2025\/10\/skin1004-madagascar-centella-cream-idakorea.jpg\",\"datePublished\":\"2025-10-20T10:52:52+00:00\",\"dateModified\":\"2026-02-11T16:25:31+00:00\",\"description\":\"Kreem silub ja pehmendab nahka, soodustab v\u00e4ikeste haavade ja mikrokahjustuste paranemist ning tugevdab h\u00fcdrolipiidset barj\u00e4\u00e4ri. - Kiire tarne!\",\"breadcrumb\":{\"@id\":\"https:\/\/idakorea.ee\/product\/skin1004-madagascar-centella-cream\/#breadcrumb\"},\"inLanguage\":\"en-US\",\"potentialAction\":[{\"@type\":\"ReadAction\",\"target\":[\"https:\/\/idakorea.ee\/product\/skin1004-madagascar-centella-cream\/\"]}]},{\"@type\":\"ImageObject\",\"inLanguage\":\"en-US\",\"@id\":\"https:\/\/idakorea.ee\/product\/skin1004-madagascar-centella-cream\/#primaryimage\",\"url\":\"https:\/\/idakorea.ee\/wp-content\/uploads\/2025\/10\/skin1004-madagascar-centella-cream-idakorea.jpg\",\"contentUrl\":\"https:\/\/idakorea.ee\/wp-content\/uploads\/2025\/10\/skin1004-madagascar-centella-cream-idakorea.jpg\",\"width\":520,\"height\":520},{\"@type\":\"BreadcrumbList\",\"@id\":\"https:\/\/idakorea.ee\/product\/skin1004-madagascar-centella-cream\/#breadcrumb\",\"itemListElement\":[{\"@type\":\"ListItem\",\"position\":1,\"name\":\"\u0413\u043b\u0430\u0432\u043d\u0430\u044f \u0441\u0442\u0440\u0430\u043d\u0438\u0446\u0430\",\"item\":\"https:\/\/idakorea.ee\/\"},{\"@type\":\"ListItem\",\"position\":2,\"name\":\"Shop\",\"item\":\"https:\/\/idakorea.ee\/shop-2\/\"},{\"@type\":\"ListItem\",\"position\":3,\"name\":\"Toitev kreem SKIN1004 Madagascar Centella Cream, 75ml\"}]},{\"@type\":\"WebSite\",\"@id\":\"https:\/\/idakorea.ee\/#website\",\"url\":\"https:\/\/idakorea.ee\/\",\"name\":\"IDA.KOREA\",\"description\":\"Korea kosmeetika e-pood\",\"publisher\":{\"@id\":\"https:\/\/idakorea.ee\/#organization\"},\"alternateName\":\"Beauty Shop\",\"potentialAction\":[{\"@type\":\"SearchAction\",\"target\":{\"@type\":\"EntryPoint\",\"urlTemplate\":\"https:\/\/idakorea.ee\/?s={search_term_string}\"},\"query-input\":{\"@type\":\"PropertyValueSpecification\",\"valueRequired\":true,\"valueName\":\"search_term_string\"}}],\"inLanguage\":\"en-US\"},{\"@type\":\"Organization\",\"@id\":\"https:\/\/idakorea.ee\/#organization\",\"name\":\"IDA.KOREA\",\"url\":\"https:\/\/idakorea.ee\/\",\"logo\":{\"@type\":\"ImageObject\",\"inLanguage\":\"en-US\",\"@id\":\"https:\/\/idakorea.ee\/#\/schema\/logo\/image\/\",\"url\":\"https:\/\/idakorea.ee\/wp-content\/uploads\/2024\/05\/cropped-korea3.png\",\"contentUrl\":\"https:\/\/idakorea.ee\/wp-content\/uploads\/2024\/05\/cropped-korea3.png\",\"width\":688,\"height\":126,\"caption\":\"IDA.KOREA\"},\"image\":{\"@id\":\"https:\/\/idakorea.ee\/#\/schema\/logo\/image\/\"},\"sameAs\":[\"https:\/\/www.instagram.com\/ida.korea\/\"]}]}<\/script>\n<!-- \/ Yoast SEO plugin. -->","yoast_head_json":{"title":"SKIN1004 Madagascar Centella Cream - EAST.KOREA","description":"The cream smoothes and softens the skin, promotes the healing of small wounds and micro-damages, and strengthens the hydrolipidic barrier. - Fast delivery!","robots":{"index":"index","follow":"follow","max-snippet":"max-snippet:-1","max-image-preview":"max-image-preview:large","max-video-preview":"max-video-preview:-1"},"canonical":"https:\/\/idakorea.ee\/en\/product\/skin1004-madagascar-centella-cream\/","og_locale":"en_US","og_type":"article","og_title":"SKIN1004 Madagascar Centella Cream - IDA.KOREA","og_description":"Kreem silub ja pehmendab nahka, soodustab v\u00e4ikeste haavade ja mikrokahjustuste paranemist ning tugevdab h\u00fcdrolipiidset barj\u00e4\u00e4ri. - Kiire tarne!","og_url":"https:\/\/idakorea.ee\/en\/product\/skin1004-madagascar-centella-cream\/","og_site_name":"IDA.KOREA","article_modified_time":"2026-02-11T16:25:31+00:00","og_image":[{"width":520,"height":520,"url":"https:\/\/idakorea.ee\/wp-content\/uploads\/2025\/10\/skin1004-madagascar-centella-cream-idakorea.jpg","type":"image\/jpeg"}],"twitter_card":"summary_large_image","twitter_misc":{"Est. reading time":"2 minutes"},"schema":{"@context":"https:\/\/schema.org","@graph":[{"@type":"WebPage","@id":"https:\/\/idakorea.ee\/product\/skin1004-madagascar-centella-cream\/","url":"https:\/\/idakorea.ee\/product\/skin1004-madagascar-centella-cream\/","name":"SKIN1004 Madagascar Centella Cream - EAST.KOREA","isPartOf":{"@id":"https:\/\/idakorea.ee\/#website"},"primaryImageOfPage":{"@id":"https:\/\/idakorea.ee\/product\/skin1004-madagascar-centella-cream\/#primaryimage"},"image":{"@id":"https:\/\/idakorea.ee\/product\/skin1004-madagascar-centella-cream\/#primaryimage"},"thumbnailUrl":"https:\/\/idakorea.ee\/wp-content\/uploads\/2025\/10\/skin1004-madagascar-centella-cream-idakorea.jpg","datePublished":"2025-10-20T10:52:52+00:00","dateModified":"2026-02-11T16:25:31+00:00","description":"The cream smoothes and softens the skin, promotes the healing of small wounds and micro-damages, and strengthens the hydrolipidic barrier. - Fast delivery!","breadcrumb":{"@id":"https:\/\/idakorea.ee\/product\/skin1004-madagascar-centella-cream\/#breadcrumb"},"inLanguage":"en-US","potentialAction":[{"@type":"ReadAction","target":["https:\/\/idakorea.ee\/product\/skin1004-madagascar-centella-cream\/"]}]},{"@type":"ImageObject","inLanguage":"en-US","@id":"https:\/\/idakorea.ee\/product\/skin1004-madagascar-centella-cream\/#primaryimage","url":"https:\/\/idakorea.ee\/wp-content\/uploads\/2025\/10\/skin1004-madagascar-centella-cream-idakorea.jpg","contentUrl":"https:\/\/idakorea.ee\/wp-content\/uploads\/2025\/10\/skin1004-madagascar-centella-cream-idakorea.jpg","width":520,"height":520},{"@type":"BreadcrumbList","@id":"https:\/\/idakorea.ee\/product\/skin1004-madagascar-centella-cream\/#breadcrumb","itemListElement":[{"@type":"ListItem","position":1,"name":"\u0413\u043b\u0430\u0432\u043d\u0430\u044f \u0441\u0442\u0440\u0430\u043d\u0438\u0446\u0430","item":"https:\/\/idakorea.ee\/"},{"@type":"ListItem","position":2,"name":"Shop","item":"https:\/\/idakorea.ee\/shop-2\/"},{"@type":"ListItem","position":3,"name":"Toitev kreem SKIN1004 Madagascar Centella Cream, 75ml"}]},{"@type":"WebSite","@id":"https:\/\/idakorea.ee\/#website","url":"https:\/\/idakorea.ee\/","name":"IDA.KOREA","description":"Korean cosmetics e-shop","publisher":{"@id":"https:\/\/idakorea.ee\/#organization"},"alternateName":"Beauty Shop","potentialAction":[{"@type":"SearchAction","target":{"@type":"EntryPoint","urlTemplate":"https:\/\/idakorea.ee\/?s={search_term_string}"},"query-input":{"@type":"PropertyValueSpecification","valueRequired":true,"valueName":"search_term_string"}}],"inLanguage":"en-US"},{"@type":"Organization","@id":"https:\/\/idakorea.ee\/#organization","name":"IDA.KOREA","url":"https:\/\/idakorea.ee\/","logo":{"@type":"ImageObject","inLanguage":"en-US","@id":"https:\/\/idakorea.ee\/#\/schema\/logo\/image\/","url":"https:\/\/idakorea.ee\/wp-content\/uploads\/2024\/05\/cropped-korea3.png","contentUrl":"https:\/\/idakorea.ee\/wp-content\/uploads\/2024\/05\/cropped-korea3.png","width":688,"height":126,"caption":"IDA.KOREA"},"image":{"@id":"https:\/\/idakorea.ee\/#\/schema\/logo\/image\/"},"sameAs":["https:\/\/www.instagram.com\/ida.korea\/"]}]}},"jetpack_sharing_enabled":true,"brands":[{"id":186,"name":"SKIN1004","slug":"skin1004"}],"_links":{"self":[{"href":"https:\/\/idakorea.ee\/en\/wp-json\/wp\/v2\/product\/16181","targetHints":{"allow":["GET"]}}],"collection":[{"href":"https:\/\/idakorea.ee\/en\/wp-json\/wp\/v2\/product"}],"about":[{"href":"https:\/\/idakorea.ee\/en\/wp-json\/wp\/v2\/types\/product"}],"replies":[{"embeddable":true,"href":"https:\/\/idakorea.ee\/en\/wp-json\/wp\/v2\/comments?post=16181"}],"version-history":[{"count":2,"href":"https:\/\/idakorea.ee\/en\/wp-json\/wp\/v2\/product\/16181\/revisions"}],"predecessor-version":[{"id":16186,"href":"https:\/\/idakorea.ee\/en\/wp-json\/wp\/v2\/product\/16181\/revisions\/16186"}],"wp:featuredmedia":[{"embeddable":true,"href":"https:\/\/idakorea.ee\/en\/wp-json\/wp\/v2\/media\/16182"}],"wp:attachment":[{"href":"https:\/\/idakorea.ee\/en\/wp-json\/wp\/v2\/media?parent=16181"}],"wp:term":[{"taxonomy":"pwb-brand","embeddable":true,"href":"https:\/\/idakorea.ee\/en\/wp-json\/wp\/v2\/pwb-brand?post=16181"},{"taxonomy":"product_brand","embeddable":true,"href":"https:\/\/idakorea.ee\/en\/wp-json\/wp\/v2\/product_brand?post=16181"},{"taxonomy":"product_cat","embeddable":true,"href":"https:\/\/idakorea.ee\/en\/wp-json\/wp\/v2\/product_cat?post=16181"},{"taxonomy":"product_tag","embeddable":true,"href":"https:\/\/idakorea.ee\/en\/wp-json\/wp\/v2\/product_tag?post=16181"}],"curies":[{"name":"wp","href":"https:\/\/api.w.org\/{rel}","templated":true}]}}