{"id":16264,"date":"2025-10-28T11:10:07","date_gmt":"2025-10-28T08:10:07","guid":{"rendered":"https:\/\/idakorea.ee\/?post_type=product&#038;p=16264"},"modified":"2026-04-13T20:27:23","modified_gmt":"2026-04-13T18:27:23","slug":"skin1004-madagascar-centella-tone-brightening-cleansing-gel-foam","status":"publish","type":"product","link":"https:\/\/idakorea.ee\/en\/product\/skin1004-madagascar-centella-tone-brightening-cleansing-gel-foam\/","title":{"rendered":"SKIN1004 Madagascar Centella Tone Brightening Cleansing Gel Foam, 125ml"},"content":{"rendered":"<article class=\"text-token-text-primary w-full focus:outline-none [--shadow-height:45px] has-data-writing-block:pointer-events-none has-data-writing-block:-mt-(--shadow-height) has-data-writing-block:pt-(--shadow-height) [&amp;:has([data-writing-block])&gt;*]:pointer-events-auto [content-visibility:auto] supports-[content-visibility:auto]:[contain-intrinsic-size:auto_100lvh] scroll-mt-[calc(var(--header-height)+min(200px,max(70px,20svh)))]\" dir=\"auto\" tabindex=\"-1\" data-turn-id=\"30b5f0a0-4405-4433-a58c-b4090ac8e4ab\" data-testid=\"conversation-turn-62\" data-scroll-anchor=\"true\" data-turn=\"assistant\">\n<div class=\"text-base my-auto mx-auto pb-10 [--thread-content-margin:--spacing(4)] thread-sm:[--thread-content-margin:--spacing(6)] thread-lg:[--thread-content-margin:--spacing(16)] px-(--thread-content-margin)\">\n<div class=\"[--thread-content-max-width:40rem] thread-lg:[--thread-content-max-width:48rem] mx-auto max-w-(--thread-content-max-width) flex-1 group\/turn-messages focus-visible:outline-hidden relative flex w-full min-w-0 flex-col agent-turn\" tabindex=\"-1\">\n<div class=\"flex max-w-full flex-col grow\">\n<div class=\"min-h-8 text-message relative flex w-full flex-col items-end gap-2 text-start break-words whitespace-normal [.text-message+&amp;]:mt-1\" dir=\"auto\" data-message-author-role=\"assistant\" data-message-id=\"30b5f0a0-4405-4433-a58c-b4090ac8e4ab\" data-message-model-slug=\"gpt-5\">\n<div class=\"flex w-full flex-col gap-1 empty:hidden first:pt-[1px]\">\n<div class=\"markdown prose dark:prose-invert w-full break-words light markdown-new-styling\">\n<p data-start=\"0\" data-end=\"254\"><strong data-start=\"0\" data-end=\"68\">SKIN1004 Madagascar Centella Tone Brightening Cleansing Gel Foam<\/strong> puhastab nahka \u00f5rnalt, helendab ja \u00fchtlustab jumet, j\u00e4ttes naha p\u00e4rast pesu pehmeks ja niisutatuks \u2013 ilma kiskuva tundeta. Eemaldab surnud naharakud ja puhastab s\u00fcgavalt, kuid \u00f5rnalt.<\/p>\n<p data-start=\"256\" data-end=\"478\">Toode aitab v\u00e4hendada pigmendilaike ja aknej\u00e4rgseid j\u00e4lgi, k\u00f5rvaldab tuhmuse, puhastab poorid ning eemaldab mustuse ja meigij\u00e4\u00e4gid. Neutraalne pH tasakaalustab naha happelisuse, s\u00e4ilitades selle loomuliku kaitsebarj\u00e4\u00e4ri.<\/p>\n<p data-start=\"480\" data-end=\"782\">Valem p\u00f5hineb 41% Aasia vesinaba (centella asiatica) ekstraktil, mis on kogutud \u00f6koloogiliselt puhastelt aladelt Madagaskaril. Centella rahustab \u00e4rritusi ja punetust, pehmendab nahka, v\u00e4hendab tundlikkust, parandab elastsust ja tugevdab kapillaaride seinu, aidates ennetada veresoonte laienemist.<\/p>\n<p data-start=\"784\" data-end=\"975\">Geeljas koostis muutub rikkalikuks vahuks, mis niisutab ja eemaldab p\u00f5hjalikult k\u00f5ik mustused t\u00e4nu loodusliku p\u00e4ritoluga puhastavatele ainetele. J\u00e4tab naha p\u00e4rast pesu v\u00e4rskeks ja mugavaks.<\/p>\n<p data-start=\"977\" data-end=\"996\"><strong data-start=\"981\" data-end=\"996\">Toimeained:<\/strong><\/p>\n<ul data-start=\"997\" data-end=\"1749\">\n<li data-start=\"997\" data-end=\"1236\">\n<p data-start=\"999\" data-end=\"1236\"><strong data-start=\"999\" data-end=\"1013\">MadeWhite\u2122<\/strong> \u2013 kompleks, mis koosneb madecassoside\u2019ist (centella derivaat) ja pent\u00fcleengl\u00fckoolist. Pidurdab ts\u00fcklooks\u00fcgenaasi ens\u00fc\u00fcmi aktiivsust, mis vastutab p\u00f5letikureaktsiooni eest, aidates v\u00e4ltida p\u00f5letikke ja aknej\u00e4rgseid j\u00e4lgi.<\/p>\n<\/li>\n<li data-start=\"1237\" data-end=\"1361\">\n<p data-start=\"1239\" data-end=\"1361\"><strong data-start=\"1239\" data-end=\"1252\">SingGreen<\/strong> \u2013 kompleks papaia, \u00f5una, viinamarja ja ploomi ekstraktidest. Koorib \u00f5rnalt, silub ja \u00fchtlustab naha tooni.<\/p>\n<\/li>\n<li data-start=\"1362\" data-end=\"1553\">\n<p data-start=\"1364\" data-end=\"1553\"><strong data-start=\"1364\" data-end=\"1395\">Niatsiinamiid (vitamiin B3)<\/strong> \u2013 \u00fchtlustab nahatooni, parandab jume, stimuleerib kollageeni tootmist, helendab ja aeglustab melaniini transporti epidermises, tugevdades naha kaitsekihti.<\/p>\n<\/li>\n<li data-start=\"1554\" data-end=\"1749\">\n<p data-start=\"1556\" data-end=\"1749\"><strong data-start=\"1556\" data-end=\"1582\">3-O-et\u00fc\u00fclaskorbiinhape<\/strong> \u2013 rasvlahustuv C-vitamiini vorm, mis toimib tugeva antioks\u00fcdandi ja p\u00f5letikuvastase ainena, aeglustab vananemisprotsesse, helendab ja soodustab kollageeni s\u00fcnteesi.<\/p>\n<\/li>\n<\/ul>\n<p data-start=\"1751\" data-end=\"1783\">Sobib k\u00f5ikidele nahat\u00fc\u00fcpidele.<\/p>\n<p data-start=\"1785\" data-end=\"1806\"><strong data-start=\"1789\" data-end=\"1804\">Kasutamine:<\/strong><\/p>\n<p data-start=\"1807\" data-end=\"1902\" data-is-last-node=\"\" data-is-only-node=\"\">Kanna v\u00e4ike kogus niiskele n\u00e4onahale, masseeri \u00f5rnalt kuni vahustumiseni ja loputa sooja veega.<\/p>\n<\/div>\n<\/div>\n<\/div>\n<\/div>\n<div class=\"z-0 flex min-h-[46px] justify-start\"><\/div>\n<\/div>\n<\/div>\n<\/article>\n<div class=\"pointer-events-none h-px w-px\" aria-hidden=\"true\" data-edge=\"true\"><\/div>\n","protected":false},"excerpt":{"rendered":"<p>SKIN1004 Madagascar Centella Tone Brightening Cleansing Gel Foam gently cleanses the skin, brightens and evens out the complexion, leaving the skin soft and moisturized after washing - without a pulling feeling. Removes dead skin cells and cleanses deeply but gently. The product helps reduce pigment spots and acne scars, eliminates dullness, cleanses pores and removes dirt and makeup residue. Neutral pH balances the skin&#039;s acidity,\u2026<\/p>","protected":false},"featured_media":16265,"comment_status":"open","ping_status":"closed","template":"","meta":{"_uf_show_specific_survey":0,"_uf_disable_surveys":false,"_bst_post_transparent":"default","_bst_post_title":"","_bst_post_layout":"default","_bst_post_sidebar_id":"","_bst_post_content_style":"default","_bst_post_vertical_padding":"default","_bst_post_feature":"","_bst_post_feature_position":"","_bst_post_header":false,"_bst_post_footer":false},"pwb-brand":[186],"product_brand":[],"product_cat":[92,452,100],"product_tag":[1007,854,568,230],"class_list":{"0":"post-16264","1":"product","2":"type-product","3":"status-publish","4":"has-post-thumbnail","6":"pwb-brand-skin1004","7":"product_cat-nagu","8":"product_cat-naopuhastusgeelid","9":"product_cat-puhastusvahendid","10":"product_tag-foam","11":"product_tag-gel","12":"product_tag-korea","13":"product_tag-pigment","15":"first","16":"instock","17":"sale","18":"shipping-taxable","19":"purchasable","20":"product-type-simple","21":"entry","22":"content-bg","23":"loop-entry"},"supplier_id":null,"supplier_sku":"","barcode":null,"atum_controlled":true,"out_stock_date":null,"out_stock_threshold":null,"inheritable":false,"inbound_stock":0,"stock_on_hold":0,"sold_today":0,"sales_last_days":1,"out_stock_days":0,"lost_sales":0,"has_location":false,"update_date":"2026-04-14T12:37:28","atum_locations":[],"atum_stock_status":"instock","restock_status":false,"low_stock_amount":"","sales_update_date":"2026-04-14T12:37:28","calc_backorders":null,"yoast_head":"<!-- This site is optimized with the Yoast SEO plugin v27.2 - https:\/\/yoast.com\/product\/yoast-seo-wordpress\/ -->\n<title>SKIN1004 Madagascar Centella Tone Brightening Cleansing Gel Foam - IDA.KOREA<\/title>\n<meta name=\"description\" content=\"N\u00e4opuhastusgeel puhastab nahka \u00f5rnalt, helendab ja \u00fchtlustab jumet. Sisaldab 41% centella ekstrakti, niatsiinamiidi ja C-vitamiini. - Kiire tarne!\" \/>\n<meta name=\"robots\" content=\"index, follow, max-snippet:-1, max-image-preview:large, max-video-preview:-1\" \/>\n<link rel=\"canonical\" href=\"https:\/\/idakorea.ee\/en\/product\/skin1004-madagascar-centella-tone-brightening-cleansing-gel-foam\/\" \/>\n<meta property=\"og:locale\" content=\"en_US\" \/>\n<meta property=\"og:type\" content=\"article\" \/>\n<meta property=\"og:title\" content=\"SKIN1004 Madagascar Centella Tone Brightening Cleansing Gel Foam - IDA.KOREA\" \/>\n<meta property=\"og:description\" content=\"N\u00e4opuhastusgeel puhastab nahka \u00f5rnalt, helendab ja \u00fchtlustab jumet. Sisaldab 41% centella ekstrakti, niatsiinamiidi ja C-vitamiini. - Kiire tarne!\" \/>\n<meta property=\"og:url\" content=\"https:\/\/idakorea.ee\/en\/product\/skin1004-madagascar-centella-tone-brightening-cleansing-gel-foam\/\" \/>\n<meta property=\"og:site_name\" content=\"IDA.KOREA\" \/>\n<meta property=\"article:modified_time\" content=\"2026-04-13T18:27:23+00:00\" \/>\n<meta property=\"og:image\" content=\"https:\/\/idakorea.ee\/wp-content\/uploads\/2025\/10\/SKIN1004MadagascarCentellaToneBrighteningCleansingGelFoam-idakorea.webp\" \/>\n\t<meta property=\"og:image:width\" content=\"950\" \/>\n\t<meta property=\"og:image:height\" content=\"950\" \/>\n\t<meta property=\"og:image:type\" content=\"image\/webp\" \/>\n<meta name=\"twitter:card\" content=\"summary_large_image\" \/>\n<meta name=\"twitter:label1\" content=\"Est. reading time\" \/>\n\t<meta name=\"twitter:data1\" content=\"2 minutes\" \/>\n<script type=\"application\/ld+json\" class=\"yoast-schema-graph\">{\"@context\":\"https:\/\/schema.org\",\"@graph\":[{\"@type\":\"WebPage\",\"@id\":\"https:\/\/idakorea.ee\/product\/skin1004-madagascar-centella-tone-brightening-cleansing-gel-foam\/\",\"url\":\"https:\/\/idakorea.ee\/product\/skin1004-madagascar-centella-tone-brightening-cleansing-gel-foam\/\",\"name\":\"SKIN1004 Madagascar Centella Tone Brightening Cleansing Gel Foam - IDA.KOREA\",\"isPartOf\":{\"@id\":\"https:\/\/idakorea.ee\/#website\"},\"primaryImageOfPage\":{\"@id\":\"https:\/\/idakorea.ee\/product\/skin1004-madagascar-centella-tone-brightening-cleansing-gel-foam\/#primaryimage\"},\"image\":{\"@id\":\"https:\/\/idakorea.ee\/product\/skin1004-madagascar-centella-tone-brightening-cleansing-gel-foam\/#primaryimage\"},\"thumbnailUrl\":\"https:\/\/idakorea.ee\/wp-content\/uploads\/2025\/10\/SKIN1004MadagascarCentellaToneBrighteningCleansingGelFoam-idakorea.webp\",\"datePublished\":\"2025-10-28T08:10:07+00:00\",\"dateModified\":\"2026-04-13T18:27:23+00:00\",\"description\":\"N\u00e4opuhastusgeel puhastab nahka \u00f5rnalt, helendab ja \u00fchtlustab jumet. Sisaldab 41% centella ekstrakti, niatsiinamiidi ja C-vitamiini. - Kiire tarne!\",\"breadcrumb\":{\"@id\":\"https:\/\/idakorea.ee\/product\/skin1004-madagascar-centella-tone-brightening-cleansing-gel-foam\/#breadcrumb\"},\"inLanguage\":\"en-US\",\"potentialAction\":[{\"@type\":\"ReadAction\",\"target\":[\"https:\/\/idakorea.ee\/product\/skin1004-madagascar-centella-tone-brightening-cleansing-gel-foam\/\"]}]},{\"@type\":\"ImageObject\",\"inLanguage\":\"en-US\",\"@id\":\"https:\/\/idakorea.ee\/product\/skin1004-madagascar-centella-tone-brightening-cleansing-gel-foam\/#primaryimage\",\"url\":\"https:\/\/idakorea.ee\/wp-content\/uploads\/2025\/10\/SKIN1004MadagascarCentellaToneBrighteningCleansingGelFoam-idakorea.webp\",\"contentUrl\":\"https:\/\/idakorea.ee\/wp-content\/uploads\/2025\/10\/SKIN1004MadagascarCentellaToneBrighteningCleansingGelFoam-idakorea.webp\",\"width\":950,\"height\":950},{\"@type\":\"BreadcrumbList\",\"@id\":\"https:\/\/idakorea.ee\/product\/skin1004-madagascar-centella-tone-brightening-cleansing-gel-foam\/#breadcrumb\",\"itemListElement\":[{\"@type\":\"ListItem\",\"position\":1,\"name\":\"\u0413\u043b\u0430\u0432\u043d\u0430\u044f \u0441\u0442\u0440\u0430\u043d\u0438\u0446\u0430\",\"item\":\"https:\/\/idakorea.ee\/\"},{\"@type\":\"ListItem\",\"position\":2,\"name\":\"Shop\",\"item\":\"https:\/\/idakorea.ee\/shop-2\/\"},{\"@type\":\"ListItem\",\"position\":3,\"name\":\"N\u00e4opuhastusgeel SKIN1004 Madagascar Centella Tone Brightening Cleansing Gel Foam, 125ml\"}]},{\"@type\":\"WebSite\",\"@id\":\"https:\/\/idakorea.ee\/#website\",\"url\":\"https:\/\/idakorea.ee\/\",\"name\":\"IDA.KOREA\",\"description\":\"Korea kosmeetika e-pood\",\"publisher\":{\"@id\":\"https:\/\/idakorea.ee\/#organization\"},\"alternateName\":\"Beauty Shop\",\"potentialAction\":[{\"@type\":\"SearchAction\",\"target\":{\"@type\":\"EntryPoint\",\"urlTemplate\":\"https:\/\/idakorea.ee\/?s={search_term_string}\"},\"query-input\":{\"@type\":\"PropertyValueSpecification\",\"valueRequired\":true,\"valueName\":\"search_term_string\"}}],\"inLanguage\":\"en-US\"},{\"@type\":\"Organization\",\"@id\":\"https:\/\/idakorea.ee\/#organization\",\"name\":\"IDA.KOREA\",\"url\":\"https:\/\/idakorea.ee\/\",\"logo\":{\"@type\":\"ImageObject\",\"inLanguage\":\"en-US\",\"@id\":\"https:\/\/idakorea.ee\/#\/schema\/logo\/image\/\",\"url\":\"https:\/\/idakorea.ee\/wp-content\/uploads\/2024\/05\/cropped-korea3.png\",\"contentUrl\":\"https:\/\/idakorea.ee\/wp-content\/uploads\/2024\/05\/cropped-korea3.png\",\"width\":688,\"height\":126,\"caption\":\"IDA.KOREA\"},\"image\":{\"@id\":\"https:\/\/idakorea.ee\/#\/schema\/logo\/image\/\"},\"sameAs\":[\"https:\/\/www.instagram.com\/ida.korea\/\"]}]}<\/script>\n<!-- \/ Yoast SEO plugin. -->","yoast_head_json":{"title":"SKIN1004 Madagascar Centella Tone Brightening Cleansing Gel Foam - IDA.KOREA","description":"Facial cleansing gel gently cleanses the skin, brightens and evens out the complexion. Contains 41% centella extract, niacinamide and vitamin C. - Fast delivery!","robots":{"index":"index","follow":"follow","max-snippet":"max-snippet:-1","max-image-preview":"max-image-preview:large","max-video-preview":"max-video-preview:-1"},"canonical":"https:\/\/idakorea.ee\/en\/product\/skin1004-madagascar-centella-tone-brightening-cleansing-gel-foam\/","og_locale":"en_US","og_type":"article","og_title":"SKIN1004 Madagascar Centella Tone Brightening Cleansing Gel Foam - IDA.KOREA","og_description":"N\u00e4opuhastusgeel puhastab nahka \u00f5rnalt, helendab ja \u00fchtlustab jumet. Sisaldab 41% centella ekstrakti, niatsiinamiidi ja C-vitamiini. - Kiire tarne!","og_url":"https:\/\/idakorea.ee\/en\/product\/skin1004-madagascar-centella-tone-brightening-cleansing-gel-foam\/","og_site_name":"IDA.KOREA","article_modified_time":"2026-04-13T18:27:23+00:00","og_image":[{"width":950,"height":950,"url":"https:\/\/idakorea.ee\/wp-content\/uploads\/2025\/10\/SKIN1004MadagascarCentellaToneBrighteningCleansingGelFoam-idakorea.webp","type":"image\/webp"}],"twitter_card":"summary_large_image","twitter_misc":{"Est. reading time":"2 minutes"},"schema":{"@context":"https:\/\/schema.org","@graph":[{"@type":"WebPage","@id":"https:\/\/idakorea.ee\/product\/skin1004-madagascar-centella-tone-brightening-cleansing-gel-foam\/","url":"https:\/\/idakorea.ee\/product\/skin1004-madagascar-centella-tone-brightening-cleansing-gel-foam\/","name":"SKIN1004 Madagascar Centella Tone Brightening Cleansing Gel Foam - IDA.KOREA","isPartOf":{"@id":"https:\/\/idakorea.ee\/#website"},"primaryImageOfPage":{"@id":"https:\/\/idakorea.ee\/product\/skin1004-madagascar-centella-tone-brightening-cleansing-gel-foam\/#primaryimage"},"image":{"@id":"https:\/\/idakorea.ee\/product\/skin1004-madagascar-centella-tone-brightening-cleansing-gel-foam\/#primaryimage"},"thumbnailUrl":"https:\/\/idakorea.ee\/wp-content\/uploads\/2025\/10\/SKIN1004MadagascarCentellaToneBrighteningCleansingGelFoam-idakorea.webp","datePublished":"2025-10-28T08:10:07+00:00","dateModified":"2026-04-13T18:27:23+00:00","description":"Facial cleansing gel gently cleanses the skin, brightens and evens out the complexion. Contains 41% centella extract, niacinamide and vitamin C. - Fast delivery!","breadcrumb":{"@id":"https:\/\/idakorea.ee\/product\/skin1004-madagascar-centella-tone-brightening-cleansing-gel-foam\/#breadcrumb"},"inLanguage":"en-US","potentialAction":[{"@type":"ReadAction","target":["https:\/\/idakorea.ee\/product\/skin1004-madagascar-centella-tone-brightening-cleansing-gel-foam\/"]}]},{"@type":"ImageObject","inLanguage":"en-US","@id":"https:\/\/idakorea.ee\/product\/skin1004-madagascar-centella-tone-brightening-cleansing-gel-foam\/#primaryimage","url":"https:\/\/idakorea.ee\/wp-content\/uploads\/2025\/10\/SKIN1004MadagascarCentellaToneBrighteningCleansingGelFoam-idakorea.webp","contentUrl":"https:\/\/idakorea.ee\/wp-content\/uploads\/2025\/10\/SKIN1004MadagascarCentellaToneBrighteningCleansingGelFoam-idakorea.webp","width":950,"height":950},{"@type":"BreadcrumbList","@id":"https:\/\/idakorea.ee\/product\/skin1004-madagascar-centella-tone-brightening-cleansing-gel-foam\/#breadcrumb","itemListElement":[{"@type":"ListItem","position":1,"name":"\u0413\u043b\u0430\u0432\u043d\u0430\u044f \u0441\u0442\u0440\u0430\u043d\u0438\u0446\u0430","item":"https:\/\/idakorea.ee\/"},{"@type":"ListItem","position":2,"name":"Shop","item":"https:\/\/idakorea.ee\/shop-2\/"},{"@type":"ListItem","position":3,"name":"N\u00e4opuhastusgeel SKIN1004 Madagascar Centella Tone Brightening Cleansing Gel Foam, 125ml"}]},{"@type":"WebSite","@id":"https:\/\/idakorea.ee\/#website","url":"https:\/\/idakorea.ee\/","name":"IDA.KOREA","description":"Korean cosmetics e-shop","publisher":{"@id":"https:\/\/idakorea.ee\/#organization"},"alternateName":"Beauty Shop","potentialAction":[{"@type":"SearchAction","target":{"@type":"EntryPoint","urlTemplate":"https:\/\/idakorea.ee\/?s={search_term_string}"},"query-input":{"@type":"PropertyValueSpecification","valueRequired":true,"valueName":"search_term_string"}}],"inLanguage":"en-US"},{"@type":"Organization","@id":"https:\/\/idakorea.ee\/#organization","name":"IDA.KOREA","url":"https:\/\/idakorea.ee\/","logo":{"@type":"ImageObject","inLanguage":"en-US","@id":"https:\/\/idakorea.ee\/#\/schema\/logo\/image\/","url":"https:\/\/idakorea.ee\/wp-content\/uploads\/2024\/05\/cropped-korea3.png","contentUrl":"https:\/\/idakorea.ee\/wp-content\/uploads\/2024\/05\/cropped-korea3.png","width":688,"height":126,"caption":"IDA.KOREA"},"image":{"@id":"https:\/\/idakorea.ee\/#\/schema\/logo\/image\/"},"sameAs":["https:\/\/www.instagram.com\/ida.korea\/"]}]}},"jetpack_sharing_enabled":true,"brands":[{"id":186,"name":"SKIN1004","slug":"skin1004"}],"_links":{"self":[{"href":"https:\/\/idakorea.ee\/en\/wp-json\/wp\/v2\/product\/16264","targetHints":{"allow":["GET"]}}],"collection":[{"href":"https:\/\/idakorea.ee\/en\/wp-json\/wp\/v2\/product"}],"about":[{"href":"https:\/\/idakorea.ee\/en\/wp-json\/wp\/v2\/types\/product"}],"replies":[{"embeddable":true,"href":"https:\/\/idakorea.ee\/en\/wp-json\/wp\/v2\/comments?post=16264"}],"version-history":[{"count":2,"href":"https:\/\/idakorea.ee\/en\/wp-json\/wp\/v2\/product\/16264\/revisions"}],"predecessor-version":[{"id":16572,"href":"https:\/\/idakorea.ee\/en\/wp-json\/wp\/v2\/product\/16264\/revisions\/16572"}],"wp:featuredmedia":[{"embeddable":true,"href":"https:\/\/idakorea.ee\/en\/wp-json\/wp\/v2\/media\/16265"}],"wp:attachment":[{"href":"https:\/\/idakorea.ee\/en\/wp-json\/wp\/v2\/media?parent=16264"}],"wp:term":[{"taxonomy":"pwb-brand","embeddable":true,"href":"https:\/\/idakorea.ee\/en\/wp-json\/wp\/v2\/pwb-brand?post=16264"},{"taxonomy":"product_brand","embeddable":true,"href":"https:\/\/idakorea.ee\/en\/wp-json\/wp\/v2\/product_brand?post=16264"},{"taxonomy":"product_cat","embeddable":true,"href":"https:\/\/idakorea.ee\/en\/wp-json\/wp\/v2\/product_cat?post=16264"},{"taxonomy":"product_tag","embeddable":true,"href":"https:\/\/idakorea.ee\/en\/wp-json\/wp\/v2\/product_tag?post=16264"}],"curies":[{"name":"wp","href":"https:\/\/api.w.org\/{rel}","templated":true}]}}