{"id":16285,"date":"2025-10-29T16:13:23","date_gmt":"2025-10-29T13:13:23","guid":{"rendered":"https:\/\/idakorea.ee\/?post_type=product&#038;p=16285"},"modified":"2026-04-13T20:27:23","modified_gmt":"2026-04-13T18:27:23","slug":"skin1004-madagascar-centella-niacinamide-10-boosting-shot-ampoule","status":"publish","type":"product","link":"https:\/\/idakorea.ee\/en\/product\/skin1004-madagascar-centella-niacinamide-10-boosting-shot-ampoule\/","title":{"rendered":"SKIN1004 Madagascar Centella Niacinamide 10 Boosting Shot Ampoule, 30ml"},"content":{"rendered":"<p data-start=\"0\" data-end=\"341\">Ampoule booster <strong data-start=\"15\" data-end=\"84\">SKIN1004 Madagascar Centella Niacinamide 10 Boosting Shot Ampoule<\/strong> is designed to even out skin tone, lighten age spots and post-acne. It helps normalize sebaceous gland activity, reduces pores and inflammation. Moisturizes the skin, reduces sensitivity and restores the protective barrier functions.<\/p>\n<p data-start=\"343\" data-end=\"455\">The product contains spicules (microneedles) that promote deeper absorption of active ingredients and skin renewal.<\/p>\n<p data-start=\"457\" data-end=\"541\">Light texture, spreads easily and absorbs quickly without leaving a sticky feeling.<\/p>\n<p data-start=\"543\" data-end=\"569\"><strong data-start=\"543\" data-end=\"567\">Main active ingredients:<\/strong><\/p>\n<ul data-start=\"570\" data-end=\"1677\">\n<li data-start=\"570\" data-end=\"717\">\n<p data-start=\"572\" data-end=\"717\"><strong data-start=\"572\" data-end=\"607\">Niacinamide 10% (Vitamin B3)<\/strong> \u2013 removes oily shine, strengthens the hydrolipid barrier, regulates the work of the sebaceous glands and evens out skin tone.<\/p>\n<\/li>\n<li data-start=\"718\" data-end=\"882\">\n<p data-start=\"720\" data-end=\"882\"><strong data-start=\"720\" data-end=\"742\">Ascorbyl glucoside<\/strong> \u2013 a stable form of vitamin C, stimulates collagen production, lightens pigment spots, evens out skin texture and acts as an antioxidant.<\/p>\n<\/li>\n<li data-start=\"883\" data-end=\"1111\">\n<p data-start=\"885\" data-end=\"1111\"><strong data-start=\"885\" data-end=\"903\">Tranexamic acid<\/strong> \u2013 slows down melanin synthesis in epidermal cells, preventing pigment formation, and helps fade dark spots without causing irritation or photosensitivity. Also effective in preventing couperose and rosacea.<\/p>\n<\/li>\n<li data-start=\"1112\" data-end=\"1361\">\n<p data-start=\"1114\" data-end=\"1361\"><strong data-start=\"1114\" data-end=\"1178\">Centella Asiatica extract and madecassoside<\/strong> \u2013 with anti-inflammatory and wound healing effects, strengthen the skin&#039;s protective barrier, reduce sensitivity and swelling, improve capillary elasticity and prevent the development of couperose.<\/p>\n<\/li>\n<li data-start=\"1362\" data-end=\"1677\">\n<p data-start=\"1364\" data-end=\"1677\"><strong data-start=\"1364\" data-end=\"1385\">PDRN (Sodium DNA)<\/strong> \u2013 low molecular weight polynucleotides derived from salmon milk DNA. They activate skin regeneration processes, collagen and elastin synthesis, and help repair skin damage caused by premature aging, excessive sun exposure, or environmental influences.<\/p>\n<\/li>\n<\/ul>\n<p data-start=\"1679\" data-end=\"1722\">Suitable for oily and combination skin.<\/p>\n<p data-start=\"1724\" data-end=\"1907\"><strong data-start=\"1724\" data-end=\"1739\">Usage:<\/strong> After cleansing and toning, apply serum to face and distribute evenly. Finish with cream. Use SPF50 PA++++ sunscreen during the day.<\/p>\n<p data-start=\"1909\" data-end=\"2000\"><strong data-start=\"1909\" data-end=\"1924\">Attention!<\/strong> The micro-needle ampoule may cause a tingling sensation after application.<\/p>\n<p data-start=\"2002\" data-end=\"2314\" data-is-last-node=\"\" data-is-only-node=\"\"><strong data-start=\"2002\" data-end=\"2024\">Precautions:<\/strong> It is recommended to introduce the product gradually. Do not use simultaneously with exfoliants, retinol, AHA, BHA or products with a high vitamin C content. It is not recommended to use immediately after dermatological procedures that damage the stratum corneum (e.g. peels, cosmetic devices, injections).<\/p>","protected":false},"excerpt":{"rendered":"<p>Ampoule-booster SKIN1004 Madagascar Centella Niacinamide 10 Boosting Shot Ampoule is designed to even out skin tone, lighten pigment spots and post-acne. It helps normalize the activity of the sebaceous glands, reduces pores and inflammatory foci. Moisturizes the skin, reduces sensitivity and restores the protective barrier functions. The product contains spicules (microneedles), which promote deeper absorption of active ingredients and skin renewal. Light texture, spreads easily and is absorbed\u2026<\/p>","protected":false},"featured_media":16286,"comment_status":"open","ping_status":"closed","template":"","meta":{"_uf_show_specific_survey":0,"_uf_disable_surveys":false,"_bst_post_transparent":"default","_bst_post_title":"","_bst_post_layout":"default","_bst_post_sidebar_id":"","_bst_post_content_style":"default","_bst_post_vertical_padding":"default","_bst_post_feature":"","_bst_post_feature_position":"","_bst_post_header":false,"_bst_post_footer":false},"pwb-brand":[186],"product_brand":[],"product_cat":[92,97],"product_tag":[230,1009],"class_list":{"0":"post-16285","1":"product","2":"type-product","3":"status-publish","4":"has-post-thumbnail","6":"pwb-brand-skin1004","7":"product_cat-nagu","8":"product_cat-naoseerumid-ja-olid","9":"product_tag-pigment","10":"product_tag-skin1004-niacinamide","12":"first","13":"instock","14":"sale","15":"shipping-taxable","16":"purchasable","17":"product-type-simple","18":"entry","19":"content-bg","20":"loop-entry"},"supplier_id":null,"supplier_sku":"","barcode":null,"atum_controlled":true,"out_stock_date":null,"out_stock_threshold":null,"inheritable":false,"inbound_stock":0,"stock_on_hold":0,"sold_today":0,"sales_last_days":3,"out_stock_days":0,"lost_sales":0,"has_location":false,"update_date":"2026-04-14T12:37:28","atum_locations":[],"atum_stock_status":"instock","restock_status":false,"low_stock_amount":"","sales_update_date":"2026-04-14T12:37:28","calc_backorders":null,"yoast_head":"<!-- This site is optimized with the Yoast SEO plugin v27.2 - https:\/\/yoast.com\/product\/yoast-seo-wordpress\/ -->\n<title>SKIN1004 Madagascar Centella Niacinamide 10 Boosting Shot Ampoule - IDA.KOREA<\/title>\n<meta name=\"description\" content=\"Niatsiinamiidi ja tsentella ekstraktiga ampull-booster, mis \u00fchtlustab nahatooni, v\u00e4hendab pigmendilaike ja postaknet, niisutab ning taastab naha kaitsebarj\u00e4\u00e4ri.\" \/>\n<meta name=\"robots\" content=\"index, follow, max-snippet:-1, max-image-preview:large, max-video-preview:-1\" \/>\n<link rel=\"canonical\" href=\"https:\/\/idakorea.ee\/en\/product\/skin1004-madagascar-centella-niacinamide-10-boosting-shot-ampoule\/\" \/>\n<meta property=\"og:locale\" content=\"en_US\" \/>\n<meta property=\"og:type\" content=\"article\" \/>\n<meta property=\"og:title\" content=\"SKIN1004 Madagascar Centella Niacinamide 10 Boosting Shot Ampoule - IDA.KOREA\" \/>\n<meta property=\"og:description\" content=\"Niatsiinamiidi ja tsentella ekstraktiga ampull-booster, mis \u00fchtlustab nahatooni, v\u00e4hendab pigmendilaike ja postaknet, niisutab ning taastab naha kaitsebarj\u00e4\u00e4ri.\" \/>\n<meta property=\"og:url\" content=\"https:\/\/idakorea.ee\/en\/product\/skin1004-madagascar-centella-niacinamide-10-boosting-shot-ampoule\/\" \/>\n<meta property=\"og:site_name\" content=\"IDA.KOREA\" \/>\n<meta property=\"article:modified_time\" content=\"2026-04-13T18:27:23+00:00\" \/>\n<meta property=\"og:image\" content=\"https:\/\/idakorea.ee\/wp-content\/uploads\/2025\/10\/skin1004-niacinamide-10-boosting-shot-ampoule-idakorea.png\" \/>\n\t<meta property=\"og:image:width\" content=\"1063\" \/>\n\t<meta property=\"og:image:height\" content=\"1063\" \/>\n\t<meta property=\"og:image:type\" content=\"image\/png\" \/>\n<meta name=\"twitter:card\" content=\"summary_large_image\" \/>\n<meta name=\"twitter:label1\" content=\"Est. reading time\" \/>\n\t<meta name=\"twitter:data1\" content=\"2 minutes\" \/>\n<script type=\"application\/ld+json\" class=\"yoast-schema-graph\">{\"@context\":\"https:\/\/schema.org\",\"@graph\":[{\"@type\":\"WebPage\",\"@id\":\"https:\/\/idakorea.ee\/product\/skin1004-madagascar-centella-niacinamide-10-boosting-shot-ampoule\/\",\"url\":\"https:\/\/idakorea.ee\/product\/skin1004-madagascar-centella-niacinamide-10-boosting-shot-ampoule\/\",\"name\":\"SKIN1004 Madagascar Centella Niacinamide 10 Boosting Shot Ampoule - IDA.KOREA\",\"isPartOf\":{\"@id\":\"https:\/\/idakorea.ee\/#website\"},\"primaryImageOfPage\":{\"@id\":\"https:\/\/idakorea.ee\/product\/skin1004-madagascar-centella-niacinamide-10-boosting-shot-ampoule\/#primaryimage\"},\"image\":{\"@id\":\"https:\/\/idakorea.ee\/product\/skin1004-madagascar-centella-niacinamide-10-boosting-shot-ampoule\/#primaryimage\"},\"thumbnailUrl\":\"https:\/\/idakorea.ee\/wp-content\/uploads\/2025\/10\/skin1004-niacinamide-10-boosting-shot-ampoule-idakorea.png\",\"datePublished\":\"2025-10-29T13:13:23+00:00\",\"dateModified\":\"2026-04-13T18:27:23+00:00\",\"description\":\"Niatsiinamiidi ja tsentella ekstraktiga ampull-booster, mis \u00fchtlustab nahatooni, v\u00e4hendab pigmendilaike ja postaknet, niisutab ning taastab naha kaitsebarj\u00e4\u00e4ri.\",\"breadcrumb\":{\"@id\":\"https:\/\/idakorea.ee\/product\/skin1004-madagascar-centella-niacinamide-10-boosting-shot-ampoule\/#breadcrumb\"},\"inLanguage\":\"en-US\",\"potentialAction\":[{\"@type\":\"ReadAction\",\"target\":[\"https:\/\/idakorea.ee\/product\/skin1004-madagascar-centella-niacinamide-10-boosting-shot-ampoule\/\"]}]},{\"@type\":\"ImageObject\",\"inLanguage\":\"en-US\",\"@id\":\"https:\/\/idakorea.ee\/product\/skin1004-madagascar-centella-niacinamide-10-boosting-shot-ampoule\/#primaryimage\",\"url\":\"https:\/\/idakorea.ee\/wp-content\/uploads\/2025\/10\/skin1004-niacinamide-10-boosting-shot-ampoule-idakorea.png\",\"contentUrl\":\"https:\/\/idakorea.ee\/wp-content\/uploads\/2025\/10\/skin1004-niacinamide-10-boosting-shot-ampoule-idakorea.png\",\"width\":1063,\"height\":1063},{\"@type\":\"BreadcrumbList\",\"@id\":\"https:\/\/idakorea.ee\/product\/skin1004-madagascar-centella-niacinamide-10-boosting-shot-ampoule\/#breadcrumb\",\"itemListElement\":[{\"@type\":\"ListItem\",\"position\":1,\"name\":\"\u0413\u043b\u0430\u0432\u043d\u0430\u044f \u0441\u0442\u0440\u0430\u043d\u0438\u0446\u0430\",\"item\":\"https:\/\/idakorea.ee\/\"},{\"@type\":\"ListItem\",\"position\":2,\"name\":\"Shop\",\"item\":\"https:\/\/idakorea.ee\/shop-2\/\"},{\"@type\":\"ListItem\",\"position\":3,\"name\":\"Ampull-booster SKIN1004 Madagascar Centella Niacinamide 10 Boosting Shot Ampoule, 30ml\"}]},{\"@type\":\"WebSite\",\"@id\":\"https:\/\/idakorea.ee\/#website\",\"url\":\"https:\/\/idakorea.ee\/\",\"name\":\"IDA.KOREA\",\"description\":\"Korea kosmeetika e-pood\",\"publisher\":{\"@id\":\"https:\/\/idakorea.ee\/#organization\"},\"alternateName\":\"Beauty Shop\",\"potentialAction\":[{\"@type\":\"SearchAction\",\"target\":{\"@type\":\"EntryPoint\",\"urlTemplate\":\"https:\/\/idakorea.ee\/?s={search_term_string}\"},\"query-input\":{\"@type\":\"PropertyValueSpecification\",\"valueRequired\":true,\"valueName\":\"search_term_string\"}}],\"inLanguage\":\"en-US\"},{\"@type\":\"Organization\",\"@id\":\"https:\/\/idakorea.ee\/#organization\",\"name\":\"IDA.KOREA\",\"url\":\"https:\/\/idakorea.ee\/\",\"logo\":{\"@type\":\"ImageObject\",\"inLanguage\":\"en-US\",\"@id\":\"https:\/\/idakorea.ee\/#\/schema\/logo\/image\/\",\"url\":\"https:\/\/idakorea.ee\/wp-content\/uploads\/2024\/05\/cropped-korea3.png\",\"contentUrl\":\"https:\/\/idakorea.ee\/wp-content\/uploads\/2024\/05\/cropped-korea3.png\",\"width\":688,\"height\":126,\"caption\":\"IDA.KOREA\"},\"image\":{\"@id\":\"https:\/\/idakorea.ee\/#\/schema\/logo\/image\/\"},\"sameAs\":[\"https:\/\/www.instagram.com\/ida.korea\/\"]}]}<\/script>\n<!-- \/ Yoast SEO plugin. -->","yoast_head_json":{"title":"SKIN1004 Madagascar Centella Niacinamide 10 Boosting Shot Ampoule - IDA.KOREA","description":"Ampoule booster with niacinamide and centella extract that evens out skin tone, reduces pigment spots and post-acne, moisturizes and restores the skin&#039;s protective barrier.","robots":{"index":"index","follow":"follow","max-snippet":"max-snippet:-1","max-image-preview":"max-image-preview:large","max-video-preview":"max-video-preview:-1"},"canonical":"https:\/\/idakorea.ee\/en\/product\/skin1004-madagascar-centella-niacinamide-10-boosting-shot-ampoule\/","og_locale":"en_US","og_type":"article","og_title":"SKIN1004 Madagascar Centella Niacinamide 10 Boosting Shot Ampoule - IDA.KOREA","og_description":"Niatsiinamiidi ja tsentella ekstraktiga ampull-booster, mis \u00fchtlustab nahatooni, v\u00e4hendab pigmendilaike ja postaknet, niisutab ning taastab naha kaitsebarj\u00e4\u00e4ri.","og_url":"https:\/\/idakorea.ee\/en\/product\/skin1004-madagascar-centella-niacinamide-10-boosting-shot-ampoule\/","og_site_name":"IDA.KOREA","article_modified_time":"2026-04-13T18:27:23+00:00","og_image":[{"width":1063,"height":1063,"url":"https:\/\/idakorea.ee\/wp-content\/uploads\/2025\/10\/skin1004-niacinamide-10-boosting-shot-ampoule-idakorea.png","type":"image\/png"}],"twitter_card":"summary_large_image","twitter_misc":{"Est. reading time":"2 minutes"},"schema":{"@context":"https:\/\/schema.org","@graph":[{"@type":"WebPage","@id":"https:\/\/idakorea.ee\/product\/skin1004-madagascar-centella-niacinamide-10-boosting-shot-ampoule\/","url":"https:\/\/idakorea.ee\/product\/skin1004-madagascar-centella-niacinamide-10-boosting-shot-ampoule\/","name":"SKIN1004 Madagascar Centella Niacinamide 10 Boosting Shot Ampoule - IDA.KOREA","isPartOf":{"@id":"https:\/\/idakorea.ee\/#website"},"primaryImageOfPage":{"@id":"https:\/\/idakorea.ee\/product\/skin1004-madagascar-centella-niacinamide-10-boosting-shot-ampoule\/#primaryimage"},"image":{"@id":"https:\/\/idakorea.ee\/product\/skin1004-madagascar-centella-niacinamide-10-boosting-shot-ampoule\/#primaryimage"},"thumbnailUrl":"https:\/\/idakorea.ee\/wp-content\/uploads\/2025\/10\/skin1004-niacinamide-10-boosting-shot-ampoule-idakorea.png","datePublished":"2025-10-29T13:13:23+00:00","dateModified":"2026-04-13T18:27:23+00:00","description":"Ampoule booster with niacinamide and centella extract that evens out skin tone, reduces pigment spots and post-acne, moisturizes and restores the skin&#039;s protective barrier.","breadcrumb":{"@id":"https:\/\/idakorea.ee\/product\/skin1004-madagascar-centella-niacinamide-10-boosting-shot-ampoule\/#breadcrumb"},"inLanguage":"en-US","potentialAction":[{"@type":"ReadAction","target":["https:\/\/idakorea.ee\/product\/skin1004-madagascar-centella-niacinamide-10-boosting-shot-ampoule\/"]}]},{"@type":"ImageObject","inLanguage":"en-US","@id":"https:\/\/idakorea.ee\/product\/skin1004-madagascar-centella-niacinamide-10-boosting-shot-ampoule\/#primaryimage","url":"https:\/\/idakorea.ee\/wp-content\/uploads\/2025\/10\/skin1004-niacinamide-10-boosting-shot-ampoule-idakorea.png","contentUrl":"https:\/\/idakorea.ee\/wp-content\/uploads\/2025\/10\/skin1004-niacinamide-10-boosting-shot-ampoule-idakorea.png","width":1063,"height":1063},{"@type":"BreadcrumbList","@id":"https:\/\/idakorea.ee\/product\/skin1004-madagascar-centella-niacinamide-10-boosting-shot-ampoule\/#breadcrumb","itemListElement":[{"@type":"ListItem","position":1,"name":"\u0413\u043b\u0430\u0432\u043d\u0430\u044f \u0441\u0442\u0440\u0430\u043d\u0438\u0446\u0430","item":"https:\/\/idakorea.ee\/"},{"@type":"ListItem","position":2,"name":"Shop","item":"https:\/\/idakorea.ee\/shop-2\/"},{"@type":"ListItem","position":3,"name":"Ampull-booster SKIN1004 Madagascar Centella Niacinamide 10 Boosting Shot Ampoule, 30ml"}]},{"@type":"WebSite","@id":"https:\/\/idakorea.ee\/#website","url":"https:\/\/idakorea.ee\/","name":"IDA.KOREA","description":"Korean cosmetics e-shop","publisher":{"@id":"https:\/\/idakorea.ee\/#organization"},"alternateName":"Beauty Shop","potentialAction":[{"@type":"SearchAction","target":{"@type":"EntryPoint","urlTemplate":"https:\/\/idakorea.ee\/?s={search_term_string}"},"query-input":{"@type":"PropertyValueSpecification","valueRequired":true,"valueName":"search_term_string"}}],"inLanguage":"en-US"},{"@type":"Organization","@id":"https:\/\/idakorea.ee\/#organization","name":"IDA.KOREA","url":"https:\/\/idakorea.ee\/","logo":{"@type":"ImageObject","inLanguage":"en-US","@id":"https:\/\/idakorea.ee\/#\/schema\/logo\/image\/","url":"https:\/\/idakorea.ee\/wp-content\/uploads\/2024\/05\/cropped-korea3.png","contentUrl":"https:\/\/idakorea.ee\/wp-content\/uploads\/2024\/05\/cropped-korea3.png","width":688,"height":126,"caption":"IDA.KOREA"},"image":{"@id":"https:\/\/idakorea.ee\/#\/schema\/logo\/image\/"},"sameAs":["https:\/\/www.instagram.com\/ida.korea\/"]}]}},"jetpack_sharing_enabled":true,"brands":[{"id":186,"name":"SKIN1004","slug":"skin1004"}],"_links":{"self":[{"href":"https:\/\/idakorea.ee\/en\/wp-json\/wp\/v2\/product\/16285","targetHints":{"allow":["GET"]}}],"collection":[{"href":"https:\/\/idakorea.ee\/en\/wp-json\/wp\/v2\/product"}],"about":[{"href":"https:\/\/idakorea.ee\/en\/wp-json\/wp\/v2\/types\/product"}],"replies":[{"embeddable":true,"href":"https:\/\/idakorea.ee\/en\/wp-json\/wp\/v2\/comments?post=16285"}],"version-history":[{"count":1,"href":"https:\/\/idakorea.ee\/en\/wp-json\/wp\/v2\/product\/16285\/revisions"}],"predecessor-version":[{"id":16289,"href":"https:\/\/idakorea.ee\/en\/wp-json\/wp\/v2\/product\/16285\/revisions\/16289"}],"wp:featuredmedia":[{"embeddable":true,"href":"https:\/\/idakorea.ee\/en\/wp-json\/wp\/v2\/media\/16286"}],"wp:attachment":[{"href":"https:\/\/idakorea.ee\/en\/wp-json\/wp\/v2\/media?parent=16285"}],"wp:term":[{"taxonomy":"pwb-brand","embeddable":true,"href":"https:\/\/idakorea.ee\/en\/wp-json\/wp\/v2\/pwb-brand?post=16285"},{"taxonomy":"product_brand","embeddable":true,"href":"https:\/\/idakorea.ee\/en\/wp-json\/wp\/v2\/product_brand?post=16285"},{"taxonomy":"product_cat","embeddable":true,"href":"https:\/\/idakorea.ee\/en\/wp-json\/wp\/v2\/product_cat?post=16285"},{"taxonomy":"product_tag","embeddable":true,"href":"https:\/\/idakorea.ee\/en\/wp-json\/wp\/v2\/product_tag?post=16285"}],"curies":[{"name":"wp","href":"https:\/\/api.w.org\/{rel}","templated":true}]}}