{"id":16297,"date":"2025-10-30T12:09:32","date_gmt":"2025-10-30T09:09:32","guid":{"rendered":"https:\/\/idakorea.ee\/?post_type=product&#038;p=16297"},"modified":"2026-04-12T09:25:27","modified_gmt":"2026-04-12T07:25:27","slug":"purito-seoul-mighty-bamboo-panthenol-cream-100ml","status":"publish","type":"product","link":"https:\/\/idakorea.ee\/en\/product\/purito-seoul-mighty-bamboo-panthenol-cream-100ml\/","title":{"rendered":"Barrier cream with panthenol Purito Seoul Mighty Bamboo Panthenol Cream, 100ml"},"content":{"rendered":"<h6 class=\"sr-only\"><strong style=\"font-family: Jost, sans-serif; font-size: 16px;\" data-start=\"0\" data-end=\"52\">Purito Seoul Mighty Bamboo Panthenol Cream<\/strong><span style=\"font-family: Jost, sans-serif; font-size: 16px;\"> taastab kahjustatud naha, rahustab \u00e4rritust ja v\u00e4hendab punetust. Tugevdab lipiidbarj\u00e4\u00e4ri, k\u00f5rvaldab kuivuse ja ketenduse ning pehmendab karedaid piirkondi.<\/span><\/h6>\n<div class=\"text-base my-auto mx-auto pb-10 [--thread-content-margin:--spacing(4)] thread-sm:[--thread-content-margin:--spacing(6)] thread-lg:[--thread-content-margin:--spacing(16)] px-(--thread-content-margin)\">\n<div class=\"[--thread-content-max-width:40rem] thread-lg:[--thread-content-max-width:48rem] mx-auto max-w-(--thread-content-max-width) flex-1 group\/turn-messages focus-visible:outline-hidden relative flex w-full min-w-0 flex-col agent-turn\" tabindex=\"-1\">\n<div class=\"flex max-w-full flex-col grow\">\n<div class=\"min-h-8 text-message relative flex w-full flex-col items-end gap-2 text-start break-words whitespace-normal [.text-message+&amp;]:mt-1\" dir=\"auto\" data-message-author-role=\"assistant\" data-message-id=\"f245c65f-fc70-4573-aa45-a17ad9779c83\" data-message-model-slug=\"gpt-5\">\n<div class=\"flex w-full flex-col gap-1 empty:hidden first:pt-[1px]\">\n<div class=\"markdown prose dark:prose-invert w-full break-words light markdown-new-styling\">\n<p data-start=\"213\" data-end=\"366\">Toote p\u00f5hikomponent on 10% pantenool (vitamiin B5), mis soodustab haavade paranemist, stimuleerib naha kaitsekihi taastumist ja v\u00e4hendab p\u00f5letikku.<\/p>\n<p data-start=\"368\" data-end=\"527\">Vegan-valemil on V-Label\u00ae sertifikaat, see ei sisalda s\u00fcnteetilisi l\u00f5hna- ega v\u00e4rvaineid, parabeene ega silikoone. Kerge tekstuuriga ja imendub kiiresti.<\/p>\n<p data-start=\"529\" data-end=\"557\"><strong data-start=\"529\" data-end=\"555\">T\u00e4iendavad toimeained:<\/strong><\/p>\n<ul data-start=\"558\" data-end=\"1426\">\n<li data-start=\"558\" data-end=\"733\">\n<p data-start=\"560\" data-end=\"733\"><strong data-start=\"560\" data-end=\"579\">Bambuseekstrakt<\/strong> taastab naha niiskustasakaalu ja kiirendab uuenemisprotsesse. Purito toodetes kasutatakse \u00f6koloogiliselt puhtas Damyangi piirkonnas kasvatatud bambust.<\/p>\n<\/li>\n<li data-start=\"734\" data-end=\"906\">\n<p data-start=\"736\" data-end=\"906\"><strong data-start=\"736\" data-end=\"783\">Aasia vesinaba (Centella Asiatica) ekstrakt<\/strong> rahustab nahka, v\u00e4hendab punetust ja \u00e4rritust, tugevdab kapillaaride seinu, v\u00e4hendab kuperoosat ning parandab elastsust.<\/p>\n<\/li>\n<li data-start=\"907\" data-end=\"974\">\n<p data-start=\"909\" data-end=\"974\"><strong data-start=\"909\" data-end=\"921\">Skvalaan<\/strong> kaitseb nahka niiskusekao ja keskkonnam\u00f5jude eest.<\/p>\n<\/li>\n<li data-start=\"975\" data-end=\"1255\">\n<p data-start=\"977\" data-end=\"1255\"><strong data-start=\"977\" data-end=\"1008\">Niatsiinamiid (vitamiin B3)<\/strong> suurendab keramii\u00adde s\u00fcnteesi, k\u00f5rvaldab kuivuse, kiskumistunde ja ketenduse. P\u00e4rsib melaniini liikumist epidermisse, aidates ennetada pigmendilaike. V\u00e4hendab tundlikkust v\u00e4liste tegurite suhtes ning toetab kollageeni tootmist ja naha tugevust.<\/p>\n<\/li>\n<li data-start=\"1256\" data-end=\"1426\">\n<p data-start=\"1258\" data-end=\"1426\"><strong data-start=\"1258\" data-end=\"1295\">Vaskpeptiid (Copper Tripeptide-1)<\/strong> taastab kahjustatud fibroblastide funktsiooni, aktiveerib ja toetab kollageeni s\u00fcnteesi ning soodustab naha sisemist taastumist.<\/p>\n<\/li>\n<\/ul>\n<p data-start=\"1428\" data-end=\"1462\">Sobib k\u00f5igile nahat\u00fc\u00fcpidele.<\/p>\n<p data-start=\"1464\" data-end=\"1569\" data-is-last-node=\"\" data-is-only-node=\"\"><strong data-start=\"1464\" data-end=\"1479\">Kasutamine:<\/strong> p\u00e4rast puhastamist, tooniku ja seerumi kasutamist kanna kreem n\u00e4ole ning jaota \u00fchtlaselt.<\/p>\n<\/div>\n<\/div>\n<\/div>\n<\/div>\n<\/div>\n<\/div>\n","protected":false},"excerpt":{"rendered":"<p>Purito Seoul Mighty Bamboo Panthenol Cream restores damaged skin, soothes irritation and reduces redness. Strengthens the lipid barrier, eliminates dryness and flaking, and softens rough areas. The main component of the product is 10% panthenol (vitamin B5), which promotes wound healing, stimulates the restoration of the skin&#039;s protective layer and reduces inflammation. The vegan formula is V-Label\u00ae certified, does not contain synthetic fragrances or dyes, parabens or\u2026<\/p>","protected":false},"featured_media":16298,"comment_status":"open","ping_status":"closed","template":"","meta":{"_uf_show_specific_survey":0,"_uf_disable_surveys":false,"_bst_post_transparent":"default","_bst_post_title":"","_bst_post_layout":"default","_bst_post_sidebar_id":"","_bst_post_content_style":"default","_bst_post_vertical_padding":"default","_bst_post_feature":"","_bst_post_feature_position":"","_bst_post_header":false,"_bst_post_footer":false},"pwb-brand":[491],"product_brand":[],"product_cat":[92,96],"product_tag":[1010,568,985,1011,750],"class_list":{"0":"post-16297","1":"product","2":"type-product","3":"status-publish","4":"has-post-thumbnail","6":"pwb-brand-purito","7":"product_cat-nagu","8":"product_cat-naokreemid","9":"product_tag-barjaarkreem","10":"product_tag-korea","11":"product_tag-kuiv","12":"product_tag-pantenoo","13":"product_tag-tundlik","15":"first","16":"instock","17":"sale","18":"shipping-taxable","19":"purchasable","20":"product-type-simple","21":"entry","22":"content-bg","23":"loop-entry"},"supplier_id":null,"supplier_sku":"","barcode":null,"atum_controlled":true,"out_stock_date":null,"out_stock_threshold":null,"inheritable":false,"inbound_stock":0,"stock_on_hold":0,"sold_today":0,"sales_last_days":2,"out_stock_days":0,"lost_sales":0,"has_location":false,"update_date":"2026-04-15T00:05:19","atum_locations":[],"atum_stock_status":"instock","restock_status":false,"low_stock_amount":"","sales_update_date":"2026-04-15T00:05:19","calc_backorders":null,"yoast_head":"<!-- This site is optimized with the Yoast SEO plugin v27.2 - https:\/\/yoast.com\/product\/yoast-seo-wordpress\/ -->\n<title>Purito Seoul Mighty Bamboo Panthenol Cream, 100ml - IDA.KOREA<\/title>\n<meta name=\"description\" content=\"Kreem Purito Seoul Mighty Bamboo Panthenol Cream taastab kahjustatud naha, rahustab \u00e4rritust ja v\u00e4hendab punetust. Tugevdab lipiidbarj\u00e4\u00e4ri. - Kiire tarne!\" \/>\n<meta name=\"robots\" content=\"index, follow, max-snippet:-1, max-image-preview:large, max-video-preview:-1\" \/>\n<link rel=\"canonical\" href=\"https:\/\/idakorea.ee\/en\/product\/purito-seoul-mighty-bamboo-panthenol-cream-100ml\/\" \/>\n<meta property=\"og:locale\" content=\"en_US\" \/>\n<meta property=\"og:type\" content=\"article\" \/>\n<meta property=\"og:title\" content=\"Purito Seoul Mighty Bamboo Panthenol Cream, 100ml - IDA.KOREA\" \/>\n<meta property=\"og:description\" content=\"Kreem Purito Seoul Mighty Bamboo Panthenol Cream taastab kahjustatud naha, rahustab \u00e4rritust ja v\u00e4hendab punetust. Tugevdab lipiidbarj\u00e4\u00e4ri. - Kiire tarne!\" \/>\n<meta property=\"og:url\" content=\"https:\/\/idakorea.ee\/en\/product\/purito-seoul-mighty-bamboo-panthenol-cream-100ml\/\" \/>\n<meta property=\"og:site_name\" content=\"IDA.KOREA\" \/>\n<meta property=\"article:modified_time\" content=\"2026-04-12T07:25:27+00:00\" \/>\n<meta property=\"og:image\" content=\"https:\/\/idakorea.ee\/wp-content\/uploads\/2025\/10\/Purito_Mighty_Bamboo_Panthenol_Cream-idakorea.jpg\" \/>\n\t<meta property=\"og:image:width\" content=\"1000\" \/>\n\t<meta property=\"og:image:height\" content=\"1000\" \/>\n\t<meta property=\"og:image:type\" content=\"image\/jpeg\" \/>\n<meta name=\"twitter:card\" content=\"summary_large_image\" \/>\n<meta name=\"twitter:label1\" content=\"Est. reading time\" \/>\n\t<meta name=\"twitter:data1\" content=\"2 minutes\" \/>\n<script type=\"application\/ld+json\" class=\"yoast-schema-graph\">{\"@context\":\"https:\/\/schema.org\",\"@graph\":[{\"@type\":\"WebPage\",\"@id\":\"https:\/\/idakorea.ee\/product\/purito-seoul-mighty-bamboo-panthenol-cream-100ml\/\",\"url\":\"https:\/\/idakorea.ee\/product\/purito-seoul-mighty-bamboo-panthenol-cream-100ml\/\",\"name\":\"Purito Seoul Mighty Bamboo Panthenol Cream, 100ml - IDA.KOREA\",\"isPartOf\":{\"@id\":\"https:\/\/idakorea.ee\/#website\"},\"primaryImageOfPage\":{\"@id\":\"https:\/\/idakorea.ee\/product\/purito-seoul-mighty-bamboo-panthenol-cream-100ml\/#primaryimage\"},\"image\":{\"@id\":\"https:\/\/idakorea.ee\/product\/purito-seoul-mighty-bamboo-panthenol-cream-100ml\/#primaryimage\"},\"thumbnailUrl\":\"https:\/\/idakorea.ee\/wp-content\/uploads\/2025\/10\/Purito_Mighty_Bamboo_Panthenol_Cream-idakorea.jpg\",\"datePublished\":\"2025-10-30T09:09:32+00:00\",\"dateModified\":\"2026-04-12T07:25:27+00:00\",\"description\":\"Kreem Purito Seoul Mighty Bamboo Panthenol Cream taastab kahjustatud naha, rahustab \u00e4rritust ja v\u00e4hendab punetust. Tugevdab lipiidbarj\u00e4\u00e4ri. - Kiire tarne!\",\"breadcrumb\":{\"@id\":\"https:\/\/idakorea.ee\/product\/purito-seoul-mighty-bamboo-panthenol-cream-100ml\/#breadcrumb\"},\"inLanguage\":\"en-US\",\"potentialAction\":[{\"@type\":\"ReadAction\",\"target\":[\"https:\/\/idakorea.ee\/product\/purito-seoul-mighty-bamboo-panthenol-cream-100ml\/\"]}]},{\"@type\":\"ImageObject\",\"inLanguage\":\"en-US\",\"@id\":\"https:\/\/idakorea.ee\/product\/purito-seoul-mighty-bamboo-panthenol-cream-100ml\/#primaryimage\",\"url\":\"https:\/\/idakorea.ee\/wp-content\/uploads\/2025\/10\/Purito_Mighty_Bamboo_Panthenol_Cream-idakorea.jpg\",\"contentUrl\":\"https:\/\/idakorea.ee\/wp-content\/uploads\/2025\/10\/Purito_Mighty_Bamboo_Panthenol_Cream-idakorea.jpg\",\"width\":1000,\"height\":1000},{\"@type\":\"BreadcrumbList\",\"@id\":\"https:\/\/idakorea.ee\/product\/purito-seoul-mighty-bamboo-panthenol-cream-100ml\/#breadcrumb\",\"itemListElement\":[{\"@type\":\"ListItem\",\"position\":1,\"name\":\"\u0413\u043b\u0430\u0432\u043d\u0430\u044f \u0441\u0442\u0440\u0430\u043d\u0438\u0446\u0430\",\"item\":\"https:\/\/idakorea.ee\/\"},{\"@type\":\"ListItem\",\"position\":2,\"name\":\"Shop\",\"item\":\"https:\/\/idakorea.ee\/shop-2\/\"},{\"@type\":\"ListItem\",\"position\":3,\"name\":\"Barj\u00e4\u00e4rkreem pantenooliga Purito Seoul Mighty Bamboo Panthenol Cream, 100ml\"}]},{\"@type\":\"WebSite\",\"@id\":\"https:\/\/idakorea.ee\/#website\",\"url\":\"https:\/\/idakorea.ee\/\",\"name\":\"IDA.KOREA\",\"description\":\"Korea kosmeetika e-pood\",\"publisher\":{\"@id\":\"https:\/\/idakorea.ee\/#organization\"},\"alternateName\":\"Beauty Shop\",\"potentialAction\":[{\"@type\":\"SearchAction\",\"target\":{\"@type\":\"EntryPoint\",\"urlTemplate\":\"https:\/\/idakorea.ee\/?s={search_term_string}\"},\"query-input\":{\"@type\":\"PropertyValueSpecification\",\"valueRequired\":true,\"valueName\":\"search_term_string\"}}],\"inLanguage\":\"en-US\"},{\"@type\":\"Organization\",\"@id\":\"https:\/\/idakorea.ee\/#organization\",\"name\":\"IDA.KOREA\",\"url\":\"https:\/\/idakorea.ee\/\",\"logo\":{\"@type\":\"ImageObject\",\"inLanguage\":\"en-US\",\"@id\":\"https:\/\/idakorea.ee\/#\/schema\/logo\/image\/\",\"url\":\"https:\/\/idakorea.ee\/wp-content\/uploads\/2024\/05\/cropped-korea3.png\",\"contentUrl\":\"https:\/\/idakorea.ee\/wp-content\/uploads\/2024\/05\/cropped-korea3.png\",\"width\":688,\"height\":126,\"caption\":\"IDA.KOREA\"},\"image\":{\"@id\":\"https:\/\/idakorea.ee\/#\/schema\/logo\/image\/\"},\"sameAs\":[\"https:\/\/www.instagram.com\/ida.korea\/\"]}]}<\/script>\n<!-- \/ Yoast SEO plugin. -->","yoast_head_json":{"title":"Purito Seoul Mighty Bamboo Panthenol Cream, 100ml - IDA.KOREA","description":"Purito Seoul Mighty Bamboo Panthenol Cream restores damaged skin, soothes irritation and reduces redness. Strengthens the lipid barrier. - Fast delivery!","robots":{"index":"index","follow":"follow","max-snippet":"max-snippet:-1","max-image-preview":"max-image-preview:large","max-video-preview":"max-video-preview:-1"},"canonical":"https:\/\/idakorea.ee\/en\/product\/purito-seoul-mighty-bamboo-panthenol-cream-100ml\/","og_locale":"en_US","og_type":"article","og_title":"Purito Seoul Mighty Bamboo Panthenol Cream, 100ml - IDA.KOREA","og_description":"Kreem Purito Seoul Mighty Bamboo Panthenol Cream taastab kahjustatud naha, rahustab \u00e4rritust ja v\u00e4hendab punetust. Tugevdab lipiidbarj\u00e4\u00e4ri. - Kiire tarne!","og_url":"https:\/\/idakorea.ee\/en\/product\/purito-seoul-mighty-bamboo-panthenol-cream-100ml\/","og_site_name":"IDA.KOREA","article_modified_time":"2026-04-12T07:25:27+00:00","og_image":[{"width":1000,"height":1000,"url":"https:\/\/idakorea.ee\/wp-content\/uploads\/2025\/10\/Purito_Mighty_Bamboo_Panthenol_Cream-idakorea.jpg","type":"image\/jpeg"}],"twitter_card":"summary_large_image","twitter_misc":{"Est. reading time":"2 minutes"},"schema":{"@context":"https:\/\/schema.org","@graph":[{"@type":"WebPage","@id":"https:\/\/idakorea.ee\/product\/purito-seoul-mighty-bamboo-panthenol-cream-100ml\/","url":"https:\/\/idakorea.ee\/product\/purito-seoul-mighty-bamboo-panthenol-cream-100ml\/","name":"Purito Seoul Mighty Bamboo Panthenol Cream, 100ml - IDA.KOREA","isPartOf":{"@id":"https:\/\/idakorea.ee\/#website"},"primaryImageOfPage":{"@id":"https:\/\/idakorea.ee\/product\/purito-seoul-mighty-bamboo-panthenol-cream-100ml\/#primaryimage"},"image":{"@id":"https:\/\/idakorea.ee\/product\/purito-seoul-mighty-bamboo-panthenol-cream-100ml\/#primaryimage"},"thumbnailUrl":"https:\/\/idakorea.ee\/wp-content\/uploads\/2025\/10\/Purito_Mighty_Bamboo_Panthenol_Cream-idakorea.jpg","datePublished":"2025-10-30T09:09:32+00:00","dateModified":"2026-04-12T07:25:27+00:00","description":"Purito Seoul Mighty Bamboo Panthenol Cream restores damaged skin, soothes irritation and reduces redness. Strengthens the lipid barrier. - Fast delivery!","breadcrumb":{"@id":"https:\/\/idakorea.ee\/product\/purito-seoul-mighty-bamboo-panthenol-cream-100ml\/#breadcrumb"},"inLanguage":"en-US","potentialAction":[{"@type":"ReadAction","target":["https:\/\/idakorea.ee\/product\/purito-seoul-mighty-bamboo-panthenol-cream-100ml\/"]}]},{"@type":"ImageObject","inLanguage":"en-US","@id":"https:\/\/idakorea.ee\/product\/purito-seoul-mighty-bamboo-panthenol-cream-100ml\/#primaryimage","url":"https:\/\/idakorea.ee\/wp-content\/uploads\/2025\/10\/Purito_Mighty_Bamboo_Panthenol_Cream-idakorea.jpg","contentUrl":"https:\/\/idakorea.ee\/wp-content\/uploads\/2025\/10\/Purito_Mighty_Bamboo_Panthenol_Cream-idakorea.jpg","width":1000,"height":1000},{"@type":"BreadcrumbList","@id":"https:\/\/idakorea.ee\/product\/purito-seoul-mighty-bamboo-panthenol-cream-100ml\/#breadcrumb","itemListElement":[{"@type":"ListItem","position":1,"name":"\u0413\u043b\u0430\u0432\u043d\u0430\u044f \u0441\u0442\u0440\u0430\u043d\u0438\u0446\u0430","item":"https:\/\/idakorea.ee\/"},{"@type":"ListItem","position":2,"name":"Shop","item":"https:\/\/idakorea.ee\/shop-2\/"},{"@type":"ListItem","position":3,"name":"Barj\u00e4\u00e4rkreem pantenooliga Purito Seoul Mighty Bamboo Panthenol Cream, 100ml"}]},{"@type":"WebSite","@id":"https:\/\/idakorea.ee\/#website","url":"https:\/\/idakorea.ee\/","name":"IDA.KOREA","description":"Korean cosmetics e-shop","publisher":{"@id":"https:\/\/idakorea.ee\/#organization"},"alternateName":"Beauty Shop","potentialAction":[{"@type":"SearchAction","target":{"@type":"EntryPoint","urlTemplate":"https:\/\/idakorea.ee\/?s={search_term_string}"},"query-input":{"@type":"PropertyValueSpecification","valueRequired":true,"valueName":"search_term_string"}}],"inLanguage":"en-US"},{"@type":"Organization","@id":"https:\/\/idakorea.ee\/#organization","name":"IDA.KOREA","url":"https:\/\/idakorea.ee\/","logo":{"@type":"ImageObject","inLanguage":"en-US","@id":"https:\/\/idakorea.ee\/#\/schema\/logo\/image\/","url":"https:\/\/idakorea.ee\/wp-content\/uploads\/2024\/05\/cropped-korea3.png","contentUrl":"https:\/\/idakorea.ee\/wp-content\/uploads\/2024\/05\/cropped-korea3.png","width":688,"height":126,"caption":"IDA.KOREA"},"image":{"@id":"https:\/\/idakorea.ee\/#\/schema\/logo\/image\/"},"sameAs":["https:\/\/www.instagram.com\/ida.korea\/"]}]}},"jetpack_sharing_enabled":true,"brands":[{"id":491,"name":"PURITO","slug":"purito"}],"_links":{"self":[{"href":"https:\/\/idakorea.ee\/en\/wp-json\/wp\/v2\/product\/16297","targetHints":{"allow":["GET"]}}],"collection":[{"href":"https:\/\/idakorea.ee\/en\/wp-json\/wp\/v2\/product"}],"about":[{"href":"https:\/\/idakorea.ee\/en\/wp-json\/wp\/v2\/types\/product"}],"replies":[{"embeddable":true,"href":"https:\/\/idakorea.ee\/en\/wp-json\/wp\/v2\/comments?post=16297"}],"version-history":[{"count":2,"href":"https:\/\/idakorea.ee\/en\/wp-json\/wp\/v2\/product\/16297\/revisions"}],"predecessor-version":[{"id":16302,"href":"https:\/\/idakorea.ee\/en\/wp-json\/wp\/v2\/product\/16297\/revisions\/16302"}],"wp:featuredmedia":[{"embeddable":true,"href":"https:\/\/idakorea.ee\/en\/wp-json\/wp\/v2\/media\/16298"}],"wp:attachment":[{"href":"https:\/\/idakorea.ee\/en\/wp-json\/wp\/v2\/media?parent=16297"}],"wp:term":[{"taxonomy":"pwb-brand","embeddable":true,"href":"https:\/\/idakorea.ee\/en\/wp-json\/wp\/v2\/pwb-brand?post=16297"},{"taxonomy":"product_brand","embeddable":true,"href":"https:\/\/idakorea.ee\/en\/wp-json\/wp\/v2\/product_brand?post=16297"},{"taxonomy":"product_cat","embeddable":true,"href":"https:\/\/idakorea.ee\/en\/wp-json\/wp\/v2\/product_cat?post=16297"},{"taxonomy":"product_tag","embeddable":true,"href":"https:\/\/idakorea.ee\/en\/wp-json\/wp\/v2\/product_tag?post=16297"}],"curies":[{"name":"wp","href":"https:\/\/api.w.org\/{rel}","templated":true}]}}