{"id":16374,"date":"2025-11-06T13:33:58","date_gmt":"2025-11-06T10:33:58","guid":{"rendered":"https:\/\/idakorea.ee\/?post_type=product&#038;p=16374"},"modified":"2026-02-23T17:40:02","modified_gmt":"2026-02-23T15:40:02","slug":"pyunkang-yul-calming-deep-moisture-toner-150ml","status":"publish","type":"product","link":"https:\/\/idakorea.ee\/en\/product\/pyunkang-yul-calming-deep-moisture-toner-150ml\/","title":{"rendered":"Pyunkang Yul Calming Deep Moisture Toner, 150ml"},"content":{"rendered":"<p data-start=\"0\" data-end=\"243\">Soothing tonic <strong data-start=\"0\" data-end=\"60\">Pyunkang Yul Calming Deep Moisture Toner<\/strong> It works on three levels \u2013 soothing, reducing sebum production and gently exfoliating the stratum corneum. It prevents clogged pores and inflammation, making it ideal for acne-prone skin.<\/p>\n<p data-start=\"245\" data-end=\"433\">The toner evens out skin texture and tightens enlarged pores, removes dead cells and makes the skin soft and smooth. It is pleasantly refreshing, absorbs quickly and does not leave a sticky feeling.<\/p>\n<p data-start=\"435\" data-end=\"668\">The slightly acidic formula helps restore the skin&#039;s natural pH balance after cleansing, does not dry out the skin, and provides deep hydration. The product has a Korean Vegan\u00ae certificate, which confirms that the product does not contain any substances of animal origin.<\/p>\n<p data-start=\"670\" data-end=\"696\"><strong data-start=\"670\" data-end=\"694\">Main active ingredients:<\/strong><\/p>\n<ul data-start=\"697\" data-end=\"1954\">\n<li data-start=\"697\" data-end=\"944\">\n<p data-start=\"699\" data-end=\"944\"><strong data-start=\"699\" data-end=\"729\">Centella Asiatica Complex<\/strong> \u2013 contains Asian water lily extract, madecassoside, madecassic acid, asiaticoside and asiatic acid. Relieves redness and irritation, strengthens capillaries, reduces couperose redness and improves skin elasticity.<\/p>\n<\/li>\n<li data-start=\"945\" data-end=\"1097\">\n<p data-start=\"947\" data-end=\"1097\"><strong data-start=\"947\" data-end=\"976\">White willow bark extract<\/strong> \u2013 a natural source of salicylic acid, which cleanses and tightens pores, removes excess sebum, and supports cell renewal.<\/p>\n<\/li>\n<li data-start=\"1098\" data-end=\"1218\">\n<p data-start=\"1100\" data-end=\"1218\"><strong data-start=\"1100\" data-end=\"1124\">Tea tree leaf extract<\/strong> \u2013 has antiseptic and antibacterial effects, reduces oiliness and prevents inflammation.<\/p>\n<\/li>\n<li data-start=\"1219\" data-end=\"1377\">\n<p data-start=\"1221\" data-end=\"1377\"><strong data-start=\"1221\" data-end=\"1250\">Gluconolactone (PHA acid)<\/strong> \u2013 a gentler analogue of AHA acids, also suitable for sensitive skin. Gently exfoliates, smoothes and evens out the complexion, stimulates skin renewal.<\/p>\n<\/li>\n<li data-start=\"1378\" data-end=\"1530\">\n<p data-start=\"1380\" data-end=\"1530\"><strong data-start=\"1380\" data-end=\"1407\">Panthenol (vitamin B5)<\/strong> \u2013 soothes redness and itching, strengthens the hydrolipid barrier, protects against moisture loss and promotes skin regeneration.<\/p>\n<\/li>\n<li data-start=\"1531\" data-end=\"1716\">\n<p data-start=\"1533\" data-end=\"1716\"><strong data-start=\"1533\" data-end=\"1559\">5 types of hyaluronic acid<\/strong> \u2013 hyaluronic acids of different molecular weights moisturize both the deeper and superficial layers of the skin, removing dryness and tightness and increasing elasticity.<\/p>\n<\/li>\n<li data-start=\"1717\" data-end=\"1831\">\n<p data-start=\"1719\" data-end=\"1831\"><strong data-start=\"1719\" data-end=\"1730\">Betaine<\/strong> \u2013 an amino acid derivative that retains moisture, protects cell membranes, and keeps skin soft and smooth.<\/p>\n<\/li>\n<li data-start=\"1832\" data-end=\"1954\">\n<p data-start=\"1834\" data-end=\"1954\"><strong data-start=\"1834\" data-end=\"1867\">Lonicera (Lonicera) extract<\/strong> \u2013 strengthens blood vessel walls, has a tonic, antioxidant effect and revitalizes the skin.<\/p>\n<\/li>\n<\/ul>\n<p data-start=\"1956\" data-end=\"2029\"><strong data-start=\"1956\" data-end=\"1966\">Suitable for:<\/strong> for normal, combination, oily and problematic skin.<\/p>\n<p data-start=\"2031\" data-end=\"2189\" data-is-last-node=\"\" data-is-only-node=\"\"><strong data-start=\"2031\" data-end=\"2046\">Usage:<\/strong> After cleansing, apply the toner to your face using your hands or a cotton pad \u2013 <a href=\"https:\/\/idakorea.ee\/en\/product\/pyunkang-yul-1-3-cotton-pad-160tk\/\">Pyunkang Yul 1\/3 Cotton Pad, 160pcs - IDA.KOREA<\/a>. For a mask effect, moisten cotton pads with toner and place them on your face for 5\u201310 minutes.<\/p>","protected":false},"excerpt":{"rendered":"<p>Pyunkang Yul Calming Deep Moisture Toner works on three levels \u2013 it soothes, reduces sebum secretion and gently exfoliates the stratum corneum. It prevents clogged pores and inflammation, making it ideal for acne-prone skin. The toner evens out skin texture and tightens enlarged pores, removes dead cells and makes the skin soft and smooth. Pleasantly refreshing, quickly absorbed and leaves no\u2026<\/p>","protected":false},"featured_media":16375,"comment_status":"open","ping_status":"closed","template":"","meta":{"_uf_show_specific_survey":0,"_uf_disable_surveys":false,"_bst_post_transparent":"default","_bst_post_title":"","_bst_post_layout":"default","_bst_post_sidebar_id":"","_bst_post_content_style":"default","_bst_post_vertical_padding":"default","_bst_post_feature":"","_bst_post_feature_position":"","_bst_post_header":false,"_bst_post_footer":false},"pwb-brand":[474],"product_brand":[],"product_cat":[92,158],"product_tag":[580,568,855],"class_list":{"0":"post-16374","1":"product","2":"type-product","3":"status-publish","4":"has-post-thumbnail","6":"pwb-brand-pyunkang-yul","7":"product_cat-nagu","8":"product_cat-toonik","9":"product_tag-calming","10":"product_tag-korea","11":"product_tag-toner","13":"first","14":"instock","15":"sale","16":"shipping-taxable","17":"purchasable","18":"product-type-simple","19":"entry","20":"content-bg","21":"loop-entry"},"supplier_id":null,"supplier_sku":"","barcode":null,"atum_controlled":true,"out_stock_date":null,"out_stock_threshold":null,"inheritable":false,"inbound_stock":0,"stock_on_hold":0,"sold_today":0,"sales_last_days":0,"out_stock_days":0,"lost_sales":0,"has_location":false,"update_date":"2026-04-14T00:05:05","atum_locations":[],"atum_stock_status":"instock","restock_status":false,"low_stock_amount":"","sales_update_date":"2026-04-14T00:05:05","calc_backorders":null,"yoast_head":"<!-- This site is optimized with the Yoast SEO plugin v27.2 - https:\/\/yoast.com\/product\/yoast-seo-wordpress\/ -->\n<title>Pyunkang Yul Calming Deep Moisture Toner, 150ml - IDA.KOREA<\/title>\n<meta name=\"description\" content=\"Pyunkang Yul Calming Deep Moisture Toner rahustab, niisutab ja v\u00e4hendab rasusust, pakkudes \u00f5rna koorivat toimet ilma nahka \u00e4rritamata. - Kiire tarne!\" \/>\n<meta name=\"robots\" content=\"index, follow, max-snippet:-1, max-image-preview:large, max-video-preview:-1\" \/>\n<link rel=\"canonical\" href=\"https:\/\/idakorea.ee\/en\/product\/pyunkang-yul-calming-deep-moisture-toner-150ml\/\" \/>\n<meta property=\"og:locale\" content=\"en_US\" \/>\n<meta property=\"og:type\" content=\"article\" \/>\n<meta property=\"og:title\" content=\"Pyunkang Yul Calming Deep Moisture Toner, 150ml - IDA.KOREA\" \/>\n<meta property=\"og:description\" content=\"Pyunkang Yul Calming Deep Moisture Toner rahustab, niisutab ja v\u00e4hendab rasusust, pakkudes \u00f5rna koorivat toimet ilma nahka \u00e4rritamata. - Kiire tarne!\" \/>\n<meta property=\"og:url\" content=\"https:\/\/idakorea.ee\/en\/product\/pyunkang-yul-calming-deep-moisture-toner-150ml\/\" \/>\n<meta property=\"og:site_name\" content=\"IDA.KOREA\" \/>\n<meta property=\"article:modified_time\" content=\"2026-02-23T15:40:02+00:00\" \/>\n<meta property=\"og:image\" content=\"https:\/\/idakorea.ee\/wp-content\/uploads\/2025\/11\/Pyunkang-Yul-Calming-Deep-Moisture-Toner-idakorea.jpg\" \/>\n\t<meta property=\"og:image:width\" content=\"1000\" \/>\n\t<meta property=\"og:image:height\" content=\"1000\" \/>\n\t<meta property=\"og:image:type\" content=\"image\/jpeg\" \/>\n<meta name=\"twitter:card\" content=\"summary_large_image\" \/>\n<meta name=\"twitter:label1\" content=\"Est. reading time\" \/>\n\t<meta name=\"twitter:data1\" content=\"2 minutes\" \/>\n<script type=\"application\/ld+json\" class=\"yoast-schema-graph\">{\"@context\":\"https:\/\/schema.org\",\"@graph\":[{\"@type\":\"WebPage\",\"@id\":\"https:\/\/idakorea.ee\/product\/pyunkang-yul-calming-deep-moisture-toner-150ml\/\",\"url\":\"https:\/\/idakorea.ee\/product\/pyunkang-yul-calming-deep-moisture-toner-150ml\/\",\"name\":\"Pyunkang Yul Calming Deep Moisture Toner, 150ml - IDA.KOREA\",\"isPartOf\":{\"@id\":\"https:\/\/idakorea.ee\/#website\"},\"primaryImageOfPage\":{\"@id\":\"https:\/\/idakorea.ee\/product\/pyunkang-yul-calming-deep-moisture-toner-150ml\/#primaryimage\"},\"image\":{\"@id\":\"https:\/\/idakorea.ee\/product\/pyunkang-yul-calming-deep-moisture-toner-150ml\/#primaryimage\"},\"thumbnailUrl\":\"https:\/\/idakorea.ee\/wp-content\/uploads\/2025\/11\/Pyunkang-Yul-Calming-Deep-Moisture-Toner-idakorea.jpg\",\"datePublished\":\"2025-11-06T10:33:58+00:00\",\"dateModified\":\"2026-02-23T15:40:02+00:00\",\"description\":\"Pyunkang Yul Calming Deep Moisture Toner rahustab, niisutab ja v\u00e4hendab rasusust, pakkudes \u00f5rna koorivat toimet ilma nahka \u00e4rritamata. - Kiire tarne!\",\"breadcrumb\":{\"@id\":\"https:\/\/idakorea.ee\/product\/pyunkang-yul-calming-deep-moisture-toner-150ml\/#breadcrumb\"},\"inLanguage\":\"en-US\",\"potentialAction\":[{\"@type\":\"ReadAction\",\"target\":[\"https:\/\/idakorea.ee\/product\/pyunkang-yul-calming-deep-moisture-toner-150ml\/\"]}]},{\"@type\":\"ImageObject\",\"inLanguage\":\"en-US\",\"@id\":\"https:\/\/idakorea.ee\/product\/pyunkang-yul-calming-deep-moisture-toner-150ml\/#primaryimage\",\"url\":\"https:\/\/idakorea.ee\/wp-content\/uploads\/2025\/11\/Pyunkang-Yul-Calming-Deep-Moisture-Toner-idakorea.jpg\",\"contentUrl\":\"https:\/\/idakorea.ee\/wp-content\/uploads\/2025\/11\/Pyunkang-Yul-Calming-Deep-Moisture-Toner-idakorea.jpg\",\"width\":1000,\"height\":1000},{\"@type\":\"BreadcrumbList\",\"@id\":\"https:\/\/idakorea.ee\/product\/pyunkang-yul-calming-deep-moisture-toner-150ml\/#breadcrumb\",\"itemListElement\":[{\"@type\":\"ListItem\",\"position\":1,\"name\":\"\u0413\u043b\u0430\u0432\u043d\u0430\u044f \u0441\u0442\u0440\u0430\u043d\u0438\u0446\u0430\",\"item\":\"https:\/\/idakorea.ee\/\"},{\"@type\":\"ListItem\",\"position\":2,\"name\":\"Shop\",\"item\":\"https:\/\/idakorea.ee\/shop-2\/\"},{\"@type\":\"ListItem\",\"position\":3,\"name\":\"Rahustav toonik Pyunkang Yul Calming Deep Moisture Toner, 150ml\"}]},{\"@type\":\"WebSite\",\"@id\":\"https:\/\/idakorea.ee\/#website\",\"url\":\"https:\/\/idakorea.ee\/\",\"name\":\"IDA.KOREA\",\"description\":\"Korea kosmeetika e-pood\",\"publisher\":{\"@id\":\"https:\/\/idakorea.ee\/#organization\"},\"alternateName\":\"Beauty Shop\",\"potentialAction\":[{\"@type\":\"SearchAction\",\"target\":{\"@type\":\"EntryPoint\",\"urlTemplate\":\"https:\/\/idakorea.ee\/?s={search_term_string}\"},\"query-input\":{\"@type\":\"PropertyValueSpecification\",\"valueRequired\":true,\"valueName\":\"search_term_string\"}}],\"inLanguage\":\"en-US\"},{\"@type\":\"Organization\",\"@id\":\"https:\/\/idakorea.ee\/#organization\",\"name\":\"IDA.KOREA\",\"url\":\"https:\/\/idakorea.ee\/\",\"logo\":{\"@type\":\"ImageObject\",\"inLanguage\":\"en-US\",\"@id\":\"https:\/\/idakorea.ee\/#\/schema\/logo\/image\/\",\"url\":\"https:\/\/idakorea.ee\/wp-content\/uploads\/2024\/05\/cropped-korea3.png\",\"contentUrl\":\"https:\/\/idakorea.ee\/wp-content\/uploads\/2024\/05\/cropped-korea3.png\",\"width\":688,\"height\":126,\"caption\":\"IDA.KOREA\"},\"image\":{\"@id\":\"https:\/\/idakorea.ee\/#\/schema\/logo\/image\/\"},\"sameAs\":[\"https:\/\/www.instagram.com\/ida.korea\/\"]}]}<\/script>\n<!-- \/ Yoast SEO plugin. -->","yoast_head_json":{"title":"Pyunkang Yul Calming Deep Moisture Toner, 150ml - IDA.KOREA","description":"Pyunkang Yul Calming Deep Moisture Toner soothes, moisturizes, and reduces oiliness, providing a gentle exfoliating effect without irritating the skin. - Fast delivery!","robots":{"index":"index","follow":"follow","max-snippet":"max-snippet:-1","max-image-preview":"max-image-preview:large","max-video-preview":"max-video-preview:-1"},"canonical":"https:\/\/idakorea.ee\/en\/product\/pyunkang-yul-calming-deep-moisture-toner-150ml\/","og_locale":"en_US","og_type":"article","og_title":"Pyunkang Yul Calming Deep Moisture Toner, 150ml - IDA.KOREA","og_description":"Pyunkang Yul Calming Deep Moisture Toner rahustab, niisutab ja v\u00e4hendab rasusust, pakkudes \u00f5rna koorivat toimet ilma nahka \u00e4rritamata. - Kiire tarne!","og_url":"https:\/\/idakorea.ee\/en\/product\/pyunkang-yul-calming-deep-moisture-toner-150ml\/","og_site_name":"IDA.KOREA","article_modified_time":"2026-02-23T15:40:02+00:00","og_image":[{"width":1000,"height":1000,"url":"https:\/\/idakorea.ee\/wp-content\/uploads\/2025\/11\/Pyunkang-Yul-Calming-Deep-Moisture-Toner-idakorea.jpg","type":"image\/jpeg"}],"twitter_card":"summary_large_image","twitter_misc":{"Est. reading time":"2 minutes"},"schema":{"@context":"https:\/\/schema.org","@graph":[{"@type":"WebPage","@id":"https:\/\/idakorea.ee\/product\/pyunkang-yul-calming-deep-moisture-toner-150ml\/","url":"https:\/\/idakorea.ee\/product\/pyunkang-yul-calming-deep-moisture-toner-150ml\/","name":"Pyunkang Yul Calming Deep Moisture Toner, 150ml - IDA.KOREA","isPartOf":{"@id":"https:\/\/idakorea.ee\/#website"},"primaryImageOfPage":{"@id":"https:\/\/idakorea.ee\/product\/pyunkang-yul-calming-deep-moisture-toner-150ml\/#primaryimage"},"image":{"@id":"https:\/\/idakorea.ee\/product\/pyunkang-yul-calming-deep-moisture-toner-150ml\/#primaryimage"},"thumbnailUrl":"https:\/\/idakorea.ee\/wp-content\/uploads\/2025\/11\/Pyunkang-Yul-Calming-Deep-Moisture-Toner-idakorea.jpg","datePublished":"2025-11-06T10:33:58+00:00","dateModified":"2026-02-23T15:40:02+00:00","description":"Pyunkang Yul Calming Deep Moisture Toner soothes, moisturizes, and reduces oiliness, providing a gentle exfoliating effect without irritating the skin. - Fast delivery!","breadcrumb":{"@id":"https:\/\/idakorea.ee\/product\/pyunkang-yul-calming-deep-moisture-toner-150ml\/#breadcrumb"},"inLanguage":"en-US","potentialAction":[{"@type":"ReadAction","target":["https:\/\/idakorea.ee\/product\/pyunkang-yul-calming-deep-moisture-toner-150ml\/"]}]},{"@type":"ImageObject","inLanguage":"en-US","@id":"https:\/\/idakorea.ee\/product\/pyunkang-yul-calming-deep-moisture-toner-150ml\/#primaryimage","url":"https:\/\/idakorea.ee\/wp-content\/uploads\/2025\/11\/Pyunkang-Yul-Calming-Deep-Moisture-Toner-idakorea.jpg","contentUrl":"https:\/\/idakorea.ee\/wp-content\/uploads\/2025\/11\/Pyunkang-Yul-Calming-Deep-Moisture-Toner-idakorea.jpg","width":1000,"height":1000},{"@type":"BreadcrumbList","@id":"https:\/\/idakorea.ee\/product\/pyunkang-yul-calming-deep-moisture-toner-150ml\/#breadcrumb","itemListElement":[{"@type":"ListItem","position":1,"name":"\u0413\u043b\u0430\u0432\u043d\u0430\u044f \u0441\u0442\u0440\u0430\u043d\u0438\u0446\u0430","item":"https:\/\/idakorea.ee\/"},{"@type":"ListItem","position":2,"name":"Shop","item":"https:\/\/idakorea.ee\/shop-2\/"},{"@type":"ListItem","position":3,"name":"Rahustav toonik Pyunkang Yul Calming Deep Moisture Toner, 150ml"}]},{"@type":"WebSite","@id":"https:\/\/idakorea.ee\/#website","url":"https:\/\/idakorea.ee\/","name":"IDA.KOREA","description":"Korean cosmetics e-shop","publisher":{"@id":"https:\/\/idakorea.ee\/#organization"},"alternateName":"Beauty Shop","potentialAction":[{"@type":"SearchAction","target":{"@type":"EntryPoint","urlTemplate":"https:\/\/idakorea.ee\/?s={search_term_string}"},"query-input":{"@type":"PropertyValueSpecification","valueRequired":true,"valueName":"search_term_string"}}],"inLanguage":"en-US"},{"@type":"Organization","@id":"https:\/\/idakorea.ee\/#organization","name":"IDA.KOREA","url":"https:\/\/idakorea.ee\/","logo":{"@type":"ImageObject","inLanguage":"en-US","@id":"https:\/\/idakorea.ee\/#\/schema\/logo\/image\/","url":"https:\/\/idakorea.ee\/wp-content\/uploads\/2024\/05\/cropped-korea3.png","contentUrl":"https:\/\/idakorea.ee\/wp-content\/uploads\/2024\/05\/cropped-korea3.png","width":688,"height":126,"caption":"IDA.KOREA"},"image":{"@id":"https:\/\/idakorea.ee\/#\/schema\/logo\/image\/"},"sameAs":["https:\/\/www.instagram.com\/ida.korea\/"]}]}},"jetpack_sharing_enabled":true,"brands":[{"id":474,"name":"PYUNKANG YUL","slug":"pyunkang-yul"}],"_links":{"self":[{"href":"https:\/\/idakorea.ee\/en\/wp-json\/wp\/v2\/product\/16374","targetHints":{"allow":["GET"]}}],"collection":[{"href":"https:\/\/idakorea.ee\/en\/wp-json\/wp\/v2\/product"}],"about":[{"href":"https:\/\/idakorea.ee\/en\/wp-json\/wp\/v2\/types\/product"}],"replies":[{"embeddable":true,"href":"https:\/\/idakorea.ee\/en\/wp-json\/wp\/v2\/comments?post=16374"}],"version-history":[{"count":1,"href":"https:\/\/idakorea.ee\/en\/wp-json\/wp\/v2\/product\/16374\/revisions"}],"predecessor-version":[{"id":16378,"href":"https:\/\/idakorea.ee\/en\/wp-json\/wp\/v2\/product\/16374\/revisions\/16378"}],"wp:featuredmedia":[{"embeddable":true,"href":"https:\/\/idakorea.ee\/en\/wp-json\/wp\/v2\/media\/16375"}],"wp:attachment":[{"href":"https:\/\/idakorea.ee\/en\/wp-json\/wp\/v2\/media?parent=16374"}],"wp:term":[{"taxonomy":"pwb-brand","embeddable":true,"href":"https:\/\/idakorea.ee\/en\/wp-json\/wp\/v2\/pwb-brand?post=16374"},{"taxonomy":"product_brand","embeddable":true,"href":"https:\/\/idakorea.ee\/en\/wp-json\/wp\/v2\/product_brand?post=16374"},{"taxonomy":"product_cat","embeddable":true,"href":"https:\/\/idakorea.ee\/en\/wp-json\/wp\/v2\/product_cat?post=16374"},{"taxonomy":"product_tag","embeddable":true,"href":"https:\/\/idakorea.ee\/en\/wp-json\/wp\/v2\/product_tag?post=16374"}],"curies":[{"name":"wp","href":"https:\/\/api.w.org\/{rel}","templated":true}]}}