{"id":16379,"date":"2025-11-06T14:01:15","date_gmt":"2025-11-06T11:01:15","guid":{"rendered":"https:\/\/idakorea.ee\/?post_type=product&#038;p=16379"},"modified":"2026-04-14T10:29:29","modified_gmt":"2026-04-14T08:29:29","slug":"pyunkang-yul-low-ph-pore-deep-cleansing-foam-40ml","status":"publish","type":"product","link":"https:\/\/idakorea.ee\/en\/product\/pyunkang-yul-low-ph-pore-deep-cleansing-foam-40ml\/","title":{"rendered":"Pyunkang Yul Low pH Pore Deep Cleansing Foam, 40ml"},"content":{"rendered":"<p data-start=\"0\" data-end=\"274\">Cleansing mild acid foam<strong data-start=\"0\" data-end=\"76\"> Pyunkang Yul Low pH Pore Deep Cleansing Foam<\/strong> Gently exfoliates dead skin cells, removes dirt from pores and reduces oily shine. The foam helps maintain the skin&#039;s natural water and lipid balance, does not cause tightness or dry out the skin.<\/p>\n<p data-start=\"276\" data-end=\"553\">The product deeply cleanses, effectively removing all traces of dirt, permanent makeup and excess sebum. Regulates the work of the sebaceous glands, prevents clogged pores and helps lighten blackheads. Smoothes the skin&#039;s microrelief, reduces the visibility of pores and improves skin texture.<\/p>\n<p data-start=\"555\" data-end=\"811\"><strong data-start=\"555\" data-end=\"571\">Pyunkang Yul<\/strong> is a skincare brand created by a Korean oriental medicine clinic that focuses on natural and safe ingredients. The brand does not use fragrances, alcohol, parabens or silicones and is suitable for even the most sensitive and problematic skin.<\/p>\n<p data-start=\"813\" data-end=\"966\">Upon contact with water, the product forms a light foam that gently stimulates and relaxes the skin. The foam is simply rinsed off, leaving the skin fresh and light.<\/p>\n<p data-start=\"968\" data-end=\"994\"><strong data-start=\"968\" data-end=\"992\">Main active ingredients:<\/strong><\/p>\n<ul data-start=\"995\" data-end=\"1867\">\n<li data-start=\"995\" data-end=\"1147\">\n<p data-start=\"997\" data-end=\"1147\"><strong data-start=\"997\" data-end=\"1016\">Tea tree extract<\/strong> \u2013 an antibacterial and regenerating component that helps cleanse pores, normalizes the function of the sebaceous glands, and reduces oily shine.<\/p>\n<\/li>\n<li data-start=\"1148\" data-end=\"1300\">\n<p data-start=\"1150\" data-end=\"1300\"><strong data-start=\"1150\" data-end=\"1182\">Witch hazel extract (Hamamelis)<\/strong> \u2013 soothes and disinfects the skin, relieves inflammation and pimples, tightens pores, and balances sebum secretion.<\/p>\n<\/li>\n<li data-start=\"1301\" data-end=\"1490\">\n<p data-start=\"1303\" data-end=\"1490\"><strong data-start=\"1303\" data-end=\"1326\">Sodium hyaluronate<\/strong> \u2013 a low-molecular form of hyaluronic acid that penetrates deep into the epidermis, hydrates cells and retains moisture in the skin, creating a protective layer that prevents water evaporation.<\/p>\n<\/li>\n<li data-start=\"1491\" data-end=\"1623\">\n<p data-start=\"1493\" data-end=\"1623\"><strong data-start=\"1493\" data-end=\"1523\">Centella asiatica extract<\/strong> \u2013 increases skin elasticity and tone, moisturizes and protects against UV radiation and environmental influences.<\/p>\n<\/li>\n<li data-start=\"1624\" data-end=\"1735\">\n<p data-start=\"1626\" data-end=\"1735\"><strong data-start=\"1626\" data-end=\"1648\">Purslane extract<\/strong> \u2013 accelerates recovery, promotes healing, tightens pores and reduces sebum secretion.<\/p>\n<\/li>\n<li data-start=\"1736\" data-end=\"1867\">\n<p data-start=\"1738\" data-end=\"1867\"><strong data-start=\"1738\" data-end=\"1754\">Beta glucan<\/strong> \u2013 soothes inflammation, reduces redness, dryness and tingling, smoothes the skin&#039;s microstructure and reduces wrinkles.<\/p>\n<\/li>\n<\/ul>\n<p data-start=\"1869\" data-end=\"1928\"><strong data-start=\"1869\" data-end=\"1879\">Suitable for:<\/strong> for normal, combination and oily skin.<\/p>\n<p data-start=\"1930\" data-end=\"2067\" data-is-last-node=\"\" data-is-only-node=\"\"><strong data-start=\"1930\" data-end=\"1945\">Usage:<\/strong> Apply a small amount of product to damp palms, lather and gently massage onto face. Then rinse thoroughly with warm water.<\/p>","protected":false},"excerpt":{"rendered":"<p>Pyunkang Yul Low pH Pore Deep Cleansing Foam gently exfoliates dead skin cells, removes dirt from pores and reduces oily shine. The foam helps maintain the skin&#039;s natural water and lipid balance, does not cause tightness or dry skin. The product cleanses deeply, effectively removing all dirt residues, permanent makeup and excess sebum. Regulates the work of the sebaceous glands, prevents pore clogging and\u2026<\/p>","protected":false},"featured_media":16382,"comment_status":"open","ping_status":"closed","template":"","meta":{"_uf_show_specific_survey":0,"_uf_disable_surveys":false,"_bst_post_transparent":"default","_bst_post_title":"","_bst_post_layout":"default","_bst_post_sidebar_id":"","_bst_post_content_style":"default","_bst_post_vertical_padding":"default","_bst_post_feature":"","_bst_post_feature_position":"","_bst_post_header":false,"_bst_post_footer":false},"pwb-brand":[474],"product_brand":[],"product_cat":[92,452,100],"product_tag":[1015,1007,568,1016],"class_list":{"0":"post-16379","1":"product","2":"type-product","3":"status-publish","4":"has-post-thumbnail","6":"pwb-brand-pyunkang-yul","7":"product_cat-nagu","8":"product_cat-naopuhastusgeelid","9":"product_cat-puhastusvahendid","10":"product_tag-clean","11":"product_tag-foam","12":"product_tag-korea","13":"product_tag-ph","15":"first","16":"instock","17":"sale","18":"shipping-taxable","19":"purchasable","20":"product-type-simple","21":"entry","22":"content-bg","23":"loop-entry"},"supplier_id":null,"supplier_sku":"","barcode":null,"atum_controlled":true,"out_stock_date":null,"out_stock_threshold":null,"inheritable":false,"inbound_stock":0,"stock_on_hold":0,"sold_today":0,"sales_last_days":0,"out_stock_days":0,"lost_sales":0,"has_location":false,"update_date":"2026-04-14T08:29:31","atum_locations":[],"atum_stock_status":"instock","restock_status":false,"low_stock_amount":"","sales_update_date":"2026-04-14T00:05:07","calc_backorders":null,"yoast_head":"<!-- This site is optimized with the Yoast SEO plugin v27.2 - https:\/\/yoast.com\/product\/yoast-seo-wordpress\/ -->\n<title>Pyunkang Yul Low pH Pore Deep Cleansing Foam, 40ml - IDA.KOREA<\/title>\n<meta name=\"description\" content=\"Puhastav n\u00f5rghappeline vaht Pyunkang Yul Low pH Pore Deep Cleansing Foam koorib \u00f5rnalt sarvestunud naharakke, eemaldab mustuse pooridest ja v\u00e4hendab rasust l\u00e4iget.\" \/>\n<meta name=\"robots\" content=\"index, follow, max-snippet:-1, max-image-preview:large, max-video-preview:-1\" \/>\n<link rel=\"canonical\" href=\"https:\/\/idakorea.ee\/en\/product\/pyunkang-yul-low-ph-pore-deep-cleansing-foam-40ml\/\" \/>\n<meta property=\"og:locale\" content=\"en_US\" \/>\n<meta property=\"og:type\" content=\"article\" \/>\n<meta property=\"og:title\" content=\"Pyunkang Yul Low pH Pore Deep Cleansing Foam, 40ml - IDA.KOREA\" \/>\n<meta property=\"og:description\" content=\"Puhastav n\u00f5rghappeline vaht Pyunkang Yul Low pH Pore Deep Cleansing Foam koorib \u00f5rnalt sarvestunud naharakke, eemaldab mustuse pooridest ja v\u00e4hendab rasust l\u00e4iget.\" \/>\n<meta property=\"og:url\" content=\"https:\/\/idakorea.ee\/en\/product\/pyunkang-yul-low-ph-pore-deep-cleansing-foam-40ml\/\" \/>\n<meta property=\"og:site_name\" content=\"IDA.KOREA\" \/>\n<meta property=\"article:modified_time\" content=\"2026-04-14T08:29:29+00:00\" \/>\n<meta property=\"og:image\" content=\"https:\/\/idakorea.ee\/wp-content\/uploads\/2025\/11\/Pyunkang-Yul-Low-pH-Pore-Deep-Cleansing-Foam-idakorea.jpg\" \/>\n\t<meta property=\"og:image:width\" content=\"1000\" \/>\n\t<meta property=\"og:image:height\" content=\"1000\" \/>\n\t<meta property=\"og:image:type\" content=\"image\/jpeg\" \/>\n<meta name=\"twitter:card\" content=\"summary_large_image\" \/>\n<meta name=\"twitter:label1\" content=\"Est. reading time\" \/>\n\t<meta name=\"twitter:data1\" content=\"2 minutes\" \/>\n<script type=\"application\/ld+json\" class=\"yoast-schema-graph\">{\"@context\":\"https:\/\/schema.org\",\"@graph\":[{\"@type\":\"WebPage\",\"@id\":\"https:\/\/idakorea.ee\/product\/pyunkang-yul-low-ph-pore-deep-cleansing-foam-40ml\/\",\"url\":\"https:\/\/idakorea.ee\/product\/pyunkang-yul-low-ph-pore-deep-cleansing-foam-40ml\/\",\"name\":\"Pyunkang Yul Low pH Pore Deep Cleansing Foam, 40ml - IDA.KOREA\",\"isPartOf\":{\"@id\":\"https:\/\/idakorea.ee\/#website\"},\"primaryImageOfPage\":{\"@id\":\"https:\/\/idakorea.ee\/product\/pyunkang-yul-low-ph-pore-deep-cleansing-foam-40ml\/#primaryimage\"},\"image\":{\"@id\":\"https:\/\/idakorea.ee\/product\/pyunkang-yul-low-ph-pore-deep-cleansing-foam-40ml\/#primaryimage\"},\"thumbnailUrl\":\"https:\/\/idakorea.ee\/wp-content\/uploads\/2025\/11\/Pyunkang-Yul-Low-pH-Pore-Deep-Cleansing-Foam-idakorea.jpg\",\"datePublished\":\"2025-11-06T11:01:15+00:00\",\"dateModified\":\"2026-04-14T08:29:29+00:00\",\"description\":\"Puhastav n\u00f5rghappeline vaht Pyunkang Yul Low pH Pore Deep Cleansing Foam koorib \u00f5rnalt sarvestunud naharakke, eemaldab mustuse pooridest ja v\u00e4hendab rasust l\u00e4iget.\",\"breadcrumb\":{\"@id\":\"https:\/\/idakorea.ee\/product\/pyunkang-yul-low-ph-pore-deep-cleansing-foam-40ml\/#breadcrumb\"},\"inLanguage\":\"en-US\",\"potentialAction\":[{\"@type\":\"ReadAction\",\"target\":[\"https:\/\/idakorea.ee\/product\/pyunkang-yul-low-ph-pore-deep-cleansing-foam-40ml\/\"]}]},{\"@type\":\"ImageObject\",\"inLanguage\":\"en-US\",\"@id\":\"https:\/\/idakorea.ee\/product\/pyunkang-yul-low-ph-pore-deep-cleansing-foam-40ml\/#primaryimage\",\"url\":\"https:\/\/idakorea.ee\/wp-content\/uploads\/2025\/11\/Pyunkang-Yul-Low-pH-Pore-Deep-Cleansing-Foam-idakorea.jpg\",\"contentUrl\":\"https:\/\/idakorea.ee\/wp-content\/uploads\/2025\/11\/Pyunkang-Yul-Low-pH-Pore-Deep-Cleansing-Foam-idakorea.jpg\",\"width\":1000,\"height\":1000},{\"@type\":\"BreadcrumbList\",\"@id\":\"https:\/\/idakorea.ee\/product\/pyunkang-yul-low-ph-pore-deep-cleansing-foam-40ml\/#breadcrumb\",\"itemListElement\":[{\"@type\":\"ListItem\",\"position\":1,\"name\":\"\u0413\u043b\u0430\u0432\u043d\u0430\u044f \u0441\u0442\u0440\u0430\u043d\u0438\u0446\u0430\",\"item\":\"https:\/\/idakorea.ee\/\"},{\"@type\":\"ListItem\",\"position\":2,\"name\":\"Shop\",\"item\":\"https:\/\/idakorea.ee\/shop-2\/\"},{\"@type\":\"ListItem\",\"position\":3,\"name\":\"Puhastav n\u00f5rghappeline vaht Pyunkang Yul Low pH Pore Deep Cleansing Foam, 40ml\"}]},{\"@type\":\"WebSite\",\"@id\":\"https:\/\/idakorea.ee\/#website\",\"url\":\"https:\/\/idakorea.ee\/\",\"name\":\"IDA.KOREA\",\"description\":\"Korea kosmeetika e-pood\",\"publisher\":{\"@id\":\"https:\/\/idakorea.ee\/#organization\"},\"alternateName\":\"Beauty Shop\",\"potentialAction\":[{\"@type\":\"SearchAction\",\"target\":{\"@type\":\"EntryPoint\",\"urlTemplate\":\"https:\/\/idakorea.ee\/?s={search_term_string}\"},\"query-input\":{\"@type\":\"PropertyValueSpecification\",\"valueRequired\":true,\"valueName\":\"search_term_string\"}}],\"inLanguage\":\"en-US\"},{\"@type\":\"Organization\",\"@id\":\"https:\/\/idakorea.ee\/#organization\",\"name\":\"IDA.KOREA\",\"url\":\"https:\/\/idakorea.ee\/\",\"logo\":{\"@type\":\"ImageObject\",\"inLanguage\":\"en-US\",\"@id\":\"https:\/\/idakorea.ee\/#\/schema\/logo\/image\/\",\"url\":\"https:\/\/idakorea.ee\/wp-content\/uploads\/2024\/05\/cropped-korea3.png\",\"contentUrl\":\"https:\/\/idakorea.ee\/wp-content\/uploads\/2024\/05\/cropped-korea3.png\",\"width\":688,\"height\":126,\"caption\":\"IDA.KOREA\"},\"image\":{\"@id\":\"https:\/\/idakorea.ee\/#\/schema\/logo\/image\/\"},\"sameAs\":[\"https:\/\/www.instagram.com\/ida.korea\/\"]}]}<\/script>\n<!-- \/ Yoast SEO plugin. -->","yoast_head_json":{"title":"Pyunkang Yul Low pH Pore Deep Cleansing Foam, 40ml - IDA.KOREA","description":"Pyunkang Yul Low pH Pore Deep Cleansing Foam gently exfoliates dead skin cells, removes dirt from pores, and reduces oily shine.","robots":{"index":"index","follow":"follow","max-snippet":"max-snippet:-1","max-image-preview":"max-image-preview:large","max-video-preview":"max-video-preview:-1"},"canonical":"https:\/\/idakorea.ee\/en\/product\/pyunkang-yul-low-ph-pore-deep-cleansing-foam-40ml\/","og_locale":"en_US","og_type":"article","og_title":"Pyunkang Yul Low pH Pore Deep Cleansing Foam, 40ml - IDA.KOREA","og_description":"Puhastav n\u00f5rghappeline vaht Pyunkang Yul Low pH Pore Deep Cleansing Foam koorib \u00f5rnalt sarvestunud naharakke, eemaldab mustuse pooridest ja v\u00e4hendab rasust l\u00e4iget.","og_url":"https:\/\/idakorea.ee\/en\/product\/pyunkang-yul-low-ph-pore-deep-cleansing-foam-40ml\/","og_site_name":"IDA.KOREA","article_modified_time":"2026-04-14T08:29:29+00:00","og_image":[{"width":1000,"height":1000,"url":"https:\/\/idakorea.ee\/wp-content\/uploads\/2025\/11\/Pyunkang-Yul-Low-pH-Pore-Deep-Cleansing-Foam-idakorea.jpg","type":"image\/jpeg"}],"twitter_card":"summary_large_image","twitter_misc":{"Est. reading time":"2 minutes"},"schema":{"@context":"https:\/\/schema.org","@graph":[{"@type":"WebPage","@id":"https:\/\/idakorea.ee\/product\/pyunkang-yul-low-ph-pore-deep-cleansing-foam-40ml\/","url":"https:\/\/idakorea.ee\/product\/pyunkang-yul-low-ph-pore-deep-cleansing-foam-40ml\/","name":"Pyunkang Yul Low pH Pore Deep Cleansing Foam, 40ml - IDA.KOREA","isPartOf":{"@id":"https:\/\/idakorea.ee\/#website"},"primaryImageOfPage":{"@id":"https:\/\/idakorea.ee\/product\/pyunkang-yul-low-ph-pore-deep-cleansing-foam-40ml\/#primaryimage"},"image":{"@id":"https:\/\/idakorea.ee\/product\/pyunkang-yul-low-ph-pore-deep-cleansing-foam-40ml\/#primaryimage"},"thumbnailUrl":"https:\/\/idakorea.ee\/wp-content\/uploads\/2025\/11\/Pyunkang-Yul-Low-pH-Pore-Deep-Cleansing-Foam-idakorea.jpg","datePublished":"2025-11-06T11:01:15+00:00","dateModified":"2026-04-14T08:29:29+00:00","description":"Pyunkang Yul Low pH Pore Deep Cleansing Foam gently exfoliates dead skin cells, removes dirt from pores, and reduces oily shine.","breadcrumb":{"@id":"https:\/\/idakorea.ee\/product\/pyunkang-yul-low-ph-pore-deep-cleansing-foam-40ml\/#breadcrumb"},"inLanguage":"en-US","potentialAction":[{"@type":"ReadAction","target":["https:\/\/idakorea.ee\/product\/pyunkang-yul-low-ph-pore-deep-cleansing-foam-40ml\/"]}]},{"@type":"ImageObject","inLanguage":"en-US","@id":"https:\/\/idakorea.ee\/product\/pyunkang-yul-low-ph-pore-deep-cleansing-foam-40ml\/#primaryimage","url":"https:\/\/idakorea.ee\/wp-content\/uploads\/2025\/11\/Pyunkang-Yul-Low-pH-Pore-Deep-Cleansing-Foam-idakorea.jpg","contentUrl":"https:\/\/idakorea.ee\/wp-content\/uploads\/2025\/11\/Pyunkang-Yul-Low-pH-Pore-Deep-Cleansing-Foam-idakorea.jpg","width":1000,"height":1000},{"@type":"BreadcrumbList","@id":"https:\/\/idakorea.ee\/product\/pyunkang-yul-low-ph-pore-deep-cleansing-foam-40ml\/#breadcrumb","itemListElement":[{"@type":"ListItem","position":1,"name":"\u0413\u043b\u0430\u0432\u043d\u0430\u044f \u0441\u0442\u0440\u0430\u043d\u0438\u0446\u0430","item":"https:\/\/idakorea.ee\/"},{"@type":"ListItem","position":2,"name":"Shop","item":"https:\/\/idakorea.ee\/shop-2\/"},{"@type":"ListItem","position":3,"name":"Puhastav n\u00f5rghappeline vaht Pyunkang Yul Low pH Pore Deep Cleansing Foam, 40ml"}]},{"@type":"WebSite","@id":"https:\/\/idakorea.ee\/#website","url":"https:\/\/idakorea.ee\/","name":"IDA.KOREA","description":"Korean cosmetics e-shop","publisher":{"@id":"https:\/\/idakorea.ee\/#organization"},"alternateName":"Beauty Shop","potentialAction":[{"@type":"SearchAction","target":{"@type":"EntryPoint","urlTemplate":"https:\/\/idakorea.ee\/?s={search_term_string}"},"query-input":{"@type":"PropertyValueSpecification","valueRequired":true,"valueName":"search_term_string"}}],"inLanguage":"en-US"},{"@type":"Organization","@id":"https:\/\/idakorea.ee\/#organization","name":"IDA.KOREA","url":"https:\/\/idakorea.ee\/","logo":{"@type":"ImageObject","inLanguage":"en-US","@id":"https:\/\/idakorea.ee\/#\/schema\/logo\/image\/","url":"https:\/\/idakorea.ee\/wp-content\/uploads\/2024\/05\/cropped-korea3.png","contentUrl":"https:\/\/idakorea.ee\/wp-content\/uploads\/2024\/05\/cropped-korea3.png","width":688,"height":126,"caption":"IDA.KOREA"},"image":{"@id":"https:\/\/idakorea.ee\/#\/schema\/logo\/image\/"},"sameAs":["https:\/\/www.instagram.com\/ida.korea\/"]}]}},"jetpack_sharing_enabled":true,"brands":[{"id":474,"name":"PYUNKANG YUL","slug":"pyunkang-yul"}],"_links":{"self":[{"href":"https:\/\/idakorea.ee\/en\/wp-json\/wp\/v2\/product\/16379","targetHints":{"allow":["GET"]}}],"collection":[{"href":"https:\/\/idakorea.ee\/en\/wp-json\/wp\/v2\/product"}],"about":[{"href":"https:\/\/idakorea.ee\/en\/wp-json\/wp\/v2\/types\/product"}],"replies":[{"embeddable":true,"href":"https:\/\/idakorea.ee\/en\/wp-json\/wp\/v2\/comments?post=16379"}],"version-history":[{"count":1,"href":"https:\/\/idakorea.ee\/en\/wp-json\/wp\/v2\/product\/16379\/revisions"}],"predecessor-version":[{"id":16385,"href":"https:\/\/idakorea.ee\/en\/wp-json\/wp\/v2\/product\/16379\/revisions\/16385"}],"wp:featuredmedia":[{"embeddable":true,"href":"https:\/\/idakorea.ee\/en\/wp-json\/wp\/v2\/media\/16382"}],"wp:attachment":[{"href":"https:\/\/idakorea.ee\/en\/wp-json\/wp\/v2\/media?parent=16379"}],"wp:term":[{"taxonomy":"pwb-brand","embeddable":true,"href":"https:\/\/idakorea.ee\/en\/wp-json\/wp\/v2\/pwb-brand?post=16379"},{"taxonomy":"product_brand","embeddable":true,"href":"https:\/\/idakorea.ee\/en\/wp-json\/wp\/v2\/product_brand?post=16379"},{"taxonomy":"product_cat","embeddable":true,"href":"https:\/\/idakorea.ee\/en\/wp-json\/wp\/v2\/product_cat?post=16379"},{"taxonomy":"product_tag","embeddable":true,"href":"https:\/\/idakorea.ee\/en\/wp-json\/wp\/v2\/product_tag?post=16379"}],"curies":[{"name":"wp","href":"https:\/\/api.w.org\/{rel}","templated":true}]}}