{"id":16446,"date":"2025-11-12T12:05:36","date_gmt":"2025-11-12T09:05:36","guid":{"rendered":"https:\/\/idakorea.ee\/?post_type=product&#038;p=16446"},"modified":"2026-05-06T13:49:25","modified_gmt":"2026-05-06T11:49:25","slug":"vt-cosmetics-pdrn-daily-mask","status":"publish","type":"product","link":"https:\/\/idakorea.ee\/en\/product\/vt-cosmetics-pdrn-daily-mask\/","title":{"rendered":"Set of sheet masks with PDRN for skin radiance VT Cosmetics PDRN Daily Mask, 30pcs"},"content":{"rendered":"<p data-start=\"0\" data-end=\"325\">Sheet mask set with PDRN for skin radiance <strong data-start=\"52\" data-end=\"84\">VT Cosmetics PDRN Daily Mask<\/strong> Deeply moisturizes and restores the skin&#039;s hydrolipidic balance, preventing dryness and flaking. Softens rough areas, smoothes texture, evens tone and eliminates dullness. Helps prevent wrinkles and slows down the aging process.<\/p>\n<p data-start=\"327\" data-end=\"532\">The main ingredient of the product is <strong data-start=\"351\" data-end=\"372\">Phyto PDRN\u00ae Panax<\/strong> \u2014 polynucleotide (PDRN), derived from ginseng root extract. It stimulates cell renewal, promotes healing, and maintains skin elasticity and density.<\/p>\n<p data-start=\"534\" data-end=\"759\">The mask is richly infused with essence, which helps retain moisture and strengthens the skin&#039;s protective barrier. Soothes irritation and reduces redness. The set is designed for 30 days of use and is suitable for daily care.<\/p>\n<p data-start=\"761\" data-end=\"783\"><strong data-start=\"761\" data-end=\"781\">Additional components:<\/strong><\/p>\n<ul data-start=\"784\" data-end=\"1617\">\n<li data-start=\"784\" data-end=\"957\">\n<p data-start=\"786\" data-end=\"957\"><strong data-start=\"786\" data-end=\"802\">5 ceramides<\/strong> restore the integrity of the stratum corneum, strengthen the natural protective barrier, reduce sensitivity to external irritants, and remove dryness and flaking.<\/p>\n<\/li>\n<li data-start=\"958\" data-end=\"1120\">\n<p data-start=\"960\" data-end=\"1120\"><strong data-start=\"960\" data-end=\"983\">Sodium hyaluronate<\/strong> \u2013 low-molecular hyaluronic acid that penetrates deep into the epidermis, intensely moisturizes and maintains the skin&#039;s smoothness and elasticity.<\/p>\n<\/li>\n<li data-start=\"1121\" data-end=\"1268\">\n<p data-start=\"1123\" data-end=\"1268\"><strong data-start=\"1123\" data-end=\"1150\">Panthenol (vitamin B5)<\/strong> relieves redness and itching, strengthens the hydrolipidic barrier, prevents moisture loss and supports recovery.<\/p>\n<\/li>\n<li data-start=\"1269\" data-end=\"1377\">\n<p data-start=\"1271\" data-end=\"1377\"><strong data-start=\"1271\" data-end=\"1283\">Skvala<\/strong> eliminates dryness, prevents dehydration, intensely moisturizes and does not leave a greasy layer.<\/p>\n<\/li>\n<li data-start=\"1378\" data-end=\"1485\">\n<p data-start=\"1380\" data-end=\"1485\"><strong data-start=\"1380\" data-end=\"1407\">Tocopherol (vitamin E)<\/strong> maintains optimal moisture balance, evens out complexion and gives skin a glow.<\/p>\n<\/li>\n<li data-start=\"1486\" data-end=\"1617\">\n<p data-start=\"1488\" data-end=\"1617\"><strong data-start=\"1488\" data-end=\"1532\">Lipids (cholesterol and phytosphingosine)<\/strong> strengthen the skin&#039;s barrier functions, support moisture levels and prevent dryness.<\/p>\n<\/li>\n<\/ul>\n<p data-start=\"1619\" data-end=\"1651\">Suitable for all skin types.<\/p>\n<p data-start=\"1653\" data-end=\"1856\" data-is-last-node=\"\" data-is-only-node=\"\"><strong data-start=\"1653\" data-end=\"1668\">Usage:<\/strong> After cleansing, toning and serum, apply the mask to your face and smooth evenly. Remove after 10\u201320 minutes, allowing any remaining essence to absorb. If necessary, finish with a cream.<\/p>","protected":false},"excerpt":{"rendered":"<p>Set of sheet masks with PDRN for skin radiance VT Cosmetics PDRN Daily Mask deeply moisturizes and restores the skin&#039;s hydrolipidic balance, preventing dryness and flaking. Softens rough areas, smoothes texture, evens tone and eliminates dullness. Helps prevent wrinkles and slows down aging processes. The main ingredient of the product is Phyto PDRN\u00ae Panax \u2014 polynucleotide (PDRN), which is obtained from ginseng root extract. It\u2026<\/p>","protected":false},"featured_media":16447,"comment_status":"open","ping_status":"closed","template":"","meta":{"_uf_show_specific_survey":0,"_uf_disable_surveys":false,"_bst_post_transparent":"default","_bst_post_title":"","_bst_post_layout":"default","_bst_post_sidebar_id":"","_bst_post_content_style":"default","_bst_post_vertical_padding":"default","_bst_post_feature":"","_bst_post_feature_position":"","_bst_post_header":false,"_bst_post_footer":false},"pwb-brand":[493],"product_brand":[],"product_cat":[92,98],"product_tag":[567,568,614,789,462],"class_list":{"0":"post-16446","1":"product","2":"type-product","3":"status-publish","4":"has-post-thumbnail","6":"pwb-brand-vt","7":"product_cat-nagu","8":"product_cat-naomaskid","9":"product_tag-glow","10":"product_tag-korea","11":"product_tag-mask","12":"product_tag-pdrn","13":"product_tag-vt","15":"first","16":"outofstock","17":"sale","18":"shipping-taxable","19":"purchasable","20":"product-type-simple","21":"entry","22":"content-bg","23":"loop-entry"},"supplier_id":null,"supplier_sku":"","barcode":null,"atum_controlled":true,"out_stock_date":"2026-05-06 13:49:26","out_stock_threshold":null,"inheritable":false,"inbound_stock":0,"stock_on_hold":0,"sold_today":0,"sales_last_days":3,"out_stock_days":3,"lost_sales":10,"has_location":false,"update_date":"2026-05-10T00:17:56","atum_locations":[],"atum_stock_status":"outofstock","restock_status":false,"low_stock_amount":"","sales_update_date":"2026-05-10T00:17:56","calc_backorders":null,"yoast_head":"<!-- This site is optimized with the Yoast SEO plugin v27.2 - https:\/\/yoast.com\/product\/yoast-seo-wordpress\/ -->\n<title>VT Cosmetics PDRN Daily Mask - IDA.KOREA<\/title>\n<meta name=\"description\" content=\"VT Cosmetics PDRN Daily Mask kangasmaskide komplekt taastab naha elastsuse ja s\u00e4ra, niisutab s\u00fcgavalt ning tugevdab kaitsebarj\u00e4\u00e4ri. - Kiire tarne!\" \/>\n<meta name=\"robots\" content=\"index, follow, max-snippet:-1, max-image-preview:large, max-video-preview:-1\" \/>\n<link rel=\"canonical\" href=\"https:\/\/idakorea.ee\/en\/product\/vt-cosmetics-pdrn-daily-mask\/\" \/>\n<meta property=\"og:locale\" content=\"en_US\" \/>\n<meta property=\"og:type\" content=\"article\" \/>\n<meta property=\"og:title\" content=\"VT Cosmetics PDRN Daily Mask - IDA.KOREA\" \/>\n<meta property=\"og:description\" content=\"VT Cosmetics PDRN Daily Mask kangasmaskide komplekt taastab naha elastsuse ja s\u00e4ra, niisutab s\u00fcgavalt ning tugevdab kaitsebarj\u00e4\u00e4ri. - Kiire tarne!\" \/>\n<meta property=\"og:url\" content=\"https:\/\/idakorea.ee\/en\/product\/vt-cosmetics-pdrn-daily-mask\/\" \/>\n<meta property=\"og:site_name\" content=\"IDA.KOREA\" \/>\n<meta property=\"article:modified_time\" content=\"2026-05-06T11:49:25+00:00\" \/>\n<meta property=\"og:image\" content=\"https:\/\/idakorea.ee\/wp-content\/uploads\/2025\/11\/vt-pdrn-daily-mask-sheet-idakorea.webp\" \/>\n\t<meta property=\"og:image:width\" content=\"640\" \/>\n\t<meta property=\"og:image:height\" content=\"640\" \/>\n\t<meta property=\"og:image:type\" content=\"image\/webp\" \/>\n<meta name=\"twitter:card\" content=\"summary_large_image\" \/>\n<meta name=\"twitter:label1\" content=\"Est. reading time\" \/>\n\t<meta name=\"twitter:data1\" content=\"2 minutes\" \/>\n<script type=\"application\/ld+json\" class=\"yoast-schema-graph\">{\"@context\":\"https:\/\/schema.org\",\"@graph\":[{\"@type\":\"WebPage\",\"@id\":\"https:\/\/idakorea.ee\/product\/vt-cosmetics-pdrn-daily-mask\/\",\"url\":\"https:\/\/idakorea.ee\/product\/vt-cosmetics-pdrn-daily-mask\/\",\"name\":\"VT Cosmetics PDRN Daily Mask - IDA.KOREA\",\"isPartOf\":{\"@id\":\"https:\/\/idakorea.ee\/#website\"},\"primaryImageOfPage\":{\"@id\":\"https:\/\/idakorea.ee\/product\/vt-cosmetics-pdrn-daily-mask\/#primaryimage\"},\"image\":{\"@id\":\"https:\/\/idakorea.ee\/product\/vt-cosmetics-pdrn-daily-mask\/#primaryimage\"},\"thumbnailUrl\":\"https:\/\/idakorea.ee\/wp-content\/uploads\/2025\/11\/vt-pdrn-daily-mask-sheet-idakorea.webp\",\"datePublished\":\"2025-11-12T09:05:36+00:00\",\"dateModified\":\"2026-05-06T11:49:25+00:00\",\"description\":\"VT Cosmetics PDRN Daily Mask kangasmaskide komplekt taastab naha elastsuse ja s\u00e4ra, niisutab s\u00fcgavalt ning tugevdab kaitsebarj\u00e4\u00e4ri. - Kiire tarne!\",\"breadcrumb\":{\"@id\":\"https:\/\/idakorea.ee\/product\/vt-cosmetics-pdrn-daily-mask\/#breadcrumb\"},\"inLanguage\":\"en-US\",\"potentialAction\":[{\"@type\":\"ReadAction\",\"target\":[\"https:\/\/idakorea.ee\/product\/vt-cosmetics-pdrn-daily-mask\/\"]}]},{\"@type\":\"ImageObject\",\"inLanguage\":\"en-US\",\"@id\":\"https:\/\/idakorea.ee\/product\/vt-cosmetics-pdrn-daily-mask\/#primaryimage\",\"url\":\"https:\/\/idakorea.ee\/wp-content\/uploads\/2025\/11\/vt-pdrn-daily-mask-sheet-idakorea.webp\",\"contentUrl\":\"https:\/\/idakorea.ee\/wp-content\/uploads\/2025\/11\/vt-pdrn-daily-mask-sheet-idakorea.webp\",\"width\":640,\"height\":640},{\"@type\":\"BreadcrumbList\",\"@id\":\"https:\/\/idakorea.ee\/product\/vt-cosmetics-pdrn-daily-mask\/#breadcrumb\",\"itemListElement\":[{\"@type\":\"ListItem\",\"position\":1,\"name\":\"\u0413\u043b\u0430\u0432\u043d\u0430\u044f \u0441\u0442\u0440\u0430\u043d\u0438\u0446\u0430\",\"item\":\"https:\/\/idakorea.ee\/\"},{\"@type\":\"ListItem\",\"position\":2,\"name\":\"Shop\",\"item\":\"https:\/\/idakorea.ee\/shop-2\/\"},{\"@type\":\"ListItem\",\"position\":3,\"name\":\"Kangasmaskide komplekt PDRN-iga naha s\u00e4ravuse jaoks VT Cosmetics PDRN Daily Mask, 30tk\"}]},{\"@type\":\"WebSite\",\"@id\":\"https:\/\/idakorea.ee\/#website\",\"url\":\"https:\/\/idakorea.ee\/\",\"name\":\"IDA.KOREA\",\"description\":\"Korea kosmeetika e-pood\",\"publisher\":{\"@id\":\"https:\/\/idakorea.ee\/#organization\"},\"alternateName\":\"Beauty Shop\",\"potentialAction\":[{\"@type\":\"SearchAction\",\"target\":{\"@type\":\"EntryPoint\",\"urlTemplate\":\"https:\/\/idakorea.ee\/?s={search_term_string}\"},\"query-input\":{\"@type\":\"PropertyValueSpecification\",\"valueRequired\":true,\"valueName\":\"search_term_string\"}}],\"inLanguage\":\"en-US\"},{\"@type\":\"Organization\",\"@id\":\"https:\/\/idakorea.ee\/#organization\",\"name\":\"IDA.KOREA\",\"url\":\"https:\/\/idakorea.ee\/\",\"logo\":{\"@type\":\"ImageObject\",\"inLanguage\":\"en-US\",\"@id\":\"https:\/\/idakorea.ee\/#\/schema\/logo\/image\/\",\"url\":\"https:\/\/idakorea.ee\/wp-content\/uploads\/2024\/05\/cropped-korea3.png\",\"contentUrl\":\"https:\/\/idakorea.ee\/wp-content\/uploads\/2024\/05\/cropped-korea3.png\",\"width\":688,\"height\":126,\"caption\":\"IDA.KOREA\"},\"image\":{\"@id\":\"https:\/\/idakorea.ee\/#\/schema\/logo\/image\/\"},\"sameAs\":[\"https:\/\/www.instagram.com\/ida.korea\/\"]}]}<\/script>\n<!-- \/ Yoast SEO plugin. -->","yoast_head_json":{"title":"VT Cosmetics PDRN Daily Mask - IDA.KOREA","description":"VT Cosmetics PDRN Daily Mask sheet mask set restores skin elasticity and radiance, deeply moisturizes and strengthens the protective barrier. - Fast delivery!","robots":{"index":"index","follow":"follow","max-snippet":"max-snippet:-1","max-image-preview":"max-image-preview:large","max-video-preview":"max-video-preview:-1"},"canonical":"https:\/\/idakorea.ee\/en\/product\/vt-cosmetics-pdrn-daily-mask\/","og_locale":"en_US","og_type":"article","og_title":"VT Cosmetics PDRN Daily Mask - IDA.KOREA","og_description":"VT Cosmetics PDRN Daily Mask kangasmaskide komplekt taastab naha elastsuse ja s\u00e4ra, niisutab s\u00fcgavalt ning tugevdab kaitsebarj\u00e4\u00e4ri. - Kiire tarne!","og_url":"https:\/\/idakorea.ee\/en\/product\/vt-cosmetics-pdrn-daily-mask\/","og_site_name":"IDA.KOREA","article_modified_time":"2026-05-06T11:49:25+00:00","og_image":[{"width":640,"height":640,"url":"https:\/\/idakorea.ee\/wp-content\/uploads\/2025\/11\/vt-pdrn-daily-mask-sheet-idakorea.webp","type":"image\/webp"}],"twitter_card":"summary_large_image","twitter_misc":{"Est. reading time":"2 minutes"},"schema":{"@context":"https:\/\/schema.org","@graph":[{"@type":"WebPage","@id":"https:\/\/idakorea.ee\/product\/vt-cosmetics-pdrn-daily-mask\/","url":"https:\/\/idakorea.ee\/product\/vt-cosmetics-pdrn-daily-mask\/","name":"VT Cosmetics PDRN Daily Mask - IDA.KOREA","isPartOf":{"@id":"https:\/\/idakorea.ee\/#website"},"primaryImageOfPage":{"@id":"https:\/\/idakorea.ee\/product\/vt-cosmetics-pdrn-daily-mask\/#primaryimage"},"image":{"@id":"https:\/\/idakorea.ee\/product\/vt-cosmetics-pdrn-daily-mask\/#primaryimage"},"thumbnailUrl":"https:\/\/idakorea.ee\/wp-content\/uploads\/2025\/11\/vt-pdrn-daily-mask-sheet-idakorea.webp","datePublished":"2025-11-12T09:05:36+00:00","dateModified":"2026-05-06T11:49:25+00:00","description":"VT Cosmetics PDRN Daily Mask sheet mask set restores skin elasticity and radiance, deeply moisturizes and strengthens the protective barrier. - Fast delivery!","breadcrumb":{"@id":"https:\/\/idakorea.ee\/product\/vt-cosmetics-pdrn-daily-mask\/#breadcrumb"},"inLanguage":"en-US","potentialAction":[{"@type":"ReadAction","target":["https:\/\/idakorea.ee\/product\/vt-cosmetics-pdrn-daily-mask\/"]}]},{"@type":"ImageObject","inLanguage":"en-US","@id":"https:\/\/idakorea.ee\/product\/vt-cosmetics-pdrn-daily-mask\/#primaryimage","url":"https:\/\/idakorea.ee\/wp-content\/uploads\/2025\/11\/vt-pdrn-daily-mask-sheet-idakorea.webp","contentUrl":"https:\/\/idakorea.ee\/wp-content\/uploads\/2025\/11\/vt-pdrn-daily-mask-sheet-idakorea.webp","width":640,"height":640},{"@type":"BreadcrumbList","@id":"https:\/\/idakorea.ee\/product\/vt-cosmetics-pdrn-daily-mask\/#breadcrumb","itemListElement":[{"@type":"ListItem","position":1,"name":"\u0413\u043b\u0430\u0432\u043d\u0430\u044f \u0441\u0442\u0440\u0430\u043d\u0438\u0446\u0430","item":"https:\/\/idakorea.ee\/"},{"@type":"ListItem","position":2,"name":"Shop","item":"https:\/\/idakorea.ee\/shop-2\/"},{"@type":"ListItem","position":3,"name":"Kangasmaskide komplekt PDRN-iga naha s\u00e4ravuse jaoks VT Cosmetics PDRN Daily Mask, 30tk"}]},{"@type":"WebSite","@id":"https:\/\/idakorea.ee\/#website","url":"https:\/\/idakorea.ee\/","name":"IDA.KOREA","description":"Korean cosmetics e-shop","publisher":{"@id":"https:\/\/idakorea.ee\/#organization"},"alternateName":"Beauty Shop","potentialAction":[{"@type":"SearchAction","target":{"@type":"EntryPoint","urlTemplate":"https:\/\/idakorea.ee\/?s={search_term_string}"},"query-input":{"@type":"PropertyValueSpecification","valueRequired":true,"valueName":"search_term_string"}}],"inLanguage":"en-US"},{"@type":"Organization","@id":"https:\/\/idakorea.ee\/#organization","name":"IDA.KOREA","url":"https:\/\/idakorea.ee\/","logo":{"@type":"ImageObject","inLanguage":"en-US","@id":"https:\/\/idakorea.ee\/#\/schema\/logo\/image\/","url":"https:\/\/idakorea.ee\/wp-content\/uploads\/2024\/05\/cropped-korea3.png","contentUrl":"https:\/\/idakorea.ee\/wp-content\/uploads\/2024\/05\/cropped-korea3.png","width":688,"height":126,"caption":"IDA.KOREA"},"image":{"@id":"https:\/\/idakorea.ee\/#\/schema\/logo\/image\/"},"sameAs":["https:\/\/www.instagram.com\/ida.korea\/"]}]}},"jetpack_sharing_enabled":true,"brands":[{"id":493,"name":"VT COSMETICS","slug":"vt"}],"_links":{"self":[{"href":"https:\/\/idakorea.ee\/en\/wp-json\/wp\/v2\/product\/16446","targetHints":{"allow":["GET"]}}],"collection":[{"href":"https:\/\/idakorea.ee\/en\/wp-json\/wp\/v2\/product"}],"about":[{"href":"https:\/\/idakorea.ee\/en\/wp-json\/wp\/v2\/types\/product"}],"replies":[{"embeddable":true,"href":"https:\/\/idakorea.ee\/en\/wp-json\/wp\/v2\/comments?post=16446"}],"version-history":[{"count":1,"href":"https:\/\/idakorea.ee\/en\/wp-json\/wp\/v2\/product\/16446\/revisions"}],"predecessor-version":[{"id":16450,"href":"https:\/\/idakorea.ee\/en\/wp-json\/wp\/v2\/product\/16446\/revisions\/16450"}],"wp:featuredmedia":[{"embeddable":true,"href":"https:\/\/idakorea.ee\/en\/wp-json\/wp\/v2\/media\/16447"}],"wp:attachment":[{"href":"https:\/\/idakorea.ee\/en\/wp-json\/wp\/v2\/media?parent=16446"}],"wp:term":[{"taxonomy":"pwb-brand","embeddable":true,"href":"https:\/\/idakorea.ee\/en\/wp-json\/wp\/v2\/pwb-brand?post=16446"},{"taxonomy":"product_brand","embeddable":true,"href":"https:\/\/idakorea.ee\/en\/wp-json\/wp\/v2\/product_brand?post=16446"},{"taxonomy":"product_cat","embeddable":true,"href":"https:\/\/idakorea.ee\/en\/wp-json\/wp\/v2\/product_cat?post=16446"},{"taxonomy":"product_tag","embeddable":true,"href":"https:\/\/idakorea.ee\/en\/wp-json\/wp\/v2\/product_tag?post=16446"}],"curies":[{"name":"wp","href":"https:\/\/api.w.org\/{rel}","templated":true}]}}