{"id":16509,"date":"2025-11-17T11:50:18","date_gmt":"2025-11-17T08:50:18","guid":{"rendered":"https:\/\/idakorea.ee\/?post_type=product&#038;p=16509"},"modified":"2026-04-11T16:13:41","modified_gmt":"2026-04-11T14:13:41","slug":"medicube-txa-niacinamide-capsule-cream-55g","status":"publish","type":"product","link":"https:\/\/idakorea.ee\/en\/product\/medicube-txa-niacinamide-capsule-cream-55g\/","title":{"rendered":"Medicube TXA Niacinamide Capsule Cream, 55g"},"content":{"rendered":"<p>Cream <strong>Medicube TXA Niacinamide Capsule Cream<\/strong> helps prevent pigmentation and gently lightens existing pigment spots, evens out complexion and gives skin a glow.<\/p>\n<p>The product softens, smoothes the skin&#039;s relief, helps to tighten pores and balances sebum secretion. Moisturizes, provides antioxidant protection.<\/p>\n<p>The unusual texture combines gel and cream capsules, allowing you to adjust the consistency as needed. Especially suitable for combination skin: the gel can be used in the T-zone and the cream capsules in the U-zone.<\/p>\n<p><strong>Key components:<\/strong><\/p>\n<ul>\n<li><strong>5% Niacinamide (Vitamin B3)<\/strong> \u2013 a universal and effective brightening ingredient. Regulates sebum secretion, helps tighten pores, evens out complexion, reduces the visibility of post-acne and reduces the risk of hyperpigmentation.<\/li>\n<li><strong>Tranexamic acid<\/strong> \u2013 inhibits melanin synthesis, prevents the formation of age spots, brightens and evens out skin tone.<\/li>\n<li><strong>Vitamin C (3-O-Ethyl Ascorbic Acid)<\/strong> in a stable form \u2013 a strong antioxidant, brightens, promotes collagen synthesis and improves the skin&#039;s protective function.<\/li>\n<li><strong>To the Alpha Arbyte<\/strong> \u2013 reduces melanin production, lightens unwanted pigmentation, soothes and helps bring more radiance to the skin.<\/li>\n<li><strong>Glutathione<\/strong> \u2013 brightening effect, reduces redness, evens out complexion and regulates melanin production.<\/li>\n<li><strong>Cyanocobalamin (vitamin B12)<\/strong> \u2013 moisturizes, soothes, reduces inflammation, strengthens capillaries and supports acne treatment.<\/li>\n<li><strong>8 types of hyaluronic acid<\/strong> \u2013 moisturize both the surface layer and deeper layers of the skin, support pH balance, create an invisible moisture barrier, and improve elasticity.<\/li>\n<\/ul>\n<p>Suitable for all skin types.<\/p>\n<p><strong>Usage:<\/strong><br \/>\nApply to skin after cleansing, toning and serum application. Mix capsule and clear gel in appropriate ratio according to skin needs. Add more gel for a lighter texture, use two capsules for a creamier result.<\/p>","protected":false},"excerpt":{"rendered":"<p>Medicube TXA Niacinamide Capsule Cream helps prevent pigmentation and gently lightens existing pigment spots, evens out complexion and gives skin radiance. The product softens, smoothes skin texture, helps tighten pores and balances sebum secretion. Moisturizes, provides antioxidant protection. The unusual texture combines gel and cream capsules, allowing you to adjust the consistency as needed. Especially suitable for combination skin: gel\u2026<\/p>","protected":false},"featured_media":16510,"comment_status":"open","ping_status":"closed","template":"","meta":{"_uf_show_specific_survey":0,"_uf_disable_surveys":false,"_bst_post_transparent":"default","_bst_post_title":"","_bst_post_layout":"default","_bst_post_sidebar_id":"","_bst_post_content_style":"default","_bst_post_vertical_padding":"default","_bst_post_feature":"","_bst_post_feature_position":"","_bst_post_header":false,"_bst_post_footer":false},"pwb-brand":[490],"product_brand":[],"product_cat":[92,96],"product_tag":[1020,721,942],"class_list":{"0":"post-16509","1":"product","2":"type-product","3":"status-publish","4":"has-post-thumbnail","6":"pwb-brand-medicube","7":"product_cat-nagu","8":"product_cat-naokreemid","9":"product_tag-capsule-korea","10":"product_tag-medicube","11":"product_tag-txa","13":"first","14":"instock","15":"sale","16":"shipping-taxable","17":"purchasable","18":"product-type-simple","19":"entry","20":"content-bg","21":"loop-entry"},"supplier_id":null,"supplier_sku":"","barcode":null,"atum_controlled":true,"out_stock_date":null,"out_stock_threshold":null,"inheritable":false,"inbound_stock":0,"stock_on_hold":0,"sold_today":0,"sales_last_days":1,"out_stock_days":0,"lost_sales":0,"has_location":false,"update_date":"2026-04-14T00:05:14","atum_locations":[],"atum_stock_status":"instock","restock_status":false,"low_stock_amount":"","sales_update_date":"2026-04-14T00:05:14","calc_backorders":null,"yoast_head":"<!-- This site is optimized with the Yoast SEO plugin v27.2 - https:\/\/yoast.com\/product\/yoast-seo-wordpress\/ -->\n<title>Medicube TXA Niacinamide Capsule Cream, 55g - IDA.KOREA<\/title>\n<meta name=\"description\" content=\"Kapselkreem v\u00e4hendab pigmentatsiooni, \u00fchtlustab jumet. Sisaldab 5% niatsiinamiidi, traneksaamhapet, C-vitamiini ja 8 t\u00fc\u00fcpi h\u00fcaluroonhapet. Made in Korea.\" \/>\n<meta name=\"robots\" content=\"index, follow, max-snippet:-1, max-image-preview:large, max-video-preview:-1\" \/>\n<link rel=\"canonical\" href=\"https:\/\/idakorea.ee\/en\/product\/medicube-txa-niacinamide-capsule-cream-55g\/\" \/>\n<meta property=\"og:locale\" content=\"en_US\" \/>\n<meta property=\"og:type\" content=\"article\" \/>\n<meta property=\"og:title\" content=\"Medicube TXA Niacinamide Capsule Cream, 55g - IDA.KOREA\" \/>\n<meta property=\"og:description\" content=\"Kapselkreem v\u00e4hendab pigmentatsiooni, \u00fchtlustab jumet. Sisaldab 5% niatsiinamiidi, traneksaamhapet, C-vitamiini ja 8 t\u00fc\u00fcpi h\u00fcaluroonhapet. Made in Korea.\" \/>\n<meta property=\"og:url\" content=\"https:\/\/idakorea.ee\/en\/product\/medicube-txa-niacinamide-capsule-cream-55g\/\" \/>\n<meta property=\"og:site_name\" content=\"IDA.KOREA\" \/>\n<meta property=\"article:modified_time\" content=\"2026-04-11T14:13:41+00:00\" \/>\n<meta property=\"og:image\" content=\"https:\/\/idakorea.ee\/wp-content\/uploads\/2025\/11\/medicube-TXA-Niacinamaide-Capsule-Cream-idakorea.jpg\" \/>\n\t<meta property=\"og:image:width\" content=\"1000\" \/>\n\t<meta property=\"og:image:height\" content=\"1000\" \/>\n\t<meta property=\"og:image:type\" content=\"image\/jpeg\" \/>\n<meta name=\"twitter:card\" content=\"summary_large_image\" \/>\n<meta name=\"twitter:label1\" content=\"Est. reading time\" \/>\n\t<meta name=\"twitter:data1\" content=\"2 minutes\" \/>\n<script type=\"application\/ld+json\" class=\"yoast-schema-graph\">{\"@context\":\"https:\/\/schema.org\",\"@graph\":[{\"@type\":\"WebPage\",\"@id\":\"https:\/\/idakorea.ee\/product\/medicube-txa-niacinamide-capsule-cream-55g\/\",\"url\":\"https:\/\/idakorea.ee\/product\/medicube-txa-niacinamide-capsule-cream-55g\/\",\"name\":\"Medicube TXA Niacinamide Capsule Cream, 55g - IDA.KOREA\",\"isPartOf\":{\"@id\":\"https:\/\/idakorea.ee\/#website\"},\"primaryImageOfPage\":{\"@id\":\"https:\/\/idakorea.ee\/product\/medicube-txa-niacinamide-capsule-cream-55g\/#primaryimage\"},\"image\":{\"@id\":\"https:\/\/idakorea.ee\/product\/medicube-txa-niacinamide-capsule-cream-55g\/#primaryimage\"},\"thumbnailUrl\":\"https:\/\/idakorea.ee\/wp-content\/uploads\/2025\/11\/medicube-TXA-Niacinamaide-Capsule-Cream-idakorea.jpg\",\"datePublished\":\"2025-11-17T08:50:18+00:00\",\"dateModified\":\"2026-04-11T14:13:41+00:00\",\"description\":\"Kapselkreem v\u00e4hendab pigmentatsiooni, \u00fchtlustab jumet. Sisaldab 5% niatsiinamiidi, traneksaamhapet, C-vitamiini ja 8 t\u00fc\u00fcpi h\u00fcaluroonhapet. Made in Korea.\",\"breadcrumb\":{\"@id\":\"https:\/\/idakorea.ee\/product\/medicube-txa-niacinamide-capsule-cream-55g\/#breadcrumb\"},\"inLanguage\":\"en-US\",\"potentialAction\":[{\"@type\":\"ReadAction\",\"target\":[\"https:\/\/idakorea.ee\/product\/medicube-txa-niacinamide-capsule-cream-55g\/\"]}]},{\"@type\":\"ImageObject\",\"inLanguage\":\"en-US\",\"@id\":\"https:\/\/idakorea.ee\/product\/medicube-txa-niacinamide-capsule-cream-55g\/#primaryimage\",\"url\":\"https:\/\/idakorea.ee\/wp-content\/uploads\/2025\/11\/medicube-TXA-Niacinamaide-Capsule-Cream-idakorea.jpg\",\"contentUrl\":\"https:\/\/idakorea.ee\/wp-content\/uploads\/2025\/11\/medicube-TXA-Niacinamaide-Capsule-Cream-idakorea.jpg\",\"width\":1000,\"height\":1000},{\"@type\":\"BreadcrumbList\",\"@id\":\"https:\/\/idakorea.ee\/product\/medicube-txa-niacinamide-capsule-cream-55g\/#breadcrumb\",\"itemListElement\":[{\"@type\":\"ListItem\",\"position\":1,\"name\":\"\u0413\u043b\u0430\u0432\u043d\u0430\u044f \u0441\u0442\u0440\u0430\u043d\u0438\u0446\u0430\",\"item\":\"https:\/\/idakorea.ee\/\"},{\"@type\":\"ListItem\",\"position\":2,\"name\":\"Shop\",\"item\":\"https:\/\/idakorea.ee\/shop-2\/\"},{\"@type\":\"ListItem\",\"position\":3,\"name\":\"Kapselkreem 5% niatsiinamiidiga Medicube TXA Niacinamide Capsule Cream, 55g\"}]},{\"@type\":\"WebSite\",\"@id\":\"https:\/\/idakorea.ee\/#website\",\"url\":\"https:\/\/idakorea.ee\/\",\"name\":\"IDA.KOREA\",\"description\":\"Korea kosmeetika e-pood\",\"publisher\":{\"@id\":\"https:\/\/idakorea.ee\/#organization\"},\"alternateName\":\"Beauty Shop\",\"potentialAction\":[{\"@type\":\"SearchAction\",\"target\":{\"@type\":\"EntryPoint\",\"urlTemplate\":\"https:\/\/idakorea.ee\/?s={search_term_string}\"},\"query-input\":{\"@type\":\"PropertyValueSpecification\",\"valueRequired\":true,\"valueName\":\"search_term_string\"}}],\"inLanguage\":\"en-US\"},{\"@type\":\"Organization\",\"@id\":\"https:\/\/idakorea.ee\/#organization\",\"name\":\"IDA.KOREA\",\"url\":\"https:\/\/idakorea.ee\/\",\"logo\":{\"@type\":\"ImageObject\",\"inLanguage\":\"en-US\",\"@id\":\"https:\/\/idakorea.ee\/#\/schema\/logo\/image\/\",\"url\":\"https:\/\/idakorea.ee\/wp-content\/uploads\/2024\/05\/cropped-korea3.png\",\"contentUrl\":\"https:\/\/idakorea.ee\/wp-content\/uploads\/2024\/05\/cropped-korea3.png\",\"width\":688,\"height\":126,\"caption\":\"IDA.KOREA\"},\"image\":{\"@id\":\"https:\/\/idakorea.ee\/#\/schema\/logo\/image\/\"},\"sameAs\":[\"https:\/\/www.instagram.com\/ida.korea\/\"]}]}<\/script>\n<!-- \/ Yoast SEO plugin. -->","yoast_head_json":{"title":"Medicube TXA Niacinamide Capsule Cream, 55g - IDA.KOREA","description":"Capsule cream reduces pigmentation, evens out complexion. Contains 5% niacinamide, tranexamic acid, vitamin C and 8 types of hyaluronic acid. Made in Korea.","robots":{"index":"index","follow":"follow","max-snippet":"max-snippet:-1","max-image-preview":"max-image-preview:large","max-video-preview":"max-video-preview:-1"},"canonical":"https:\/\/idakorea.ee\/en\/product\/medicube-txa-niacinamide-capsule-cream-55g\/","og_locale":"en_US","og_type":"article","og_title":"Medicube TXA Niacinamide Capsule Cream, 55g - IDA.KOREA","og_description":"Kapselkreem v\u00e4hendab pigmentatsiooni, \u00fchtlustab jumet. Sisaldab 5% niatsiinamiidi, traneksaamhapet, C-vitamiini ja 8 t\u00fc\u00fcpi h\u00fcaluroonhapet. Made in Korea.","og_url":"https:\/\/idakorea.ee\/en\/product\/medicube-txa-niacinamide-capsule-cream-55g\/","og_site_name":"IDA.KOREA","article_modified_time":"2026-04-11T14:13:41+00:00","og_image":[{"width":1000,"height":1000,"url":"https:\/\/idakorea.ee\/wp-content\/uploads\/2025\/11\/medicube-TXA-Niacinamaide-Capsule-Cream-idakorea.jpg","type":"image\/jpeg"}],"twitter_card":"summary_large_image","twitter_misc":{"Est. reading time":"2 minutes"},"schema":{"@context":"https:\/\/schema.org","@graph":[{"@type":"WebPage","@id":"https:\/\/idakorea.ee\/product\/medicube-txa-niacinamide-capsule-cream-55g\/","url":"https:\/\/idakorea.ee\/product\/medicube-txa-niacinamide-capsule-cream-55g\/","name":"Medicube TXA Niacinamide Capsule Cream, 55g - IDA.KOREA","isPartOf":{"@id":"https:\/\/idakorea.ee\/#website"},"primaryImageOfPage":{"@id":"https:\/\/idakorea.ee\/product\/medicube-txa-niacinamide-capsule-cream-55g\/#primaryimage"},"image":{"@id":"https:\/\/idakorea.ee\/product\/medicube-txa-niacinamide-capsule-cream-55g\/#primaryimage"},"thumbnailUrl":"https:\/\/idakorea.ee\/wp-content\/uploads\/2025\/11\/medicube-TXA-Niacinamaide-Capsule-Cream-idakorea.jpg","datePublished":"2025-11-17T08:50:18+00:00","dateModified":"2026-04-11T14:13:41+00:00","description":"Capsule cream reduces pigmentation, evens out complexion. Contains 5% niacinamide, tranexamic acid, vitamin C and 8 types of hyaluronic acid. Made in Korea.","breadcrumb":{"@id":"https:\/\/idakorea.ee\/product\/medicube-txa-niacinamide-capsule-cream-55g\/#breadcrumb"},"inLanguage":"en-US","potentialAction":[{"@type":"ReadAction","target":["https:\/\/idakorea.ee\/product\/medicube-txa-niacinamide-capsule-cream-55g\/"]}]},{"@type":"ImageObject","inLanguage":"en-US","@id":"https:\/\/idakorea.ee\/product\/medicube-txa-niacinamide-capsule-cream-55g\/#primaryimage","url":"https:\/\/idakorea.ee\/wp-content\/uploads\/2025\/11\/medicube-TXA-Niacinamaide-Capsule-Cream-idakorea.jpg","contentUrl":"https:\/\/idakorea.ee\/wp-content\/uploads\/2025\/11\/medicube-TXA-Niacinamaide-Capsule-Cream-idakorea.jpg","width":1000,"height":1000},{"@type":"BreadcrumbList","@id":"https:\/\/idakorea.ee\/product\/medicube-txa-niacinamide-capsule-cream-55g\/#breadcrumb","itemListElement":[{"@type":"ListItem","position":1,"name":"\u0413\u043b\u0430\u0432\u043d\u0430\u044f \u0441\u0442\u0440\u0430\u043d\u0438\u0446\u0430","item":"https:\/\/idakorea.ee\/"},{"@type":"ListItem","position":2,"name":"Shop","item":"https:\/\/idakorea.ee\/shop-2\/"},{"@type":"ListItem","position":3,"name":"Kapselkreem 5% niatsiinamiidiga Medicube TXA Niacinamide Capsule Cream, 55g"}]},{"@type":"WebSite","@id":"https:\/\/idakorea.ee\/#website","url":"https:\/\/idakorea.ee\/","name":"IDA.KOREA","description":"Korean cosmetics e-shop","publisher":{"@id":"https:\/\/idakorea.ee\/#organization"},"alternateName":"Beauty Shop","potentialAction":[{"@type":"SearchAction","target":{"@type":"EntryPoint","urlTemplate":"https:\/\/idakorea.ee\/?s={search_term_string}"},"query-input":{"@type":"PropertyValueSpecification","valueRequired":true,"valueName":"search_term_string"}}],"inLanguage":"en-US"},{"@type":"Organization","@id":"https:\/\/idakorea.ee\/#organization","name":"IDA.KOREA","url":"https:\/\/idakorea.ee\/","logo":{"@type":"ImageObject","inLanguage":"en-US","@id":"https:\/\/idakorea.ee\/#\/schema\/logo\/image\/","url":"https:\/\/idakorea.ee\/wp-content\/uploads\/2024\/05\/cropped-korea3.png","contentUrl":"https:\/\/idakorea.ee\/wp-content\/uploads\/2024\/05\/cropped-korea3.png","width":688,"height":126,"caption":"IDA.KOREA"},"image":{"@id":"https:\/\/idakorea.ee\/#\/schema\/logo\/image\/"},"sameAs":["https:\/\/www.instagram.com\/ida.korea\/"]}]}},"jetpack_sharing_enabled":true,"brands":[{"id":490,"name":"MEDICUBE","slug":"medicube"}],"_links":{"self":[{"href":"https:\/\/idakorea.ee\/en\/wp-json\/wp\/v2\/product\/16509","targetHints":{"allow":["GET"]}}],"collection":[{"href":"https:\/\/idakorea.ee\/en\/wp-json\/wp\/v2\/product"}],"about":[{"href":"https:\/\/idakorea.ee\/en\/wp-json\/wp\/v2\/types\/product"}],"replies":[{"embeddable":true,"href":"https:\/\/idakorea.ee\/en\/wp-json\/wp\/v2\/comments?post=16509"}],"version-history":[{"count":2,"href":"https:\/\/idakorea.ee\/en\/wp-json\/wp\/v2\/product\/16509\/revisions"}],"predecessor-version":[{"id":17458,"href":"https:\/\/idakorea.ee\/en\/wp-json\/wp\/v2\/product\/16509\/revisions\/17458"}],"wp:featuredmedia":[{"embeddable":true,"href":"https:\/\/idakorea.ee\/en\/wp-json\/wp\/v2\/media\/16510"}],"wp:attachment":[{"href":"https:\/\/idakorea.ee\/en\/wp-json\/wp\/v2\/media?parent=16509"}],"wp:term":[{"taxonomy":"pwb-brand","embeddable":true,"href":"https:\/\/idakorea.ee\/en\/wp-json\/wp\/v2\/pwb-brand?post=16509"},{"taxonomy":"product_brand","embeddable":true,"href":"https:\/\/idakorea.ee\/en\/wp-json\/wp\/v2\/product_brand?post=16509"},{"taxonomy":"product_cat","embeddable":true,"href":"https:\/\/idakorea.ee\/en\/wp-json\/wp\/v2\/product_cat?post=16509"},{"taxonomy":"product_tag","embeddable":true,"href":"https:\/\/idakorea.ee\/en\/wp-json\/wp\/v2\/product_tag?post=16509"}],"curies":[{"name":"wp","href":"https:\/\/api.w.org\/{rel}","templated":true}]}}