{"id":16525,"date":"2025-11-18T10:22:12","date_gmt":"2025-11-18T07:22:12","guid":{"rendered":"https:\/\/idakorea.ee\/?post_type=product&#038;p=16525"},"modified":"2026-04-08T10:44:49","modified_gmt":"2026-04-08T08:44:49","slug":"medicube-retinol-nmn-boosting-serum-30ml","status":"publish","type":"product","link":"https:\/\/idakorea.ee\/en\/product\/medicube-retinol-nmn-boosting-serum-30ml\/","title":{"rendered":"Medicube Retinol NMN Boosting Serum, 30ml"},"content":{"rendered":"<p>Booster serum with retinol and peptides<strong> Medicube Retinol NMN Boosting Serum<\/strong> Improves skin elasticity, smoothes micro-relief and tightens pores. Reduces dullness, evens out skin tone and helps lighten hyperpigmentation and post-acne.<\/p>\n<p>Contains 1,9% liposomal retinal, which has a strong anti-aging effect: stimulates collagen synthesis, smoothes wrinkles and reduces their depth. Has high antioxidant activity and protects against oxidative stress. Liposomes ensure deeper absorption of active ingredients and more effective action.<\/p>\n<p><strong>Main active ingredients<\/strong><\/p>\n<ul>\n<li><strong>NMN (Nicotinamide Mononucleotide)<\/strong> activates protein synthesis, improving skin texture and strengthening barrier function, preventing dryness, flaking and moisture loss.<\/li>\n<li><strong>4 peptides<\/strong> (Acetyl Hexapeptide-8, Acetyl Tetrapeptide-5, Palmitoyl Tetrapeptide-7, Palmitoyl Tripeptide-5) have an anti-aging effect: they accelerate regeneration, reduce the depth of wrinkles, smooth and tighten. Argireline, a peptide with a botulinum therapy-like effect, helps relax facial muscles and prevents the formation of facial wrinkles.<\/li>\n<li><strong>2 forms of vitamin C<\/strong> (3-O-Ethyl Ascorbic Acid, Ascorbic Acid) gently lighten age spots, activate collagen synthesis, provide antioxidant protection and prevent the first signs of aging.<\/li>\n<li><strong>Probiotics<\/strong> balance the hydrolipid barrier, reduce inflammation, strengthen local immunity, accelerate microcirculation and cell turnover, and even out skin tone.<\/li>\n<li><strong>Wrinkle grass complex<\/strong> (Centella Asiatica Extract, Asiaticoside, Madecassic Acid, Madecassoside, Asiatic Acid) has anti-inflammatory and regenerative effects, strengthens the protective barrier, relieves sensitivity and swelling, improves the condition of capillaries and helps prevent couperose.<\/li>\n<li><strong>Skvala<\/strong> soothes, reduces moisture loss, protects against dryness, nourishes and slows down skin aging processes.<\/li>\n<\/ul>\n<p>Suitable for all skin types.<\/p>\n<p><strong>Use of<\/strong><\/p>\n<p>Apply serum to face in the evening after cleansing and distribute evenly over skin. Follow with cream. Use SPF50+ sunscreen during the day.<\/p>\n<h3><\/h3>\n<p><strong>!<\/strong> Do not use simultaneously with exfoliating acids (AHA, BHA), strong vitamin C concentrates, peels or scrubs. Not suitable during pregnancy, breastfeeding or after cosmetic procedures. If you are using retinol for the first time, start 2-3 times a week and gradually increase the frequency of use.<\/p>","protected":false},"excerpt":{"rendered":"<p>Medicube Retinol NMN Boosting Serum with retinol and peptides improves skin elasticity, smoothes micro-relief and tightens pores. Reduces dullness, evens tone and helps brighten hyperpigmentation and post-acne. Contains 1,9% liposomal retinal, which has a strong anti-aging effect: stimulates collagen synthesis, smoothes wrinkles and reduces their depth. Has high antioxidant activity and protects against oxidative stress.<\/p>","protected":false},"featured_media":16526,"comment_status":"open","ping_status":"closed","template":"","meta":{"_uf_show_specific_survey":0,"_uf_disable_surveys":false,"_bst_post_transparent":"default","_bst_post_title":"","_bst_post_layout":"default","_bst_post_sidebar_id":"","_bst_post_content_style":"default","_bst_post_vertical_padding":"default","_bst_post_feature":"","_bst_post_feature_position":"","_bst_post_header":false,"_bst_post_footer":false},"pwb-brand":[490],"product_brand":[],"product_cat":[92,97],"product_tag":[568,721,213],"class_list":{"0":"post-16525","1":"product","2":"type-product","3":"status-publish","4":"has-post-thumbnail","6":"pwb-brand-medicube","7":"product_cat-nagu","8":"product_cat-naoseerumid-ja-olid","9":"product_tag-korea","10":"product_tag-medicube","11":"product_tag-retinol","13":"first","14":"instock","15":"sale","16":"shipping-taxable","17":"purchasable","18":"product-type-simple","19":"entry","20":"content-bg","21":"loop-entry"},"supplier_id":null,"supplier_sku":"","barcode":null,"atum_controlled":true,"out_stock_date":null,"out_stock_threshold":null,"inheritable":false,"inbound_stock":0,"stock_on_hold":0,"sold_today":0,"sales_last_days":1,"out_stock_days":0,"lost_sales":0,"has_location":false,"update_date":"2026-04-14T00:05:13","atum_locations":[],"atum_stock_status":"instock","restock_status":false,"low_stock_amount":"","sales_update_date":"2026-04-14T00:05:13","calc_backorders":null,"yoast_head":"<!-- This site is optimized with the Yoast SEO plugin v27.2 - https:\/\/yoast.com\/product\/yoast-seo-wordpress\/ -->\n<title>Medicube Retinol NMN Boosting Serum, 30ml - IDA.KOREA<\/title>\n<meta name=\"description\" content=\"Retinooli ja peptiididega buusterseerum Medicube Retinol NMN v\u00e4hendab tuhmust, \u00fchtlustab tooni, aitab heledamaks muuta h\u00fcperpigmentatsiooni ja postaknet.\" \/>\n<meta name=\"robots\" content=\"index, follow, max-snippet:-1, max-image-preview:large, max-video-preview:-1\" \/>\n<link rel=\"canonical\" href=\"https:\/\/idakorea.ee\/en\/product\/medicube-retinol-nmn-boosting-serum-30ml\/\" \/>\n<meta property=\"og:locale\" content=\"en_US\" \/>\n<meta property=\"og:type\" content=\"article\" \/>\n<meta property=\"og:title\" content=\"Medicube Retinol NMN Boosting Serum, 30ml - IDA.KOREA\" \/>\n<meta property=\"og:description\" content=\"Retinooli ja peptiididega buusterseerum Medicube Retinol NMN v\u00e4hendab tuhmust, \u00fchtlustab tooni, aitab heledamaks muuta h\u00fcperpigmentatsiooni ja postaknet.\" \/>\n<meta property=\"og:url\" content=\"https:\/\/idakorea.ee\/en\/product\/medicube-retinol-nmn-boosting-serum-30ml\/\" \/>\n<meta property=\"og:site_name\" content=\"IDA.KOREA\" \/>\n<meta property=\"article:modified_time\" content=\"2026-04-08T08:44:49+00:00\" \/>\n<meta property=\"og:image\" content=\"https:\/\/idakorea.ee\/wp-content\/uploads\/2025\/11\/Retinol-NMN-Boosting-Serum-idakorea.jpg\" \/>\n\t<meta property=\"og:image:width\" content=\"1000\" \/>\n\t<meta property=\"og:image:height\" content=\"1000\" \/>\n\t<meta property=\"og:image:type\" content=\"image\/jpeg\" \/>\n<meta name=\"twitter:card\" content=\"summary_large_image\" \/>\n<meta name=\"twitter:label1\" content=\"Est. reading time\" \/>\n\t<meta name=\"twitter:data1\" content=\"2 minutes\" \/>\n<script type=\"application\/ld+json\" class=\"yoast-schema-graph\">{\"@context\":\"https:\/\/schema.org\",\"@graph\":[{\"@type\":\"WebPage\",\"@id\":\"https:\/\/idakorea.ee\/product\/medicube-retinol-nmn-boosting-serum-30ml\/\",\"url\":\"https:\/\/idakorea.ee\/product\/medicube-retinol-nmn-boosting-serum-30ml\/\",\"name\":\"Medicube Retinol NMN Boosting Serum, 30ml - IDA.KOREA\",\"isPartOf\":{\"@id\":\"https:\/\/idakorea.ee\/#website\"},\"primaryImageOfPage\":{\"@id\":\"https:\/\/idakorea.ee\/product\/medicube-retinol-nmn-boosting-serum-30ml\/#primaryimage\"},\"image\":{\"@id\":\"https:\/\/idakorea.ee\/product\/medicube-retinol-nmn-boosting-serum-30ml\/#primaryimage\"},\"thumbnailUrl\":\"https:\/\/idakorea.ee\/wp-content\/uploads\/2025\/11\/Retinol-NMN-Boosting-Serum-idakorea.jpg\",\"datePublished\":\"2025-11-18T07:22:12+00:00\",\"dateModified\":\"2026-04-08T08:44:49+00:00\",\"description\":\"Retinooli ja peptiididega buusterseerum Medicube Retinol NMN v\u00e4hendab tuhmust, \u00fchtlustab tooni, aitab heledamaks muuta h\u00fcperpigmentatsiooni ja postaknet.\",\"breadcrumb\":{\"@id\":\"https:\/\/idakorea.ee\/product\/medicube-retinol-nmn-boosting-serum-30ml\/#breadcrumb\"},\"inLanguage\":\"en-US\",\"potentialAction\":[{\"@type\":\"ReadAction\",\"target\":[\"https:\/\/idakorea.ee\/product\/medicube-retinol-nmn-boosting-serum-30ml\/\"]}]},{\"@type\":\"ImageObject\",\"inLanguage\":\"en-US\",\"@id\":\"https:\/\/idakorea.ee\/product\/medicube-retinol-nmn-boosting-serum-30ml\/#primaryimage\",\"url\":\"https:\/\/idakorea.ee\/wp-content\/uploads\/2025\/11\/Retinol-NMN-Boosting-Serum-idakorea.jpg\",\"contentUrl\":\"https:\/\/idakorea.ee\/wp-content\/uploads\/2025\/11\/Retinol-NMN-Boosting-Serum-idakorea.jpg\",\"width\":1000,\"height\":1000},{\"@type\":\"BreadcrumbList\",\"@id\":\"https:\/\/idakorea.ee\/product\/medicube-retinol-nmn-boosting-serum-30ml\/#breadcrumb\",\"itemListElement\":[{\"@type\":\"ListItem\",\"position\":1,\"name\":\"\u0413\u043b\u0430\u0432\u043d\u0430\u044f \u0441\u0442\u0440\u0430\u043d\u0438\u0446\u0430\",\"item\":\"https:\/\/idakorea.ee\/\"},{\"@type\":\"ListItem\",\"position\":2,\"name\":\"Shop\",\"item\":\"https:\/\/idakorea.ee\/shop-2\/\"},{\"@type\":\"ListItem\",\"position\":3,\"name\":\"Retinooli ja peptiididega buusterseerum Medicube Retinol NMN Boosting Serum, 30ml\"}]},{\"@type\":\"WebSite\",\"@id\":\"https:\/\/idakorea.ee\/#website\",\"url\":\"https:\/\/idakorea.ee\/\",\"name\":\"IDA.KOREA\",\"description\":\"Korea kosmeetika e-pood\",\"publisher\":{\"@id\":\"https:\/\/idakorea.ee\/#organization\"},\"alternateName\":\"Beauty Shop\",\"potentialAction\":[{\"@type\":\"SearchAction\",\"target\":{\"@type\":\"EntryPoint\",\"urlTemplate\":\"https:\/\/idakorea.ee\/?s={search_term_string}\"},\"query-input\":{\"@type\":\"PropertyValueSpecification\",\"valueRequired\":true,\"valueName\":\"search_term_string\"}}],\"inLanguage\":\"en-US\"},{\"@type\":\"Organization\",\"@id\":\"https:\/\/idakorea.ee\/#organization\",\"name\":\"IDA.KOREA\",\"url\":\"https:\/\/idakorea.ee\/\",\"logo\":{\"@type\":\"ImageObject\",\"inLanguage\":\"en-US\",\"@id\":\"https:\/\/idakorea.ee\/#\/schema\/logo\/image\/\",\"url\":\"https:\/\/idakorea.ee\/wp-content\/uploads\/2024\/05\/cropped-korea3.png\",\"contentUrl\":\"https:\/\/idakorea.ee\/wp-content\/uploads\/2024\/05\/cropped-korea3.png\",\"width\":688,\"height\":126,\"caption\":\"IDA.KOREA\"},\"image\":{\"@id\":\"https:\/\/idakorea.ee\/#\/schema\/logo\/image\/\"},\"sameAs\":[\"https:\/\/www.instagram.com\/ida.korea\/\"]}]}<\/script>\n<!-- \/ Yoast SEO plugin. -->","yoast_head_json":{"title":"Medicube Retinol NMN Boosting Serum, 30ml - IDA.KOREA","description":"Medicube Retinol NMN booster serum with retinol and peptides reduces dullness, evens out skin tone, and helps lighten hyperpigmentation and post-acne.","robots":{"index":"index","follow":"follow","max-snippet":"max-snippet:-1","max-image-preview":"max-image-preview:large","max-video-preview":"max-video-preview:-1"},"canonical":"https:\/\/idakorea.ee\/en\/product\/medicube-retinol-nmn-boosting-serum-30ml\/","og_locale":"en_US","og_type":"article","og_title":"Medicube Retinol NMN Boosting Serum, 30ml - IDA.KOREA","og_description":"Retinooli ja peptiididega buusterseerum Medicube Retinol NMN v\u00e4hendab tuhmust, \u00fchtlustab tooni, aitab heledamaks muuta h\u00fcperpigmentatsiooni ja postaknet.","og_url":"https:\/\/idakorea.ee\/en\/product\/medicube-retinol-nmn-boosting-serum-30ml\/","og_site_name":"IDA.KOREA","article_modified_time":"2026-04-08T08:44:49+00:00","og_image":[{"width":1000,"height":1000,"url":"https:\/\/idakorea.ee\/wp-content\/uploads\/2025\/11\/Retinol-NMN-Boosting-Serum-idakorea.jpg","type":"image\/jpeg"}],"twitter_card":"summary_large_image","twitter_misc":{"Est. reading time":"2 minutes"},"schema":{"@context":"https:\/\/schema.org","@graph":[{"@type":"WebPage","@id":"https:\/\/idakorea.ee\/product\/medicube-retinol-nmn-boosting-serum-30ml\/","url":"https:\/\/idakorea.ee\/product\/medicube-retinol-nmn-boosting-serum-30ml\/","name":"Medicube Retinol NMN Boosting Serum, 30ml - IDA.KOREA","isPartOf":{"@id":"https:\/\/idakorea.ee\/#website"},"primaryImageOfPage":{"@id":"https:\/\/idakorea.ee\/product\/medicube-retinol-nmn-boosting-serum-30ml\/#primaryimage"},"image":{"@id":"https:\/\/idakorea.ee\/product\/medicube-retinol-nmn-boosting-serum-30ml\/#primaryimage"},"thumbnailUrl":"https:\/\/idakorea.ee\/wp-content\/uploads\/2025\/11\/Retinol-NMN-Boosting-Serum-idakorea.jpg","datePublished":"2025-11-18T07:22:12+00:00","dateModified":"2026-04-08T08:44:49+00:00","description":"Medicube Retinol NMN booster serum with retinol and peptides reduces dullness, evens out skin tone, and helps lighten hyperpigmentation and post-acne.","breadcrumb":{"@id":"https:\/\/idakorea.ee\/product\/medicube-retinol-nmn-boosting-serum-30ml\/#breadcrumb"},"inLanguage":"en-US","potentialAction":[{"@type":"ReadAction","target":["https:\/\/idakorea.ee\/product\/medicube-retinol-nmn-boosting-serum-30ml\/"]}]},{"@type":"ImageObject","inLanguage":"en-US","@id":"https:\/\/idakorea.ee\/product\/medicube-retinol-nmn-boosting-serum-30ml\/#primaryimage","url":"https:\/\/idakorea.ee\/wp-content\/uploads\/2025\/11\/Retinol-NMN-Boosting-Serum-idakorea.jpg","contentUrl":"https:\/\/idakorea.ee\/wp-content\/uploads\/2025\/11\/Retinol-NMN-Boosting-Serum-idakorea.jpg","width":1000,"height":1000},{"@type":"BreadcrumbList","@id":"https:\/\/idakorea.ee\/product\/medicube-retinol-nmn-boosting-serum-30ml\/#breadcrumb","itemListElement":[{"@type":"ListItem","position":1,"name":"\u0413\u043b\u0430\u0432\u043d\u0430\u044f \u0441\u0442\u0440\u0430\u043d\u0438\u0446\u0430","item":"https:\/\/idakorea.ee\/"},{"@type":"ListItem","position":2,"name":"Shop","item":"https:\/\/idakorea.ee\/shop-2\/"},{"@type":"ListItem","position":3,"name":"Retinooli ja peptiididega buusterseerum Medicube Retinol NMN Boosting Serum, 30ml"}]},{"@type":"WebSite","@id":"https:\/\/idakorea.ee\/#website","url":"https:\/\/idakorea.ee\/","name":"IDA.KOREA","description":"Korean cosmetics e-shop","publisher":{"@id":"https:\/\/idakorea.ee\/#organization"},"alternateName":"Beauty Shop","potentialAction":[{"@type":"SearchAction","target":{"@type":"EntryPoint","urlTemplate":"https:\/\/idakorea.ee\/?s={search_term_string}"},"query-input":{"@type":"PropertyValueSpecification","valueRequired":true,"valueName":"search_term_string"}}],"inLanguage":"en-US"},{"@type":"Organization","@id":"https:\/\/idakorea.ee\/#organization","name":"IDA.KOREA","url":"https:\/\/idakorea.ee\/","logo":{"@type":"ImageObject","inLanguage":"en-US","@id":"https:\/\/idakorea.ee\/#\/schema\/logo\/image\/","url":"https:\/\/idakorea.ee\/wp-content\/uploads\/2024\/05\/cropped-korea3.png","contentUrl":"https:\/\/idakorea.ee\/wp-content\/uploads\/2024\/05\/cropped-korea3.png","width":688,"height":126,"caption":"IDA.KOREA"},"image":{"@id":"https:\/\/idakorea.ee\/#\/schema\/logo\/image\/"},"sameAs":["https:\/\/www.instagram.com\/ida.korea\/"]}]}},"jetpack_sharing_enabled":true,"brands":[{"id":490,"name":"MEDICUBE","slug":"medicube"}],"_links":{"self":[{"href":"https:\/\/idakorea.ee\/en\/wp-json\/wp\/v2\/product\/16525","targetHints":{"allow":["GET"]}}],"collection":[{"href":"https:\/\/idakorea.ee\/en\/wp-json\/wp\/v2\/product"}],"about":[{"href":"https:\/\/idakorea.ee\/en\/wp-json\/wp\/v2\/types\/product"}],"replies":[{"embeddable":true,"href":"https:\/\/idakorea.ee\/en\/wp-json\/wp\/v2\/comments?post=16525"}],"version-history":[{"count":3,"href":"https:\/\/idakorea.ee\/en\/wp-json\/wp\/v2\/product\/16525\/revisions"}],"predecessor-version":[{"id":16531,"href":"https:\/\/idakorea.ee\/en\/wp-json\/wp\/v2\/product\/16525\/revisions\/16531"}],"wp:featuredmedia":[{"embeddable":true,"href":"https:\/\/idakorea.ee\/en\/wp-json\/wp\/v2\/media\/16526"}],"wp:attachment":[{"href":"https:\/\/idakorea.ee\/en\/wp-json\/wp\/v2\/media?parent=16525"}],"wp:term":[{"taxonomy":"pwb-brand","embeddable":true,"href":"https:\/\/idakorea.ee\/en\/wp-json\/wp\/v2\/pwb-brand?post=16525"},{"taxonomy":"product_brand","embeddable":true,"href":"https:\/\/idakorea.ee\/en\/wp-json\/wp\/v2\/product_brand?post=16525"},{"taxonomy":"product_cat","embeddable":true,"href":"https:\/\/idakorea.ee\/en\/wp-json\/wp\/v2\/product_cat?post=16525"},{"taxonomy":"product_tag","embeddable":true,"href":"https:\/\/idakorea.ee\/en\/wp-json\/wp\/v2\/product_tag?post=16525"}],"curies":[{"name":"wp","href":"https:\/\/api.w.org\/{rel}","templated":true}]}}