{"id":16543,"date":"2025-11-19T13:32:52","date_gmt":"2025-11-19T11:32:52","guid":{"rendered":"https:\/\/idakorea.ee\/?post_type=product&#038;p=16543"},"modified":"2026-03-12T10:31:47","modified_gmt":"2026-03-12T08:31:47","slug":"celimax-ji-woo-gae-one-step-mild-cleansing-pad","status":"publish","type":"product","link":"https:\/\/idakorea.ee\/en\/product\/celimax-ji-woo-gae-one-step-mild-cleansing-pad\/","title":{"rendered":"Makeup removal pads Celimax Ji Woo Gae One Step Mild Cleansing Pad, 60 pcs"},"content":{"rendered":"<p>Cleansing makeup removal pads <strong>Celimax Ji Woo Gae One Step Mild Cleansing Pad<\/strong> Removes permanent eye and lip makeup, as well as makeup and sunscreen residue. They gently exfoliate dead skin cells, smooth out micro-relief, and do not cause dryness or irritation.<\/p>\n<p>The pads absorb excess sebum, prevent comedones and support the healing of inflamed areas. The double-sided, 8 cm diameter pads have a textured side for exfoliation and a smooth side for gentle cleansing.<\/p>\n<p>The pH level is neutral, between 4.0 and 6.0. It does not cause irritation or stickiness and is also suitable for sensitive skin around the eyes. Fragrance-free.<\/p>\n<p><strong>Main active ingredients<\/strong><\/p>\n<ul>\n<li><strong>5 types of hyaluronic acid<\/strong> with different molecular weights:<br \/>\n\u2013 high molecular weight hyaluronic acid restores the protective barrier, accelerates healing and reduces flaking;<br \/>\n\u2013 low molecular weight hyaluronic acid penetrates deeper and prevents moisture loss at the cellular level.<\/li>\n<li><strong>Panthenol (vitamin B5)<\/strong> relieves redness and itching, strengthens the hydrolipid barrier and accelerates the recovery of damaged areas.<\/li>\n<li><strong>Hawthorn extract<\/strong> soothes inflammation, reduces irritation and skin sensitivity to external factors (temperature fluctuations, wind, dry air).<\/li>\n<li><strong>Grapefruit extract<\/strong> evens out complexion, brightens, reduces dullness and acts as an antioxidant.<\/li>\n<li><strong>Perilla extract<\/strong> contains catechins and phytosterols, provides photoprotection and slows down the aging process.<\/li>\n<\/ul>\n<p>&nbsp;<\/p>\n<p>Suitable for all skin types.<\/p>\n<p><strong>Use of<\/strong><\/p>\n<p>Gently wipe your skin with the pad, removing makeup and dirt. Then continue cleansing with a gel or foam.<\/p>","protected":false},"excerpt":{"rendered":"<p>Celimax Ji Woo Gae One Step Mild Cleansing Pads remove permanent eye and lip makeup, as well as makeup and sunscreen residue. They gently exfoliate dead skin cells, smooth micro-reliefs, and do not cause dryness or irritation. The pads absorb excess sebum, prevent comedones, and support the healing of inflamed areas. The double-sided, 8 cm diameter pads have a textured side for exfoliation\u2026<\/p>","protected":false},"featured_media":16544,"comment_status":"open","ping_status":"closed","template":"","meta":{"_uf_show_specific_survey":0,"_uf_disable_surveys":false,"_bst_post_transparent":"default","_bst_post_title":"","_bst_post_layout":"default","_bst_post_sidebar_id":"","_bst_post_content_style":"default","_bst_post_vertical_padding":"default","_bst_post_feature":"","_bst_post_feature_position":"","_bst_post_header":false,"_bst_post_footer":false},"pwb-brand":[885],"product_brand":[],"product_cat":[1029,92],"product_tag":[886,568,988],"class_list":{"0":"post-16543","1":"product","2":"type-product","3":"status-publish","4":"has-post-thumbnail","6":"pwb-brand-celimax","7":"product_cat-meigieemaldus","8":"product_cat-nagu","9":"product_tag-celimax","10":"product_tag-korea","11":"product_tag-meik","13":"first","14":"instock","15":"sale","16":"shipping-taxable","17":"purchasable","18":"product-type-simple","19":"entry","20":"content-bg","21":"loop-entry"},"supplier_id":null,"supplier_sku":"","barcode":null,"atum_controlled":true,"out_stock_date":null,"out_stock_threshold":null,"inheritable":false,"inbound_stock":0,"stock_on_hold":0,"sold_today":0,"sales_last_days":0,"out_stock_days":0,"lost_sales":0,"has_location":false,"update_date":"2026-04-14T00:05:07","atum_locations":[],"atum_stock_status":"instock","restock_status":false,"low_stock_amount":"","sales_update_date":"2026-04-14T00:05:07","calc_backorders":null,"yoast_head":"<!-- This site is optimized with the Yoast SEO plugin v27.2 - https:\/\/yoast.com\/product\/yoast-seo-wordpress\/ -->\n<title>Celimax Ji Woo Gae One Step Mild Cleansing Pad, 60tk - IDA.KOREA<\/title>\n<meta name=\"description\" content=\"Meigieemalduspadjad eemaldavad p\u00fcsimeigi silmadelt ja huultelt, samuti jumestuse ja p\u00e4ikesekaitsetoote j\u00e4\u00e4gid. Ei tekita kuivust ega kiskumist.\" \/>\n<meta name=\"robots\" content=\"index, follow, max-snippet:-1, max-image-preview:large, max-video-preview:-1\" \/>\n<link rel=\"canonical\" href=\"https:\/\/idakorea.ee\/en\/product\/celimax-ji-woo-gae-one-step-mild-cleansing-pad\/\" \/>\n<meta property=\"og:locale\" content=\"en_US\" \/>\n<meta property=\"og:type\" content=\"article\" \/>\n<meta property=\"og:title\" content=\"Celimax Ji Woo Gae One Step Mild Cleansing Pad, 60tk - IDA.KOREA\" \/>\n<meta property=\"og:description\" content=\"Meigieemalduspadjad eemaldavad p\u00fcsimeigi silmadelt ja huultelt, samuti jumestuse ja p\u00e4ikesekaitsetoote j\u00e4\u00e4gid. Ei tekita kuivust ega kiskumist.\" \/>\n<meta property=\"og:url\" content=\"https:\/\/idakorea.ee\/en\/product\/celimax-ji-woo-gae-one-step-mild-cleansing-pad\/\" \/>\n<meta property=\"og:site_name\" content=\"IDA.KOREA\" \/>\n<meta property=\"article:modified_time\" content=\"2026-03-12T08:31:47+00:00\" \/>\n<meta property=\"og:image\" content=\"https:\/\/idakorea.ee\/wp-content\/uploads\/2025\/11\/Celimax-Ji-Woo-Gae-One-Step-Mild-Cleansing-Pad-idakorea.jpg\" \/>\n\t<meta property=\"og:image:width\" content=\"1000\" \/>\n\t<meta property=\"og:image:height\" content=\"1000\" \/>\n\t<meta property=\"og:image:type\" content=\"image\/jpeg\" \/>\n<meta name=\"twitter:card\" content=\"summary_large_image\" \/>\n<meta name=\"twitter:label1\" content=\"Est. reading time\" \/>\n\t<meta name=\"twitter:data1\" content=\"2 minutes\" \/>\n<script type=\"application\/ld+json\" class=\"yoast-schema-graph\">{\"@context\":\"https:\/\/schema.org\",\"@graph\":[{\"@type\":\"WebPage\",\"@id\":\"https:\/\/idakorea.ee\/product\/celimax-ji-woo-gae-one-step-mild-cleansing-pad\/\",\"url\":\"https:\/\/idakorea.ee\/product\/celimax-ji-woo-gae-one-step-mild-cleansing-pad\/\",\"name\":\"Celimax Ji Woo Gae One Step Mild Cleansing Pad, 60tk - IDA.KOREA\",\"isPartOf\":{\"@id\":\"https:\/\/idakorea.ee\/#website\"},\"primaryImageOfPage\":{\"@id\":\"https:\/\/idakorea.ee\/product\/celimax-ji-woo-gae-one-step-mild-cleansing-pad\/#primaryimage\"},\"image\":{\"@id\":\"https:\/\/idakorea.ee\/product\/celimax-ji-woo-gae-one-step-mild-cleansing-pad\/#primaryimage\"},\"thumbnailUrl\":\"https:\/\/idakorea.ee\/wp-content\/uploads\/2025\/11\/Celimax-Ji-Woo-Gae-One-Step-Mild-Cleansing-Pad-idakorea.jpg\",\"datePublished\":\"2025-11-19T11:32:52+00:00\",\"dateModified\":\"2026-03-12T08:31:47+00:00\",\"description\":\"Meigieemalduspadjad eemaldavad p\u00fcsimeigi silmadelt ja huultelt, samuti jumestuse ja p\u00e4ikesekaitsetoote j\u00e4\u00e4gid. Ei tekita kuivust ega kiskumist.\",\"breadcrumb\":{\"@id\":\"https:\/\/idakorea.ee\/product\/celimax-ji-woo-gae-one-step-mild-cleansing-pad\/#breadcrumb\"},\"inLanguage\":\"en-US\",\"potentialAction\":[{\"@type\":\"ReadAction\",\"target\":[\"https:\/\/idakorea.ee\/product\/celimax-ji-woo-gae-one-step-mild-cleansing-pad\/\"]}]},{\"@type\":\"ImageObject\",\"inLanguage\":\"en-US\",\"@id\":\"https:\/\/idakorea.ee\/product\/celimax-ji-woo-gae-one-step-mild-cleansing-pad\/#primaryimage\",\"url\":\"https:\/\/idakorea.ee\/wp-content\/uploads\/2025\/11\/Celimax-Ji-Woo-Gae-One-Step-Mild-Cleansing-Pad-idakorea.jpg\",\"contentUrl\":\"https:\/\/idakorea.ee\/wp-content\/uploads\/2025\/11\/Celimax-Ji-Woo-Gae-One-Step-Mild-Cleansing-Pad-idakorea.jpg\",\"width\":1000,\"height\":1000},{\"@type\":\"BreadcrumbList\",\"@id\":\"https:\/\/idakorea.ee\/product\/celimax-ji-woo-gae-one-step-mild-cleansing-pad\/#breadcrumb\",\"itemListElement\":[{\"@type\":\"ListItem\",\"position\":1,\"name\":\"\u0413\u043b\u0430\u0432\u043d\u0430\u044f \u0441\u0442\u0440\u0430\u043d\u0438\u0446\u0430\",\"item\":\"https:\/\/idakorea.ee\/\"},{\"@type\":\"ListItem\",\"position\":2,\"name\":\"Shop\",\"item\":\"https:\/\/idakorea.ee\/shop-2\/\"},{\"@type\":\"ListItem\",\"position\":3,\"name\":\"Meigieemalduspadjad Celimax Ji Woo Gae One Step Mild Cleansing Pad, 60tk\"}]},{\"@type\":\"WebSite\",\"@id\":\"https:\/\/idakorea.ee\/#website\",\"url\":\"https:\/\/idakorea.ee\/\",\"name\":\"IDA.KOREA\",\"description\":\"Korea kosmeetika e-pood\",\"publisher\":{\"@id\":\"https:\/\/idakorea.ee\/#organization\"},\"alternateName\":\"Beauty Shop\",\"potentialAction\":[{\"@type\":\"SearchAction\",\"target\":{\"@type\":\"EntryPoint\",\"urlTemplate\":\"https:\/\/idakorea.ee\/?s={search_term_string}\"},\"query-input\":{\"@type\":\"PropertyValueSpecification\",\"valueRequired\":true,\"valueName\":\"search_term_string\"}}],\"inLanguage\":\"en-US\"},{\"@type\":\"Organization\",\"@id\":\"https:\/\/idakorea.ee\/#organization\",\"name\":\"IDA.KOREA\",\"url\":\"https:\/\/idakorea.ee\/\",\"logo\":{\"@type\":\"ImageObject\",\"inLanguage\":\"en-US\",\"@id\":\"https:\/\/idakorea.ee\/#\/schema\/logo\/image\/\",\"url\":\"https:\/\/idakorea.ee\/wp-content\/uploads\/2024\/05\/cropped-korea3.png\",\"contentUrl\":\"https:\/\/idakorea.ee\/wp-content\/uploads\/2024\/05\/cropped-korea3.png\",\"width\":688,\"height\":126,\"caption\":\"IDA.KOREA\"},\"image\":{\"@id\":\"https:\/\/idakorea.ee\/#\/schema\/logo\/image\/\"},\"sameAs\":[\"https:\/\/www.instagram.com\/ida.korea\/\"]}]}<\/script>\n<!-- \/ Yoast SEO plugin. -->","yoast_head_json":{"title":"Celimax Ji Woo Gae One Step Mild Cleansing Pad, 60pcs - IDA.KOREA","description":"Makeup removal pads remove permanent makeup from eyes and lips, as well as makeup and sunscreen residue. Does not cause dryness or tearing.","robots":{"index":"index","follow":"follow","max-snippet":"max-snippet:-1","max-image-preview":"max-image-preview:large","max-video-preview":"max-video-preview:-1"},"canonical":"https:\/\/idakorea.ee\/en\/product\/celimax-ji-woo-gae-one-step-mild-cleansing-pad\/","og_locale":"en_US","og_type":"article","og_title":"Celimax Ji Woo Gae One Step Mild Cleansing Pad, 60tk - IDA.KOREA","og_description":"Meigieemalduspadjad eemaldavad p\u00fcsimeigi silmadelt ja huultelt, samuti jumestuse ja p\u00e4ikesekaitsetoote j\u00e4\u00e4gid. Ei tekita kuivust ega kiskumist.","og_url":"https:\/\/idakorea.ee\/en\/product\/celimax-ji-woo-gae-one-step-mild-cleansing-pad\/","og_site_name":"IDA.KOREA","article_modified_time":"2026-03-12T08:31:47+00:00","og_image":[{"width":1000,"height":1000,"url":"https:\/\/idakorea.ee\/wp-content\/uploads\/2025\/11\/Celimax-Ji-Woo-Gae-One-Step-Mild-Cleansing-Pad-idakorea.jpg","type":"image\/jpeg"}],"twitter_card":"summary_large_image","twitter_misc":{"Est. reading time":"2 minutes"},"schema":{"@context":"https:\/\/schema.org","@graph":[{"@type":"WebPage","@id":"https:\/\/idakorea.ee\/product\/celimax-ji-woo-gae-one-step-mild-cleansing-pad\/","url":"https:\/\/idakorea.ee\/product\/celimax-ji-woo-gae-one-step-mild-cleansing-pad\/","name":"Celimax Ji Woo Gae One Step Mild Cleansing Pad, 60pcs - IDA.KOREA","isPartOf":{"@id":"https:\/\/idakorea.ee\/#website"},"primaryImageOfPage":{"@id":"https:\/\/idakorea.ee\/product\/celimax-ji-woo-gae-one-step-mild-cleansing-pad\/#primaryimage"},"image":{"@id":"https:\/\/idakorea.ee\/product\/celimax-ji-woo-gae-one-step-mild-cleansing-pad\/#primaryimage"},"thumbnailUrl":"https:\/\/idakorea.ee\/wp-content\/uploads\/2025\/11\/Celimax-Ji-Woo-Gae-One-Step-Mild-Cleansing-Pad-idakorea.jpg","datePublished":"2025-11-19T11:32:52+00:00","dateModified":"2026-03-12T08:31:47+00:00","description":"Makeup removal pads remove permanent makeup from eyes and lips, as well as makeup and sunscreen residue. Does not cause dryness or tearing.","breadcrumb":{"@id":"https:\/\/idakorea.ee\/product\/celimax-ji-woo-gae-one-step-mild-cleansing-pad\/#breadcrumb"},"inLanguage":"en-US","potentialAction":[{"@type":"ReadAction","target":["https:\/\/idakorea.ee\/product\/celimax-ji-woo-gae-one-step-mild-cleansing-pad\/"]}]},{"@type":"ImageObject","inLanguage":"en-US","@id":"https:\/\/idakorea.ee\/product\/celimax-ji-woo-gae-one-step-mild-cleansing-pad\/#primaryimage","url":"https:\/\/idakorea.ee\/wp-content\/uploads\/2025\/11\/Celimax-Ji-Woo-Gae-One-Step-Mild-Cleansing-Pad-idakorea.jpg","contentUrl":"https:\/\/idakorea.ee\/wp-content\/uploads\/2025\/11\/Celimax-Ji-Woo-Gae-One-Step-Mild-Cleansing-Pad-idakorea.jpg","width":1000,"height":1000},{"@type":"BreadcrumbList","@id":"https:\/\/idakorea.ee\/product\/celimax-ji-woo-gae-one-step-mild-cleansing-pad\/#breadcrumb","itemListElement":[{"@type":"ListItem","position":1,"name":"\u0413\u043b\u0430\u0432\u043d\u0430\u044f \u0441\u0442\u0440\u0430\u043d\u0438\u0446\u0430","item":"https:\/\/idakorea.ee\/"},{"@type":"ListItem","position":2,"name":"Shop","item":"https:\/\/idakorea.ee\/shop-2\/"},{"@type":"ListItem","position":3,"name":"Meigieemalduspadjad Celimax Ji Woo Gae One Step Mild Cleansing Pad, 60tk"}]},{"@type":"WebSite","@id":"https:\/\/idakorea.ee\/#website","url":"https:\/\/idakorea.ee\/","name":"IDA.KOREA","description":"Korean cosmetics e-shop","publisher":{"@id":"https:\/\/idakorea.ee\/#organization"},"alternateName":"Beauty Shop","potentialAction":[{"@type":"SearchAction","target":{"@type":"EntryPoint","urlTemplate":"https:\/\/idakorea.ee\/?s={search_term_string}"},"query-input":{"@type":"PropertyValueSpecification","valueRequired":true,"valueName":"search_term_string"}}],"inLanguage":"en-US"},{"@type":"Organization","@id":"https:\/\/idakorea.ee\/#organization","name":"IDA.KOREA","url":"https:\/\/idakorea.ee\/","logo":{"@type":"ImageObject","inLanguage":"en-US","@id":"https:\/\/idakorea.ee\/#\/schema\/logo\/image\/","url":"https:\/\/idakorea.ee\/wp-content\/uploads\/2024\/05\/cropped-korea3.png","contentUrl":"https:\/\/idakorea.ee\/wp-content\/uploads\/2024\/05\/cropped-korea3.png","width":688,"height":126,"caption":"IDA.KOREA"},"image":{"@id":"https:\/\/idakorea.ee\/#\/schema\/logo\/image\/"},"sameAs":["https:\/\/www.instagram.com\/ida.korea\/"]}]}},"jetpack_sharing_enabled":true,"brands":[{"id":885,"name":"CELIMAX","slug":"celimax"}],"_links":{"self":[{"href":"https:\/\/idakorea.ee\/en\/wp-json\/wp\/v2\/product\/16543","targetHints":{"allow":["GET"]}}],"collection":[{"href":"https:\/\/idakorea.ee\/en\/wp-json\/wp\/v2\/product"}],"about":[{"href":"https:\/\/idakorea.ee\/en\/wp-json\/wp\/v2\/types\/product"}],"replies":[{"embeddable":true,"href":"https:\/\/idakorea.ee\/en\/wp-json\/wp\/v2\/comments?post=16543"}],"version-history":[{"count":1,"href":"https:\/\/idakorea.ee\/en\/wp-json\/wp\/v2\/product\/16543\/revisions"}],"predecessor-version":[{"id":16547,"href":"https:\/\/idakorea.ee\/en\/wp-json\/wp\/v2\/product\/16543\/revisions\/16547"}],"wp:featuredmedia":[{"embeddable":true,"href":"https:\/\/idakorea.ee\/en\/wp-json\/wp\/v2\/media\/16544"}],"wp:attachment":[{"href":"https:\/\/idakorea.ee\/en\/wp-json\/wp\/v2\/media?parent=16543"}],"wp:term":[{"taxonomy":"pwb-brand","embeddable":true,"href":"https:\/\/idakorea.ee\/en\/wp-json\/wp\/v2\/pwb-brand?post=16543"},{"taxonomy":"product_brand","embeddable":true,"href":"https:\/\/idakorea.ee\/en\/wp-json\/wp\/v2\/product_brand?post=16543"},{"taxonomy":"product_cat","embeddable":true,"href":"https:\/\/idakorea.ee\/en\/wp-json\/wp\/v2\/product_cat?post=16543"},{"taxonomy":"product_tag","embeddable":true,"href":"https:\/\/idakorea.ee\/en\/wp-json\/wp\/v2\/product_tag?post=16543"}],"curies":[{"name":"wp","href":"https:\/\/api.w.org\/{rel}","templated":true}]}}