{"id":16658,"date":"2025-11-29T14:29:55","date_gmt":"2025-11-29T12:29:55","guid":{"rendered":"https:\/\/idakorea.ee\/?post_type=product&#038;p=16658"},"modified":"2026-03-22T19:02:42","modified_gmt":"2026-03-22T17:02:42","slug":"medi-peel-peptide-tox-bor-cream-50ml","status":"publish","type":"product","link":"https:\/\/idakorea.ee\/en\/product\/medi-peel-peptide-tox-bor-cream-50ml\/","title":{"rendered":"MediPeel Peptide-Tox Bor-Cream, 50ml"},"content":{"rendered":"<p><strong>MediPeel Peptide-Tox Bor-Cream <\/strong>Lifting cream with peptide complex has a strong anti-aging effect: increases skin elasticity and tone, reduces the depth of wrinkles and makes the skin texture smoother.<br \/>\nSlows down aging processes, supports skin turgor, nourishes and moisturizes deeply.<\/p>\n<p>The cream has a botox-like effect - it relaxes facial muscles and helps relieve tension, preventing the formation of expression lines and skin folds. Increases skin turgor, tightens facial contours, smoothes nasolabial folds, marionette lines and crow&#039;s feet. Makes the skin denser, improves the ability of cells to retain moisture, and prevents dehydration and moisture deficiency.<\/p>\n<p>The cream has a delicate, creamy texture that instantly moisturizes and eliminates the feeling of tightness.<\/p>\n<p><strong>Main active ingredients:<\/strong><br \/>\n<strong>Volufiline<\/strong> \u2013 a unique ingredient from anemarrhena root that locally stimulates the natural replenishment of fatty tissue, increasing skin density and elasticity, reducing sagging and smoothing wrinkles.<br \/>\n<strong>Hyaluronic acid<\/strong> \u2013 penetrates deep into the epidermis, eliminates dehydration, restores moisture levels and keeps the skin smooth.<br \/>\n<strong>5 peptide complex<\/strong> \u2013 has an anti-aging effect, stimulates cell renewal, reduces the depth of wrinkles, smoothes and tightens the skin. Argireline, a peptide with botulinum-like effects, relaxes facial muscles and helps prevent expression lines.<br \/>\n<strong>Ceramides<\/strong> \u2013 strengthen the skin&#039;s protective barrier, prevent moisture loss and support skin regeneration.<br \/>\n<strong>Hydrolysed collagen<\/strong> \u2013 restores the structure of the epidermis, strengthens cell walls, improves protein metabolism, and helps smooth wrinkles and skin irregularities.<br \/>\n<strong>Jojoba oil<\/strong> \u2013 supports skin elasticity and tone, nourishes with vitamins A and E, prevents dryness, flaking and irritation.<br \/>\n<strong>Macadamia oil<\/strong> \u2013 softens and nourishes the skin, restores and provides antioxidant protection.<br \/>\n<strong>Skvala<\/strong> \u2013 soothes damaged and irritated skin, fights free radicals, moisturizes and protects against external environmental influences.<br \/>\n<strong>Probiotics<\/strong> \u2013 support the skin&#039;s microflora, even out the complexion and help reduce pigmentation. Moisturize, relieve redness, regulate melanin production, gently exfoliate and accelerate skin renewal. Strengthen the protective barrier that protects the skin from external influences.<\/p>\n<p>Suitable for all skin types.<\/p>\n<p><strong>Usage:<\/strong> After cleansing, toning and serum, apply a small amount of cream to the skin as the final step of care.<\/p>\n<hr \/>","protected":false},"excerpt":{"rendered":"<p>MediPeel Peptide-Tox Bor-Cream lifting cream with peptide complex has a strong anti-aging effect: increases skin elasticity and tone, reduces the depth of wrinkles and makes the skin texture smoother. Slows down aging processes, supports skin turgor, nourishes and moisturizes deeply. The cream has a botox-like effect - it relaxes facial muscles and helps remove tension, preventing the formation of mimic wrinkles and skin folds. Increases skin turgor, tightens facial contours, smoothes\u2026<\/p>","protected":false},"featured_media":16659,"comment_status":"open","ping_status":"closed","template":"","meta":{"_uf_show_specific_survey":0,"_uf_disable_surveys":false,"_bst_post_transparent":"default","_bst_post_title":"","_bst_post_layout":"default","_bst_post_sidebar_id":"","_bst_post_content_style":"default","_bst_post_vertical_padding":"default","_bst_post_feature":"","_bst_post_feature_position":"","_bst_post_header":false,"_bst_post_footer":false},"pwb-brand":[107],"product_brand":[],"product_cat":[92,96],"product_tag":[1031,568,381,830],"class_list":{"0":"post-16658","1":"product","2":"type-product","3":"status-publish","4":"has-post-thumbnail","6":"pwb-brand-medipeel","7":"product_cat-nagu","8":"product_cat-naokreemid","9":"product_tag-botox","10":"product_tag-korea","11":"product_tag-medipeel","12":"product_tag-peptide","14":"first","15":"instock","16":"shipping-taxable","17":"purchasable","18":"product-type-simple","19":"entry","20":"content-bg","21":"loop-entry"},"supplier_id":null,"supplier_sku":"","barcode":null,"atum_controlled":true,"out_stock_date":null,"out_stock_threshold":null,"inheritable":false,"inbound_stock":0,"stock_on_hold":0,"sold_today":0,"sales_last_days":0,"out_stock_days":0,"lost_sales":0,"has_location":false,"update_date":"2026-04-24T00:09:07","atum_locations":[],"atum_stock_status":"instock","restock_status":false,"low_stock_amount":"","sales_update_date":"2026-04-24T00:09:07","calc_backorders":null,"yoast_head":"<!-- This site is optimized with the Yoast SEO plugin v27.2 - https:\/\/yoast.com\/product\/yoast-seo-wordpress\/ -->\n<title>Medi-Peel Peptide-Tox Bor-Cream, 50ml - IDA.KOREA<\/title>\n<meta name=\"description\" content=\"Lifting-kreem peptiidikompleksiga omab tugevat vananemisvastast toimet: t\u00f5stab naha elastsust ja toonust, v\u00e4hendab kortsude s\u00fcgavust. - Made in Korea\" \/>\n<meta name=\"robots\" content=\"index, follow, max-snippet:-1, max-image-preview:large, max-video-preview:-1\" \/>\n<link rel=\"canonical\" href=\"https:\/\/idakorea.ee\/en\/product\/medi-peel-peptide-tox-bor-cream-50ml\/\" \/>\n<meta property=\"og:locale\" content=\"en_US\" \/>\n<meta property=\"og:type\" content=\"article\" \/>\n<meta property=\"og:title\" content=\"Medi-Peel Peptide-Tox Bor-Cream, 50ml - IDA.KOREA\" \/>\n<meta property=\"og:description\" content=\"Lifting-kreem peptiidikompleksiga omab tugevat vananemisvastast toimet: t\u00f5stab naha elastsust ja toonust, v\u00e4hendab kortsude s\u00fcgavust. - Made in Korea\" \/>\n<meta property=\"og:url\" content=\"https:\/\/idakorea.ee\/en\/product\/medi-peel-peptide-tox-bor-cream-50ml\/\" \/>\n<meta property=\"og:site_name\" content=\"IDA.KOREA\" \/>\n<meta property=\"article:modified_time\" content=\"2026-03-22T17:02:42+00:00\" \/>\n<meta property=\"og:image\" content=\"https:\/\/idakorea.ee\/wp-content\/uploads\/2025\/11\/Medi-Peel-Bor-Tox-Peptide-Cream-idakorea.webp\" \/>\n\t<meta property=\"og:image:width\" content=\"1200\" \/>\n\t<meta property=\"og:image:height\" content=\"1200\" \/>\n\t<meta property=\"og:image:type\" content=\"image\/webp\" \/>\n<meta name=\"twitter:card\" content=\"summary_large_image\" \/>\n<meta name=\"twitter:label1\" content=\"Est. reading time\" \/>\n\t<meta name=\"twitter:data1\" content=\"2 minutes\" \/>\n<script type=\"application\/ld+json\" class=\"yoast-schema-graph\">{\"@context\":\"https:\/\/schema.org\",\"@graph\":[{\"@type\":\"WebPage\",\"@id\":\"https:\/\/idakorea.ee\/product\/medi-peel-peptide-tox-bor-cream-50ml\/\",\"url\":\"https:\/\/idakorea.ee\/product\/medi-peel-peptide-tox-bor-cream-50ml\/\",\"name\":\"Medi-Peel Peptide-Tox Bor-Cream, 50ml - IDA.KOREA\",\"isPartOf\":{\"@id\":\"https:\/\/idakorea.ee\/#website\"},\"primaryImageOfPage\":{\"@id\":\"https:\/\/idakorea.ee\/product\/medi-peel-peptide-tox-bor-cream-50ml\/#primaryimage\"},\"image\":{\"@id\":\"https:\/\/idakorea.ee\/product\/medi-peel-peptide-tox-bor-cream-50ml\/#primaryimage\"},\"thumbnailUrl\":\"https:\/\/idakorea.ee\/wp-content\/uploads\/2025\/11\/Medi-Peel-Bor-Tox-Peptide-Cream-idakorea.webp\",\"datePublished\":\"2025-11-29T12:29:55+00:00\",\"dateModified\":\"2026-03-22T17:02:42+00:00\",\"description\":\"Lifting-kreem peptiidikompleksiga omab tugevat vananemisvastast toimet: t\u00f5stab naha elastsust ja toonust, v\u00e4hendab kortsude s\u00fcgavust. - Made in Korea\",\"breadcrumb\":{\"@id\":\"https:\/\/idakorea.ee\/product\/medi-peel-peptide-tox-bor-cream-50ml\/#breadcrumb\"},\"inLanguage\":\"en-US\",\"potentialAction\":[{\"@type\":\"ReadAction\",\"target\":[\"https:\/\/idakorea.ee\/product\/medi-peel-peptide-tox-bor-cream-50ml\/\"]}]},{\"@type\":\"ImageObject\",\"inLanguage\":\"en-US\",\"@id\":\"https:\/\/idakorea.ee\/product\/medi-peel-peptide-tox-bor-cream-50ml\/#primaryimage\",\"url\":\"https:\/\/idakorea.ee\/wp-content\/uploads\/2025\/11\/Medi-Peel-Bor-Tox-Peptide-Cream-idakorea.webp\",\"contentUrl\":\"https:\/\/idakorea.ee\/wp-content\/uploads\/2025\/11\/Medi-Peel-Bor-Tox-Peptide-Cream-idakorea.webp\",\"width\":1200,\"height\":1200},{\"@type\":\"BreadcrumbList\",\"@id\":\"https:\/\/idakorea.ee\/product\/medi-peel-peptide-tox-bor-cream-50ml\/#breadcrumb\",\"itemListElement\":[{\"@type\":\"ListItem\",\"position\":1,\"name\":\"\u0413\u043b\u0430\u0432\u043d\u0430\u044f \u0441\u0442\u0440\u0430\u043d\u0438\u0446\u0430\",\"item\":\"https:\/\/idakorea.ee\/\"},{\"@type\":\"ListItem\",\"position\":2,\"name\":\"Shop\",\"item\":\"https:\/\/idakorea.ee\/shop-2\/\"},{\"@type\":\"ListItem\",\"position\":3,\"name\":\"Lifting-kreem MediPeel Peptide-Tox Bor-Cream, 50ml\"}]},{\"@type\":\"WebSite\",\"@id\":\"https:\/\/idakorea.ee\/#website\",\"url\":\"https:\/\/idakorea.ee\/\",\"name\":\"IDA.KOREA\",\"description\":\"Korea kosmeetika e-pood\",\"publisher\":{\"@id\":\"https:\/\/idakorea.ee\/#organization\"},\"alternateName\":\"Beauty Shop\",\"potentialAction\":[{\"@type\":\"SearchAction\",\"target\":{\"@type\":\"EntryPoint\",\"urlTemplate\":\"https:\/\/idakorea.ee\/?s={search_term_string}\"},\"query-input\":{\"@type\":\"PropertyValueSpecification\",\"valueRequired\":true,\"valueName\":\"search_term_string\"}}],\"inLanguage\":\"en-US\"},{\"@type\":\"Organization\",\"@id\":\"https:\/\/idakorea.ee\/#organization\",\"name\":\"IDA.KOREA\",\"url\":\"https:\/\/idakorea.ee\/\",\"logo\":{\"@type\":\"ImageObject\",\"inLanguage\":\"en-US\",\"@id\":\"https:\/\/idakorea.ee\/#\/schema\/logo\/image\/\",\"url\":\"https:\/\/idakorea.ee\/wp-content\/uploads\/2024\/05\/cropped-korea3.png\",\"contentUrl\":\"https:\/\/idakorea.ee\/wp-content\/uploads\/2024\/05\/cropped-korea3.png\",\"width\":688,\"height\":126,\"caption\":\"IDA.KOREA\"},\"image\":{\"@id\":\"https:\/\/idakorea.ee\/#\/schema\/logo\/image\/\"},\"sameAs\":[\"https:\/\/www.instagram.com\/ida.korea\/\"]}]}<\/script>\n<!-- \/ Yoast SEO plugin. -->","yoast_head_json":{"title":"Medi-Peel Peptide-Tox Bor-Cream, 50ml - IDA.KOREA","description":"Lifting cream with peptide complex has a strong anti-aging effect: increases skin elasticity and tone, reduces the depth of wrinkles. - Made in Korea","robots":{"index":"index","follow":"follow","max-snippet":"max-snippet:-1","max-image-preview":"max-image-preview:large","max-video-preview":"max-video-preview:-1"},"canonical":"https:\/\/idakorea.ee\/en\/product\/medi-peel-peptide-tox-bor-cream-50ml\/","og_locale":"en_US","og_type":"article","og_title":"Medi-Peel Peptide-Tox Bor-Cream, 50ml - IDA.KOREA","og_description":"Lifting-kreem peptiidikompleksiga omab tugevat vananemisvastast toimet: t\u00f5stab naha elastsust ja toonust, v\u00e4hendab kortsude s\u00fcgavust. - Made in Korea","og_url":"https:\/\/idakorea.ee\/en\/product\/medi-peel-peptide-tox-bor-cream-50ml\/","og_site_name":"IDA.KOREA","article_modified_time":"2026-03-22T17:02:42+00:00","og_image":[{"width":1200,"height":1200,"url":"https:\/\/idakorea.ee\/wp-content\/uploads\/2025\/11\/Medi-Peel-Bor-Tox-Peptide-Cream-idakorea.webp","type":"image\/webp"}],"twitter_card":"summary_large_image","twitter_misc":{"Est. reading time":"2 minutes"},"schema":{"@context":"https:\/\/schema.org","@graph":[{"@type":"WebPage","@id":"https:\/\/idakorea.ee\/product\/medi-peel-peptide-tox-bor-cream-50ml\/","url":"https:\/\/idakorea.ee\/product\/medi-peel-peptide-tox-bor-cream-50ml\/","name":"Medi-Peel Peptide-Tox Bor-Cream, 50ml - IDA.KOREA","isPartOf":{"@id":"https:\/\/idakorea.ee\/#website"},"primaryImageOfPage":{"@id":"https:\/\/idakorea.ee\/product\/medi-peel-peptide-tox-bor-cream-50ml\/#primaryimage"},"image":{"@id":"https:\/\/idakorea.ee\/product\/medi-peel-peptide-tox-bor-cream-50ml\/#primaryimage"},"thumbnailUrl":"https:\/\/idakorea.ee\/wp-content\/uploads\/2025\/11\/Medi-Peel-Bor-Tox-Peptide-Cream-idakorea.webp","datePublished":"2025-11-29T12:29:55+00:00","dateModified":"2026-03-22T17:02:42+00:00","description":"Lifting cream with peptide complex has a strong anti-aging effect: increases skin elasticity and tone, reduces the depth of wrinkles. - Made in Korea","breadcrumb":{"@id":"https:\/\/idakorea.ee\/product\/medi-peel-peptide-tox-bor-cream-50ml\/#breadcrumb"},"inLanguage":"en-US","potentialAction":[{"@type":"ReadAction","target":["https:\/\/idakorea.ee\/product\/medi-peel-peptide-tox-bor-cream-50ml\/"]}]},{"@type":"ImageObject","inLanguage":"en-US","@id":"https:\/\/idakorea.ee\/product\/medi-peel-peptide-tox-bor-cream-50ml\/#primaryimage","url":"https:\/\/idakorea.ee\/wp-content\/uploads\/2025\/11\/Medi-Peel-Bor-Tox-Peptide-Cream-idakorea.webp","contentUrl":"https:\/\/idakorea.ee\/wp-content\/uploads\/2025\/11\/Medi-Peel-Bor-Tox-Peptide-Cream-idakorea.webp","width":1200,"height":1200},{"@type":"BreadcrumbList","@id":"https:\/\/idakorea.ee\/product\/medi-peel-peptide-tox-bor-cream-50ml\/#breadcrumb","itemListElement":[{"@type":"ListItem","position":1,"name":"\u0413\u043b\u0430\u0432\u043d\u0430\u044f \u0441\u0442\u0440\u0430\u043d\u0438\u0446\u0430","item":"https:\/\/idakorea.ee\/"},{"@type":"ListItem","position":2,"name":"Shop","item":"https:\/\/idakorea.ee\/shop-2\/"},{"@type":"ListItem","position":3,"name":"Lifting-kreem MediPeel Peptide-Tox Bor-Cream, 50ml"}]},{"@type":"WebSite","@id":"https:\/\/idakorea.ee\/#website","url":"https:\/\/idakorea.ee\/","name":"IDA.KOREA","description":"Korean cosmetics e-shop","publisher":{"@id":"https:\/\/idakorea.ee\/#organization"},"alternateName":"Beauty Shop","potentialAction":[{"@type":"SearchAction","target":{"@type":"EntryPoint","urlTemplate":"https:\/\/idakorea.ee\/?s={search_term_string}"},"query-input":{"@type":"PropertyValueSpecification","valueRequired":true,"valueName":"search_term_string"}}],"inLanguage":"en-US"},{"@type":"Organization","@id":"https:\/\/idakorea.ee\/#organization","name":"IDA.KOREA","url":"https:\/\/idakorea.ee\/","logo":{"@type":"ImageObject","inLanguage":"en-US","@id":"https:\/\/idakorea.ee\/#\/schema\/logo\/image\/","url":"https:\/\/idakorea.ee\/wp-content\/uploads\/2024\/05\/cropped-korea3.png","contentUrl":"https:\/\/idakorea.ee\/wp-content\/uploads\/2024\/05\/cropped-korea3.png","width":688,"height":126,"caption":"IDA.KOREA"},"image":{"@id":"https:\/\/idakorea.ee\/#\/schema\/logo\/image\/"},"sameAs":["https:\/\/www.instagram.com\/ida.korea\/"]}]}},"jetpack_sharing_enabled":true,"brands":[{"id":107,"name":"MEDIPEEL+","slug":"medipeel"}],"_links":{"self":[{"href":"https:\/\/idakorea.ee\/en\/wp-json\/wp\/v2\/product\/16658","targetHints":{"allow":["GET"]}}],"collection":[{"href":"https:\/\/idakorea.ee\/en\/wp-json\/wp\/v2\/product"}],"about":[{"href":"https:\/\/idakorea.ee\/en\/wp-json\/wp\/v2\/types\/product"}],"replies":[{"embeddable":true,"href":"https:\/\/idakorea.ee\/en\/wp-json\/wp\/v2\/comments?post=16658"}],"version-history":[{"count":1,"href":"https:\/\/idakorea.ee\/en\/wp-json\/wp\/v2\/product\/16658\/revisions"}],"predecessor-version":[{"id":16662,"href":"https:\/\/idakorea.ee\/en\/wp-json\/wp\/v2\/product\/16658\/revisions\/16662"}],"wp:featuredmedia":[{"embeddable":true,"href":"https:\/\/idakorea.ee\/en\/wp-json\/wp\/v2\/media\/16659"}],"wp:attachment":[{"href":"https:\/\/idakorea.ee\/en\/wp-json\/wp\/v2\/media?parent=16658"}],"wp:term":[{"taxonomy":"pwb-brand","embeddable":true,"href":"https:\/\/idakorea.ee\/en\/wp-json\/wp\/v2\/pwb-brand?post=16658"},{"taxonomy":"product_brand","embeddable":true,"href":"https:\/\/idakorea.ee\/en\/wp-json\/wp\/v2\/product_brand?post=16658"},{"taxonomy":"product_cat","embeddable":true,"href":"https:\/\/idakorea.ee\/en\/wp-json\/wp\/v2\/product_cat?post=16658"},{"taxonomy":"product_tag","embeddable":true,"href":"https:\/\/idakorea.ee\/en\/wp-json\/wp\/v2\/product_tag?post=16658"}],"curies":[{"name":"wp","href":"https:\/\/api.w.org\/{rel}","templated":true}]}}