{"id":16703,"date":"2025-12-02T09:52:42","date_gmt":"2025-12-02T07:52:42","guid":{"rendered":"https:\/\/idakorea.ee\/?post_type=product&#038;p=16703"},"modified":"2026-04-13T20:27:24","modified_gmt":"2026-04-13T18:27:24","slug":"ahc-premier-ampoule-eye-cream-for-face-12ml","status":"publish","type":"product","link":"https:\/\/idakorea.ee\/en\/product\/ahc-premier-ampoule-eye-cream-for-face-12ml\/","title":{"rendered":"Highly concentrated eye cream AHC Premier Ampoule Eye Cream for Face, 12ml"},"content":{"rendered":"<p><strong>AHC Premier Ampoule Eye Cream for Face<\/strong> is a highly concentrated eye cream suitable for use on the entire face. The cream helps to tighten skin contours, improve elasticity and reduce the appearance of wrinkles. The light yet nourishing formula absorbs quickly and does not leave a sticky feeling on the skin.<\/p>\n<p>The unique Bonding Collagen T7 and Peptide Thread Complex deeply support the skin&#039;s structure, helping to strengthen the skin and improve its density. Regular use makes the skin smoother, more hydrated and softer.<\/p>\n<p><strong>Product advantages<\/strong><\/p>\n<ul>\n<li>Tightens and strengthens the skin<\/li>\n<li>Smoothes wrinkles and expression lines<\/li>\n<li>Suitable for use around the eyes and on the entire face<\/li>\n<li>Improves skin elasticity and tone<\/li>\n<li>Deeply moisturizes and does not leave the skin greasy<\/li>\n<li>Mini size is suitable for travel and trying out<\/li>\n<\/ul>\n<p><strong>Main ingredients<\/strong><\/p>\n<ul>\n<li><strong>Bonding Collagen T7<\/strong> \u2013 supports the cohesion of collagen fibers, improving skin strength.<\/li>\n<li><strong>Peptide Thread Complex<\/strong> \u2013 helps smooth facial lines and reduce the appearance of deep wrinkles.<\/li>\n<li><strong>Moisturizing and nourishing ingredients<\/strong> \u2013 restores skin softness and elasticity.<\/li>\n<\/ul>\n<p><strong>Use of<\/strong><\/p>\n<p><strong>For the eye area:<\/strong><br \/>\nApply a small amount of cream to cleansed and toned skin and gently pat until absorbed.<\/p>\n<p><strong>For the entire face:<\/strong><br \/>\nUse the cream as the last step in your beauty routine, then apply a thin layer to problem areas (forehead, nasolabial folds, jawline).<\/p>","protected":false},"excerpt":{"rendered":"<p>AHC Premier Ampoule Eye Cream for Face is a highly concentrated eye cream that is suitable for use on the entire face. The cream helps to tighten skin contours, improve elasticity and reduce the appearance of wrinkles. The light but nourishing formula absorbs quickly and does not leave a sticky feeling on the skin. The unique Bonding Collagen T7 and Peptide Thread Complex deeply support the skin&#039;s structure, helping to strengthen the skin and improve its\u2026<\/p>","protected":false},"featured_media":16707,"comment_status":"open","ping_status":"closed","template":"","meta":{"_uf_show_specific_survey":0,"_uf_disable_surveys":false,"_bst_post_transparent":"default","_bst_post_title":"","_bst_post_layout":"default","_bst_post_sidebar_id":"","_bst_post_content_style":"default","_bst_post_vertical_padding":"default","_bst_post_feature":"","_bst_post_feature_position":"","_bst_post_header":false,"_bst_post_footer":false},"pwb-brand":[236],"product_brand":[],"product_cat":[92,96,201],"product_tag":[517,1032,568],"class_list":{"0":"post-16703","1":"product","2":"type-product","3":"status-publish","4":"has-post-thumbnail","6":"pwb-brand-ahc","7":"product_cat-nagu","8":"product_cat-naokreemid","9":"product_cat-silmakreem","10":"product_tag-collagen","11":"product_tag-eye","12":"product_tag-korea","14":"first","15":"instock","16":"sale","17":"shipping-taxable","18":"purchasable","19":"product-type-simple","20":"entry","21":"content-bg","22":"loop-entry"},"supplier_id":null,"supplier_sku":"","barcode":null,"atum_controlled":true,"out_stock_date":null,"out_stock_threshold":null,"inheritable":false,"inbound_stock":0,"stock_on_hold":0,"sold_today":0,"sales_last_days":16,"out_stock_days":0,"lost_sales":0,"has_location":false,"update_date":"2026-04-14T10:04:21","atum_locations":[],"atum_stock_status":"instock","restock_status":true,"low_stock_amount":"","sales_update_date":"2026-04-14T10:04:21","calc_backorders":null,"yoast_head":"<!-- This site is optimized with the Yoast SEO plugin v27.2 - https:\/\/yoast.com\/product\/yoast-seo-wordpress\/ -->\n<title>AHC Premier Ampoule Eye Cream for Face, 12ml - IDA.KOREA<\/title>\n<meta name=\"description\" content=\"K\u00f5rgkontsentreeritud silma\u00fcmbruskreem, mis sobib kasutamiseks kogu n\u00e4ol. Kreem aitab pinguldada naha kontuure, parandada elastsust. - Kiire tarne!\" \/>\n<meta name=\"robots\" content=\"index, follow, max-snippet:-1, max-image-preview:large, max-video-preview:-1\" \/>\n<link rel=\"canonical\" href=\"https:\/\/idakorea.ee\/en\/product\/ahc-premier-ampoule-eye-cream-for-face-12ml\/\" \/>\n<meta property=\"og:locale\" content=\"en_US\" \/>\n<meta property=\"og:type\" content=\"article\" \/>\n<meta property=\"og:title\" content=\"AHC Premier Ampoule Eye Cream for Face, 12ml - IDA.KOREA\" \/>\n<meta property=\"og:description\" content=\"K\u00f5rgkontsentreeritud silma\u00fcmbruskreem, mis sobib kasutamiseks kogu n\u00e4ol. Kreem aitab pinguldada naha kontuure, parandada elastsust. - Kiire tarne!\" \/>\n<meta property=\"og:url\" content=\"https:\/\/idakorea.ee\/en\/product\/ahc-premier-ampoule-eye-cream-for-face-12ml\/\" \/>\n<meta property=\"og:site_name\" content=\"IDA.KOREA\" \/>\n<meta property=\"article:modified_time\" content=\"2026-04-13T18:27:24+00:00\" \/>\n<meta property=\"og:image\" content=\"https:\/\/idakorea.ee\/wp-content\/uploads\/2025\/12\/XXL_p0218220778.webp\" \/>\n\t<meta property=\"og:image:width\" content=\"640\" \/>\n\t<meta property=\"og:image:height\" content=\"640\" \/>\n\t<meta property=\"og:image:type\" content=\"image\/webp\" \/>\n<meta name=\"twitter:card\" content=\"summary_large_image\" \/>\n<meta name=\"twitter:label1\" content=\"Est. reading time\" \/>\n\t<meta name=\"twitter:data1\" content=\"2 minutes\" \/>\n<script type=\"application\/ld+json\" class=\"yoast-schema-graph\">{\"@context\":\"https:\/\/schema.org\",\"@graph\":[{\"@type\":\"WebPage\",\"@id\":\"https:\/\/idakorea.ee\/product\/ahc-premier-ampoule-eye-cream-for-face-12ml\/\",\"url\":\"https:\/\/idakorea.ee\/product\/ahc-premier-ampoule-eye-cream-for-face-12ml\/\",\"name\":\"AHC Premier Ampoule Eye Cream for Face, 12ml - IDA.KOREA\",\"isPartOf\":{\"@id\":\"https:\/\/idakorea.ee\/#website\"},\"primaryImageOfPage\":{\"@id\":\"https:\/\/idakorea.ee\/product\/ahc-premier-ampoule-eye-cream-for-face-12ml\/#primaryimage\"},\"image\":{\"@id\":\"https:\/\/idakorea.ee\/product\/ahc-premier-ampoule-eye-cream-for-face-12ml\/#primaryimage\"},\"thumbnailUrl\":\"https:\/\/idakorea.ee\/wp-content\/uploads\/2025\/12\/XXL_p0218220778.webp\",\"datePublished\":\"2025-12-02T07:52:42+00:00\",\"dateModified\":\"2026-04-13T18:27:24+00:00\",\"description\":\"K\u00f5rgkontsentreeritud silma\u00fcmbruskreem, mis sobib kasutamiseks kogu n\u00e4ol. Kreem aitab pinguldada naha kontuure, parandada elastsust. - Kiire tarne!\",\"breadcrumb\":{\"@id\":\"https:\/\/idakorea.ee\/product\/ahc-premier-ampoule-eye-cream-for-face-12ml\/#breadcrumb\"},\"inLanguage\":\"en-US\",\"potentialAction\":[{\"@type\":\"ReadAction\",\"target\":[\"https:\/\/idakorea.ee\/product\/ahc-premier-ampoule-eye-cream-for-face-12ml\/\"]}]},{\"@type\":\"ImageObject\",\"inLanguage\":\"en-US\",\"@id\":\"https:\/\/idakorea.ee\/product\/ahc-premier-ampoule-eye-cream-for-face-12ml\/#primaryimage\",\"url\":\"https:\/\/idakorea.ee\/wp-content\/uploads\/2025\/12\/XXL_p0218220778.webp\",\"contentUrl\":\"https:\/\/idakorea.ee\/wp-content\/uploads\/2025\/12\/XXL_p0218220778.webp\",\"width\":640,\"height\":640},{\"@type\":\"BreadcrumbList\",\"@id\":\"https:\/\/idakorea.ee\/product\/ahc-premier-ampoule-eye-cream-for-face-12ml\/#breadcrumb\",\"itemListElement\":[{\"@type\":\"ListItem\",\"position\":1,\"name\":\"\u0413\u043b\u0430\u0432\u043d\u0430\u044f \u0441\u0442\u0440\u0430\u043d\u0438\u0446\u0430\",\"item\":\"https:\/\/idakorea.ee\/\"},{\"@type\":\"ListItem\",\"position\":2,\"name\":\"Shop\",\"item\":\"https:\/\/idakorea.ee\/shop-2\/\"},{\"@type\":\"ListItem\",\"position\":3,\"name\":\"K\u00f5rgkontsentreeritud silma\u00fcmbruskreem AHC Premier Ampoule Eye Cream for Face, 12ml\"}]},{\"@type\":\"WebSite\",\"@id\":\"https:\/\/idakorea.ee\/#website\",\"url\":\"https:\/\/idakorea.ee\/\",\"name\":\"IDA.KOREA\",\"description\":\"Korea kosmeetika e-pood\",\"publisher\":{\"@id\":\"https:\/\/idakorea.ee\/#organization\"},\"alternateName\":\"Beauty Shop\",\"potentialAction\":[{\"@type\":\"SearchAction\",\"target\":{\"@type\":\"EntryPoint\",\"urlTemplate\":\"https:\/\/idakorea.ee\/?s={search_term_string}\"},\"query-input\":{\"@type\":\"PropertyValueSpecification\",\"valueRequired\":true,\"valueName\":\"search_term_string\"}}],\"inLanguage\":\"en-US\"},{\"@type\":\"Organization\",\"@id\":\"https:\/\/idakorea.ee\/#organization\",\"name\":\"IDA.KOREA\",\"url\":\"https:\/\/idakorea.ee\/\",\"logo\":{\"@type\":\"ImageObject\",\"inLanguage\":\"en-US\",\"@id\":\"https:\/\/idakorea.ee\/#\/schema\/logo\/image\/\",\"url\":\"https:\/\/idakorea.ee\/wp-content\/uploads\/2024\/05\/cropped-korea3.png\",\"contentUrl\":\"https:\/\/idakorea.ee\/wp-content\/uploads\/2024\/05\/cropped-korea3.png\",\"width\":688,\"height\":126,\"caption\":\"IDA.KOREA\"},\"image\":{\"@id\":\"https:\/\/idakorea.ee\/#\/schema\/logo\/image\/\"},\"sameAs\":[\"https:\/\/www.instagram.com\/ida.korea\/\"]}]}<\/script>\n<!-- \/ Yoast SEO plugin. -->","yoast_head_json":{"title":"AHC Premier Ampoule Eye Cream for Face, 12ml - IDA.KOREA","description":"Highly concentrated eye cream suitable for use on the entire face. The cream helps tighten skin contours and improve elasticity. - Fast delivery!","robots":{"index":"index","follow":"follow","max-snippet":"max-snippet:-1","max-image-preview":"max-image-preview:large","max-video-preview":"max-video-preview:-1"},"canonical":"https:\/\/idakorea.ee\/en\/product\/ahc-premier-ampoule-eye-cream-for-face-12ml\/","og_locale":"en_US","og_type":"article","og_title":"AHC Premier Ampoule Eye Cream for Face, 12ml - IDA.KOREA","og_description":"K\u00f5rgkontsentreeritud silma\u00fcmbruskreem, mis sobib kasutamiseks kogu n\u00e4ol. Kreem aitab pinguldada naha kontuure, parandada elastsust. - Kiire tarne!","og_url":"https:\/\/idakorea.ee\/en\/product\/ahc-premier-ampoule-eye-cream-for-face-12ml\/","og_site_name":"IDA.KOREA","article_modified_time":"2026-04-13T18:27:24+00:00","og_image":[{"width":640,"height":640,"url":"https:\/\/idakorea.ee\/wp-content\/uploads\/2025\/12\/XXL_p0218220778.webp","type":"image\/webp"}],"twitter_card":"summary_large_image","twitter_misc":{"Est. reading time":"2 minutes"},"schema":{"@context":"https:\/\/schema.org","@graph":[{"@type":"WebPage","@id":"https:\/\/idakorea.ee\/product\/ahc-premier-ampoule-eye-cream-for-face-12ml\/","url":"https:\/\/idakorea.ee\/product\/ahc-premier-ampoule-eye-cream-for-face-12ml\/","name":"AHC Premier Ampoule Eye Cream for Face, 12ml - IDA.KOREA","isPartOf":{"@id":"https:\/\/idakorea.ee\/#website"},"primaryImageOfPage":{"@id":"https:\/\/idakorea.ee\/product\/ahc-premier-ampoule-eye-cream-for-face-12ml\/#primaryimage"},"image":{"@id":"https:\/\/idakorea.ee\/product\/ahc-premier-ampoule-eye-cream-for-face-12ml\/#primaryimage"},"thumbnailUrl":"https:\/\/idakorea.ee\/wp-content\/uploads\/2025\/12\/XXL_p0218220778.webp","datePublished":"2025-12-02T07:52:42+00:00","dateModified":"2026-04-13T18:27:24+00:00","description":"Highly concentrated eye cream suitable for use on the entire face. The cream helps tighten skin contours and improve elasticity. - Fast delivery!","breadcrumb":{"@id":"https:\/\/idakorea.ee\/product\/ahc-premier-ampoule-eye-cream-for-face-12ml\/#breadcrumb"},"inLanguage":"en-US","potentialAction":[{"@type":"ReadAction","target":["https:\/\/idakorea.ee\/product\/ahc-premier-ampoule-eye-cream-for-face-12ml\/"]}]},{"@type":"ImageObject","inLanguage":"en-US","@id":"https:\/\/idakorea.ee\/product\/ahc-premier-ampoule-eye-cream-for-face-12ml\/#primaryimage","url":"https:\/\/idakorea.ee\/wp-content\/uploads\/2025\/12\/XXL_p0218220778.webp","contentUrl":"https:\/\/idakorea.ee\/wp-content\/uploads\/2025\/12\/XXL_p0218220778.webp","width":640,"height":640},{"@type":"BreadcrumbList","@id":"https:\/\/idakorea.ee\/product\/ahc-premier-ampoule-eye-cream-for-face-12ml\/#breadcrumb","itemListElement":[{"@type":"ListItem","position":1,"name":"\u0413\u043b\u0430\u0432\u043d\u0430\u044f \u0441\u0442\u0440\u0430\u043d\u0438\u0446\u0430","item":"https:\/\/idakorea.ee\/"},{"@type":"ListItem","position":2,"name":"Shop","item":"https:\/\/idakorea.ee\/shop-2\/"},{"@type":"ListItem","position":3,"name":"K\u00f5rgkontsentreeritud silma\u00fcmbruskreem AHC Premier Ampoule Eye Cream for Face, 12ml"}]},{"@type":"WebSite","@id":"https:\/\/idakorea.ee\/#website","url":"https:\/\/idakorea.ee\/","name":"IDA.KOREA","description":"Korean cosmetics e-shop","publisher":{"@id":"https:\/\/idakorea.ee\/#organization"},"alternateName":"Beauty Shop","potentialAction":[{"@type":"SearchAction","target":{"@type":"EntryPoint","urlTemplate":"https:\/\/idakorea.ee\/?s={search_term_string}"},"query-input":{"@type":"PropertyValueSpecification","valueRequired":true,"valueName":"search_term_string"}}],"inLanguage":"en-US"},{"@type":"Organization","@id":"https:\/\/idakorea.ee\/#organization","name":"IDA.KOREA","url":"https:\/\/idakorea.ee\/","logo":{"@type":"ImageObject","inLanguage":"en-US","@id":"https:\/\/idakorea.ee\/#\/schema\/logo\/image\/","url":"https:\/\/idakorea.ee\/wp-content\/uploads\/2024\/05\/cropped-korea3.png","contentUrl":"https:\/\/idakorea.ee\/wp-content\/uploads\/2024\/05\/cropped-korea3.png","width":688,"height":126,"caption":"IDA.KOREA"},"image":{"@id":"https:\/\/idakorea.ee\/#\/schema\/logo\/image\/"},"sameAs":["https:\/\/www.instagram.com\/ida.korea\/"]}]}},"jetpack_sharing_enabled":true,"brands":[{"id":236,"name":"AHC","slug":"ahc"}],"_links":{"self":[{"href":"https:\/\/idakorea.ee\/en\/wp-json\/wp\/v2\/product\/16703","targetHints":{"allow":["GET"]}}],"collection":[{"href":"https:\/\/idakorea.ee\/en\/wp-json\/wp\/v2\/product"}],"about":[{"href":"https:\/\/idakorea.ee\/en\/wp-json\/wp\/v2\/types\/product"}],"replies":[{"embeddable":true,"href":"https:\/\/idakorea.ee\/en\/wp-json\/wp\/v2\/comments?post=16703"}],"version-history":[{"count":2,"href":"https:\/\/idakorea.ee\/en\/wp-json\/wp\/v2\/product\/16703\/revisions"}],"predecessor-version":[{"id":16709,"href":"https:\/\/idakorea.ee\/en\/wp-json\/wp\/v2\/product\/16703\/revisions\/16709"}],"wp:featuredmedia":[{"embeddable":true,"href":"https:\/\/idakorea.ee\/en\/wp-json\/wp\/v2\/media\/16707"}],"wp:attachment":[{"href":"https:\/\/idakorea.ee\/en\/wp-json\/wp\/v2\/media?parent=16703"}],"wp:term":[{"taxonomy":"pwb-brand","embeddable":true,"href":"https:\/\/idakorea.ee\/en\/wp-json\/wp\/v2\/pwb-brand?post=16703"},{"taxonomy":"product_brand","embeddable":true,"href":"https:\/\/idakorea.ee\/en\/wp-json\/wp\/v2\/product_brand?post=16703"},{"taxonomy":"product_cat","embeddable":true,"href":"https:\/\/idakorea.ee\/en\/wp-json\/wp\/v2\/product_cat?post=16703"},{"taxonomy":"product_tag","embeddable":true,"href":"https:\/\/idakorea.ee\/en\/wp-json\/wp\/v2\/product_tag?post=16703"}],"curies":[{"name":"wp","href":"https:\/\/api.w.org\/{rel}","templated":true}]}}