{"id":16718,"date":"2025-12-03T14:11:54","date_gmt":"2025-12-03T12:11:54","guid":{"rendered":"https:\/\/idakorea.ee\/?post_type=product&#038;p=16718"},"modified":"2026-04-14T11:14:39","modified_gmt":"2026-04-14T09:14:39","slug":"medicube-zero-pore-blackhead-deep-cleansing-oil-205-ml","status":"publish","type":"product","link":"https:\/\/idakorea.ee\/en\/product\/medicube-zero-pore-blackhead-deep-cleansing-oil-205-ml\/","title":{"rendered":"Hydrophilic oil Medicube Zero Pore Blackhead Deep Cleansing Oil, 205 ml"},"content":{"rendered":"<p><strong>Medicube Zero Pore Blackhead Deep Cleansing Oil<\/strong> is a hydrophilic oil that effectively removes makeup, foundation, sunscreen residue, and other dirt. The oil penetrates deep into pores, cleanses them, dissolves comedones, and helps prevent the formation of blackheads.<\/p>\n<p>The product gently exfoliates, softens and evens out the skin&#039;s texture. Normalizes the work of the sebaceous glands, soothes the skin and supports the healing of inflamed areas. Does not cause dryness or a feeling of tightness.<\/p>\n<p><strong>Main active ingredients:<\/strong><\/p>\n<ul>\n<li><strong>11 vegetable oils<\/strong> \u2013 nourish, moisturize and restore the skin, eliminate dryness and flaking, and provide antioxidant protection.<\/li>\n<li><strong>LHA (caprylic salicylic acid)<\/strong> \u2013 a gentle BHA analogue with a larger molecule that acts more delicately. Dissolves dirt in pores, brightens sebum and prevents the formation of blackheads.<\/li>\n<li><strong>Niacinamide (vitamin B3)<\/strong> \u2013 slows down the penetration of melanin into the epidermis, preventing the formation of pigmentation spots. Regulates sebum secretion, reduces shine and helps make pores less noticeable.<\/li>\n<li><strong>White willow bark extract<\/strong> \u2013 acts as a gentle exfoliant, smoothes micro-relief, has an antibacterial effect, and helps reduce inflammation and the risk of acne.<\/li>\n<li><strong>Guaiazulene<\/strong> \u2013 a synthetic azulene derivative that soothes and repairs microdamage, acts as an antioxidant, and strengthens the skin&#039;s natural defenses.<\/li>\n<\/ul>\n<p>Suitable for all skin types.<\/p>\n<p><strong>Usage:<\/strong><\/p>\n<p>Apply the required amount of oil to dry skin and massage gently. Add a little water and continue massaging until the oil turns into an emulsion. Rinse with warm water and continue your cleansing routine with a gel or foam.<\/p>\n<hr \/>","protected":false},"excerpt":{"rendered":"<p>Medicube Zero Pore Blackhead Deep Cleansing Oil is a hydrophilic oil that effectively removes makeup, foundation, sunscreen residue and other dirt. The oil penetrates deep into pores, cleanses them, dissolves comedones and helps prevent the formation of blackheads. The product gently exfoliates, softens and evens out the skin texture. Normalizes the work of the sebaceous glands, soothes the skin and supports the healing of inflamed areas. Does not cause dryness\u2026<\/p>","protected":false},"featured_media":16721,"comment_status":"open","ping_status":"closed","template":"","meta":{"_uf_show_specific_survey":0,"_uf_disable_surveys":false,"_bst_post_transparent":"default","_bst_post_title":"","_bst_post_layout":"default","_bst_post_sidebar_id":"","_bst_post_content_style":"default","_bst_post_vertical_padding":"default","_bst_post_feature":"","_bst_post_feature_position":"","_bst_post_header":false,"_bst_post_footer":false},"pwb-brand":[490],"product_brand":[],"product_cat":[1029,92,452,100],"product_tag":[568,721,671,449],"class_list":{"0":"post-16718","1":"product","2":"type-product","3":"status-publish","4":"has-post-thumbnail","6":"pwb-brand-medicube","7":"product_cat-meigieemaldus","8":"product_cat-nagu","9":"product_cat-naopuhastusgeelid","10":"product_cat-puhastusvahendid","11":"product_tag-korea","12":"product_tag-medicube","13":"product_tag-oil","14":"product_tag-pore","16":"first","17":"outofstock","18":"sale","19":"shipping-taxable","20":"purchasable","21":"product-type-simple","22":"entry","23":"content-bg","24":"loop-entry"},"supplier_id":null,"supplier_sku":"","barcode":null,"atum_controlled":true,"out_stock_date":"2026-04-14 11:14:39","out_stock_threshold":null,"inheritable":false,"inbound_stock":0,"stock_on_hold":0,"sold_today":0,"sales_last_days":2,"out_stock_days":0,"lost_sales":0,"has_location":false,"update_date":"2026-04-14T13:16:58","atum_locations":[],"atum_stock_status":"outofstock","restock_status":false,"low_stock_amount":"","sales_update_date":"2026-04-14T13:16:58","calc_backorders":null,"yoast_head":"<!-- This site is optimized with the Yoast SEO plugin v27.2 - https:\/\/yoast.com\/product\/yoast-seo-wordpress\/ -->\n<title>Medicube Zero Pore Blackhead Deep Cleansing Oil, 205 ml - IDA.KOREA<\/title>\n<meta name=\"description\" content=\"H\u00fcdrofiilne \u00f5li, mis eemaldab t\u00f5husalt meigi, jumestuskreemi, p\u00e4ikesekaitsetoote j\u00e4\u00e4gid, tungib s\u00fcgavale pooridesse, puhastab neid, lahustab komedoone.\" \/>\n<meta name=\"robots\" content=\"index, follow, max-snippet:-1, max-image-preview:large, max-video-preview:-1\" \/>\n<link rel=\"canonical\" href=\"https:\/\/idakorea.ee\/en\/product\/medicube-zero-pore-blackhead-deep-cleansing-oil-205-ml\/\" \/>\n<meta property=\"og:locale\" content=\"en_US\" \/>\n<meta property=\"og:type\" content=\"article\" \/>\n<meta property=\"og:title\" content=\"Medicube Zero Pore Blackhead Deep Cleansing Oil, 205 ml - IDA.KOREA\" \/>\n<meta property=\"og:description\" content=\"H\u00fcdrofiilne \u00f5li, mis eemaldab t\u00f5husalt meigi, jumestuskreemi, p\u00e4ikesekaitsetoote j\u00e4\u00e4gid, tungib s\u00fcgavale pooridesse, puhastab neid, lahustab komedoone.\" \/>\n<meta property=\"og:url\" content=\"https:\/\/idakorea.ee\/en\/product\/medicube-zero-pore-blackhead-deep-cleansing-oil-205-ml\/\" \/>\n<meta property=\"og:site_name\" content=\"IDA.KOREA\" \/>\n<meta property=\"article:modified_time\" content=\"2026-04-14T09:14:39+00:00\" \/>\n<meta property=\"og:image\" content=\"https:\/\/idakorea.ee\/wp-content\/uploads\/2025\/12\/MedicubeZeroPoreBlackheadDeepCleansingOil-idakorea.webp\" \/>\n\t<meta property=\"og:image:width\" content=\"1200\" \/>\n\t<meta property=\"og:image:height\" content=\"1200\" \/>\n\t<meta property=\"og:image:type\" content=\"image\/webp\" \/>\n<meta name=\"twitter:card\" content=\"summary_large_image\" \/>\n<meta name=\"twitter:label1\" content=\"Est. reading time\" \/>\n\t<meta name=\"twitter:data1\" content=\"2 minutes\" \/>\n<script type=\"application\/ld+json\" class=\"yoast-schema-graph\">{\"@context\":\"https:\/\/schema.org\",\"@graph\":[{\"@type\":\"WebPage\",\"@id\":\"https:\/\/idakorea.ee\/product\/medicube-zero-pore-blackhead-deep-cleansing-oil-205-ml\/\",\"url\":\"https:\/\/idakorea.ee\/product\/medicube-zero-pore-blackhead-deep-cleansing-oil-205-ml\/\",\"name\":\"Medicube Zero Pore Blackhead Deep Cleansing Oil, 205 ml - IDA.KOREA\",\"isPartOf\":{\"@id\":\"https:\/\/idakorea.ee\/#website\"},\"primaryImageOfPage\":{\"@id\":\"https:\/\/idakorea.ee\/product\/medicube-zero-pore-blackhead-deep-cleansing-oil-205-ml\/#primaryimage\"},\"image\":{\"@id\":\"https:\/\/idakorea.ee\/product\/medicube-zero-pore-blackhead-deep-cleansing-oil-205-ml\/#primaryimage\"},\"thumbnailUrl\":\"https:\/\/idakorea.ee\/wp-content\/uploads\/2025\/12\/MedicubeZeroPoreBlackheadDeepCleansingOil-idakorea.webp\",\"datePublished\":\"2025-12-03T12:11:54+00:00\",\"dateModified\":\"2026-04-14T09:14:39+00:00\",\"description\":\"H\u00fcdrofiilne \u00f5li, mis eemaldab t\u00f5husalt meigi, jumestuskreemi, p\u00e4ikesekaitsetoote j\u00e4\u00e4gid, tungib s\u00fcgavale pooridesse, puhastab neid, lahustab komedoone.\",\"breadcrumb\":{\"@id\":\"https:\/\/idakorea.ee\/product\/medicube-zero-pore-blackhead-deep-cleansing-oil-205-ml\/#breadcrumb\"},\"inLanguage\":\"en-US\",\"potentialAction\":[{\"@type\":\"ReadAction\",\"target\":[\"https:\/\/idakorea.ee\/product\/medicube-zero-pore-blackhead-deep-cleansing-oil-205-ml\/\"]}]},{\"@type\":\"ImageObject\",\"inLanguage\":\"en-US\",\"@id\":\"https:\/\/idakorea.ee\/product\/medicube-zero-pore-blackhead-deep-cleansing-oil-205-ml\/#primaryimage\",\"url\":\"https:\/\/idakorea.ee\/wp-content\/uploads\/2025\/12\/MedicubeZeroPoreBlackheadDeepCleansingOil-idakorea.webp\",\"contentUrl\":\"https:\/\/idakorea.ee\/wp-content\/uploads\/2025\/12\/MedicubeZeroPoreBlackheadDeepCleansingOil-idakorea.webp\",\"width\":1200,\"height\":1200},{\"@type\":\"BreadcrumbList\",\"@id\":\"https:\/\/idakorea.ee\/product\/medicube-zero-pore-blackhead-deep-cleansing-oil-205-ml\/#breadcrumb\",\"itemListElement\":[{\"@type\":\"ListItem\",\"position\":1,\"name\":\"\u0413\u043b\u0430\u0432\u043d\u0430\u044f \u0441\u0442\u0440\u0430\u043d\u0438\u0446\u0430\",\"item\":\"https:\/\/idakorea.ee\/\"},{\"@type\":\"ListItem\",\"position\":2,\"name\":\"Shop\",\"item\":\"https:\/\/idakorea.ee\/shop-2\/\"},{\"@type\":\"ListItem\",\"position\":3,\"name\":\"H\u00fcdrofiilne \u00f5li Medicube Zero Pore Blackhead Deep Cleansing Oil, 205 ml\"}]},{\"@type\":\"WebSite\",\"@id\":\"https:\/\/idakorea.ee\/#website\",\"url\":\"https:\/\/idakorea.ee\/\",\"name\":\"IDA.KOREA\",\"description\":\"Korea kosmeetika e-pood\",\"publisher\":{\"@id\":\"https:\/\/idakorea.ee\/#organization\"},\"alternateName\":\"Beauty Shop\",\"potentialAction\":[{\"@type\":\"SearchAction\",\"target\":{\"@type\":\"EntryPoint\",\"urlTemplate\":\"https:\/\/idakorea.ee\/?s={search_term_string}\"},\"query-input\":{\"@type\":\"PropertyValueSpecification\",\"valueRequired\":true,\"valueName\":\"search_term_string\"}}],\"inLanguage\":\"en-US\"},{\"@type\":\"Organization\",\"@id\":\"https:\/\/idakorea.ee\/#organization\",\"name\":\"IDA.KOREA\",\"url\":\"https:\/\/idakorea.ee\/\",\"logo\":{\"@type\":\"ImageObject\",\"inLanguage\":\"en-US\",\"@id\":\"https:\/\/idakorea.ee\/#\/schema\/logo\/image\/\",\"url\":\"https:\/\/idakorea.ee\/wp-content\/uploads\/2024\/05\/cropped-korea3.png\",\"contentUrl\":\"https:\/\/idakorea.ee\/wp-content\/uploads\/2024\/05\/cropped-korea3.png\",\"width\":688,\"height\":126,\"caption\":\"IDA.KOREA\"},\"image\":{\"@id\":\"https:\/\/idakorea.ee\/#\/schema\/logo\/image\/\"},\"sameAs\":[\"https:\/\/www.instagram.com\/ida.korea\/\"]}]}<\/script>\n<!-- \/ Yoast SEO plugin. -->","yoast_head_json":{"title":"Medicube Zero Pore Blackhead Deep Cleansing Oil, 205 ml - IDA.KOREA","description":"A hydrophilic oil that effectively removes makeup, foundation, and sunscreen residue, penetrates deep into pores, cleanses them, and dissolves comedones.","robots":{"index":"index","follow":"follow","max-snippet":"max-snippet:-1","max-image-preview":"max-image-preview:large","max-video-preview":"max-video-preview:-1"},"canonical":"https:\/\/idakorea.ee\/en\/product\/medicube-zero-pore-blackhead-deep-cleansing-oil-205-ml\/","og_locale":"en_US","og_type":"article","og_title":"Medicube Zero Pore Blackhead Deep Cleansing Oil, 205 ml - IDA.KOREA","og_description":"H\u00fcdrofiilne \u00f5li, mis eemaldab t\u00f5husalt meigi, jumestuskreemi, p\u00e4ikesekaitsetoote j\u00e4\u00e4gid, tungib s\u00fcgavale pooridesse, puhastab neid, lahustab komedoone.","og_url":"https:\/\/idakorea.ee\/en\/product\/medicube-zero-pore-blackhead-deep-cleansing-oil-205-ml\/","og_site_name":"IDA.KOREA","article_modified_time":"2026-04-14T09:14:39+00:00","og_image":[{"width":1200,"height":1200,"url":"https:\/\/idakorea.ee\/wp-content\/uploads\/2025\/12\/MedicubeZeroPoreBlackheadDeepCleansingOil-idakorea.webp","type":"image\/webp"}],"twitter_card":"summary_large_image","twitter_misc":{"Est. reading time":"2 minutes"},"schema":{"@context":"https:\/\/schema.org","@graph":[{"@type":"WebPage","@id":"https:\/\/idakorea.ee\/product\/medicube-zero-pore-blackhead-deep-cleansing-oil-205-ml\/","url":"https:\/\/idakorea.ee\/product\/medicube-zero-pore-blackhead-deep-cleansing-oil-205-ml\/","name":"Medicube Zero Pore Blackhead Deep Cleansing Oil, 205 ml - IDA.KOREA","isPartOf":{"@id":"https:\/\/idakorea.ee\/#website"},"primaryImageOfPage":{"@id":"https:\/\/idakorea.ee\/product\/medicube-zero-pore-blackhead-deep-cleansing-oil-205-ml\/#primaryimage"},"image":{"@id":"https:\/\/idakorea.ee\/product\/medicube-zero-pore-blackhead-deep-cleansing-oil-205-ml\/#primaryimage"},"thumbnailUrl":"https:\/\/idakorea.ee\/wp-content\/uploads\/2025\/12\/MedicubeZeroPoreBlackheadDeepCleansingOil-idakorea.webp","datePublished":"2025-12-03T12:11:54+00:00","dateModified":"2026-04-14T09:14:39+00:00","description":"A hydrophilic oil that effectively removes makeup, foundation, and sunscreen residue, penetrates deep into pores, cleanses them, and dissolves comedones.","breadcrumb":{"@id":"https:\/\/idakorea.ee\/product\/medicube-zero-pore-blackhead-deep-cleansing-oil-205-ml\/#breadcrumb"},"inLanguage":"en-US","potentialAction":[{"@type":"ReadAction","target":["https:\/\/idakorea.ee\/product\/medicube-zero-pore-blackhead-deep-cleansing-oil-205-ml\/"]}]},{"@type":"ImageObject","inLanguage":"en-US","@id":"https:\/\/idakorea.ee\/product\/medicube-zero-pore-blackhead-deep-cleansing-oil-205-ml\/#primaryimage","url":"https:\/\/idakorea.ee\/wp-content\/uploads\/2025\/12\/MedicubeZeroPoreBlackheadDeepCleansingOil-idakorea.webp","contentUrl":"https:\/\/idakorea.ee\/wp-content\/uploads\/2025\/12\/MedicubeZeroPoreBlackheadDeepCleansingOil-idakorea.webp","width":1200,"height":1200},{"@type":"BreadcrumbList","@id":"https:\/\/idakorea.ee\/product\/medicube-zero-pore-blackhead-deep-cleansing-oil-205-ml\/#breadcrumb","itemListElement":[{"@type":"ListItem","position":1,"name":"\u0413\u043b\u0430\u0432\u043d\u0430\u044f \u0441\u0442\u0440\u0430\u043d\u0438\u0446\u0430","item":"https:\/\/idakorea.ee\/"},{"@type":"ListItem","position":2,"name":"Shop","item":"https:\/\/idakorea.ee\/shop-2\/"},{"@type":"ListItem","position":3,"name":"H\u00fcdrofiilne \u00f5li Medicube Zero Pore Blackhead Deep Cleansing Oil, 205 ml"}]},{"@type":"WebSite","@id":"https:\/\/idakorea.ee\/#website","url":"https:\/\/idakorea.ee\/","name":"IDA.KOREA","description":"Korean cosmetics e-shop","publisher":{"@id":"https:\/\/idakorea.ee\/#organization"},"alternateName":"Beauty Shop","potentialAction":[{"@type":"SearchAction","target":{"@type":"EntryPoint","urlTemplate":"https:\/\/idakorea.ee\/?s={search_term_string}"},"query-input":{"@type":"PropertyValueSpecification","valueRequired":true,"valueName":"search_term_string"}}],"inLanguage":"en-US"},{"@type":"Organization","@id":"https:\/\/idakorea.ee\/#organization","name":"IDA.KOREA","url":"https:\/\/idakorea.ee\/","logo":{"@type":"ImageObject","inLanguage":"en-US","@id":"https:\/\/idakorea.ee\/#\/schema\/logo\/image\/","url":"https:\/\/idakorea.ee\/wp-content\/uploads\/2024\/05\/cropped-korea3.png","contentUrl":"https:\/\/idakorea.ee\/wp-content\/uploads\/2024\/05\/cropped-korea3.png","width":688,"height":126,"caption":"IDA.KOREA"},"image":{"@id":"https:\/\/idakorea.ee\/#\/schema\/logo\/image\/"},"sameAs":["https:\/\/www.instagram.com\/ida.korea\/"]}]}},"jetpack_sharing_enabled":true,"brands":[{"id":490,"name":"MEDICUBE","slug":"medicube"}],"_links":{"self":[{"href":"https:\/\/idakorea.ee\/en\/wp-json\/wp\/v2\/product\/16718","targetHints":{"allow":["GET"]}}],"collection":[{"href":"https:\/\/idakorea.ee\/en\/wp-json\/wp\/v2\/product"}],"about":[{"href":"https:\/\/idakorea.ee\/en\/wp-json\/wp\/v2\/types\/product"}],"replies":[{"embeddable":true,"href":"https:\/\/idakorea.ee\/en\/wp-json\/wp\/v2\/comments?post=16718"}],"version-history":[{"count":1,"href":"https:\/\/idakorea.ee\/en\/wp-json\/wp\/v2\/product\/16718\/revisions"}],"predecessor-version":[{"id":16723,"href":"https:\/\/idakorea.ee\/en\/wp-json\/wp\/v2\/product\/16718\/revisions\/16723"}],"wp:featuredmedia":[{"embeddable":true,"href":"https:\/\/idakorea.ee\/en\/wp-json\/wp\/v2\/media\/16721"}],"wp:attachment":[{"href":"https:\/\/idakorea.ee\/en\/wp-json\/wp\/v2\/media?parent=16718"}],"wp:term":[{"taxonomy":"pwb-brand","embeddable":true,"href":"https:\/\/idakorea.ee\/en\/wp-json\/wp\/v2\/pwb-brand?post=16718"},{"taxonomy":"product_brand","embeddable":true,"href":"https:\/\/idakorea.ee\/en\/wp-json\/wp\/v2\/product_brand?post=16718"},{"taxonomy":"product_cat","embeddable":true,"href":"https:\/\/idakorea.ee\/en\/wp-json\/wp\/v2\/product_cat?post=16718"},{"taxonomy":"product_tag","embeddable":true,"href":"https:\/\/idakorea.ee\/en\/wp-json\/wp\/v2\/product_tag?post=16718"}],"curies":[{"name":"wp","href":"https:\/\/api.w.org\/{rel}","templated":true}]}}