{"id":16757,"date":"2025-12-07T16:38:21","date_gmt":"2025-12-07T14:38:21","guid":{"rendered":"https:\/\/idakorea.ee\/?post_type=product&#038;p=16757"},"modified":"2026-03-27T14:25:39","modified_gmt":"2026-03-27T12:25:39","slug":"centellian24-madeca-derma-mask-iii-brightening-formula","status":"publish","type":"product","link":"https:\/\/idakorea.ee\/en\/product\/centellian24-madeca-derma-mask-iii-brightening-formula\/","title":{"rendered":"Intensively evens out complexion with Centellian24 Madeca Derma Mask III Brightening Formula"},"content":{"rendered":"<p data-start=\"61\" data-end=\"351\">Intensively evens out complexion with a sheet mask <strong data-start=\"102\" data-end=\"160\">Centellian24 Madeca Derma Mask III Brightening Formula<\/strong> improves skin tone: soothes irritation, reduces redness and gently affects pigment spots \u2014 both age-related and post-inflammatory. The mask removes dullness and gives the skin a healthy glow.<\/p>\n<p data-start=\"353\" data-end=\"648\">Due to the high content of moisturizing ingredients, the mask restores the optimal hydrolipidic balance of the skin, even on sensitive and reactive skin with signs of dehydration. The balanced composition does not violate the natural pH level of the skin and creates a protective layer on the surface, preventing transepidermal moisture loss.<\/p>\n<p data-start=\"650\" data-end=\"730\">The mask fits snugly on the face and ensures effective absorption of active ingredients into the stratum corneum.<\/p>\n<p data-start=\"732\" data-end=\"758\"><strong data-start=\"732\" data-end=\"756\">Main active ingredients:<\/strong><\/p>\n<ul data-start=\"759\" data-end=\"1864\">\n<li data-start=\"759\" data-end=\"1072\">\n<p data-start=\"761\" data-end=\"1072\"><strong data-start=\"761\" data-end=\"854\">Patented complex TECA\u2122 (Asiaticoside, Madecassic Acid, Asiatic Acid, Madecassoside)<\/strong> \u2013 contains four centella asiatica derivative compounds that restore damaged skin, strengthen and nourish it. Relieve inflammatory processes and reduce irritation symptoms: itching, redness and flaking.<\/p>\n<\/li>\n<li data-start=\"1073\" data-end=\"1326\">\n<p data-start=\"1075\" data-end=\"1326\"><strong data-start=\"1075\" data-end=\"1106\">Niacinamide (vitamin B3)<\/strong> \u2013 slows down the penetration of melanin into the epidermis, helping to prevent the formation of age spots. Regulates sebum secretion, reduces shine and tightens pores. Strengthens the skin&#039;s defenses and reduces sensitivity to external irritants.<\/p>\n<\/li>\n<li data-start=\"1327\" data-end=\"1500\">\n<p data-start=\"1329\" data-end=\"1500\"><strong data-start=\"1329\" data-end=\"1340\">Caffeine<\/strong> \u2013 fights swelling, improves microcirculation, accelerates cell renewal and acts as a strong antioxidant, protecting the skin from oxidative stress.<\/p>\n<\/li>\n<li data-start=\"1501\" data-end=\"1703\">\n<p data-start=\"1503\" data-end=\"1703\"><strong data-start=\"1503\" data-end=\"1546\">Vitamin C (ascorbic acid polypeptide)<\/strong> in a stable form \u2013 gently exfoliates pigment spots, stimulates collagen synthesis, provides antioxidant protection and helps prevent the first signs of aging.<\/p>\n<\/li>\n<li data-start=\"1704\" data-end=\"1864\">\n<p data-start=\"1706\" data-end=\"1864\"><strong data-start=\"1706\" data-end=\"1730\">Agave stem extract<\/strong> \u2013 strengthens the protective function of the epidermis, improves cell metabolism and has a pronounced anti-inflammatory and antiseptic effect.<\/p>\n<\/li>\n<\/ul>\n<p data-start=\"1866\" data-end=\"1896\">Suitable for all skin types.<\/p>\n<p data-start=\"1898\" data-end=\"2122\"><strong data-start=\"1898\" data-end=\"1913\">Usage:<\/strong><br data-start=\"1913\" data-end=\"1916\" \/>After cleansing, toning and serum, apply the mask to your face and smooth evenly. Remove after 10-20 minutes and allow the remaining essence to absorb into your skin. Finish with a moisturizer if necessary.<\/p>","protected":false},"excerpt":{"rendered":"<p>The intensively even-toned Centellian24 Madeca Derma Mask III Brightening Formula sheet mask improves skin tone: soothes irritation, reduces redness, and gently affects pigment spots \u2014 both age-related and post-inflammatory. The mask removes dullness and gives the skin a healthy glow. Due to the high content of moisturizing ingredients, the mask restores the skin&#039;s optimal hydrolipidic balance, even on sensitive and reactive skin with signs of dehydration\u2026.<\/p>","protected":false},"featured_media":16758,"comment_status":"open","ping_status":"closed","template":"","meta":{"_uf_show_specific_survey":0,"_uf_disable_surveys":false,"_bst_post_transparent":"default","_bst_post_title":"","_bst_post_layout":"default","_bst_post_sidebar_id":"","_bst_post_content_style":"default","_bst_post_vertical_padding":"default","_bst_post_feature":"","_bst_post_feature_position":"","_bst_post_header":false,"_bst_post_footer":false},"pwb-brand":[1033],"product_brand":[],"product_cat":[92,98],"product_tag":[568,614,1034,538],"class_list":{"0":"post-16757","1":"product","2":"type-product","3":"status-publish","4":"has-post-thumbnail","6":"pwb-brand-centellian24","7":"product_cat-nagu","8":"product_cat-naomaskid","9":"product_tag-korea","10":"product_tag-mask","11":"product_tag-top","12":"product_tag-viral","14":"first","15":"instock","16":"shipping-taxable","17":"purchasable","18":"product-type-simple","19":"entry","20":"content-bg","21":"loop-entry"},"supplier_id":null,"supplier_sku":"","barcode":null,"atum_controlled":true,"out_stock_date":null,"out_stock_threshold":null,"inheritable":false,"inbound_stock":0,"stock_on_hold":0,"sold_today":0,"sales_last_days":1,"out_stock_days":0,"lost_sales":0,"has_location":false,"update_date":"2026-04-24T00:09:12","atum_locations":[],"atum_stock_status":"instock","restock_status":false,"low_stock_amount":"","sales_update_date":"2026-04-24T00:09:12","calc_backorders":null,"yoast_head":"<!-- This site is optimized with the Yoast SEO plugin v27.2 - https:\/\/yoast.com\/product\/yoast-seo-wordpress\/ -->\n<title>Centellian24 Madeca Derma Mask III Brightening Formula - IDA.KOREA<\/title>\n<meta name=\"description\" content=\"Intensiivselt jumet \u00fchtlustav kangasmask parandab naha toonust: rahustab \u00e4rritust, v\u00e4hendab punetust. Mask annab nahale terve s\u00e4ra. Korea Top!\" \/>\n<meta name=\"robots\" content=\"index, follow, max-snippet:-1, max-image-preview:large, max-video-preview:-1\" \/>\n<link rel=\"canonical\" href=\"https:\/\/idakorea.ee\/en\/product\/centellian24-madeca-derma-mask-iii-brightening-formula\/\" \/>\n<meta property=\"og:locale\" content=\"en_US\" \/>\n<meta property=\"og:type\" content=\"article\" \/>\n<meta property=\"og:title\" content=\"Centellian24 Madeca Derma Mask III Brightening Formula - IDA.KOREA\" \/>\n<meta property=\"og:description\" content=\"Intensiivselt jumet \u00fchtlustav kangasmask parandab naha toonust: rahustab \u00e4rritust, v\u00e4hendab punetust. Mask annab nahale terve s\u00e4ra. Korea Top!\" \/>\n<meta property=\"og:url\" content=\"https:\/\/idakorea.ee\/en\/product\/centellian24-madeca-derma-mask-iii-brightening-formula\/\" \/>\n<meta property=\"og:site_name\" content=\"IDA.KOREA\" \/>\n<meta property=\"article:modified_time\" content=\"2026-03-27T12:25:39+00:00\" \/>\n<meta property=\"og:image\" content=\"https:\/\/idakorea.ee\/wp-content\/uploads\/2025\/12\/Centellian24-Mask-3-Brightening-idakorea.jpg\" \/>\n\t<meta property=\"og:image:width\" content=\"1000\" \/>\n\t<meta property=\"og:image:height\" content=\"1000\" \/>\n\t<meta property=\"og:image:type\" content=\"image\/jpeg\" \/>\n<meta name=\"twitter:card\" content=\"summary_large_image\" \/>\n<meta name=\"twitter:label1\" content=\"Est. reading time\" \/>\n\t<meta name=\"twitter:data1\" content=\"2 minutes\" \/>\n<script type=\"application\/ld+json\" class=\"yoast-schema-graph\">{\"@context\":\"https:\/\/schema.org\",\"@graph\":[{\"@type\":\"WebPage\",\"@id\":\"https:\/\/idakorea.ee\/product\/centellian24-madeca-derma-mask-iii-brightening-formula\/\",\"url\":\"https:\/\/idakorea.ee\/product\/centellian24-madeca-derma-mask-iii-brightening-formula\/\",\"name\":\"Centellian24 Madeca Derma Mask III Brightening Formula - IDA.KOREA\",\"isPartOf\":{\"@id\":\"https:\/\/idakorea.ee\/#website\"},\"primaryImageOfPage\":{\"@id\":\"https:\/\/idakorea.ee\/product\/centellian24-madeca-derma-mask-iii-brightening-formula\/#primaryimage\"},\"image\":{\"@id\":\"https:\/\/idakorea.ee\/product\/centellian24-madeca-derma-mask-iii-brightening-formula\/#primaryimage\"},\"thumbnailUrl\":\"https:\/\/idakorea.ee\/wp-content\/uploads\/2025\/12\/Centellian24-Mask-3-Brightening-idakorea.jpg\",\"datePublished\":\"2025-12-07T14:38:21+00:00\",\"dateModified\":\"2026-03-27T12:25:39+00:00\",\"description\":\"Intensiivselt jumet \u00fchtlustav kangasmask parandab naha toonust: rahustab \u00e4rritust, v\u00e4hendab punetust. Mask annab nahale terve s\u00e4ra. Korea Top!\",\"breadcrumb\":{\"@id\":\"https:\/\/idakorea.ee\/product\/centellian24-madeca-derma-mask-iii-brightening-formula\/#breadcrumb\"},\"inLanguage\":\"en-US\",\"potentialAction\":[{\"@type\":\"ReadAction\",\"target\":[\"https:\/\/idakorea.ee\/product\/centellian24-madeca-derma-mask-iii-brightening-formula\/\"]}]},{\"@type\":\"ImageObject\",\"inLanguage\":\"en-US\",\"@id\":\"https:\/\/idakorea.ee\/product\/centellian24-madeca-derma-mask-iii-brightening-formula\/#primaryimage\",\"url\":\"https:\/\/idakorea.ee\/wp-content\/uploads\/2025\/12\/Centellian24-Mask-3-Brightening-idakorea.jpg\",\"contentUrl\":\"https:\/\/idakorea.ee\/wp-content\/uploads\/2025\/12\/Centellian24-Mask-3-Brightening-idakorea.jpg\",\"width\":1000,\"height\":1000},{\"@type\":\"BreadcrumbList\",\"@id\":\"https:\/\/idakorea.ee\/product\/centellian24-madeca-derma-mask-iii-brightening-formula\/#breadcrumb\",\"itemListElement\":[{\"@type\":\"ListItem\",\"position\":1,\"name\":\"\u0413\u043b\u0430\u0432\u043d\u0430\u044f \u0441\u0442\u0440\u0430\u043d\u0438\u0446\u0430\",\"item\":\"https:\/\/idakorea.ee\/\"},{\"@type\":\"ListItem\",\"position\":2,\"name\":\"Shop\",\"item\":\"https:\/\/idakorea.ee\/shop-2\/\"},{\"@type\":\"ListItem\",\"position\":3,\"name\":\"Intensiivselt jumet \u00fchtlustav kangasmask Centellian24 Madeca Derma Mask III Brightening Formula\"}]},{\"@type\":\"WebSite\",\"@id\":\"https:\/\/idakorea.ee\/#website\",\"url\":\"https:\/\/idakorea.ee\/\",\"name\":\"IDA.KOREA\",\"description\":\"Korea kosmeetika e-pood\",\"publisher\":{\"@id\":\"https:\/\/idakorea.ee\/#organization\"},\"alternateName\":\"Beauty Shop\",\"potentialAction\":[{\"@type\":\"SearchAction\",\"target\":{\"@type\":\"EntryPoint\",\"urlTemplate\":\"https:\/\/idakorea.ee\/?s={search_term_string}\"},\"query-input\":{\"@type\":\"PropertyValueSpecification\",\"valueRequired\":true,\"valueName\":\"search_term_string\"}}],\"inLanguage\":\"en-US\"},{\"@type\":\"Organization\",\"@id\":\"https:\/\/idakorea.ee\/#organization\",\"name\":\"IDA.KOREA\",\"url\":\"https:\/\/idakorea.ee\/\",\"logo\":{\"@type\":\"ImageObject\",\"inLanguage\":\"en-US\",\"@id\":\"https:\/\/idakorea.ee\/#\/schema\/logo\/image\/\",\"url\":\"https:\/\/idakorea.ee\/wp-content\/uploads\/2024\/05\/cropped-korea3.png\",\"contentUrl\":\"https:\/\/idakorea.ee\/wp-content\/uploads\/2024\/05\/cropped-korea3.png\",\"width\":688,\"height\":126,\"caption\":\"IDA.KOREA\"},\"image\":{\"@id\":\"https:\/\/idakorea.ee\/#\/schema\/logo\/image\/\"},\"sameAs\":[\"https:\/\/www.instagram.com\/ida.korea\/\"]}]}<\/script>\n<!-- \/ Yoast SEO plugin. -->","yoast_head_json":{"title":"Centellian24 Madeca Derma Mask III Brightening Formula - IDA.KOREA","description":"Intensively evens out skin tone with a sheet mask: soothes irritation, reduces redness. The mask gives the skin a healthy glow. Korea Top!","robots":{"index":"index","follow":"follow","max-snippet":"max-snippet:-1","max-image-preview":"max-image-preview:large","max-video-preview":"max-video-preview:-1"},"canonical":"https:\/\/idakorea.ee\/en\/product\/centellian24-madeca-derma-mask-iii-brightening-formula\/","og_locale":"en_US","og_type":"article","og_title":"Centellian24 Madeca Derma Mask III Brightening Formula - IDA.KOREA","og_description":"Intensiivselt jumet \u00fchtlustav kangasmask parandab naha toonust: rahustab \u00e4rritust, v\u00e4hendab punetust. Mask annab nahale terve s\u00e4ra. Korea Top!","og_url":"https:\/\/idakorea.ee\/en\/product\/centellian24-madeca-derma-mask-iii-brightening-formula\/","og_site_name":"IDA.KOREA","article_modified_time":"2026-03-27T12:25:39+00:00","og_image":[{"width":1000,"height":1000,"url":"https:\/\/idakorea.ee\/wp-content\/uploads\/2025\/12\/Centellian24-Mask-3-Brightening-idakorea.jpg","type":"image\/jpeg"}],"twitter_card":"summary_large_image","twitter_misc":{"Est. reading time":"2 minutes"},"schema":{"@context":"https:\/\/schema.org","@graph":[{"@type":"WebPage","@id":"https:\/\/idakorea.ee\/product\/centellian24-madeca-derma-mask-iii-brightening-formula\/","url":"https:\/\/idakorea.ee\/product\/centellian24-madeca-derma-mask-iii-brightening-formula\/","name":"Centellian24 Madeca Derma Mask III Brightening Formula - IDA.KOREA","isPartOf":{"@id":"https:\/\/idakorea.ee\/#website"},"primaryImageOfPage":{"@id":"https:\/\/idakorea.ee\/product\/centellian24-madeca-derma-mask-iii-brightening-formula\/#primaryimage"},"image":{"@id":"https:\/\/idakorea.ee\/product\/centellian24-madeca-derma-mask-iii-brightening-formula\/#primaryimage"},"thumbnailUrl":"https:\/\/idakorea.ee\/wp-content\/uploads\/2025\/12\/Centellian24-Mask-3-Brightening-idakorea.jpg","datePublished":"2025-12-07T14:38:21+00:00","dateModified":"2026-03-27T12:25:39+00:00","description":"Intensively evens out skin tone with a sheet mask: soothes irritation, reduces redness. The mask gives the skin a healthy glow. Korea Top!","breadcrumb":{"@id":"https:\/\/idakorea.ee\/product\/centellian24-madeca-derma-mask-iii-brightening-formula\/#breadcrumb"},"inLanguage":"en-US","potentialAction":[{"@type":"ReadAction","target":["https:\/\/idakorea.ee\/product\/centellian24-madeca-derma-mask-iii-brightening-formula\/"]}]},{"@type":"ImageObject","inLanguage":"en-US","@id":"https:\/\/idakorea.ee\/product\/centellian24-madeca-derma-mask-iii-brightening-formula\/#primaryimage","url":"https:\/\/idakorea.ee\/wp-content\/uploads\/2025\/12\/Centellian24-Mask-3-Brightening-idakorea.jpg","contentUrl":"https:\/\/idakorea.ee\/wp-content\/uploads\/2025\/12\/Centellian24-Mask-3-Brightening-idakorea.jpg","width":1000,"height":1000},{"@type":"BreadcrumbList","@id":"https:\/\/idakorea.ee\/product\/centellian24-madeca-derma-mask-iii-brightening-formula\/#breadcrumb","itemListElement":[{"@type":"ListItem","position":1,"name":"\u0413\u043b\u0430\u0432\u043d\u0430\u044f \u0441\u0442\u0440\u0430\u043d\u0438\u0446\u0430","item":"https:\/\/idakorea.ee\/"},{"@type":"ListItem","position":2,"name":"Shop","item":"https:\/\/idakorea.ee\/shop-2\/"},{"@type":"ListItem","position":3,"name":"Intensiivselt jumet \u00fchtlustav kangasmask Centellian24 Madeca Derma Mask III Brightening Formula"}]},{"@type":"WebSite","@id":"https:\/\/idakorea.ee\/#website","url":"https:\/\/idakorea.ee\/","name":"IDA.KOREA","description":"Korean cosmetics e-shop","publisher":{"@id":"https:\/\/idakorea.ee\/#organization"},"alternateName":"Beauty Shop","potentialAction":[{"@type":"SearchAction","target":{"@type":"EntryPoint","urlTemplate":"https:\/\/idakorea.ee\/?s={search_term_string}"},"query-input":{"@type":"PropertyValueSpecification","valueRequired":true,"valueName":"search_term_string"}}],"inLanguage":"en-US"},{"@type":"Organization","@id":"https:\/\/idakorea.ee\/#organization","name":"IDA.KOREA","url":"https:\/\/idakorea.ee\/","logo":{"@type":"ImageObject","inLanguage":"en-US","@id":"https:\/\/idakorea.ee\/#\/schema\/logo\/image\/","url":"https:\/\/idakorea.ee\/wp-content\/uploads\/2024\/05\/cropped-korea3.png","contentUrl":"https:\/\/idakorea.ee\/wp-content\/uploads\/2024\/05\/cropped-korea3.png","width":688,"height":126,"caption":"IDA.KOREA"},"image":{"@id":"https:\/\/idakorea.ee\/#\/schema\/logo\/image\/"},"sameAs":["https:\/\/www.instagram.com\/ida.korea\/"]}]}},"jetpack_sharing_enabled":true,"brands":[{"id":1033,"name":"CENTELLIAN24","slug":"centellian24"}],"_links":{"self":[{"href":"https:\/\/idakorea.ee\/en\/wp-json\/wp\/v2\/product\/16757","targetHints":{"allow":["GET"]}}],"collection":[{"href":"https:\/\/idakorea.ee\/en\/wp-json\/wp\/v2\/product"}],"about":[{"href":"https:\/\/idakorea.ee\/en\/wp-json\/wp\/v2\/types\/product"}],"replies":[{"embeddable":true,"href":"https:\/\/idakorea.ee\/en\/wp-json\/wp\/v2\/comments?post=16757"}],"version-history":[{"count":1,"href":"https:\/\/idakorea.ee\/en\/wp-json\/wp\/v2\/product\/16757\/revisions"}],"predecessor-version":[{"id":16759,"href":"https:\/\/idakorea.ee\/en\/wp-json\/wp\/v2\/product\/16757\/revisions\/16759"}],"wp:featuredmedia":[{"embeddable":true,"href":"https:\/\/idakorea.ee\/en\/wp-json\/wp\/v2\/media\/16758"}],"wp:attachment":[{"href":"https:\/\/idakorea.ee\/en\/wp-json\/wp\/v2\/media?parent=16757"}],"wp:term":[{"taxonomy":"pwb-brand","embeddable":true,"href":"https:\/\/idakorea.ee\/en\/wp-json\/wp\/v2\/pwb-brand?post=16757"},{"taxonomy":"product_brand","embeddable":true,"href":"https:\/\/idakorea.ee\/en\/wp-json\/wp\/v2\/product_brand?post=16757"},{"taxonomy":"product_cat","embeddable":true,"href":"https:\/\/idakorea.ee\/en\/wp-json\/wp\/v2\/product_cat?post=16757"},{"taxonomy":"product_tag","embeddable":true,"href":"https:\/\/idakorea.ee\/en\/wp-json\/wp\/v2\/product_tag?post=16757"}],"curies":[{"name":"wp","href":"https:\/\/api.w.org\/{rel}","templated":true}]}}