{"id":16768,"date":"2025-12-07T17:09:12","date_gmt":"2025-12-07T15:09:12","guid":{"rendered":"https:\/\/idakorea.ee\/?post_type=product&#038;p=16768"},"modified":"2026-04-04T16:13:29","modified_gmt":"2026-04-04T14:13:29","slug":"medicube-red-acne-succinic-acid-peel-40g","status":"publish","type":"product","link":"https:\/\/idakorea.ee\/en\/product\/medicube-red-acne-succinic-acid-peel-40g\/","title":{"rendered":"Peeling for problem skin with succinic acid Medicube Red Acne Succinic Acid Peel, 40g"},"content":{"rendered":"<p data-start=\"63\" data-end=\"287\"><strong data-start=\"63\" data-end=\"103\">Medicube Red Acne Succinic Acid Peel<\/strong> is designed for problematic, acne-prone skin and comedones. The peeling gently removes the stratum corneum, cleanses pores, reduces the risk of inflammation, and evens out skin texture and tone.<\/p>\n<p data-start=\"289\" data-end=\"331\">The product composition includes <strong data-start=\"312\" data-end=\"330\">3 key assets<\/strong>:<\/p>\n<ul data-start=\"333\" data-end=\"883\">\n<li data-start=\"333\" data-end=\"523\">\n<p data-start=\"335\" data-end=\"523\"><strong data-start=\"335\" data-end=\"364\">Succinic acid (5,000 ppm)<\/strong> \u2013 has seborregulatory and antioxidant properties, reduces inflammation and evens out skin tone. Promotes cell renewal and improves skin turgor.<\/p>\n<\/li>\n<li data-start=\"524\" data-end=\"724\">\n<p data-start=\"526\" data-end=\"724\"><strong data-start=\"526\" data-end=\"560\">BHA (salicylic acid, 5,000 ppm)<\/strong> \u2013 dissolves dirt in pores, helps prevent the formation of blackheads and comedones, keeps skin texture clean, normalizes sebum secretion, and reduces excessive shine.<\/p>\n<\/li>\n<li data-start=\"725\" data-end=\"883\">\n<p data-start=\"727\" data-end=\"883\"><strong data-start=\"727\" data-end=\"776\">AHA (lactic and glycolic acid; total 200,000 ppm)<\/strong> \u2013 gently exfoliate, accelerate epidermal renewal, smooth microrelief and reduce moisture loss.<\/p>\n<\/li>\n<\/ul>\n<p data-start=\"885\" data-end=\"1184\">Peeling also helps to tighten pores, even out skin tone and reduce skin reactivity. Patented complexes <strong data-start=\"1006\" data-end=\"1021\">Hydra Calm\u2122<\/strong> and <strong data-start=\"1025\" data-end=\"1041\">Derma-Clera\u2122<\/strong> relieve irritation and support the skin&#039;s barrier function, making the product low in irritation potential and suitable for problematic skin.<\/p>\n<p data-start=\"1186\" data-end=\"1219\">Does not contain artificial colorings.<\/p>\n<p data-start=\"1221\" data-end=\"1249\"><strong data-start=\"1221\" data-end=\"1247\">Additional active substances:<\/strong><\/p>\n<ul data-start=\"1250\" data-end=\"1708\">\n<li data-start=\"1250\" data-end=\"1445\">\n<p data-start=\"1252\" data-end=\"1445\"><strong data-start=\"1252\" data-end=\"1288\">Japanese valerian extract<\/strong> \u2013 has a strong anti-inflammatory effect, is used to relieve dermatological conditions. Improves the skin&#039;s local immunity and provides deep hydration.<\/p>\n<\/li>\n<li data-start=\"1446\" data-end=\"1594\">\n<p data-start=\"1448\" data-end=\"1594\"><strong data-start=\"1448\" data-end=\"1475\">Panthenol (vitamin B5)<\/strong> \u2013 reduces redness and itching, strengthens the barrier, prevents moisture loss and accelerates the recovery of damaged tissues.<\/p>\n<\/li>\n<li data-start=\"1595\" data-end=\"1708\">\n<p data-start=\"1597\" data-end=\"1708\"><strong data-start=\"1597\" data-end=\"1611\">Allantoiin<\/strong> \u2013 soothes irritation, reduces the risk of acne, softens rough areas and supports regeneration.<\/p>\n<\/li>\n<\/ul>\n<p data-start=\"1710\" data-end=\"1763\">Suitable for oily, combination and problematic skin.<\/p>\n<p data-start=\"1765\" data-end=\"1926\"><strong data-start=\"1765\" data-end=\"1780\">Usage:<\/strong><br data-start=\"1780\" data-end=\"1783\" \/>Apply the scrub to clean, dry skin and massage gently. Rinse thoroughly after one minute. Recommended for use in the evening.<\/p>\n<p data-start=\"1928\" data-end=\"2135\"><strong data-start=\"1928\" data-end=\"1950\">Precautions:<\/strong><br data-start=\"1950\" data-end=\"1953\" \/>Do not leave the product on the skin for more than 1 minute. Use 1-2 times a week. Be sure to wear sunscreen during the day, as acids increase the skin&#039;s sensitivity to UV radiation.<\/p>","protected":false},"excerpt":{"rendered":"<p>Medicube Red Acne Succinic Acid Peel is designed for problematic, acne-prone skin and comedones. The peel gently removes the stratum corneum, cleanses pores, reduces the risk of inflammation and evens out skin texture and tone. The product contains 3 key active ingredients: Succinic acid (5,000 ppm) \u2013 has seborregulatory and antioxidant properties, reduces inflammation and evens out skin tone. Promotes cell renewal and improves skin\u2026<\/p>","protected":false},"featured_media":16770,"comment_status":"open","ping_status":"closed","template":"","meta":{"_uf_show_specific_survey":0,"_uf_disable_surveys":false,"_bst_post_transparent":"default","_bst_post_title":"","_bst_post_layout":"default","_bst_post_sidebar_id":"","_bst_post_content_style":"default","_bst_post_vertical_padding":"default","_bst_post_feature":"","_bst_post_feature_position":"","_bst_post_header":false,"_bst_post_footer":false},"pwb-brand":[490],"product_brand":[],"product_cat":[92,97],"product_tag":[847,568,721,1035,449],"class_list":{"0":"post-16768","1":"product","2":"type-product","3":"status-publish","4":"has-post-thumbnail","6":"pwb-brand-medicube","7":"product_cat-nagu","8":"product_cat-naoseerumid-ja-olid","9":"product_tag-acne","10":"product_tag-korea","11":"product_tag-medicube","12":"product_tag-piling","13":"product_tag-pore","15":"first","16":"instock","17":"sale","18":"shipping-taxable","19":"purchasable","20":"product-type-simple","21":"entry","22":"content-bg","23":"loop-entry"},"supplier_id":null,"supplier_sku":"","barcode":null,"atum_controlled":true,"out_stock_date":null,"out_stock_threshold":null,"inheritable":false,"inbound_stock":0,"stock_on_hold":0,"sold_today":0,"sales_last_days":1,"out_stock_days":0,"lost_sales":0,"has_location":false,"update_date":"2026-04-20T00:07:16","atum_locations":[],"atum_stock_status":"instock","restock_status":false,"low_stock_amount":"","sales_update_date":"2026-04-20T00:07:15","calc_backorders":null,"yoast_head":"<!-- This site is optimized with the Yoast SEO plugin v27.2 - https:\/\/yoast.com\/product\/yoast-seo-wordpress\/ -->\n<title>Medicube Red Acne Succinic Acid Peel, 40g - IDA.KOREA<\/title>\n<meta name=\"description\" content=\"Loodud probleemsele, aknele kalduvale nahale ja komedoonidele, eemaldab sarvkihi, puhastab poore, v\u00e4hendab p\u00f5letiku tekkeriski ja \u00fchtlustab naha tekstuuri.\" \/>\n<meta name=\"robots\" content=\"index, follow, max-snippet:-1, max-image-preview:large, max-video-preview:-1\" \/>\n<link rel=\"canonical\" href=\"https:\/\/idakorea.ee\/en\/product\/medicube-red-acne-succinic-acid-peel-40g\/\" \/>\n<meta property=\"og:locale\" content=\"en_US\" \/>\n<meta property=\"og:type\" content=\"article\" \/>\n<meta property=\"og:title\" content=\"Medicube Red Acne Succinic Acid Peel, 40g - IDA.KOREA\" \/>\n<meta property=\"og:description\" content=\"Loodud probleemsele, aknele kalduvale nahale ja komedoonidele, eemaldab sarvkihi, puhastab poore, v\u00e4hendab p\u00f5letiku tekkeriski ja \u00fchtlustab naha tekstuuri.\" \/>\n<meta property=\"og:url\" content=\"https:\/\/idakorea.ee\/en\/product\/medicube-red-acne-succinic-acid-peel-40g\/\" \/>\n<meta property=\"og:site_name\" content=\"IDA.KOREA\" \/>\n<meta property=\"article:modified_time\" content=\"2026-04-04T14:13:29+00:00\" \/>\n<meta property=\"og:image\" content=\"https:\/\/idakorea.ee\/wp-content\/uploads\/2025\/12\/medicubeRed-Acne-Succinic-Acid-Peel-idakorea.jpg\" \/>\n\t<meta property=\"og:image:width\" content=\"1000\" \/>\n\t<meta property=\"og:image:height\" content=\"1000\" \/>\n\t<meta property=\"og:image:type\" content=\"image\/jpeg\" \/>\n<meta name=\"twitter:card\" content=\"summary_large_image\" \/>\n<meta name=\"twitter:label1\" content=\"Est. reading time\" \/>\n\t<meta name=\"twitter:data1\" content=\"2 minutes\" \/>\n<script type=\"application\/ld+json\" class=\"yoast-schema-graph\">{\"@context\":\"https:\/\/schema.org\",\"@graph\":[{\"@type\":\"WebPage\",\"@id\":\"https:\/\/idakorea.ee\/product\/medicube-red-acne-succinic-acid-peel-40g\/\",\"url\":\"https:\/\/idakorea.ee\/product\/medicube-red-acne-succinic-acid-peel-40g\/\",\"name\":\"Medicube Red Acne Succinic Acid Peel, 40g - IDA.KOREA\",\"isPartOf\":{\"@id\":\"https:\/\/idakorea.ee\/#website\"},\"primaryImageOfPage\":{\"@id\":\"https:\/\/idakorea.ee\/product\/medicube-red-acne-succinic-acid-peel-40g\/#primaryimage\"},\"image\":{\"@id\":\"https:\/\/idakorea.ee\/product\/medicube-red-acne-succinic-acid-peel-40g\/#primaryimage\"},\"thumbnailUrl\":\"https:\/\/idakorea.ee\/wp-content\/uploads\/2025\/12\/medicubeRed-Acne-Succinic-Acid-Peel-idakorea.jpg\",\"datePublished\":\"2025-12-07T15:09:12+00:00\",\"dateModified\":\"2026-04-04T14:13:29+00:00\",\"description\":\"Loodud probleemsele, aknele kalduvale nahale ja komedoonidele, eemaldab sarvkihi, puhastab poore, v\u00e4hendab p\u00f5letiku tekkeriski ja \u00fchtlustab naha tekstuuri.\",\"breadcrumb\":{\"@id\":\"https:\/\/idakorea.ee\/product\/medicube-red-acne-succinic-acid-peel-40g\/#breadcrumb\"},\"inLanguage\":\"en-US\",\"potentialAction\":[{\"@type\":\"ReadAction\",\"target\":[\"https:\/\/idakorea.ee\/product\/medicube-red-acne-succinic-acid-peel-40g\/\"]}]},{\"@type\":\"ImageObject\",\"inLanguage\":\"en-US\",\"@id\":\"https:\/\/idakorea.ee\/product\/medicube-red-acne-succinic-acid-peel-40g\/#primaryimage\",\"url\":\"https:\/\/idakorea.ee\/wp-content\/uploads\/2025\/12\/medicubeRed-Acne-Succinic-Acid-Peel-idakorea.jpg\",\"contentUrl\":\"https:\/\/idakorea.ee\/wp-content\/uploads\/2025\/12\/medicubeRed-Acne-Succinic-Acid-Peel-idakorea.jpg\",\"width\":1000,\"height\":1000},{\"@type\":\"BreadcrumbList\",\"@id\":\"https:\/\/idakorea.ee\/product\/medicube-red-acne-succinic-acid-peel-40g\/#breadcrumb\",\"itemListElement\":[{\"@type\":\"ListItem\",\"position\":1,\"name\":\"\u0413\u043b\u0430\u0432\u043d\u0430\u044f \u0441\u0442\u0440\u0430\u043d\u0438\u0446\u0430\",\"item\":\"https:\/\/idakorea.ee\/\"},{\"@type\":\"ListItem\",\"position\":2,\"name\":\"Shop\",\"item\":\"https:\/\/idakorea.ee\/shop-2\/\"},{\"@type\":\"ListItem\",\"position\":3,\"name\":\"Pii\u00adling probleemsele nahale merevaikhappega Medicube Red Acne Succinic Acid Peel, 40g\"}]},{\"@type\":\"WebSite\",\"@id\":\"https:\/\/idakorea.ee\/#website\",\"url\":\"https:\/\/idakorea.ee\/\",\"name\":\"IDA.KOREA\",\"description\":\"Korea kosmeetika e-pood\",\"publisher\":{\"@id\":\"https:\/\/idakorea.ee\/#organization\"},\"alternateName\":\"Beauty Shop\",\"potentialAction\":[{\"@type\":\"SearchAction\",\"target\":{\"@type\":\"EntryPoint\",\"urlTemplate\":\"https:\/\/idakorea.ee\/?s={search_term_string}\"},\"query-input\":{\"@type\":\"PropertyValueSpecification\",\"valueRequired\":true,\"valueName\":\"search_term_string\"}}],\"inLanguage\":\"en-US\"},{\"@type\":\"Organization\",\"@id\":\"https:\/\/idakorea.ee\/#organization\",\"name\":\"IDA.KOREA\",\"url\":\"https:\/\/idakorea.ee\/\",\"logo\":{\"@type\":\"ImageObject\",\"inLanguage\":\"en-US\",\"@id\":\"https:\/\/idakorea.ee\/#\/schema\/logo\/image\/\",\"url\":\"https:\/\/idakorea.ee\/wp-content\/uploads\/2024\/05\/cropped-korea3.png\",\"contentUrl\":\"https:\/\/idakorea.ee\/wp-content\/uploads\/2024\/05\/cropped-korea3.png\",\"width\":688,\"height\":126,\"caption\":\"IDA.KOREA\"},\"image\":{\"@id\":\"https:\/\/idakorea.ee\/#\/schema\/logo\/image\/\"},\"sameAs\":[\"https:\/\/www.instagram.com\/ida.korea\/\"]}]}<\/script>\n<!-- \/ Yoast SEO plugin. -->","yoast_head_json":{"title":"Medicube Red Acne Succinic Acid Peel, 40g - IDA.KOREA","description":"Created for problematic, acne-prone skin and comedones, it removes the stratum corneum, cleanses pores, reduces the risk of inflammation and evens out skin texture.","robots":{"index":"index","follow":"follow","max-snippet":"max-snippet:-1","max-image-preview":"max-image-preview:large","max-video-preview":"max-video-preview:-1"},"canonical":"https:\/\/idakorea.ee\/en\/product\/medicube-red-acne-succinic-acid-peel-40g\/","og_locale":"en_US","og_type":"article","og_title":"Medicube Red Acne Succinic Acid Peel, 40g - IDA.KOREA","og_description":"Loodud probleemsele, aknele kalduvale nahale ja komedoonidele, eemaldab sarvkihi, puhastab poore, v\u00e4hendab p\u00f5letiku tekkeriski ja \u00fchtlustab naha tekstuuri.","og_url":"https:\/\/idakorea.ee\/en\/product\/medicube-red-acne-succinic-acid-peel-40g\/","og_site_name":"IDA.KOREA","article_modified_time":"2026-04-04T14:13:29+00:00","og_image":[{"width":1000,"height":1000,"url":"https:\/\/idakorea.ee\/wp-content\/uploads\/2025\/12\/medicubeRed-Acne-Succinic-Acid-Peel-idakorea.jpg","type":"image\/jpeg"}],"twitter_card":"summary_large_image","twitter_misc":{"Est. reading time":"2 minutes"},"schema":{"@context":"https:\/\/schema.org","@graph":[{"@type":"WebPage","@id":"https:\/\/idakorea.ee\/product\/medicube-red-acne-succinic-acid-peel-40g\/","url":"https:\/\/idakorea.ee\/product\/medicube-red-acne-succinic-acid-peel-40g\/","name":"Medicube Red Acne Succinic Acid Peel, 40g - IDA.KOREA","isPartOf":{"@id":"https:\/\/idakorea.ee\/#website"},"primaryImageOfPage":{"@id":"https:\/\/idakorea.ee\/product\/medicube-red-acne-succinic-acid-peel-40g\/#primaryimage"},"image":{"@id":"https:\/\/idakorea.ee\/product\/medicube-red-acne-succinic-acid-peel-40g\/#primaryimage"},"thumbnailUrl":"https:\/\/idakorea.ee\/wp-content\/uploads\/2025\/12\/medicubeRed-Acne-Succinic-Acid-Peel-idakorea.jpg","datePublished":"2025-12-07T15:09:12+00:00","dateModified":"2026-04-04T14:13:29+00:00","description":"Created for problematic, acne-prone skin and comedones, it removes the stratum corneum, cleanses pores, reduces the risk of inflammation and evens out skin texture.","breadcrumb":{"@id":"https:\/\/idakorea.ee\/product\/medicube-red-acne-succinic-acid-peel-40g\/#breadcrumb"},"inLanguage":"en-US","potentialAction":[{"@type":"ReadAction","target":["https:\/\/idakorea.ee\/product\/medicube-red-acne-succinic-acid-peel-40g\/"]}]},{"@type":"ImageObject","inLanguage":"en-US","@id":"https:\/\/idakorea.ee\/product\/medicube-red-acne-succinic-acid-peel-40g\/#primaryimage","url":"https:\/\/idakorea.ee\/wp-content\/uploads\/2025\/12\/medicubeRed-Acne-Succinic-Acid-Peel-idakorea.jpg","contentUrl":"https:\/\/idakorea.ee\/wp-content\/uploads\/2025\/12\/medicubeRed-Acne-Succinic-Acid-Peel-idakorea.jpg","width":1000,"height":1000},{"@type":"BreadcrumbList","@id":"https:\/\/idakorea.ee\/product\/medicube-red-acne-succinic-acid-peel-40g\/#breadcrumb","itemListElement":[{"@type":"ListItem","position":1,"name":"\u0413\u043b\u0430\u0432\u043d\u0430\u044f \u0441\u0442\u0440\u0430\u043d\u0438\u0446\u0430","item":"https:\/\/idakorea.ee\/"},{"@type":"ListItem","position":2,"name":"Shop","item":"https:\/\/idakorea.ee\/shop-2\/"},{"@type":"ListItem","position":3,"name":"Pii\u00adling probleemsele nahale merevaikhappega Medicube Red Acne Succinic Acid Peel, 40g"}]},{"@type":"WebSite","@id":"https:\/\/idakorea.ee\/#website","url":"https:\/\/idakorea.ee\/","name":"IDA.KOREA","description":"Korean cosmetics e-shop","publisher":{"@id":"https:\/\/idakorea.ee\/#organization"},"alternateName":"Beauty Shop","potentialAction":[{"@type":"SearchAction","target":{"@type":"EntryPoint","urlTemplate":"https:\/\/idakorea.ee\/?s={search_term_string}"},"query-input":{"@type":"PropertyValueSpecification","valueRequired":true,"valueName":"search_term_string"}}],"inLanguage":"en-US"},{"@type":"Organization","@id":"https:\/\/idakorea.ee\/#organization","name":"IDA.KOREA","url":"https:\/\/idakorea.ee\/","logo":{"@type":"ImageObject","inLanguage":"en-US","@id":"https:\/\/idakorea.ee\/#\/schema\/logo\/image\/","url":"https:\/\/idakorea.ee\/wp-content\/uploads\/2024\/05\/cropped-korea3.png","contentUrl":"https:\/\/idakorea.ee\/wp-content\/uploads\/2024\/05\/cropped-korea3.png","width":688,"height":126,"caption":"IDA.KOREA"},"image":{"@id":"https:\/\/idakorea.ee\/#\/schema\/logo\/image\/"},"sameAs":["https:\/\/www.instagram.com\/ida.korea\/"]}]}},"jetpack_sharing_enabled":true,"brands":[{"id":490,"name":"MEDICUBE","slug":"medicube"}],"_links":{"self":[{"href":"https:\/\/idakorea.ee\/en\/wp-json\/wp\/v2\/product\/16768","targetHints":{"allow":["GET"]}}],"collection":[{"href":"https:\/\/idakorea.ee\/en\/wp-json\/wp\/v2\/product"}],"about":[{"href":"https:\/\/idakorea.ee\/en\/wp-json\/wp\/v2\/types\/product"}],"replies":[{"embeddable":true,"href":"https:\/\/idakorea.ee\/en\/wp-json\/wp\/v2\/comments?post=16768"}],"version-history":[{"count":1,"href":"https:\/\/idakorea.ee\/en\/wp-json\/wp\/v2\/product\/16768\/revisions"}],"predecessor-version":[{"id":16772,"href":"https:\/\/idakorea.ee\/en\/wp-json\/wp\/v2\/product\/16768\/revisions\/16772"}],"wp:featuredmedia":[{"embeddable":true,"href":"https:\/\/idakorea.ee\/en\/wp-json\/wp\/v2\/media\/16770"}],"wp:attachment":[{"href":"https:\/\/idakorea.ee\/en\/wp-json\/wp\/v2\/media?parent=16768"}],"wp:term":[{"taxonomy":"pwb-brand","embeddable":true,"href":"https:\/\/idakorea.ee\/en\/wp-json\/wp\/v2\/pwb-brand?post=16768"},{"taxonomy":"product_brand","embeddable":true,"href":"https:\/\/idakorea.ee\/en\/wp-json\/wp\/v2\/product_brand?post=16768"},{"taxonomy":"product_cat","embeddable":true,"href":"https:\/\/idakorea.ee\/en\/wp-json\/wp\/v2\/product_cat?post=16768"},{"taxonomy":"product_tag","embeddable":true,"href":"https:\/\/idakorea.ee\/en\/wp-json\/wp\/v2\/product_tag?post=16768"}],"curies":[{"name":"wp","href":"https:\/\/api.w.org\/{rel}","templated":true}]}}