{"id":16834,"date":"2025-12-12T13:06:13","date_gmt":"2025-12-12T11:06:13","guid":{"rendered":"https:\/\/idakorea.ee\/?post_type=product&#038;p=16834"},"modified":"2026-01-14T20:58:09","modified_gmt":"2026-01-14T18:58:09","slug":"some-by-mi-aha-bha-pha-30-days-miracle-starter-kit","status":"publish","type":"product","link":"https:\/\/idakorea.ee\/en\/product\/some-by-mi-aha-bha-pha-30-days-miracle-starter-kit\/","title":{"rendered":"Some By Mi AHA-BHA-PHA 30 Days Miracle Starter Kit for Problematic Skin"},"content":{"rendered":"<p data-start=\"63\" data-end=\"367\"><strong data-start=\"63\" data-end=\"117\">Some By Mi AHA-BHA-PHA 30 Days Miracle Starter Kit<\/strong> is an acid complex for problem skin that exfoliates dead skin cells, triggers regeneration processes, promotes healing of inflammation and reduces the risk of acne. It has an antibacterial effect, evens out the complexion and lightens hyperpigmentation.<\/p>\n<p data-start=\"369\" data-end=\"641\">The series is based on three types of acids (AHA, BHA and PHA), which regulate the activity of the sebaceous glands and absorb excess sebum, soften rough areas and improve the absorption of active ingredients. They deeply cleanse pores, dissolve comedones and reduce the visibility of sebum.<\/p>\n<p data-start=\"643\" data-end=\"1271\"><strong data-start=\"643\" data-end=\"665\">The set includes:<\/strong><br data-start=\"665\" data-end=\"668\" \/><strong data-start=\"668\" data-end=\"731\">Some By Mi AHA-BHA-PHA 30 Days Miracle Cleansing Bar (30 g)<\/strong> \u2013 removes dirt and gently exfoliates, improving the condition of acne-prone skin.<br data-start=\"800\" data-end=\"803\" \/><strong data-start=\"803\" data-end=\"859\">Some By Mi AHA-BHA-PHA 30 Days Miracle Toner (30 ml)<\/strong> \u2013 removes dead skin cells, smoothes microrelief, stimulates renewal and restores hydrolipid balance.<br data-start=\"964\" data-end=\"967\" \/><strong data-start=\"967\" data-end=\"1023\">Some By Mi AHA-BHA-PHA 30 Days Miracle Serum (10 ml)<\/strong> \u2013 prevents acne, reduces inflammatory foci, prevents post-acne and lightens pigment spots.<br data-start=\"1122\" data-end=\"1125\" \/><strong data-start=\"1125\" data-end=\"1180\">Some By Mi AHA-BHA-PHA 30 Days Miracle Cream (20 g)<\/strong> \u2013 soothes irritation and itching, reduces redness, normalizes sebum secretion and mattifies.<\/p>\n<p data-start=\"1273\" data-end=\"2005\"><strong data-start=\"1273\" data-end=\"1297\">Main active ingredients:<\/strong><br data-start=\"1297\" data-end=\"1300\" \/><strong data-start=\"1300\" data-end=\"1313\">Tea tree oil<\/strong> \u2013 has an anti-inflammatory effect, reduces redness and accelerates healing.<br data-start=\"1383\" data-end=\"1386\" \/><strong data-start=\"1386\" data-end=\"1417\">Niacinamide (vitamin B3)<\/strong> \u2013 slows down the penetration of melanin into the epidermis and prevents the formation of age spots. Regulates sebum secretion, reduces shine and tightens pores.<br data-start=\"1554\" data-end=\"1557\" \/><strong data-start=\"1557\" data-end=\"1584\">Asian water-lily extract<\/strong> \u2013 anti-inflammatory and wound healing, strengthens the skin barrier, reduces sensitivity, relieves swelling and helps prevent couperose.<br data-start=\"1713\" data-end=\"1716\" \/><strong data-start=\"1716\" data-end=\"1759\">Witch hazel extract<\/strong> \u2013 antibacterial and soothing, relieves inflammation, reduces sebum secretion and tightens pores.<br data-start=\"1851\" data-end=\"1854\" \/><strong data-start=\"1854\" data-end=\"1883\">White willow bark extract<\/strong> \u2013 gentle exfoliating effect, smoothes and evens out skin texture; antibacterial effect reduces inflammation and prevents acne.<\/p>\n<p data-start=\"2007\" data-end=\"2561\"><strong data-start=\"2007\" data-end=\"2022\">Usage:<\/strong><br data-start=\"2022\" data-end=\"2025\" \/><strong data-start=\"2025\" data-end=\"2042\">Cleaning soap:<\/strong> Lather the soap between your hands, apply to your face, massage in circular motions and rinse.<br data-start=\"2129\" data-end=\"2132\" \/><strong data-start=\"2132\" data-end=\"2142\">Toner:<\/strong> Apply the toner to cleansed skin with your hands or a cotton pad. Follow with a serum or cream. Can also be used topically as a mask: leave the cotton pad moistened with the toner on the skin for 5\u201310 minutes, remove and allow the remaining toner to absorb.<br data-start=\"2383\" data-end=\"2386\" \/><strong data-start=\"2386\" data-end=\"2397\">Serum:<\/strong> After cleansing and toning, apply the required amount of serum and continue with cream.<br data-start=\"2495\" data-end=\"2498\" \/><strong data-start=\"2498\" data-end=\"2508\">Cream:<\/strong> Apply the required amount of cream as the final care step.<\/p>","protected":false},"excerpt":{"rendered":"<p>Some By Mi AHA-BHA-PHA 30 Days Miracle Starter Kit is an acid set for problem skin that exfoliates dead skin cells, triggers regeneration processes, promotes healing of inflammation and reduces the risk of acne. It has an antibacterial effect, evens out the complexion and lightens hyperpigmentation. The series is based on three types of acids (AHA, BHA and PHA), which regulate the activity of the sebaceous glands and absorb excess sebum, soften rough\u2026<\/p>","protected":false},"featured_media":16835,"comment_status":"open","ping_status":"closed","template":"","meta":{"_uf_show_specific_survey":0,"_uf_disable_surveys":false,"_bst_post_transparent":"default","_bst_post_title":"","_bst_post_layout":"default","_bst_post_sidebar_id":"","_bst_post_content_style":"default","_bst_post_vertical_padding":"default","_bst_post_feature":"","_bst_post_feature_position":"","_bst_post_header":false,"_bst_post_footer":false},"pwb-brand":[492],"product_brand":[],"product_cat":[95],"product_tag":[983,984,568,705],"class_list":{"0":"post-16834","1":"product","2":"type-product","3":"status-publish","4":"has-post-thumbnail","6":"pwb-brand-some-by-mi","7":"product_cat-komplektid","8":"product_tag-aha","9":"product_tag-bha","10":"product_tag-korea","11":"product_tag-komplekt","13":"first","14":"outofstock","15":"sale","16":"shipping-taxable","17":"purchasable","18":"product-type-simple","19":"entry","20":"content-bg","21":"loop-entry"},"supplier_id":null,"supplier_sku":"","barcode":null,"atum_controlled":true,"out_stock_date":"2026-01-11 21:19:31","out_stock_threshold":null,"inheritable":false,"inbound_stock":0,"stock_on_hold":0,"sold_today":0,"sales_last_days":0,"out_stock_days":92,"lost_sales":274,"has_location":false,"update_date":"2026-04-14T00:05:05","atum_locations":[],"atum_stock_status":"outofstock","restock_status":false,"low_stock_amount":"","sales_update_date":"2026-04-14T00:05:05","calc_backorders":null,"yoast_head":"<!-- This site is optimized with the Yoast SEO plugin v27.2 - https:\/\/yoast.com\/product\/yoast-seo-wordpress\/ -->\n<title>Some By Mi AHA-BHA-PHA 30 Days Miracle Starter Kit - IDA.KOREA<\/title>\n<meta name=\"description\" content=\"Komplekt probleemsele nahale, mis koorib sarvestunud rakke, k\u00e4ivitab regenereerimisprotsesse soodustab p\u00f5letike paranemist ja v\u00e4hendab akne tekkimise riski.\" \/>\n<meta name=\"robots\" content=\"index, follow, max-snippet:-1, max-image-preview:large, max-video-preview:-1\" \/>\n<link rel=\"canonical\" href=\"https:\/\/idakorea.ee\/en\/product\/some-by-mi-aha-bha-pha-30-days-miracle-starter-kit\/\" \/>\n<meta property=\"og:locale\" content=\"en_US\" \/>\n<meta property=\"og:type\" content=\"article\" \/>\n<meta property=\"og:title\" content=\"Some By Mi AHA-BHA-PHA 30 Days Miracle Starter Kit - IDA.KOREA\" \/>\n<meta property=\"og:description\" content=\"Komplekt probleemsele nahale, mis koorib sarvestunud rakke, k\u00e4ivitab regenereerimisprotsesse soodustab p\u00f5letike paranemist ja v\u00e4hendab akne tekkimise riski.\" \/>\n<meta property=\"og:url\" content=\"https:\/\/idakorea.ee\/en\/product\/some-by-mi-aha-bha-pha-30-days-miracle-starter-kit\/\" \/>\n<meta property=\"og:site_name\" content=\"IDA.KOREA\" \/>\n<meta property=\"article:modified_time\" content=\"2026-01-14T18:58:09+00:00\" \/>\n<meta property=\"og:image\" content=\"https:\/\/idakorea.ee\/wp-content\/uploads\/2025\/12\/komplekt-some-by-mi-aha-bha-pha-idakorea.jpg\" \/>\n\t<meta property=\"og:image:width\" content=\"1024\" \/>\n\t<meta property=\"og:image:height\" content=\"1024\" \/>\n\t<meta property=\"og:image:type\" content=\"image\/jpeg\" \/>\n<meta name=\"twitter:card\" content=\"summary_large_image\" \/>\n<meta name=\"twitter:label1\" content=\"Est. reading time\" \/>\n\t<meta name=\"twitter:data1\" content=\"2 minutes\" \/>\n<script type=\"application\/ld+json\" class=\"yoast-schema-graph\">{\"@context\":\"https:\/\/schema.org\",\"@graph\":[{\"@type\":\"WebPage\",\"@id\":\"https:\/\/idakorea.ee\/product\/some-by-mi-aha-bha-pha-30-days-miracle-starter-kit\/\",\"url\":\"https:\/\/idakorea.ee\/product\/some-by-mi-aha-bha-pha-30-days-miracle-starter-kit\/\",\"name\":\"Some By Mi AHA-BHA-PHA 30 Days Miracle Starter Kit - IDA.KOREA\",\"isPartOf\":{\"@id\":\"https:\/\/idakorea.ee\/#website\"},\"primaryImageOfPage\":{\"@id\":\"https:\/\/idakorea.ee\/product\/some-by-mi-aha-bha-pha-30-days-miracle-starter-kit\/#primaryimage\"},\"image\":{\"@id\":\"https:\/\/idakorea.ee\/product\/some-by-mi-aha-bha-pha-30-days-miracle-starter-kit\/#primaryimage\"},\"thumbnailUrl\":\"https:\/\/idakorea.ee\/wp-content\/uploads\/2025\/12\/komplekt-some-by-mi-aha-bha-pha-idakorea.jpg\",\"datePublished\":\"2025-12-12T11:06:13+00:00\",\"dateModified\":\"2026-01-14T18:58:09+00:00\",\"description\":\"Komplekt probleemsele nahale, mis koorib sarvestunud rakke, k\u00e4ivitab regenereerimisprotsesse soodustab p\u00f5letike paranemist ja v\u00e4hendab akne tekkimise riski.\",\"breadcrumb\":{\"@id\":\"https:\/\/idakorea.ee\/product\/some-by-mi-aha-bha-pha-30-days-miracle-starter-kit\/#breadcrumb\"},\"inLanguage\":\"en-US\",\"potentialAction\":[{\"@type\":\"ReadAction\",\"target\":[\"https:\/\/idakorea.ee\/product\/some-by-mi-aha-bha-pha-30-days-miracle-starter-kit\/\"]}]},{\"@type\":\"ImageObject\",\"inLanguage\":\"en-US\",\"@id\":\"https:\/\/idakorea.ee\/product\/some-by-mi-aha-bha-pha-30-days-miracle-starter-kit\/#primaryimage\",\"url\":\"https:\/\/idakorea.ee\/wp-content\/uploads\/2025\/12\/komplekt-some-by-mi-aha-bha-pha-idakorea.jpg\",\"contentUrl\":\"https:\/\/idakorea.ee\/wp-content\/uploads\/2025\/12\/komplekt-some-by-mi-aha-bha-pha-idakorea.jpg\",\"width\":1024,\"height\":1024},{\"@type\":\"BreadcrumbList\",\"@id\":\"https:\/\/idakorea.ee\/product\/some-by-mi-aha-bha-pha-30-days-miracle-starter-kit\/#breadcrumb\",\"itemListElement\":[{\"@type\":\"ListItem\",\"position\":1,\"name\":\"\u0413\u043b\u0430\u0432\u043d\u0430\u044f \u0441\u0442\u0440\u0430\u043d\u0438\u0446\u0430\",\"item\":\"https:\/\/idakorea.ee\/\"},{\"@type\":\"ListItem\",\"position\":2,\"name\":\"Shop\",\"item\":\"https:\/\/idakorea.ee\/shop-2\/\"},{\"@type\":\"ListItem\",\"position\":3,\"name\":\"Komplekt probleemsele nahale Some By Mi AHA-BHA-PHA 30 Days Miracle Starter Kit\"}]},{\"@type\":\"WebSite\",\"@id\":\"https:\/\/idakorea.ee\/#website\",\"url\":\"https:\/\/idakorea.ee\/\",\"name\":\"IDA.KOREA\",\"description\":\"Korea kosmeetika e-pood\",\"publisher\":{\"@id\":\"https:\/\/idakorea.ee\/#organization\"},\"alternateName\":\"Beauty Shop\",\"potentialAction\":[{\"@type\":\"SearchAction\",\"target\":{\"@type\":\"EntryPoint\",\"urlTemplate\":\"https:\/\/idakorea.ee\/?s={search_term_string}\"},\"query-input\":{\"@type\":\"PropertyValueSpecification\",\"valueRequired\":true,\"valueName\":\"search_term_string\"}}],\"inLanguage\":\"en-US\"},{\"@type\":\"Organization\",\"@id\":\"https:\/\/idakorea.ee\/#organization\",\"name\":\"IDA.KOREA\",\"url\":\"https:\/\/idakorea.ee\/\",\"logo\":{\"@type\":\"ImageObject\",\"inLanguage\":\"en-US\",\"@id\":\"https:\/\/idakorea.ee\/#\/schema\/logo\/image\/\",\"url\":\"https:\/\/idakorea.ee\/wp-content\/uploads\/2024\/05\/cropped-korea3.png\",\"contentUrl\":\"https:\/\/idakorea.ee\/wp-content\/uploads\/2024\/05\/cropped-korea3.png\",\"width\":688,\"height\":126,\"caption\":\"IDA.KOREA\"},\"image\":{\"@id\":\"https:\/\/idakorea.ee\/#\/schema\/logo\/image\/\"},\"sameAs\":[\"https:\/\/www.instagram.com\/ida.korea\/\"]}]}<\/script>\n<!-- \/ Yoast SEO plugin. -->","yoast_head_json":{"title":"Some By Mi AHA-BHA-PHA 30 Days Miracle Starter Kit - IDA.KOREA","description":"A set for problem skin that exfoliates dead skin cells, triggers regeneration processes, promotes healing of inflammation, and reduces the risk of acne.","robots":{"index":"index","follow":"follow","max-snippet":"max-snippet:-1","max-image-preview":"max-image-preview:large","max-video-preview":"max-video-preview:-1"},"canonical":"https:\/\/idakorea.ee\/en\/product\/some-by-mi-aha-bha-pha-30-days-miracle-starter-kit\/","og_locale":"en_US","og_type":"article","og_title":"Some By Mi AHA-BHA-PHA 30 Days Miracle Starter Kit - IDA.KOREA","og_description":"Komplekt probleemsele nahale, mis koorib sarvestunud rakke, k\u00e4ivitab regenereerimisprotsesse soodustab p\u00f5letike paranemist ja v\u00e4hendab akne tekkimise riski.","og_url":"https:\/\/idakorea.ee\/en\/product\/some-by-mi-aha-bha-pha-30-days-miracle-starter-kit\/","og_site_name":"IDA.KOREA","article_modified_time":"2026-01-14T18:58:09+00:00","og_image":[{"width":1024,"height":1024,"url":"https:\/\/idakorea.ee\/wp-content\/uploads\/2025\/12\/komplekt-some-by-mi-aha-bha-pha-idakorea.jpg","type":"image\/jpeg"}],"twitter_card":"summary_large_image","twitter_misc":{"Est. reading time":"2 minutes"},"schema":{"@context":"https:\/\/schema.org","@graph":[{"@type":"WebPage","@id":"https:\/\/idakorea.ee\/product\/some-by-mi-aha-bha-pha-30-days-miracle-starter-kit\/","url":"https:\/\/idakorea.ee\/product\/some-by-mi-aha-bha-pha-30-days-miracle-starter-kit\/","name":"Some By Mi AHA-BHA-PHA 30 Days Miracle Starter Kit - IDA.KOREA","isPartOf":{"@id":"https:\/\/idakorea.ee\/#website"},"primaryImageOfPage":{"@id":"https:\/\/idakorea.ee\/product\/some-by-mi-aha-bha-pha-30-days-miracle-starter-kit\/#primaryimage"},"image":{"@id":"https:\/\/idakorea.ee\/product\/some-by-mi-aha-bha-pha-30-days-miracle-starter-kit\/#primaryimage"},"thumbnailUrl":"https:\/\/idakorea.ee\/wp-content\/uploads\/2025\/12\/komplekt-some-by-mi-aha-bha-pha-idakorea.jpg","datePublished":"2025-12-12T11:06:13+00:00","dateModified":"2026-01-14T18:58:09+00:00","description":"A set for problem skin that exfoliates dead skin cells, triggers regeneration processes, promotes healing of inflammation, and reduces the risk of acne.","breadcrumb":{"@id":"https:\/\/idakorea.ee\/product\/some-by-mi-aha-bha-pha-30-days-miracle-starter-kit\/#breadcrumb"},"inLanguage":"en-US","potentialAction":[{"@type":"ReadAction","target":["https:\/\/idakorea.ee\/product\/some-by-mi-aha-bha-pha-30-days-miracle-starter-kit\/"]}]},{"@type":"ImageObject","inLanguage":"en-US","@id":"https:\/\/idakorea.ee\/product\/some-by-mi-aha-bha-pha-30-days-miracle-starter-kit\/#primaryimage","url":"https:\/\/idakorea.ee\/wp-content\/uploads\/2025\/12\/komplekt-some-by-mi-aha-bha-pha-idakorea.jpg","contentUrl":"https:\/\/idakorea.ee\/wp-content\/uploads\/2025\/12\/komplekt-some-by-mi-aha-bha-pha-idakorea.jpg","width":1024,"height":1024},{"@type":"BreadcrumbList","@id":"https:\/\/idakorea.ee\/product\/some-by-mi-aha-bha-pha-30-days-miracle-starter-kit\/#breadcrumb","itemListElement":[{"@type":"ListItem","position":1,"name":"\u0413\u043b\u0430\u0432\u043d\u0430\u044f \u0441\u0442\u0440\u0430\u043d\u0438\u0446\u0430","item":"https:\/\/idakorea.ee\/"},{"@type":"ListItem","position":2,"name":"Shop","item":"https:\/\/idakorea.ee\/shop-2\/"},{"@type":"ListItem","position":3,"name":"Komplekt probleemsele nahale Some By Mi AHA-BHA-PHA 30 Days Miracle Starter Kit"}]},{"@type":"WebSite","@id":"https:\/\/idakorea.ee\/#website","url":"https:\/\/idakorea.ee\/","name":"IDA.KOREA","description":"Korean cosmetics e-shop","publisher":{"@id":"https:\/\/idakorea.ee\/#organization"},"alternateName":"Beauty Shop","potentialAction":[{"@type":"SearchAction","target":{"@type":"EntryPoint","urlTemplate":"https:\/\/idakorea.ee\/?s={search_term_string}"},"query-input":{"@type":"PropertyValueSpecification","valueRequired":true,"valueName":"search_term_string"}}],"inLanguage":"en-US"},{"@type":"Organization","@id":"https:\/\/idakorea.ee\/#organization","name":"IDA.KOREA","url":"https:\/\/idakorea.ee\/","logo":{"@type":"ImageObject","inLanguage":"en-US","@id":"https:\/\/idakorea.ee\/#\/schema\/logo\/image\/","url":"https:\/\/idakorea.ee\/wp-content\/uploads\/2024\/05\/cropped-korea3.png","contentUrl":"https:\/\/idakorea.ee\/wp-content\/uploads\/2024\/05\/cropped-korea3.png","width":688,"height":126,"caption":"IDA.KOREA"},"image":{"@id":"https:\/\/idakorea.ee\/#\/schema\/logo\/image\/"},"sameAs":["https:\/\/www.instagram.com\/ida.korea\/"]}]}},"jetpack_sharing_enabled":true,"brands":[{"id":492,"name":"SOME BY MI","slug":"some-by-mi"}],"_links":{"self":[{"href":"https:\/\/idakorea.ee\/en\/wp-json\/wp\/v2\/product\/16834","targetHints":{"allow":["GET"]}}],"collection":[{"href":"https:\/\/idakorea.ee\/en\/wp-json\/wp\/v2\/product"}],"about":[{"href":"https:\/\/idakorea.ee\/en\/wp-json\/wp\/v2\/types\/product"}],"replies":[{"embeddable":true,"href":"https:\/\/idakorea.ee\/en\/wp-json\/wp\/v2\/comments?post=16834"}],"version-history":[{"count":2,"href":"https:\/\/idakorea.ee\/en\/wp-json\/wp\/v2\/product\/16834\/revisions"}],"predecessor-version":[{"id":17246,"href":"https:\/\/idakorea.ee\/en\/wp-json\/wp\/v2\/product\/16834\/revisions\/17246"}],"wp:featuredmedia":[{"embeddable":true,"href":"https:\/\/idakorea.ee\/en\/wp-json\/wp\/v2\/media\/16835"}],"wp:attachment":[{"href":"https:\/\/idakorea.ee\/en\/wp-json\/wp\/v2\/media?parent=16834"}],"wp:term":[{"taxonomy":"pwb-brand","embeddable":true,"href":"https:\/\/idakorea.ee\/en\/wp-json\/wp\/v2\/pwb-brand?post=16834"},{"taxonomy":"product_brand","embeddable":true,"href":"https:\/\/idakorea.ee\/en\/wp-json\/wp\/v2\/product_brand?post=16834"},{"taxonomy":"product_cat","embeddable":true,"href":"https:\/\/idakorea.ee\/en\/wp-json\/wp\/v2\/product_cat?post=16834"},{"taxonomy":"product_tag","embeddable":true,"href":"https:\/\/idakorea.ee\/en\/wp-json\/wp\/v2\/product_tag?post=16834"}],"curies":[{"name":"wp","href":"https:\/\/api.w.org\/{rel}","templated":true}]}}