{"id":17025,"date":"2026-01-02T15:27:24","date_gmt":"2026-01-02T13:27:24","guid":{"rendered":"https:\/\/idakorea.ee\/?post_type=product&#038;p=17025"},"modified":"2026-04-10T09:22:32","modified_gmt":"2026-04-10T07:22:32","slug":"missha-time-revolution-retinol-500iu-shot-eye-cream","status":"publish","type":"product","link":"https:\/\/idakorea.ee\/en\/product\/missha-time-revolution-retinol-500iu-shot-eye-cream\/","title":{"rendered":"Eye cream with retinol Missha Time Revolution Retinol 500IU Shot Eye Cream, 15ml+15ml"},"content":{"rendered":"<p data-start=\"67\" data-end=\"373\">This innovative eye cream duo combines the anti-aging benefits of retinol with the revitalizing power of galvanic technology to combat the signs of aging in the delicate eye area. Helps reduce the appearance of wrinkles, fine lines and dark circles, leaving the eye area looking youthful and refreshed.<\/p>\n<p data-start=\"375\" data-end=\"396\"><strong data-start=\"375\" data-end=\"396\">Key benefits:<\/strong><\/p>\n<ul data-start=\"398\" data-end=\"1103\">\n<li data-start=\"398\" data-end=\"581\">\n<p data-start=\"400\" data-end=\"581\"><strong data-start=\"400\" data-end=\"437\">Reduces wrinkles and fine lines:<\/strong> Retinol, a potent derivative of vitamin A, stimulates collagen production and helps reduce the appearance of wrinkles and fine lines around the eyes.<\/p>\n<\/li>\n<li data-start=\"582\" data-end=\"711\">\n<p data-start=\"584\" data-end=\"711\"><strong data-start=\"584\" data-end=\"619\">Brightens dark circles under the eyes:<\/strong> improves microcirculation around the eyes, reducing dark circles and puffiness.<\/p>\n<\/li>\n<li data-start=\"712\" data-end=\"832\">\n<p data-start=\"714\" data-end=\"832\"><strong data-start=\"714\" data-end=\"737\">Improves elasticity:<\/strong> increases skin elasticity and firmness, making the eye area look more youthful and lifted.<\/p>\n<\/li>\n<li data-start=\"833\" data-end=\"1001\">\n<p data-start=\"835\" data-end=\"1001\"><strong data-start=\"835\" data-end=\"863\">Galvanic technology:<\/strong> The built-in galvanic applicator gently massages the eye area, improving product absorption and giving the skin a more radiant appearance.<\/p>\n<\/li>\n<li data-start=\"1002\" data-end=\"1103\">\n<p data-start=\"1004\" data-end=\"1103\"><strong data-start=\"1004\" data-end=\"1027\">Moisturizes and nourishes:<\/strong> provides the necessary hydration, keeping the delicate skin around the eyes elastic and healthy.<\/p>\n<\/li>\n<\/ul>\n<p data-start=\"1105\" data-end=\"1127\"><strong data-start=\"1105\" data-end=\"1127\">The set includes:<\/strong><\/p>\n<ul data-start=\"1129\" data-end=\"1384\">\n<li data-start=\"1129\" data-end=\"1259\">\n<p data-start=\"1131\" data-end=\"1259\"><strong data-start=\"1131\" data-end=\"1179\">Time Revolution Retinol 500IU Shot Eye Cream<\/strong> <strong>15ml+15ml<\/strong> \u2013 an effective eye cream with retinol, designed to reduce the signs of aging.<\/p>\n<\/li>\n<li data-start=\"1260\" data-end=\"1384\">\n<p data-start=\"1262\" data-end=\"1384\"><strong data-start=\"1262\" data-end=\"1288\">Galvanic applicator<\/strong> \u2013 a special device that improves the absorption of active ingredients and provides a gentle massage to the eye area.<\/p>\n<\/li>\n<\/ul>\n<p data-start=\"1386\" data-end=\"1411\"><strong data-start=\"1386\" data-end=\"1411\">Main ingredients:<\/strong><\/p>\n<ul data-start=\"1413\" data-end=\"1826\">\n<li data-start=\"1413\" data-end=\"1552\">\n<p data-start=\"1415\" data-end=\"1552\"><strong data-start=\"1415\" data-end=\"1434\">Retinol 500 IU<\/strong> \u2013 a highly effective form of vitamin A, carefully formulated to be suitable and stable for the delicate skin around the eyes.<\/p>\n<\/li>\n<li data-start=\"1553\" data-end=\"1648\">\n<p data-start=\"1555\" data-end=\"1648\"><strong data-start=\"1555\" data-end=\"1572\">Niacinamide<\/strong> \u2013 helps lighten dark circles under the eyes and strengthen the skin&#039;s protective barrier.<\/p>\n<\/li>\n<li data-start=\"1649\" data-end=\"1718\">\n<p data-start=\"1651\" data-end=\"1718\"><strong data-start=\"1651\" data-end=\"1668\">Hyaluronic acid<\/strong> \u2013 deeply moisturizes and helps to firm the skin.<\/p>\n<\/li>\n<li data-start=\"1719\" data-end=\"1826\">\n<p data-start=\"1721\" data-end=\"1826\"><strong data-start=\"1721\" data-end=\"1734\">Adenos<\/strong> \u2013 a soothing and anti-aging ingredient that helps reduce the appearance of wrinkles.<\/p>\n<\/li>\n<\/ul>\n<p data-start=\"1828\" data-end=\"1843\"><strong data-start=\"1828\" data-end=\"1843\">Usage:<\/strong><\/p>\n<p data-start=\"1828\" data-end=\"1843\">After cleansing and toning, apply a small amount of eye cream to the eye area. Gently massage the cream into the skin using a circular motion using the galvanic applicator. Use in the evening. Always use sunscreen during the day.<\/p>\n<p data-start=\"2120\" data-end=\"2133\"><strong data-start=\"2120\" data-end=\"2133\">Additional information:<\/strong><\/p>\n<p data-start=\"2135\" data-end=\"2374\">Suitable for all skin types, but for sensitive skin it is recommended to start with a lower concentration of retinol.<br data-start=\"2254\" data-end=\"2257\" \/>This eye cream duo is a real breakthrough for those who want to achieve a visibly more youthful eye area.<\/p>\n<p data-start=\"2376\" data-end=\"2496\" data-is-last-node=\"\" data-is-only-node=\"\">","protected":false},"excerpt":{"rendered":"<p>This innovative eye cream duo combines the anti-aging benefits of retinol with the revitalizing power of galvanic technology to combat the signs of aging in the delicate eye area. Helps reduce the appearance of wrinkles, fine lines and dark circles, leaving the eye area looking youthful and refreshed. Key benefits: Reduces wrinkles and fine lines: Retinol, a potent derivative of vitamin A, stimulates collagen production and helps reduce the appearance of wrinkles and fine lines around the eye area\u2026.<\/p>","protected":false},"featured_media":17028,"comment_status":"open","ping_status":"closed","template":"","meta":{"_uf_show_specific_survey":0,"_uf_disable_surveys":false,"_bst_post_transparent":"default","_bst_post_title":"","_bst_post_layout":"default","_bst_post_sidebar_id":"","_bst_post_content_style":"default","_bst_post_vertical_padding":"default","_bst_post_feature":"","_bst_post_feature_position":"","_bst_post_header":false,"_bst_post_footer":false},"pwb-brand":[631],"product_brand":[],"product_cat":[92,99,201],"product_tag":[568,632,213],"class_list":{"0":"post-17025","1":"product","2":"type-product","3":"status-publish","4":"has-post-thumbnail","6":"pwb-brand-missha","7":"product_cat-nagu","8":"product_cat-silmad-ja-huuled-2","9":"product_cat-silmakreem","10":"product_tag-korea","11":"product_tag-missha","12":"product_tag-retinol","14":"first","15":"instock","16":"sale","17":"shipping-taxable","18":"purchasable","19":"product-type-simple","20":"entry","21":"content-bg","22":"loop-entry"},"supplier_id":null,"supplier_sku":"","barcode":null,"atum_controlled":true,"out_stock_date":null,"out_stock_threshold":null,"inheritable":false,"inbound_stock":0,"stock_on_hold":0,"sold_today":0,"sales_last_days":1,"out_stock_days":0,"lost_sales":0,"has_location":false,"update_date":"2026-04-14T08:40:29","atum_locations":[],"atum_stock_status":"instock","restock_status":false,"low_stock_amount":"","sales_update_date":"2026-04-14T08:40:29","calc_backorders":null,"yoast_head":"<!-- This site is optimized with the Yoast SEO plugin v27.2 - https:\/\/yoast.com\/product\/yoast-seo-wordpress\/ -->\n<title>Missha Time Revolution Retinol 500IU Shot Eye Cream - IDA.KOREA<\/title>\n<meta name=\"description\" content=\"Silmakreem \u00fchendab retinooli vananemisvastase toime galvanilise tehnoloogia elustava j\u00f5uga, et v\u00f5idelda vananemism\u00e4rkidega silma\u00fcmbruse piirkonnas.\" \/>\n<meta name=\"robots\" content=\"index, follow, max-snippet:-1, max-image-preview:large, max-video-preview:-1\" \/>\n<link rel=\"canonical\" href=\"https:\/\/idakorea.ee\/en\/product\/missha-time-revolution-retinol-500iu-shot-eye-cream\/\" \/>\n<meta property=\"og:locale\" content=\"en_US\" \/>\n<meta property=\"og:type\" content=\"article\" \/>\n<meta property=\"og:title\" content=\"Missha Time Revolution Retinol 500IU Shot Eye Cream - IDA.KOREA\" \/>\n<meta property=\"og:description\" content=\"Silmakreem \u00fchendab retinooli vananemisvastase toime galvanilise tehnoloogia elustava j\u00f5uga, et v\u00f5idelda vananemism\u00e4rkidega silma\u00fcmbruse piirkonnas.\" \/>\n<meta property=\"og:url\" content=\"https:\/\/idakorea.ee\/en\/product\/missha-time-revolution-retinol-500iu-shot-eye-cream\/\" \/>\n<meta property=\"og:site_name\" content=\"IDA.KOREA\" \/>\n<meta property=\"article:modified_time\" content=\"2026-04-10T07:22:32+00:00\" \/>\n<meta property=\"og:image\" content=\"https:\/\/idakorea.ee\/wp-content\/uploads\/2026\/01\/MISSHATimeRevolution500ShotGalvanicEyeCreamDuoSet-idakorea.webp\" \/>\n\t<meta property=\"og:image:width\" content=\"1000\" \/>\n\t<meta property=\"og:image:height\" content=\"1000\" \/>\n\t<meta property=\"og:image:type\" content=\"image\/webp\" \/>\n<meta name=\"twitter:card\" content=\"summary_large_image\" \/>\n<meta name=\"twitter:label1\" content=\"Est. reading time\" \/>\n\t<meta name=\"twitter:data1\" content=\"2 minutes\" \/>\n<script type=\"application\/ld+json\" class=\"yoast-schema-graph\">{\"@context\":\"https:\/\/schema.org\",\"@graph\":[{\"@type\":\"WebPage\",\"@id\":\"https:\/\/idakorea.ee\/product\/missha-time-revolution-retinol-500iu-shot-eye-cream\/\",\"url\":\"https:\/\/idakorea.ee\/product\/missha-time-revolution-retinol-500iu-shot-eye-cream\/\",\"name\":\"Missha Time Revolution Retinol 500IU Shot Eye Cream - IDA.KOREA\",\"isPartOf\":{\"@id\":\"https:\/\/idakorea.ee\/#website\"},\"primaryImageOfPage\":{\"@id\":\"https:\/\/idakorea.ee\/product\/missha-time-revolution-retinol-500iu-shot-eye-cream\/#primaryimage\"},\"image\":{\"@id\":\"https:\/\/idakorea.ee\/product\/missha-time-revolution-retinol-500iu-shot-eye-cream\/#primaryimage\"},\"thumbnailUrl\":\"https:\/\/idakorea.ee\/wp-content\/uploads\/2026\/01\/MISSHATimeRevolution500ShotGalvanicEyeCreamDuoSet-idakorea.webp\",\"datePublished\":\"2026-01-02T13:27:24+00:00\",\"dateModified\":\"2026-04-10T07:22:32+00:00\",\"description\":\"Silmakreem \u00fchendab retinooli vananemisvastase toime galvanilise tehnoloogia elustava j\u00f5uga, et v\u00f5idelda vananemism\u00e4rkidega silma\u00fcmbruse piirkonnas.\",\"breadcrumb\":{\"@id\":\"https:\/\/idakorea.ee\/product\/missha-time-revolution-retinol-500iu-shot-eye-cream\/#breadcrumb\"},\"inLanguage\":\"en-US\",\"potentialAction\":[{\"@type\":\"ReadAction\",\"target\":[\"https:\/\/idakorea.ee\/product\/missha-time-revolution-retinol-500iu-shot-eye-cream\/\"]}]},{\"@type\":\"ImageObject\",\"inLanguage\":\"en-US\",\"@id\":\"https:\/\/idakorea.ee\/product\/missha-time-revolution-retinol-500iu-shot-eye-cream\/#primaryimage\",\"url\":\"https:\/\/idakorea.ee\/wp-content\/uploads\/2026\/01\/MISSHATimeRevolution500ShotGalvanicEyeCreamDuoSet-idakorea.webp\",\"contentUrl\":\"https:\/\/idakorea.ee\/wp-content\/uploads\/2026\/01\/MISSHATimeRevolution500ShotGalvanicEyeCreamDuoSet-idakorea.webp\",\"width\":1000,\"height\":1000},{\"@type\":\"BreadcrumbList\",\"@id\":\"https:\/\/idakorea.ee\/product\/missha-time-revolution-retinol-500iu-shot-eye-cream\/#breadcrumb\",\"itemListElement\":[{\"@type\":\"ListItem\",\"position\":1,\"name\":\"\u0413\u043b\u0430\u0432\u043d\u0430\u044f \u0441\u0442\u0440\u0430\u043d\u0438\u0446\u0430\",\"item\":\"https:\/\/idakorea.ee\/\"},{\"@type\":\"ListItem\",\"position\":2,\"name\":\"Shop\",\"item\":\"https:\/\/idakorea.ee\/shop-2\/\"},{\"@type\":\"ListItem\",\"position\":3,\"name\":\"Silmakreem retinooliga Missha Time Revolution Retinol 500IU Shot Eye Cream, 15ml+15ml\"}]},{\"@type\":\"WebSite\",\"@id\":\"https:\/\/idakorea.ee\/#website\",\"url\":\"https:\/\/idakorea.ee\/\",\"name\":\"IDA.KOREA\",\"description\":\"Korea kosmeetika e-pood\",\"publisher\":{\"@id\":\"https:\/\/idakorea.ee\/#organization\"},\"alternateName\":\"Beauty Shop\",\"potentialAction\":[{\"@type\":\"SearchAction\",\"target\":{\"@type\":\"EntryPoint\",\"urlTemplate\":\"https:\/\/idakorea.ee\/?s={search_term_string}\"},\"query-input\":{\"@type\":\"PropertyValueSpecification\",\"valueRequired\":true,\"valueName\":\"search_term_string\"}}],\"inLanguage\":\"en-US\"},{\"@type\":\"Organization\",\"@id\":\"https:\/\/idakorea.ee\/#organization\",\"name\":\"IDA.KOREA\",\"url\":\"https:\/\/idakorea.ee\/\",\"logo\":{\"@type\":\"ImageObject\",\"inLanguage\":\"en-US\",\"@id\":\"https:\/\/idakorea.ee\/#\/schema\/logo\/image\/\",\"url\":\"https:\/\/idakorea.ee\/wp-content\/uploads\/2024\/05\/cropped-korea3.png\",\"contentUrl\":\"https:\/\/idakorea.ee\/wp-content\/uploads\/2024\/05\/cropped-korea3.png\",\"width\":688,\"height\":126,\"caption\":\"IDA.KOREA\"},\"image\":{\"@id\":\"https:\/\/idakorea.ee\/#\/schema\/logo\/image\/\"},\"sameAs\":[\"https:\/\/www.instagram.com\/ida.korea\/\"]}]}<\/script>\n<!-- \/ Yoast SEO plugin. -->","yoast_head_json":{"title":"Missha Time Revolution Retinol 500IU Shot Eye Cream - IDA.KOREA","description":"The eye cream combines the anti-aging benefits of retinol with the revitalizing power of galvanic technology to combat the signs of aging around the eye area.","robots":{"index":"index","follow":"follow","max-snippet":"max-snippet:-1","max-image-preview":"max-image-preview:large","max-video-preview":"max-video-preview:-1"},"canonical":"https:\/\/idakorea.ee\/en\/product\/missha-time-revolution-retinol-500iu-shot-eye-cream\/","og_locale":"en_US","og_type":"article","og_title":"Missha Time Revolution Retinol 500IU Shot Eye Cream - IDA.KOREA","og_description":"Silmakreem \u00fchendab retinooli vananemisvastase toime galvanilise tehnoloogia elustava j\u00f5uga, et v\u00f5idelda vananemism\u00e4rkidega silma\u00fcmbruse piirkonnas.","og_url":"https:\/\/idakorea.ee\/en\/product\/missha-time-revolution-retinol-500iu-shot-eye-cream\/","og_site_name":"IDA.KOREA","article_modified_time":"2026-04-10T07:22:32+00:00","og_image":[{"width":1000,"height":1000,"url":"https:\/\/idakorea.ee\/wp-content\/uploads\/2026\/01\/MISSHATimeRevolution500ShotGalvanicEyeCreamDuoSet-idakorea.webp","type":"image\/webp"}],"twitter_card":"summary_large_image","twitter_misc":{"Est. reading time":"2 minutes"},"schema":{"@context":"https:\/\/schema.org","@graph":[{"@type":"WebPage","@id":"https:\/\/idakorea.ee\/product\/missha-time-revolution-retinol-500iu-shot-eye-cream\/","url":"https:\/\/idakorea.ee\/product\/missha-time-revolution-retinol-500iu-shot-eye-cream\/","name":"Missha Time Revolution Retinol 500IU Shot Eye Cream - IDA.KOREA","isPartOf":{"@id":"https:\/\/idakorea.ee\/#website"},"primaryImageOfPage":{"@id":"https:\/\/idakorea.ee\/product\/missha-time-revolution-retinol-500iu-shot-eye-cream\/#primaryimage"},"image":{"@id":"https:\/\/idakorea.ee\/product\/missha-time-revolution-retinol-500iu-shot-eye-cream\/#primaryimage"},"thumbnailUrl":"https:\/\/idakorea.ee\/wp-content\/uploads\/2026\/01\/MISSHATimeRevolution500ShotGalvanicEyeCreamDuoSet-idakorea.webp","datePublished":"2026-01-02T13:27:24+00:00","dateModified":"2026-04-10T07:22:32+00:00","description":"The eye cream combines the anti-aging benefits of retinol with the revitalizing power of galvanic technology to combat the signs of aging around the eye area.","breadcrumb":{"@id":"https:\/\/idakorea.ee\/product\/missha-time-revolution-retinol-500iu-shot-eye-cream\/#breadcrumb"},"inLanguage":"en-US","potentialAction":[{"@type":"ReadAction","target":["https:\/\/idakorea.ee\/product\/missha-time-revolution-retinol-500iu-shot-eye-cream\/"]}]},{"@type":"ImageObject","inLanguage":"en-US","@id":"https:\/\/idakorea.ee\/product\/missha-time-revolution-retinol-500iu-shot-eye-cream\/#primaryimage","url":"https:\/\/idakorea.ee\/wp-content\/uploads\/2026\/01\/MISSHATimeRevolution500ShotGalvanicEyeCreamDuoSet-idakorea.webp","contentUrl":"https:\/\/idakorea.ee\/wp-content\/uploads\/2026\/01\/MISSHATimeRevolution500ShotGalvanicEyeCreamDuoSet-idakorea.webp","width":1000,"height":1000},{"@type":"BreadcrumbList","@id":"https:\/\/idakorea.ee\/product\/missha-time-revolution-retinol-500iu-shot-eye-cream\/#breadcrumb","itemListElement":[{"@type":"ListItem","position":1,"name":"\u0413\u043b\u0430\u0432\u043d\u0430\u044f \u0441\u0442\u0440\u0430\u043d\u0438\u0446\u0430","item":"https:\/\/idakorea.ee\/"},{"@type":"ListItem","position":2,"name":"Shop","item":"https:\/\/idakorea.ee\/shop-2\/"},{"@type":"ListItem","position":3,"name":"Silmakreem retinooliga Missha Time Revolution Retinol 500IU Shot Eye Cream, 15ml+15ml"}]},{"@type":"WebSite","@id":"https:\/\/idakorea.ee\/#website","url":"https:\/\/idakorea.ee\/","name":"IDA.KOREA","description":"Korean cosmetics e-shop","publisher":{"@id":"https:\/\/idakorea.ee\/#organization"},"alternateName":"Beauty Shop","potentialAction":[{"@type":"SearchAction","target":{"@type":"EntryPoint","urlTemplate":"https:\/\/idakorea.ee\/?s={search_term_string}"},"query-input":{"@type":"PropertyValueSpecification","valueRequired":true,"valueName":"search_term_string"}}],"inLanguage":"en-US"},{"@type":"Organization","@id":"https:\/\/idakorea.ee\/#organization","name":"IDA.KOREA","url":"https:\/\/idakorea.ee\/","logo":{"@type":"ImageObject","inLanguage":"en-US","@id":"https:\/\/idakorea.ee\/#\/schema\/logo\/image\/","url":"https:\/\/idakorea.ee\/wp-content\/uploads\/2024\/05\/cropped-korea3.png","contentUrl":"https:\/\/idakorea.ee\/wp-content\/uploads\/2024\/05\/cropped-korea3.png","width":688,"height":126,"caption":"IDA.KOREA"},"image":{"@id":"https:\/\/idakorea.ee\/#\/schema\/logo\/image\/"},"sameAs":["https:\/\/www.instagram.com\/ida.korea\/"]}]}},"jetpack_sharing_enabled":true,"brands":[{"id":631,"name":"MISSHA","slug":"missha"}],"_links":{"self":[{"href":"https:\/\/idakorea.ee\/en\/wp-json\/wp\/v2\/product\/17025","targetHints":{"allow":["GET"]}}],"collection":[{"href":"https:\/\/idakorea.ee\/en\/wp-json\/wp\/v2\/product"}],"about":[{"href":"https:\/\/idakorea.ee\/en\/wp-json\/wp\/v2\/types\/product"}],"replies":[{"embeddable":true,"href":"https:\/\/idakorea.ee\/en\/wp-json\/wp\/v2\/comments?post=17025"}],"version-history":[{"count":2,"href":"https:\/\/idakorea.ee\/en\/wp-json\/wp\/v2\/product\/17025\/revisions"}],"predecessor-version":[{"id":17452,"href":"https:\/\/idakorea.ee\/en\/wp-json\/wp\/v2\/product\/17025\/revisions\/17452"}],"wp:featuredmedia":[{"embeddable":true,"href":"https:\/\/idakorea.ee\/en\/wp-json\/wp\/v2\/media\/17028"}],"wp:attachment":[{"href":"https:\/\/idakorea.ee\/en\/wp-json\/wp\/v2\/media?parent=17025"}],"wp:term":[{"taxonomy":"pwb-brand","embeddable":true,"href":"https:\/\/idakorea.ee\/en\/wp-json\/wp\/v2\/pwb-brand?post=17025"},{"taxonomy":"product_brand","embeddable":true,"href":"https:\/\/idakorea.ee\/en\/wp-json\/wp\/v2\/product_brand?post=17025"},{"taxonomy":"product_cat","embeddable":true,"href":"https:\/\/idakorea.ee\/en\/wp-json\/wp\/v2\/product_cat?post=17025"},{"taxonomy":"product_tag","embeddable":true,"href":"https:\/\/idakorea.ee\/en\/wp-json\/wp\/v2\/product_tag?post=17025"}],"curies":[{"name":"wp","href":"https:\/\/api.w.org\/{rel}","templated":true}]}}