{"id":17048,"date":"2026-01-04T10:54:33","date_gmt":"2026-01-04T08:54:33","guid":{"rendered":"https:\/\/idakorea.ee\/?post_type=product&#038;p=17048"},"modified":"2026-02-08T11:42:22","modified_gmt":"2026-02-08T09:42:22","slug":"beauty-of-joseon-green-plum-refreshing-cleanser-200ml","status":"publish","type":"product","link":"https:\/\/idakorea.ee\/en\/product\/beauty-of-joseon-green-plum-refreshing-cleanser-200ml\/","title":{"rendered":"Beauty of Joseon Green Plum Refreshing Cleanser, 200ml"},"content":{"rendered":"<p data-start=\"67\" data-end=\"326\"><strong data-start=\"67\" data-end=\"118\">Beauty of Joseon Green Plum Refreshing Cleanser<\/strong> is a refreshing cleansing gel with green plum that gently exfoliates the stratum corneum of the epidermis, softens and evens out the skin&#039;s texture, and effectively cleanses the skin of dirt without causing dryness or a feeling of tightness.<\/p>\n<p data-start=\"328\" data-end=\"494\">The product&#039;s hypoallergenic and slightly acidic (low pH) composition helps maintain skin hydration even after washing and does not damage the skin&#039;s hydrolipidic protective barrier.<\/p>\n<p data-start=\"496\" data-end=\"520\"><strong data-start=\"496\" data-end=\"520\">Main active ingredients:<\/strong><\/p>\n<ul data-start=\"521\" data-end=\"1565\">\n<li data-start=\"521\" data-end=\"749\">\n<p data-start=\"523\" data-end=\"749\"><strong data-start=\"523\" data-end=\"556\">24% Japanese plum water<\/strong> \u2013 has a pronounced rejuvenating and toning effect, restores the skin&#039;s moisture balance and gently brightens. Effectively helps fight dehydration, reduces dullness and nourishes tired skin.<\/p>\n<\/li>\n<li data-start=\"750\" data-end=\"896\">\n<p data-start=\"752\" data-end=\"896\"><strong data-start=\"752\" data-end=\"775\">3% mung bean extract<\/strong> \u2013 enriches the skin with minerals and vitamins and contains a coenzyme-ferment that has a strong anti-aging effect.<\/p>\n<\/li>\n<li data-start=\"897\" data-end=\"1062\">\n<p data-start=\"899\" data-end=\"1062\"><strong data-start=\"899\" data-end=\"929\">Green tea leaf extract<\/strong> \u2013 relieves irritation, has antibacterial properties, improves skin elasticity and firmness, smoothes wrinkles and evens out complexion.<\/p>\n<\/li>\n<li data-start=\"1063\" data-end=\"1252\">\n<p data-start=\"1065\" data-end=\"1252\"><strong data-start=\"1065\" data-end=\"1088\">Houttuynia extract<\/strong> \u2013 has a strong anti-inflammatory and antiseptic effect, stimulates tissue regeneration and healing processes and is especially effective for acne and other skin problems.<\/p>\n<\/li>\n<li data-start=\"1253\" data-end=\"1409\">\n<p data-start=\"1255\" data-end=\"1409\"><strong data-start=\"1255\" data-end=\"1275\">Lotus extract<\/strong> \u2013 moisturizes and cleanses the skin, helps smooth wrinkles, refreshes and tones, restores elasticity, soothes and supports regeneration.<\/p>\n<\/li>\n<li data-start=\"1410\" data-end=\"1565\">\n<p data-start=\"1412\" data-end=\"1565\"><strong data-start=\"1412\" data-end=\"1429\">Rice extract<\/strong> \u2013 helps maintain youthful skin, moisturizes and cares, gently brightens and evens out skin tone, making the skin soft and velvety.<\/p>\n<\/li>\n<\/ul>\n<p data-start=\"1567\" data-end=\"1615\">Suitable for dry, normal and sensitive skin.<\/p>\n<p data-start=\"1617\" data-end=\"1735\"><strong data-start=\"1617\" data-end=\"1632\">Usage:<\/strong> Mix a small amount of gel with water, apply to the skin with massaging movements and rinse thoroughly with water.<\/p>","protected":false},"excerpt":{"rendered":"<p>Beauty of Joseon Green Plum Refreshing Cleanser is a refreshing cleansing gel with green plum that gently exfoliates the stratum corneum of the epidermis, softens and evens out the skin&#039;s texture, and effectively cleanses the skin of dirt without causing dryness or a feeling of tightness. The product&#039;s hypoallergenic and slightly acidic (low pH) composition helps maintain skin hydration even after washing and does not damage the skin&#039;s hydrolipidic protective barrier. Main active ingredients: 24%\u2026<\/p>","protected":false},"featured_media":17049,"comment_status":"open","ping_status":"closed","template":"","meta":{"_uf_show_specific_survey":0,"_uf_disable_surveys":false,"_bst_post_transparent":"default","_bst_post_title":"","_bst_post_layout":"default","_bst_post_sidebar_id":"","_bst_post_content_style":"default","_bst_post_vertical_padding":"default","_bst_post_feature":"","_bst_post_feature_position":"","_bst_post_header":false,"_bst_post_footer":false},"pwb-brand":[880],"product_brand":[],"product_cat":[92,452,100],"product_tag":[785,854,568],"class_list":{"0":"post-17048","1":"product","2":"type-product","3":"status-publish","4":"has-post-thumbnail","6":"pwb-brand-beauty-of-joseon","7":"product_cat-nagu","8":"product_cat-naopuhastusgeelid","9":"product_cat-puhastusvahendid","10":"product_tag-cleanser","11":"product_tag-gel","12":"product_tag-korea","14":"first","15":"instock","16":"sale","17":"shipping-taxable","18":"purchasable","19":"product-type-simple","20":"entry","21":"content-bg","22":"loop-entry"},"supplier_id":null,"supplier_sku":"","barcode":null,"atum_controlled":true,"out_stock_date":null,"out_stock_threshold":null,"inheritable":false,"inbound_stock":0,"stock_on_hold":0,"sold_today":0,"sales_last_days":0,"out_stock_days":0,"lost_sales":0,"has_location":false,"update_date":"2026-04-15T00:05:11","atum_locations":[],"atum_stock_status":"instock","restock_status":false,"low_stock_amount":"","sales_update_date":"2026-04-15T00:05:11","calc_backorders":null,"yoast_head":"<!-- This site is optimized with the Yoast SEO plugin v27.2 - https:\/\/yoast.com\/product\/yoast-seo-wordpress\/ -->\n<title>Beauty of Joseon Green Plum Refreshing Cleanser, 200ml - IDA.KOREA<\/title>\n<meta name=\"description\" content=\"V\u00e4rskendav puhastusgeel rohelise ploomiga, mis koorib \u00f5rnalt epidermise sarvkihti, pehmendab, \u00fchtlustab naha reljeefi, puhastab nahka t\u00f5husalt mustusest.\" \/>\n<meta name=\"robots\" content=\"index, follow, max-snippet:-1, max-image-preview:large, max-video-preview:-1\" \/>\n<link rel=\"canonical\" href=\"https:\/\/idakorea.ee\/en\/product\/beauty-of-joseon-green-plum-refreshing-cleanser-200ml\/\" \/>\n<meta property=\"og:locale\" content=\"en_US\" \/>\n<meta property=\"og:type\" content=\"article\" \/>\n<meta property=\"og:title\" content=\"Beauty of Joseon Green Plum Refreshing Cleanser, 200ml - IDA.KOREA\" \/>\n<meta property=\"og:description\" content=\"V\u00e4rskendav puhastusgeel rohelise ploomiga, mis koorib \u00f5rnalt epidermise sarvkihti, pehmendab, \u00fchtlustab naha reljeefi, puhastab nahka t\u00f5husalt mustusest.\" \/>\n<meta property=\"og:url\" content=\"https:\/\/idakorea.ee\/en\/product\/beauty-of-joseon-green-plum-refreshing-cleanser-200ml\/\" \/>\n<meta property=\"og:site_name\" content=\"IDA.KOREA\" \/>\n<meta property=\"article:modified_time\" content=\"2026-02-08T09:42:22+00:00\" \/>\n<meta property=\"og:image\" content=\"https:\/\/idakorea.ee\/wp-content\/uploads\/2026\/01\/Beauty-of-Joseon-Green-Plum-Refreshing-Cleanser-idakorea.png\" \/>\n\t<meta property=\"og:image:width\" content=\"1500\" \/>\n\t<meta property=\"og:image:height\" content=\"1500\" \/>\n\t<meta property=\"og:image:type\" content=\"image\/png\" \/>\n<meta name=\"twitter:card\" content=\"summary_large_image\" \/>\n<meta name=\"twitter:label1\" content=\"Est. reading time\" \/>\n\t<meta name=\"twitter:data1\" content=\"2 minutes\" \/>\n<script type=\"application\/ld+json\" class=\"yoast-schema-graph\">{\"@context\":\"https:\/\/schema.org\",\"@graph\":[{\"@type\":\"WebPage\",\"@id\":\"https:\/\/idakorea.ee\/product\/beauty-of-joseon-green-plum-refreshing-cleanser-200ml\/\",\"url\":\"https:\/\/idakorea.ee\/product\/beauty-of-joseon-green-plum-refreshing-cleanser-200ml\/\",\"name\":\"Beauty of Joseon Green Plum Refreshing Cleanser, 200ml - IDA.KOREA\",\"isPartOf\":{\"@id\":\"https:\/\/idakorea.ee\/#website\"},\"primaryImageOfPage\":{\"@id\":\"https:\/\/idakorea.ee\/product\/beauty-of-joseon-green-plum-refreshing-cleanser-200ml\/#primaryimage\"},\"image\":{\"@id\":\"https:\/\/idakorea.ee\/product\/beauty-of-joseon-green-plum-refreshing-cleanser-200ml\/#primaryimage\"},\"thumbnailUrl\":\"https:\/\/idakorea.ee\/wp-content\/uploads\/2026\/01\/Beauty-of-Joseon-Green-Plum-Refreshing-Cleanser-idakorea.png\",\"datePublished\":\"2026-01-04T08:54:33+00:00\",\"dateModified\":\"2026-02-08T09:42:22+00:00\",\"description\":\"V\u00e4rskendav puhastusgeel rohelise ploomiga, mis koorib \u00f5rnalt epidermise sarvkihti, pehmendab, \u00fchtlustab naha reljeefi, puhastab nahka t\u00f5husalt mustusest.\",\"breadcrumb\":{\"@id\":\"https:\/\/idakorea.ee\/product\/beauty-of-joseon-green-plum-refreshing-cleanser-200ml\/#breadcrumb\"},\"inLanguage\":\"en-US\",\"potentialAction\":[{\"@type\":\"ReadAction\",\"target\":[\"https:\/\/idakorea.ee\/product\/beauty-of-joseon-green-plum-refreshing-cleanser-200ml\/\"]}]},{\"@type\":\"ImageObject\",\"inLanguage\":\"en-US\",\"@id\":\"https:\/\/idakorea.ee\/product\/beauty-of-joseon-green-plum-refreshing-cleanser-200ml\/#primaryimage\",\"url\":\"https:\/\/idakorea.ee\/wp-content\/uploads\/2026\/01\/Beauty-of-Joseon-Green-Plum-Refreshing-Cleanser-idakorea.png\",\"contentUrl\":\"https:\/\/idakorea.ee\/wp-content\/uploads\/2026\/01\/Beauty-of-Joseon-Green-Plum-Refreshing-Cleanser-idakorea.png\",\"width\":1500,\"height\":1500},{\"@type\":\"BreadcrumbList\",\"@id\":\"https:\/\/idakorea.ee\/product\/beauty-of-joseon-green-plum-refreshing-cleanser-200ml\/#breadcrumb\",\"itemListElement\":[{\"@type\":\"ListItem\",\"position\":1,\"name\":\"\u0413\u043b\u0430\u0432\u043d\u0430\u044f \u0441\u0442\u0440\u0430\u043d\u0438\u0446\u0430\",\"item\":\"https:\/\/idakorea.ee\/\"},{\"@type\":\"ListItem\",\"position\":2,\"name\":\"Shop\",\"item\":\"https:\/\/idakorea.ee\/shop-2\/\"},{\"@type\":\"ListItem\",\"position\":3,\"name\":\"V\u00e4rskendav puhastusgeel Beauty of Joseon Green Plum Refreshing Cleanser, 200ml\"}]},{\"@type\":\"WebSite\",\"@id\":\"https:\/\/idakorea.ee\/#website\",\"url\":\"https:\/\/idakorea.ee\/\",\"name\":\"IDA.KOREA\",\"description\":\"Korea kosmeetika e-pood\",\"publisher\":{\"@id\":\"https:\/\/idakorea.ee\/#organization\"},\"alternateName\":\"Beauty Shop\",\"potentialAction\":[{\"@type\":\"SearchAction\",\"target\":{\"@type\":\"EntryPoint\",\"urlTemplate\":\"https:\/\/idakorea.ee\/?s={search_term_string}\"},\"query-input\":{\"@type\":\"PropertyValueSpecification\",\"valueRequired\":true,\"valueName\":\"search_term_string\"}}],\"inLanguage\":\"en-US\"},{\"@type\":\"Organization\",\"@id\":\"https:\/\/idakorea.ee\/#organization\",\"name\":\"IDA.KOREA\",\"url\":\"https:\/\/idakorea.ee\/\",\"logo\":{\"@type\":\"ImageObject\",\"inLanguage\":\"en-US\",\"@id\":\"https:\/\/idakorea.ee\/#\/schema\/logo\/image\/\",\"url\":\"https:\/\/idakorea.ee\/wp-content\/uploads\/2024\/05\/cropped-korea3.png\",\"contentUrl\":\"https:\/\/idakorea.ee\/wp-content\/uploads\/2024\/05\/cropped-korea3.png\",\"width\":688,\"height\":126,\"caption\":\"IDA.KOREA\"},\"image\":{\"@id\":\"https:\/\/idakorea.ee\/#\/schema\/logo\/image\/\"},\"sameAs\":[\"https:\/\/www.instagram.com\/ida.korea\/\"]}]}<\/script>\n<!-- \/ Yoast SEO plugin. -->","yoast_head_json":{"title":"Beauty of Joseon Green Plum Refreshing Cleanser, 200ml - IDA.KOREA","description":"Refreshing cleansing gel with green plum that gently exfoliates the stratum corneum of the epidermis, softens, evens out the skin&#039;s texture, and effectively cleanses the skin of dirt.","robots":{"index":"index","follow":"follow","max-snippet":"max-snippet:-1","max-image-preview":"max-image-preview:large","max-video-preview":"max-video-preview:-1"},"canonical":"https:\/\/idakorea.ee\/en\/product\/beauty-of-joseon-green-plum-refreshing-cleanser-200ml\/","og_locale":"en_US","og_type":"article","og_title":"Beauty of Joseon Green Plum Refreshing Cleanser, 200ml - IDA.KOREA","og_description":"V\u00e4rskendav puhastusgeel rohelise ploomiga, mis koorib \u00f5rnalt epidermise sarvkihti, pehmendab, \u00fchtlustab naha reljeefi, puhastab nahka t\u00f5husalt mustusest.","og_url":"https:\/\/idakorea.ee\/en\/product\/beauty-of-joseon-green-plum-refreshing-cleanser-200ml\/","og_site_name":"IDA.KOREA","article_modified_time":"2026-02-08T09:42:22+00:00","og_image":[{"width":1500,"height":1500,"url":"https:\/\/idakorea.ee\/wp-content\/uploads\/2026\/01\/Beauty-of-Joseon-Green-Plum-Refreshing-Cleanser-idakorea.png","type":"image\/png"}],"twitter_card":"summary_large_image","twitter_misc":{"Est. reading time":"2 minutes"},"schema":{"@context":"https:\/\/schema.org","@graph":[{"@type":"WebPage","@id":"https:\/\/idakorea.ee\/product\/beauty-of-joseon-green-plum-refreshing-cleanser-200ml\/","url":"https:\/\/idakorea.ee\/product\/beauty-of-joseon-green-plum-refreshing-cleanser-200ml\/","name":"Beauty of Joseon Green Plum Refreshing Cleanser, 200ml - IDA.KOREA","isPartOf":{"@id":"https:\/\/idakorea.ee\/#website"},"primaryImageOfPage":{"@id":"https:\/\/idakorea.ee\/product\/beauty-of-joseon-green-plum-refreshing-cleanser-200ml\/#primaryimage"},"image":{"@id":"https:\/\/idakorea.ee\/product\/beauty-of-joseon-green-plum-refreshing-cleanser-200ml\/#primaryimage"},"thumbnailUrl":"https:\/\/idakorea.ee\/wp-content\/uploads\/2026\/01\/Beauty-of-Joseon-Green-Plum-Refreshing-Cleanser-idakorea.png","datePublished":"2026-01-04T08:54:33+00:00","dateModified":"2026-02-08T09:42:22+00:00","description":"Refreshing cleansing gel with green plum that gently exfoliates the stratum corneum of the epidermis, softens, evens out the skin&#039;s texture, and effectively cleanses the skin of dirt.","breadcrumb":{"@id":"https:\/\/idakorea.ee\/product\/beauty-of-joseon-green-plum-refreshing-cleanser-200ml\/#breadcrumb"},"inLanguage":"en-US","potentialAction":[{"@type":"ReadAction","target":["https:\/\/idakorea.ee\/product\/beauty-of-joseon-green-plum-refreshing-cleanser-200ml\/"]}]},{"@type":"ImageObject","inLanguage":"en-US","@id":"https:\/\/idakorea.ee\/product\/beauty-of-joseon-green-plum-refreshing-cleanser-200ml\/#primaryimage","url":"https:\/\/idakorea.ee\/wp-content\/uploads\/2026\/01\/Beauty-of-Joseon-Green-Plum-Refreshing-Cleanser-idakorea.png","contentUrl":"https:\/\/idakorea.ee\/wp-content\/uploads\/2026\/01\/Beauty-of-Joseon-Green-Plum-Refreshing-Cleanser-idakorea.png","width":1500,"height":1500},{"@type":"BreadcrumbList","@id":"https:\/\/idakorea.ee\/product\/beauty-of-joseon-green-plum-refreshing-cleanser-200ml\/#breadcrumb","itemListElement":[{"@type":"ListItem","position":1,"name":"\u0413\u043b\u0430\u0432\u043d\u0430\u044f \u0441\u0442\u0440\u0430\u043d\u0438\u0446\u0430","item":"https:\/\/idakorea.ee\/"},{"@type":"ListItem","position":2,"name":"Shop","item":"https:\/\/idakorea.ee\/shop-2\/"},{"@type":"ListItem","position":3,"name":"V\u00e4rskendav puhastusgeel Beauty of Joseon Green Plum Refreshing Cleanser, 200ml"}]},{"@type":"WebSite","@id":"https:\/\/idakorea.ee\/#website","url":"https:\/\/idakorea.ee\/","name":"IDA.KOREA","description":"Korean cosmetics e-shop","publisher":{"@id":"https:\/\/idakorea.ee\/#organization"},"alternateName":"Beauty Shop","potentialAction":[{"@type":"SearchAction","target":{"@type":"EntryPoint","urlTemplate":"https:\/\/idakorea.ee\/?s={search_term_string}"},"query-input":{"@type":"PropertyValueSpecification","valueRequired":true,"valueName":"search_term_string"}}],"inLanguage":"en-US"},{"@type":"Organization","@id":"https:\/\/idakorea.ee\/#organization","name":"IDA.KOREA","url":"https:\/\/idakorea.ee\/","logo":{"@type":"ImageObject","inLanguage":"en-US","@id":"https:\/\/idakorea.ee\/#\/schema\/logo\/image\/","url":"https:\/\/idakorea.ee\/wp-content\/uploads\/2024\/05\/cropped-korea3.png","contentUrl":"https:\/\/idakorea.ee\/wp-content\/uploads\/2024\/05\/cropped-korea3.png","width":688,"height":126,"caption":"IDA.KOREA"},"image":{"@id":"https:\/\/idakorea.ee\/#\/schema\/logo\/image\/"},"sameAs":["https:\/\/www.instagram.com\/ida.korea\/"]}]}},"jetpack_sharing_enabled":true,"brands":[{"id":880,"name":"BEAUTY OF JOSEON","slug":"beauty-of-joseon"}],"_links":{"self":[{"href":"https:\/\/idakorea.ee\/en\/wp-json\/wp\/v2\/product\/17048","targetHints":{"allow":["GET"]}}],"collection":[{"href":"https:\/\/idakorea.ee\/en\/wp-json\/wp\/v2\/product"}],"about":[{"href":"https:\/\/idakorea.ee\/en\/wp-json\/wp\/v2\/types\/product"}],"replies":[{"embeddable":true,"href":"https:\/\/idakorea.ee\/en\/wp-json\/wp\/v2\/comments?post=17048"}],"version-history":[{"count":3,"href":"https:\/\/idakorea.ee\/en\/wp-json\/wp\/v2\/product\/17048\/revisions"}],"predecessor-version":[{"id":17450,"href":"https:\/\/idakorea.ee\/en\/wp-json\/wp\/v2\/product\/17048\/revisions\/17450"}],"wp:featuredmedia":[{"embeddable":true,"href":"https:\/\/idakorea.ee\/en\/wp-json\/wp\/v2\/media\/17049"}],"wp:attachment":[{"href":"https:\/\/idakorea.ee\/en\/wp-json\/wp\/v2\/media?parent=17048"}],"wp:term":[{"taxonomy":"pwb-brand","embeddable":true,"href":"https:\/\/idakorea.ee\/en\/wp-json\/wp\/v2\/pwb-brand?post=17048"},{"taxonomy":"product_brand","embeddable":true,"href":"https:\/\/idakorea.ee\/en\/wp-json\/wp\/v2\/product_brand?post=17048"},{"taxonomy":"product_cat","embeddable":true,"href":"https:\/\/idakorea.ee\/en\/wp-json\/wp\/v2\/product_cat?post=17048"},{"taxonomy":"product_tag","embeddable":true,"href":"https:\/\/idakorea.ee\/en\/wp-json\/wp\/v2\/product_tag?post=17048"}],"curies":[{"name":"wp","href":"https:\/\/api.w.org\/{rel}","templated":true}]}}