{"id":17143,"date":"2026-01-08T10:58:31","date_gmt":"2026-01-08T08:58:31","guid":{"rendered":"https:\/\/idakorea.ee\/?post_type=product&#038;p=17143"},"modified":"2026-03-06T14:05:18","modified_gmt":"2026-03-06T12:05:18","slug":"vt-cosmetics-pdrn-grinding-cleansing-balm-50ml","status":"publish","type":"product","link":"https:\/\/idakorea.ee\/en\/product\/vt-cosmetics-pdrn-grinding-cleansing-balm-50ml\/","title":{"rendered":"Hydrophilic cleansing balm VT Cosmetics PDRN Grinding Cleansing Balm, 50ml"},"content":{"rendered":"<p data-start=\"88\" data-end=\"356\"><strong data-start=\"88\" data-end=\"133\">VT Cosmetics PDRN Grinding Cleansing Balm<\/strong> \u2013 A hydrophilic cleansing balm with PDRN that effectively removes waterproof makeup, foundations, and sunscreens. Regulates the work of the sebaceous glands, absorbs excess sebum, dissolves blackheads, and helps prevent the formation of comedones.<\/p>\n<p data-start=\"358\" data-end=\"578\">A special hygienic mechanism allows you to dose the required amount of product without air getting into the package. The hypoallergenic composition without fragrances and essential oils does not irritate the skin and is also suitable for sensitive skin.<\/p>\n<p data-start=\"580\" data-end=\"803\">Contains <strong data-start=\"589\" data-end=\"610\">Phyto PDRN\u00ae Panax<\/strong> \u2014 PDRN (polynucleotide) derived from ginseng root extract, which stimulates cell renewal, accelerates regeneration, helps prevent wrinkles, and supports skin elasticity and density.<\/p>\n<p data-start=\"805\" data-end=\"842\"><strong>Additional active ingredients:<\/strong><\/p>\n<ul>\n<li data-start=\"844\" data-end=\"999\"><strong data-start=\"844\" data-end=\"878\">LHA (capryloyloyl salicylic acid)<\/strong> \u2014 A gentle analogue of BHA with a larger molecule that acts more delicately. Dissolves dirt in pores and prevents the formation of blackheads.<\/li>\n<li data-start=\"1001\" data-end=\"1134\"><strong>PHA (gluconolactone)<\/strong> \u2014 gently removes dead skin cells, evens out skin microtexture and helps lighten age spots.<\/li>\n<li data-start=\"1136\" data-end=\"1216\"><strong data-start=\"1136\" data-end=\"1149\">Tea tree oil<\/strong> \u2014 has an anti-inflammatory effect, reduces redness and the risk of acne.<\/li>\n<li data-start=\"1218\" data-end=\"1344\"><strong data-start=\"1218\" data-end=\"1231\">Jojoba oil<\/strong> \u2014 strengthens the skin&#039;s protective barrier, moisturizes and nourishes. High vitamin E content provides antioxidant properties.<\/li>\n<li data-start=\"1346\" data-end=\"1441\"><strong data-start=\"1346\" data-end=\"1358\">Skvala<\/strong> \u2014 soothes the skin, prevents moisture evaporation and slows down the aging process.<\/li>\n<li data-start=\"1443\" data-end=\"1599\"><strong data-start=\"1443\" data-end=\"1457\">Ceramides<\/strong> \u2014 restore the integrity of the stratum corneum and lipid barrier, reduce sensitivity to external irritants, and relieve flaking and dryness.<\/li>\n<\/ul>\n<p data-start=\"1601\" data-end=\"1631\">Suitable for all skin types.<\/p>\n<p data-start=\"1633\" data-end=\"1648\"><strong>Usage:<\/strong><\/p>\n<p data-start=\"1649\" data-end=\"1921\">Take the required amount of product by twisting the cap. Apply the balm to dry skin and massage until the makeup is completely dissolved. Then add a little water and continue massaging in circular motions. Rinse with warm water. Then continue cleansing with a facial gel or foam.<\/p>","protected":false},"excerpt":{"rendered":"<p>VT Cosmetics PDRN Grinding Cleansing Balm \u2013 a hydrophilic cleansing balm with PDRN that effectively removes waterproof makeup, foundations and sunscreens. Regulates the work of the sebaceous glands, absorbs excess sebum, dissolves blackheads and helps prevent the formation of comedones. A special hygienic mechanism allows you to dose the required amount of product without air getting into the package. The hypoallergenic composition without fragrances and essential oils does not irritate the skin and\u2026<\/p>","protected":false},"featured_media":17146,"comment_status":"open","ping_status":"closed","template":"","meta":{"_uf_show_specific_survey":0,"_uf_disable_surveys":false,"_bst_post_transparent":"default","_bst_post_title":"","_bst_post_layout":"default","_bst_post_sidebar_id":"","_bst_post_content_style":"default","_bst_post_vertical_padding":"default","_bst_post_feature":"","_bst_post_feature_position":"","_bst_post_header":false,"_bst_post_footer":false},"pwb-brand":[493],"product_brand":[],"product_cat":[1029,92,100],"product_tag":[1015,568,789,462],"class_list":{"0":"post-17143","1":"product","2":"type-product","3":"status-publish","4":"has-post-thumbnail","6":"pwb-brand-vt","7":"product_cat-meigieemaldus","8":"product_cat-nagu","9":"product_cat-puhastusvahendid","10":"product_tag-clean","11":"product_tag-korea","12":"product_tag-pdrn","13":"product_tag-vt","15":"first","16":"instock","17":"sale","18":"shipping-taxable","19":"purchasable","20":"product-type-simple","21":"entry","22":"content-bg","23":"loop-entry"},"supplier_id":null,"supplier_sku":"","barcode":null,"atum_controlled":true,"out_stock_date":null,"out_stock_threshold":null,"inheritable":false,"inbound_stock":0,"stock_on_hold":0,"sold_today":0,"sales_last_days":0,"out_stock_days":0,"lost_sales":0,"has_location":false,"update_date":"2026-04-14T00:05:05","atum_locations":[],"atum_stock_status":"instock","restock_status":false,"low_stock_amount":"","sales_update_date":"2026-04-14T00:05:05","calc_backorders":null,"yoast_head":"<!-- This site is optimized with the Yoast SEO plugin v27.2 - https:\/\/yoast.com\/product\/yoast-seo-wordpress\/ -->\n<title>VT Cosmetics PDRN Grinding Cleansing Balm, 50ml - IDA.KOREA<\/title>\n<meta name=\"description\" content=\"PDRN-iga h\u00fcdrofiilne puhastuspalsam, mis eemaldab t\u00f5husalt veekindla meigi, jumestuskreemid ja p\u00e4ikesekaitsevahendid. Reguleerib rasun\u00e4\u00e4rmete t\u00f6\u00f6d.\" \/>\n<meta name=\"robots\" content=\"index, follow, max-snippet:-1, max-image-preview:large, max-video-preview:-1\" \/>\n<link rel=\"canonical\" href=\"https:\/\/idakorea.ee\/en\/product\/vt-cosmetics-pdrn-grinding-cleansing-balm-50ml\/\" \/>\n<meta property=\"og:locale\" content=\"en_US\" \/>\n<meta property=\"og:type\" content=\"article\" \/>\n<meta property=\"og:title\" content=\"VT Cosmetics PDRN Grinding Cleansing Balm, 50ml - IDA.KOREA\" \/>\n<meta property=\"og:description\" content=\"PDRN-iga h\u00fcdrofiilne puhastuspalsam, mis eemaldab t\u00f5husalt veekindla meigi, jumestuskreemid ja p\u00e4ikesekaitsevahendid. Reguleerib rasun\u00e4\u00e4rmete t\u00f6\u00f6d.\" \/>\n<meta property=\"og:url\" content=\"https:\/\/idakorea.ee\/en\/product\/vt-cosmetics-pdrn-grinding-cleansing-balm-50ml\/\" \/>\n<meta property=\"og:site_name\" content=\"IDA.KOREA\" \/>\n<meta property=\"article:modified_time\" content=\"2026-03-06T12:05:18+00:00\" \/>\n<meta property=\"og:image\" content=\"https:\/\/idakorea.ee\/wp-content\/uploads\/2026\/01\/VT-Cosmetics-PDRN-Grinding-Cleansing-Balm_idakorea.jpg\" \/>\n\t<meta property=\"og:image:width\" content=\"1000\" \/>\n\t<meta property=\"og:image:height\" content=\"1000\" \/>\n\t<meta property=\"og:image:type\" content=\"image\/jpeg\" \/>\n<meta name=\"twitter:card\" content=\"summary_large_image\" \/>\n<meta name=\"twitter:label1\" content=\"Est. reading time\" \/>\n\t<meta name=\"twitter:data1\" content=\"2 minutes\" \/>\n<script type=\"application\/ld+json\" class=\"yoast-schema-graph\">{\"@context\":\"https:\/\/schema.org\",\"@graph\":[{\"@type\":\"WebPage\",\"@id\":\"https:\/\/idakorea.ee\/product\/vt-cosmetics-pdrn-grinding-cleansing-balm-50ml\/\",\"url\":\"https:\/\/idakorea.ee\/product\/vt-cosmetics-pdrn-grinding-cleansing-balm-50ml\/\",\"name\":\"VT Cosmetics PDRN Grinding Cleansing Balm, 50ml - IDA.KOREA\",\"isPartOf\":{\"@id\":\"https:\/\/idakorea.ee\/#website\"},\"primaryImageOfPage\":{\"@id\":\"https:\/\/idakorea.ee\/product\/vt-cosmetics-pdrn-grinding-cleansing-balm-50ml\/#primaryimage\"},\"image\":{\"@id\":\"https:\/\/idakorea.ee\/product\/vt-cosmetics-pdrn-grinding-cleansing-balm-50ml\/#primaryimage\"},\"thumbnailUrl\":\"https:\/\/idakorea.ee\/wp-content\/uploads\/2026\/01\/VT-Cosmetics-PDRN-Grinding-Cleansing-Balm_idakorea.jpg\",\"datePublished\":\"2026-01-08T08:58:31+00:00\",\"dateModified\":\"2026-03-06T12:05:18+00:00\",\"description\":\"PDRN-iga h\u00fcdrofiilne puhastuspalsam, mis eemaldab t\u00f5husalt veekindla meigi, jumestuskreemid ja p\u00e4ikesekaitsevahendid. Reguleerib rasun\u00e4\u00e4rmete t\u00f6\u00f6d.\",\"breadcrumb\":{\"@id\":\"https:\/\/idakorea.ee\/product\/vt-cosmetics-pdrn-grinding-cleansing-balm-50ml\/#breadcrumb\"},\"inLanguage\":\"en-US\",\"potentialAction\":[{\"@type\":\"ReadAction\",\"target\":[\"https:\/\/idakorea.ee\/product\/vt-cosmetics-pdrn-grinding-cleansing-balm-50ml\/\"]}]},{\"@type\":\"ImageObject\",\"inLanguage\":\"en-US\",\"@id\":\"https:\/\/idakorea.ee\/product\/vt-cosmetics-pdrn-grinding-cleansing-balm-50ml\/#primaryimage\",\"url\":\"https:\/\/idakorea.ee\/wp-content\/uploads\/2026\/01\/VT-Cosmetics-PDRN-Grinding-Cleansing-Balm_idakorea.jpg\",\"contentUrl\":\"https:\/\/idakorea.ee\/wp-content\/uploads\/2026\/01\/VT-Cosmetics-PDRN-Grinding-Cleansing-Balm_idakorea.jpg\",\"width\":1000,\"height\":1000},{\"@type\":\"BreadcrumbList\",\"@id\":\"https:\/\/idakorea.ee\/product\/vt-cosmetics-pdrn-grinding-cleansing-balm-50ml\/#breadcrumb\",\"itemListElement\":[{\"@type\":\"ListItem\",\"position\":1,\"name\":\"\u0413\u043b\u0430\u0432\u043d\u0430\u044f \u0441\u0442\u0440\u0430\u043d\u0438\u0446\u0430\",\"item\":\"https:\/\/idakorea.ee\/\"},{\"@type\":\"ListItem\",\"position\":2,\"name\":\"Shop\",\"item\":\"https:\/\/idakorea.ee\/shop-2\/\"},{\"@type\":\"ListItem\",\"position\":3,\"name\":\"H\u00fcdrofiilne puhastuspalsam VT Cosmetics PDRN Grinding Cleansing Balm, 50ml\"}]},{\"@type\":\"WebSite\",\"@id\":\"https:\/\/idakorea.ee\/#website\",\"url\":\"https:\/\/idakorea.ee\/\",\"name\":\"IDA.KOREA\",\"description\":\"Korea kosmeetika e-pood\",\"publisher\":{\"@id\":\"https:\/\/idakorea.ee\/#organization\"},\"alternateName\":\"Beauty Shop\",\"potentialAction\":[{\"@type\":\"SearchAction\",\"target\":{\"@type\":\"EntryPoint\",\"urlTemplate\":\"https:\/\/idakorea.ee\/?s={search_term_string}\"},\"query-input\":{\"@type\":\"PropertyValueSpecification\",\"valueRequired\":true,\"valueName\":\"search_term_string\"}}],\"inLanguage\":\"en-US\"},{\"@type\":\"Organization\",\"@id\":\"https:\/\/idakorea.ee\/#organization\",\"name\":\"IDA.KOREA\",\"url\":\"https:\/\/idakorea.ee\/\",\"logo\":{\"@type\":\"ImageObject\",\"inLanguage\":\"en-US\",\"@id\":\"https:\/\/idakorea.ee\/#\/schema\/logo\/image\/\",\"url\":\"https:\/\/idakorea.ee\/wp-content\/uploads\/2024\/05\/cropped-korea3.png\",\"contentUrl\":\"https:\/\/idakorea.ee\/wp-content\/uploads\/2024\/05\/cropped-korea3.png\",\"width\":688,\"height\":126,\"caption\":\"IDA.KOREA\"},\"image\":{\"@id\":\"https:\/\/idakorea.ee\/#\/schema\/logo\/image\/\"},\"sameAs\":[\"https:\/\/www.instagram.com\/ida.korea\/\"]}]}<\/script>\n<!-- \/ Yoast SEO plugin. -->","yoast_head_json":{"title":"VT Cosmetics PDRN Grinding Cleansing Balm, 50ml - IDA.KOREA","description":"A hydrophilic cleansing balm with PDRN that effectively removes waterproof makeup, foundations and sunscreens. Regulates the work of the sebaceous glands.","robots":{"index":"index","follow":"follow","max-snippet":"max-snippet:-1","max-image-preview":"max-image-preview:large","max-video-preview":"max-video-preview:-1"},"canonical":"https:\/\/idakorea.ee\/en\/product\/vt-cosmetics-pdrn-grinding-cleansing-balm-50ml\/","og_locale":"en_US","og_type":"article","og_title":"VT Cosmetics PDRN Grinding Cleansing Balm, 50ml - IDA.KOREA","og_description":"PDRN-iga h\u00fcdrofiilne puhastuspalsam, mis eemaldab t\u00f5husalt veekindla meigi, jumestuskreemid ja p\u00e4ikesekaitsevahendid. Reguleerib rasun\u00e4\u00e4rmete t\u00f6\u00f6d.","og_url":"https:\/\/idakorea.ee\/en\/product\/vt-cosmetics-pdrn-grinding-cleansing-balm-50ml\/","og_site_name":"IDA.KOREA","article_modified_time":"2026-03-06T12:05:18+00:00","og_image":[{"width":1000,"height":1000,"url":"https:\/\/idakorea.ee\/wp-content\/uploads\/2026\/01\/VT-Cosmetics-PDRN-Grinding-Cleansing-Balm_idakorea.jpg","type":"image\/jpeg"}],"twitter_card":"summary_large_image","twitter_misc":{"Est. reading time":"2 minutes"},"schema":{"@context":"https:\/\/schema.org","@graph":[{"@type":"WebPage","@id":"https:\/\/idakorea.ee\/product\/vt-cosmetics-pdrn-grinding-cleansing-balm-50ml\/","url":"https:\/\/idakorea.ee\/product\/vt-cosmetics-pdrn-grinding-cleansing-balm-50ml\/","name":"VT Cosmetics PDRN Grinding Cleansing Balm, 50ml - IDA.KOREA","isPartOf":{"@id":"https:\/\/idakorea.ee\/#website"},"primaryImageOfPage":{"@id":"https:\/\/idakorea.ee\/product\/vt-cosmetics-pdrn-grinding-cleansing-balm-50ml\/#primaryimage"},"image":{"@id":"https:\/\/idakorea.ee\/product\/vt-cosmetics-pdrn-grinding-cleansing-balm-50ml\/#primaryimage"},"thumbnailUrl":"https:\/\/idakorea.ee\/wp-content\/uploads\/2026\/01\/VT-Cosmetics-PDRN-Grinding-Cleansing-Balm_idakorea.jpg","datePublished":"2026-01-08T08:58:31+00:00","dateModified":"2026-03-06T12:05:18+00:00","description":"A hydrophilic cleansing balm with PDRN that effectively removes waterproof makeup, foundations and sunscreens. Regulates the work of the sebaceous glands.","breadcrumb":{"@id":"https:\/\/idakorea.ee\/product\/vt-cosmetics-pdrn-grinding-cleansing-balm-50ml\/#breadcrumb"},"inLanguage":"en-US","potentialAction":[{"@type":"ReadAction","target":["https:\/\/idakorea.ee\/product\/vt-cosmetics-pdrn-grinding-cleansing-balm-50ml\/"]}]},{"@type":"ImageObject","inLanguage":"en-US","@id":"https:\/\/idakorea.ee\/product\/vt-cosmetics-pdrn-grinding-cleansing-balm-50ml\/#primaryimage","url":"https:\/\/idakorea.ee\/wp-content\/uploads\/2026\/01\/VT-Cosmetics-PDRN-Grinding-Cleansing-Balm_idakorea.jpg","contentUrl":"https:\/\/idakorea.ee\/wp-content\/uploads\/2026\/01\/VT-Cosmetics-PDRN-Grinding-Cleansing-Balm_idakorea.jpg","width":1000,"height":1000},{"@type":"BreadcrumbList","@id":"https:\/\/idakorea.ee\/product\/vt-cosmetics-pdrn-grinding-cleansing-balm-50ml\/#breadcrumb","itemListElement":[{"@type":"ListItem","position":1,"name":"\u0413\u043b\u0430\u0432\u043d\u0430\u044f \u0441\u0442\u0440\u0430\u043d\u0438\u0446\u0430","item":"https:\/\/idakorea.ee\/"},{"@type":"ListItem","position":2,"name":"Shop","item":"https:\/\/idakorea.ee\/shop-2\/"},{"@type":"ListItem","position":3,"name":"H\u00fcdrofiilne puhastuspalsam VT Cosmetics PDRN Grinding Cleansing Balm, 50ml"}]},{"@type":"WebSite","@id":"https:\/\/idakorea.ee\/#website","url":"https:\/\/idakorea.ee\/","name":"IDA.KOREA","description":"Korean cosmetics e-shop","publisher":{"@id":"https:\/\/idakorea.ee\/#organization"},"alternateName":"Beauty Shop","potentialAction":[{"@type":"SearchAction","target":{"@type":"EntryPoint","urlTemplate":"https:\/\/idakorea.ee\/?s={search_term_string}"},"query-input":{"@type":"PropertyValueSpecification","valueRequired":true,"valueName":"search_term_string"}}],"inLanguage":"en-US"},{"@type":"Organization","@id":"https:\/\/idakorea.ee\/#organization","name":"IDA.KOREA","url":"https:\/\/idakorea.ee\/","logo":{"@type":"ImageObject","inLanguage":"en-US","@id":"https:\/\/idakorea.ee\/#\/schema\/logo\/image\/","url":"https:\/\/idakorea.ee\/wp-content\/uploads\/2024\/05\/cropped-korea3.png","contentUrl":"https:\/\/idakorea.ee\/wp-content\/uploads\/2024\/05\/cropped-korea3.png","width":688,"height":126,"caption":"IDA.KOREA"},"image":{"@id":"https:\/\/idakorea.ee\/#\/schema\/logo\/image\/"},"sameAs":["https:\/\/www.instagram.com\/ida.korea\/"]}]}},"jetpack_sharing_enabled":true,"brands":[{"id":493,"name":"VT COSMETICS","slug":"vt"}],"_links":{"self":[{"href":"https:\/\/idakorea.ee\/en\/wp-json\/wp\/v2\/product\/17143","targetHints":{"allow":["GET"]}}],"collection":[{"href":"https:\/\/idakorea.ee\/en\/wp-json\/wp\/v2\/product"}],"about":[{"href":"https:\/\/idakorea.ee\/en\/wp-json\/wp\/v2\/types\/product"}],"replies":[{"embeddable":true,"href":"https:\/\/idakorea.ee\/en\/wp-json\/wp\/v2\/comments?post=17143"}],"version-history":[{"count":3,"href":"https:\/\/idakorea.ee\/en\/wp-json\/wp\/v2\/product\/17143\/revisions"}],"predecessor-version":[{"id":17448,"href":"https:\/\/idakorea.ee\/en\/wp-json\/wp\/v2\/product\/17143\/revisions\/17448"}],"wp:featuredmedia":[{"embeddable":true,"href":"https:\/\/idakorea.ee\/en\/wp-json\/wp\/v2\/media\/17146"}],"wp:attachment":[{"href":"https:\/\/idakorea.ee\/en\/wp-json\/wp\/v2\/media?parent=17143"}],"wp:term":[{"taxonomy":"pwb-brand","embeddable":true,"href":"https:\/\/idakorea.ee\/en\/wp-json\/wp\/v2\/pwb-brand?post=17143"},{"taxonomy":"product_brand","embeddable":true,"href":"https:\/\/idakorea.ee\/en\/wp-json\/wp\/v2\/product_brand?post=17143"},{"taxonomy":"product_cat","embeddable":true,"href":"https:\/\/idakorea.ee\/en\/wp-json\/wp\/v2\/product_cat?post=17143"},{"taxonomy":"product_tag","embeddable":true,"href":"https:\/\/idakorea.ee\/en\/wp-json\/wp\/v2\/product_tag?post=17143"}],"curies":[{"name":"wp","href":"https:\/\/api.w.org\/{rel}","templated":true}]}}