{"id":1717,"date":"2024-05-31T11:27:13","date_gmt":"2024-05-31T11:27:13","guid":{"rendered":"https:\/\/idakorea.ee\/?post_type=product&#038;p=1717"},"modified":"2026-04-10T19:21:02","modified_gmt":"2026-04-10T17:21:02","slug":"oomask-valge-truhvliga-naha-pinguldamiseks-dalba-white-truffle-sleeping-mask-60ml","status":"publish","type":"product","link":"https:\/\/idakorea.ee\/en\/product\/oomask-valge-truhvliga-naha-pinguldamiseks-dalba-white-truffle-sleeping-mask-60ml\/","title":{"rendered":"d'Alba White Truffle Sleeping Mask, 60ml"},"content":{"rendered":"<p><strong>D'Alba White Truffle Sleeping Mask<\/strong> revitalises, smoothes and softens the skin, evens the skin tone and leaves it looking refreshed and refreshed in the morning.<\/p>\n<p>It eliminates dullness, restores moisture to dry skin, refreshes immediately after application without leaving a sticky feel.<\/p>\n<p>The gel texture gently envelops, nourishes and moisturizes. Increases firmness and elasticity, stimulates collagen production, gives a healthy glow.<\/p>\n<p>Contains the patented Trufferol\u2122 complex - an active ingredient consisting of Italian white truffle extract and tocopherol. Trufferol\u2122 makes the skin supple, firm, taut and taut. It smoothes the contours, reduces the appearance of wrinkles and other age-related changes, fights premature ageing.<\/p>\n<p>&nbsp;<\/p>\n<p><strong>Additional active substances:<\/strong><\/p>\n<p>Vegan collagen helps the skin retain moisture, improves texture, stimulates regeneration processes, fights wrinkles.<\/p>\n<p>Niacinamide (vitamin B3) prevents pigmentation, evens tone, increases collagen synthesis, combats T-zone shine, normalises cell regulation and strengthens the protective barrier.<\/p>\n<p>Panthenol (vitamin B5) relieves redness and itching, strengthens the hydrolipidic barrier, prevents moisture evaporation and promotes regeneration.<\/p>\n<p>Carbamide moisturizes, softens rough areas, has antibacterial effects, increases elasticity, strengthens the action of other components.<\/p>\n<p>11 plant proteins saturate the skin with amino acids, accelerate cell renewal, have antioxidant properties, and provide softness and velvety smoothness.<\/p>\n<p>Ceramides restore the protective hydrolipidic layer, prevent dehydration and the penetration of harmful substances into the epidermis, increase hydration levels.<\/p>\n<p>Centella asiatica complex contains centella extract and 4 of its derivatives: asiaticoside, madecassoside, madecassic acid and asiatic acid. It eliminates redness and irritation, soothes, promotes healing and strengthens the protective barrier and reinforces the walls of blood vessels, preventing the formation of vascular atherosclerosis.<\/p>\n<p>Type 3 hyaluronic acid moisturises and maintains epidermal moisture, preserves smoothness and elasticity, prevents dryness and peeling.<\/p>\n<p>Suitable for all skin types.<\/p>\n<p><strong>Usage:\u00a0<\/strong>After cleansing, toning and serum, apply the mask to the face 20-30 minutes before going to bed, do not rinse off. In the morning, remove any residue with a tissue.<\/p>","protected":false},"excerpt":{"rendered":"<p>The D'Alba White Truffle Sleeping Mask revitalizes, smoothes and softens the skin, evens the skin tone and leaves the skin feeling refreshed and rested in the morning. It eliminates dullness, restores moisture to dry skin, refreshes immediately after application without leaving a sticky feel. The gel texture gently envelops, nourishes and hydrates. Increases firmness and elasticity, stimulates collagen production, gives a healthy glow. Contains patented Trufferol\u2122 complex -...<\/p>","protected":false},"featured_media":12772,"comment_status":"open","ping_status":"closed","template":"","meta":{"_uf_show_specific_survey":0,"_uf_disable_surveys":false,"_bst_post_transparent":"default","_bst_post_title":"","_bst_post_layout":"default","_bst_post_sidebar_id":"","_bst_post_content_style":"default","_bst_post_vertical_padding":"default","_bst_post_feature":"","_bst_post_feature_position":"","_bst_post_header":false,"_bst_post_footer":false},"pwb-brand":[105],"product_brand":[],"product_cat":[92,98],"product_tag":[127,202,736],"class_list":{"0":"post-1717","1":"product","2":"type-product","3":"status-publish","4":"has-post-thumbnail","6":"pwb-brand-dalba","7":"product_cat-nagu","8":"product_cat-naomaskid","9":"product_tag-dalba","10":"product_tag-korea-kosmeetika","11":"product_tag-white-truffle-sleeping-mask","13":"first","14":"instock","15":"sale","16":"shipping-taxable","17":"purchasable","18":"product-type-simple","19":"entry","20":"content-bg","21":"loop-entry"},"supplier_id":null,"supplier_sku":"","barcode":null,"atum_controlled":true,"out_stock_date":null,"out_stock_threshold":null,"inheritable":false,"inbound_stock":0,"stock_on_hold":0,"sold_today":0,"sales_last_days":2,"out_stock_days":0,"lost_sales":0,"has_location":false,"update_date":"2026-04-14T17:31:13","atum_locations":[],"atum_stock_status":"instock","restock_status":false,"low_stock_amount":"","sales_update_date":"2026-04-14T17:31:13","calc_backorders":null,"yoast_head":"<!-- This site is optimized with the Yoast SEO plugin v27.2 - https:\/\/yoast.com\/product\/yoast-seo-wordpress\/ -->\n<title>\u00d6\u00f6mask valge tr\u00fchvliga naha pinguldamiseks d&#039;Alba White Truffle Sleeping Mask, 60ml - IDA.KOREA<\/title>\n<meta name=\"description\" content=\"D&#039;Alba White Truffle Sleeping Mask taaselustab, silub ja pehmendab nahka, \u00fchtlustab nahatooni ning j\u00e4tab naha hommikul puhanud ja v\u00e4rskendatud v\u00e4limuse.\" \/>\n<meta name=\"robots\" content=\"index, follow, max-snippet:-1, max-image-preview:large, max-video-preview:-1\" \/>\n<link rel=\"canonical\" href=\"https:\/\/idakorea.ee\/en\/product\/oomask-valge-truhvliga-naha-pinguldamiseks-dalba-white-truffle-sleeping-mask-60ml\/\" \/>\n<meta property=\"og:locale\" content=\"en_US\" \/>\n<meta property=\"og:type\" content=\"article\" \/>\n<meta property=\"og:title\" content=\"\u00d6\u00f6mask valge tr\u00fchvliga naha pinguldamiseks d&#039;Alba White Truffle Sleeping Mask, 60ml - IDA.KOREA\" \/>\n<meta property=\"og:description\" content=\"D&#039;Alba White Truffle Sleeping Mask taaselustab, silub ja pehmendab nahka, \u00fchtlustab nahatooni ning j\u00e4tab naha hommikul puhanud ja v\u00e4rskendatud v\u00e4limuse.\" \/>\n<meta property=\"og:url\" content=\"https:\/\/idakorea.ee\/en\/product\/oomask-valge-truhvliga-naha-pinguldamiseks-dalba-white-truffle-sleeping-mask-60ml\/\" \/>\n<meta property=\"og:site_name\" content=\"IDA.KOREA\" \/>\n<meta property=\"article:modified_time\" content=\"2026-04-10T17:21:02+00:00\" \/>\n<meta property=\"og:image\" content=\"https:\/\/idakorea.ee\/wp-content\/uploads\/2024\/05\/egrhbrhb-weregvfbfff.jpg\" \/>\n\t<meta property=\"og:image:width\" content=\"1000\" \/>\n\t<meta property=\"og:image:height\" content=\"1000\" \/>\n\t<meta property=\"og:image:type\" content=\"image\/jpeg\" \/>\n<meta name=\"twitter:card\" content=\"summary_large_image\" \/>\n<meta name=\"twitter:label1\" content=\"Est. reading time\" \/>\n\t<meta name=\"twitter:data1\" content=\"2 minutes\" \/>\n<script type=\"application\/ld+json\" class=\"yoast-schema-graph\">{\"@context\":\"https:\/\/schema.org\",\"@graph\":[{\"@type\":\"WebPage\",\"@id\":\"https:\/\/idakorea.ee\/product\/oomask-valge-truhvliga-naha-pinguldamiseks-dalba-white-truffle-sleeping-mask-60ml\/\",\"url\":\"https:\/\/idakorea.ee\/product\/oomask-valge-truhvliga-naha-pinguldamiseks-dalba-white-truffle-sleeping-mask-60ml\/\",\"name\":\"\u00d6\u00f6mask valge tr\u00fchvliga naha pinguldamiseks d'Alba White Truffle Sleeping Mask, 60ml - IDA.KOREA\",\"isPartOf\":{\"@id\":\"https:\/\/idakorea.ee\/#website\"},\"primaryImageOfPage\":{\"@id\":\"https:\/\/idakorea.ee\/product\/oomask-valge-truhvliga-naha-pinguldamiseks-dalba-white-truffle-sleeping-mask-60ml\/#primaryimage\"},\"image\":{\"@id\":\"https:\/\/idakorea.ee\/product\/oomask-valge-truhvliga-naha-pinguldamiseks-dalba-white-truffle-sleeping-mask-60ml\/#primaryimage\"},\"thumbnailUrl\":\"https:\/\/idakorea.ee\/wp-content\/uploads\/2024\/05\/egrhbrhb-weregvfbfff.jpg\",\"datePublished\":\"2024-05-31T11:27:13+00:00\",\"dateModified\":\"2026-04-10T17:21:02+00:00\",\"description\":\"D'Alba White Truffle Sleeping Mask taaselustab, silub ja pehmendab nahka, \u00fchtlustab nahatooni ning j\u00e4tab naha hommikul puhanud ja v\u00e4rskendatud v\u00e4limuse.\",\"breadcrumb\":{\"@id\":\"https:\/\/idakorea.ee\/product\/oomask-valge-truhvliga-naha-pinguldamiseks-dalba-white-truffle-sleeping-mask-60ml\/#breadcrumb\"},\"inLanguage\":\"en-US\",\"potentialAction\":[{\"@type\":\"ReadAction\",\"target\":[\"https:\/\/idakorea.ee\/product\/oomask-valge-truhvliga-naha-pinguldamiseks-dalba-white-truffle-sleeping-mask-60ml\/\"]}]},{\"@type\":\"ImageObject\",\"inLanguage\":\"en-US\",\"@id\":\"https:\/\/idakorea.ee\/product\/oomask-valge-truhvliga-naha-pinguldamiseks-dalba-white-truffle-sleeping-mask-60ml\/#primaryimage\",\"url\":\"https:\/\/idakorea.ee\/wp-content\/uploads\/2024\/05\/egrhbrhb-weregvfbfff.jpg\",\"contentUrl\":\"https:\/\/idakorea.ee\/wp-content\/uploads\/2024\/05\/egrhbrhb-weregvfbfff.jpg\",\"width\":1000,\"height\":1000},{\"@type\":\"BreadcrumbList\",\"@id\":\"https:\/\/idakorea.ee\/product\/oomask-valge-truhvliga-naha-pinguldamiseks-dalba-white-truffle-sleeping-mask-60ml\/#breadcrumb\",\"itemListElement\":[{\"@type\":\"ListItem\",\"position\":1,\"name\":\"\u0413\u043b\u0430\u0432\u043d\u0430\u044f \u0441\u0442\u0440\u0430\u043d\u0438\u0446\u0430\",\"item\":\"https:\/\/idakorea.ee\/\"},{\"@type\":\"ListItem\",\"position\":2,\"name\":\"Shop\",\"item\":\"https:\/\/idakorea.ee\/shop-2\/\"},{\"@type\":\"ListItem\",\"position\":3,\"name\":\"\u00d6\u00f6mask valge tr\u00fchvliga naha pinguldamiseks d&#8217;Alba White Truffle Sleeping Mask, 60ml\"}]},{\"@type\":\"WebSite\",\"@id\":\"https:\/\/idakorea.ee\/#website\",\"url\":\"https:\/\/idakorea.ee\/\",\"name\":\"IDA.KOREA\",\"description\":\"Korea kosmeetika e-pood\",\"publisher\":{\"@id\":\"https:\/\/idakorea.ee\/#organization\"},\"alternateName\":\"Beauty Shop\",\"potentialAction\":[{\"@type\":\"SearchAction\",\"target\":{\"@type\":\"EntryPoint\",\"urlTemplate\":\"https:\/\/idakorea.ee\/?s={search_term_string}\"},\"query-input\":{\"@type\":\"PropertyValueSpecification\",\"valueRequired\":true,\"valueName\":\"search_term_string\"}}],\"inLanguage\":\"en-US\"},{\"@type\":\"Organization\",\"@id\":\"https:\/\/idakorea.ee\/#organization\",\"name\":\"IDA.KOREA\",\"url\":\"https:\/\/idakorea.ee\/\",\"logo\":{\"@type\":\"ImageObject\",\"inLanguage\":\"en-US\",\"@id\":\"https:\/\/idakorea.ee\/#\/schema\/logo\/image\/\",\"url\":\"https:\/\/idakorea.ee\/wp-content\/uploads\/2024\/05\/cropped-korea3.png\",\"contentUrl\":\"https:\/\/idakorea.ee\/wp-content\/uploads\/2024\/05\/cropped-korea3.png\",\"width\":688,\"height\":126,\"caption\":\"IDA.KOREA\"},\"image\":{\"@id\":\"https:\/\/idakorea.ee\/#\/schema\/logo\/image\/\"},\"sameAs\":[\"https:\/\/www.instagram.com\/ida.korea\/\"]}]}<\/script>\n<!-- \/ Yoast SEO plugin. -->","yoast_head_json":{"title":"Night mask with white truffle for firming skin d'Alba White Truffle Sleeping Mask, 60ml - IDA.KOREA","description":"The D'Alba White Truffle Sleeping Mask revitalizes, smoothes and softens the skin, evens the skin tone and leaves the skin feeling refreshed and restored in the morning.","robots":{"index":"index","follow":"follow","max-snippet":"max-snippet:-1","max-image-preview":"max-image-preview:large","max-video-preview":"max-video-preview:-1"},"canonical":"https:\/\/idakorea.ee\/en\/product\/oomask-valge-truhvliga-naha-pinguldamiseks-dalba-white-truffle-sleeping-mask-60ml\/","og_locale":"en_US","og_type":"article","og_title":"\u00d6\u00f6mask valge tr\u00fchvliga naha pinguldamiseks d'Alba White Truffle Sleeping Mask, 60ml - IDA.KOREA","og_description":"D'Alba White Truffle Sleeping Mask taaselustab, silub ja pehmendab nahka, \u00fchtlustab nahatooni ning j\u00e4tab naha hommikul puhanud ja v\u00e4rskendatud v\u00e4limuse.","og_url":"https:\/\/idakorea.ee\/en\/product\/oomask-valge-truhvliga-naha-pinguldamiseks-dalba-white-truffle-sleeping-mask-60ml\/","og_site_name":"IDA.KOREA","article_modified_time":"2026-04-10T17:21:02+00:00","og_image":[{"width":1000,"height":1000,"url":"https:\/\/idakorea.ee\/wp-content\/uploads\/2024\/05\/egrhbrhb-weregvfbfff.jpg","type":"image\/jpeg"}],"twitter_card":"summary_large_image","twitter_misc":{"Est. reading time":"2 minutes"},"schema":{"@context":"https:\/\/schema.org","@graph":[{"@type":"WebPage","@id":"https:\/\/idakorea.ee\/product\/oomask-valge-truhvliga-naha-pinguldamiseks-dalba-white-truffle-sleeping-mask-60ml\/","url":"https:\/\/idakorea.ee\/product\/oomask-valge-truhvliga-naha-pinguldamiseks-dalba-white-truffle-sleeping-mask-60ml\/","name":"Night mask with white truffle for firming skin d'Alba White Truffle Sleeping Mask, 60ml - IDA.KOREA","isPartOf":{"@id":"https:\/\/idakorea.ee\/#website"},"primaryImageOfPage":{"@id":"https:\/\/idakorea.ee\/product\/oomask-valge-truhvliga-naha-pinguldamiseks-dalba-white-truffle-sleeping-mask-60ml\/#primaryimage"},"image":{"@id":"https:\/\/idakorea.ee\/product\/oomask-valge-truhvliga-naha-pinguldamiseks-dalba-white-truffle-sleeping-mask-60ml\/#primaryimage"},"thumbnailUrl":"https:\/\/idakorea.ee\/wp-content\/uploads\/2024\/05\/egrhbrhb-weregvfbfff.jpg","datePublished":"2024-05-31T11:27:13+00:00","dateModified":"2026-04-10T17:21:02+00:00","description":"The D'Alba White Truffle Sleeping Mask revitalizes, smoothes and softens the skin, evens the skin tone and leaves the skin feeling refreshed and restored in the morning.","breadcrumb":{"@id":"https:\/\/idakorea.ee\/product\/oomask-valge-truhvliga-naha-pinguldamiseks-dalba-white-truffle-sleeping-mask-60ml\/#breadcrumb"},"inLanguage":"en-US","potentialAction":[{"@type":"ReadAction","target":["https:\/\/idakorea.ee\/product\/oomask-valge-truhvliga-naha-pinguldamiseks-dalba-white-truffle-sleeping-mask-60ml\/"]}]},{"@type":"ImageObject","inLanguage":"en-US","@id":"https:\/\/idakorea.ee\/product\/oomask-valge-truhvliga-naha-pinguldamiseks-dalba-white-truffle-sleeping-mask-60ml\/#primaryimage","url":"https:\/\/idakorea.ee\/wp-content\/uploads\/2024\/05\/egrhbrhb-weregvfbfff.jpg","contentUrl":"https:\/\/idakorea.ee\/wp-content\/uploads\/2024\/05\/egrhbrhb-weregvfbfff.jpg","width":1000,"height":1000},{"@type":"BreadcrumbList","@id":"https:\/\/idakorea.ee\/product\/oomask-valge-truhvliga-naha-pinguldamiseks-dalba-white-truffle-sleeping-mask-60ml\/#breadcrumb","itemListElement":[{"@type":"ListItem","position":1,"name":"\u0413\u043b\u0430\u0432\u043d\u0430\u044f \u0441\u0442\u0440\u0430\u043d\u0438\u0446\u0430","item":"https:\/\/idakorea.ee\/"},{"@type":"ListItem","position":2,"name":"Shop","item":"https:\/\/idakorea.ee\/shop-2\/"},{"@type":"ListItem","position":3,"name":"\u00d6\u00f6mask valge tr\u00fchvliga naha pinguldamiseks d&#8217;Alba White Truffle Sleeping Mask, 60ml"}]},{"@type":"WebSite","@id":"https:\/\/idakorea.ee\/#website","url":"https:\/\/idakorea.ee\/","name":"IDA.KOREA","description":"Korean cosmetics e-shop","publisher":{"@id":"https:\/\/idakorea.ee\/#organization"},"alternateName":"Beauty Shop","potentialAction":[{"@type":"SearchAction","target":{"@type":"EntryPoint","urlTemplate":"https:\/\/idakorea.ee\/?s={search_term_string}"},"query-input":{"@type":"PropertyValueSpecification","valueRequired":true,"valueName":"search_term_string"}}],"inLanguage":"en-US"},{"@type":"Organization","@id":"https:\/\/idakorea.ee\/#organization","name":"IDA.KOREA","url":"https:\/\/idakorea.ee\/","logo":{"@type":"ImageObject","inLanguage":"en-US","@id":"https:\/\/idakorea.ee\/#\/schema\/logo\/image\/","url":"https:\/\/idakorea.ee\/wp-content\/uploads\/2024\/05\/cropped-korea3.png","contentUrl":"https:\/\/idakorea.ee\/wp-content\/uploads\/2024\/05\/cropped-korea3.png","width":688,"height":126,"caption":"IDA.KOREA"},"image":{"@id":"https:\/\/idakorea.ee\/#\/schema\/logo\/image\/"},"sameAs":["https:\/\/www.instagram.com\/ida.korea\/"]}]}},"jetpack_sharing_enabled":true,"brands":[{"id":105,"name":"d'ALBA","slug":"dalba"}],"_links":{"self":[{"href":"https:\/\/idakorea.ee\/en\/wp-json\/wp\/v2\/product\/1717","targetHints":{"allow":["GET"]}}],"collection":[{"href":"https:\/\/idakorea.ee\/en\/wp-json\/wp\/v2\/product"}],"about":[{"href":"https:\/\/idakorea.ee\/en\/wp-json\/wp\/v2\/types\/product"}],"replies":[{"embeddable":true,"href":"https:\/\/idakorea.ee\/en\/wp-json\/wp\/v2\/comments?post=1717"}],"version-history":[{"count":3,"href":"https:\/\/idakorea.ee\/en\/wp-json\/wp\/v2\/product\/1717\/revisions"}],"predecessor-version":[{"id":10278,"href":"https:\/\/idakorea.ee\/en\/wp-json\/wp\/v2\/product\/1717\/revisions\/10278"}],"wp:featuredmedia":[{"embeddable":true,"href":"https:\/\/idakorea.ee\/en\/wp-json\/wp\/v2\/media\/12772"}],"wp:attachment":[{"href":"https:\/\/idakorea.ee\/en\/wp-json\/wp\/v2\/media?parent=1717"}],"wp:term":[{"taxonomy":"pwb-brand","embeddable":true,"href":"https:\/\/idakorea.ee\/en\/wp-json\/wp\/v2\/pwb-brand?post=1717"},{"taxonomy":"product_brand","embeddable":true,"href":"https:\/\/idakorea.ee\/en\/wp-json\/wp\/v2\/product_brand?post=1717"},{"taxonomy":"product_cat","embeddable":true,"href":"https:\/\/idakorea.ee\/en\/wp-json\/wp\/v2\/product_cat?post=1717"},{"taxonomy":"product_tag","embeddable":true,"href":"https:\/\/idakorea.ee\/en\/wp-json\/wp\/v2\/product_tag?post=1717"}],"curies":[{"name":"wp","href":"https:\/\/api.w.org\/{rel}","templated":true}]}}