{"id":17217,"date":"2026-01-13T12:34:13","date_gmt":"2026-01-13T10:34:13","guid":{"rendered":"https:\/\/idakorea.ee\/?post_type=product&#038;p=17217"},"modified":"2026-03-02T14:08:30","modified_gmt":"2026-03-02T12:08:30","slug":"by-wishtrend-green-tea-ceramide-barrier-cream-50g","status":"publish","type":"product","link":"https:\/\/idakorea.ee\/en\/product\/by-wishtrend-green-tea-ceramide-barrier-cream-50g\/","title":{"rendered":"By Wishtrend Green Tea &amp; Ceramide Barrier Cream, 50g"},"content":{"rendered":"<p data-start=\"146\" data-end=\"260\"><strong data-start=\"146\" data-end=\"197\">By Wishtrend Green Tea &amp; Ceramide Barrier Cream<\/strong> is designed to protect and restore skin prone to irritation.<\/p>\n<p data-start=\"262\" data-end=\"547\">Moisturizes, soothes redness and reduces skin sensitivity. Strengthens the skin&#039;s protective barrier, prevents moisture loss, dryness and flaking.<br data-start=\"394\" data-end=\"397\" \/>Softens rough areas, accelerates healing and helps normalize sebum secretion. Protects the skin from wind, temperature fluctuations and dry air.<\/p>\n<p data-start=\"554\" data-end=\"591\"><strong data-start=\"557\" data-end=\"591\">Main active ingredients<\/strong><\/p>\n<ul>\n<li data-start=\"593\" data-end=\"856\"><strong data-start=\"593\" data-end=\"621\">Plant-based PDRN (Sodium DNA)<\/strong> \u2013 a polynucleotide derived from green tea extract. Stimulates regeneration, increases tissue density and strengthens the skin&#039;s protective functions. Soothes irritated skin, promotes healing of micro-damages and reduces the risk of acne.<\/li>\n<li data-start=\"858\" data-end=\"1112\"><strong data-start=\"858\" data-end=\"893\">EGCG (Epigallocatechin Gallate)<\/strong> \u2013 a flavonoid found in green tea leaves. With strong antioxidant properties, it neutralizes free radicals and helps prevent oxidative stress. Supports the hydrolipid barrier and reduces signs of irritation and redness.<\/li>\n<li data-start=\"1114\" data-end=\"1422\"><strong data-start=\"1114\" data-end=\"1165\">5 types of ceramides (Ceramide NP, NG, NS, AS, AP)<\/strong> \u2013 support the integrity of the stratum corneum, strengthen the natural protective barrier and reduce the skin&#039;s sensitivity to external factors (temperature changes, dry air, wind). Ceramides are encapsulated in liposomes, which help transport them deeper into the skin.<\/li>\n<li data-start=\"1424\" data-end=\"1585\"><strong data-start=\"1424\" data-end=\"1451\">Panthenol (vitamin B5)<\/strong> \u2013 accelerates the healing of microdamages, softens and soothes the skin, reduces redness and improves the barrier functions of the epidermis.<\/li>\n<li data-start=\"1587\" data-end=\"1846\"><strong data-start=\"1587\" data-end=\"1637\">10 types of hyaluronic acid with different molecular weights<\/strong> \u2013 high molecular weight forms restore the hydrolipidic film, accelerate healing and reduce flaking; low molecular weight forms penetrate deeper into the skin and prevent moisture loss at the cellular level.<\/li>\n<li data-start=\"1848\" data-end=\"1964\"><strong data-start=\"1848\" data-end=\"1879\">Niacinamide (vitamin B3)<\/strong> \u2013 slows down the movement of melanin into the epidermis and helps prevent the formation of age spots.<\/li>\n<li data-start=\"1966\" data-end=\"2105\"><strong data-start=\"1966\" data-end=\"2013\">Asian water navel (Centella asiatica) extract<\/strong> \u2013 has anti-inflammatory and regenerative effects, reduces sensitivity and strengthens blood vessel walls.<\/li>\n<li data-start=\"2107\" data-end=\"2254\"><strong data-start=\"2107\" data-end=\"2118\">Ektoiin<\/strong> \u2013 an organic amino acid that protects the skin from environmental influences, has an anti-inflammatory effect, soothes, softens and reduces redness.<\/li>\n<li data-start=\"2256\" data-end=\"2386\"><strong data-start=\"2256\" data-end=\"2268\">Skvala<\/strong> \u2013 prevents moisture evaporation, supports skin healing, prevents microdamage, and reduces itching and flaking.<\/li>\n<\/ul>\n<p data-start=\"2407\" data-end=\"2457\">Suitable for combination, dry and sensitive skin.<\/p>\n<p data-start=\"2464\" data-end=\"2486\"><strong data-start=\"2467\" data-end=\"2486\">Usage:<\/strong><\/p>\n<p data-start=\"2487\" data-end=\"2584\">After cleansing your skin, using toner and serum, apply the cream to your face and spread evenly.<\/p>","protected":false},"excerpt":{"rendered":"<p>By Wishtrend Green Tea &amp; Ceramide Barrier Cream is designed to protect and restore skin prone to irritation. Moisturizes, soothes redness and reduces skin sensitivity. Strengthens the skin&#039;s protective barrier, prevents moisture loss, dryness and flaking. Softens rough areas, accelerates healing and helps normalize sebum secretion. Protects the skin from wind, temperature fluctuations and dry air. Main active ingredients Herbal PDRN (Sodium DNA)\u2026<\/p>","protected":false},"featured_media":17221,"comment_status":"open","ping_status":"closed","template":"","meta":{"_uf_show_specific_survey":0,"_uf_disable_surveys":false,"_bst_post_transparent":"default","_bst_post_title":"","_bst_post_layout":"default","_bst_post_sidebar_id":"","_bst_post_content_style":"default","_bst_post_vertical_padding":"default","_bst_post_feature":"","_bst_post_feature_position":"","_bst_post_header":false,"_bst_post_footer":false},"pwb-brand":[968],"product_brand":[],"product_cat":[92,96],"product_tag":[929,734,568,750],"class_list":{"0":"post-17217","1":"product","2":"type-product","3":"status-publish","4":"has-post-thumbnail","6":"pwb-brand-by-wishtrend","7":"product_cat-nagu","8":"product_cat-naokreemid","9":"product_tag-barrier","10":"product_tag-cream","11":"product_tag-korea","12":"product_tag-tundlik","14":"first","15":"instock","16":"shipping-taxable","17":"purchasable","18":"product-type-simple","19":"entry","20":"content-bg","21":"loop-entry"},"supplier_id":null,"supplier_sku":"","barcode":null,"atum_controlled":true,"out_stock_date":null,"out_stock_threshold":null,"inheritable":false,"inbound_stock":0,"stock_on_hold":0,"sold_today":0,"sales_last_days":0,"out_stock_days":0,"lost_sales":0,"has_location":false,"update_date":"2026-04-24T00:09:05","atum_locations":[],"atum_stock_status":"instock","restock_status":false,"low_stock_amount":"","sales_update_date":"2026-04-24T00:09:05","calc_backorders":null,"yoast_head":"<!-- This site is optimized with the Yoast SEO plugin v27.2 - https:\/\/yoast.com\/product\/yoast-seo-wordpress\/ -->\n<title>By Wishtrend Green Tea &amp; Ceramide Barrier Cream, 50g - IDA.KOREA<\/title>\n<meta name=\"description\" content=\"Kreem niisutab, rahustab punetust ja v\u00e4hendab naha tundlikkust. Tugevdab naha kaitsebarj\u00e4\u00e4ri, hoiab \u00e4ra niiskusekao, kuivuse ja ketenduse.\" \/>\n<meta name=\"robots\" content=\"index, follow, max-snippet:-1, max-image-preview:large, max-video-preview:-1\" \/>\n<link rel=\"canonical\" href=\"https:\/\/idakorea.ee\/en\/product\/by-wishtrend-green-tea-ceramide-barrier-cream-50g\/\" \/>\n<meta property=\"og:locale\" content=\"en_US\" \/>\n<meta property=\"og:type\" content=\"article\" \/>\n<meta property=\"og:title\" content=\"By Wishtrend Green Tea &amp; Ceramide Barrier Cream, 50g - IDA.KOREA\" \/>\n<meta property=\"og:description\" content=\"Kreem niisutab, rahustab punetust ja v\u00e4hendab naha tundlikkust. Tugevdab naha kaitsebarj\u00e4\u00e4ri, hoiab \u00e4ra niiskusekao, kuivuse ja ketenduse.\" \/>\n<meta property=\"og:url\" content=\"https:\/\/idakorea.ee\/en\/product\/by-wishtrend-green-tea-ceramide-barrier-cream-50g\/\" \/>\n<meta property=\"og:site_name\" content=\"IDA.KOREA\" \/>\n<meta property=\"article:modified_time\" content=\"2026-03-02T12:08:30+00:00\" \/>\n<meta property=\"og:image\" content=\"https:\/\/idakorea.ee\/wp-content\/uploads\/2026\/01\/By-Wishtrend-Green-Tea-Ceramide-Barrier-Cream-idakorea.jpg\" \/>\n\t<meta property=\"og:image:width\" content=\"1000\" \/>\n\t<meta property=\"og:image:height\" content=\"1000\" \/>\n\t<meta property=\"og:image:type\" content=\"image\/jpeg\" \/>\n<meta name=\"twitter:card\" content=\"summary_large_image\" \/>\n<meta name=\"twitter:label1\" content=\"Est. reading time\" \/>\n\t<meta name=\"twitter:data1\" content=\"2 minutes\" \/>\n<script type=\"application\/ld+json\" class=\"yoast-schema-graph\">{\"@context\":\"https:\/\/schema.org\",\"@graph\":[{\"@type\":\"WebPage\",\"@id\":\"https:\/\/idakorea.ee\/product\/by-wishtrend-green-tea-ceramide-barrier-cream-50g\/\",\"url\":\"https:\/\/idakorea.ee\/product\/by-wishtrend-green-tea-ceramide-barrier-cream-50g\/\",\"name\":\"By Wishtrend Green Tea & Ceramide Barrier Cream, 50g - IDA.KOREA\",\"isPartOf\":{\"@id\":\"https:\/\/idakorea.ee\/#website\"},\"primaryImageOfPage\":{\"@id\":\"https:\/\/idakorea.ee\/product\/by-wishtrend-green-tea-ceramide-barrier-cream-50g\/#primaryimage\"},\"image\":{\"@id\":\"https:\/\/idakorea.ee\/product\/by-wishtrend-green-tea-ceramide-barrier-cream-50g\/#primaryimage\"},\"thumbnailUrl\":\"https:\/\/idakorea.ee\/wp-content\/uploads\/2026\/01\/By-Wishtrend-Green-Tea-Ceramide-Barrier-Cream-idakorea.jpg\",\"datePublished\":\"2026-01-13T10:34:13+00:00\",\"dateModified\":\"2026-03-02T12:08:30+00:00\",\"description\":\"Kreem niisutab, rahustab punetust ja v\u00e4hendab naha tundlikkust. Tugevdab naha kaitsebarj\u00e4\u00e4ri, hoiab \u00e4ra niiskusekao, kuivuse ja ketenduse.\",\"breadcrumb\":{\"@id\":\"https:\/\/idakorea.ee\/product\/by-wishtrend-green-tea-ceramide-barrier-cream-50g\/#breadcrumb\"},\"inLanguage\":\"en-US\",\"potentialAction\":[{\"@type\":\"ReadAction\",\"target\":[\"https:\/\/idakorea.ee\/product\/by-wishtrend-green-tea-ceramide-barrier-cream-50g\/\"]}]},{\"@type\":\"ImageObject\",\"inLanguage\":\"en-US\",\"@id\":\"https:\/\/idakorea.ee\/product\/by-wishtrend-green-tea-ceramide-barrier-cream-50g\/#primaryimage\",\"url\":\"https:\/\/idakorea.ee\/wp-content\/uploads\/2026\/01\/By-Wishtrend-Green-Tea-Ceramide-Barrier-Cream-idakorea.jpg\",\"contentUrl\":\"https:\/\/idakorea.ee\/wp-content\/uploads\/2026\/01\/By-Wishtrend-Green-Tea-Ceramide-Barrier-Cream-idakorea.jpg\",\"width\":1000,\"height\":1000},{\"@type\":\"BreadcrumbList\",\"@id\":\"https:\/\/idakorea.ee\/product\/by-wishtrend-green-tea-ceramide-barrier-cream-50g\/#breadcrumb\",\"itemListElement\":[{\"@type\":\"ListItem\",\"position\":1,\"name\":\"\u0413\u043b\u0430\u0432\u043d\u0430\u044f \u0441\u0442\u0440\u0430\u043d\u0438\u0446\u0430\",\"item\":\"https:\/\/idakorea.ee\/\"},{\"@type\":\"ListItem\",\"position\":2,\"name\":\"Shop\",\"item\":\"https:\/\/idakorea.ee\/shop-2\/\"},{\"@type\":\"ListItem\",\"position\":3,\"name\":\"Taastav kreem rohelise tee ja keramiididega By Wishtrend Green Tea &#038; Ceramide Barrier Cream, 50g\"}]},{\"@type\":\"WebSite\",\"@id\":\"https:\/\/idakorea.ee\/#website\",\"url\":\"https:\/\/idakorea.ee\/\",\"name\":\"IDA.KOREA\",\"description\":\"Korea kosmeetika e-pood\",\"publisher\":{\"@id\":\"https:\/\/idakorea.ee\/#organization\"},\"alternateName\":\"Beauty Shop\",\"potentialAction\":[{\"@type\":\"SearchAction\",\"target\":{\"@type\":\"EntryPoint\",\"urlTemplate\":\"https:\/\/idakorea.ee\/?s={search_term_string}\"},\"query-input\":{\"@type\":\"PropertyValueSpecification\",\"valueRequired\":true,\"valueName\":\"search_term_string\"}}],\"inLanguage\":\"en-US\"},{\"@type\":\"Organization\",\"@id\":\"https:\/\/idakorea.ee\/#organization\",\"name\":\"IDA.KOREA\",\"url\":\"https:\/\/idakorea.ee\/\",\"logo\":{\"@type\":\"ImageObject\",\"inLanguage\":\"en-US\",\"@id\":\"https:\/\/idakorea.ee\/#\/schema\/logo\/image\/\",\"url\":\"https:\/\/idakorea.ee\/wp-content\/uploads\/2024\/05\/cropped-korea3.png\",\"contentUrl\":\"https:\/\/idakorea.ee\/wp-content\/uploads\/2024\/05\/cropped-korea3.png\",\"width\":688,\"height\":126,\"caption\":\"IDA.KOREA\"},\"image\":{\"@id\":\"https:\/\/idakorea.ee\/#\/schema\/logo\/image\/\"},\"sameAs\":[\"https:\/\/www.instagram.com\/ida.korea\/\"]}]}<\/script>\n<!-- \/ Yoast SEO plugin. -->","yoast_head_json":{"title":"By Wishtrend Green Tea &amp; Ceramide Barrier Cream, 50g - IDA.KOREA","description":"The cream moisturizes, soothes redness and reduces skin sensitivity. Strengthens the skin&#039;s protective barrier, prevents moisture loss, dryness and flaking.","robots":{"index":"index","follow":"follow","max-snippet":"max-snippet:-1","max-image-preview":"max-image-preview:large","max-video-preview":"max-video-preview:-1"},"canonical":"https:\/\/idakorea.ee\/en\/product\/by-wishtrend-green-tea-ceramide-barrier-cream-50g\/","og_locale":"en_US","og_type":"article","og_title":"By Wishtrend Green Tea & Ceramide Barrier Cream, 50g - IDA.KOREA","og_description":"Kreem niisutab, rahustab punetust ja v\u00e4hendab naha tundlikkust. Tugevdab naha kaitsebarj\u00e4\u00e4ri, hoiab \u00e4ra niiskusekao, kuivuse ja ketenduse.","og_url":"https:\/\/idakorea.ee\/en\/product\/by-wishtrend-green-tea-ceramide-barrier-cream-50g\/","og_site_name":"IDA.KOREA","article_modified_time":"2026-03-02T12:08:30+00:00","og_image":[{"width":1000,"height":1000,"url":"https:\/\/idakorea.ee\/wp-content\/uploads\/2026\/01\/By-Wishtrend-Green-Tea-Ceramide-Barrier-Cream-idakorea.jpg","type":"image\/jpeg"}],"twitter_card":"summary_large_image","twitter_misc":{"Est. reading time":"2 minutes"},"schema":{"@context":"https:\/\/schema.org","@graph":[{"@type":"WebPage","@id":"https:\/\/idakorea.ee\/product\/by-wishtrend-green-tea-ceramide-barrier-cream-50g\/","url":"https:\/\/idakorea.ee\/product\/by-wishtrend-green-tea-ceramide-barrier-cream-50g\/","name":"By Wishtrend Green Tea &amp; Ceramide Barrier Cream, 50g - IDA.KOREA","isPartOf":{"@id":"https:\/\/idakorea.ee\/#website"},"primaryImageOfPage":{"@id":"https:\/\/idakorea.ee\/product\/by-wishtrend-green-tea-ceramide-barrier-cream-50g\/#primaryimage"},"image":{"@id":"https:\/\/idakorea.ee\/product\/by-wishtrend-green-tea-ceramide-barrier-cream-50g\/#primaryimage"},"thumbnailUrl":"https:\/\/idakorea.ee\/wp-content\/uploads\/2026\/01\/By-Wishtrend-Green-Tea-Ceramide-Barrier-Cream-idakorea.jpg","datePublished":"2026-01-13T10:34:13+00:00","dateModified":"2026-03-02T12:08:30+00:00","description":"The cream moisturizes, soothes redness and reduces skin sensitivity. Strengthens the skin&#039;s protective barrier, prevents moisture loss, dryness and flaking.","breadcrumb":{"@id":"https:\/\/idakorea.ee\/product\/by-wishtrend-green-tea-ceramide-barrier-cream-50g\/#breadcrumb"},"inLanguage":"en-US","potentialAction":[{"@type":"ReadAction","target":["https:\/\/idakorea.ee\/product\/by-wishtrend-green-tea-ceramide-barrier-cream-50g\/"]}]},{"@type":"ImageObject","inLanguage":"en-US","@id":"https:\/\/idakorea.ee\/product\/by-wishtrend-green-tea-ceramide-barrier-cream-50g\/#primaryimage","url":"https:\/\/idakorea.ee\/wp-content\/uploads\/2026\/01\/By-Wishtrend-Green-Tea-Ceramide-Barrier-Cream-idakorea.jpg","contentUrl":"https:\/\/idakorea.ee\/wp-content\/uploads\/2026\/01\/By-Wishtrend-Green-Tea-Ceramide-Barrier-Cream-idakorea.jpg","width":1000,"height":1000},{"@type":"BreadcrumbList","@id":"https:\/\/idakorea.ee\/product\/by-wishtrend-green-tea-ceramide-barrier-cream-50g\/#breadcrumb","itemListElement":[{"@type":"ListItem","position":1,"name":"\u0413\u043b\u0430\u0432\u043d\u0430\u044f \u0441\u0442\u0440\u0430\u043d\u0438\u0446\u0430","item":"https:\/\/idakorea.ee\/"},{"@type":"ListItem","position":2,"name":"Shop","item":"https:\/\/idakorea.ee\/shop-2\/"},{"@type":"ListItem","position":3,"name":"Taastav kreem rohelise tee ja keramiididega By Wishtrend Green Tea &#038; Ceramide Barrier Cream, 50g"}]},{"@type":"WebSite","@id":"https:\/\/idakorea.ee\/#website","url":"https:\/\/idakorea.ee\/","name":"IDA.KOREA","description":"Korean cosmetics e-shop","publisher":{"@id":"https:\/\/idakorea.ee\/#organization"},"alternateName":"Beauty Shop","potentialAction":[{"@type":"SearchAction","target":{"@type":"EntryPoint","urlTemplate":"https:\/\/idakorea.ee\/?s={search_term_string}"},"query-input":{"@type":"PropertyValueSpecification","valueRequired":true,"valueName":"search_term_string"}}],"inLanguage":"en-US"},{"@type":"Organization","@id":"https:\/\/idakorea.ee\/#organization","name":"IDA.KOREA","url":"https:\/\/idakorea.ee\/","logo":{"@type":"ImageObject","inLanguage":"en-US","@id":"https:\/\/idakorea.ee\/#\/schema\/logo\/image\/","url":"https:\/\/idakorea.ee\/wp-content\/uploads\/2024\/05\/cropped-korea3.png","contentUrl":"https:\/\/idakorea.ee\/wp-content\/uploads\/2024\/05\/cropped-korea3.png","width":688,"height":126,"caption":"IDA.KOREA"},"image":{"@id":"https:\/\/idakorea.ee\/#\/schema\/logo\/image\/"},"sameAs":["https:\/\/www.instagram.com\/ida.korea\/"]}]}},"jetpack_sharing_enabled":true,"brands":[{"id":968,"name":"BY WISHTREND","slug":"by-wishtrend"}],"_links":{"self":[{"href":"https:\/\/idakorea.ee\/en\/wp-json\/wp\/v2\/product\/17217","targetHints":{"allow":["GET"]}}],"collection":[{"href":"https:\/\/idakorea.ee\/en\/wp-json\/wp\/v2\/product"}],"about":[{"href":"https:\/\/idakorea.ee\/en\/wp-json\/wp\/v2\/types\/product"}],"replies":[{"embeddable":true,"href":"https:\/\/idakorea.ee\/en\/wp-json\/wp\/v2\/comments?post=17217"}],"version-history":[{"count":3,"href":"https:\/\/idakorea.ee\/en\/wp-json\/wp\/v2\/product\/17217\/revisions"}],"predecessor-version":[{"id":17225,"href":"https:\/\/idakorea.ee\/en\/wp-json\/wp\/v2\/product\/17217\/revisions\/17225"}],"wp:featuredmedia":[{"embeddable":true,"href":"https:\/\/idakorea.ee\/en\/wp-json\/wp\/v2\/media\/17221"}],"wp:attachment":[{"href":"https:\/\/idakorea.ee\/en\/wp-json\/wp\/v2\/media?parent=17217"}],"wp:term":[{"taxonomy":"pwb-brand","embeddable":true,"href":"https:\/\/idakorea.ee\/en\/wp-json\/wp\/v2\/pwb-brand?post=17217"},{"taxonomy":"product_brand","embeddable":true,"href":"https:\/\/idakorea.ee\/en\/wp-json\/wp\/v2\/product_brand?post=17217"},{"taxonomy":"product_cat","embeddable":true,"href":"https:\/\/idakorea.ee\/en\/wp-json\/wp\/v2\/product_cat?post=17217"},{"taxonomy":"product_tag","embeddable":true,"href":"https:\/\/idakorea.ee\/en\/wp-json\/wp\/v2\/product_tag?post=17217"}],"curies":[{"name":"wp","href":"https:\/\/api.w.org\/{rel}","templated":true}]}}