{"id":17226,"date":"2026-01-13T12:50:43","date_gmt":"2026-01-13T10:50:43","guid":{"rendered":"https:\/\/idakorea.ee\/?post_type=product&#038;p=17226"},"modified":"2026-02-10T16:45:27","modified_gmt":"2026-02-10T14:45:27","slug":"vt-cosmetics-pdrn-glow-lock-mask-100ml","status":"publish","type":"product","link":"https:\/\/idakorea.ee\/en\/product\/vt-cosmetics-pdrn-glow-lock-mask-100ml\/","title":{"rendered":"Night film mask VT Cosmetics PDRN Glow Lock Mask, 100ml"},"content":{"rendered":"<p data-start=\"131\" data-end=\"423\"><strong data-start=\"131\" data-end=\"167\">VT Cosmetics PDRN Glow Lock Mask<\/strong> combines intensive hydration, nutrition, restoration and toning. The mask has a gel texture and forms a thin film on the skin, which reduces moisture evaporation and increases the effectiveness of active ingredients. The skin becomes smoother and brighter.<\/p>\n<p data-start=\"425\" data-end=\"653\">The formula is aimed at supporting the lipid barrier and smoothing the skin&#039;s microrelief. It helps regenerate and strengthen tissues, retains moisture in the epidermis, softens and improves elasticity. It helps fight dull complexion.<\/p>\n<p data-start=\"660\" data-end=\"684\"><strong data-start=\"663\" data-end=\"684\">Main active substance<\/strong><\/p>\n<p data-start=\"686\" data-end=\"877\"><strong data-start=\"686\" data-end=\"751\">Panax PDRN\u00ae (PDRN, polynucleotide from ginseng root extract)<\/strong> \u2013 stimulates cell regeneration, promotes healing, helps prevent wrinkles, and supports skin elasticity and density.<\/p>\n<p data-start=\"879\" data-end=\"1159\">The mask contains 10 types of hyaluronic acid with different molecular weights: high molecular weight forms restore the protective barrier on the skin&#039;s surface, accelerate healing and reduce flaking; low molecular weight forms penetrate deeper into the skin and prevent moisture loss at the cellular level.<\/p>\n<p data-start=\"1166\" data-end=\"1203\"><strong data-start=\"1169\" data-end=\"1203\">Main active ingredients<\/strong><\/p>\n<ul>\n<li data-start=\"1205\" data-end=\"1410\"><strong data-start=\"1205\" data-end=\"1223\">Agave extract<\/strong> \u2013 rich in antioxidants and vitamin C, slows down aging processes and helps fight oxidative stress, promotes collagen production and strengthens the skin&#039;s protective functions.<\/li>\n<li data-start=\"1412\" data-end=\"1527\"><strong data-start=\"1412\" data-end=\"1426\">Allantoiin<\/strong> \u2013 has a strong softening and soothing effect, reduces redness and irritation, accelerates skin renewal.<\/li>\n<li data-start=\"1529\" data-end=\"1691\"><strong data-start=\"1529\" data-end=\"1556\">Panthenol (vitamin B5)<\/strong> \u2013 restores the integrity of the stratum corneum, improves barrier functions, accelerates the healing of microdamages, relieves redness and irritation.<\/li>\n<li data-start=\"1693\" data-end=\"1833\"><strong data-start=\"1693\" data-end=\"1710\">Rice extract<\/strong> \u2013 helps maintain youthful skin, moisturizes and softens, evens out skin tone and makes the skin silky and velvety.<\/li>\n<li data-start=\"1835\" data-end=\"1948\"><strong data-start=\"1835\" data-end=\"1867\">Marshmallow (Althaea) extract<\/strong> \u2013 softens, reduces inflammation and improves the condition of dry and irritated skin.<\/li>\n<li data-start=\"1950\" data-end=\"2080\"><strong data-start=\"1950\" data-end=\"1962\">Skvala<\/strong> \u2013 soothes, prevents moisture evaporation, protects against dryness, nourishes the skin and helps slow down the aging process.<\/li>\n<\/ul>\n<p data-start=\"2087\" data-end=\"2117\">Suitable for all skin types.<\/p>\n<p data-start=\"2124\" data-end=\"2146\"><strong data-start=\"2127\" data-end=\"2146\">Instructions for use<\/strong><\/p>\n<p data-start=\"2148\" data-end=\"2424\">After cleansing, toning and moisturizing, apply the mask to your face. Spread a thin layer, avoiding the eye and lip area, and let dry.<br data-start=\"2310\" data-end=\"2313\" \/>In the morning, carefully remove the mask by lifting it from the edge, rinse off the residue with water and continue with your morning care.<\/p>","protected":false},"excerpt":{"rendered":"<p>VT Cosmetics PDRN Glow Lock Mask combines intensive hydration, nutrition, restoration and toning. The mask has a gel texture and forms a thin film on the skin, which reduces moisture evaporation and increases the effectiveness of active ingredients. The skin becomes smoother and brighter. The formula is aimed at supporting the lipid barrier and harmonizing the skin&#039;s microrelief. Contributes to tissue regeneration and strengthening, retains moisture in the epidermis,\u2026<\/p>","protected":false},"featured_media":17229,"comment_status":"open","ping_status":"closed","template":"","meta":{"_uf_show_specific_survey":0,"_uf_disable_surveys":false,"_bst_post_transparent":"default","_bst_post_title":"","_bst_post_layout":"default","_bst_post_sidebar_id":"","_bst_post_content_style":"default","_bst_post_vertical_padding":"default","_bst_post_feature":"","_bst_post_feature_position":"","_bst_post_header":false,"_bst_post_footer":false},"pwb-brand":[493],"product_brand":[],"product_cat":[92,98],"product_tag":[568,614,789,1058,543,462],"class_list":{"0":"post-17226","1":"product","2":"type-product","3":"status-publish","4":"has-post-thumbnail","6":"pwb-brand-vt","7":"product_cat-nagu","8":"product_cat-naomaskid","9":"product_tag-korea","10":"product_tag-mask","11":"product_tag-pdrn","12":"product_tag-peel-off","13":"product_tag-trend","14":"product_tag-vt","16":"first","17":"instock","18":"shipping-taxable","19":"purchasable","20":"product-type-simple","21":"entry","22":"content-bg","23":"loop-entry"},"supplier_id":null,"supplier_sku":"","barcode":null,"atum_controlled":true,"out_stock_date":null,"out_stock_threshold":null,"inheritable":false,"inbound_stock":0,"stock_on_hold":0,"sold_today":0,"sales_last_days":0,"out_stock_days":0,"lost_sales":0,"has_location":false,"update_date":"2026-04-24T00:09:13","atum_locations":[],"atum_stock_status":"instock","restock_status":false,"low_stock_amount":"","sales_update_date":"2026-04-24T00:09:13","calc_backorders":null,"yoast_head":"<!-- This site is optimized with the Yoast SEO plugin v27.2 - https:\/\/yoast.com\/product\/yoast-seo-wordpress\/ -->\n<title>VT Cosmetics PDRN Glow Lock Mask, 100ml - IDA.KOREA<\/title>\n<meta name=\"description\" content=\"Maskil on geeljas tekstuur ning see moodustab nahale \u00f5hukese kile, mis v\u00e4hendab niiskuse aurustumist ja suurendab aktiivsete koostisosade t\u00f5husust.\" \/>\n<meta name=\"robots\" content=\"index, follow, max-snippet:-1, max-image-preview:large, max-video-preview:-1\" \/>\n<link rel=\"canonical\" href=\"https:\/\/idakorea.ee\/en\/product\/vt-cosmetics-pdrn-glow-lock-mask-100ml\/\" \/>\n<meta property=\"og:locale\" content=\"en_US\" \/>\n<meta property=\"og:type\" content=\"article\" \/>\n<meta property=\"og:title\" content=\"VT Cosmetics PDRN Glow Lock Mask, 100ml - IDA.KOREA\" \/>\n<meta property=\"og:description\" content=\"Maskil on geeljas tekstuur ning see moodustab nahale \u00f5hukese kile, mis v\u00e4hendab niiskuse aurustumist ja suurendab aktiivsete koostisosade t\u00f5husust.\" \/>\n<meta property=\"og:url\" content=\"https:\/\/idakorea.ee\/en\/product\/vt-cosmetics-pdrn-glow-lock-mask-100ml\/\" \/>\n<meta property=\"og:site_name\" content=\"IDA.KOREA\" \/>\n<meta property=\"article:modified_time\" content=\"2026-02-10T14:45:27+00:00\" \/>\n<meta property=\"og:image\" content=\"https:\/\/idakorea.ee\/wp-content\/uploads\/2026\/01\/VT-Cosmetics-PDRN-Glow-Lock-Mask-idakorea.jpg\" \/>\n\t<meta property=\"og:image:width\" content=\"1000\" \/>\n\t<meta property=\"og:image:height\" content=\"1000\" \/>\n\t<meta property=\"og:image:type\" content=\"image\/jpeg\" \/>\n<meta name=\"twitter:card\" content=\"summary_large_image\" \/>\n<meta name=\"twitter:label1\" content=\"Est. reading time\" \/>\n\t<meta name=\"twitter:data1\" content=\"2 minutes\" \/>\n<script type=\"application\/ld+json\" class=\"yoast-schema-graph\">{\"@context\":\"https:\/\/schema.org\",\"@graph\":[{\"@type\":\"WebPage\",\"@id\":\"https:\/\/idakorea.ee\/product\/vt-cosmetics-pdrn-glow-lock-mask-100ml\/\",\"url\":\"https:\/\/idakorea.ee\/product\/vt-cosmetics-pdrn-glow-lock-mask-100ml\/\",\"name\":\"VT Cosmetics PDRN Glow Lock Mask, 100ml - IDA.KOREA\",\"isPartOf\":{\"@id\":\"https:\/\/idakorea.ee\/#website\"},\"primaryImageOfPage\":{\"@id\":\"https:\/\/idakorea.ee\/product\/vt-cosmetics-pdrn-glow-lock-mask-100ml\/#primaryimage\"},\"image\":{\"@id\":\"https:\/\/idakorea.ee\/product\/vt-cosmetics-pdrn-glow-lock-mask-100ml\/#primaryimage\"},\"thumbnailUrl\":\"https:\/\/idakorea.ee\/wp-content\/uploads\/2026\/01\/VT-Cosmetics-PDRN-Glow-Lock-Mask-idakorea.jpg\",\"datePublished\":\"2026-01-13T10:50:43+00:00\",\"dateModified\":\"2026-02-10T14:45:27+00:00\",\"description\":\"Maskil on geeljas tekstuur ning see moodustab nahale \u00f5hukese kile, mis v\u00e4hendab niiskuse aurustumist ja suurendab aktiivsete koostisosade t\u00f5husust.\",\"breadcrumb\":{\"@id\":\"https:\/\/idakorea.ee\/product\/vt-cosmetics-pdrn-glow-lock-mask-100ml\/#breadcrumb\"},\"inLanguage\":\"en-US\",\"potentialAction\":[{\"@type\":\"ReadAction\",\"target\":[\"https:\/\/idakorea.ee\/product\/vt-cosmetics-pdrn-glow-lock-mask-100ml\/\"]}]},{\"@type\":\"ImageObject\",\"inLanguage\":\"en-US\",\"@id\":\"https:\/\/idakorea.ee\/product\/vt-cosmetics-pdrn-glow-lock-mask-100ml\/#primaryimage\",\"url\":\"https:\/\/idakorea.ee\/wp-content\/uploads\/2026\/01\/VT-Cosmetics-PDRN-Glow-Lock-Mask-idakorea.jpg\",\"contentUrl\":\"https:\/\/idakorea.ee\/wp-content\/uploads\/2026\/01\/VT-Cosmetics-PDRN-Glow-Lock-Mask-idakorea.jpg\",\"width\":1000,\"height\":1000},{\"@type\":\"BreadcrumbList\",\"@id\":\"https:\/\/idakorea.ee\/product\/vt-cosmetics-pdrn-glow-lock-mask-100ml\/#breadcrumb\",\"itemListElement\":[{\"@type\":\"ListItem\",\"position\":1,\"name\":\"\u0413\u043b\u0430\u0432\u043d\u0430\u044f \u0441\u0442\u0440\u0430\u043d\u0438\u0446\u0430\",\"item\":\"https:\/\/idakorea.ee\/\"},{\"@type\":\"ListItem\",\"position\":2,\"name\":\"Shop\",\"item\":\"https:\/\/idakorea.ee\/shop-2\/\"},{\"@type\":\"ListItem\",\"position\":3,\"name\":\"\u00d6ine kilemask VT Cosmetics PDRN Glow Lock Mask, 100ml\"}]},{\"@type\":\"WebSite\",\"@id\":\"https:\/\/idakorea.ee\/#website\",\"url\":\"https:\/\/idakorea.ee\/\",\"name\":\"IDA.KOREA\",\"description\":\"Korea kosmeetika e-pood\",\"publisher\":{\"@id\":\"https:\/\/idakorea.ee\/#organization\"},\"alternateName\":\"Beauty Shop\",\"potentialAction\":[{\"@type\":\"SearchAction\",\"target\":{\"@type\":\"EntryPoint\",\"urlTemplate\":\"https:\/\/idakorea.ee\/?s={search_term_string}\"},\"query-input\":{\"@type\":\"PropertyValueSpecification\",\"valueRequired\":true,\"valueName\":\"search_term_string\"}}],\"inLanguage\":\"en-US\"},{\"@type\":\"Organization\",\"@id\":\"https:\/\/idakorea.ee\/#organization\",\"name\":\"IDA.KOREA\",\"url\":\"https:\/\/idakorea.ee\/\",\"logo\":{\"@type\":\"ImageObject\",\"inLanguage\":\"en-US\",\"@id\":\"https:\/\/idakorea.ee\/#\/schema\/logo\/image\/\",\"url\":\"https:\/\/idakorea.ee\/wp-content\/uploads\/2024\/05\/cropped-korea3.png\",\"contentUrl\":\"https:\/\/idakorea.ee\/wp-content\/uploads\/2024\/05\/cropped-korea3.png\",\"width\":688,\"height\":126,\"caption\":\"IDA.KOREA\"},\"image\":{\"@id\":\"https:\/\/idakorea.ee\/#\/schema\/logo\/image\/\"},\"sameAs\":[\"https:\/\/www.instagram.com\/ida.korea\/\"]}]}<\/script>\n<!-- \/ Yoast SEO plugin. -->","yoast_head_json":{"title":"VT Cosmetics PDRN Glow Lock Mask, 100ml - IDA.KOREA","description":"The mask has a gel-like texture and forms a thin film on the skin, which reduces moisture evaporation and increases the effectiveness of the active ingredients.","robots":{"index":"index","follow":"follow","max-snippet":"max-snippet:-1","max-image-preview":"max-image-preview:large","max-video-preview":"max-video-preview:-1"},"canonical":"https:\/\/idakorea.ee\/en\/product\/vt-cosmetics-pdrn-glow-lock-mask-100ml\/","og_locale":"en_US","og_type":"article","og_title":"VT Cosmetics PDRN Glow Lock Mask, 100ml - IDA.KOREA","og_description":"Maskil on geeljas tekstuur ning see moodustab nahale \u00f5hukese kile, mis v\u00e4hendab niiskuse aurustumist ja suurendab aktiivsete koostisosade t\u00f5husust.","og_url":"https:\/\/idakorea.ee\/en\/product\/vt-cosmetics-pdrn-glow-lock-mask-100ml\/","og_site_name":"IDA.KOREA","article_modified_time":"2026-02-10T14:45:27+00:00","og_image":[{"width":1000,"height":1000,"url":"https:\/\/idakorea.ee\/wp-content\/uploads\/2026\/01\/VT-Cosmetics-PDRN-Glow-Lock-Mask-idakorea.jpg","type":"image\/jpeg"}],"twitter_card":"summary_large_image","twitter_misc":{"Est. reading time":"2 minutes"},"schema":{"@context":"https:\/\/schema.org","@graph":[{"@type":"WebPage","@id":"https:\/\/idakorea.ee\/product\/vt-cosmetics-pdrn-glow-lock-mask-100ml\/","url":"https:\/\/idakorea.ee\/product\/vt-cosmetics-pdrn-glow-lock-mask-100ml\/","name":"VT Cosmetics PDRN Glow Lock Mask, 100ml - IDA.KOREA","isPartOf":{"@id":"https:\/\/idakorea.ee\/#website"},"primaryImageOfPage":{"@id":"https:\/\/idakorea.ee\/product\/vt-cosmetics-pdrn-glow-lock-mask-100ml\/#primaryimage"},"image":{"@id":"https:\/\/idakorea.ee\/product\/vt-cosmetics-pdrn-glow-lock-mask-100ml\/#primaryimage"},"thumbnailUrl":"https:\/\/idakorea.ee\/wp-content\/uploads\/2026\/01\/VT-Cosmetics-PDRN-Glow-Lock-Mask-idakorea.jpg","datePublished":"2026-01-13T10:50:43+00:00","dateModified":"2026-02-10T14:45:27+00:00","description":"The mask has a gel-like texture and forms a thin film on the skin, which reduces moisture evaporation and increases the effectiveness of the active ingredients.","breadcrumb":{"@id":"https:\/\/idakorea.ee\/product\/vt-cosmetics-pdrn-glow-lock-mask-100ml\/#breadcrumb"},"inLanguage":"en-US","potentialAction":[{"@type":"ReadAction","target":["https:\/\/idakorea.ee\/product\/vt-cosmetics-pdrn-glow-lock-mask-100ml\/"]}]},{"@type":"ImageObject","inLanguage":"en-US","@id":"https:\/\/idakorea.ee\/product\/vt-cosmetics-pdrn-glow-lock-mask-100ml\/#primaryimage","url":"https:\/\/idakorea.ee\/wp-content\/uploads\/2026\/01\/VT-Cosmetics-PDRN-Glow-Lock-Mask-idakorea.jpg","contentUrl":"https:\/\/idakorea.ee\/wp-content\/uploads\/2026\/01\/VT-Cosmetics-PDRN-Glow-Lock-Mask-idakorea.jpg","width":1000,"height":1000},{"@type":"BreadcrumbList","@id":"https:\/\/idakorea.ee\/product\/vt-cosmetics-pdrn-glow-lock-mask-100ml\/#breadcrumb","itemListElement":[{"@type":"ListItem","position":1,"name":"\u0413\u043b\u0430\u0432\u043d\u0430\u044f \u0441\u0442\u0440\u0430\u043d\u0438\u0446\u0430","item":"https:\/\/idakorea.ee\/"},{"@type":"ListItem","position":2,"name":"Shop","item":"https:\/\/idakorea.ee\/shop-2\/"},{"@type":"ListItem","position":3,"name":"\u00d6ine kilemask VT Cosmetics PDRN Glow Lock Mask, 100ml"}]},{"@type":"WebSite","@id":"https:\/\/idakorea.ee\/#website","url":"https:\/\/idakorea.ee\/","name":"IDA.KOREA","description":"Korean cosmetics e-shop","publisher":{"@id":"https:\/\/idakorea.ee\/#organization"},"alternateName":"Beauty Shop","potentialAction":[{"@type":"SearchAction","target":{"@type":"EntryPoint","urlTemplate":"https:\/\/idakorea.ee\/?s={search_term_string}"},"query-input":{"@type":"PropertyValueSpecification","valueRequired":true,"valueName":"search_term_string"}}],"inLanguage":"en-US"},{"@type":"Organization","@id":"https:\/\/idakorea.ee\/#organization","name":"IDA.KOREA","url":"https:\/\/idakorea.ee\/","logo":{"@type":"ImageObject","inLanguage":"en-US","@id":"https:\/\/idakorea.ee\/#\/schema\/logo\/image\/","url":"https:\/\/idakorea.ee\/wp-content\/uploads\/2024\/05\/cropped-korea3.png","contentUrl":"https:\/\/idakorea.ee\/wp-content\/uploads\/2024\/05\/cropped-korea3.png","width":688,"height":126,"caption":"IDA.KOREA"},"image":{"@id":"https:\/\/idakorea.ee\/#\/schema\/logo\/image\/"},"sameAs":["https:\/\/www.instagram.com\/ida.korea\/"]}]}},"jetpack_sharing_enabled":true,"brands":[{"id":493,"name":"VT COSMETICS","slug":"vt"}],"_links":{"self":[{"href":"https:\/\/idakorea.ee\/en\/wp-json\/wp\/v2\/product\/17226","targetHints":{"allow":["GET"]}}],"collection":[{"href":"https:\/\/idakorea.ee\/en\/wp-json\/wp\/v2\/product"}],"about":[{"href":"https:\/\/idakorea.ee\/en\/wp-json\/wp\/v2\/types\/product"}],"replies":[{"embeddable":true,"href":"https:\/\/idakorea.ee\/en\/wp-json\/wp\/v2\/comments?post=17226"}],"version-history":[{"count":1,"href":"https:\/\/idakorea.ee\/en\/wp-json\/wp\/v2\/product\/17226\/revisions"}],"predecessor-version":[{"id":17230,"href":"https:\/\/idakorea.ee\/en\/wp-json\/wp\/v2\/product\/17226\/revisions\/17230"}],"wp:featuredmedia":[{"embeddable":true,"href":"https:\/\/idakorea.ee\/en\/wp-json\/wp\/v2\/media\/17229"}],"wp:attachment":[{"href":"https:\/\/idakorea.ee\/en\/wp-json\/wp\/v2\/media?parent=17226"}],"wp:term":[{"taxonomy":"pwb-brand","embeddable":true,"href":"https:\/\/idakorea.ee\/en\/wp-json\/wp\/v2\/pwb-brand?post=17226"},{"taxonomy":"product_brand","embeddable":true,"href":"https:\/\/idakorea.ee\/en\/wp-json\/wp\/v2\/product_brand?post=17226"},{"taxonomy":"product_cat","embeddable":true,"href":"https:\/\/idakorea.ee\/en\/wp-json\/wp\/v2\/product_cat?post=17226"},{"taxonomy":"product_tag","embeddable":true,"href":"https:\/\/idakorea.ee\/en\/wp-json\/wp\/v2\/product_tag?post=17226"}],"curies":[{"name":"wp","href":"https:\/\/api.w.org\/{rel}","templated":true}]}}