{"id":17257,"date":"2026-01-15T13:39:32","date_gmt":"2026-01-15T11:39:32","guid":{"rendered":"https:\/\/idakorea.ee\/?post_type=product&#038;p=17257"},"modified":"2026-03-20T10:19:18","modified_gmt":"2026-03-20T08:19:18","slug":"skin1004-madagascar-centella-tea-trica-b5-cream-75ml","status":"publish","type":"product","link":"https:\/\/idakorea.ee\/en\/product\/skin1004-madagascar-centella-tea-trica-b5-cream-75ml\/","title":{"rendered":"Soothing cream for problem skin SKIN1004 Madagascar Centella Tea-Trica B5 Cream, 75ml"},"content":{"rendered":"<div class=\"relative basis-auto flex-col -mb-(--composer-overlap-px) [--composer-overlap-px:28px] grow flex\">\n<div class=\"flex flex-col text-sm pb-25\">\n<article class=\"text-token-text-primary w-full focus:outline-none [--shadow-height:45px] has-data-writing-block:pointer-events-none has-data-writing-block:-mt-(--shadow-height) has-data-writing-block:pt-(--shadow-height) [&amp;:has([data-writing-block])&gt;*]:pointer-events-auto scroll-mt-[calc(var(--header-height)+min(200px,max(70px,20svh)))]\" dir=\"auto\" tabindex=\"-1\" data-turn-id=\"request-696899b1-9714-8326-9959-6c93642c8aee-0\" data-testid=\"conversation-turn-8\" data-scroll-anchor=\"true\" data-turn=\"assistant\">\n<div class=\"text-base my-auto mx-auto pb-10 [--thread-content-margin:--spacing(4)] @w-sm\/main:[--thread-content-margin:--spacing(6)] @w-lg\/main:[--thread-content-margin:--spacing(16)] px-(--thread-content-margin)\">\n<div class=\"[--thread-content-max-width:40rem] @w-lg\/main:[--thread-content-max-width:48rem] mx-auto max-w-(--thread-content-max-width) flex-1 group\/turn-messages focus-visible:outline-hidden relative flex w-full min-w-0 flex-col agent-turn\" tabindex=\"-1\">\n<div class=\"flex max-w-full flex-col grow\">\n<div class=\"min-h-8 text-message relative flex w-full flex-col items-end gap-2 text-start break-words whitespace-normal [.text-message+&amp;]:mt-1\" dir=\"auto\" data-message-author-role=\"assistant\" data-message-id=\"858b752c-b7ce-4b80-90ba-bc7cbf379cef\" data-message-model-slug=\"gpt-5-2\">\n<div class=\"flex w-full flex-col gap-1 empty:hidden first:pt-[1px]\">\n<div class=\"markdown prose dark:prose-invert w-full break-words light markdown-new-styling\">\n<p data-start=\"65\" data-end=\"302\">Rahustav kreem probleemsele nahale<strong data-start=\"65\" data-end=\"151\"> SKIN1004 Madagascar Centella Tea-Trica B5 Cream<\/strong> leevendab \u00e4rritust ja punetust, tugevdab lipiidbarj\u00e4\u00e4ri ning parandab naha kaitsefunktsioone.<\/p>\n<p data-start=\"304\" data-end=\"530\">Normaliseerib rasun\u00e4\u00e4rmete t\u00f6\u00f6d ja v\u00e4hendab rasusust. Pehmendab karedaid piirkondi, ennetab kuivust ja ketendust. Aasia vesinaba (Centella asiatica) eksosoomid soodustavad aktiivainete s\u00fcgavamat imendumist ja t\u00f5husamat toimet.<\/p>\n<p data-start=\"532\" data-end=\"647\">Kreemil on kerge geeljas tekstuur, see imendub kiiresti ega j\u00e4ta nahale kleepuvat tunnet. Toode on teepuu aroomiga.<\/p>\n<p data-start=\"649\" data-end=\"684\"><strong>Peamised aktiivsed koostisosad:<\/strong><\/p>\n<ul data-start=\"685\" data-end=\"1557\">\n<li data-start=\"685\" data-end=\"823\">\n<p data-start=\"687\" data-end=\"823\"><strong data-start=\"687\" data-end=\"720\">Teepuu h\u00fcdrolaat (94 000 ppm)<\/strong> \u2013 p\u00f5letikuvastase toimega, v\u00e4hendab punetust, aitab ennetada aknet ja soodustab kiiremat paranemist.<\/p>\n<\/li>\n<li data-start=\"824\" data-end=\"932\">\n<p data-start=\"826\" data-end=\"932\"><strong data-start=\"826\" data-end=\"848\">K\u00fcpressi h\u00fcdrolaat<\/strong> \u2013 pakub antioks\u00fcdantset kaitset, tugevdab veresooni ja aeglustab kuperoosa teket.<\/p>\n<\/li>\n<li data-start=\"933\" data-end=\"1095\">\n<p data-start=\"935\" data-end=\"1095\"><strong data-start=\"935\" data-end=\"966\">Pantenool (vitamiin B5, 5%)<\/strong> \u2013 leevendab punetust ja s\u00fcgelust, tugevdab h\u00fcdrolipiidbarj\u00e4\u00e4ri, v\u00e4hendab niiskuskadu ja kiirendab kahjustatud naha taastumist.<\/p>\n<\/li>\n<li data-start=\"1096\" data-end=\"1221\">\n<p data-start=\"1098\" data-end=\"1221\"><strong data-start=\"1098\" data-end=\"1136\">M\u00e4nni ja Aasia vesinaba ekstraktid<\/strong> \u2013 rahustavad \u00e4rritunud nahka, tugevdavad veresooni ja aitavad ennetada kuperoosat.<\/p>\n<\/li>\n<li data-start=\"1222\" data-end=\"1370\">\n<p data-start=\"1224\" data-end=\"1370\"><strong data-start=\"1224\" data-end=\"1239\">Tseramiidid<\/strong> \u2013 taastavad sarvkihi terviklikkuse, v\u00e4hendavad naha tundlikkust v\u00e4liste \u00e4rritajate suhtes ning leevendavad ketendust ja kuivust.<\/p>\n<\/li>\n<li data-start=\"1371\" data-end=\"1557\">\n<p data-start=\"1373\" data-end=\"1557\"><strong data-start=\"1373\" data-end=\"1404\">Niatsiinamiid (vitamiin B3)<\/strong> \u2013 aeglustab melaniini liikumist epidermisesse, aidates ennetada pigmendilaikude teket. Reguleerib rasutootmist, v\u00e4hendab rasust l\u00e4iget ja ahendab poore.<\/p>\n<\/li>\n<\/ul>\n<p data-start=\"1559\" data-end=\"1611\">Sobib normaalsele, kombineeritud ja rasusele nahale.<\/p>\n<p data-start=\"1613\" data-end=\"1727\"><strong data-start=\"1613\" data-end=\"1628\">Kasutamine:<\/strong> p\u00e4rast puhastamist, tooniku ja seerumi kasutamist kanda kreem n\u00e4ole ning jaotada \u00fchtlaselt nahale.<\/p>\n<p data-start=\"1734\" data-end=\"1828\" data-is-last-node=\"\" data-is-only-node=\"\">\n<\/div>\n<\/div>\n<\/div>\n<\/div>\n<\/div>\n<\/div>\n<\/article>\n<\/div>\n<\/div>\n","protected":false},"excerpt":{"rendered":"<p>Soothing cream for problem skin SKIN1004 Madagascar Centella Tea-Trica B5 Cream relieves irritation and redness, strengthens the lipid barrier and improves the skin&#039;s protective functions. Normalizes the work of the sebaceous glands and reduces oiliness. Softens rough areas, prevents dryness and flaking. Exosomes from Asian centella (Centella asiatica) promote deeper absorption of active ingredients and more effective action. The cream has a light gel texture, is quickly absorbed and does not leave\u2026<\/p>","protected":false},"featured_media":17258,"comment_status":"open","ping_status":"closed","template":"","meta":{"_uf_show_specific_survey":0,"_uf_disable_surveys":false,"_bst_post_transparent":"default","_bst_post_title":"","_bst_post_layout":"default","_bst_post_sidebar_id":"","_bst_post_content_style":"default","_bst_post_vertical_padding":"default","_bst_post_feature":"","_bst_post_feature_position":"","_bst_post_header":false,"_bst_post_footer":false},"pwb-brand":[186],"product_brand":[],"product_cat":[92,96],"product_tag":[568,671,1046],"class_list":{"0":"post-17257","1":"product","2":"type-product","3":"status-publish","4":"has-post-thumbnail","6":"pwb-brand-skin1004","7":"product_cat-nagu","8":"product_cat-naokreemid","9":"product_tag-korea","10":"product_tag-oil","11":"product_tag-rasune","13":"first","14":"instock","15":"sale","16":"shipping-taxable","17":"purchasable","18":"product-type-simple","19":"entry","20":"content-bg","21":"loop-entry"},"supplier_id":null,"supplier_sku":"","barcode":null,"atum_controlled":true,"out_stock_date":null,"out_stock_threshold":null,"inheritable":false,"inbound_stock":0,"stock_on_hold":0,"sold_today":0,"sales_last_days":0,"out_stock_days":0,"lost_sales":0,"has_location":false,"update_date":"2026-04-14T00:05:05","atum_locations":[],"atum_stock_status":"instock","restock_status":false,"low_stock_amount":"","sales_update_date":"2026-04-14T00:05:05","calc_backorders":null,"yoast_head":"<!-- This site is optimized with the Yoast SEO plugin v27.2 - https:\/\/yoast.com\/product\/yoast-seo-wordpress\/ -->\n<title>SKIN1004 Madagascar Centella Tea-Trica B5 Cream, 75ml - IDA.KOREA<\/title>\n<meta name=\"description\" content=\"Rahustav kreem probleemsele nahale leevendab \u00e4rritust ja punetust, tugevdab lipiidbarj\u00e4\u00e4ri ning parandab naha kaitsefunktsioone. - Kiire tarne!\" \/>\n<meta name=\"robots\" content=\"index, follow, max-snippet:-1, max-image-preview:large, max-video-preview:-1\" \/>\n<link rel=\"canonical\" href=\"https:\/\/idakorea.ee\/en\/product\/skin1004-madagascar-centella-tea-trica-b5-cream-75ml\/\" \/>\n<meta property=\"og:locale\" content=\"en_US\" \/>\n<meta property=\"og:type\" content=\"article\" \/>\n<meta property=\"og:title\" content=\"SKIN1004 Madagascar Centella Tea-Trica B5 Cream, 75ml - IDA.KOREA\" \/>\n<meta property=\"og:description\" content=\"Rahustav kreem probleemsele nahale leevendab \u00e4rritust ja punetust, tugevdab lipiidbarj\u00e4\u00e4ri ning parandab naha kaitsefunktsioone. - Kiire tarne!\" \/>\n<meta property=\"og:url\" content=\"https:\/\/idakorea.ee\/en\/product\/skin1004-madagascar-centella-tea-trica-b5-cream-75ml\/\" \/>\n<meta property=\"og:site_name\" content=\"IDA.KOREA\" \/>\n<meta property=\"article:modified_time\" content=\"2026-03-20T08:19:18+00:00\" \/>\n<meta property=\"og:image\" content=\"https:\/\/idakorea.ee\/wp-content\/uploads\/2026\/01\/SKIN1004-Madagascar-Centella-Tea-Trica-B5-Cream-idakorea.jpg\" \/>\n\t<meta property=\"og:image:width\" content=\"1000\" \/>\n\t<meta property=\"og:image:height\" content=\"1000\" \/>\n\t<meta property=\"og:image:type\" content=\"image\/jpeg\" \/>\n<meta name=\"twitter:card\" content=\"summary_large_image\" \/>\n<meta name=\"twitter:label1\" content=\"Est. reading time\" \/>\n\t<meta name=\"twitter:data1\" content=\"2 minutes\" \/>\n<script type=\"application\/ld+json\" class=\"yoast-schema-graph\">{\"@context\":\"https:\/\/schema.org\",\"@graph\":[{\"@type\":\"WebPage\",\"@id\":\"https:\/\/idakorea.ee\/product\/skin1004-madagascar-centella-tea-trica-b5-cream-75ml\/\",\"url\":\"https:\/\/idakorea.ee\/product\/skin1004-madagascar-centella-tea-trica-b5-cream-75ml\/\",\"name\":\"SKIN1004 Madagascar Centella Tea-Trica B5 Cream, 75ml - IDA.KOREA\",\"isPartOf\":{\"@id\":\"https:\/\/idakorea.ee\/#website\"},\"primaryImageOfPage\":{\"@id\":\"https:\/\/idakorea.ee\/product\/skin1004-madagascar-centella-tea-trica-b5-cream-75ml\/#primaryimage\"},\"image\":{\"@id\":\"https:\/\/idakorea.ee\/product\/skin1004-madagascar-centella-tea-trica-b5-cream-75ml\/#primaryimage\"},\"thumbnailUrl\":\"https:\/\/idakorea.ee\/wp-content\/uploads\/2026\/01\/SKIN1004-Madagascar-Centella-Tea-Trica-B5-Cream-idakorea.jpg\",\"datePublished\":\"2026-01-15T11:39:32+00:00\",\"dateModified\":\"2026-03-20T08:19:18+00:00\",\"description\":\"Rahustav kreem probleemsele nahale leevendab \u00e4rritust ja punetust, tugevdab lipiidbarj\u00e4\u00e4ri ning parandab naha kaitsefunktsioone. - Kiire tarne!\",\"breadcrumb\":{\"@id\":\"https:\/\/idakorea.ee\/product\/skin1004-madagascar-centella-tea-trica-b5-cream-75ml\/#breadcrumb\"},\"inLanguage\":\"en-US\",\"potentialAction\":[{\"@type\":\"ReadAction\",\"target\":[\"https:\/\/idakorea.ee\/product\/skin1004-madagascar-centella-tea-trica-b5-cream-75ml\/\"]}]},{\"@type\":\"ImageObject\",\"inLanguage\":\"en-US\",\"@id\":\"https:\/\/idakorea.ee\/product\/skin1004-madagascar-centella-tea-trica-b5-cream-75ml\/#primaryimage\",\"url\":\"https:\/\/idakorea.ee\/wp-content\/uploads\/2026\/01\/SKIN1004-Madagascar-Centella-Tea-Trica-B5-Cream-idakorea.jpg\",\"contentUrl\":\"https:\/\/idakorea.ee\/wp-content\/uploads\/2026\/01\/SKIN1004-Madagascar-Centella-Tea-Trica-B5-Cream-idakorea.jpg\",\"width\":1000,\"height\":1000},{\"@type\":\"BreadcrumbList\",\"@id\":\"https:\/\/idakorea.ee\/product\/skin1004-madagascar-centella-tea-trica-b5-cream-75ml\/#breadcrumb\",\"itemListElement\":[{\"@type\":\"ListItem\",\"position\":1,\"name\":\"\u0413\u043b\u0430\u0432\u043d\u0430\u044f \u0441\u0442\u0440\u0430\u043d\u0438\u0446\u0430\",\"item\":\"https:\/\/idakorea.ee\/\"},{\"@type\":\"ListItem\",\"position\":2,\"name\":\"Shop\",\"item\":\"https:\/\/idakorea.ee\/shop-2\/\"},{\"@type\":\"ListItem\",\"position\":3,\"name\":\"Rahustav kreem probleemsele nahale SKIN1004 Madagascar Centella Tea-Trica B5 Cream, 75ml\"}]},{\"@type\":\"WebSite\",\"@id\":\"https:\/\/idakorea.ee\/#website\",\"url\":\"https:\/\/idakorea.ee\/\",\"name\":\"IDA.KOREA\",\"description\":\"Korea kosmeetika e-pood\",\"publisher\":{\"@id\":\"https:\/\/idakorea.ee\/#organization\"},\"alternateName\":\"Beauty Shop\",\"potentialAction\":[{\"@type\":\"SearchAction\",\"target\":{\"@type\":\"EntryPoint\",\"urlTemplate\":\"https:\/\/idakorea.ee\/?s={search_term_string}\"},\"query-input\":{\"@type\":\"PropertyValueSpecification\",\"valueRequired\":true,\"valueName\":\"search_term_string\"}}],\"inLanguage\":\"en-US\"},{\"@type\":\"Organization\",\"@id\":\"https:\/\/idakorea.ee\/#organization\",\"name\":\"IDA.KOREA\",\"url\":\"https:\/\/idakorea.ee\/\",\"logo\":{\"@type\":\"ImageObject\",\"inLanguage\":\"en-US\",\"@id\":\"https:\/\/idakorea.ee\/#\/schema\/logo\/image\/\",\"url\":\"https:\/\/idakorea.ee\/wp-content\/uploads\/2024\/05\/cropped-korea3.png\",\"contentUrl\":\"https:\/\/idakorea.ee\/wp-content\/uploads\/2024\/05\/cropped-korea3.png\",\"width\":688,\"height\":126,\"caption\":\"IDA.KOREA\"},\"image\":{\"@id\":\"https:\/\/idakorea.ee\/#\/schema\/logo\/image\/\"},\"sameAs\":[\"https:\/\/www.instagram.com\/ida.korea\/\"]}]}<\/script>\n<!-- \/ Yoast SEO plugin. -->","yoast_head_json":{"title":"SKIN1004 Madagascar Centella Tea-Trica B5 Cream, 75ml - IDA.KOREA","description":"Soothing cream for problem skin relieves irritation and redness, strengthens the lipid barrier and improves the skin&#039;s protective functions. - Fast delivery!","robots":{"index":"index","follow":"follow","max-snippet":"max-snippet:-1","max-image-preview":"max-image-preview:large","max-video-preview":"max-video-preview:-1"},"canonical":"https:\/\/idakorea.ee\/en\/product\/skin1004-madagascar-centella-tea-trica-b5-cream-75ml\/","og_locale":"en_US","og_type":"article","og_title":"SKIN1004 Madagascar Centella Tea-Trica B5 Cream, 75ml - IDA.KOREA","og_description":"Rahustav kreem probleemsele nahale leevendab \u00e4rritust ja punetust, tugevdab lipiidbarj\u00e4\u00e4ri ning parandab naha kaitsefunktsioone. - Kiire tarne!","og_url":"https:\/\/idakorea.ee\/en\/product\/skin1004-madagascar-centella-tea-trica-b5-cream-75ml\/","og_site_name":"IDA.KOREA","article_modified_time":"2026-03-20T08:19:18+00:00","og_image":[{"width":1000,"height":1000,"url":"https:\/\/idakorea.ee\/wp-content\/uploads\/2026\/01\/SKIN1004-Madagascar-Centella-Tea-Trica-B5-Cream-idakorea.jpg","type":"image\/jpeg"}],"twitter_card":"summary_large_image","twitter_misc":{"Est. reading time":"2 minutes"},"schema":{"@context":"https:\/\/schema.org","@graph":[{"@type":"WebPage","@id":"https:\/\/idakorea.ee\/product\/skin1004-madagascar-centella-tea-trica-b5-cream-75ml\/","url":"https:\/\/idakorea.ee\/product\/skin1004-madagascar-centella-tea-trica-b5-cream-75ml\/","name":"SKIN1004 Madagascar Centella Tea-Trica B5 Cream, 75ml - IDA.KOREA","isPartOf":{"@id":"https:\/\/idakorea.ee\/#website"},"primaryImageOfPage":{"@id":"https:\/\/idakorea.ee\/product\/skin1004-madagascar-centella-tea-trica-b5-cream-75ml\/#primaryimage"},"image":{"@id":"https:\/\/idakorea.ee\/product\/skin1004-madagascar-centella-tea-trica-b5-cream-75ml\/#primaryimage"},"thumbnailUrl":"https:\/\/idakorea.ee\/wp-content\/uploads\/2026\/01\/SKIN1004-Madagascar-Centella-Tea-Trica-B5-Cream-idakorea.jpg","datePublished":"2026-01-15T11:39:32+00:00","dateModified":"2026-03-20T08:19:18+00:00","description":"Soothing cream for problem skin relieves irritation and redness, strengthens the lipid barrier and improves the skin&#039;s protective functions. - Fast delivery!","breadcrumb":{"@id":"https:\/\/idakorea.ee\/product\/skin1004-madagascar-centella-tea-trica-b5-cream-75ml\/#breadcrumb"},"inLanguage":"en-US","potentialAction":[{"@type":"ReadAction","target":["https:\/\/idakorea.ee\/product\/skin1004-madagascar-centella-tea-trica-b5-cream-75ml\/"]}]},{"@type":"ImageObject","inLanguage":"en-US","@id":"https:\/\/idakorea.ee\/product\/skin1004-madagascar-centella-tea-trica-b5-cream-75ml\/#primaryimage","url":"https:\/\/idakorea.ee\/wp-content\/uploads\/2026\/01\/SKIN1004-Madagascar-Centella-Tea-Trica-B5-Cream-idakorea.jpg","contentUrl":"https:\/\/idakorea.ee\/wp-content\/uploads\/2026\/01\/SKIN1004-Madagascar-Centella-Tea-Trica-B5-Cream-idakorea.jpg","width":1000,"height":1000},{"@type":"BreadcrumbList","@id":"https:\/\/idakorea.ee\/product\/skin1004-madagascar-centella-tea-trica-b5-cream-75ml\/#breadcrumb","itemListElement":[{"@type":"ListItem","position":1,"name":"\u0413\u043b\u0430\u0432\u043d\u0430\u044f \u0441\u0442\u0440\u0430\u043d\u0438\u0446\u0430","item":"https:\/\/idakorea.ee\/"},{"@type":"ListItem","position":2,"name":"Shop","item":"https:\/\/idakorea.ee\/shop-2\/"},{"@type":"ListItem","position":3,"name":"Rahustav kreem probleemsele nahale SKIN1004 Madagascar Centella Tea-Trica B5 Cream, 75ml"}]},{"@type":"WebSite","@id":"https:\/\/idakorea.ee\/#website","url":"https:\/\/idakorea.ee\/","name":"IDA.KOREA","description":"Korean cosmetics e-shop","publisher":{"@id":"https:\/\/idakorea.ee\/#organization"},"alternateName":"Beauty Shop","potentialAction":[{"@type":"SearchAction","target":{"@type":"EntryPoint","urlTemplate":"https:\/\/idakorea.ee\/?s={search_term_string}"},"query-input":{"@type":"PropertyValueSpecification","valueRequired":true,"valueName":"search_term_string"}}],"inLanguage":"en-US"},{"@type":"Organization","@id":"https:\/\/idakorea.ee\/#organization","name":"IDA.KOREA","url":"https:\/\/idakorea.ee\/","logo":{"@type":"ImageObject","inLanguage":"en-US","@id":"https:\/\/idakorea.ee\/#\/schema\/logo\/image\/","url":"https:\/\/idakorea.ee\/wp-content\/uploads\/2024\/05\/cropped-korea3.png","contentUrl":"https:\/\/idakorea.ee\/wp-content\/uploads\/2024\/05\/cropped-korea3.png","width":688,"height":126,"caption":"IDA.KOREA"},"image":{"@id":"https:\/\/idakorea.ee\/#\/schema\/logo\/image\/"},"sameAs":["https:\/\/www.instagram.com\/ida.korea\/"]}]}},"jetpack_sharing_enabled":true,"brands":[{"id":186,"name":"SKIN1004","slug":"skin1004"}],"_links":{"self":[{"href":"https:\/\/idakorea.ee\/en\/wp-json\/wp\/v2\/product\/17257","targetHints":{"allow":["GET"]}}],"collection":[{"href":"https:\/\/idakorea.ee\/en\/wp-json\/wp\/v2\/product"}],"about":[{"href":"https:\/\/idakorea.ee\/en\/wp-json\/wp\/v2\/types\/product"}],"replies":[{"embeddable":true,"href":"https:\/\/idakorea.ee\/en\/wp-json\/wp\/v2\/comments?post=17257"}],"version-history":[{"count":2,"href":"https:\/\/idakorea.ee\/en\/wp-json\/wp\/v2\/product\/17257\/revisions"}],"predecessor-version":[{"id":17444,"href":"https:\/\/idakorea.ee\/en\/wp-json\/wp\/v2\/product\/17257\/revisions\/17444"}],"wp:featuredmedia":[{"embeddable":true,"href":"https:\/\/idakorea.ee\/en\/wp-json\/wp\/v2\/media\/17258"}],"wp:attachment":[{"href":"https:\/\/idakorea.ee\/en\/wp-json\/wp\/v2\/media?parent=17257"}],"wp:term":[{"taxonomy":"pwb-brand","embeddable":true,"href":"https:\/\/idakorea.ee\/en\/wp-json\/wp\/v2\/pwb-brand?post=17257"},{"taxonomy":"product_brand","embeddable":true,"href":"https:\/\/idakorea.ee\/en\/wp-json\/wp\/v2\/product_brand?post=17257"},{"taxonomy":"product_cat","embeddable":true,"href":"https:\/\/idakorea.ee\/en\/wp-json\/wp\/v2\/product_cat?post=17257"},{"taxonomy":"product_tag","embeddable":true,"href":"https:\/\/idakorea.ee\/en\/wp-json\/wp\/v2\/product_tag?post=17257"}],"curies":[{"name":"wp","href":"https:\/\/api.w.org\/{rel}","templated":true}]}}