{"id":17317,"date":"2026-01-19T19:34:59","date_gmt":"2026-01-19T17:34:59","guid":{"rendered":"https:\/\/idakorea.ee\/?post_type=product&#038;p=17317"},"modified":"2026-04-14T00:24:07","modified_gmt":"2026-04-13T22:24:07","slug":"marymay-vegan-collagen-red-ginseng-mask","status":"publish","type":"product","link":"https:\/\/idakorea.ee\/en\/product\/marymay-vegan-collagen-red-ginseng-mask\/","title":{"rendered":"Mary&amp;May Vegan Collagen Red Ginseng Mask"},"content":{"rendered":"<p data-start=\"48\" data-end=\"248\">This all-in-one hydrogel mask contains 6-year-old Korean red ginseng extract to energize skin, revitalize tired skin, and support antioxidant protection to strengthen skin&#039;s resilience.<\/p>\n<p data-start=\"250\" data-end=\"354\">Enriched with niacinamide, which helps even out skin tone and make skin brighter and more radiant.<\/p>\n<p data-start=\"356\" data-end=\"497\">Contains hyaluronic acid, which fills both the surface texture and deeper layers of the skin without leaving gaps, ensuring long-lasting hydration.<\/p>\n<p data-start=\"499\" data-end=\"646\">The hydrogel sheet technology adheres perfectly to every facial contour without shifting, allowing for the effective absorption of all active ingredients.<\/p>\n<p data-start=\"2471\" data-end=\"2489\"><strong>Usage:<\/strong><\/p>\n<p data-start=\"2493\" data-end=\"2544\">After cleansing, balance your skin with toner. Remove the hydrogel mask from the packaging, remove the protective film and place the mask on your face, aligning it around the eyes. Leave the mask on for 20-30 minutes and relax. Remove the mask and gently pat the remaining essence into your skin until fully absorbed.<\/p>","protected":false},"excerpt":{"rendered":"<p>This all-in-one hydrogel mask contains 6-year-old Korean red ginseng extract to energize skin, revitalize tired skin, and support antioxidant protection to strengthen skin&#039;s resilience. Enriched with niacinamide to help even out skin tone and make skin brighter and more radiant. Contains hyaluronic acid to fill in both the surface texture and deeper layers of the skin without leaving gaps, ensuring long-lasting hydration. Hydrogel sheet technology adheres\u2026<\/p>","protected":false},"featured_media":17318,"comment_status":"open","ping_status":"closed","template":"","meta":{"_uf_show_specific_survey":0,"_uf_disable_surveys":false,"_bst_post_transparent":"default","_bst_post_title":"","_bst_post_layout":"default","_bst_post_sidebar_id":"","_bst_post_content_style":"default","_bst_post_vertical_padding":"default","_bst_post_feature":"","_bst_post_feature_position":"","_bst_post_header":false,"_bst_post_footer":false},"pwb-brand":[1012],"product_brand":[],"product_cat":[92,98],"product_tag":[],"class_list":{"0":"post-17317","1":"product","2":"type-product","3":"status-publish","4":"has-post-thumbnail","6":"pwb-brand-marymay","7":"product_cat-nagu","8":"product_cat-naomaskid","10":"first","11":"instock","12":"sale","13":"shipping-taxable","14":"purchasable","15":"product-type-simple","16":"entry","17":"content-bg","18":"loop-entry"},"supplier_id":null,"supplier_sku":"","barcode":null,"atum_controlled":true,"out_stock_date":null,"out_stock_threshold":null,"inheritable":false,"inbound_stock":0,"stock_on_hold":0,"sold_today":0,"sales_last_days":1,"out_stock_days":0,"lost_sales":0,"has_location":false,"update_date":"2026-04-13T22:24:08","atum_locations":[],"atum_stock_status":"instock","restock_status":false,"low_stock_amount":"","sales_update_date":"2026-04-03T18:02:40","calc_backorders":null,"yoast_head":"<!-- This site is optimized with the Yoast SEO plugin v27.2 - https:\/\/yoast.com\/product\/yoast-seo-wordpress\/ -->\n<title>Mary&amp;May Vegan Collagen Red Ginseng Mask - IDA.KOREA<\/title>\n<meta name=\"description\" content=\"See k\u00f5ik-\u00fches h\u00fcdrogeelmask sisaldab 6-aastase Korea punase \u017een\u0161enni ekstrakti, mis annab nahale energiat ja elustab v\u00e4sinud nahka. Made in Korea\" \/>\n<meta name=\"robots\" content=\"index, follow, max-snippet:-1, max-image-preview:large, max-video-preview:-1\" \/>\n<link rel=\"canonical\" href=\"https:\/\/idakorea.ee\/en\/product\/marymay-vegan-collagen-red-ginseng-mask\/\" \/>\n<meta property=\"og:locale\" content=\"en_US\" \/>\n<meta property=\"og:type\" content=\"article\" \/>\n<meta property=\"og:title\" content=\"Mary&amp;May Vegan Collagen Red Ginseng Mask - IDA.KOREA\" \/>\n<meta property=\"og:description\" content=\"See k\u00f5ik-\u00fches h\u00fcdrogeelmask sisaldab 6-aastase Korea punase \u017een\u0161enni ekstrakti, mis annab nahale energiat ja elustab v\u00e4sinud nahka. Made in Korea\" \/>\n<meta property=\"og:url\" content=\"https:\/\/idakorea.ee\/en\/product\/marymay-vegan-collagen-red-ginseng-mask\/\" \/>\n<meta property=\"og:site_name\" content=\"IDA.KOREA\" \/>\n<meta property=\"article:modified_time\" content=\"2026-04-13T22:24:07+00:00\" \/>\n<meta property=\"og:image\" content=\"https:\/\/idakorea.ee\/wp-content\/uploads\/2026\/01\/MARY-MAY-Vegan-Collagen-Red-Ginseng-Mask-idakorea.webp\" \/>\n\t<meta property=\"og:image:width\" content=\"694\" \/>\n\t<meta property=\"og:image:height\" content=\"694\" \/>\n\t<meta property=\"og:image:type\" content=\"image\/webp\" \/>\n<meta name=\"twitter:card\" content=\"summary_large_image\" \/>\n<meta name=\"twitter:label1\" content=\"Est. reading time\" \/>\n\t<meta name=\"twitter:data1\" content=\"1 minute\" \/>\n<script type=\"application\/ld+json\" class=\"yoast-schema-graph\">{\"@context\":\"https:\/\/schema.org\",\"@graph\":[{\"@type\":\"WebPage\",\"@id\":\"https:\/\/idakorea.ee\/product\/marymay-vegan-collagen-red-ginseng-mask\/\",\"url\":\"https:\/\/idakorea.ee\/product\/marymay-vegan-collagen-red-ginseng-mask\/\",\"name\":\"Mary&May Vegan Collagen Red Ginseng Mask - IDA.KOREA\",\"isPartOf\":{\"@id\":\"https:\/\/idakorea.ee\/#website\"},\"primaryImageOfPage\":{\"@id\":\"https:\/\/idakorea.ee\/product\/marymay-vegan-collagen-red-ginseng-mask\/#primaryimage\"},\"image\":{\"@id\":\"https:\/\/idakorea.ee\/product\/marymay-vegan-collagen-red-ginseng-mask\/#primaryimage\"},\"thumbnailUrl\":\"https:\/\/idakorea.ee\/wp-content\/uploads\/2026\/01\/MARY-MAY-Vegan-Collagen-Red-Ginseng-Mask-idakorea.webp\",\"datePublished\":\"2026-01-19T17:34:59+00:00\",\"dateModified\":\"2026-04-13T22:24:07+00:00\",\"description\":\"See k\u00f5ik-\u00fches h\u00fcdrogeelmask sisaldab 6-aastase Korea punase \u017een\u0161enni ekstrakti, mis annab nahale energiat ja elustab v\u00e4sinud nahka. Made in Korea\",\"breadcrumb\":{\"@id\":\"https:\/\/idakorea.ee\/product\/marymay-vegan-collagen-red-ginseng-mask\/#breadcrumb\"},\"inLanguage\":\"en-US\",\"potentialAction\":[{\"@type\":\"ReadAction\",\"target\":[\"https:\/\/idakorea.ee\/product\/marymay-vegan-collagen-red-ginseng-mask\/\"]}]},{\"@type\":\"ImageObject\",\"inLanguage\":\"en-US\",\"@id\":\"https:\/\/idakorea.ee\/product\/marymay-vegan-collagen-red-ginseng-mask\/#primaryimage\",\"url\":\"https:\/\/idakorea.ee\/wp-content\/uploads\/2026\/01\/MARY-MAY-Vegan-Collagen-Red-Ginseng-Mask-idakorea.webp\",\"contentUrl\":\"https:\/\/idakorea.ee\/wp-content\/uploads\/2026\/01\/MARY-MAY-Vegan-Collagen-Red-Ginseng-Mask-idakorea.webp\",\"width\":694,\"height\":694},{\"@type\":\"BreadcrumbList\",\"@id\":\"https:\/\/idakorea.ee\/product\/marymay-vegan-collagen-red-ginseng-mask\/#breadcrumb\",\"itemListElement\":[{\"@type\":\"ListItem\",\"position\":1,\"name\":\"\u0413\u043b\u0430\u0432\u043d\u0430\u044f \u0441\u0442\u0440\u0430\u043d\u0438\u0446\u0430\",\"item\":\"https:\/\/idakorea.ee\/\"},{\"@type\":\"ListItem\",\"position\":2,\"name\":\"Shop\",\"item\":\"https:\/\/idakorea.ee\/shop-2\/\"},{\"@type\":\"ListItem\",\"position\":3,\"name\":\"H\u00fcdrogeelmask Mary&#038;May Vegan Collagen Red Ginseng Mask\"}]},{\"@type\":\"WebSite\",\"@id\":\"https:\/\/idakorea.ee\/#website\",\"url\":\"https:\/\/idakorea.ee\/\",\"name\":\"IDA.KOREA\",\"description\":\"Korea kosmeetika e-pood\",\"publisher\":{\"@id\":\"https:\/\/idakorea.ee\/#organization\"},\"alternateName\":\"Beauty Shop\",\"potentialAction\":[{\"@type\":\"SearchAction\",\"target\":{\"@type\":\"EntryPoint\",\"urlTemplate\":\"https:\/\/idakorea.ee\/?s={search_term_string}\"},\"query-input\":{\"@type\":\"PropertyValueSpecification\",\"valueRequired\":true,\"valueName\":\"search_term_string\"}}],\"inLanguage\":\"en-US\"},{\"@type\":\"Organization\",\"@id\":\"https:\/\/idakorea.ee\/#organization\",\"name\":\"IDA.KOREA\",\"url\":\"https:\/\/idakorea.ee\/\",\"logo\":{\"@type\":\"ImageObject\",\"inLanguage\":\"en-US\",\"@id\":\"https:\/\/idakorea.ee\/#\/schema\/logo\/image\/\",\"url\":\"https:\/\/idakorea.ee\/wp-content\/uploads\/2024\/05\/cropped-korea3.png\",\"contentUrl\":\"https:\/\/idakorea.ee\/wp-content\/uploads\/2024\/05\/cropped-korea3.png\",\"width\":688,\"height\":126,\"caption\":\"IDA.KOREA\"},\"image\":{\"@id\":\"https:\/\/idakorea.ee\/#\/schema\/logo\/image\/\"},\"sameAs\":[\"https:\/\/www.instagram.com\/ida.korea\/\"]}]}<\/script>\n<!-- \/ Yoast SEO plugin. -->","yoast_head_json":{"title":"Mary&amp;May Vegan Collagen Red Ginseng Mask - IDA.KOREA","description":"This all-in-one hydrogel mask contains 6-year-old Korean red ginseng extract to energize and revitalize tired skin. Made in Korea","robots":{"index":"index","follow":"follow","max-snippet":"max-snippet:-1","max-image-preview":"max-image-preview:large","max-video-preview":"max-video-preview:-1"},"canonical":"https:\/\/idakorea.ee\/en\/product\/marymay-vegan-collagen-red-ginseng-mask\/","og_locale":"en_US","og_type":"article","og_title":"Mary&May Vegan Collagen Red Ginseng Mask - IDA.KOREA","og_description":"See k\u00f5ik-\u00fches h\u00fcdrogeelmask sisaldab 6-aastase Korea punase \u017een\u0161enni ekstrakti, mis annab nahale energiat ja elustab v\u00e4sinud nahka. Made in Korea","og_url":"https:\/\/idakorea.ee\/en\/product\/marymay-vegan-collagen-red-ginseng-mask\/","og_site_name":"IDA.KOREA","article_modified_time":"2026-04-13T22:24:07+00:00","og_image":[{"width":694,"height":694,"url":"https:\/\/idakorea.ee\/wp-content\/uploads\/2026\/01\/MARY-MAY-Vegan-Collagen-Red-Ginseng-Mask-idakorea.webp","type":"image\/webp"}],"twitter_card":"summary_large_image","twitter_misc":{"Est. reading time":"1 minute"},"schema":{"@context":"https:\/\/schema.org","@graph":[{"@type":"WebPage","@id":"https:\/\/idakorea.ee\/product\/marymay-vegan-collagen-red-ginseng-mask\/","url":"https:\/\/idakorea.ee\/product\/marymay-vegan-collagen-red-ginseng-mask\/","name":"Mary&amp;May Vegan Collagen Red Ginseng Mask - IDA.KOREA","isPartOf":{"@id":"https:\/\/idakorea.ee\/#website"},"primaryImageOfPage":{"@id":"https:\/\/idakorea.ee\/product\/marymay-vegan-collagen-red-ginseng-mask\/#primaryimage"},"image":{"@id":"https:\/\/idakorea.ee\/product\/marymay-vegan-collagen-red-ginseng-mask\/#primaryimage"},"thumbnailUrl":"https:\/\/idakorea.ee\/wp-content\/uploads\/2026\/01\/MARY-MAY-Vegan-Collagen-Red-Ginseng-Mask-idakorea.webp","datePublished":"2026-01-19T17:34:59+00:00","dateModified":"2026-04-13T22:24:07+00:00","description":"This all-in-one hydrogel mask contains 6-year-old Korean red ginseng extract to energize and revitalize tired skin. Made in Korea","breadcrumb":{"@id":"https:\/\/idakorea.ee\/product\/marymay-vegan-collagen-red-ginseng-mask\/#breadcrumb"},"inLanguage":"en-US","potentialAction":[{"@type":"ReadAction","target":["https:\/\/idakorea.ee\/product\/marymay-vegan-collagen-red-ginseng-mask\/"]}]},{"@type":"ImageObject","inLanguage":"en-US","@id":"https:\/\/idakorea.ee\/product\/marymay-vegan-collagen-red-ginseng-mask\/#primaryimage","url":"https:\/\/idakorea.ee\/wp-content\/uploads\/2026\/01\/MARY-MAY-Vegan-Collagen-Red-Ginseng-Mask-idakorea.webp","contentUrl":"https:\/\/idakorea.ee\/wp-content\/uploads\/2026\/01\/MARY-MAY-Vegan-Collagen-Red-Ginseng-Mask-idakorea.webp","width":694,"height":694},{"@type":"BreadcrumbList","@id":"https:\/\/idakorea.ee\/product\/marymay-vegan-collagen-red-ginseng-mask\/#breadcrumb","itemListElement":[{"@type":"ListItem","position":1,"name":"\u0413\u043b\u0430\u0432\u043d\u0430\u044f \u0441\u0442\u0440\u0430\u043d\u0438\u0446\u0430","item":"https:\/\/idakorea.ee\/"},{"@type":"ListItem","position":2,"name":"Shop","item":"https:\/\/idakorea.ee\/shop-2\/"},{"@type":"ListItem","position":3,"name":"H\u00fcdrogeelmask Mary&#038;May Vegan Collagen Red Ginseng Mask"}]},{"@type":"WebSite","@id":"https:\/\/idakorea.ee\/#website","url":"https:\/\/idakorea.ee\/","name":"IDA.KOREA","description":"Korean cosmetics e-shop","publisher":{"@id":"https:\/\/idakorea.ee\/#organization"},"alternateName":"Beauty Shop","potentialAction":[{"@type":"SearchAction","target":{"@type":"EntryPoint","urlTemplate":"https:\/\/idakorea.ee\/?s={search_term_string}"},"query-input":{"@type":"PropertyValueSpecification","valueRequired":true,"valueName":"search_term_string"}}],"inLanguage":"en-US"},{"@type":"Organization","@id":"https:\/\/idakorea.ee\/#organization","name":"IDA.KOREA","url":"https:\/\/idakorea.ee\/","logo":{"@type":"ImageObject","inLanguage":"en-US","@id":"https:\/\/idakorea.ee\/#\/schema\/logo\/image\/","url":"https:\/\/idakorea.ee\/wp-content\/uploads\/2024\/05\/cropped-korea3.png","contentUrl":"https:\/\/idakorea.ee\/wp-content\/uploads\/2024\/05\/cropped-korea3.png","width":688,"height":126,"caption":"IDA.KOREA"},"image":{"@id":"https:\/\/idakorea.ee\/#\/schema\/logo\/image\/"},"sameAs":["https:\/\/www.instagram.com\/ida.korea\/"]}]}},"jetpack_sharing_enabled":true,"brands":[{"id":1012,"name":"MARY&amp;MAY","slug":"marymay"}],"_links":{"self":[{"href":"https:\/\/idakorea.ee\/en\/wp-json\/wp\/v2\/product\/17317","targetHints":{"allow":["GET"]}}],"collection":[{"href":"https:\/\/idakorea.ee\/en\/wp-json\/wp\/v2\/product"}],"about":[{"href":"https:\/\/idakorea.ee\/en\/wp-json\/wp\/v2\/types\/product"}],"replies":[{"embeddable":true,"href":"https:\/\/idakorea.ee\/en\/wp-json\/wp\/v2\/comments?post=17317"}],"version-history":[{"count":2,"href":"https:\/\/idakorea.ee\/en\/wp-json\/wp\/v2\/product\/17317\/revisions"}],"predecessor-version":[{"id":17443,"href":"https:\/\/idakorea.ee\/en\/wp-json\/wp\/v2\/product\/17317\/revisions\/17443"}],"wp:featuredmedia":[{"embeddable":true,"href":"https:\/\/idakorea.ee\/en\/wp-json\/wp\/v2\/media\/17318"}],"wp:attachment":[{"href":"https:\/\/idakorea.ee\/en\/wp-json\/wp\/v2\/media?parent=17317"}],"wp:term":[{"taxonomy":"pwb-brand","embeddable":true,"href":"https:\/\/idakorea.ee\/en\/wp-json\/wp\/v2\/pwb-brand?post=17317"},{"taxonomy":"product_brand","embeddable":true,"href":"https:\/\/idakorea.ee\/en\/wp-json\/wp\/v2\/product_brand?post=17317"},{"taxonomy":"product_cat","embeddable":true,"href":"https:\/\/idakorea.ee\/en\/wp-json\/wp\/v2\/product_cat?post=17317"},{"taxonomy":"product_tag","embeddable":true,"href":"https:\/\/idakorea.ee\/en\/wp-json\/wp\/v2\/product_tag?post=17317"}],"curies":[{"name":"wp","href":"https:\/\/api.w.org\/{rel}","templated":true}]}}