{"id":17335,"date":"2026-01-21T09:37:03","date_gmt":"2026-01-21T07:37:03","guid":{"rendered":"https:\/\/idakorea.ee\/?post_type=product&#038;p=17335"},"modified":"2026-01-29T11:12:41","modified_gmt":"2026-01-29T09:12:41","slug":"manyo-bifida-biome-ampoule-toner-210ml","status":"publish","type":"product","link":"https:\/\/idakorea.ee\/en\/product\/manyo-bifida-biome-ampoule-toner-210ml\/","title":{"rendered":"Restorative tonic with bifidobacteria Manyo Bifida Biome Ampoule Toner, 210ml"},"content":{"rendered":"<p data-start=\"54\" data-end=\"313\"><strong data-start=\"54\" data-end=\"90\">Manyo Bifida Biome Ampoule Toner<\/strong> is a restorative tonic with bifidobacteria lysate that moisturizes and nourishes the skin, strengthens the lipid barrier and protective functions, and supports the balance of the skin microbiome. Helps get rid of dullness, relieves dryness and flaking.<\/p>\n<p data-start=\"315\" data-end=\"481\">The toner gently exfoliates, smoothes the skin&#039;s micro-relief and softens it. It stimulates collagen synthesis, improves skin elasticity and reduces wrinkles and expression lines.<\/p>\n<p data-start=\"483\" data-end=\"712\">The product contains bifidobacteria lysate (1,000 ppm), which strengthens the skin&#039;s natural defenses and lipid barrier, helps reduce inflammatory processes. Activates microcirculation and cell metabolism, and restores skin radiance.<\/p>\n<p data-start=\"714\" data-end=\"751\"><strong data-start=\"714\" data-end=\"751\">Additional active ingredients:<\/strong><\/p>\n<ul>\n<li data-start=\"753\" data-end=\"999\"><strong data-start=\"753\" data-end=\"808\">Aquaxyl (Xylitylglucoside, Anhydroxylitol, Xylitol)<\/strong> \u2013 a glucose and xylitol complex that moisturizes and restores the skin, prevents transepidermal water loss, eliminates dehydration, reduces flaking, and makes the skin smooth and soft.<\/li>\n<li data-start=\"1001\" data-end=\"1258\"><strong data-start=\"1001\" data-end=\"1051\">4 types of hyaluronic acid with different molecular weights:<\/strong> High molecular weight hyaluronic acid restores the skin&#039;s protective barrier, accelerates regeneration and reduces flaking. Low molecular weight hyaluronic acid penetrates deeper, helping to retain moisture at the cellular level.<\/li>\n<li data-start=\"1260\" data-end=\"1360\"><strong data-start=\"1260\" data-end=\"1284\">PHA (lactobionic acid)<\/strong> Gently exfoliates, evens out skin texture and helps lighten pigment spots.<\/li>\n<li data-start=\"1362\" data-end=\"1487\"><strong data-start=\"1362\" data-end=\"1391\">White willow bark extract<\/strong> Gently exfoliates, smoothes the skin&#039;s surface, has antibacterial effects and helps reduce acne.<\/li>\n<li data-start=\"1489\" data-end=\"1637\"><strong>Hydrolysed glucosaminoglycans<\/strong> \u2013 components of the skin&#039;s natural protective barrier that help restore damage, reduce dryness and irritation.<\/li>\n<\/ul>\n<p data-start=\"1639\" data-end=\"1690\">Suitable for dry, normal and combination skin.<\/p>\n<p data-start=\"1692\" data-end=\"1967\"><strong data-start=\"1692\" data-end=\"1707\">Usage:<\/strong> Apply the toner to previously cleansed skin with your palms or a cotton pad. Then continue with your serum or cream. Can also be used as a topical mask: place a cotton pad soaked in the toner on the skin for 5-10 minutes, then remove and allow the residue to absorb.<\/p>","protected":false},"excerpt":{"rendered":"<p>Manyo Bifida Biome Ampoule Toner is a restorative tonic with bifidobacteria lysate that moisturizes and nourishes the skin, strengthens the lipid barrier and protective functions, and supports the balance of the skin microbiome. Helps get rid of dullness, relieves dryness and flaking. The tonic gently exfoliates, smoothes the skin&#039;s microrelief and softens. Stimulates collagen synthesis, improves skin elasticity, and reduces wrinkles and expression lines. The product contains bifidobacteria lysate\u2026<\/p>","protected":false},"featured_media":17337,"comment_status":"open","ping_status":"closed","template":"","meta":{"_uf_show_specific_survey":0,"_uf_disable_surveys":false,"_bst_post_transparent":"default","_bst_post_title":"","_bst_post_layout":"default","_bst_post_sidebar_id":"","_bst_post_content_style":"default","_bst_post_vertical_padding":"default","_bst_post_feature":"","_bst_post_feature_position":"","_bst_post_header":false,"_bst_post_footer":false},"pwb-brand":[448],"product_brand":[],"product_cat":[92,158],"product_tag":[568,216,450,855,1059],"class_list":{"0":"post-17335","1":"product","2":"type-product","3":"status-publish","4":"has-post-thumbnail","6":"pwb-brand-manyo","7":"product_cat-nagu","8":"product_cat-toonik","9":"product_tag-korea","10":"product_tag-kuiv-nahk","11":"product_tag-manyo","12":"product_tag-toner","13":"product_tag-tonik","15":"first","16":"instock","17":"shipping-taxable","18":"purchasable","19":"product-type-simple","20":"entry","21":"content-bg","22":"loop-entry"},"supplier_id":null,"supplier_sku":"","barcode":null,"atum_controlled":true,"out_stock_date":null,"out_stock_threshold":null,"inheritable":false,"inbound_stock":0,"stock_on_hold":0,"sold_today":0,"sales_last_days":0,"out_stock_days":0,"lost_sales":0,"has_location":false,"update_date":"2026-04-24T00:09:05","atum_locations":[],"atum_stock_status":"instock","restock_status":false,"low_stock_amount":"","sales_update_date":"2026-04-24T00:09:05","calc_backorders":null,"yoast_head":"<!-- This site is optimized with the Yoast SEO plugin v27.2 - https:\/\/yoast.com\/product\/yoast-seo-wordpress\/ -->\n<title>Manyo Bifida Biome Ampoule Toner, 210ml - IDA.KOREA<\/title>\n<meta name=\"description\" content=\"Taastav toonik bifidobakterite l\u00fcsaadiga, mis niisutab ja toidab nahka, tugevdab lipiidbarj\u00e4\u00e4ri ja kaitsefunktsioone ning toetab naha mikrobioomi tasakaalu.\" \/>\n<meta name=\"robots\" content=\"index, follow, max-snippet:-1, max-image-preview:large, max-video-preview:-1\" \/>\n<link rel=\"canonical\" href=\"https:\/\/idakorea.ee\/en\/product\/manyo-bifida-biome-ampoule-toner-210ml\/\" \/>\n<meta property=\"og:locale\" content=\"en_US\" \/>\n<meta property=\"og:type\" content=\"article\" \/>\n<meta property=\"og:title\" content=\"Manyo Bifida Biome Ampoule Toner, 210ml - IDA.KOREA\" \/>\n<meta property=\"og:description\" content=\"Taastav toonik bifidobakterite l\u00fcsaadiga, mis niisutab ja toidab nahka, tugevdab lipiidbarj\u00e4\u00e4ri ja kaitsefunktsioone ning toetab naha mikrobioomi tasakaalu.\" \/>\n<meta property=\"og:url\" content=\"https:\/\/idakorea.ee\/en\/product\/manyo-bifida-biome-ampoule-toner-210ml\/\" \/>\n<meta property=\"og:site_name\" content=\"IDA.KOREA\" \/>\n<meta property=\"article:modified_time\" content=\"2026-01-29T09:12:41+00:00\" \/>\n<meta property=\"og:image\" content=\"https:\/\/idakorea.ee\/wp-content\/uploads\/2026\/01\/Manyo-Bifida-Biome-Ampoule-Toner-idakorea.jpg\" \/>\n\t<meta property=\"og:image:width\" content=\"1000\" \/>\n\t<meta property=\"og:image:height\" content=\"1000\" \/>\n\t<meta property=\"og:image:type\" content=\"image\/jpeg\" \/>\n<meta name=\"twitter:card\" content=\"summary_large_image\" \/>\n<meta name=\"twitter:label1\" content=\"Est. reading time\" \/>\n\t<meta name=\"twitter:data1\" content=\"2 minutes\" \/>\n<script type=\"application\/ld+json\" class=\"yoast-schema-graph\">{\"@context\":\"https:\/\/schema.org\",\"@graph\":[{\"@type\":\"WebPage\",\"@id\":\"https:\/\/idakorea.ee\/product\/manyo-bifida-biome-ampoule-toner-210ml\/\",\"url\":\"https:\/\/idakorea.ee\/product\/manyo-bifida-biome-ampoule-toner-210ml\/\",\"name\":\"Manyo Bifida Biome Ampoule Toner, 210ml - IDA.KOREA\",\"isPartOf\":{\"@id\":\"https:\/\/idakorea.ee\/#website\"},\"primaryImageOfPage\":{\"@id\":\"https:\/\/idakorea.ee\/product\/manyo-bifida-biome-ampoule-toner-210ml\/#primaryimage\"},\"image\":{\"@id\":\"https:\/\/idakorea.ee\/product\/manyo-bifida-biome-ampoule-toner-210ml\/#primaryimage\"},\"thumbnailUrl\":\"https:\/\/idakorea.ee\/wp-content\/uploads\/2026\/01\/Manyo-Bifida-Biome-Ampoule-Toner-idakorea.jpg\",\"datePublished\":\"2026-01-21T07:37:03+00:00\",\"dateModified\":\"2026-01-29T09:12:41+00:00\",\"description\":\"Taastav toonik bifidobakterite l\u00fcsaadiga, mis niisutab ja toidab nahka, tugevdab lipiidbarj\u00e4\u00e4ri ja kaitsefunktsioone ning toetab naha mikrobioomi tasakaalu.\",\"breadcrumb\":{\"@id\":\"https:\/\/idakorea.ee\/product\/manyo-bifida-biome-ampoule-toner-210ml\/#breadcrumb\"},\"inLanguage\":\"en-US\",\"potentialAction\":[{\"@type\":\"ReadAction\",\"target\":[\"https:\/\/idakorea.ee\/product\/manyo-bifida-biome-ampoule-toner-210ml\/\"]}]},{\"@type\":\"ImageObject\",\"inLanguage\":\"en-US\",\"@id\":\"https:\/\/idakorea.ee\/product\/manyo-bifida-biome-ampoule-toner-210ml\/#primaryimage\",\"url\":\"https:\/\/idakorea.ee\/wp-content\/uploads\/2026\/01\/Manyo-Bifida-Biome-Ampoule-Toner-idakorea.jpg\",\"contentUrl\":\"https:\/\/idakorea.ee\/wp-content\/uploads\/2026\/01\/Manyo-Bifida-Biome-Ampoule-Toner-idakorea.jpg\",\"width\":1000,\"height\":1000},{\"@type\":\"BreadcrumbList\",\"@id\":\"https:\/\/idakorea.ee\/product\/manyo-bifida-biome-ampoule-toner-210ml\/#breadcrumb\",\"itemListElement\":[{\"@type\":\"ListItem\",\"position\":1,\"name\":\"\u0413\u043b\u0430\u0432\u043d\u0430\u044f \u0441\u0442\u0440\u0430\u043d\u0438\u0446\u0430\",\"item\":\"https:\/\/idakorea.ee\/\"},{\"@type\":\"ListItem\",\"position\":2,\"name\":\"Shop\",\"item\":\"https:\/\/idakorea.ee\/shop-2\/\"},{\"@type\":\"ListItem\",\"position\":3,\"name\":\"Taastav toonik bifidobakteritega Manyo Bifida Biome Ampoule Toner, 210ml\"}]},{\"@type\":\"WebSite\",\"@id\":\"https:\/\/idakorea.ee\/#website\",\"url\":\"https:\/\/idakorea.ee\/\",\"name\":\"IDA.KOREA\",\"description\":\"Korea kosmeetika e-pood\",\"publisher\":{\"@id\":\"https:\/\/idakorea.ee\/#organization\"},\"alternateName\":\"Beauty Shop\",\"potentialAction\":[{\"@type\":\"SearchAction\",\"target\":{\"@type\":\"EntryPoint\",\"urlTemplate\":\"https:\/\/idakorea.ee\/?s={search_term_string}\"},\"query-input\":{\"@type\":\"PropertyValueSpecification\",\"valueRequired\":true,\"valueName\":\"search_term_string\"}}],\"inLanguage\":\"en-US\"},{\"@type\":\"Organization\",\"@id\":\"https:\/\/idakorea.ee\/#organization\",\"name\":\"IDA.KOREA\",\"url\":\"https:\/\/idakorea.ee\/\",\"logo\":{\"@type\":\"ImageObject\",\"inLanguage\":\"en-US\",\"@id\":\"https:\/\/idakorea.ee\/#\/schema\/logo\/image\/\",\"url\":\"https:\/\/idakorea.ee\/wp-content\/uploads\/2024\/05\/cropped-korea3.png\",\"contentUrl\":\"https:\/\/idakorea.ee\/wp-content\/uploads\/2024\/05\/cropped-korea3.png\",\"width\":688,\"height\":126,\"caption\":\"IDA.KOREA\"},\"image\":{\"@id\":\"https:\/\/idakorea.ee\/#\/schema\/logo\/image\/\"},\"sameAs\":[\"https:\/\/www.instagram.com\/ida.korea\/\"]}]}<\/script>\n<!-- \/ Yoast SEO plugin. -->","yoast_head_json":{"title":"Manyo Bifida Biome Ampoule Toner, 210ml - IDA.KOREA","description":"A restorative tonic with bifidobacteria lysate that moisturizes and nourishes the skin, strengthens the lipid barrier and protective functions, and supports the balance of the skin microbiome.","robots":{"index":"index","follow":"follow","max-snippet":"max-snippet:-1","max-image-preview":"max-image-preview:large","max-video-preview":"max-video-preview:-1"},"canonical":"https:\/\/idakorea.ee\/en\/product\/manyo-bifida-biome-ampoule-toner-210ml\/","og_locale":"en_US","og_type":"article","og_title":"Manyo Bifida Biome Ampoule Toner, 210ml - IDA.KOREA","og_description":"Taastav toonik bifidobakterite l\u00fcsaadiga, mis niisutab ja toidab nahka, tugevdab lipiidbarj\u00e4\u00e4ri ja kaitsefunktsioone ning toetab naha mikrobioomi tasakaalu.","og_url":"https:\/\/idakorea.ee\/en\/product\/manyo-bifida-biome-ampoule-toner-210ml\/","og_site_name":"IDA.KOREA","article_modified_time":"2026-01-29T09:12:41+00:00","og_image":[{"width":1000,"height":1000,"url":"https:\/\/idakorea.ee\/wp-content\/uploads\/2026\/01\/Manyo-Bifida-Biome-Ampoule-Toner-idakorea.jpg","type":"image\/jpeg"}],"twitter_card":"summary_large_image","twitter_misc":{"Est. reading time":"2 minutes"},"schema":{"@context":"https:\/\/schema.org","@graph":[{"@type":"WebPage","@id":"https:\/\/idakorea.ee\/product\/manyo-bifida-biome-ampoule-toner-210ml\/","url":"https:\/\/idakorea.ee\/product\/manyo-bifida-biome-ampoule-toner-210ml\/","name":"Manyo Bifida Biome Ampoule Toner, 210ml - IDA.KOREA","isPartOf":{"@id":"https:\/\/idakorea.ee\/#website"},"primaryImageOfPage":{"@id":"https:\/\/idakorea.ee\/product\/manyo-bifida-biome-ampoule-toner-210ml\/#primaryimage"},"image":{"@id":"https:\/\/idakorea.ee\/product\/manyo-bifida-biome-ampoule-toner-210ml\/#primaryimage"},"thumbnailUrl":"https:\/\/idakorea.ee\/wp-content\/uploads\/2026\/01\/Manyo-Bifida-Biome-Ampoule-Toner-idakorea.jpg","datePublished":"2026-01-21T07:37:03+00:00","dateModified":"2026-01-29T09:12:41+00:00","description":"A restorative tonic with bifidobacteria lysate that moisturizes and nourishes the skin, strengthens the lipid barrier and protective functions, and supports the balance of the skin microbiome.","breadcrumb":{"@id":"https:\/\/idakorea.ee\/product\/manyo-bifida-biome-ampoule-toner-210ml\/#breadcrumb"},"inLanguage":"en-US","potentialAction":[{"@type":"ReadAction","target":["https:\/\/idakorea.ee\/product\/manyo-bifida-biome-ampoule-toner-210ml\/"]}]},{"@type":"ImageObject","inLanguage":"en-US","@id":"https:\/\/idakorea.ee\/product\/manyo-bifida-biome-ampoule-toner-210ml\/#primaryimage","url":"https:\/\/idakorea.ee\/wp-content\/uploads\/2026\/01\/Manyo-Bifida-Biome-Ampoule-Toner-idakorea.jpg","contentUrl":"https:\/\/idakorea.ee\/wp-content\/uploads\/2026\/01\/Manyo-Bifida-Biome-Ampoule-Toner-idakorea.jpg","width":1000,"height":1000},{"@type":"BreadcrumbList","@id":"https:\/\/idakorea.ee\/product\/manyo-bifida-biome-ampoule-toner-210ml\/#breadcrumb","itemListElement":[{"@type":"ListItem","position":1,"name":"\u0413\u043b\u0430\u0432\u043d\u0430\u044f \u0441\u0442\u0440\u0430\u043d\u0438\u0446\u0430","item":"https:\/\/idakorea.ee\/"},{"@type":"ListItem","position":2,"name":"Shop","item":"https:\/\/idakorea.ee\/shop-2\/"},{"@type":"ListItem","position":3,"name":"Taastav toonik bifidobakteritega Manyo Bifida Biome Ampoule Toner, 210ml"}]},{"@type":"WebSite","@id":"https:\/\/idakorea.ee\/#website","url":"https:\/\/idakorea.ee\/","name":"IDA.KOREA","description":"Korean cosmetics e-shop","publisher":{"@id":"https:\/\/idakorea.ee\/#organization"},"alternateName":"Beauty Shop","potentialAction":[{"@type":"SearchAction","target":{"@type":"EntryPoint","urlTemplate":"https:\/\/idakorea.ee\/?s={search_term_string}"},"query-input":{"@type":"PropertyValueSpecification","valueRequired":true,"valueName":"search_term_string"}}],"inLanguage":"en-US"},{"@type":"Organization","@id":"https:\/\/idakorea.ee\/#organization","name":"IDA.KOREA","url":"https:\/\/idakorea.ee\/","logo":{"@type":"ImageObject","inLanguage":"en-US","@id":"https:\/\/idakorea.ee\/#\/schema\/logo\/image\/","url":"https:\/\/idakorea.ee\/wp-content\/uploads\/2024\/05\/cropped-korea3.png","contentUrl":"https:\/\/idakorea.ee\/wp-content\/uploads\/2024\/05\/cropped-korea3.png","width":688,"height":126,"caption":"IDA.KOREA"},"image":{"@id":"https:\/\/idakorea.ee\/#\/schema\/logo\/image\/"},"sameAs":["https:\/\/www.instagram.com\/ida.korea\/"]}]}},"jetpack_sharing_enabled":true,"brands":[{"id":448,"name":"MANYO","slug":"manyo"}],"_links":{"self":[{"href":"https:\/\/idakorea.ee\/en\/wp-json\/wp\/v2\/product\/17335","targetHints":{"allow":["GET"]}}],"collection":[{"href":"https:\/\/idakorea.ee\/en\/wp-json\/wp\/v2\/product"}],"about":[{"href":"https:\/\/idakorea.ee\/en\/wp-json\/wp\/v2\/types\/product"}],"replies":[{"embeddable":true,"href":"https:\/\/idakorea.ee\/en\/wp-json\/wp\/v2\/comments?post=17335"}],"version-history":[{"count":1,"href":"https:\/\/idakorea.ee\/en\/wp-json\/wp\/v2\/product\/17335\/revisions"}],"predecessor-version":[{"id":17338,"href":"https:\/\/idakorea.ee\/en\/wp-json\/wp\/v2\/product\/17335\/revisions\/17338"}],"wp:featuredmedia":[{"embeddable":true,"href":"https:\/\/idakorea.ee\/en\/wp-json\/wp\/v2\/media\/17337"}],"wp:attachment":[{"href":"https:\/\/idakorea.ee\/en\/wp-json\/wp\/v2\/media?parent=17335"}],"wp:term":[{"taxonomy":"pwb-brand","embeddable":true,"href":"https:\/\/idakorea.ee\/en\/wp-json\/wp\/v2\/pwb-brand?post=17335"},{"taxonomy":"product_brand","embeddable":true,"href":"https:\/\/idakorea.ee\/en\/wp-json\/wp\/v2\/product_brand?post=17335"},{"taxonomy":"product_cat","embeddable":true,"href":"https:\/\/idakorea.ee\/en\/wp-json\/wp\/v2\/product_cat?post=17335"},{"taxonomy":"product_tag","embeddable":true,"href":"https:\/\/idakorea.ee\/en\/wp-json\/wp\/v2\/product_tag?post=17335"}],"curies":[{"name":"wp","href":"https:\/\/api.w.org\/{rel}","templated":true}]}}