{"id":17339,"date":"2026-01-21T09:50:14","date_gmt":"2026-01-21T07:50:14","guid":{"rendered":"https:\/\/idakorea.ee\/?post_type=product&#038;p=17339"},"modified":"2026-02-20T08:54:49","modified_gmt":"2026-02-20T06:54:49","slug":"manyo-bifida-biome-complex-ampoule-30ml","status":"publish","type":"product","link":"https:\/\/idakorea.ee\/en\/product\/manyo-bifida-biome-complex-ampoule-30ml\/","title":{"rendered":"Restorative ampoule with bifidobacteria Manyo Bifida Biome Complex Ampoule, 30ml"},"content":{"rendered":"<p data-start=\"54\" data-end=\"259\"><strong data-start=\"54\" data-end=\"92\">Manyo Bifida Biome Complex Ampoule<\/strong> is a restorative ampoule with bifidobacteria lysate that accelerates epidermal cell renewal, supports the balance of the skin microbiome, evens out skin tone, and restores natural radiance.<\/p>\n<p data-start=\"261\" data-end=\"414\">Improves skin elasticity and tone, helps prevent sagging (ptosis), reduces the visibility of wrinkles and skin folds, and slows down skin aging processes.<\/p>\n<p data-start=\"416\" data-end=\"676\">The main component of the product is bifidobacteria lysate (70,53%), which normalizes the hydrolipidic balance, reduces inflammatory processes and strengthens the local immunity of the skin. Activates microcirculation and cell metabolism and helps to even out skin tone.<\/p>\n<p data-start=\"678\" data-end=\"715\"><strong data-start=\"678\" data-end=\"715\">Additional active ingredients:<\/strong><\/p>\n<ul>\n<li data-start=\"717\" data-end=\"871\"><strong data-start=\"717\" data-end=\"754\">Argireline (Acetyl Hexapeptide-8)<\/strong> \u2013 a peptide with a botox-like effect that helps relax facial muscles, preventing the formation of expression lines and skin folds.<\/li>\n<li data-start=\"873\" data-end=\"1089\"><strong data-start=\"873\" data-end=\"914\">Copper Tripeptide-1<\/strong> \u2013 stimulates collagen and elastin synthesis, improves skin elasticity, has a strengthening, anti-inflammatory and antioxidant effect, and helps reduce the visibility of wrinkles.<\/li>\n<li data-start=\"1091\" data-end=\"1372\"><strong data-start=\"1091\" data-end=\"1141\">8 types of hyaluronic acid with different molecular weights:<\/strong> High molecular weight hyaluronic acid restores the skin&#039;s protective barrier, accelerates healing processes and reduces flaking. Low molecular weight hyaluronic acid penetrates deeper layers and helps retain moisture at the cellular level.<\/li>\n<li data-start=\"1374\" data-end=\"1522\"><strong data-start=\"1374\" data-end=\"1387\">Adenos<\/strong> stimulates collagen production, reduces the depth of wrinkles, helps prevent their formation, and supports the youthfulness and elasticity of the skin.<\/li>\n<li data-start=\"1524\" data-end=\"1753\"><strong data-start=\"1524\" data-end=\"1559\">EGCG (Epigallocatechin Gallate)<\/strong> \u2013 a polyphenol derived from green tea leaves that has a strong antioxidant effect. Protects the skin from free radicals and reduces inflammatory processes, helping to maintain youthful skin.<\/li>\n<\/ul>\n<p data-start=\"1755\" data-end=\"1806\">Suitable for dry, normal and combination skin.<\/p>\n<p data-start=\"1808\" data-end=\"1952\"><strong data-start=\"1808\" data-end=\"1823\">Usage:<\/strong> After cleansing and toning, apply the ampoule to your face and spread evenly. Finish the treatment with cream.<\/p>","protected":false},"excerpt":{"rendered":"<p>Manyo Bifida Biome Complex Ampoule is a regenerating ampoule with bifidobacteria lysate, which accelerates epidermal cell renewal, supports the balance of the skin microbiome, evens out skin tone and restores natural radiance. Improves skin elasticity and tone, helps prevent sagging (ptosis), reduces the appearance of wrinkles and skin folds and slows down skin aging processes. The main component of the product is bifidobacteria lysate (70,53%), which normalizes hydrolipidic balance, reduces inflammatory processes\u2026<\/p>","protected":false},"featured_media":17340,"comment_status":"open","ping_status":"closed","template":"","meta":{"_uf_show_specific_survey":0,"_uf_disable_surveys":false,"_bst_post_transparent":"default","_bst_post_title":"","_bst_post_layout":"default","_bst_post_sidebar_id":"","_bst_post_content_style":"default","_bst_post_vertical_padding":"default","_bst_post_feature":"","_bst_post_feature_position":"","_bst_post_header":false,"_bst_post_footer":false},"pwb-brand":[448],"product_brand":[],"product_cat":[92,97],"product_tag":[],"class_list":{"0":"post-17339","1":"product","2":"type-product","3":"status-publish","4":"has-post-thumbnail","6":"pwb-brand-manyo","7":"product_cat-nagu","8":"product_cat-naoseerumid-ja-olid","10":"first","11":"instock","12":"sale","13":"shipping-taxable","14":"purchasable","15":"product-type-simple","16":"entry","17":"content-bg","18":"loop-entry"},"supplier_id":null,"supplier_sku":"","barcode":null,"atum_controlled":true,"out_stock_date":null,"out_stock_threshold":null,"inheritable":false,"inbound_stock":0,"stock_on_hold":0,"sold_today":0,"sales_last_days":0,"out_stock_days":0,"lost_sales":0,"has_location":false,"update_date":"2026-04-14T00:05:05","atum_locations":[],"atum_stock_status":"instock","restock_status":false,"low_stock_amount":"","sales_update_date":"2026-04-14T00:05:05","calc_backorders":null,"yoast_head":"<!-- This site is optimized with the Yoast SEO plugin v27.2 - https:\/\/yoast.com\/product\/yoast-seo-wordpress\/ -->\n<title>Manyo Bifida Biome Complex Ampoule, 30ml - IDA.KOREA<\/title>\n<meta name=\"description\" content=\"Taastav ampull bifidobakterite l\u00fcsaadiga, mis toetab naha mikrobioomi tasakaalu, \u00fchtlustab nahatooni ja taastab loomuliku s\u00e4ra. Kiire tarne!\" \/>\n<meta name=\"robots\" content=\"index, follow, max-snippet:-1, max-image-preview:large, max-video-preview:-1\" \/>\n<link rel=\"canonical\" href=\"https:\/\/idakorea.ee\/en\/product\/manyo-bifida-biome-complex-ampoule-30ml\/\" \/>\n<meta property=\"og:locale\" content=\"en_US\" \/>\n<meta property=\"og:type\" content=\"article\" \/>\n<meta property=\"og:title\" content=\"Manyo Bifida Biome Complex Ampoule, 30ml - IDA.KOREA\" \/>\n<meta property=\"og:description\" content=\"Taastav ampull bifidobakterite l\u00fcsaadiga, mis toetab naha mikrobioomi tasakaalu, \u00fchtlustab nahatooni ja taastab loomuliku s\u00e4ra. Kiire tarne!\" \/>\n<meta property=\"og:url\" content=\"https:\/\/idakorea.ee\/en\/product\/manyo-bifida-biome-complex-ampoule-30ml\/\" \/>\n<meta property=\"og:site_name\" content=\"IDA.KOREA\" \/>\n<meta property=\"article:modified_time\" content=\"2026-02-20T06:54:49+00:00\" \/>\n<meta property=\"og:image\" content=\"https:\/\/idakorea.ee\/wp-content\/uploads\/2026\/01\/Manyo-Bifida-Biome-Complex-Ampoule_30ml-idakorea.jpg\" \/>\n\t<meta property=\"og:image:width\" content=\"1000\" \/>\n\t<meta property=\"og:image:height\" content=\"1000\" \/>\n\t<meta property=\"og:image:type\" content=\"image\/jpeg\" \/>\n<meta name=\"twitter:card\" content=\"summary_large_image\" \/>\n<meta name=\"twitter:label1\" content=\"Est. reading time\" \/>\n\t<meta name=\"twitter:data1\" content=\"2 minutes\" \/>\n<script type=\"application\/ld+json\" class=\"yoast-schema-graph\">{\"@context\":\"https:\/\/schema.org\",\"@graph\":[{\"@type\":\"WebPage\",\"@id\":\"https:\/\/idakorea.ee\/product\/manyo-bifida-biome-complex-ampoule-30ml\/\",\"url\":\"https:\/\/idakorea.ee\/product\/manyo-bifida-biome-complex-ampoule-30ml\/\",\"name\":\"Manyo Bifida Biome Complex Ampoule, 30ml - IDA.KOREA\",\"isPartOf\":{\"@id\":\"https:\/\/idakorea.ee\/#website\"},\"primaryImageOfPage\":{\"@id\":\"https:\/\/idakorea.ee\/product\/manyo-bifida-biome-complex-ampoule-30ml\/#primaryimage\"},\"image\":{\"@id\":\"https:\/\/idakorea.ee\/product\/manyo-bifida-biome-complex-ampoule-30ml\/#primaryimage\"},\"thumbnailUrl\":\"https:\/\/idakorea.ee\/wp-content\/uploads\/2026\/01\/Manyo-Bifida-Biome-Complex-Ampoule_30ml-idakorea.jpg\",\"datePublished\":\"2026-01-21T07:50:14+00:00\",\"dateModified\":\"2026-02-20T06:54:49+00:00\",\"description\":\"Taastav ampull bifidobakterite l\u00fcsaadiga, mis toetab naha mikrobioomi tasakaalu, \u00fchtlustab nahatooni ja taastab loomuliku s\u00e4ra. Kiire tarne!\",\"breadcrumb\":{\"@id\":\"https:\/\/idakorea.ee\/product\/manyo-bifida-biome-complex-ampoule-30ml\/#breadcrumb\"},\"inLanguage\":\"en-US\",\"potentialAction\":[{\"@type\":\"ReadAction\",\"target\":[\"https:\/\/idakorea.ee\/product\/manyo-bifida-biome-complex-ampoule-30ml\/\"]}]},{\"@type\":\"ImageObject\",\"inLanguage\":\"en-US\",\"@id\":\"https:\/\/idakorea.ee\/product\/manyo-bifida-biome-complex-ampoule-30ml\/#primaryimage\",\"url\":\"https:\/\/idakorea.ee\/wp-content\/uploads\/2026\/01\/Manyo-Bifida-Biome-Complex-Ampoule_30ml-idakorea.jpg\",\"contentUrl\":\"https:\/\/idakorea.ee\/wp-content\/uploads\/2026\/01\/Manyo-Bifida-Biome-Complex-Ampoule_30ml-idakorea.jpg\",\"width\":1000,\"height\":1000},{\"@type\":\"BreadcrumbList\",\"@id\":\"https:\/\/idakorea.ee\/product\/manyo-bifida-biome-complex-ampoule-30ml\/#breadcrumb\",\"itemListElement\":[{\"@type\":\"ListItem\",\"position\":1,\"name\":\"\u0413\u043b\u0430\u0432\u043d\u0430\u044f \u0441\u0442\u0440\u0430\u043d\u0438\u0446\u0430\",\"item\":\"https:\/\/idakorea.ee\/\"},{\"@type\":\"ListItem\",\"position\":2,\"name\":\"Shop\",\"item\":\"https:\/\/idakorea.ee\/shop-2\/\"},{\"@type\":\"ListItem\",\"position\":3,\"name\":\"Taastav ampull bifidobakterite Manyo Bifida Biome Complex Ampoule, 30ml\"}]},{\"@type\":\"WebSite\",\"@id\":\"https:\/\/idakorea.ee\/#website\",\"url\":\"https:\/\/idakorea.ee\/\",\"name\":\"IDA.KOREA\",\"description\":\"Korea kosmeetika e-pood\",\"publisher\":{\"@id\":\"https:\/\/idakorea.ee\/#organization\"},\"alternateName\":\"Beauty Shop\",\"potentialAction\":[{\"@type\":\"SearchAction\",\"target\":{\"@type\":\"EntryPoint\",\"urlTemplate\":\"https:\/\/idakorea.ee\/?s={search_term_string}\"},\"query-input\":{\"@type\":\"PropertyValueSpecification\",\"valueRequired\":true,\"valueName\":\"search_term_string\"}}],\"inLanguage\":\"en-US\"},{\"@type\":\"Organization\",\"@id\":\"https:\/\/idakorea.ee\/#organization\",\"name\":\"IDA.KOREA\",\"url\":\"https:\/\/idakorea.ee\/\",\"logo\":{\"@type\":\"ImageObject\",\"inLanguage\":\"en-US\",\"@id\":\"https:\/\/idakorea.ee\/#\/schema\/logo\/image\/\",\"url\":\"https:\/\/idakorea.ee\/wp-content\/uploads\/2024\/05\/cropped-korea3.png\",\"contentUrl\":\"https:\/\/idakorea.ee\/wp-content\/uploads\/2024\/05\/cropped-korea3.png\",\"width\":688,\"height\":126,\"caption\":\"IDA.KOREA\"},\"image\":{\"@id\":\"https:\/\/idakorea.ee\/#\/schema\/logo\/image\/\"},\"sameAs\":[\"https:\/\/www.instagram.com\/ida.korea\/\"]}]}<\/script>\n<!-- \/ Yoast SEO plugin. -->","yoast_head_json":{"title":"Manyo Bifida Biome Complex Ampoule, 30ml - IDA.KOREA","description":"Restorative ampoule with bifidobacteria lysate that supports the balance of the skin&#039;s microbiome, evens out skin tone and restores natural radiance. Fast delivery!","robots":{"index":"index","follow":"follow","max-snippet":"max-snippet:-1","max-image-preview":"max-image-preview:large","max-video-preview":"max-video-preview:-1"},"canonical":"https:\/\/idakorea.ee\/en\/product\/manyo-bifida-biome-complex-ampoule-30ml\/","og_locale":"en_US","og_type":"article","og_title":"Manyo Bifida Biome Complex Ampoule, 30ml - IDA.KOREA","og_description":"Taastav ampull bifidobakterite l\u00fcsaadiga, mis toetab naha mikrobioomi tasakaalu, \u00fchtlustab nahatooni ja taastab loomuliku s\u00e4ra. Kiire tarne!","og_url":"https:\/\/idakorea.ee\/en\/product\/manyo-bifida-biome-complex-ampoule-30ml\/","og_site_name":"IDA.KOREA","article_modified_time":"2026-02-20T06:54:49+00:00","og_image":[{"width":1000,"height":1000,"url":"https:\/\/idakorea.ee\/wp-content\/uploads\/2026\/01\/Manyo-Bifida-Biome-Complex-Ampoule_30ml-idakorea.jpg","type":"image\/jpeg"}],"twitter_card":"summary_large_image","twitter_misc":{"Est. reading time":"2 minutes"},"schema":{"@context":"https:\/\/schema.org","@graph":[{"@type":"WebPage","@id":"https:\/\/idakorea.ee\/product\/manyo-bifida-biome-complex-ampoule-30ml\/","url":"https:\/\/idakorea.ee\/product\/manyo-bifida-biome-complex-ampoule-30ml\/","name":"Manyo Bifida Biome Complex Ampoule, 30ml - IDA.KOREA","isPartOf":{"@id":"https:\/\/idakorea.ee\/#website"},"primaryImageOfPage":{"@id":"https:\/\/idakorea.ee\/product\/manyo-bifida-biome-complex-ampoule-30ml\/#primaryimage"},"image":{"@id":"https:\/\/idakorea.ee\/product\/manyo-bifida-biome-complex-ampoule-30ml\/#primaryimage"},"thumbnailUrl":"https:\/\/idakorea.ee\/wp-content\/uploads\/2026\/01\/Manyo-Bifida-Biome-Complex-Ampoule_30ml-idakorea.jpg","datePublished":"2026-01-21T07:50:14+00:00","dateModified":"2026-02-20T06:54:49+00:00","description":"Restorative ampoule with bifidobacteria lysate that supports the balance of the skin&#039;s microbiome, evens out skin tone and restores natural radiance. Fast delivery!","breadcrumb":{"@id":"https:\/\/idakorea.ee\/product\/manyo-bifida-biome-complex-ampoule-30ml\/#breadcrumb"},"inLanguage":"en-US","potentialAction":[{"@type":"ReadAction","target":["https:\/\/idakorea.ee\/product\/manyo-bifida-biome-complex-ampoule-30ml\/"]}]},{"@type":"ImageObject","inLanguage":"en-US","@id":"https:\/\/idakorea.ee\/product\/manyo-bifida-biome-complex-ampoule-30ml\/#primaryimage","url":"https:\/\/idakorea.ee\/wp-content\/uploads\/2026\/01\/Manyo-Bifida-Biome-Complex-Ampoule_30ml-idakorea.jpg","contentUrl":"https:\/\/idakorea.ee\/wp-content\/uploads\/2026\/01\/Manyo-Bifida-Biome-Complex-Ampoule_30ml-idakorea.jpg","width":1000,"height":1000},{"@type":"BreadcrumbList","@id":"https:\/\/idakorea.ee\/product\/manyo-bifida-biome-complex-ampoule-30ml\/#breadcrumb","itemListElement":[{"@type":"ListItem","position":1,"name":"\u0413\u043b\u0430\u0432\u043d\u0430\u044f \u0441\u0442\u0440\u0430\u043d\u0438\u0446\u0430","item":"https:\/\/idakorea.ee\/"},{"@type":"ListItem","position":2,"name":"Shop","item":"https:\/\/idakorea.ee\/shop-2\/"},{"@type":"ListItem","position":3,"name":"Taastav ampull bifidobakterite Manyo Bifida Biome Complex Ampoule, 30ml"}]},{"@type":"WebSite","@id":"https:\/\/idakorea.ee\/#website","url":"https:\/\/idakorea.ee\/","name":"IDA.KOREA","description":"Korean cosmetics e-shop","publisher":{"@id":"https:\/\/idakorea.ee\/#organization"},"alternateName":"Beauty Shop","potentialAction":[{"@type":"SearchAction","target":{"@type":"EntryPoint","urlTemplate":"https:\/\/idakorea.ee\/?s={search_term_string}"},"query-input":{"@type":"PropertyValueSpecification","valueRequired":true,"valueName":"search_term_string"}}],"inLanguage":"en-US"},{"@type":"Organization","@id":"https:\/\/idakorea.ee\/#organization","name":"IDA.KOREA","url":"https:\/\/idakorea.ee\/","logo":{"@type":"ImageObject","inLanguage":"en-US","@id":"https:\/\/idakorea.ee\/#\/schema\/logo\/image\/","url":"https:\/\/idakorea.ee\/wp-content\/uploads\/2024\/05\/cropped-korea3.png","contentUrl":"https:\/\/idakorea.ee\/wp-content\/uploads\/2024\/05\/cropped-korea3.png","width":688,"height":126,"caption":"IDA.KOREA"},"image":{"@id":"https:\/\/idakorea.ee\/#\/schema\/logo\/image\/"},"sameAs":["https:\/\/www.instagram.com\/ida.korea\/"]}]}},"jetpack_sharing_enabled":true,"brands":[{"id":448,"name":"MANYO","slug":"manyo"}],"_links":{"self":[{"href":"https:\/\/idakorea.ee\/en\/wp-json\/wp\/v2\/product\/17339","targetHints":{"allow":["GET"]}}],"collection":[{"href":"https:\/\/idakorea.ee\/en\/wp-json\/wp\/v2\/product"}],"about":[{"href":"https:\/\/idakorea.ee\/en\/wp-json\/wp\/v2\/types\/product"}],"replies":[{"embeddable":true,"href":"https:\/\/idakorea.ee\/en\/wp-json\/wp\/v2\/comments?post=17339"}],"version-history":[{"count":1,"href":"https:\/\/idakorea.ee\/en\/wp-json\/wp\/v2\/product\/17339\/revisions"}],"predecessor-version":[{"id":17343,"href":"https:\/\/idakorea.ee\/en\/wp-json\/wp\/v2\/product\/17339\/revisions\/17343"}],"wp:featuredmedia":[{"embeddable":true,"href":"https:\/\/idakorea.ee\/en\/wp-json\/wp\/v2\/media\/17340"}],"wp:attachment":[{"href":"https:\/\/idakorea.ee\/en\/wp-json\/wp\/v2\/media?parent=17339"}],"wp:term":[{"taxonomy":"pwb-brand","embeddable":true,"href":"https:\/\/idakorea.ee\/en\/wp-json\/wp\/v2\/pwb-brand?post=17339"},{"taxonomy":"product_brand","embeddable":true,"href":"https:\/\/idakorea.ee\/en\/wp-json\/wp\/v2\/product_brand?post=17339"},{"taxonomy":"product_cat","embeddable":true,"href":"https:\/\/idakorea.ee\/en\/wp-json\/wp\/v2\/product_cat?post=17339"},{"taxonomy":"product_tag","embeddable":true,"href":"https:\/\/idakorea.ee\/en\/wp-json\/wp\/v2\/product_tag?post=17339"}],"curies":[{"name":"wp","href":"https:\/\/api.w.org\/{rel}","templated":true}]}}