{"id":17348,"date":"2026-01-21T14:48:01","date_gmt":"2026-01-21T12:48:01","guid":{"rendered":"https:\/\/idakorea.ee\/?post_type=product&#038;p=17348"},"modified":"2026-04-14T11:27:23","modified_gmt":"2026-04-14T09:27:23","slug":"valuvaigistav-plaaster-korean-ginseng-power-pad-20tk","status":"publish","type":"product","link":"https:\/\/idakorea.ee\/en\/product\/valuvaigistav-plaaster-korean-ginseng-power-pad-20tk\/","title":{"rendered":"Pain relief patch Korean Power Red Ginseng Pad, 20pcs"},"content":{"rendered":"<p><strong>Korean Ginseng Power Pad<\/strong> is a modern solution for those who suffer from muscle pain, shoulder tension, osteoarthritis and other unpleasant physical ailments. The patch is designed to relieve restless legs syndrome, sprains and muscle tension, and is also suitable for prophylactic use in the prevention of osteomyelitis, myalgia, joint pain and chronic numbness of the extremities.<\/p>\n<p>The special feature of the patch is its warming effect, which acts quickly and effectively on the problem area to relieve pain. The herbal composition, enriched with the healing properties of red ginseng, penetrates deep into the skin, helping to reduce waste products accumulated in the tissues and improve blood supply to the bones, joints and spine.<\/p>\n<p><strong>Indications for use:<\/strong><\/p>\n<ul>\n<li>Bruises and sprains<\/li>\n<li>Soft tissue swelling<\/li>\n<li>Periodic headaches and joint pain<\/li>\n<li>Arthritis \u2013 inflammatory processes in the joints and cartilage<\/li>\n<li>Osteoarthritis \u2013 degeneration and damage to cartilage tissue, which can lead to joint deformity<\/li>\n<li>Radiculitis \u2013 irritation of the nerve endings in the spinal cord, accompanied by severe pain, decreased muscle strength, and sensory disturbances<\/li>\n<\/ul>\n<p>Thanks to its high elasticity, the patch is ideal for moving body areas such as elbows and knees, ensuring comfortable wear throughout the day.<\/p>\n<p>Each pack contains 20 patches measuring 94 x 132 mm, providing enough for both a course and as-needed use. The convenient size and shape allow the patch to be easily applied to different areas of the body.<\/p>\n<p><strong>Usage:<\/strong><\/p>\n<ul>\n<li>Stick the patch directly to the problem area.<\/li>\n<li>Leave it on for several hours, preferably at least 12 hours.<\/li>\n<li>For maximum effect, wear the patch for 2-3 days.<\/li>\n<li>Take a 1-day break and repeat the procedure.<\/li>\n<li>The recommended course of use is 1 month.<\/li>\n<li>If necessary, the course can be repeated after 1.5\u20132 months.<\/li>\n<\/ul>\n<p>Kang Hwa Power Red Ginseng is a reliable aid in relieving pain and discomfort, helping to restore the joy of movement and an active lifestyle.<\/p>\n<p><strong>Contraindications:<\/strong><\/p>\n<p>Do not use on pregnant women or children. Discontinue use if itching or rash occurs. Do not use immediately before or after water procedures or sauna. People with sensitive skin should not use for more than 5\u20136 hours. Do not use in case of oncological diseases or purulent skin diseases.<\/p>\n<p><strong>Storage:<\/strong><\/p>\n<p>Store in a cool, dry place, protected from direct sunlight and in a closed container.<\/p>","protected":false},"excerpt":{"rendered":"<p>Korean Ginseng Power Pad is a modern solution for those who suffer from muscle pain, shoulder tension, osteoarthritis and other unpleasant physical ailments. The patch is designed to relieve restless legs syndrome, sprains and muscle tension, and is also suitable for prophylactic use in the prevention of osteomyelitis, myalgia, joint pain and chronic numbness of the limbs. The special feature of the patch lies in its warming effect, which acts on the problem area quickly and\u2026<\/p>","protected":false},"featured_media":17350,"comment_status":"open","ping_status":"closed","template":"","meta":{"_uf_show_specific_survey":0,"_uf_disable_surveys":false,"_bst_post_transparent":"default","_bst_post_title":"","_bst_post_layout":"default","_bst_post_sidebar_id":"","_bst_post_content_style":"default","_bst_post_vertical_padding":"default","_bst_post_feature":"","_bst_post_feature_position":"","_bst_post_header":false,"_bst_post_footer":false},"pwb-brand":[1052],"product_brand":[],"product_cat":[370],"product_tag":[1062,1061,1060],"class_list":{"0":"post-17348","1":"product","2":"type-product","3":"status-publish","4":"has-post-thumbnail","6":"pwb-brand-kang-hwa","7":"product_cat-toidulisandid","8":"product_tag-1062","9":"product_tag-1061","10":"product_tag-1060","12":"first","13":"instock","14":"sale","15":"shipping-taxable","16":"purchasable","17":"product-type-simple","18":"entry","19":"content-bg","20":"loop-entry"},"supplier_id":null,"supplier_sku":"","barcode":null,"atum_controlled":true,"out_stock_date":null,"out_stock_threshold":null,"inheritable":false,"inbound_stock":0,"stock_on_hold":0,"sold_today":0,"sales_last_days":8,"out_stock_days":0,"lost_sales":0,"has_location":false,"update_date":"2026-04-14T09:27:25","atum_locations":[],"atum_stock_status":"instock","restock_status":false,"low_stock_amount":"","sales_update_date":"2026-04-14T09:24:39","calc_backorders":null,"yoast_head":"<!-- This site is optimized with the Yoast SEO plugin v27.2 - https:\/\/yoast.com\/product\/yoast-seo-wordpress\/ -->\n<title>Valuvaigistav plaaster Korean Power Red Ginseng Pad, 20tk - IDA.KOREA<\/title>\n<meta name=\"robots\" content=\"index, follow, max-snippet:-1, max-image-preview:large, max-video-preview:-1\" \/>\n<link rel=\"canonical\" href=\"https:\/\/idakorea.ee\/en\/product\/valuvaigistav-plaaster-korean-ginseng-power-pad-20tk\/\" \/>\n<meta property=\"og:locale\" content=\"en_US\" \/>\n<meta property=\"og:type\" content=\"article\" \/>\n<meta property=\"og:title\" content=\"Valuvaigistav plaaster Korean Power Red Ginseng Pad, 20tk - IDA.KOREA\" \/>\n<meta property=\"og:description\" content=\"Korean Ginseng Power Pad on kaasaegne lahendus neile, kes kannatavad lihasvalude, \u00f5lav\u00f6\u00f6tme pinge, osteoartriidi ja muude ebameeldivate kehaliste vaevuste all. Plaaster on loodud rahutute jalgade s\u00fcndroomi, venituste ja lihaspinge leevendamiseks ning sobib ka prof\u00fclaktiliseks kasutamiseks osteom\u00fceliidi, m\u00fcalgia, liigesevalu ja j\u00e4semete kroonilise tuimuse ennetamisel. Plaastri erip\u00e4ra seisneb selle soojendavas toimes, mis m\u00f5jub probleemsele piirkonnale kiiresti ja...\" \/>\n<meta property=\"og:url\" content=\"https:\/\/idakorea.ee\/en\/product\/valuvaigistav-plaaster-korean-ginseng-power-pad-20tk\/\" \/>\n<meta property=\"og:site_name\" content=\"IDA.KOREA\" \/>\n<meta property=\"article:modified_time\" content=\"2026-04-14T09:27:23+00:00\" \/>\n<meta property=\"og:image\" content=\"https:\/\/idakorea.ee\/wp-content\/uploads\/2026\/01\/Power-red-Ginseng-idakorea.jpg\" \/>\n\t<meta property=\"og:image:width\" content=\"1202\" \/>\n\t<meta property=\"og:image:height\" content=\"1200\" \/>\n\t<meta property=\"og:image:type\" content=\"image\/jpeg\" \/>\n<meta name=\"twitter:card\" content=\"summary_large_image\" \/>\n<meta name=\"twitter:label1\" content=\"Est. reading time\" \/>\n\t<meta name=\"twitter:data1\" content=\"2 minutes\" \/>\n<script type=\"application\/ld+json\" class=\"yoast-schema-graph\">{\"@context\":\"https:\/\/schema.org\",\"@graph\":[{\"@type\":\"WebPage\",\"@id\":\"https:\/\/idakorea.ee\/product\/valuvaigistav-plaaster-korean-ginseng-power-pad-20tk\/\",\"url\":\"https:\/\/idakorea.ee\/product\/valuvaigistav-plaaster-korean-ginseng-power-pad-20tk\/\",\"name\":\"Valuvaigistav plaaster Korean Power Red Ginseng Pad, 20tk - IDA.KOREA\",\"isPartOf\":{\"@id\":\"https:\/\/idakorea.ee\/#website\"},\"primaryImageOfPage\":{\"@id\":\"https:\/\/idakorea.ee\/product\/valuvaigistav-plaaster-korean-ginseng-power-pad-20tk\/#primaryimage\"},\"image\":{\"@id\":\"https:\/\/idakorea.ee\/product\/valuvaigistav-plaaster-korean-ginseng-power-pad-20tk\/#primaryimage\"},\"thumbnailUrl\":\"https:\/\/idakorea.ee\/wp-content\/uploads\/2026\/01\/Power-red-Ginseng-idakorea.jpg\",\"datePublished\":\"2026-01-21T12:48:01+00:00\",\"dateModified\":\"2026-04-14T09:27:23+00:00\",\"breadcrumb\":{\"@id\":\"https:\/\/idakorea.ee\/product\/valuvaigistav-plaaster-korean-ginseng-power-pad-20tk\/#breadcrumb\"},\"inLanguage\":\"en-US\",\"potentialAction\":[{\"@type\":\"ReadAction\",\"target\":[\"https:\/\/idakorea.ee\/product\/valuvaigistav-plaaster-korean-ginseng-power-pad-20tk\/\"]}]},{\"@type\":\"ImageObject\",\"inLanguage\":\"en-US\",\"@id\":\"https:\/\/idakorea.ee\/product\/valuvaigistav-plaaster-korean-ginseng-power-pad-20tk\/#primaryimage\",\"url\":\"https:\/\/idakorea.ee\/wp-content\/uploads\/2026\/01\/Power-red-Ginseng-idakorea.jpg\",\"contentUrl\":\"https:\/\/idakorea.ee\/wp-content\/uploads\/2026\/01\/Power-red-Ginseng-idakorea.jpg\",\"width\":1202,\"height\":1200},{\"@type\":\"BreadcrumbList\",\"@id\":\"https:\/\/idakorea.ee\/product\/valuvaigistav-plaaster-korean-ginseng-power-pad-20tk\/#breadcrumb\",\"itemListElement\":[{\"@type\":\"ListItem\",\"position\":1,\"name\":\"\u0413\u043b\u0430\u0432\u043d\u0430\u044f \u0441\u0442\u0440\u0430\u043d\u0438\u0446\u0430\",\"item\":\"https:\/\/idakorea.ee\/\"},{\"@type\":\"ListItem\",\"position\":2,\"name\":\"Shop\",\"item\":\"https:\/\/idakorea.ee\/shop-2\/\"},{\"@type\":\"ListItem\",\"position\":3,\"name\":\"Valuvaigistav plaaster Korean Power Red Ginseng Pad, 20tk\"}]},{\"@type\":\"WebSite\",\"@id\":\"https:\/\/idakorea.ee\/#website\",\"url\":\"https:\/\/idakorea.ee\/\",\"name\":\"IDA.KOREA\",\"description\":\"Korea kosmeetika e-pood\",\"publisher\":{\"@id\":\"https:\/\/idakorea.ee\/#organization\"},\"alternateName\":\"Beauty Shop\",\"potentialAction\":[{\"@type\":\"SearchAction\",\"target\":{\"@type\":\"EntryPoint\",\"urlTemplate\":\"https:\/\/idakorea.ee\/?s={search_term_string}\"},\"query-input\":{\"@type\":\"PropertyValueSpecification\",\"valueRequired\":true,\"valueName\":\"search_term_string\"}}],\"inLanguage\":\"en-US\"},{\"@type\":\"Organization\",\"@id\":\"https:\/\/idakorea.ee\/#organization\",\"name\":\"IDA.KOREA\",\"url\":\"https:\/\/idakorea.ee\/\",\"logo\":{\"@type\":\"ImageObject\",\"inLanguage\":\"en-US\",\"@id\":\"https:\/\/idakorea.ee\/#\/schema\/logo\/image\/\",\"url\":\"https:\/\/idakorea.ee\/wp-content\/uploads\/2024\/05\/cropped-korea3.png\",\"contentUrl\":\"https:\/\/idakorea.ee\/wp-content\/uploads\/2024\/05\/cropped-korea3.png\",\"width\":688,\"height\":126,\"caption\":\"IDA.KOREA\"},\"image\":{\"@id\":\"https:\/\/idakorea.ee\/#\/schema\/logo\/image\/\"},\"sameAs\":[\"https:\/\/www.instagram.com\/ida.korea\/\"]}]}<\/script>\n<!-- \/ Yoast SEO plugin. -->","yoast_head_json":{"title":"Pain-relieving patch Korean Power Red Ginseng Pad, 20pcs - IDA.KOREA","robots":{"index":"index","follow":"follow","max-snippet":"max-snippet:-1","max-image-preview":"max-image-preview:large","max-video-preview":"max-video-preview:-1"},"canonical":"https:\/\/idakorea.ee\/en\/product\/valuvaigistav-plaaster-korean-ginseng-power-pad-20tk\/","og_locale":"en_US","og_type":"article","og_title":"Valuvaigistav plaaster Korean Power Red Ginseng Pad, 20tk - IDA.KOREA","og_description":"Korean Ginseng Power Pad on kaasaegne lahendus neile, kes kannatavad lihasvalude, \u00f5lav\u00f6\u00f6tme pinge, osteoartriidi ja muude ebameeldivate kehaliste vaevuste all. Plaaster on loodud rahutute jalgade s\u00fcndroomi, venituste ja lihaspinge leevendamiseks ning sobib ka prof\u00fclaktiliseks kasutamiseks osteom\u00fceliidi, m\u00fcalgia, liigesevalu ja j\u00e4semete kroonilise tuimuse ennetamisel. Plaastri erip\u00e4ra seisneb selle soojendavas toimes, mis m\u00f5jub probleemsele piirkonnale kiiresti ja...","og_url":"https:\/\/idakorea.ee\/en\/product\/valuvaigistav-plaaster-korean-ginseng-power-pad-20tk\/","og_site_name":"IDA.KOREA","article_modified_time":"2026-04-14T09:27:23+00:00","og_image":[{"width":1202,"height":1200,"url":"https:\/\/idakorea.ee\/wp-content\/uploads\/2026\/01\/Power-red-Ginseng-idakorea.jpg","type":"image\/jpeg"}],"twitter_card":"summary_large_image","twitter_misc":{"Est. reading time":"2 minutes"},"schema":{"@context":"https:\/\/schema.org","@graph":[{"@type":"WebPage","@id":"https:\/\/idakorea.ee\/product\/valuvaigistav-plaaster-korean-ginseng-power-pad-20tk\/","url":"https:\/\/idakorea.ee\/product\/valuvaigistav-plaaster-korean-ginseng-power-pad-20tk\/","name":"Pain-relieving patch Korean Power Red Ginseng Pad, 20pcs - IDA.KOREA","isPartOf":{"@id":"https:\/\/idakorea.ee\/#website"},"primaryImageOfPage":{"@id":"https:\/\/idakorea.ee\/product\/valuvaigistav-plaaster-korean-ginseng-power-pad-20tk\/#primaryimage"},"image":{"@id":"https:\/\/idakorea.ee\/product\/valuvaigistav-plaaster-korean-ginseng-power-pad-20tk\/#primaryimage"},"thumbnailUrl":"https:\/\/idakorea.ee\/wp-content\/uploads\/2026\/01\/Power-red-Ginseng-idakorea.jpg","datePublished":"2026-01-21T12:48:01+00:00","dateModified":"2026-04-14T09:27:23+00:00","breadcrumb":{"@id":"https:\/\/idakorea.ee\/product\/valuvaigistav-plaaster-korean-ginseng-power-pad-20tk\/#breadcrumb"},"inLanguage":"en-US","potentialAction":[{"@type":"ReadAction","target":["https:\/\/idakorea.ee\/product\/valuvaigistav-plaaster-korean-ginseng-power-pad-20tk\/"]}]},{"@type":"ImageObject","inLanguage":"en-US","@id":"https:\/\/idakorea.ee\/product\/valuvaigistav-plaaster-korean-ginseng-power-pad-20tk\/#primaryimage","url":"https:\/\/idakorea.ee\/wp-content\/uploads\/2026\/01\/Power-red-Ginseng-idakorea.jpg","contentUrl":"https:\/\/idakorea.ee\/wp-content\/uploads\/2026\/01\/Power-red-Ginseng-idakorea.jpg","width":1202,"height":1200},{"@type":"BreadcrumbList","@id":"https:\/\/idakorea.ee\/product\/valuvaigistav-plaaster-korean-ginseng-power-pad-20tk\/#breadcrumb","itemListElement":[{"@type":"ListItem","position":1,"name":"\u0413\u043b\u0430\u0432\u043d\u0430\u044f \u0441\u0442\u0440\u0430\u043d\u0438\u0446\u0430","item":"https:\/\/idakorea.ee\/"},{"@type":"ListItem","position":2,"name":"Shop","item":"https:\/\/idakorea.ee\/shop-2\/"},{"@type":"ListItem","position":3,"name":"Valuvaigistav plaaster Korean Power Red Ginseng Pad, 20tk"}]},{"@type":"WebSite","@id":"https:\/\/idakorea.ee\/#website","url":"https:\/\/idakorea.ee\/","name":"IDA.KOREA","description":"Korean cosmetics e-shop","publisher":{"@id":"https:\/\/idakorea.ee\/#organization"},"alternateName":"Beauty Shop","potentialAction":[{"@type":"SearchAction","target":{"@type":"EntryPoint","urlTemplate":"https:\/\/idakorea.ee\/?s={search_term_string}"},"query-input":{"@type":"PropertyValueSpecification","valueRequired":true,"valueName":"search_term_string"}}],"inLanguage":"en-US"},{"@type":"Organization","@id":"https:\/\/idakorea.ee\/#organization","name":"IDA.KOREA","url":"https:\/\/idakorea.ee\/","logo":{"@type":"ImageObject","inLanguage":"en-US","@id":"https:\/\/idakorea.ee\/#\/schema\/logo\/image\/","url":"https:\/\/idakorea.ee\/wp-content\/uploads\/2024\/05\/cropped-korea3.png","contentUrl":"https:\/\/idakorea.ee\/wp-content\/uploads\/2024\/05\/cropped-korea3.png","width":688,"height":126,"caption":"IDA.KOREA"},"image":{"@id":"https:\/\/idakorea.ee\/#\/schema\/logo\/image\/"},"sameAs":["https:\/\/www.instagram.com\/ida.korea\/"]}]}},"jetpack_sharing_enabled":true,"brands":[{"id":1052,"name":"KANG HWA","slug":"kang-hwa"}],"_links":{"self":[{"href":"https:\/\/idakorea.ee\/en\/wp-json\/wp\/v2\/product\/17348","targetHints":{"allow":["GET"]}}],"collection":[{"href":"https:\/\/idakorea.ee\/en\/wp-json\/wp\/v2\/product"}],"about":[{"href":"https:\/\/idakorea.ee\/en\/wp-json\/wp\/v2\/types\/product"}],"replies":[{"embeddable":true,"href":"https:\/\/idakorea.ee\/en\/wp-json\/wp\/v2\/comments?post=17348"}],"version-history":[{"count":2,"href":"https:\/\/idakorea.ee\/en\/wp-json\/wp\/v2\/product\/17348\/revisions"}],"predecessor-version":[{"id":17353,"href":"https:\/\/idakorea.ee\/en\/wp-json\/wp\/v2\/product\/17348\/revisions\/17353"}],"wp:featuredmedia":[{"embeddable":true,"href":"https:\/\/idakorea.ee\/en\/wp-json\/wp\/v2\/media\/17350"}],"wp:attachment":[{"href":"https:\/\/idakorea.ee\/en\/wp-json\/wp\/v2\/media?parent=17348"}],"wp:term":[{"taxonomy":"pwb-brand","embeddable":true,"href":"https:\/\/idakorea.ee\/en\/wp-json\/wp\/v2\/pwb-brand?post=17348"},{"taxonomy":"product_brand","embeddable":true,"href":"https:\/\/idakorea.ee\/en\/wp-json\/wp\/v2\/product_brand?post=17348"},{"taxonomy":"product_cat","embeddable":true,"href":"https:\/\/idakorea.ee\/en\/wp-json\/wp\/v2\/product_cat?post=17348"},{"taxonomy":"product_tag","embeddable":true,"href":"https:\/\/idakorea.ee\/en\/wp-json\/wp\/v2\/product_tag?post=17348"}],"curies":[{"name":"wp","href":"https:\/\/api.w.org\/{rel}","templated":true}]}}