{"id":17368,"date":"2026-01-23T17:59:01","date_gmt":"2026-01-23T15:59:01","guid":{"rendered":"https:\/\/idakorea.ee\/?post_type=product&#038;p=17368"},"modified":"2026-03-08T09:06:19","modified_gmt":"2026-03-08T07:06:19","slug":"anua-peach-77-niacin-enriched-cream-50ml","status":"publish","type":"product","link":"https:\/\/idakorea.ee\/en\/product\/anua-peach-77-niacin-enriched-cream-50ml\/","title":{"rendered":"Anua Peach 77 Niacin Enriched Cream, 50ml"},"content":{"rendered":"<p><strong>Anua Peach 77 Niacin Enriched Cream<\/strong> is a firming cream with niacinamide that evens out the skin&#039;s microrelief and softens rough skin, eliminates dullness and restores a healthy and natural glow. Regulates the work of the sebaceous glands, helps reduce the visibility of pores and maintains the smoothness and elasticity of the skin.<\/p>\n<p>The product is based on a patented complex <strong>Peachnia Plus<\/strong> (Peach Extract 77%, Lactobacillus Ferment Filtrate, 1,2-Hexanediol) with strong antioxidant properties. It helps fight oxidative stress, slows down the aging process, improves skin tone and elasticity, and helps prevent sagging (ptosis).<\/p>\n<p>The cream has an elastic, pudding-like texture, is quickly absorbed and does not leave a sticky feeling or greasy shine on the skin. The cream has a black tea and peach aroma.<\/p>\n<p><strong>Main active ingredients:<\/strong><\/p>\n<p><strong>Bifidobacteria lysate<\/strong> normalizes hydrolipidic balance, helps reduce inflammatory processes and strengthens local skin immunity.<br \/>\n<strong>Galactomyces<\/strong> \u2013 a strong antioxidant with a rejuvenating effect. Protects against photoaging, slows down melanin synthesis in the epidermis, accelerates cell renewal and strengthens the skin&#039;s protective barrier.<br \/>\n<strong>Plant proteins<\/strong> deeply moisturize, prevent dryness and tightness, enrich the skin with nutrients and strengthen its protective functions.<br \/>\n<strong>Collages<\/strong> helps retain moisture, evens out skin texture, stimulates regeneration processes and reduces the visibility of wrinkles.<br \/>\n<strong>Niacinamide (vitamin B3)<\/strong> Slows down the movement of melanin into the epidermis, helping to prevent the formation of age spots. Regulates sebum secretion, reduces oily shine and tightens pores.<\/p>\n<p>Suitable for all skin types.<\/p>\n<p><strong>Usage:<\/strong><\/p>\n<p>After cleansing your skin, using toner and serum, apply the cream to your face and spread evenly.<\/p>\n<p>&nbsp;<\/p>","protected":false},"excerpt":{"rendered":"<p>Anua Peach 77 Niacin Enriched Cream is a firming cream with niacinamide that evens out the skin&#039;s microrelief and softens rough skin, eliminates dullness and restores a healthy and natural glow. Regulates the work of the sebaceous glands, helps reduce the visibility of pores and maintain skin smoothness and elasticity. The product is based on the patented Peachnia Plus complex (peach extract 77%, Lactobacillus Ferment Filtrate, 1,2-Hexanediol), which has\u2026<\/p>","protected":false},"featured_media":17371,"comment_status":"open","ping_status":"closed","template":"","meta":{"_uf_show_specific_survey":0,"_uf_disable_surveys":false,"_bst_post_transparent":"default","_bst_post_title":"","_bst_post_layout":"default","_bst_post_sidebar_id":"","_bst_post_content_style":"default","_bst_post_vertical_padding":"default","_bst_post_feature":"","_bst_post_feature_position":"","_bst_post_header":false,"_bst_post_footer":false},"pwb-brand":[104],"product_brand":[],"product_cat":[92,96],"product_tag":[1067,568,1063,1064,1066,1065],"class_list":{"0":"post-17368","1":"product","2":"type-product","3":"status-publish","4":"has-post-thumbnail","6":"pwb-brand-anua","7":"product_cat-nagu","8":"product_cat-naokreemid","9":"product_tag-anti-age-kreem","10":"product_tag-korea","11":"product_tag-naokreem","12":"product_tag-niisutav-kreem","13":"product_tag-sara-andev-kreem","14":"product_tag-tugevdav-kreem","16":"first","17":"instock","18":"purchasable","19":"product-type-simple","20":"entry","21":"content-bg","22":"loop-entry"},"supplier_id":null,"supplier_sku":"","barcode":null,"atum_controlled":true,"out_stock_date":null,"out_stock_threshold":null,"inheritable":false,"inbound_stock":0,"stock_on_hold":0,"sold_today":0,"sales_last_days":0,"out_stock_days":0,"lost_sales":0,"has_location":false,"update_date":"2026-04-24T00:09:08","atum_locations":[],"atum_stock_status":"instock","restock_status":false,"low_stock_amount":"","sales_update_date":"2026-04-24T00:09:08","calc_backorders":null,"yoast_head":"<!-- This site is optimized with the Yoast SEO plugin v27.2 - https:\/\/yoast.com\/product\/yoast-seo-wordpress\/ -->\n<title>Anua Peach 77 Niacin Enriched Cream, 50ml - IDA.KOREA<\/title>\n<meta name=\"description\" content=\"Tugevdav kreem, mis \u00fchtlustab naha mikroreljeefi ja pehmendab karedat nahka, k\u00f5rvaldab tuhmuse ning taastab terve ja loomuliku s\u00e4ra. Made in Korea.\" \/>\n<meta name=\"robots\" content=\"index, follow, max-snippet:-1, max-image-preview:large, max-video-preview:-1\" \/>\n<link rel=\"canonical\" href=\"https:\/\/idakorea.ee\/en\/product\/anua-peach-77-niacin-enriched-cream-50ml\/\" \/>\n<meta property=\"og:locale\" content=\"en_US\" \/>\n<meta property=\"og:type\" content=\"article\" \/>\n<meta property=\"og:title\" content=\"Anua Peach 77 Niacin Enriched Cream, 50ml - IDA.KOREA\" \/>\n<meta property=\"og:description\" content=\"Tugevdav kreem, mis \u00fchtlustab naha mikroreljeefi ja pehmendab karedat nahka, k\u00f5rvaldab tuhmuse ning taastab terve ja loomuliku s\u00e4ra. Made in Korea.\" \/>\n<meta property=\"og:url\" content=\"https:\/\/idakorea.ee\/en\/product\/anua-peach-77-niacin-enriched-cream-50ml\/\" \/>\n<meta property=\"og:site_name\" content=\"IDA.KOREA\" \/>\n<meta property=\"article:modified_time\" content=\"2026-03-08T07:06:19+00:00\" \/>\n<meta property=\"og:image\" content=\"https:\/\/idakorea.ee\/wp-content\/uploads\/2026\/01\/Anua-Peach-77-Niacin-Enriched-Cream-idakorea.jpg\" \/>\n\t<meta property=\"og:image:width\" content=\"1000\" \/>\n\t<meta property=\"og:image:height\" content=\"1000\" \/>\n\t<meta property=\"og:image:type\" content=\"image\/jpeg\" \/>\n<meta name=\"twitter:card\" content=\"summary_large_image\" \/>\n<meta name=\"twitter:label1\" content=\"Est. reading time\" \/>\n\t<meta name=\"twitter:data1\" content=\"2 minutes\" \/>\n<script type=\"application\/ld+json\" class=\"yoast-schema-graph\">{\"@context\":\"https:\/\/schema.org\",\"@graph\":[{\"@type\":\"WebPage\",\"@id\":\"https:\/\/idakorea.ee\/product\/anua-peach-77-niacin-enriched-cream-50ml\/\",\"url\":\"https:\/\/idakorea.ee\/product\/anua-peach-77-niacin-enriched-cream-50ml\/\",\"name\":\"Anua Peach 77 Niacin Enriched Cream, 50ml - IDA.KOREA\",\"isPartOf\":{\"@id\":\"https:\/\/idakorea.ee\/#website\"},\"primaryImageOfPage\":{\"@id\":\"https:\/\/idakorea.ee\/product\/anua-peach-77-niacin-enriched-cream-50ml\/#primaryimage\"},\"image\":{\"@id\":\"https:\/\/idakorea.ee\/product\/anua-peach-77-niacin-enriched-cream-50ml\/#primaryimage\"},\"thumbnailUrl\":\"https:\/\/idakorea.ee\/wp-content\/uploads\/2026\/01\/Anua-Peach-77-Niacin-Enriched-Cream-idakorea.jpg\",\"datePublished\":\"2026-01-23T15:59:01+00:00\",\"dateModified\":\"2026-03-08T07:06:19+00:00\",\"description\":\"Tugevdav kreem, mis \u00fchtlustab naha mikroreljeefi ja pehmendab karedat nahka, k\u00f5rvaldab tuhmuse ning taastab terve ja loomuliku s\u00e4ra. Made in Korea.\",\"breadcrumb\":{\"@id\":\"https:\/\/idakorea.ee\/product\/anua-peach-77-niacin-enriched-cream-50ml\/#breadcrumb\"},\"inLanguage\":\"en-US\",\"potentialAction\":[{\"@type\":\"ReadAction\",\"target\":[\"https:\/\/idakorea.ee\/product\/anua-peach-77-niacin-enriched-cream-50ml\/\"]}]},{\"@type\":\"ImageObject\",\"inLanguage\":\"en-US\",\"@id\":\"https:\/\/idakorea.ee\/product\/anua-peach-77-niacin-enriched-cream-50ml\/#primaryimage\",\"url\":\"https:\/\/idakorea.ee\/wp-content\/uploads\/2026\/01\/Anua-Peach-77-Niacin-Enriched-Cream-idakorea.jpg\",\"contentUrl\":\"https:\/\/idakorea.ee\/wp-content\/uploads\/2026\/01\/Anua-Peach-77-Niacin-Enriched-Cream-idakorea.jpg\",\"width\":1000,\"height\":1000},{\"@type\":\"BreadcrumbList\",\"@id\":\"https:\/\/idakorea.ee\/product\/anua-peach-77-niacin-enriched-cream-50ml\/#breadcrumb\",\"itemListElement\":[{\"@type\":\"ListItem\",\"position\":1,\"name\":\"\u0413\u043b\u0430\u0432\u043d\u0430\u044f \u0441\u0442\u0440\u0430\u043d\u0438\u0446\u0430\",\"item\":\"https:\/\/idakorea.ee\/\"},{\"@type\":\"ListItem\",\"position\":2,\"name\":\"Shop\",\"item\":\"https:\/\/idakorea.ee\/shop-2\/\"},{\"@type\":\"ListItem\",\"position\":3,\"name\":\"Tugevdav kreem Anua Peach 77 Niacin Enriched Cream, 50ml\"}]},{\"@type\":\"WebSite\",\"@id\":\"https:\/\/idakorea.ee\/#website\",\"url\":\"https:\/\/idakorea.ee\/\",\"name\":\"IDA.KOREA\",\"description\":\"Korea kosmeetika e-pood\",\"publisher\":{\"@id\":\"https:\/\/idakorea.ee\/#organization\"},\"alternateName\":\"Beauty Shop\",\"potentialAction\":[{\"@type\":\"SearchAction\",\"target\":{\"@type\":\"EntryPoint\",\"urlTemplate\":\"https:\/\/idakorea.ee\/?s={search_term_string}\"},\"query-input\":{\"@type\":\"PropertyValueSpecification\",\"valueRequired\":true,\"valueName\":\"search_term_string\"}}],\"inLanguage\":\"en-US\"},{\"@type\":\"Organization\",\"@id\":\"https:\/\/idakorea.ee\/#organization\",\"name\":\"IDA.KOREA\",\"url\":\"https:\/\/idakorea.ee\/\",\"logo\":{\"@type\":\"ImageObject\",\"inLanguage\":\"en-US\",\"@id\":\"https:\/\/idakorea.ee\/#\/schema\/logo\/image\/\",\"url\":\"https:\/\/idakorea.ee\/wp-content\/uploads\/2024\/05\/cropped-korea3.png\",\"contentUrl\":\"https:\/\/idakorea.ee\/wp-content\/uploads\/2024\/05\/cropped-korea3.png\",\"width\":688,\"height\":126,\"caption\":\"IDA.KOREA\"},\"image\":{\"@id\":\"https:\/\/idakorea.ee\/#\/schema\/logo\/image\/\"},\"sameAs\":[\"https:\/\/www.instagram.com\/ida.korea\/\"]}]}<\/script>\n<!-- \/ Yoast SEO plugin. -->","yoast_head_json":{"title":"Anua Peach 77 Niacin Enriched Cream, 50ml - IDA.KOREA","description":"A firming cream that evens out the skin&#039;s micro-relief and softens rough skin, eliminates dullness and restores a healthy and natural glow. Made in Korea.","robots":{"index":"index","follow":"follow","max-snippet":"max-snippet:-1","max-image-preview":"max-image-preview:large","max-video-preview":"max-video-preview:-1"},"canonical":"https:\/\/idakorea.ee\/en\/product\/anua-peach-77-niacin-enriched-cream-50ml\/","og_locale":"en_US","og_type":"article","og_title":"Anua Peach 77 Niacin Enriched Cream, 50ml - IDA.KOREA","og_description":"Tugevdav kreem, mis \u00fchtlustab naha mikroreljeefi ja pehmendab karedat nahka, k\u00f5rvaldab tuhmuse ning taastab terve ja loomuliku s\u00e4ra. Made in Korea.","og_url":"https:\/\/idakorea.ee\/en\/product\/anua-peach-77-niacin-enriched-cream-50ml\/","og_site_name":"IDA.KOREA","article_modified_time":"2026-03-08T07:06:19+00:00","og_image":[{"width":1000,"height":1000,"url":"https:\/\/idakorea.ee\/wp-content\/uploads\/2026\/01\/Anua-Peach-77-Niacin-Enriched-Cream-idakorea.jpg","type":"image\/jpeg"}],"twitter_card":"summary_large_image","twitter_misc":{"Est. reading time":"2 minutes"},"schema":{"@context":"https:\/\/schema.org","@graph":[{"@type":"WebPage","@id":"https:\/\/idakorea.ee\/product\/anua-peach-77-niacin-enriched-cream-50ml\/","url":"https:\/\/idakorea.ee\/product\/anua-peach-77-niacin-enriched-cream-50ml\/","name":"Anua Peach 77 Niacin Enriched Cream, 50ml - IDA.KOREA","isPartOf":{"@id":"https:\/\/idakorea.ee\/#website"},"primaryImageOfPage":{"@id":"https:\/\/idakorea.ee\/product\/anua-peach-77-niacin-enriched-cream-50ml\/#primaryimage"},"image":{"@id":"https:\/\/idakorea.ee\/product\/anua-peach-77-niacin-enriched-cream-50ml\/#primaryimage"},"thumbnailUrl":"https:\/\/idakorea.ee\/wp-content\/uploads\/2026\/01\/Anua-Peach-77-Niacin-Enriched-Cream-idakorea.jpg","datePublished":"2026-01-23T15:59:01+00:00","dateModified":"2026-03-08T07:06:19+00:00","description":"A firming cream that evens out the skin&#039;s micro-relief and softens rough skin, eliminates dullness and restores a healthy and natural glow. Made in Korea.","breadcrumb":{"@id":"https:\/\/idakorea.ee\/product\/anua-peach-77-niacin-enriched-cream-50ml\/#breadcrumb"},"inLanguage":"en-US","potentialAction":[{"@type":"ReadAction","target":["https:\/\/idakorea.ee\/product\/anua-peach-77-niacin-enriched-cream-50ml\/"]}]},{"@type":"ImageObject","inLanguage":"en-US","@id":"https:\/\/idakorea.ee\/product\/anua-peach-77-niacin-enriched-cream-50ml\/#primaryimage","url":"https:\/\/idakorea.ee\/wp-content\/uploads\/2026\/01\/Anua-Peach-77-Niacin-Enriched-Cream-idakorea.jpg","contentUrl":"https:\/\/idakorea.ee\/wp-content\/uploads\/2026\/01\/Anua-Peach-77-Niacin-Enriched-Cream-idakorea.jpg","width":1000,"height":1000},{"@type":"BreadcrumbList","@id":"https:\/\/idakorea.ee\/product\/anua-peach-77-niacin-enriched-cream-50ml\/#breadcrumb","itemListElement":[{"@type":"ListItem","position":1,"name":"\u0413\u043b\u0430\u0432\u043d\u0430\u044f \u0441\u0442\u0440\u0430\u043d\u0438\u0446\u0430","item":"https:\/\/idakorea.ee\/"},{"@type":"ListItem","position":2,"name":"Shop","item":"https:\/\/idakorea.ee\/shop-2\/"},{"@type":"ListItem","position":3,"name":"Tugevdav kreem Anua Peach 77 Niacin Enriched Cream, 50ml"}]},{"@type":"WebSite","@id":"https:\/\/idakorea.ee\/#website","url":"https:\/\/idakorea.ee\/","name":"IDA.KOREA","description":"Korean cosmetics e-shop","publisher":{"@id":"https:\/\/idakorea.ee\/#organization"},"alternateName":"Beauty Shop","potentialAction":[{"@type":"SearchAction","target":{"@type":"EntryPoint","urlTemplate":"https:\/\/idakorea.ee\/?s={search_term_string}"},"query-input":{"@type":"PropertyValueSpecification","valueRequired":true,"valueName":"search_term_string"}}],"inLanguage":"en-US"},{"@type":"Organization","@id":"https:\/\/idakorea.ee\/#organization","name":"IDA.KOREA","url":"https:\/\/idakorea.ee\/","logo":{"@type":"ImageObject","inLanguage":"en-US","@id":"https:\/\/idakorea.ee\/#\/schema\/logo\/image\/","url":"https:\/\/idakorea.ee\/wp-content\/uploads\/2024\/05\/cropped-korea3.png","contentUrl":"https:\/\/idakorea.ee\/wp-content\/uploads\/2024\/05\/cropped-korea3.png","width":688,"height":126,"caption":"IDA.KOREA"},"image":{"@id":"https:\/\/idakorea.ee\/#\/schema\/logo\/image\/"},"sameAs":["https:\/\/www.instagram.com\/ida.korea\/"]}]}},"jetpack_sharing_enabled":true,"brands":[{"id":104,"name":"ANUA","slug":"anua"}],"_links":{"self":[{"href":"https:\/\/idakorea.ee\/en\/wp-json\/wp\/v2\/product\/17368","targetHints":{"allow":["GET"]}}],"collection":[{"href":"https:\/\/idakorea.ee\/en\/wp-json\/wp\/v2\/product"}],"about":[{"href":"https:\/\/idakorea.ee\/en\/wp-json\/wp\/v2\/types\/product"}],"replies":[{"embeddable":true,"href":"https:\/\/idakorea.ee\/en\/wp-json\/wp\/v2\/comments?post=17368"}],"version-history":[{"count":2,"href":"https:\/\/idakorea.ee\/en\/wp-json\/wp\/v2\/product\/17368\/revisions"}],"predecessor-version":[{"id":17375,"href":"https:\/\/idakorea.ee\/en\/wp-json\/wp\/v2\/product\/17368\/revisions\/17375"}],"wp:featuredmedia":[{"embeddable":true,"href":"https:\/\/idakorea.ee\/en\/wp-json\/wp\/v2\/media\/17371"}],"wp:attachment":[{"href":"https:\/\/idakorea.ee\/en\/wp-json\/wp\/v2\/media?parent=17368"}],"wp:term":[{"taxonomy":"pwb-brand","embeddable":true,"href":"https:\/\/idakorea.ee\/en\/wp-json\/wp\/v2\/pwb-brand?post=17368"},{"taxonomy":"product_brand","embeddable":true,"href":"https:\/\/idakorea.ee\/en\/wp-json\/wp\/v2\/product_brand?post=17368"},{"taxonomy":"product_cat","embeddable":true,"href":"https:\/\/idakorea.ee\/en\/wp-json\/wp\/v2\/product_cat?post=17368"},{"taxonomy":"product_tag","embeddable":true,"href":"https:\/\/idakorea.ee\/en\/wp-json\/wp\/v2\/product_tag?post=17368"}],"curies":[{"name":"wp","href":"https:\/\/api.w.org\/{rel}","templated":true}]}}