{"id":17395,"date":"2026-01-26T13:21:30","date_gmt":"2026-01-26T11:21:30","guid":{"rendered":"https:\/\/idakorea.ee\/?post_type=product&#038;p=17395"},"modified":"2026-04-06T08:33:05","modified_gmt":"2026-04-06T06:33:05","slug":"the-history-of-whoo-gongjinhyang-intensive-nutritive-eye-cream","status":"publish","type":"product","link":"https:\/\/idakorea.ee\/en\/product\/the-history-of-whoo-gongjinhyang-intensive-nutritive-eye-cream\/","title":{"rendered":"The History of Whoo Gongjinhyang Intensive Nutritive Eye Cream"},"content":{"rendered":"<p data-start=\"54\" data-end=\"204\"><strong data-start=\"54\" data-end=\"107\">THE HISTORY OF WHOO Intensive Nutritive Eye Cream<\/strong> is a luxurious nourishing eye cream that provides comprehensive care for the delicate skin around the eyes.<\/p>\n<p data-start=\"206\" data-end=\"795\"><strong data-start=\"206\" data-end=\"219\">Feeding:<\/strong> The cream contains a complex of natural ingredients that provide the skin around the eyes with nutrients, making it firmer and more elastic.<br data-start=\"355\" data-end=\"358\" \/><strong data-start=\"358\" data-end=\"374\">Soaking:<\/strong> The cream intensely moisturizes the skin, relieving dryness and flaking.<br data-start=\"444\" data-end=\"447\" \/><strong data-start=\"447\" data-end=\"469\">Smoothing wrinkles:<\/strong> The cream smoothes fine wrinkles and expression lines, making the eyes look more youthful and radiant.<br data-start=\"556\" data-end=\"559\" \/><strong data-start=\"559\" data-end=\"604\">Lightening dark circles under the eyes:<\/strong> The cream helps reduce dark circles under the eyes and evens out skin tone.<br data-start=\"672\" data-end=\"675\" \/><strong data-start=\"675\" data-end=\"706\">Reinforcing the defence barrier:<\/strong> The cream strengthens the skin&#039;s protective barrier, making it more resistant to external irritants.<\/p>\n<p data-start=\"797\" data-end=\"822\"><strong>Main ingredients:<\/strong><\/p>\n<p data-start=\"824\" data-end=\"1215\"><strong data-start=\"824\" data-end=\"847\">Deer antler extract<\/strong> \u2013 has rejuvenating, antioxidant and anti-inflammatory effects.<br data-start=\"910\" data-end=\"913\" \/><strong data-start=\"913\" data-end=\"934\">Ginseng extract<\/strong> \u2013 has rejuvenating, antioxidant and anti-inflammatory effects.<br data-start=\"997\" data-end=\"1000\" \/><strong data-start=\"1000\" data-end=\"1026\">Swallow&#039;s nest extract<\/strong> \u2013 nourishing, moisturizing and anti-aging effect.<br data-start=\"1072\" data-end=\"1075\" \/><strong data-start=\"1075\" data-end=\"1113\">Royal Jelly<\/strong> \u2013 nourishing, moisturizing and regenerating effect.<br data-start=\"1150\" data-end=\"1153\" \/><strong data-start=\"1153\" data-end=\"1161\">Gold<\/strong> \u2013 antioxidant, anti-inflammatory and rejuvenating effect.<\/p>\n<p data-start=\"1217\" data-end=\"1232\"><strong>Usage:<\/strong><\/p>\n<p data-start=\"1233\" data-end=\"1430\">Apply a small amount of cream to cleansed and toned skin around the eyes. Spread with gentle patting movements. Allow the cream to absorb. For best results, use morning and evening.<\/p>","protected":false},"excerpt":{"rendered":"<p>THE HISTORY OF WHOO Intensive Nutritive Eye Cream is a luxurious nourishing eye cream that provides comprehensive care for the delicate skin around the eyes. Nourishment: the cream contains a complex of natural ingredients that supplies the skin around the eyes with nutrients, making it firmer and more elastic. Hydration: the cream intensively moisturizes the skin, relieving dryness and flaking. Wrinkle smoothing: the cream smoothes fine wrinkles and expression lines, making the eyes look more youthful and radiant. Dark circles\u2026<\/p>","protected":false},"featured_media":17398,"comment_status":"open","ping_status":"closed","template":"","meta":{"_uf_show_specific_survey":0,"_uf_disable_surveys":false,"_bst_post_transparent":"default","_bst_post_title":"","_bst_post_layout":"default","_bst_post_sidebar_id":"","_bst_post_content_style":"default","_bst_post_vertical_padding":"default","_bst_post_feature":"","_bst_post_feature_position":"","_bst_post_header":false,"_bst_post_footer":false},"pwb-brand":[494],"product_brand":[],"product_cat":[92,99,201],"product_tag":[568,1077,1074,1075,1076],"class_list":{"0":"post-17395","1":"product","2":"type-product","3":"status-publish","4":"has-post-thumbnail","6":"pwb-brand-the-history-of-whoo","7":"product_cat-nagu","8":"product_cat-silmad-ja-huuled-2","9":"product_cat-silmakreem","10":"product_tag-korea","11":"product_tag-luksuslik-silmakreem","12":"product_tag-silmade-kreem","13":"product_tag-silmaumbruskreem","14":"product_tag-toitev-silmakreem","16":"first","17":"instock","18":"sale","19":"shipping-taxable","20":"purchasable","21":"product-type-variable","22":"has-default-attributes","23":"entry","24":"content-bg","25":"loop-entry"},"supplier_id":null,"supplier_sku":"","barcode":null,"atum_controlled":true,"out_stock_date":null,"out_stock_threshold":null,"inheritable":true,"inbound_stock":0,"stock_on_hold":0,"sold_today":0,"sales_last_days":5,"out_stock_days":0,"lost_sales":0,"has_location":false,"update_date":"2026-04-14T00:05:12","atum_locations":[],"atum_stock_status":"instock","restock_status":false,"low_stock_amount":"","sales_update_date":"2026-04-14T00:05:12","calc_backorders":null,"yoast_head":"<!-- This site is optimized with the Yoast SEO plugin v27.2 - https:\/\/yoast.com\/product\/yoast-seo-wordpress\/ -->\n<title>The History of Whoo Gongjinhyang Intensive Nutritive Eye Cream - IDA.KOREA<\/title>\n<meta name=\"description\" content=\"THE HISTORY OF WHOO Intensive Nutritive Eye Cream on luksuslik toitev silma\u00fcmbruskreem, mis pakub terviklikku hooldust \u00f5rnale silma\u00fcmbruse nahale.\" \/>\n<meta name=\"robots\" content=\"index, follow, max-snippet:-1, max-image-preview:large, max-video-preview:-1\" \/>\n<link rel=\"canonical\" href=\"https:\/\/idakorea.ee\/en\/product\/the-history-of-whoo-gongjinhyang-intensive-nutritive-eye-cream\/\" \/>\n<meta property=\"og:locale\" content=\"en_US\" \/>\n<meta property=\"og:type\" content=\"article\" \/>\n<meta property=\"og:title\" content=\"The History of Whoo Gongjinhyang Intensive Nutritive Eye Cream - IDA.KOREA\" \/>\n<meta property=\"og:description\" content=\"THE HISTORY OF WHOO Intensive Nutritive Eye Cream on luksuslik toitev silma\u00fcmbruskreem, mis pakub terviklikku hooldust \u00f5rnale silma\u00fcmbruse nahale.\" \/>\n<meta property=\"og:url\" content=\"https:\/\/idakorea.ee\/en\/product\/the-history-of-whoo-gongjinhyang-intensive-nutritive-eye-cream\/\" \/>\n<meta property=\"og:site_name\" content=\"IDA.KOREA\" \/>\n<meta property=\"article:modified_time\" content=\"2026-04-06T06:33:05+00:00\" \/>\n<meta property=\"og:image\" content=\"https:\/\/idakorea.ee\/wp-content\/uploads\/2026\/01\/Gongjinhyang-Intensive-Nutritive-eye-cream-idakorea.webp\" \/>\n\t<meta property=\"og:image:width\" content=\"1000\" \/>\n\t<meta property=\"og:image:height\" content=\"1000\" \/>\n\t<meta property=\"og:image:type\" content=\"image\/webp\" \/>\n<meta name=\"twitter:card\" content=\"summary_large_image\" \/>\n<meta name=\"twitter:label1\" content=\"Est. reading time\" \/>\n\t<meta name=\"twitter:data1\" content=\"1 minute\" \/>\n<script type=\"application\/ld+json\" class=\"yoast-schema-graph\">{\"@context\":\"https:\/\/schema.org\",\"@graph\":[{\"@type\":\"WebPage\",\"@id\":\"https:\/\/idakorea.ee\/product\/the-history-of-whoo-gongjinhyang-intensive-nutritive-eye-cream\/\",\"url\":\"https:\/\/idakorea.ee\/product\/the-history-of-whoo-gongjinhyang-intensive-nutritive-eye-cream\/\",\"name\":\"The History of Whoo Gongjinhyang Intensive Nutritive Eye Cream - IDA.KOREA\",\"isPartOf\":{\"@id\":\"https:\/\/idakorea.ee\/#website\"},\"primaryImageOfPage\":{\"@id\":\"https:\/\/idakorea.ee\/product\/the-history-of-whoo-gongjinhyang-intensive-nutritive-eye-cream\/#primaryimage\"},\"image\":{\"@id\":\"https:\/\/idakorea.ee\/product\/the-history-of-whoo-gongjinhyang-intensive-nutritive-eye-cream\/#primaryimage\"},\"thumbnailUrl\":\"https:\/\/idakorea.ee\/wp-content\/uploads\/2026\/01\/Gongjinhyang-Intensive-Nutritive-eye-cream-idakorea.webp\",\"datePublished\":\"2026-01-26T11:21:30+00:00\",\"dateModified\":\"2026-04-06T06:33:05+00:00\",\"description\":\"THE HISTORY OF WHOO Intensive Nutritive Eye Cream on luksuslik toitev silma\u00fcmbruskreem, mis pakub terviklikku hooldust \u00f5rnale silma\u00fcmbruse nahale.\",\"breadcrumb\":{\"@id\":\"https:\/\/idakorea.ee\/product\/the-history-of-whoo-gongjinhyang-intensive-nutritive-eye-cream\/#breadcrumb\"},\"inLanguage\":\"en-US\",\"potentialAction\":[{\"@type\":\"ReadAction\",\"target\":[\"https:\/\/idakorea.ee\/product\/the-history-of-whoo-gongjinhyang-intensive-nutritive-eye-cream\/\"]}]},{\"@type\":\"ImageObject\",\"inLanguage\":\"en-US\",\"@id\":\"https:\/\/idakorea.ee\/product\/the-history-of-whoo-gongjinhyang-intensive-nutritive-eye-cream\/#primaryimage\",\"url\":\"https:\/\/idakorea.ee\/wp-content\/uploads\/2026\/01\/Gongjinhyang-Intensive-Nutritive-eye-cream-idakorea.webp\",\"contentUrl\":\"https:\/\/idakorea.ee\/wp-content\/uploads\/2026\/01\/Gongjinhyang-Intensive-Nutritive-eye-cream-idakorea.webp\",\"width\":1000,\"height\":1000},{\"@type\":\"BreadcrumbList\",\"@id\":\"https:\/\/idakorea.ee\/product\/the-history-of-whoo-gongjinhyang-intensive-nutritive-eye-cream\/#breadcrumb\",\"itemListElement\":[{\"@type\":\"ListItem\",\"position\":1,\"name\":\"\u0413\u043b\u0430\u0432\u043d\u0430\u044f \u0441\u0442\u0440\u0430\u043d\u0438\u0446\u0430\",\"item\":\"https:\/\/idakorea.ee\/\"},{\"@type\":\"ListItem\",\"position\":2,\"name\":\"Shop\",\"item\":\"https:\/\/idakorea.ee\/shop-2\/\"},{\"@type\":\"ListItem\",\"position\":3,\"name\":\"Luksuslik toitev silma\u00fcmbruskreem The History of Whoo Gongjinhyang Intensive Nutritive Eye Cream\"}]},{\"@type\":\"WebSite\",\"@id\":\"https:\/\/idakorea.ee\/#website\",\"url\":\"https:\/\/idakorea.ee\/\",\"name\":\"IDA.KOREA\",\"description\":\"Korea kosmeetika e-pood\",\"publisher\":{\"@id\":\"https:\/\/idakorea.ee\/#organization\"},\"alternateName\":\"Beauty Shop\",\"potentialAction\":[{\"@type\":\"SearchAction\",\"target\":{\"@type\":\"EntryPoint\",\"urlTemplate\":\"https:\/\/idakorea.ee\/?s={search_term_string}\"},\"query-input\":{\"@type\":\"PropertyValueSpecification\",\"valueRequired\":true,\"valueName\":\"search_term_string\"}}],\"inLanguage\":\"en-US\"},{\"@type\":\"Organization\",\"@id\":\"https:\/\/idakorea.ee\/#organization\",\"name\":\"IDA.KOREA\",\"url\":\"https:\/\/idakorea.ee\/\",\"logo\":{\"@type\":\"ImageObject\",\"inLanguage\":\"en-US\",\"@id\":\"https:\/\/idakorea.ee\/#\/schema\/logo\/image\/\",\"url\":\"https:\/\/idakorea.ee\/wp-content\/uploads\/2024\/05\/cropped-korea3.png\",\"contentUrl\":\"https:\/\/idakorea.ee\/wp-content\/uploads\/2024\/05\/cropped-korea3.png\",\"width\":688,\"height\":126,\"caption\":\"IDA.KOREA\"},\"image\":{\"@id\":\"https:\/\/idakorea.ee\/#\/schema\/logo\/image\/\"},\"sameAs\":[\"https:\/\/www.instagram.com\/ida.korea\/\"]}]}<\/script>\n<!-- \/ Yoast SEO plugin. -->","yoast_head_json":{"title":"The History of Whoo Gongjinhyang Intensive Nutritive Eye Cream - IDA.KOREA","description":"THE HISTORY OF WHOO Intensive Nutritive Eye Cream is a luxurious nourishing eye cream that provides comprehensive care for the delicate skin around the eyes.","robots":{"index":"index","follow":"follow","max-snippet":"max-snippet:-1","max-image-preview":"max-image-preview:large","max-video-preview":"max-video-preview:-1"},"canonical":"https:\/\/idakorea.ee\/en\/product\/the-history-of-whoo-gongjinhyang-intensive-nutritive-eye-cream\/","og_locale":"en_US","og_type":"article","og_title":"The History of Whoo Gongjinhyang Intensive Nutritive Eye Cream - IDA.KOREA","og_description":"THE HISTORY OF WHOO Intensive Nutritive Eye Cream on luksuslik toitev silma\u00fcmbruskreem, mis pakub terviklikku hooldust \u00f5rnale silma\u00fcmbruse nahale.","og_url":"https:\/\/idakorea.ee\/en\/product\/the-history-of-whoo-gongjinhyang-intensive-nutritive-eye-cream\/","og_site_name":"IDA.KOREA","article_modified_time":"2026-04-06T06:33:05+00:00","og_image":[{"width":1000,"height":1000,"url":"https:\/\/idakorea.ee\/wp-content\/uploads\/2026\/01\/Gongjinhyang-Intensive-Nutritive-eye-cream-idakorea.webp","type":"image\/webp"}],"twitter_card":"summary_large_image","twitter_misc":{"Est. reading time":"1 minute"},"schema":{"@context":"https:\/\/schema.org","@graph":[{"@type":"WebPage","@id":"https:\/\/idakorea.ee\/product\/the-history-of-whoo-gongjinhyang-intensive-nutritive-eye-cream\/","url":"https:\/\/idakorea.ee\/product\/the-history-of-whoo-gongjinhyang-intensive-nutritive-eye-cream\/","name":"The History of Whoo Gongjinhyang Intensive Nutritive Eye Cream - IDA.KOREA","isPartOf":{"@id":"https:\/\/idakorea.ee\/#website"},"primaryImageOfPage":{"@id":"https:\/\/idakorea.ee\/product\/the-history-of-whoo-gongjinhyang-intensive-nutritive-eye-cream\/#primaryimage"},"image":{"@id":"https:\/\/idakorea.ee\/product\/the-history-of-whoo-gongjinhyang-intensive-nutritive-eye-cream\/#primaryimage"},"thumbnailUrl":"https:\/\/idakorea.ee\/wp-content\/uploads\/2026\/01\/Gongjinhyang-Intensive-Nutritive-eye-cream-idakorea.webp","datePublished":"2026-01-26T11:21:30+00:00","dateModified":"2026-04-06T06:33:05+00:00","description":"THE HISTORY OF WHOO Intensive Nutritive Eye Cream is a luxurious nourishing eye cream that provides comprehensive care for the delicate skin around the eyes.","breadcrumb":{"@id":"https:\/\/idakorea.ee\/product\/the-history-of-whoo-gongjinhyang-intensive-nutritive-eye-cream\/#breadcrumb"},"inLanguage":"en-US","potentialAction":[{"@type":"ReadAction","target":["https:\/\/idakorea.ee\/product\/the-history-of-whoo-gongjinhyang-intensive-nutritive-eye-cream\/"]}]},{"@type":"ImageObject","inLanguage":"en-US","@id":"https:\/\/idakorea.ee\/product\/the-history-of-whoo-gongjinhyang-intensive-nutritive-eye-cream\/#primaryimage","url":"https:\/\/idakorea.ee\/wp-content\/uploads\/2026\/01\/Gongjinhyang-Intensive-Nutritive-eye-cream-idakorea.webp","contentUrl":"https:\/\/idakorea.ee\/wp-content\/uploads\/2026\/01\/Gongjinhyang-Intensive-Nutritive-eye-cream-idakorea.webp","width":1000,"height":1000},{"@type":"BreadcrumbList","@id":"https:\/\/idakorea.ee\/product\/the-history-of-whoo-gongjinhyang-intensive-nutritive-eye-cream\/#breadcrumb","itemListElement":[{"@type":"ListItem","position":1,"name":"\u0413\u043b\u0430\u0432\u043d\u0430\u044f \u0441\u0442\u0440\u0430\u043d\u0438\u0446\u0430","item":"https:\/\/idakorea.ee\/"},{"@type":"ListItem","position":2,"name":"Shop","item":"https:\/\/idakorea.ee\/shop-2\/"},{"@type":"ListItem","position":3,"name":"Luksuslik toitev silma\u00fcmbruskreem The History of Whoo Gongjinhyang Intensive Nutritive Eye Cream"}]},{"@type":"WebSite","@id":"https:\/\/idakorea.ee\/#website","url":"https:\/\/idakorea.ee\/","name":"IDA.KOREA","description":"Korean cosmetics e-shop","publisher":{"@id":"https:\/\/idakorea.ee\/#organization"},"alternateName":"Beauty Shop","potentialAction":[{"@type":"SearchAction","target":{"@type":"EntryPoint","urlTemplate":"https:\/\/idakorea.ee\/?s={search_term_string}"},"query-input":{"@type":"PropertyValueSpecification","valueRequired":true,"valueName":"search_term_string"}}],"inLanguage":"en-US"},{"@type":"Organization","@id":"https:\/\/idakorea.ee\/#organization","name":"IDA.KOREA","url":"https:\/\/idakorea.ee\/","logo":{"@type":"ImageObject","inLanguage":"en-US","@id":"https:\/\/idakorea.ee\/#\/schema\/logo\/image\/","url":"https:\/\/idakorea.ee\/wp-content\/uploads\/2024\/05\/cropped-korea3.png","contentUrl":"https:\/\/idakorea.ee\/wp-content\/uploads\/2024\/05\/cropped-korea3.png","width":688,"height":126,"caption":"IDA.KOREA"},"image":{"@id":"https:\/\/idakorea.ee\/#\/schema\/logo\/image\/"},"sameAs":["https:\/\/www.instagram.com\/ida.korea\/"]}]}},"jetpack_sharing_enabled":true,"brands":[{"id":494,"name":"THE HISTORY OF WHOO","slug":"the-history-of-whoo"}],"_links":{"self":[{"href":"https:\/\/idakorea.ee\/en\/wp-json\/wp\/v2\/product\/17395","targetHints":{"allow":["GET"]}}],"collection":[{"href":"https:\/\/idakorea.ee\/en\/wp-json\/wp\/v2\/product"}],"about":[{"href":"https:\/\/idakorea.ee\/en\/wp-json\/wp\/v2\/types\/product"}],"replies":[{"embeddable":true,"href":"https:\/\/idakorea.ee\/en\/wp-json\/wp\/v2\/comments?post=17395"}],"version-history":[{"count":1,"href":"https:\/\/idakorea.ee\/en\/wp-json\/wp\/v2\/product\/17395\/revisions"}],"predecessor-version":[{"id":17401,"href":"https:\/\/idakorea.ee\/en\/wp-json\/wp\/v2\/product\/17395\/revisions\/17401"}],"wp:featuredmedia":[{"embeddable":true,"href":"https:\/\/idakorea.ee\/en\/wp-json\/wp\/v2\/media\/17398"}],"wp:attachment":[{"href":"https:\/\/idakorea.ee\/en\/wp-json\/wp\/v2\/media?parent=17395"}],"wp:term":[{"taxonomy":"pwb-brand","embeddable":true,"href":"https:\/\/idakorea.ee\/en\/wp-json\/wp\/v2\/pwb-brand?post=17395"},{"taxonomy":"product_brand","embeddable":true,"href":"https:\/\/idakorea.ee\/en\/wp-json\/wp\/v2\/product_brand?post=17395"},{"taxonomy":"product_cat","embeddable":true,"href":"https:\/\/idakorea.ee\/en\/wp-json\/wp\/v2\/product_cat?post=17395"},{"taxonomy":"product_tag","embeddable":true,"href":"https:\/\/idakorea.ee\/en\/wp-json\/wp\/v2\/product_tag?post=17395"}],"curies":[{"name":"wp","href":"https:\/\/api.w.org\/{rel}","templated":true}]}}