{"id":17403,"date":"2026-01-26T14:52:34","date_gmt":"2026-01-26T12:52:34","guid":{"rendered":"https:\/\/idakorea.ee\/?post_type=product&#038;p=17403"},"modified":"2026-04-09T14:43:18","modified_gmt":"2026-04-09T12:43:18","slug":"the-history-of-whoo-gongjinhyang-intensive-nutritive-cream","status":"publish","type":"product","link":"https:\/\/idakorea.ee\/en\/product\/the-history-of-whoo-gongjinhyang-intensive-nutritive-cream\/","title":{"rendered":"The History of Whoo Gongjinhyang Intensive Nutritive Cream"},"content":{"rendered":"<p data-start=\"54\" data-end=\"364\"><strong data-start=\"54\" data-end=\"103\">THE HISTORY OF WHOO Intensive Nutritive Cream<\/strong> is a nourishing anti-aging face cream that contains powerful rejuvenating ingredients and ensures intensive skin renewal. The cream actively works against wrinkles, helps reduce all signs of aging, and eliminates dryness, flaking, and premature skin wilting.<\/p>\n<p data-start=\"366\" data-end=\"572\">The formula does not contain preservatives, synthetic care ingredient substitutes, dyes or fragrances. It is based on medicinal herbs that have traditionally been used in the cosmetics of the imperial family.<\/p>\n<p data-start=\"574\" data-end=\"725\">Especially recommended in the autumn and winter season, when the skin loses moisture, suffers from vitamin deficiency and is exposed to temperature fluctuations and wind.<\/p>\n<p data-start=\"732\" data-end=\"757\"><strong>Main ingredients:<\/strong><\/p>\n<ul>\n<li data-start=\"759\" data-end=\"1060\"><strong data-start=\"759\" data-end=\"775\">Acanthopanax<\/strong> \u2013 an immunostimulant of plant origin. Helps increase skin resistance, promotes recovery after damage and the effects of aggressive environmental factors. High concentration of tannins, fatty oils and acids, and alkaloids helps improve cell viability and stress tolerance.<\/li>\n<li data-start=\"1062\" data-end=\"1448\"><strong data-start=\"1062\" data-end=\"1085\">Deer antler extract<\/strong> \u2013 rich in collagen, 18 amino acids, vitamins, trace elements, glutamic acid, nitrogen compounds, lipids, proline, glycine and enzymes. Has a strong rejuvenating and stimulating effect, increases skin vitality and tone, strengthens turgor. Helps the skin adapt to adverse conditions, reduces inflammation and promotes healing of lesions.<\/li>\n<li data-start=\"1450\" data-end=\"1676\"><strong data-start=\"1450\" data-end=\"1480\">Angelica root (Angelica)<\/strong> \u2013 rejuvenates and improves the overall condition of the skin.<\/li>\n<li data-start=\"1450\" data-end=\"1676\"><strong data-start=\"1530\" data-end=\"1554\">Korean red ginseng<\/strong> is known in cosmetics as a powerful anti-aging ingredient that helps fight skin sagging and wrinkles.<\/li>\n<\/ul>\n<p data-start=\"1683\" data-end=\"1718\"><strong>Usage (as recommended by the manufacturer):<\/strong><\/p>\n<ol data-start=\"1720\" data-end=\"1878\">\n<li data-start=\"1720\" data-end=\"1765\">\n<p data-start=\"1723\" data-end=\"1765\">Apply the required amount of cream to the palms of your hands.<\/p>\n<\/li>\n<li data-start=\"1766\" data-end=\"1811\">\n<p data-start=\"1769\" data-end=\"1811\">Warm it between your hands for a few minutes.<\/p>\n<\/li>\n<li data-start=\"1812\" data-end=\"1878\">\n<p data-start=\"1815\" data-end=\"1878\">Apply to face with gentle patting (not rubbing) movements.<\/p>\n<\/li>\n<\/ol>\n<p data-start=\"1880\" data-end=\"2119\">Since the cream is made with medicinal herbs, the manufacturer also recommends using it as part of aromatherapy. While warming it in your palms, inhale the natural aroma of the plants \u2014 this will help to get the maximum benefit for both the skin of the face and the entire body.<\/p>","protected":false},"excerpt":{"rendered":"<p>THE HISTORY OF WHOO Intensive Nutritive Cream is a nourishing anti-aging face cream that contains powerful rejuvenating ingredients and ensures intensive skin renewal. The cream actively works against wrinkles, helps reduce all signs of aging, and eliminates dryness, flaking, and premature skin withering. The formula does not contain preservatives, synthetic care ingredient substitutes, dyes, or fragrances. It is based on medicinal herbs that have been traditionally used\u2026<\/p>","protected":false},"featured_media":17409,"comment_status":"open","ping_status":"closed","template":"","meta":{"_uf_show_specific_survey":0,"_uf_disable_surveys":false,"_bst_post_transparent":"default","_bst_post_title":"","_bst_post_layout":"default","_bst_post_sidebar_id":"","_bst_post_content_style":"default","_bst_post_vertical_padding":"default","_bst_post_feature":"","_bst_post_feature_position":"","_bst_post_header":false,"_bst_post_footer":false},"pwb-brand":[494],"product_brand":[],"product_cat":[92,96],"product_tag":[568,1079,1078],"class_list":{"0":"post-17403","1":"product","2":"type-product","3":"status-publish","4":"has-post-thumbnail","6":"pwb-brand-the-history-of-whoo","7":"product_cat-nagu","8":"product_cat-naokreemid","9":"product_tag-korea","10":"product_tag-naha-elastsus","11":"product_tag-vananemisvastane-hooldus-kortsude-vahendamine-naha-noorendamine","13":"first","14":"instock","15":"sale","16":"shipping-taxable","17":"purchasable","18":"product-type-variable","19":"has-default-attributes","20":"entry","21":"content-bg","22":"loop-entry"},"supplier_id":null,"supplier_sku":"","barcode":null,"atum_controlled":true,"out_stock_date":null,"out_stock_threshold":null,"inheritable":true,"inbound_stock":0,"stock_on_hold":0,"sold_today":0,"sales_last_days":10,"out_stock_days":0,"lost_sales":0,"has_location":false,"update_date":"2026-04-14T00:05:13","atum_locations":[],"atum_stock_status":"instock","restock_status":false,"low_stock_amount":"","sales_update_date":"2026-04-14T00:05:13","calc_backorders":null,"yoast_head":"<!-- This site is optimized with the Yoast SEO plugin v27.2 - https:\/\/yoast.com\/product\/yoast-seo-wordpress\/ -->\n<title>The History of Whoo Gongjinhyang Intensive Nutritive Cream - IDA.KOREA<\/title>\n<meta name=\"description\" content=\"Kreem toimib aktiivselt kortsude vastu, aitab v\u00e4hendada k\u00f5iki vananemism\u00e4rke ning k\u00f5rvaldab kuivuse, ketenduse ja enneaegse naha n\u00e4rbumise.\" \/>\n<meta name=\"robots\" content=\"index, follow, max-snippet:-1, max-image-preview:large, max-video-preview:-1\" \/>\n<link rel=\"canonical\" href=\"https:\/\/idakorea.ee\/en\/product\/the-history-of-whoo-gongjinhyang-intensive-nutritive-cream\/\" \/>\n<meta property=\"og:locale\" content=\"en_US\" \/>\n<meta property=\"og:type\" content=\"article\" \/>\n<meta property=\"og:title\" content=\"The History of Whoo Gongjinhyang Intensive Nutritive Cream - IDA.KOREA\" \/>\n<meta property=\"og:description\" content=\"Kreem toimib aktiivselt kortsude vastu, aitab v\u00e4hendada k\u00f5iki vananemism\u00e4rke ning k\u00f5rvaldab kuivuse, ketenduse ja enneaegse naha n\u00e4rbumise.\" \/>\n<meta property=\"og:url\" content=\"https:\/\/idakorea.ee\/en\/product\/the-history-of-whoo-gongjinhyang-intensive-nutritive-cream\/\" \/>\n<meta property=\"og:site_name\" content=\"IDA.KOREA\" \/>\n<meta property=\"article:modified_time\" content=\"2026-04-09T12:43:18+00:00\" \/>\n<meta property=\"og:image\" content=\"https:\/\/idakorea.ee\/wp-content\/uploads\/2026\/01\/thewhoocream-idakorea.jpg\" \/>\n\t<meta property=\"og:image:width\" content=\"700\" \/>\n\t<meta property=\"og:image:height\" content=\"702\" \/>\n\t<meta property=\"og:image:type\" content=\"image\/jpeg\" \/>\n<meta name=\"twitter:card\" content=\"summary_large_image\" \/>\n<meta name=\"twitter:label1\" content=\"Est. reading time\" \/>\n\t<meta name=\"twitter:data1\" content=\"2 minutes\" \/>\n<script type=\"application\/ld+json\" class=\"yoast-schema-graph\">{\"@context\":\"https:\/\/schema.org\",\"@graph\":[{\"@type\":\"WebPage\",\"@id\":\"https:\/\/idakorea.ee\/product\/the-history-of-whoo-gongjinhyang-intensive-nutritive-cream\/\",\"url\":\"https:\/\/idakorea.ee\/product\/the-history-of-whoo-gongjinhyang-intensive-nutritive-cream\/\",\"name\":\"The History of Whoo Gongjinhyang Intensive Nutritive Cream - IDA.KOREA\",\"isPartOf\":{\"@id\":\"https:\/\/idakorea.ee\/#website\"},\"primaryImageOfPage\":{\"@id\":\"https:\/\/idakorea.ee\/product\/the-history-of-whoo-gongjinhyang-intensive-nutritive-cream\/#primaryimage\"},\"image\":{\"@id\":\"https:\/\/idakorea.ee\/product\/the-history-of-whoo-gongjinhyang-intensive-nutritive-cream\/#primaryimage\"},\"thumbnailUrl\":\"https:\/\/idakorea.ee\/wp-content\/uploads\/2026\/01\/thewhoocream-idakorea.jpg\",\"datePublished\":\"2026-01-26T12:52:34+00:00\",\"dateModified\":\"2026-04-09T12:43:18+00:00\",\"description\":\"Kreem toimib aktiivselt kortsude vastu, aitab v\u00e4hendada k\u00f5iki vananemism\u00e4rke ning k\u00f5rvaldab kuivuse, ketenduse ja enneaegse naha n\u00e4rbumise.\",\"breadcrumb\":{\"@id\":\"https:\/\/idakorea.ee\/product\/the-history-of-whoo-gongjinhyang-intensive-nutritive-cream\/#breadcrumb\"},\"inLanguage\":\"en-US\",\"potentialAction\":[{\"@type\":\"ReadAction\",\"target\":[\"https:\/\/idakorea.ee\/product\/the-history-of-whoo-gongjinhyang-intensive-nutritive-cream\/\"]}]},{\"@type\":\"ImageObject\",\"inLanguage\":\"en-US\",\"@id\":\"https:\/\/idakorea.ee\/product\/the-history-of-whoo-gongjinhyang-intensive-nutritive-cream\/#primaryimage\",\"url\":\"https:\/\/idakorea.ee\/wp-content\/uploads\/2026\/01\/thewhoocream-idakorea.jpg\",\"contentUrl\":\"https:\/\/idakorea.ee\/wp-content\/uploads\/2026\/01\/thewhoocream-idakorea.jpg\",\"width\":700,\"height\":702},{\"@type\":\"BreadcrumbList\",\"@id\":\"https:\/\/idakorea.ee\/product\/the-history-of-whoo-gongjinhyang-intensive-nutritive-cream\/#breadcrumb\",\"itemListElement\":[{\"@type\":\"ListItem\",\"position\":1,\"name\":\"\u0413\u043b\u0430\u0432\u043d\u0430\u044f \u0441\u0442\u0440\u0430\u043d\u0438\u0446\u0430\",\"item\":\"https:\/\/idakorea.ee\/\"},{\"@type\":\"ListItem\",\"position\":2,\"name\":\"Shop\",\"item\":\"https:\/\/idakorea.ee\/shop-2\/\"},{\"@type\":\"ListItem\",\"position\":3,\"name\":\"Toitev vananemisvastane n\u00e4okreem The History of Whoo Gongjinhyang Intensive Nutritive Cream\"}]},{\"@type\":\"WebSite\",\"@id\":\"https:\/\/idakorea.ee\/#website\",\"url\":\"https:\/\/idakorea.ee\/\",\"name\":\"IDA.KOREA\",\"description\":\"Korea kosmeetika e-pood\",\"publisher\":{\"@id\":\"https:\/\/idakorea.ee\/#organization\"},\"alternateName\":\"Beauty Shop\",\"potentialAction\":[{\"@type\":\"SearchAction\",\"target\":{\"@type\":\"EntryPoint\",\"urlTemplate\":\"https:\/\/idakorea.ee\/?s={search_term_string}\"},\"query-input\":{\"@type\":\"PropertyValueSpecification\",\"valueRequired\":true,\"valueName\":\"search_term_string\"}}],\"inLanguage\":\"en-US\"},{\"@type\":\"Organization\",\"@id\":\"https:\/\/idakorea.ee\/#organization\",\"name\":\"IDA.KOREA\",\"url\":\"https:\/\/idakorea.ee\/\",\"logo\":{\"@type\":\"ImageObject\",\"inLanguage\":\"en-US\",\"@id\":\"https:\/\/idakorea.ee\/#\/schema\/logo\/image\/\",\"url\":\"https:\/\/idakorea.ee\/wp-content\/uploads\/2024\/05\/cropped-korea3.png\",\"contentUrl\":\"https:\/\/idakorea.ee\/wp-content\/uploads\/2024\/05\/cropped-korea3.png\",\"width\":688,\"height\":126,\"caption\":\"IDA.KOREA\"},\"image\":{\"@id\":\"https:\/\/idakorea.ee\/#\/schema\/logo\/image\/\"},\"sameAs\":[\"https:\/\/www.instagram.com\/ida.korea\/\"]}]}<\/script>\n<!-- \/ Yoast SEO plugin. -->","yoast_head_json":{"title":"The History of Whoo Gongjinhyang Intensive Nutritive Cream - IDA.KOREA","description":"The cream actively works against wrinkles, helps reduce all signs of aging, and eliminates dryness, flaking, and premature skin wilting.","robots":{"index":"index","follow":"follow","max-snippet":"max-snippet:-1","max-image-preview":"max-image-preview:large","max-video-preview":"max-video-preview:-1"},"canonical":"https:\/\/idakorea.ee\/en\/product\/the-history-of-whoo-gongjinhyang-intensive-nutritive-cream\/","og_locale":"en_US","og_type":"article","og_title":"The History of Whoo Gongjinhyang Intensive Nutritive Cream - IDA.KOREA","og_description":"Kreem toimib aktiivselt kortsude vastu, aitab v\u00e4hendada k\u00f5iki vananemism\u00e4rke ning k\u00f5rvaldab kuivuse, ketenduse ja enneaegse naha n\u00e4rbumise.","og_url":"https:\/\/idakorea.ee\/en\/product\/the-history-of-whoo-gongjinhyang-intensive-nutritive-cream\/","og_site_name":"IDA.KOREA","article_modified_time":"2026-04-09T12:43:18+00:00","og_image":[{"width":700,"height":702,"url":"https:\/\/idakorea.ee\/wp-content\/uploads\/2026\/01\/thewhoocream-idakorea.jpg","type":"image\/jpeg"}],"twitter_card":"summary_large_image","twitter_misc":{"Est. reading time":"2 minutes"},"schema":{"@context":"https:\/\/schema.org","@graph":[{"@type":"WebPage","@id":"https:\/\/idakorea.ee\/product\/the-history-of-whoo-gongjinhyang-intensive-nutritive-cream\/","url":"https:\/\/idakorea.ee\/product\/the-history-of-whoo-gongjinhyang-intensive-nutritive-cream\/","name":"The History of Whoo Gongjinhyang Intensive Nutritive Cream - IDA.KOREA","isPartOf":{"@id":"https:\/\/idakorea.ee\/#website"},"primaryImageOfPage":{"@id":"https:\/\/idakorea.ee\/product\/the-history-of-whoo-gongjinhyang-intensive-nutritive-cream\/#primaryimage"},"image":{"@id":"https:\/\/idakorea.ee\/product\/the-history-of-whoo-gongjinhyang-intensive-nutritive-cream\/#primaryimage"},"thumbnailUrl":"https:\/\/idakorea.ee\/wp-content\/uploads\/2026\/01\/thewhoocream-idakorea.jpg","datePublished":"2026-01-26T12:52:34+00:00","dateModified":"2026-04-09T12:43:18+00:00","description":"The cream actively works against wrinkles, helps reduce all signs of aging, and eliminates dryness, flaking, and premature skin wilting.","breadcrumb":{"@id":"https:\/\/idakorea.ee\/product\/the-history-of-whoo-gongjinhyang-intensive-nutritive-cream\/#breadcrumb"},"inLanguage":"en-US","potentialAction":[{"@type":"ReadAction","target":["https:\/\/idakorea.ee\/product\/the-history-of-whoo-gongjinhyang-intensive-nutritive-cream\/"]}]},{"@type":"ImageObject","inLanguage":"en-US","@id":"https:\/\/idakorea.ee\/product\/the-history-of-whoo-gongjinhyang-intensive-nutritive-cream\/#primaryimage","url":"https:\/\/idakorea.ee\/wp-content\/uploads\/2026\/01\/thewhoocream-idakorea.jpg","contentUrl":"https:\/\/idakorea.ee\/wp-content\/uploads\/2026\/01\/thewhoocream-idakorea.jpg","width":700,"height":702},{"@type":"BreadcrumbList","@id":"https:\/\/idakorea.ee\/product\/the-history-of-whoo-gongjinhyang-intensive-nutritive-cream\/#breadcrumb","itemListElement":[{"@type":"ListItem","position":1,"name":"\u0413\u043b\u0430\u0432\u043d\u0430\u044f \u0441\u0442\u0440\u0430\u043d\u0438\u0446\u0430","item":"https:\/\/idakorea.ee\/"},{"@type":"ListItem","position":2,"name":"Shop","item":"https:\/\/idakorea.ee\/shop-2\/"},{"@type":"ListItem","position":3,"name":"Toitev vananemisvastane n\u00e4okreem The History of Whoo Gongjinhyang Intensive Nutritive Cream"}]},{"@type":"WebSite","@id":"https:\/\/idakorea.ee\/#website","url":"https:\/\/idakorea.ee\/","name":"IDA.KOREA","description":"Korean cosmetics e-shop","publisher":{"@id":"https:\/\/idakorea.ee\/#organization"},"alternateName":"Beauty Shop","potentialAction":[{"@type":"SearchAction","target":{"@type":"EntryPoint","urlTemplate":"https:\/\/idakorea.ee\/?s={search_term_string}"},"query-input":{"@type":"PropertyValueSpecification","valueRequired":true,"valueName":"search_term_string"}}],"inLanguage":"en-US"},{"@type":"Organization","@id":"https:\/\/idakorea.ee\/#organization","name":"IDA.KOREA","url":"https:\/\/idakorea.ee\/","logo":{"@type":"ImageObject","inLanguage":"en-US","@id":"https:\/\/idakorea.ee\/#\/schema\/logo\/image\/","url":"https:\/\/idakorea.ee\/wp-content\/uploads\/2024\/05\/cropped-korea3.png","contentUrl":"https:\/\/idakorea.ee\/wp-content\/uploads\/2024\/05\/cropped-korea3.png","width":688,"height":126,"caption":"IDA.KOREA"},"image":{"@id":"https:\/\/idakorea.ee\/#\/schema\/logo\/image\/"},"sameAs":["https:\/\/www.instagram.com\/ida.korea\/"]}]}},"jetpack_sharing_enabled":true,"brands":[{"id":494,"name":"THE HISTORY OF WHOO","slug":"the-history-of-whoo"}],"_links":{"self":[{"href":"https:\/\/idakorea.ee\/en\/wp-json\/wp\/v2\/product\/17403","targetHints":{"allow":["GET"]}}],"collection":[{"href":"https:\/\/idakorea.ee\/en\/wp-json\/wp\/v2\/product"}],"about":[{"href":"https:\/\/idakorea.ee\/en\/wp-json\/wp\/v2\/types\/product"}],"replies":[{"embeddable":true,"href":"https:\/\/idakorea.ee\/en\/wp-json\/wp\/v2\/comments?post=17403"}],"version-history":[{"count":1,"href":"https:\/\/idakorea.ee\/en\/wp-json\/wp\/v2\/product\/17403\/revisions"}],"predecessor-version":[{"id":17408,"href":"https:\/\/idakorea.ee\/en\/wp-json\/wp\/v2\/product\/17403\/revisions\/17408"}],"wp:featuredmedia":[{"embeddable":true,"href":"https:\/\/idakorea.ee\/en\/wp-json\/wp\/v2\/media\/17409"}],"wp:attachment":[{"href":"https:\/\/idakorea.ee\/en\/wp-json\/wp\/v2\/media?parent=17403"}],"wp:term":[{"taxonomy":"pwb-brand","embeddable":true,"href":"https:\/\/idakorea.ee\/en\/wp-json\/wp\/v2\/pwb-brand?post=17403"},{"taxonomy":"product_brand","embeddable":true,"href":"https:\/\/idakorea.ee\/en\/wp-json\/wp\/v2\/product_brand?post=17403"},{"taxonomy":"product_cat","embeddable":true,"href":"https:\/\/idakorea.ee\/en\/wp-json\/wp\/v2\/product_cat?post=17403"},{"taxonomy":"product_tag","embeddable":true,"href":"https:\/\/idakorea.ee\/en\/wp-json\/wp\/v2\/product_tag?post=17403"}],"curies":[{"name":"wp","href":"https:\/\/api.w.org\/{rel}","templated":true}]}}