{"id":17534,"date":"2026-01-31T16:35:14","date_gmt":"2026-01-31T14:35:14","guid":{"rendered":"https:\/\/idakorea.ee\/?post_type=product&#038;p=17534"},"modified":"2026-03-26T19:56:55","modified_gmt":"2026-03-26T17:56:55","slug":"missha-time-revolution-retinol-500-shot-wrapping-mask-80g","status":"publish","type":"product","link":"https:\/\/idakorea.ee\/en\/product\/missha-time-revolution-retinol-500-shot-wrapping-mask-80g\/","title":{"rendered":"Film mask Missha Time Revolution Retinol 500 Shot Wrapping Mask, 80g"},"content":{"rendered":"<div class=\"flex max-w-full flex-col grow\">\n<div class=\"min-h-8 text-message relative flex w-full flex-col items-end gap-2 text-start break-words whitespace-normal [.text-message+&amp;]:mt-1\" dir=\"auto\" data-message-author-role=\"assistant\" data-message-id=\"4fdcc656-76c1-4634-8a80-6b88f67e7dcd\" data-message-model-slug=\"gpt-5-2\">\n<div class=\"flex w-full flex-col gap-1 empty:hidden first:pt-[1px]\">\n<div class=\"markdown prose dark:prose-invert w-full wrap-break-word light markdown-new-styling\">\n<p data-start=\"0\" data-end=\"259\"><strong data-start=\"0\" data-end=\"43\">Missha Time Revolution Retinol 500 Shot<\/strong> kilemask pakub lifting-efekti ja m\u00e4rgatavat naha elastsuse paranemist juba p\u00e4rast esimest kasutuskorda. Unikaalne kreemjas tekstuur kleepub tihedalt nahale, \u00fcmbritseb selle ning annab v\u00e4rske ja pinguldatud v\u00e4limuse.<\/p>\n<ul data-start=\"261\" data-end=\"753\">\n<li data-start=\"261\" data-end=\"335\">\n<p data-start=\"263\" data-end=\"335\">Mask taastab naha prinkuse ja elastsuse, mis on aja jooksul v\u00e4henenud.<\/p>\n<\/li>\n<li data-start=\"336\" data-end=\"536\">\n<p data-start=\"338\" data-end=\"536\">Vitamiin A spetsiaalne topeltkapseldamise tehnoloogia tagab s\u00fcgava imendumise ilma nahka koormamata. See v\u00f5imas koostisosa aitab v\u00e4hendada kortse, siluda nahapinda ja taastada noorusliku s\u00e4ra.<\/p>\n<\/li>\n<li data-start=\"537\" data-end=\"650\">\n<p data-start=\"539\" data-end=\"650\">Mask kinnitub kindlalt nahale, suurendades aktiivsete koostisosade imendumist ja nende maksimaalset t\u00f5husust.<\/p>\n<\/li>\n<li data-start=\"651\" data-end=\"753\">\n<p data-start=\"653\" data-end=\"753\">Mask on loodud kortsude v\u00e4hendamiseks ja nahatooni helendamiseks, andes nahale terve ja s\u00e4rava jume.<\/p>\n<\/li>\n<\/ul>\n<p data-start=\"755\" data-end=\"783\"><strong data-start=\"759\" data-end=\"783\">Peamised toimeained:<\/strong><\/p>\n<ul data-start=\"784\" data-end=\"1631\">\n<li data-start=\"784\" data-end=\"952\">\n<p data-start=\"786\" data-end=\"952\"><strong data-start=\"786\" data-end=\"803\">Niatsiinamiid<\/strong> \u2013 tuntud helendavate ja vananemisvastaste omaduste poolest; parandab naha tekstuuri, v\u00e4hendab pigmentatsiooni ja annab nahale terve v\u00e4ljan\u00e4gemise.<\/p>\n<\/li>\n<li data-start=\"953\" data-end=\"1081\">\n<p data-start=\"955\" data-end=\"1081\"><strong data-start=\"955\" data-end=\"973\">Pentapeptiid-4<\/strong> \u2013 stimuleerib kollageeni ja elastiini tootmist, parandab naha elastsust ja aitab ennetada kortsude teket.<\/p>\n<\/li>\n<li data-start=\"1082\" data-end=\"1184\">\n<p data-start=\"1084\" data-end=\"1184\"><strong data-start=\"1084\" data-end=\"1101\">H\u00fcaluroonhape<\/strong> \u2013 tugeva niisutava toimega; seob niiskust, muutes naha siledaks ja t\u00e4idlasemaks.<\/p>\n<\/li>\n<li data-start=\"1185\" data-end=\"1300\">\n<p data-start=\"1187\" data-end=\"1300\"><strong data-start=\"1187\" data-end=\"1211\">Pioonijuure ekstrakt<\/strong> \u2013 antioks\u00fcdantse toimega, kaitseb nahka keskkonnam\u00f5jude eest ja toetab naha uuenemist.<\/p>\n<\/li>\n<li data-start=\"1301\" data-end=\"1437\">\n<p data-start=\"1303\" data-end=\"1437\"><strong data-start=\"1303\" data-end=\"1315\">Retinool<\/strong> \u2013 kiirendab rakkude uuenemist, silub nahatekstuuri ja v\u00e4hendab kortsude n\u00e4htavust, andes nooruslikuma ja s\u00e4ravama ilme.<\/p>\n<\/li>\n<li data-start=\"1438\" data-end=\"1525\">\n<p data-start=\"1440\" data-end=\"1525\"><strong data-start=\"1440\" data-end=\"1456\">Tseramiid NP<\/strong> \u2013 taastab naha kaitsebarj\u00e4\u00e4ri, hoiab niiskust ja toetab elastsust.<\/p>\n<\/li>\n<li data-start=\"1526\" data-end=\"1631\">\n<p data-start=\"1528\" data-end=\"1631\"><strong data-start=\"1528\" data-end=\"1555\">Lactobacillus\u2019e ferment<\/strong> \u2013 aitab tasakaalustada naha mikrobioomi, toetab naha tervist ja taastumist.<\/p>\n<\/li>\n<\/ul>\n<p data-start=\"1633\" data-end=\"1654\"><strong data-start=\"1637\" data-end=\"1652\">Kasutamine:<\/strong><\/p>\n<p data-start=\"1655\" data-end=\"1939\" data-is-last-node=\"\" data-is-only-node=\"\">P\u00e4rast puhastamist kanna mask \u00fchtlase kihina kogu n\u00e4ole, v\u00e4ltides silmade ja huulte piirkonda. Lase kuivada 10\u201320 minutit, kuni mask on t\u00e4ielikult kuivanud. Eemalda kile ettevaatlikult ja patsuta nahka, et toimeained imenduksid. Kasuta 1\u20132 korda n\u00e4dalas parima tulemuse saavutamiseks.<\/p>\n<\/div>\n<\/div>\n<\/div>\n<\/div>\n<div class=\"z-0 flex min-h-[46px] justify-start\"><\/div>\n<div class=\"border-token-border-light my-2 flex gap-10 border-t pt-4\">\n<div class=\"flex items-center justify-center overflow-hidden h-12 w-12 rounded-lg\"><\/div>\n<\/div>\n","protected":false},"excerpt":{"rendered":"<p>Missha Time Revolution Retinol 500 Shot sheet mask offers a lifting effect and a noticeable improvement in skin elasticity after the first use. The unique creamy texture adheres tightly to the skin, enveloping it and giving it a fresh and tightened appearance. The mask restores skin firmness and elasticity that has decreased over time. The special double encapsulation technology of vitamin A ensures deep absorption without weighing down the skin. This\u2026<\/p>","protected":false},"featured_media":17539,"comment_status":"open","ping_status":"closed","template":"","meta":{"_uf_show_specific_survey":0,"_uf_disable_surveys":false,"_bst_post_transparent":"default","_bst_post_title":"","_bst_post_layout":"default","_bst_post_sidebar_id":"","_bst_post_content_style":"default","_bst_post_vertical_padding":"default","_bst_post_feature":"","_bst_post_feature_position":"","_bst_post_header":false,"_bst_post_footer":false},"pwb-brand":[631],"product_brand":[],"product_cat":[92,98],"product_tag":[1105,202,632,1104,1083],"class_list":{"0":"post-17534","1":"product","2":"type-product","3":"status-publish","4":"has-post-thumbnail","6":"pwb-brand-missha","7":"product_cat-nagu","8":"product_cat-naomaskid","9":"product_tag-kilemask","10":"product_tag-korea-kosmeetika","11":"product_tag-missha","12":"product_tag-retinooli-mask","13":"product_tag-vananemisvastane-hooldus","15":"first","16":"instock","17":"sale","18":"shipping-taxable","19":"purchasable","20":"product-type-simple","21":"entry","22":"content-bg","23":"loop-entry"},"supplier_id":null,"supplier_sku":"","barcode":null,"atum_controlled":true,"out_stock_date":null,"out_stock_threshold":null,"inheritable":false,"inbound_stock":0,"stock_on_hold":0,"sold_today":0,"sales_last_days":1,"out_stock_days":0,"lost_sales":0,"has_location":false,"update_date":"2026-04-14T00:05:12","atum_locations":[],"atum_stock_status":"instock","restock_status":false,"low_stock_amount":"","sales_update_date":"2026-04-14T00:05:12","calc_backorders":null,"yoast_head":"<!-- This site is optimized with the Yoast SEO plugin v27.2 - https:\/\/yoast.com\/product\/yoast-seo-wordpress\/ -->\n<title>Missha Time Revolution Retinol 500 Shot Wrapping Mask, 80g - IDA.KOREA<\/title>\n<meta name=\"description\" content=\"Kilemask pakub lifting-efekti ja m\u00e4rgatavat naha elastsuse paranemist juba p\u00e4rast esimest kasutuskorda. Mask taastab naha prinkuse ja elastsuse. Kiire tarne\" \/>\n<meta name=\"robots\" content=\"index, follow, max-snippet:-1, max-image-preview:large, max-video-preview:-1\" \/>\n<link rel=\"canonical\" href=\"https:\/\/idakorea.ee\/en\/product\/missha-time-revolution-retinol-500-shot-wrapping-mask-80g\/\" \/>\n<meta property=\"og:locale\" content=\"en_US\" \/>\n<meta property=\"og:type\" content=\"article\" \/>\n<meta property=\"og:title\" content=\"Missha Time Revolution Retinol 500 Shot Wrapping Mask, 80g - IDA.KOREA\" \/>\n<meta property=\"og:description\" content=\"Kilemask pakub lifting-efekti ja m\u00e4rgatavat naha elastsuse paranemist juba p\u00e4rast esimest kasutuskorda. Mask taastab naha prinkuse ja elastsuse. Kiire tarne\" \/>\n<meta property=\"og:url\" content=\"https:\/\/idakorea.ee\/en\/product\/missha-time-revolution-retinol-500-shot-wrapping-mask-80g\/\" \/>\n<meta property=\"og:site_name\" content=\"IDA.KOREA\" \/>\n<meta property=\"article:modified_time\" content=\"2026-03-26T17:56:55+00:00\" \/>\n<meta property=\"og:image\" content=\"https:\/\/idakorea.ee\/wp-content\/uploads\/2026\/01\/MISSHATimeRevolution500ShotWrappingMask80g-idakorea.webp\" \/>\n\t<meta property=\"og:image:width\" content=\"1000\" \/>\n\t<meta property=\"og:image:height\" content=\"1000\" \/>\n\t<meta property=\"og:image:type\" content=\"image\/webp\" \/>\n<meta name=\"twitter:card\" content=\"summary_large_image\" \/>\n<meta name=\"twitter:label1\" content=\"Est. reading time\" \/>\n\t<meta name=\"twitter:data1\" content=\"2 minutes\" \/>\n<script type=\"application\/ld+json\" class=\"yoast-schema-graph\">{\"@context\":\"https:\/\/schema.org\",\"@graph\":[{\"@type\":\"WebPage\",\"@id\":\"https:\/\/idakorea.ee\/product\/missha-time-revolution-retinol-500-shot-wrapping-mask-80g\/\",\"url\":\"https:\/\/idakorea.ee\/product\/missha-time-revolution-retinol-500-shot-wrapping-mask-80g\/\",\"name\":\"Missha Time Revolution Retinol 500 Shot Wrapping Mask, 80g - IDA.KOREA\",\"isPartOf\":{\"@id\":\"https:\/\/idakorea.ee\/#website\"},\"primaryImageOfPage\":{\"@id\":\"https:\/\/idakorea.ee\/product\/missha-time-revolution-retinol-500-shot-wrapping-mask-80g\/#primaryimage\"},\"image\":{\"@id\":\"https:\/\/idakorea.ee\/product\/missha-time-revolution-retinol-500-shot-wrapping-mask-80g\/#primaryimage\"},\"thumbnailUrl\":\"https:\/\/idakorea.ee\/wp-content\/uploads\/2026\/01\/MISSHATimeRevolution500ShotWrappingMask80g-idakorea.webp\",\"datePublished\":\"2026-01-31T14:35:14+00:00\",\"dateModified\":\"2026-03-26T17:56:55+00:00\",\"description\":\"Kilemask pakub lifting-efekti ja m\u00e4rgatavat naha elastsuse paranemist juba p\u00e4rast esimest kasutuskorda. Mask taastab naha prinkuse ja elastsuse. Kiire tarne\",\"breadcrumb\":{\"@id\":\"https:\/\/idakorea.ee\/product\/missha-time-revolution-retinol-500-shot-wrapping-mask-80g\/#breadcrumb\"},\"inLanguage\":\"en-US\",\"potentialAction\":[{\"@type\":\"ReadAction\",\"target\":[\"https:\/\/idakorea.ee\/product\/missha-time-revolution-retinol-500-shot-wrapping-mask-80g\/\"]}]},{\"@type\":\"ImageObject\",\"inLanguage\":\"en-US\",\"@id\":\"https:\/\/idakorea.ee\/product\/missha-time-revolution-retinol-500-shot-wrapping-mask-80g\/#primaryimage\",\"url\":\"https:\/\/idakorea.ee\/wp-content\/uploads\/2026\/01\/MISSHATimeRevolution500ShotWrappingMask80g-idakorea.webp\",\"contentUrl\":\"https:\/\/idakorea.ee\/wp-content\/uploads\/2026\/01\/MISSHATimeRevolution500ShotWrappingMask80g-idakorea.webp\",\"width\":1000,\"height\":1000},{\"@type\":\"BreadcrumbList\",\"@id\":\"https:\/\/idakorea.ee\/product\/missha-time-revolution-retinol-500-shot-wrapping-mask-80g\/#breadcrumb\",\"itemListElement\":[{\"@type\":\"ListItem\",\"position\":1,\"name\":\"\u0413\u043b\u0430\u0432\u043d\u0430\u044f \u0441\u0442\u0440\u0430\u043d\u0438\u0446\u0430\",\"item\":\"https:\/\/idakorea.ee\/\"},{\"@type\":\"ListItem\",\"position\":2,\"name\":\"Shop\",\"item\":\"https:\/\/idakorea.ee\/shop-2\/\"},{\"@type\":\"ListItem\",\"position\":3,\"name\":\"Kilemask Missha Time Revolution Retinol 500 Shot Wrapping Mask, 80g\"}]},{\"@type\":\"WebSite\",\"@id\":\"https:\/\/idakorea.ee\/#website\",\"url\":\"https:\/\/idakorea.ee\/\",\"name\":\"IDA.KOREA\",\"description\":\"Korea kosmeetika e-pood\",\"publisher\":{\"@id\":\"https:\/\/idakorea.ee\/#organization\"},\"alternateName\":\"Beauty Shop\",\"potentialAction\":[{\"@type\":\"SearchAction\",\"target\":{\"@type\":\"EntryPoint\",\"urlTemplate\":\"https:\/\/idakorea.ee\/?s={search_term_string}\"},\"query-input\":{\"@type\":\"PropertyValueSpecification\",\"valueRequired\":true,\"valueName\":\"search_term_string\"}}],\"inLanguage\":\"en-US\"},{\"@type\":\"Organization\",\"@id\":\"https:\/\/idakorea.ee\/#organization\",\"name\":\"IDA.KOREA\",\"url\":\"https:\/\/idakorea.ee\/\",\"logo\":{\"@type\":\"ImageObject\",\"inLanguage\":\"en-US\",\"@id\":\"https:\/\/idakorea.ee\/#\/schema\/logo\/image\/\",\"url\":\"https:\/\/idakorea.ee\/wp-content\/uploads\/2024\/05\/cropped-korea3.png\",\"contentUrl\":\"https:\/\/idakorea.ee\/wp-content\/uploads\/2024\/05\/cropped-korea3.png\",\"width\":688,\"height\":126,\"caption\":\"IDA.KOREA\"},\"image\":{\"@id\":\"https:\/\/idakorea.ee\/#\/schema\/logo\/image\/\"},\"sameAs\":[\"https:\/\/www.instagram.com\/ida.korea\/\"]}]}<\/script>\n<!-- \/ Yoast SEO plugin. -->","yoast_head_json":{"title":"Missha Time Revolution Retinol 500 Shot Wrapping Mask, 80g - IDA.KOREA","description":"The sheet mask provides a lifting effect and a noticeable improvement in skin elasticity after the first use. The mask restores skin firmness and elasticity. Fast delivery","robots":{"index":"index","follow":"follow","max-snippet":"max-snippet:-1","max-image-preview":"max-image-preview:large","max-video-preview":"max-video-preview:-1"},"canonical":"https:\/\/idakorea.ee\/en\/product\/missha-time-revolution-retinol-500-shot-wrapping-mask-80g\/","og_locale":"en_US","og_type":"article","og_title":"Missha Time Revolution Retinol 500 Shot Wrapping Mask, 80g - IDA.KOREA","og_description":"Kilemask pakub lifting-efekti ja m\u00e4rgatavat naha elastsuse paranemist juba p\u00e4rast esimest kasutuskorda. Mask taastab naha prinkuse ja elastsuse. Kiire tarne","og_url":"https:\/\/idakorea.ee\/en\/product\/missha-time-revolution-retinol-500-shot-wrapping-mask-80g\/","og_site_name":"IDA.KOREA","article_modified_time":"2026-03-26T17:56:55+00:00","og_image":[{"width":1000,"height":1000,"url":"https:\/\/idakorea.ee\/wp-content\/uploads\/2026\/01\/MISSHATimeRevolution500ShotWrappingMask80g-idakorea.webp","type":"image\/webp"}],"twitter_card":"summary_large_image","twitter_misc":{"Est. reading time":"2 minutes"},"schema":{"@context":"https:\/\/schema.org","@graph":[{"@type":"WebPage","@id":"https:\/\/idakorea.ee\/product\/missha-time-revolution-retinol-500-shot-wrapping-mask-80g\/","url":"https:\/\/idakorea.ee\/product\/missha-time-revolution-retinol-500-shot-wrapping-mask-80g\/","name":"Missha Time Revolution Retinol 500 Shot Wrapping Mask, 80g - IDA.KOREA","isPartOf":{"@id":"https:\/\/idakorea.ee\/#website"},"primaryImageOfPage":{"@id":"https:\/\/idakorea.ee\/product\/missha-time-revolution-retinol-500-shot-wrapping-mask-80g\/#primaryimage"},"image":{"@id":"https:\/\/idakorea.ee\/product\/missha-time-revolution-retinol-500-shot-wrapping-mask-80g\/#primaryimage"},"thumbnailUrl":"https:\/\/idakorea.ee\/wp-content\/uploads\/2026\/01\/MISSHATimeRevolution500ShotWrappingMask80g-idakorea.webp","datePublished":"2026-01-31T14:35:14+00:00","dateModified":"2026-03-26T17:56:55+00:00","description":"The sheet mask provides a lifting effect and a noticeable improvement in skin elasticity after the first use. The mask restores skin firmness and elasticity. Fast delivery","breadcrumb":{"@id":"https:\/\/idakorea.ee\/product\/missha-time-revolution-retinol-500-shot-wrapping-mask-80g\/#breadcrumb"},"inLanguage":"en-US","potentialAction":[{"@type":"ReadAction","target":["https:\/\/idakorea.ee\/product\/missha-time-revolution-retinol-500-shot-wrapping-mask-80g\/"]}]},{"@type":"ImageObject","inLanguage":"en-US","@id":"https:\/\/idakorea.ee\/product\/missha-time-revolution-retinol-500-shot-wrapping-mask-80g\/#primaryimage","url":"https:\/\/idakorea.ee\/wp-content\/uploads\/2026\/01\/MISSHATimeRevolution500ShotWrappingMask80g-idakorea.webp","contentUrl":"https:\/\/idakorea.ee\/wp-content\/uploads\/2026\/01\/MISSHATimeRevolution500ShotWrappingMask80g-idakorea.webp","width":1000,"height":1000},{"@type":"BreadcrumbList","@id":"https:\/\/idakorea.ee\/product\/missha-time-revolution-retinol-500-shot-wrapping-mask-80g\/#breadcrumb","itemListElement":[{"@type":"ListItem","position":1,"name":"\u0413\u043b\u0430\u0432\u043d\u0430\u044f \u0441\u0442\u0440\u0430\u043d\u0438\u0446\u0430","item":"https:\/\/idakorea.ee\/"},{"@type":"ListItem","position":2,"name":"Shop","item":"https:\/\/idakorea.ee\/shop-2\/"},{"@type":"ListItem","position":3,"name":"Kilemask Missha Time Revolution Retinol 500 Shot Wrapping Mask, 80g"}]},{"@type":"WebSite","@id":"https:\/\/idakorea.ee\/#website","url":"https:\/\/idakorea.ee\/","name":"IDA.KOREA","description":"Korean cosmetics e-shop","publisher":{"@id":"https:\/\/idakorea.ee\/#organization"},"alternateName":"Beauty Shop","potentialAction":[{"@type":"SearchAction","target":{"@type":"EntryPoint","urlTemplate":"https:\/\/idakorea.ee\/?s={search_term_string}"},"query-input":{"@type":"PropertyValueSpecification","valueRequired":true,"valueName":"search_term_string"}}],"inLanguage":"en-US"},{"@type":"Organization","@id":"https:\/\/idakorea.ee\/#organization","name":"IDA.KOREA","url":"https:\/\/idakorea.ee\/","logo":{"@type":"ImageObject","inLanguage":"en-US","@id":"https:\/\/idakorea.ee\/#\/schema\/logo\/image\/","url":"https:\/\/idakorea.ee\/wp-content\/uploads\/2024\/05\/cropped-korea3.png","contentUrl":"https:\/\/idakorea.ee\/wp-content\/uploads\/2024\/05\/cropped-korea3.png","width":688,"height":126,"caption":"IDA.KOREA"},"image":{"@id":"https:\/\/idakorea.ee\/#\/schema\/logo\/image\/"},"sameAs":["https:\/\/www.instagram.com\/ida.korea\/"]}]}},"jetpack_sharing_enabled":true,"brands":[{"id":631,"name":"MISSHA","slug":"missha"}],"_links":{"self":[{"href":"https:\/\/idakorea.ee\/en\/wp-json\/wp\/v2\/product\/17534","targetHints":{"allow":["GET"]}}],"collection":[{"href":"https:\/\/idakorea.ee\/en\/wp-json\/wp\/v2\/product"}],"about":[{"href":"https:\/\/idakorea.ee\/en\/wp-json\/wp\/v2\/types\/product"}],"replies":[{"embeddable":true,"href":"https:\/\/idakorea.ee\/en\/wp-json\/wp\/v2\/comments?post=17534"}],"version-history":[{"count":1,"href":"https:\/\/idakorea.ee\/en\/wp-json\/wp\/v2\/product\/17534\/revisions"}],"predecessor-version":[{"id":17538,"href":"https:\/\/idakorea.ee\/en\/wp-json\/wp\/v2\/product\/17534\/revisions\/17538"}],"wp:featuredmedia":[{"embeddable":true,"href":"https:\/\/idakorea.ee\/en\/wp-json\/wp\/v2\/media\/17539"}],"wp:attachment":[{"href":"https:\/\/idakorea.ee\/en\/wp-json\/wp\/v2\/media?parent=17534"}],"wp:term":[{"taxonomy":"pwb-brand","embeddable":true,"href":"https:\/\/idakorea.ee\/en\/wp-json\/wp\/v2\/pwb-brand?post=17534"},{"taxonomy":"product_brand","embeddable":true,"href":"https:\/\/idakorea.ee\/en\/wp-json\/wp\/v2\/product_brand?post=17534"},{"taxonomy":"product_cat","embeddable":true,"href":"https:\/\/idakorea.ee\/en\/wp-json\/wp\/v2\/product_cat?post=17534"},{"taxonomy":"product_tag","embeddable":true,"href":"https:\/\/idakorea.ee\/en\/wp-json\/wp\/v2\/product_tag?post=17534"}],"curies":[{"name":"wp","href":"https:\/\/api.w.org\/{rel}","templated":true}]}}