{"id":17540,"date":"2026-01-31T16:50:21","date_gmt":"2026-01-31T14:50:21","guid":{"rendered":"https:\/\/idakorea.ee\/?post_type=product&#038;p=17540"},"modified":"2026-03-20T16:33:52","modified_gmt":"2026-03-20T14:33:52","slug":"missha-time-revolution-retinol-500-shot-cream-60ml","status":"publish","type":"product","link":"https:\/\/idakorea.ee\/en\/product\/missha-time-revolution-retinol-500-shot-cream-60ml\/","title":{"rendered":"Anti-aging face cream Missha Time Revolution Retinol 500 Shot Cream, 60ml"},"content":{"rendered":"<p data-start=\"0\" data-end=\"441\">Anti-aging face cream <strong>Missha Time Revolution Retinol 500 Shot Cream<\/strong> is a powerful and highly effective care product designed to improve the appearance and texture of the skin. Regular use helps to lighten pigment spots and even out the overall skin tone. The cream&#039;s exclusive formula is based on an innovative double encapsulation technology, which stabilizes retinol by enclosing it in microcapsules. This ensures maximum effect without excessive skin irritation.<\/p>\n<p data-start=\"443\" data-end=\"624\">The double encapsulation method provides reliable protection for the skin and allows active ingredients to be better absorbed and work with maximum efficiency, providing visible and lasting results.<\/p>\n<p data-start=\"626\" data-end=\"656\"><strong data-start=\"630\" data-end=\"656\">Active ingredients:<\/strong><\/p>\n<ul data-start=\"657\" data-end=\"1396\">\n<li data-start=\"657\" data-end=\"982\">\n<p data-start=\"659\" data-end=\"982\"><strong data-start=\"659\" data-end=\"680\">Retinol (500 IU)<\/strong> \u2013 helps fight pigmentation and regulates the work of the sebaceous glands. Improves skin tone by stimulating the synthesis of collagen and elastin, and reduces the signs of aging. In addition, it accelerates the renewal of epidermal cells, which is why retinol is one of the most effective anti-aging ingredients and antioxidants.<\/p>\n<\/li>\n<li data-start=\"983\" data-end=\"1396\">\n<p data-start=\"985\" data-end=\"1396\"><strong data-start=\"985\" data-end=\"1016\">Night Repair Extreme Biome\u2122<\/strong> \u2013 a unique complex containing 10 different probiotics, providing a fast and long-lasting effect. The ingredients undergo a special three-stage fermentation, resulting in ultra-small particles. The liposomes included in the formula promote deeper penetration of active ingredients into the skin, increasing elasticity and density, smoothing wrinkles and providing intensive hydration.<\/p>\n<\/li>\n<\/ul>\n<p data-start=\"1398\" data-end=\"1465\">The cream is dermatologically tested and is also suitable for sensitive skin.<\/p>\n<p data-start=\"1467\" data-end=\"1488\"><strong data-start=\"1471\" data-end=\"1486\">Usage:<\/strong><\/p>\n<p data-start=\"1489\" data-end=\"1684\">Apply the required amount of cream to clean skin with gentle patting movements, paying special attention to problem areas such as the eye area, around the lips, the area between the eyebrows and the neck.<\/p>\n<p data-start=\"1686\" data-end=\"1855\" data-is-last-node=\"\" data-is-only-node=\"\"><strong data-start=\"1689\" data-end=\"1701\">Important!<\/strong><br data-start=\"1701\" data-end=\"1704\" \/>Retinol use increases skin sensitivity to sunlight. It is mandatory to use a high SPF sunscreen during the day.<\/p>","protected":false},"excerpt":{"rendered":"<p>Anti-aging face cream Missha Time Revolution Retinol 500 Shot Cream is a powerful and highly effective care product designed to improve the appearance and texture of the skin. Regular use helps to lighten pigment spots and even out the overall skin tone. The cream&#039;s exclusive formula is based on an innovative double encapsulation technology, which stabilizes retinol by enclosing it in microcapsules. This ensures maximum effect without excessive skin irritation\u2026.<\/p>","protected":false},"featured_media":17542,"comment_status":"open","ping_status":"closed","template":"","meta":{"_uf_show_specific_survey":0,"_uf_disable_surveys":false,"_bst_post_transparent":"default","_bst_post_title":"","_bst_post_layout":"default","_bst_post_sidebar_id":"","_bst_post_content_style":"default","_bst_post_vertical_padding":"default","_bst_post_feature":"","_bst_post_feature_position":"","_bst_post_header":false,"_bst_post_footer":false},"pwb-brand":[631],"product_brand":[],"product_cat":[92,96],"product_tag":[202,1107,212,1106],"class_list":{"0":"post-17540","1":"product","2":"type-product","3":"status-publish","4":"has-post-thumbnail","6":"pwb-brand-missha","7":"product_cat-nagu","8":"product_cat-naokreemid","9":"product_tag-korea-kosmeetika","10":"product_tag-pigmentatsiooni-vastane-hooldus","11":"product_tag-retinool","12":"product_tag-vananemisvastane-kreem","14":"first","15":"instock","16":"sale","17":"shipping-taxable","18":"purchasable","19":"product-type-simple","20":"entry","21":"content-bg","22":"loop-entry"},"supplier_id":null,"supplier_sku":"","barcode":null,"atum_controlled":true,"out_stock_date":null,"out_stock_threshold":null,"inheritable":false,"inbound_stock":0,"stock_on_hold":0,"sold_today":0,"sales_last_days":1,"out_stock_days":0,"lost_sales":0,"has_location":false,"update_date":"2026-04-14T00:05:10","atum_locations":[],"atum_stock_status":"instock","restock_status":false,"low_stock_amount":"","sales_update_date":"2026-04-14T00:05:10","calc_backorders":null,"yoast_head":"<!-- This site is optimized with the Yoast SEO plugin v27.2 - https:\/\/yoast.com\/product\/yoast-seo-wordpress\/ -->\n<title>Missha Time Revolution Retinol 500 Shot Cream, 60ml - IDA.KOREA<\/title>\n<meta name=\"description\" content=\"Vananemisvastane n\u00e4okreem on tugeva toime ja k\u00f5rge efektiivsusega hooldustoode, mis on loodud naha v\u00e4limuse ja tekstuuri parandamiseks.\" \/>\n<meta name=\"robots\" content=\"index, follow, max-snippet:-1, max-image-preview:large, max-video-preview:-1\" \/>\n<link rel=\"canonical\" href=\"https:\/\/idakorea.ee\/en\/product\/missha-time-revolution-retinol-500-shot-cream-60ml\/\" \/>\n<meta property=\"og:locale\" content=\"en_US\" \/>\n<meta property=\"og:type\" content=\"article\" \/>\n<meta property=\"og:title\" content=\"Missha Time Revolution Retinol 500 Shot Cream, 60ml - IDA.KOREA\" \/>\n<meta property=\"og:description\" content=\"Vananemisvastane n\u00e4okreem on tugeva toime ja k\u00f5rge efektiivsusega hooldustoode, mis on loodud naha v\u00e4limuse ja tekstuuri parandamiseks.\" \/>\n<meta property=\"og:url\" content=\"https:\/\/idakorea.ee\/en\/product\/missha-time-revolution-retinol-500-shot-cream-60ml\/\" \/>\n<meta property=\"og:site_name\" content=\"IDA.KOREA\" \/>\n<meta property=\"article:modified_time\" content=\"2026-03-20T14:33:52+00:00\" \/>\n<meta property=\"og:image\" content=\"https:\/\/idakorea.ee\/wp-content\/uploads\/2026\/01\/missha-retinol-500-shot-cream-idakorea.webp\" \/>\n\t<meta property=\"og:image:width\" content=\"1000\" \/>\n\t<meta property=\"og:image:height\" content=\"1000\" \/>\n\t<meta property=\"og:image:type\" content=\"image\/webp\" \/>\n<meta name=\"twitter:card\" content=\"summary_large_image\" \/>\n<meta name=\"twitter:label1\" content=\"Est. reading time\" \/>\n\t<meta name=\"twitter:data1\" content=\"2 minutes\" \/>\n<script type=\"application\/ld+json\" class=\"yoast-schema-graph\">{\"@context\":\"https:\/\/schema.org\",\"@graph\":[{\"@type\":\"WebPage\",\"@id\":\"https:\/\/idakorea.ee\/product\/missha-time-revolution-retinol-500-shot-cream-60ml\/\",\"url\":\"https:\/\/idakorea.ee\/product\/missha-time-revolution-retinol-500-shot-cream-60ml\/\",\"name\":\"Missha Time Revolution Retinol 500 Shot Cream, 60ml - IDA.KOREA\",\"isPartOf\":{\"@id\":\"https:\/\/idakorea.ee\/#website\"},\"primaryImageOfPage\":{\"@id\":\"https:\/\/idakorea.ee\/product\/missha-time-revolution-retinol-500-shot-cream-60ml\/#primaryimage\"},\"image\":{\"@id\":\"https:\/\/idakorea.ee\/product\/missha-time-revolution-retinol-500-shot-cream-60ml\/#primaryimage\"},\"thumbnailUrl\":\"https:\/\/idakorea.ee\/wp-content\/uploads\/2026\/01\/missha-retinol-500-shot-cream-idakorea.webp\",\"datePublished\":\"2026-01-31T14:50:21+00:00\",\"dateModified\":\"2026-03-20T14:33:52+00:00\",\"description\":\"Vananemisvastane n\u00e4okreem on tugeva toime ja k\u00f5rge efektiivsusega hooldustoode, mis on loodud naha v\u00e4limuse ja tekstuuri parandamiseks.\",\"breadcrumb\":{\"@id\":\"https:\/\/idakorea.ee\/product\/missha-time-revolution-retinol-500-shot-cream-60ml\/#breadcrumb\"},\"inLanguage\":\"en-US\",\"potentialAction\":[{\"@type\":\"ReadAction\",\"target\":[\"https:\/\/idakorea.ee\/product\/missha-time-revolution-retinol-500-shot-cream-60ml\/\"]}]},{\"@type\":\"ImageObject\",\"inLanguage\":\"en-US\",\"@id\":\"https:\/\/idakorea.ee\/product\/missha-time-revolution-retinol-500-shot-cream-60ml\/#primaryimage\",\"url\":\"https:\/\/idakorea.ee\/wp-content\/uploads\/2026\/01\/missha-retinol-500-shot-cream-idakorea.webp\",\"contentUrl\":\"https:\/\/idakorea.ee\/wp-content\/uploads\/2026\/01\/missha-retinol-500-shot-cream-idakorea.webp\",\"width\":1000,\"height\":1000},{\"@type\":\"BreadcrumbList\",\"@id\":\"https:\/\/idakorea.ee\/product\/missha-time-revolution-retinol-500-shot-cream-60ml\/#breadcrumb\",\"itemListElement\":[{\"@type\":\"ListItem\",\"position\":1,\"name\":\"\u0413\u043b\u0430\u0432\u043d\u0430\u044f \u0441\u0442\u0440\u0430\u043d\u0438\u0446\u0430\",\"item\":\"https:\/\/idakorea.ee\/\"},{\"@type\":\"ListItem\",\"position\":2,\"name\":\"Shop\",\"item\":\"https:\/\/idakorea.ee\/shop-2\/\"},{\"@type\":\"ListItem\",\"position\":3,\"name\":\"Vananemisvastane n\u00e4okreem Missha Time Revolution Retinol 500 Shot Cream, 60ml\"}]},{\"@type\":\"WebSite\",\"@id\":\"https:\/\/idakorea.ee\/#website\",\"url\":\"https:\/\/idakorea.ee\/\",\"name\":\"IDA.KOREA\",\"description\":\"Korea kosmeetika e-pood\",\"publisher\":{\"@id\":\"https:\/\/idakorea.ee\/#organization\"},\"alternateName\":\"Beauty Shop\",\"potentialAction\":[{\"@type\":\"SearchAction\",\"target\":{\"@type\":\"EntryPoint\",\"urlTemplate\":\"https:\/\/idakorea.ee\/?s={search_term_string}\"},\"query-input\":{\"@type\":\"PropertyValueSpecification\",\"valueRequired\":true,\"valueName\":\"search_term_string\"}}],\"inLanguage\":\"en-US\"},{\"@type\":\"Organization\",\"@id\":\"https:\/\/idakorea.ee\/#organization\",\"name\":\"IDA.KOREA\",\"url\":\"https:\/\/idakorea.ee\/\",\"logo\":{\"@type\":\"ImageObject\",\"inLanguage\":\"en-US\",\"@id\":\"https:\/\/idakorea.ee\/#\/schema\/logo\/image\/\",\"url\":\"https:\/\/idakorea.ee\/wp-content\/uploads\/2024\/05\/cropped-korea3.png\",\"contentUrl\":\"https:\/\/idakorea.ee\/wp-content\/uploads\/2024\/05\/cropped-korea3.png\",\"width\":688,\"height\":126,\"caption\":\"IDA.KOREA\"},\"image\":{\"@id\":\"https:\/\/idakorea.ee\/#\/schema\/logo\/image\/\"},\"sameAs\":[\"https:\/\/www.instagram.com\/ida.korea\/\"]}]}<\/script>\n<!-- \/ Yoast SEO plugin. -->","yoast_head_json":{"title":"Missha Time Revolution Retinol 500 Shot Cream, 60ml - IDA.KOREA","description":"Anti-aging face cream is a powerful and highly effective care product designed to improve the appearance and texture of the skin.","robots":{"index":"index","follow":"follow","max-snippet":"max-snippet:-1","max-image-preview":"max-image-preview:large","max-video-preview":"max-video-preview:-1"},"canonical":"https:\/\/idakorea.ee\/en\/product\/missha-time-revolution-retinol-500-shot-cream-60ml\/","og_locale":"en_US","og_type":"article","og_title":"Missha Time Revolution Retinol 500 Shot Cream, 60ml - IDA.KOREA","og_description":"Vananemisvastane n\u00e4okreem on tugeva toime ja k\u00f5rge efektiivsusega hooldustoode, mis on loodud naha v\u00e4limuse ja tekstuuri parandamiseks.","og_url":"https:\/\/idakorea.ee\/en\/product\/missha-time-revolution-retinol-500-shot-cream-60ml\/","og_site_name":"IDA.KOREA","article_modified_time":"2026-03-20T14:33:52+00:00","og_image":[{"width":1000,"height":1000,"url":"https:\/\/idakorea.ee\/wp-content\/uploads\/2026\/01\/missha-retinol-500-shot-cream-idakorea.webp","type":"image\/webp"}],"twitter_card":"summary_large_image","twitter_misc":{"Est. reading time":"2 minutes"},"schema":{"@context":"https:\/\/schema.org","@graph":[{"@type":"WebPage","@id":"https:\/\/idakorea.ee\/product\/missha-time-revolution-retinol-500-shot-cream-60ml\/","url":"https:\/\/idakorea.ee\/product\/missha-time-revolution-retinol-500-shot-cream-60ml\/","name":"Missha Time Revolution Retinol 500 Shot Cream, 60ml - IDA.KOREA","isPartOf":{"@id":"https:\/\/idakorea.ee\/#website"},"primaryImageOfPage":{"@id":"https:\/\/idakorea.ee\/product\/missha-time-revolution-retinol-500-shot-cream-60ml\/#primaryimage"},"image":{"@id":"https:\/\/idakorea.ee\/product\/missha-time-revolution-retinol-500-shot-cream-60ml\/#primaryimage"},"thumbnailUrl":"https:\/\/idakorea.ee\/wp-content\/uploads\/2026\/01\/missha-retinol-500-shot-cream-idakorea.webp","datePublished":"2026-01-31T14:50:21+00:00","dateModified":"2026-03-20T14:33:52+00:00","description":"Anti-aging face cream is a powerful and highly effective care product designed to improve the appearance and texture of the skin.","breadcrumb":{"@id":"https:\/\/idakorea.ee\/product\/missha-time-revolution-retinol-500-shot-cream-60ml\/#breadcrumb"},"inLanguage":"en-US","potentialAction":[{"@type":"ReadAction","target":["https:\/\/idakorea.ee\/product\/missha-time-revolution-retinol-500-shot-cream-60ml\/"]}]},{"@type":"ImageObject","inLanguage":"en-US","@id":"https:\/\/idakorea.ee\/product\/missha-time-revolution-retinol-500-shot-cream-60ml\/#primaryimage","url":"https:\/\/idakorea.ee\/wp-content\/uploads\/2026\/01\/missha-retinol-500-shot-cream-idakorea.webp","contentUrl":"https:\/\/idakorea.ee\/wp-content\/uploads\/2026\/01\/missha-retinol-500-shot-cream-idakorea.webp","width":1000,"height":1000},{"@type":"BreadcrumbList","@id":"https:\/\/idakorea.ee\/product\/missha-time-revolution-retinol-500-shot-cream-60ml\/#breadcrumb","itemListElement":[{"@type":"ListItem","position":1,"name":"\u0413\u043b\u0430\u0432\u043d\u0430\u044f \u0441\u0442\u0440\u0430\u043d\u0438\u0446\u0430","item":"https:\/\/idakorea.ee\/"},{"@type":"ListItem","position":2,"name":"Shop","item":"https:\/\/idakorea.ee\/shop-2\/"},{"@type":"ListItem","position":3,"name":"Vananemisvastane n\u00e4okreem Missha Time Revolution Retinol 500 Shot Cream, 60ml"}]},{"@type":"WebSite","@id":"https:\/\/idakorea.ee\/#website","url":"https:\/\/idakorea.ee\/","name":"IDA.KOREA","description":"Korean cosmetics e-shop","publisher":{"@id":"https:\/\/idakorea.ee\/#organization"},"alternateName":"Beauty Shop","potentialAction":[{"@type":"SearchAction","target":{"@type":"EntryPoint","urlTemplate":"https:\/\/idakorea.ee\/?s={search_term_string}"},"query-input":{"@type":"PropertyValueSpecification","valueRequired":true,"valueName":"search_term_string"}}],"inLanguage":"en-US"},{"@type":"Organization","@id":"https:\/\/idakorea.ee\/#organization","name":"IDA.KOREA","url":"https:\/\/idakorea.ee\/","logo":{"@type":"ImageObject","inLanguage":"en-US","@id":"https:\/\/idakorea.ee\/#\/schema\/logo\/image\/","url":"https:\/\/idakorea.ee\/wp-content\/uploads\/2024\/05\/cropped-korea3.png","contentUrl":"https:\/\/idakorea.ee\/wp-content\/uploads\/2024\/05\/cropped-korea3.png","width":688,"height":126,"caption":"IDA.KOREA"},"image":{"@id":"https:\/\/idakorea.ee\/#\/schema\/logo\/image\/"},"sameAs":["https:\/\/www.instagram.com\/ida.korea\/"]}]}},"jetpack_sharing_enabled":true,"brands":[{"id":631,"name":"MISSHA","slug":"missha"}],"_links":{"self":[{"href":"https:\/\/idakorea.ee\/en\/wp-json\/wp\/v2\/product\/17540","targetHints":{"allow":["GET"]}}],"collection":[{"href":"https:\/\/idakorea.ee\/en\/wp-json\/wp\/v2\/product"}],"about":[{"href":"https:\/\/idakorea.ee\/en\/wp-json\/wp\/v2\/types\/product"}],"replies":[{"embeddable":true,"href":"https:\/\/idakorea.ee\/en\/wp-json\/wp\/v2\/comments?post=17540"}],"version-history":[{"count":2,"href":"https:\/\/idakorea.ee\/en\/wp-json\/wp\/v2\/product\/17540\/revisions"}],"predecessor-version":[{"id":17544,"href":"https:\/\/idakorea.ee\/en\/wp-json\/wp\/v2\/product\/17540\/revisions\/17544"}],"wp:featuredmedia":[{"embeddable":true,"href":"https:\/\/idakorea.ee\/en\/wp-json\/wp\/v2\/media\/17542"}],"wp:attachment":[{"href":"https:\/\/idakorea.ee\/en\/wp-json\/wp\/v2\/media?parent=17540"}],"wp:term":[{"taxonomy":"pwb-brand","embeddable":true,"href":"https:\/\/idakorea.ee\/en\/wp-json\/wp\/v2\/pwb-brand?post=17540"},{"taxonomy":"product_brand","embeddable":true,"href":"https:\/\/idakorea.ee\/en\/wp-json\/wp\/v2\/product_brand?post=17540"},{"taxonomy":"product_cat","embeddable":true,"href":"https:\/\/idakorea.ee\/en\/wp-json\/wp\/v2\/product_cat?post=17540"},{"taxonomy":"product_tag","embeddable":true,"href":"https:\/\/idakorea.ee\/en\/wp-json\/wp\/v2\/product_tag?post=17540"}],"curies":[{"name":"wp","href":"https:\/\/api.w.org\/{rel}","templated":true}]}}