{"id":17583,"date":"2026-02-04T10:19:45","date_gmt":"2026-02-04T08:19:45","guid":{"rendered":"https:\/\/idakorea.ee\/?post_type=product&#038;p=17583"},"modified":"2026-03-01T10:47:56","modified_gmt":"2026-03-01T08:47:56","slug":"dalba-white-truffle-exo-serum","status":"publish","type":"product","link":"https:\/\/idakorea.ee\/en\/product\/dalba-white-truffle-exo-serum\/","title":{"rendered":"Anti-aging serum with peptides d&#039;Alba White Truffle EXO Serum"},"content":{"rendered":"<p data-start=\"29\" data-end=\"151\"><strong>d&#039;Alba White Truffle EXO Serum<\/strong> helps quickly and effectively reduce skin imperfections by transforming seven key components into white truffle exosomes.<\/p>\n<p data-start=\"153\" data-end=\"365\"><strong data-start=\"153\" data-end=\"173\">Truffle Exosome\u2122<\/strong> \u2013 a structure where exosomes isolated from white truffles encapsulate active ingredients, gently attach to the skin&#039;s micro-imbalances and deliver active ingredients quickly and effectively into the skin.<\/p>\n<p data-start=\"367\" data-end=\"551\"><strong data-start=\"367\" data-end=\"397\">Truffle Exosome\u2122 contains:<\/strong> collagen extract, vegan retinol, 98% pure vegan glutathione, vegan PDRN, vegan EGF, 10 types of vegan hyaluronic acid and 10 types of vegan proteins.<\/p>\n<p data-start=\"553\" data-end=\"748\">The golden ratio of a moisturizing oil encapsulated with peptides and a nutrient-rich serum offers all-in-one care: skin radiance, hydration, elasticity, shine, antioxidant protection and anti-aging effects.<\/p>\n<p data-start=\"750\" data-end=\"891\"><strong data-start=\"750\" data-end=\"777\">Encapsulation technology:<\/strong> Peptide capsules coated with plant peptides effectively deliver active ingredients to the skin and help maintain skin health.<\/p>\n<p data-start=\"893\" data-end=\"990\">Contains white truffle and tocopherol, which help improve skin elasticity, hydration and radiance.<\/p>\n<p data-start=\"992\" data-end=\"1064\">Vegan certified.<br data-start=\"1013\" data-end=\"1016\" \/>Dermatologically tested, non-irritating to the skin.<\/p>\n<p data-start=\"1071\" data-end=\"1085\"><strong>Use of<\/strong><\/p>\n<p data-start=\"1087\" data-end=\"1223\"><strong data-start=\"1087\" data-end=\"1104\">In skin care:<\/strong> Shake and spray immediately after cleansing to add moisture and nutrients to the skin. Can be used at any stage of care.<\/p>\n<p data-start=\"1225\" data-end=\"1349\"><strong data-start=\"1225\" data-end=\"1247\">Before\/after makeup:<\/strong> Spray before makeup to prepare skin and after makeup to set it and add shine.<\/p>","protected":false},"excerpt":{"rendered":"<p>d&#039;Alba White Truffle EXO Serum helps to quickly and effectively reduce skin imperfections by transforming seven key components into white truffle exosomes. Truffle Exosome\u2122 \u2013 a structure where exosomes isolated from white truffles encapsulate active ingredients, gently attach to the skin&#039;s micro-imperfections and deliver active ingredients quickly and effectively into the skin. Truffle Exosome\u2122 contains: collagen extract, vegan retinol, 98% pure vegan glutathione, vegan PDRN, vegan EGF, 10 types of vegan hyaluronic acid and\u2026<\/p>","protected":false},"featured_media":17586,"comment_status":"open","ping_status":"closed","template":"","meta":{"_uf_show_specific_survey":0,"_uf_disable_surveys":false,"_bst_post_transparent":"default","_bst_post_title":"","_bst_post_layout":"default","_bst_post_sidebar_id":"","_bst_post_content_style":"default","_bst_post_vertical_padding":"default","_bst_post_feature":"","_bst_post_feature_position":"","_bst_post_header":false,"_bst_post_footer":false},"pwb-brand":[105],"product_brand":[],"product_cat":[92,97],"product_tag":[568,1108,1083,559],"class_list":{"0":"post-17583","1":"product","2":"type-product","3":"status-publish","4":"has-post-thumbnail","6":"pwb-brand-dalba","7":"product_cat-nagu","8":"product_cat-naoseerumid-ja-olid","9":"product_tag-korea","10":"product_tag-valge-truhvli-eksosoomid","11":"product_tag-vananemisvastane-hooldus","12":"product_tag-white-truffle","14":"first","15":"instock","16":"sale","17":"shipping-taxable","18":"purchasable","19":"product-type-variable","20":"has-default-attributes","21":"entry","22":"content-bg","23":"loop-entry"},"supplier_id":null,"supplier_sku":"","barcode":null,"atum_controlled":true,"out_stock_date":null,"out_stock_threshold":null,"inheritable":true,"inbound_stock":0,"stock_on_hold":0,"sold_today":0,"sales_last_days":0,"out_stock_days":0,"lost_sales":0,"has_location":false,"update_date":"2026-04-14T00:05:08","atum_locations":[],"atum_stock_status":"instock","restock_status":false,"low_stock_amount":"","sales_update_date":"2026-04-14T00:05:08","calc_backorders":null,"yoast_head":"<!-- This site is optimized with the Yoast SEO plugin v27.2 - https:\/\/yoast.com\/product\/yoast-seo-wordpress\/ -->\n<title>d&#039;Alba White Truffle EXO Serum - IDA.KOREA<\/title>\n<meta name=\"robots\" content=\"index, follow, max-snippet:-1, max-image-preview:large, max-video-preview:-1\" \/>\n<link rel=\"canonical\" href=\"https:\/\/idakorea.ee\/en\/product\/dalba-white-truffle-exo-serum\/\" \/>\n<meta property=\"og:locale\" content=\"en_US\" \/>\n<meta property=\"og:type\" content=\"article\" \/>\n<meta property=\"og:title\" content=\"d&#039;Alba White Truffle EXO Serum - IDA.KOREA\" \/>\n<meta property=\"og:description\" content=\"d&#8217;Alba White Truffle EXO Serum aitab kiiresti ja t\u00f5husalt v\u00e4hendada naha ebatasasusi, muutes seitse p\u00f5hikomponenti valge tr\u00fchvli eksosoomideks. Truffle Exosome\u2122 \u2013 struktuur, kus valgetest tr\u00fchvlitest eraldatud eksosoomid kapseldavad aktiivained, kinnituvad \u00f5rnalt naha mikroebatasasustele ning toimetavad toimeained kiiresti ja efektiivselt naha sisse. Truffle Exosome\u2122 sisaldab: kollageeniekstrakti, vegaanretinooli, 98% puhast vegaan-glutatiooni, vegaan-PDRN-i, vegaan-EGF-i, 10 t\u00fc\u00fcpi vegaan-h\u00fcaluroonhapet ja...\" \/>\n<meta property=\"og:url\" content=\"https:\/\/idakorea.ee\/en\/product\/dalba-white-truffle-exo-serum\/\" \/>\n<meta property=\"og:site_name\" content=\"IDA.KOREA\" \/>\n<meta property=\"article:modified_time\" content=\"2026-03-01T08:47:56+00:00\" \/>\n<meta property=\"og:image\" content=\"https:\/\/idakorea.ee\/wp-content\/uploads\/2026\/02\/dAlba-White-Truffle-EXO-Serum-1-idakorea.jpg\" \/>\n\t<meta property=\"og:image:width\" content=\"464\" \/>\n\t<meta property=\"og:image:height\" content=\"464\" \/>\n\t<meta property=\"og:image:type\" content=\"image\/jpeg\" \/>\n<meta name=\"twitter:card\" content=\"summary_large_image\" \/>\n<meta name=\"twitter:label1\" content=\"Est. reading time\" \/>\n\t<meta name=\"twitter:data1\" content=\"1 minute\" \/>\n<script type=\"application\/ld+json\" class=\"yoast-schema-graph\">{\"@context\":\"https:\/\/schema.org\",\"@graph\":[{\"@type\":\"WebPage\",\"@id\":\"https:\/\/idakorea.ee\/product\/dalba-white-truffle-exo-serum\/\",\"url\":\"https:\/\/idakorea.ee\/product\/dalba-white-truffle-exo-serum\/\",\"name\":\"d'Alba White Truffle EXO Serum - IDA.KOREA\",\"isPartOf\":{\"@id\":\"https:\/\/idakorea.ee\/#website\"},\"primaryImageOfPage\":{\"@id\":\"https:\/\/idakorea.ee\/product\/dalba-white-truffle-exo-serum\/#primaryimage\"},\"image\":{\"@id\":\"https:\/\/idakorea.ee\/product\/dalba-white-truffle-exo-serum\/#primaryimage\"},\"thumbnailUrl\":\"https:\/\/idakorea.ee\/wp-content\/uploads\/2026\/02\/dAlba-White-Truffle-EXO-Serum-1-idakorea.jpg\",\"datePublished\":\"2026-02-04T08:19:45+00:00\",\"dateModified\":\"2026-03-01T08:47:56+00:00\",\"breadcrumb\":{\"@id\":\"https:\/\/idakorea.ee\/product\/dalba-white-truffle-exo-serum\/#breadcrumb\"},\"inLanguage\":\"en-US\",\"potentialAction\":[{\"@type\":\"ReadAction\",\"target\":[\"https:\/\/idakorea.ee\/product\/dalba-white-truffle-exo-serum\/\"]}]},{\"@type\":\"ImageObject\",\"inLanguage\":\"en-US\",\"@id\":\"https:\/\/idakorea.ee\/product\/dalba-white-truffle-exo-serum\/#primaryimage\",\"url\":\"https:\/\/idakorea.ee\/wp-content\/uploads\/2026\/02\/dAlba-White-Truffle-EXO-Serum-1-idakorea.jpg\",\"contentUrl\":\"https:\/\/idakorea.ee\/wp-content\/uploads\/2026\/02\/dAlba-White-Truffle-EXO-Serum-1-idakorea.jpg\",\"width\":464,\"height\":464},{\"@type\":\"BreadcrumbList\",\"@id\":\"https:\/\/idakorea.ee\/product\/dalba-white-truffle-exo-serum\/#breadcrumb\",\"itemListElement\":[{\"@type\":\"ListItem\",\"position\":1,\"name\":\"\u0413\u043b\u0430\u0432\u043d\u0430\u044f \u0441\u0442\u0440\u0430\u043d\u0438\u0446\u0430\",\"item\":\"https:\/\/idakorea.ee\/\"},{\"@type\":\"ListItem\",\"position\":2,\"name\":\"Shop\",\"item\":\"https:\/\/idakorea.ee\/shop-2\/\"},{\"@type\":\"ListItem\",\"position\":3,\"name\":\"Vananemisvastane seerum peptiididega d&#8217;Alba White Truffle EXO Serum\"}]},{\"@type\":\"WebSite\",\"@id\":\"https:\/\/idakorea.ee\/#website\",\"url\":\"https:\/\/idakorea.ee\/\",\"name\":\"IDA.KOREA\",\"description\":\"Korea kosmeetika e-pood\",\"publisher\":{\"@id\":\"https:\/\/idakorea.ee\/#organization\"},\"alternateName\":\"Beauty Shop\",\"potentialAction\":[{\"@type\":\"SearchAction\",\"target\":{\"@type\":\"EntryPoint\",\"urlTemplate\":\"https:\/\/idakorea.ee\/?s={search_term_string}\"},\"query-input\":{\"@type\":\"PropertyValueSpecification\",\"valueRequired\":true,\"valueName\":\"search_term_string\"}}],\"inLanguage\":\"en-US\"},{\"@type\":\"Organization\",\"@id\":\"https:\/\/idakorea.ee\/#organization\",\"name\":\"IDA.KOREA\",\"url\":\"https:\/\/idakorea.ee\/\",\"logo\":{\"@type\":\"ImageObject\",\"inLanguage\":\"en-US\",\"@id\":\"https:\/\/idakorea.ee\/#\/schema\/logo\/image\/\",\"url\":\"https:\/\/idakorea.ee\/wp-content\/uploads\/2024\/05\/cropped-korea3.png\",\"contentUrl\":\"https:\/\/idakorea.ee\/wp-content\/uploads\/2024\/05\/cropped-korea3.png\",\"width\":688,\"height\":126,\"caption\":\"IDA.KOREA\"},\"image\":{\"@id\":\"https:\/\/idakorea.ee\/#\/schema\/logo\/image\/\"},\"sameAs\":[\"https:\/\/www.instagram.com\/ida.korea\/\"]}]}<\/script>\n<!-- \/ Yoast SEO plugin. -->","yoast_head_json":{"title":"d&#039;Alba White Truffle EXO Serum - EAST.KOREA","robots":{"index":"index","follow":"follow","max-snippet":"max-snippet:-1","max-image-preview":"max-image-preview:large","max-video-preview":"max-video-preview:-1"},"canonical":"https:\/\/idakorea.ee\/en\/product\/dalba-white-truffle-exo-serum\/","og_locale":"en_US","og_type":"article","og_title":"d'Alba White Truffle EXO Serum - IDA.KOREA","og_description":"d&#8217;Alba White Truffle EXO Serum aitab kiiresti ja t\u00f5husalt v\u00e4hendada naha ebatasasusi, muutes seitse p\u00f5hikomponenti valge tr\u00fchvli eksosoomideks. Truffle Exosome\u2122 \u2013 struktuur, kus valgetest tr\u00fchvlitest eraldatud eksosoomid kapseldavad aktiivained, kinnituvad \u00f5rnalt naha mikroebatasasustele ning toimetavad toimeained kiiresti ja efektiivselt naha sisse. Truffle Exosome\u2122 sisaldab: kollageeniekstrakti, vegaanretinooli, 98% puhast vegaan-glutatiooni, vegaan-PDRN-i, vegaan-EGF-i, 10 t\u00fc\u00fcpi vegaan-h\u00fcaluroonhapet ja...","og_url":"https:\/\/idakorea.ee\/en\/product\/dalba-white-truffle-exo-serum\/","og_site_name":"IDA.KOREA","article_modified_time":"2026-03-01T08:47:56+00:00","og_image":[{"width":464,"height":464,"url":"https:\/\/idakorea.ee\/wp-content\/uploads\/2026\/02\/dAlba-White-Truffle-EXO-Serum-1-idakorea.jpg","type":"image\/jpeg"}],"twitter_card":"summary_large_image","twitter_misc":{"Est. reading time":"1 minute"},"schema":{"@context":"https:\/\/schema.org","@graph":[{"@type":"WebPage","@id":"https:\/\/idakorea.ee\/product\/dalba-white-truffle-exo-serum\/","url":"https:\/\/idakorea.ee\/product\/dalba-white-truffle-exo-serum\/","name":"d&#039;Alba White Truffle EXO Serum - EAST.KOREA","isPartOf":{"@id":"https:\/\/idakorea.ee\/#website"},"primaryImageOfPage":{"@id":"https:\/\/idakorea.ee\/product\/dalba-white-truffle-exo-serum\/#primaryimage"},"image":{"@id":"https:\/\/idakorea.ee\/product\/dalba-white-truffle-exo-serum\/#primaryimage"},"thumbnailUrl":"https:\/\/idakorea.ee\/wp-content\/uploads\/2026\/02\/dAlba-White-Truffle-EXO-Serum-1-idakorea.jpg","datePublished":"2026-02-04T08:19:45+00:00","dateModified":"2026-03-01T08:47:56+00:00","breadcrumb":{"@id":"https:\/\/idakorea.ee\/product\/dalba-white-truffle-exo-serum\/#breadcrumb"},"inLanguage":"en-US","potentialAction":[{"@type":"ReadAction","target":["https:\/\/idakorea.ee\/product\/dalba-white-truffle-exo-serum\/"]}]},{"@type":"ImageObject","inLanguage":"en-US","@id":"https:\/\/idakorea.ee\/product\/dalba-white-truffle-exo-serum\/#primaryimage","url":"https:\/\/idakorea.ee\/wp-content\/uploads\/2026\/02\/dAlba-White-Truffle-EXO-Serum-1-idakorea.jpg","contentUrl":"https:\/\/idakorea.ee\/wp-content\/uploads\/2026\/02\/dAlba-White-Truffle-EXO-Serum-1-idakorea.jpg","width":464,"height":464},{"@type":"BreadcrumbList","@id":"https:\/\/idakorea.ee\/product\/dalba-white-truffle-exo-serum\/#breadcrumb","itemListElement":[{"@type":"ListItem","position":1,"name":"\u0413\u043b\u0430\u0432\u043d\u0430\u044f \u0441\u0442\u0440\u0430\u043d\u0438\u0446\u0430","item":"https:\/\/idakorea.ee\/"},{"@type":"ListItem","position":2,"name":"Shop","item":"https:\/\/idakorea.ee\/shop-2\/"},{"@type":"ListItem","position":3,"name":"Vananemisvastane seerum peptiididega d&#8217;Alba White Truffle EXO Serum"}]},{"@type":"WebSite","@id":"https:\/\/idakorea.ee\/#website","url":"https:\/\/idakorea.ee\/","name":"IDA.KOREA","description":"Korean cosmetics e-shop","publisher":{"@id":"https:\/\/idakorea.ee\/#organization"},"alternateName":"Beauty Shop","potentialAction":[{"@type":"SearchAction","target":{"@type":"EntryPoint","urlTemplate":"https:\/\/idakorea.ee\/?s={search_term_string}"},"query-input":{"@type":"PropertyValueSpecification","valueRequired":true,"valueName":"search_term_string"}}],"inLanguage":"en-US"},{"@type":"Organization","@id":"https:\/\/idakorea.ee\/#organization","name":"IDA.KOREA","url":"https:\/\/idakorea.ee\/","logo":{"@type":"ImageObject","inLanguage":"en-US","@id":"https:\/\/idakorea.ee\/#\/schema\/logo\/image\/","url":"https:\/\/idakorea.ee\/wp-content\/uploads\/2024\/05\/cropped-korea3.png","contentUrl":"https:\/\/idakorea.ee\/wp-content\/uploads\/2024\/05\/cropped-korea3.png","width":688,"height":126,"caption":"IDA.KOREA"},"image":{"@id":"https:\/\/idakorea.ee\/#\/schema\/logo\/image\/"},"sameAs":["https:\/\/www.instagram.com\/ida.korea\/"]}]}},"jetpack_sharing_enabled":true,"brands":[{"id":105,"name":"d'ALBA","slug":"dalba"}],"_links":{"self":[{"href":"https:\/\/idakorea.ee\/en\/wp-json\/wp\/v2\/product\/17583","targetHints":{"allow":["GET"]}}],"collection":[{"href":"https:\/\/idakorea.ee\/en\/wp-json\/wp\/v2\/product"}],"about":[{"href":"https:\/\/idakorea.ee\/en\/wp-json\/wp\/v2\/types\/product"}],"replies":[{"embeddable":true,"href":"https:\/\/idakorea.ee\/en\/wp-json\/wp\/v2\/comments?post=17583"}],"version-history":[{"count":1,"href":"https:\/\/idakorea.ee\/en\/wp-json\/wp\/v2\/product\/17583\/revisions"}],"predecessor-version":[{"id":17589,"href":"https:\/\/idakorea.ee\/en\/wp-json\/wp\/v2\/product\/17583\/revisions\/17589"}],"wp:featuredmedia":[{"embeddable":true,"href":"https:\/\/idakorea.ee\/en\/wp-json\/wp\/v2\/media\/17586"}],"wp:attachment":[{"href":"https:\/\/idakorea.ee\/en\/wp-json\/wp\/v2\/media?parent=17583"}],"wp:term":[{"taxonomy":"pwb-brand","embeddable":true,"href":"https:\/\/idakorea.ee\/en\/wp-json\/wp\/v2\/pwb-brand?post=17583"},{"taxonomy":"product_brand","embeddable":true,"href":"https:\/\/idakorea.ee\/en\/wp-json\/wp\/v2\/product_brand?post=17583"},{"taxonomy":"product_cat","embeddable":true,"href":"https:\/\/idakorea.ee\/en\/wp-json\/wp\/v2\/product_cat?post=17583"},{"taxonomy":"product_tag","embeddable":true,"href":"https:\/\/idakorea.ee\/en\/wp-json\/wp\/v2\/product_tag?post=17583"}],"curies":[{"name":"wp","href":"https:\/\/api.w.org\/{rel}","templated":true}]}}