{"id":1760,"date":"2024-05-31T12:21:30","date_gmt":"2024-05-31T12:21:30","guid":{"rendered":"https:\/\/idakorea.ee\/?post_type=product&#038;p=1760"},"modified":"2026-03-20T13:00:22","modified_gmt":"2026-03-20T11:00:22","slug":"medi-peel-peptide-9-volume-bio-tox-pro-ampoule","status":"publish","type":"product","link":"https:\/\/idakorea.ee\/en\/product\/medi-peel-peptide-9-volume-bio-tox-pro-ampoule\/","title":{"rendered":"Anti-aging serum Medi-Peel Peptide 9 Volume Bio Tox Pro Ampoule, 100ml"},"content":{"rendered":"<p><strong>Peptide face ampoule Medi-Peel Peptide 9 Volume Bio Tox Ampoule Pro<\/strong> is an enhanced version of the Rejuvenating Ampoule, containing a higher concentration of active ingredients, which makes it work faster and more effectively.<\/p>\n<p>The product reduces the depth of wrinkles, restores skin elasticity and density, gives the skin elasticity and smooth texture, protects against oxidative stress. Provides a healthy glow and even tone, removes dullness and tones perfectly.<\/p>\n<p>Eliminates dehydration and flakiness, deeply moisturizes, strengthens the natural protective barrier. Retains moisture in the cells, prevents dehydration, soothes irritation and calms the skin. It has a gel-like texture.<\/p>\n<p>Contains a complex of 9 peptides, including signal peptides, myorelaxants and peptides with anti-inflammatory and brightening activity. Peptides trigger collagen and hyaluronic acid production, prevent collagen fibre breakdown, strengthen the extracellular matrix. Thanks to this, the peptide complex reduces the depth of wrinkles and folds, reduces the signs of ageing and photo-ageing, and rejuvenates the skin.<\/p>\n<p>Volufiline (Anemarrhena asphodeloides root extract) increases skin volume and density, smoothes the wrinkle network and evens out the contour, providing an effect similar to lipofilling.<\/p>\n<p><strong>Additional active substances:<\/strong><\/p>\n<ul>\n<li><strong>Astaxanthin<\/strong> - a powerful antioxidant called the main \"antioxidant of youth\". Astaxanthin is active in all layers of the epidermis, providing protection against UV damage, reducing wrinkles and lightening age spots.<\/li>\n<li><strong>Ektoiin<\/strong> - an organic amino acid that effectively protects against external factors and UV rays, has anti-inflammatory properties. Soothes and softens the skin, reduces redness.<\/li>\n<li><strong>Hydrolysed collagen<\/strong> intensively moisturizes, helps skin retain moisture, improves texture, stimulates regeneration processes, fights wrinkles.<\/li>\n<li><strong>MultiEx BSASM\u00ae Plus<\/strong> - a patented botanical complex of rosemary, chamomile, camellia, centella, liquorice, buckthorn and baikali. Suppresses inflammation, has antiseptic properties and fights bacterial proliferation. Ideal for skin with rosacea, wide pores and uneven skin tone.<\/li>\n<li><strong>9 types of hyaluronic acid<\/strong> penetrate the deep layers of the epidermis, actively moisturise, maintain optimal hydration levels. Form a protective layer that prevents moisture evaporation.<\/li>\n<li><strong>Niacinamide (vitamin B3)<\/strong> evens overall tone, improves complexion, stimulates collagen production, brightens, slows down the transport of melanin into the epidermis, strengthens the hydrolipidic mantle.<\/li>\n<li><strong>Hydrolysed glucosaminoglycans<\/strong> - mucopolysaccharides, components of the skin's natural protective barrier. Repair damage, fight dryness and irritation.<\/li>\n<\/ul>\n<p>Suitable for normal, combination and dry skin.<\/p>\n<p><strong>User manual:<\/strong> After washing and toning, apply the ampoule to the face and distribute evenly over the skin.<\/p>","protected":false},"excerpt":{"rendered":"<p>The Medi-Peel Peptide 9 Volume Bio Tox Ampoule Pro is an enhanced version of the rejuvenating ampoule, containing a higher concentration of active ingredients, which allows it to work faster and more effectively. The product reduces the depth of wrinkles, restores skin elasticity and density, gives the skin elasticity and a smooth texture, protects against oxidative stress. Provides a healthy glow and even tone, removes dullness and tones the skin....<\/p>","protected":false},"featured_media":1761,"comment_status":"open","ping_status":"closed","template":"","meta":{"_uf_show_specific_survey":0,"_uf_disable_surveys":false,"_bst_post_transparent":"default","_bst_post_title":"","_bst_post_layout":"default","_bst_post_sidebar_id":"","_bst_post_content_style":"default","_bst_post_vertical_padding":"default","_bst_post_feature":"","_bst_post_feature_position":"","_bst_post_header":false,"_bst_post_footer":false},"pwb-brand":[107],"product_brand":[],"product_cat":[92,97],"product_tag":[895,249,381],"class_list":{"0":"post-1760","1":"product","2":"type-product","3":"status-publish","4":"has-post-thumbnail","6":"pwb-brand-medipeel","7":"product_cat-nagu","8":"product_cat-naoseerumid-ja-olid","9":"product_tag-ampoule","10":"product_tag-medi-peel","11":"product_tag-medipeel","13":"first","14":"instock","15":"sale","16":"shipping-taxable","17":"purchasable","18":"product-type-simple","19":"entry","20":"content-bg","21":"loop-entry"},"supplier_id":null,"supplier_sku":"","barcode":null,"atum_controlled":true,"out_stock_date":null,"out_stock_threshold":null,"inheritable":false,"inbound_stock":0,"stock_on_hold":0,"sold_today":0,"sales_last_days":1,"out_stock_days":0,"lost_sales":0,"has_location":false,"update_date":"2026-04-14T00:05:09","atum_locations":[],"atum_stock_status":"instock","restock_status":false,"low_stock_amount":"","sales_update_date":"2026-04-14T00:05:09","calc_backorders":null,"yoast_head":"<!-- This site is optimized with the Yoast SEO plugin v27.2 - https:\/\/yoast.com\/product\/yoast-seo-wordpress\/ -->\n<title>Medi-Peel Peptide 9 Volume Bio Tox Pro Ampoule - IDA.KOREA<\/title>\n<meta name=\"description\" content=\"Toode v\u00e4hendab kortsude s\u00fcgavust, taastab naha elastsuse ja tiheduse, annab nahale elastsuse ja sileda reljeefi, kaitseb oks\u00fcdatiivse stressi eest.\" \/>\n<meta name=\"robots\" content=\"index, follow, max-snippet:-1, max-image-preview:large, max-video-preview:-1\" \/>\n<link rel=\"canonical\" href=\"https:\/\/idakorea.ee\/en\/product\/medi-peel-peptide-9-volume-bio-tox-pro-ampoule\/\" \/>\n<meta property=\"og:locale\" content=\"en_US\" \/>\n<meta property=\"og:type\" content=\"article\" \/>\n<meta property=\"og:title\" content=\"Medi-Peel Peptide 9 Volume Bio Tox Pro Ampoule - IDA.KOREA\" \/>\n<meta property=\"og:description\" content=\"Toode v\u00e4hendab kortsude s\u00fcgavust, taastab naha elastsuse ja tiheduse, annab nahale elastsuse ja sileda reljeefi, kaitseb oks\u00fcdatiivse stressi eest.\" \/>\n<meta property=\"og:url\" content=\"https:\/\/idakorea.ee\/en\/product\/medi-peel-peptide-9-volume-bio-tox-pro-ampoule\/\" \/>\n<meta property=\"og:site_name\" content=\"IDA.KOREA\" \/>\n<meta property=\"article:modified_time\" content=\"2026-03-20T11:00:22+00:00\" \/>\n<meta property=\"og:image\" content=\"https:\/\/idakorea.ee\/wp-content\/uploads\/2024\/05\/Medi_Peel-Peptide-9-Volume-Bio-Tox-Ampoule-Pro.jpg\" \/>\n\t<meta property=\"og:image:width\" content=\"1000\" \/>\n\t<meta property=\"og:image:height\" content=\"1000\" \/>\n\t<meta property=\"og:image:type\" content=\"image\/jpeg\" \/>\n<meta name=\"twitter:card\" content=\"summary_large_image\" \/>\n<meta name=\"twitter:label1\" content=\"Est. reading time\" \/>\n\t<meta name=\"twitter:data1\" content=\"2 minutes\" \/>\n<script type=\"application\/ld+json\" class=\"yoast-schema-graph\">{\"@context\":\"https:\/\/schema.org\",\"@graph\":[{\"@type\":\"WebPage\",\"@id\":\"https:\/\/idakorea.ee\/product\/medi-peel-peptide-9-volume-bio-tox-pro-ampoule\/\",\"url\":\"https:\/\/idakorea.ee\/product\/medi-peel-peptide-9-volume-bio-tox-pro-ampoule\/\",\"name\":\"Medi-Peel Peptide 9 Volume Bio Tox Pro Ampoule - IDA.KOREA\",\"isPartOf\":{\"@id\":\"https:\/\/idakorea.ee\/#website\"},\"primaryImageOfPage\":{\"@id\":\"https:\/\/idakorea.ee\/product\/medi-peel-peptide-9-volume-bio-tox-pro-ampoule\/#primaryimage\"},\"image\":{\"@id\":\"https:\/\/idakorea.ee\/product\/medi-peel-peptide-9-volume-bio-tox-pro-ampoule\/#primaryimage\"},\"thumbnailUrl\":\"https:\/\/idakorea.ee\/wp-content\/uploads\/2024\/05\/Medi_Peel-Peptide-9-Volume-Bio-Tox-Ampoule-Pro.jpg\",\"datePublished\":\"2024-05-31T12:21:30+00:00\",\"dateModified\":\"2026-03-20T11:00:22+00:00\",\"description\":\"Toode v\u00e4hendab kortsude s\u00fcgavust, taastab naha elastsuse ja tiheduse, annab nahale elastsuse ja sileda reljeefi, kaitseb oks\u00fcdatiivse stressi eest.\",\"breadcrumb\":{\"@id\":\"https:\/\/idakorea.ee\/product\/medi-peel-peptide-9-volume-bio-tox-pro-ampoule\/#breadcrumb\"},\"inLanguage\":\"en-US\",\"potentialAction\":[{\"@type\":\"ReadAction\",\"target\":[\"https:\/\/idakorea.ee\/product\/medi-peel-peptide-9-volume-bio-tox-pro-ampoule\/\"]}]},{\"@type\":\"ImageObject\",\"inLanguage\":\"en-US\",\"@id\":\"https:\/\/idakorea.ee\/product\/medi-peel-peptide-9-volume-bio-tox-pro-ampoule\/#primaryimage\",\"url\":\"https:\/\/idakorea.ee\/wp-content\/uploads\/2024\/05\/Medi_Peel-Peptide-9-Volume-Bio-Tox-Ampoule-Pro.jpg\",\"contentUrl\":\"https:\/\/idakorea.ee\/wp-content\/uploads\/2024\/05\/Medi_Peel-Peptide-9-Volume-Bio-Tox-Ampoule-Pro.jpg\",\"width\":1000,\"height\":1000},{\"@type\":\"BreadcrumbList\",\"@id\":\"https:\/\/idakorea.ee\/product\/medi-peel-peptide-9-volume-bio-tox-pro-ampoule\/#breadcrumb\",\"itemListElement\":[{\"@type\":\"ListItem\",\"position\":1,\"name\":\"\u0413\u043b\u0430\u0432\u043d\u0430\u044f \u0441\u0442\u0440\u0430\u043d\u0438\u0446\u0430\",\"item\":\"https:\/\/idakorea.ee\/\"},{\"@type\":\"ListItem\",\"position\":2,\"name\":\"Shop\",\"item\":\"https:\/\/idakorea.ee\/shop-2\/\"},{\"@type\":\"ListItem\",\"position\":3,\"name\":\"Vananemisvastane seerum Medi-Peel Peptide 9 Volume Bio Tox Pro Ampoule, 100ml\"}]},{\"@type\":\"WebSite\",\"@id\":\"https:\/\/idakorea.ee\/#website\",\"url\":\"https:\/\/idakorea.ee\/\",\"name\":\"IDA.KOREA\",\"description\":\"Korea kosmeetika e-pood\",\"publisher\":{\"@id\":\"https:\/\/idakorea.ee\/#organization\"},\"alternateName\":\"Beauty Shop\",\"potentialAction\":[{\"@type\":\"SearchAction\",\"target\":{\"@type\":\"EntryPoint\",\"urlTemplate\":\"https:\/\/idakorea.ee\/?s={search_term_string}\"},\"query-input\":{\"@type\":\"PropertyValueSpecification\",\"valueRequired\":true,\"valueName\":\"search_term_string\"}}],\"inLanguage\":\"en-US\"},{\"@type\":\"Organization\",\"@id\":\"https:\/\/idakorea.ee\/#organization\",\"name\":\"IDA.KOREA\",\"url\":\"https:\/\/idakorea.ee\/\",\"logo\":{\"@type\":\"ImageObject\",\"inLanguage\":\"en-US\",\"@id\":\"https:\/\/idakorea.ee\/#\/schema\/logo\/image\/\",\"url\":\"https:\/\/idakorea.ee\/wp-content\/uploads\/2024\/05\/cropped-korea3.png\",\"contentUrl\":\"https:\/\/idakorea.ee\/wp-content\/uploads\/2024\/05\/cropped-korea3.png\",\"width\":688,\"height\":126,\"caption\":\"IDA.KOREA\"},\"image\":{\"@id\":\"https:\/\/idakorea.ee\/#\/schema\/logo\/image\/\"},\"sameAs\":[\"https:\/\/www.instagram.com\/ida.korea\/\"]}]}<\/script>\n<!-- \/ Yoast SEO plugin. -->","yoast_head_json":{"title":"Medi-Peel Peptide 9 Volume Bio Tox Pro Ampoule - IDA.KOREA","description":"The product reduces the depth of wrinkles, restores skin elasticity and density, gives the skin elasticity and smooth relief, and protects against oxidative stress.","robots":{"index":"index","follow":"follow","max-snippet":"max-snippet:-1","max-image-preview":"max-image-preview:large","max-video-preview":"max-video-preview:-1"},"canonical":"https:\/\/idakorea.ee\/en\/product\/medi-peel-peptide-9-volume-bio-tox-pro-ampoule\/","og_locale":"en_US","og_type":"article","og_title":"Medi-Peel Peptide 9 Volume Bio Tox Pro Ampoule - IDA.KOREA","og_description":"Toode v\u00e4hendab kortsude s\u00fcgavust, taastab naha elastsuse ja tiheduse, annab nahale elastsuse ja sileda reljeefi, kaitseb oks\u00fcdatiivse stressi eest.","og_url":"https:\/\/idakorea.ee\/en\/product\/medi-peel-peptide-9-volume-bio-tox-pro-ampoule\/","og_site_name":"IDA.KOREA","article_modified_time":"2026-03-20T11:00:22+00:00","og_image":[{"width":1000,"height":1000,"url":"https:\/\/idakorea.ee\/wp-content\/uploads\/2024\/05\/Medi_Peel-Peptide-9-Volume-Bio-Tox-Ampoule-Pro.jpg","type":"image\/jpeg"}],"twitter_card":"summary_large_image","twitter_misc":{"Est. reading time":"2 minutes"},"schema":{"@context":"https:\/\/schema.org","@graph":[{"@type":"WebPage","@id":"https:\/\/idakorea.ee\/product\/medi-peel-peptide-9-volume-bio-tox-pro-ampoule\/","url":"https:\/\/idakorea.ee\/product\/medi-peel-peptide-9-volume-bio-tox-pro-ampoule\/","name":"Medi-Peel Peptide 9 Volume Bio Tox Pro Ampoule - IDA.KOREA","isPartOf":{"@id":"https:\/\/idakorea.ee\/#website"},"primaryImageOfPage":{"@id":"https:\/\/idakorea.ee\/product\/medi-peel-peptide-9-volume-bio-tox-pro-ampoule\/#primaryimage"},"image":{"@id":"https:\/\/idakorea.ee\/product\/medi-peel-peptide-9-volume-bio-tox-pro-ampoule\/#primaryimage"},"thumbnailUrl":"https:\/\/idakorea.ee\/wp-content\/uploads\/2024\/05\/Medi_Peel-Peptide-9-Volume-Bio-Tox-Ampoule-Pro.jpg","datePublished":"2024-05-31T12:21:30+00:00","dateModified":"2026-03-20T11:00:22+00:00","description":"The product reduces the depth of wrinkles, restores skin elasticity and density, gives the skin elasticity and smooth relief, and protects against oxidative stress.","breadcrumb":{"@id":"https:\/\/idakorea.ee\/product\/medi-peel-peptide-9-volume-bio-tox-pro-ampoule\/#breadcrumb"},"inLanguage":"en-US","potentialAction":[{"@type":"ReadAction","target":["https:\/\/idakorea.ee\/product\/medi-peel-peptide-9-volume-bio-tox-pro-ampoule\/"]}]},{"@type":"ImageObject","inLanguage":"en-US","@id":"https:\/\/idakorea.ee\/product\/medi-peel-peptide-9-volume-bio-tox-pro-ampoule\/#primaryimage","url":"https:\/\/idakorea.ee\/wp-content\/uploads\/2024\/05\/Medi_Peel-Peptide-9-Volume-Bio-Tox-Ampoule-Pro.jpg","contentUrl":"https:\/\/idakorea.ee\/wp-content\/uploads\/2024\/05\/Medi_Peel-Peptide-9-Volume-Bio-Tox-Ampoule-Pro.jpg","width":1000,"height":1000},{"@type":"BreadcrumbList","@id":"https:\/\/idakorea.ee\/product\/medi-peel-peptide-9-volume-bio-tox-pro-ampoule\/#breadcrumb","itemListElement":[{"@type":"ListItem","position":1,"name":"\u0413\u043b\u0430\u0432\u043d\u0430\u044f \u0441\u0442\u0440\u0430\u043d\u0438\u0446\u0430","item":"https:\/\/idakorea.ee\/"},{"@type":"ListItem","position":2,"name":"Shop","item":"https:\/\/idakorea.ee\/shop-2\/"},{"@type":"ListItem","position":3,"name":"Vananemisvastane seerum Medi-Peel Peptide 9 Volume Bio Tox Pro Ampoule, 100ml"}]},{"@type":"WebSite","@id":"https:\/\/idakorea.ee\/#website","url":"https:\/\/idakorea.ee\/","name":"IDA.KOREA","description":"Korean cosmetics e-shop","publisher":{"@id":"https:\/\/idakorea.ee\/#organization"},"alternateName":"Beauty Shop","potentialAction":[{"@type":"SearchAction","target":{"@type":"EntryPoint","urlTemplate":"https:\/\/idakorea.ee\/?s={search_term_string}"},"query-input":{"@type":"PropertyValueSpecification","valueRequired":true,"valueName":"search_term_string"}}],"inLanguage":"en-US"},{"@type":"Organization","@id":"https:\/\/idakorea.ee\/#organization","name":"IDA.KOREA","url":"https:\/\/idakorea.ee\/","logo":{"@type":"ImageObject","inLanguage":"en-US","@id":"https:\/\/idakorea.ee\/#\/schema\/logo\/image\/","url":"https:\/\/idakorea.ee\/wp-content\/uploads\/2024\/05\/cropped-korea3.png","contentUrl":"https:\/\/idakorea.ee\/wp-content\/uploads\/2024\/05\/cropped-korea3.png","width":688,"height":126,"caption":"IDA.KOREA"},"image":{"@id":"https:\/\/idakorea.ee\/#\/schema\/logo\/image\/"},"sameAs":["https:\/\/www.instagram.com\/ida.korea\/"]}]}},"jetpack_sharing_enabled":true,"brands":[{"id":107,"name":"MEDIPEEL+","slug":"medipeel"}],"_links":{"self":[{"href":"https:\/\/idakorea.ee\/en\/wp-json\/wp\/v2\/product\/1760","targetHints":{"allow":["GET"]}}],"collection":[{"href":"https:\/\/idakorea.ee\/en\/wp-json\/wp\/v2\/product"}],"about":[{"href":"https:\/\/idakorea.ee\/en\/wp-json\/wp\/v2\/types\/product"}],"replies":[{"embeddable":true,"href":"https:\/\/idakorea.ee\/en\/wp-json\/wp\/v2\/comments?post=1760"}],"version-history":[{"count":4,"href":"https:\/\/idakorea.ee\/en\/wp-json\/wp\/v2\/product\/1760\/revisions"}],"predecessor-version":[{"id":17302,"href":"https:\/\/idakorea.ee\/en\/wp-json\/wp\/v2\/product\/1760\/revisions\/17302"}],"wp:featuredmedia":[{"embeddable":true,"href":"https:\/\/idakorea.ee\/en\/wp-json\/wp\/v2\/media\/1761"}],"wp:attachment":[{"href":"https:\/\/idakorea.ee\/en\/wp-json\/wp\/v2\/media?parent=1760"}],"wp:term":[{"taxonomy":"pwb-brand","embeddable":true,"href":"https:\/\/idakorea.ee\/en\/wp-json\/wp\/v2\/pwb-brand?post=1760"},{"taxonomy":"product_brand","embeddable":true,"href":"https:\/\/idakorea.ee\/en\/wp-json\/wp\/v2\/product_brand?post=1760"},{"taxonomy":"product_cat","embeddable":true,"href":"https:\/\/idakorea.ee\/en\/wp-json\/wp\/v2\/product_cat?post=1760"},{"taxonomy":"product_tag","embeddable":true,"href":"https:\/\/idakorea.ee\/en\/wp-json\/wp\/v2\/product_tag?post=1760"}],"curies":[{"name":"wp","href":"https:\/\/api.w.org\/{rel}","templated":true}]}}