{"id":17608,"date":"2026-02-05T15:16:47","date_gmt":"2026-02-05T13:16:47","guid":{"rendered":"https:\/\/idakorea.ee\/?post_type=product&#038;p=17608"},"modified":"2026-03-30T11:19:47","modified_gmt":"2026-03-30T09:19:47","slug":"medicube-deep-vita-c-capsule-cream-55g-315g","status":"publish","type":"product","link":"https:\/\/idakorea.ee\/en\/product\/medicube-deep-vita-c-capsule-cream-55g-315g\/","title":{"rendered":"Medicube Deep Vita C Capsule Cream set, 55g + 31.5g"},"content":{"rendered":"<p>Encapsulated brightening vitamin cream<strong> Medicube Deep Vita C Capsule Cream<\/strong> has a strong antioxidant effect, provides photoprotection and slows down skin aging. Helps reduce dull complexion, evens out skin tone and supports the reduction of hyperpigmentation and post-acne spots.<\/p>\n<p>The yellow vitamin C capsules dissolve when applied to the skin, ensuring deep absorption of the active ingredients and maximum effectiveness. The gel base helps maintain optimal moisture levels, softens the skin and prevents irritation.<\/p>\n<p>This format allows you to adjust the texture of the product to your skin&#039;s needs: the gel base is well suited for the oily T-zone, while the creamy capsules provide extra moisture to drier areas, making the product especially comfortable for combination skin.<\/p>\n<p><strong>Main active ingredients<\/strong><\/p>\n<ul>\n<li><strong>6 forms of vitamin C<\/strong> \u2013 strong brightening and anti-aging effects, reduce pigmentation, post-acne and freckles, stimulate collagen synthesis and help maintain skin elasticity and smoothness. Provide antioxidant protection to cells.<\/li>\n<li><strong>Sea buckthorn hydrolate (50%)<\/strong> \u2013 a source of natural vitamins A, C, E and fatty acids. Evens out and brightens dull skin tone, restores a healthy glow, protects against free radicals and UV radiation, strengthens the skin&#039;s natural defenses, promotes regeneration and prevents sagging.<\/li>\n<li><strong>Niacinamide (vitamin B3, 5%)<\/strong> \u2013 slows down the movement of melanin into the epidermis, preventing the formation of age spots. Regulates sebum secretion, reduces shine and tightens pores.<\/li>\n<li><strong>To the Alpha Arbyte<\/strong> \u2013 inhibits tyrosinase activity (a key enzyme in melanin synthesis), prevents age spots and freckles, is also suitable for sensitive skin and does not cause irritation.<\/li>\n<li><strong>Coenzyme Q10<\/strong> \u2013 a powerful antioxidant, helps prevent premature aging, reduces oxidative stress, and protects collagen and elastin fibers from damage.<\/li>\n<\/ul>\n<p>Suitable for all skin types.<\/p>\n<p><strong>Use of<\/strong><\/p>\n<p>Apply to skin after cleansing, toning and serum. Mix capsule and clear gel in the appropriate ratio according to skin needs.<br \/>\nFor a lighter texture, add more gel, for a creamier consistency, use two capsules.<\/p>","protected":false},"excerpt":{"rendered":"<p>Encapsulated brightening vitamin cream Medicube Deep Vita C Capsule Cream has a strong antioxidant effect, provides photoprotection and slows down skin aging. Helps reduce dull complexion, evens out skin tone and supports the reduction of hyperpigmentation and post-acne spots. Yellow vitamin C capsules dissolve when applied to the skin, ensuring deep absorption of active ingredients and maximum effectiveness. The gel base helps maintain optimal moisture levels, softens the skin and\u2026<\/p>","protected":false},"featured_media":17609,"comment_status":"open","ping_status":"closed","template":"","meta":{"_uf_show_specific_survey":0,"_uf_disable_surveys":false,"_bst_post_transparent":"default","_bst_post_title":"","_bst_post_layout":"default","_bst_post_sidebar_id":"","_bst_post_content_style":"default","_bst_post_vertical_padding":"default","_bst_post_feature":"","_bst_post_feature_position":"","_bst_post_header":false,"_bst_post_footer":false},"pwb-brand":[490],"product_brand":[],"product_cat":[95],"product_tag":[723,202,721,722],"class_list":{"0":"post-17608","1":"product","2":"type-product","3":"status-publish","4":"has-post-thumbnail","6":"pwb-brand-medicube","7":"product_cat-komplektid","8":"product_tag-capsule-cream","9":"product_tag-korea-kosmeetika","10":"product_tag-medicube","11":"product_tag-vitamin-c-cream","13":"first","14":"instock","15":"sale","16":"shipping-taxable","17":"purchasable","18":"product-type-simple","19":"entry","20":"content-bg","21":"loop-entry"},"supplier_id":null,"supplier_sku":"","barcode":null,"atum_controlled":true,"out_stock_date":null,"out_stock_threshold":null,"inheritable":false,"inbound_stock":0,"stock_on_hold":0,"sold_today":0,"sales_last_days":0,"out_stock_days":0,"lost_sales":0,"has_location":false,"update_date":"2026-04-14T00:05:08","atum_locations":[],"atum_stock_status":"instock","restock_status":false,"low_stock_amount":"","sales_update_date":"2026-04-14T00:05:08","calc_backorders":null,"yoast_head":"<!-- This site is optimized with the Yoast SEO plugin v27.2 - https:\/\/yoast.com\/product\/yoast-seo-wordpress\/ -->\n<title>Medicube Deep Vita C Capsule Cream, 55g + 31,5g - IDA.KOREA<\/title>\n<meta name=\"robots\" content=\"index, follow, max-snippet:-1, max-image-preview:large, max-video-preview:-1\" \/>\n<link rel=\"canonical\" href=\"https:\/\/idakorea.ee\/en\/product\/medicube-deep-vita-c-capsule-cream-55g-315g\/\" \/>\n<meta property=\"og:locale\" content=\"en_US\" \/>\n<meta property=\"og:type\" content=\"article\" \/>\n<meta property=\"og:title\" content=\"Medicube Deep Vita C Capsule Cream, 55g + 31,5g - IDA.KOREA\" \/>\n<meta property=\"og:description\" content=\"Kapseldatud kirgastav vitamiinikreem Medicube Deep Vita C Capsule Cream omab tugevat antioks\u00fcdantset toimet, pakub fotoprotektsiooni ning aeglustab naha vananemist. Aitab v\u00e4hendada tuhmi jumet, \u00fchtlustab nahatooni ning toetab h\u00fcperpigmentatsiooni ja aknej\u00e4rgsete laikude (post-akne) v\u00e4henemist. Kollased C-vitamiini kapslid lahustuvad nahale kandmisel, tagades toimeainete s\u00fcgava imendumise ja maksimaalse efektiivsuse. Geeljas alus aitab s\u00e4ilitada optimaalset niiskustaset, pehmendab nahka ja...\" \/>\n<meta property=\"og:url\" content=\"https:\/\/idakorea.ee\/en\/product\/medicube-deep-vita-c-capsule-cream-55g-315g\/\" \/>\n<meta property=\"og:site_name\" content=\"IDA.KOREA\" \/>\n<meta property=\"article:modified_time\" content=\"2026-03-30T09:19:47+00:00\" \/>\n<meta property=\"og:image\" content=\"https:\/\/idakorea.ee\/wp-content\/uploads\/2026\/02\/MEDICUBE-Deep-Vita-C-Capsule-Cream-Set-idakorea.jpg\" \/>\n\t<meta property=\"og:image:width\" content=\"500\" \/>\n\t<meta property=\"og:image:height\" content=\"500\" \/>\n\t<meta property=\"og:image:type\" content=\"image\/jpeg\" \/>\n<meta name=\"twitter:card\" content=\"summary_large_image\" \/>\n<meta name=\"twitter:label1\" content=\"Est. reading time\" \/>\n\t<meta name=\"twitter:data1\" content=\"2 minutes\" \/>\n<script type=\"application\/ld+json\" class=\"yoast-schema-graph\">{\"@context\":\"https:\/\/schema.org\",\"@graph\":[{\"@type\":\"WebPage\",\"@id\":\"https:\/\/idakorea.ee\/product\/medicube-deep-vita-c-capsule-cream-55g-315g\/\",\"url\":\"https:\/\/idakorea.ee\/product\/medicube-deep-vita-c-capsule-cream-55g-315g\/\",\"name\":\"Medicube Deep Vita C Capsule Cream, 55g + 31,5g - IDA.KOREA\",\"isPartOf\":{\"@id\":\"https:\/\/idakorea.ee\/#website\"},\"primaryImageOfPage\":{\"@id\":\"https:\/\/idakorea.ee\/product\/medicube-deep-vita-c-capsule-cream-55g-315g\/#primaryimage\"},\"image\":{\"@id\":\"https:\/\/idakorea.ee\/product\/medicube-deep-vita-c-capsule-cream-55g-315g\/#primaryimage\"},\"thumbnailUrl\":\"https:\/\/idakorea.ee\/wp-content\/uploads\/2026\/02\/MEDICUBE-Deep-Vita-C-Capsule-Cream-Set-idakorea.jpg\",\"datePublished\":\"2026-02-05T13:16:47+00:00\",\"dateModified\":\"2026-03-30T09:19:47+00:00\",\"breadcrumb\":{\"@id\":\"https:\/\/idakorea.ee\/product\/medicube-deep-vita-c-capsule-cream-55g-315g\/#breadcrumb\"},\"inLanguage\":\"en-US\",\"potentialAction\":[{\"@type\":\"ReadAction\",\"target\":[\"https:\/\/idakorea.ee\/product\/medicube-deep-vita-c-capsule-cream-55g-315g\/\"]}]},{\"@type\":\"ImageObject\",\"inLanguage\":\"en-US\",\"@id\":\"https:\/\/idakorea.ee\/product\/medicube-deep-vita-c-capsule-cream-55g-315g\/#primaryimage\",\"url\":\"https:\/\/idakorea.ee\/wp-content\/uploads\/2026\/02\/MEDICUBE-Deep-Vita-C-Capsule-Cream-Set-idakorea.jpg\",\"contentUrl\":\"https:\/\/idakorea.ee\/wp-content\/uploads\/2026\/02\/MEDICUBE-Deep-Vita-C-Capsule-Cream-Set-idakorea.jpg\",\"width\":500,\"height\":500},{\"@type\":\"BreadcrumbList\",\"@id\":\"https:\/\/idakorea.ee\/product\/medicube-deep-vita-c-capsule-cream-55g-315g\/#breadcrumb\",\"itemListElement\":[{\"@type\":\"ListItem\",\"position\":1,\"name\":\"\u0413\u043b\u0430\u0432\u043d\u0430\u044f \u0441\u0442\u0440\u0430\u043d\u0438\u0446\u0430\",\"item\":\"https:\/\/idakorea.ee\/\"},{\"@type\":\"ListItem\",\"position\":2,\"name\":\"Shop\",\"item\":\"https:\/\/idakorea.ee\/shop-2\/\"},{\"@type\":\"ListItem\",\"position\":3,\"name\":\"Vitamiinikapslitega helendav kreem Medicube Deep Vita C Capsule Cream set, 55g + 31,5g\"}]},{\"@type\":\"WebSite\",\"@id\":\"https:\/\/idakorea.ee\/#website\",\"url\":\"https:\/\/idakorea.ee\/\",\"name\":\"IDA.KOREA\",\"description\":\"Korea kosmeetika e-pood\",\"publisher\":{\"@id\":\"https:\/\/idakorea.ee\/#organization\"},\"alternateName\":\"Beauty Shop\",\"potentialAction\":[{\"@type\":\"SearchAction\",\"target\":{\"@type\":\"EntryPoint\",\"urlTemplate\":\"https:\/\/idakorea.ee\/?s={search_term_string}\"},\"query-input\":{\"@type\":\"PropertyValueSpecification\",\"valueRequired\":true,\"valueName\":\"search_term_string\"}}],\"inLanguage\":\"en-US\"},{\"@type\":\"Organization\",\"@id\":\"https:\/\/idakorea.ee\/#organization\",\"name\":\"IDA.KOREA\",\"url\":\"https:\/\/idakorea.ee\/\",\"logo\":{\"@type\":\"ImageObject\",\"inLanguage\":\"en-US\",\"@id\":\"https:\/\/idakorea.ee\/#\/schema\/logo\/image\/\",\"url\":\"https:\/\/idakorea.ee\/wp-content\/uploads\/2024\/05\/cropped-korea3.png\",\"contentUrl\":\"https:\/\/idakorea.ee\/wp-content\/uploads\/2024\/05\/cropped-korea3.png\",\"width\":688,\"height\":126,\"caption\":\"IDA.KOREA\"},\"image\":{\"@id\":\"https:\/\/idakorea.ee\/#\/schema\/logo\/image\/\"},\"sameAs\":[\"https:\/\/www.instagram.com\/ida.korea\/\"]}]}<\/script>\n<!-- \/ Yoast SEO plugin. -->","yoast_head_json":{"title":"Medicube Deep Vita C Capsule Cream, 55g + 31,5g - IDA.KOREA","robots":{"index":"index","follow":"follow","max-snippet":"max-snippet:-1","max-image-preview":"max-image-preview:large","max-video-preview":"max-video-preview:-1"},"canonical":"https:\/\/idakorea.ee\/en\/product\/medicube-deep-vita-c-capsule-cream-55g-315g\/","og_locale":"en_US","og_type":"article","og_title":"Medicube Deep Vita C Capsule Cream, 55g + 31,5g - IDA.KOREA","og_description":"Kapseldatud kirgastav vitamiinikreem Medicube Deep Vita C Capsule Cream omab tugevat antioks\u00fcdantset toimet, pakub fotoprotektsiooni ning aeglustab naha vananemist. Aitab v\u00e4hendada tuhmi jumet, \u00fchtlustab nahatooni ning toetab h\u00fcperpigmentatsiooni ja aknej\u00e4rgsete laikude (post-akne) v\u00e4henemist. Kollased C-vitamiini kapslid lahustuvad nahale kandmisel, tagades toimeainete s\u00fcgava imendumise ja maksimaalse efektiivsuse. Geeljas alus aitab s\u00e4ilitada optimaalset niiskustaset, pehmendab nahka ja...","og_url":"https:\/\/idakorea.ee\/en\/product\/medicube-deep-vita-c-capsule-cream-55g-315g\/","og_site_name":"IDA.KOREA","article_modified_time":"2026-03-30T09:19:47+00:00","og_image":[{"width":500,"height":500,"url":"https:\/\/idakorea.ee\/wp-content\/uploads\/2026\/02\/MEDICUBE-Deep-Vita-C-Capsule-Cream-Set-idakorea.jpg","type":"image\/jpeg"}],"twitter_card":"summary_large_image","twitter_misc":{"Est. reading time":"2 minutes"},"schema":{"@context":"https:\/\/schema.org","@graph":[{"@type":"WebPage","@id":"https:\/\/idakorea.ee\/product\/medicube-deep-vita-c-capsule-cream-55g-315g\/","url":"https:\/\/idakorea.ee\/product\/medicube-deep-vita-c-capsule-cream-55g-315g\/","name":"Medicube Deep Vita C Capsule Cream, 55g + 31,5g - IDA.KOREA","isPartOf":{"@id":"https:\/\/idakorea.ee\/#website"},"primaryImageOfPage":{"@id":"https:\/\/idakorea.ee\/product\/medicube-deep-vita-c-capsule-cream-55g-315g\/#primaryimage"},"image":{"@id":"https:\/\/idakorea.ee\/product\/medicube-deep-vita-c-capsule-cream-55g-315g\/#primaryimage"},"thumbnailUrl":"https:\/\/idakorea.ee\/wp-content\/uploads\/2026\/02\/MEDICUBE-Deep-Vita-C-Capsule-Cream-Set-idakorea.jpg","datePublished":"2026-02-05T13:16:47+00:00","dateModified":"2026-03-30T09:19:47+00:00","breadcrumb":{"@id":"https:\/\/idakorea.ee\/product\/medicube-deep-vita-c-capsule-cream-55g-315g\/#breadcrumb"},"inLanguage":"en-US","potentialAction":[{"@type":"ReadAction","target":["https:\/\/idakorea.ee\/product\/medicube-deep-vita-c-capsule-cream-55g-315g\/"]}]},{"@type":"ImageObject","inLanguage":"en-US","@id":"https:\/\/idakorea.ee\/product\/medicube-deep-vita-c-capsule-cream-55g-315g\/#primaryimage","url":"https:\/\/idakorea.ee\/wp-content\/uploads\/2026\/02\/MEDICUBE-Deep-Vita-C-Capsule-Cream-Set-idakorea.jpg","contentUrl":"https:\/\/idakorea.ee\/wp-content\/uploads\/2026\/02\/MEDICUBE-Deep-Vita-C-Capsule-Cream-Set-idakorea.jpg","width":500,"height":500},{"@type":"BreadcrumbList","@id":"https:\/\/idakorea.ee\/product\/medicube-deep-vita-c-capsule-cream-55g-315g\/#breadcrumb","itemListElement":[{"@type":"ListItem","position":1,"name":"\u0413\u043b\u0430\u0432\u043d\u0430\u044f \u0441\u0442\u0440\u0430\u043d\u0438\u0446\u0430","item":"https:\/\/idakorea.ee\/"},{"@type":"ListItem","position":2,"name":"Shop","item":"https:\/\/idakorea.ee\/shop-2\/"},{"@type":"ListItem","position":3,"name":"Vitamiinikapslitega helendav kreem Medicube Deep Vita C Capsule Cream set, 55g + 31,5g"}]},{"@type":"WebSite","@id":"https:\/\/idakorea.ee\/#website","url":"https:\/\/idakorea.ee\/","name":"IDA.KOREA","description":"Korean cosmetics e-shop","publisher":{"@id":"https:\/\/idakorea.ee\/#organization"},"alternateName":"Beauty Shop","potentialAction":[{"@type":"SearchAction","target":{"@type":"EntryPoint","urlTemplate":"https:\/\/idakorea.ee\/?s={search_term_string}"},"query-input":{"@type":"PropertyValueSpecification","valueRequired":true,"valueName":"search_term_string"}}],"inLanguage":"en-US"},{"@type":"Organization","@id":"https:\/\/idakorea.ee\/#organization","name":"IDA.KOREA","url":"https:\/\/idakorea.ee\/","logo":{"@type":"ImageObject","inLanguage":"en-US","@id":"https:\/\/idakorea.ee\/#\/schema\/logo\/image\/","url":"https:\/\/idakorea.ee\/wp-content\/uploads\/2024\/05\/cropped-korea3.png","contentUrl":"https:\/\/idakorea.ee\/wp-content\/uploads\/2024\/05\/cropped-korea3.png","width":688,"height":126,"caption":"IDA.KOREA"},"image":{"@id":"https:\/\/idakorea.ee\/#\/schema\/logo\/image\/"},"sameAs":["https:\/\/www.instagram.com\/ida.korea\/"]}]}},"jetpack_sharing_enabled":true,"brands":[{"id":490,"name":"MEDICUBE","slug":"medicube"}],"_links":{"self":[{"href":"https:\/\/idakorea.ee\/en\/wp-json\/wp\/v2\/product\/17608","targetHints":{"allow":["GET"]}}],"collection":[{"href":"https:\/\/idakorea.ee\/en\/wp-json\/wp\/v2\/product"}],"about":[{"href":"https:\/\/idakorea.ee\/en\/wp-json\/wp\/v2\/types\/product"}],"replies":[{"embeddable":true,"href":"https:\/\/idakorea.ee\/en\/wp-json\/wp\/v2\/comments?post=17608"}],"version-history":[{"count":1,"href":"https:\/\/idakorea.ee\/en\/wp-json\/wp\/v2\/product\/17608\/revisions"}],"predecessor-version":[{"id":17611,"href":"https:\/\/idakorea.ee\/en\/wp-json\/wp\/v2\/product\/17608\/revisions\/17611"}],"wp:featuredmedia":[{"embeddable":true,"href":"https:\/\/idakorea.ee\/en\/wp-json\/wp\/v2\/media\/17609"}],"wp:attachment":[{"href":"https:\/\/idakorea.ee\/en\/wp-json\/wp\/v2\/media?parent=17608"}],"wp:term":[{"taxonomy":"pwb-brand","embeddable":true,"href":"https:\/\/idakorea.ee\/en\/wp-json\/wp\/v2\/pwb-brand?post=17608"},{"taxonomy":"product_brand","embeddable":true,"href":"https:\/\/idakorea.ee\/en\/wp-json\/wp\/v2\/product_brand?post=17608"},{"taxonomy":"product_cat","embeddable":true,"href":"https:\/\/idakorea.ee\/en\/wp-json\/wp\/v2\/product_cat?post=17608"},{"taxonomy":"product_tag","embeddable":true,"href":"https:\/\/idakorea.ee\/en\/wp-json\/wp\/v2\/product_tag?post=17608"}],"curies":[{"name":"wp","href":"https:\/\/api.w.org\/{rel}","templated":true}]}}