{"id":17628,"date":"2026-02-06T11:19:29","date_gmt":"2026-02-06T09:19:29","guid":{"rendered":"https:\/\/idakorea.ee\/?post_type=product&#038;p=17628"},"modified":"2026-03-27T11:30:03","modified_gmt":"2026-03-27T09:30:03","slug":"biodance-rejuvenating-caviar-pdrn-real-deep-mask","status":"publish","type":"product","link":"https:\/\/idakorea.ee\/en\/product\/biodance-rejuvenating-caviar-pdrn-real-deep-mask\/","title":{"rendered":"Hydrogel mask with PDRN and caviar Biodance Rejuvenating Caviar PDRN Real Deep Mask"},"content":{"rendered":"<p data-start=\"188\" data-end=\"407\">The mask helps maintain skin elasticity and firmness, improves skin tone and slows down the aging process. Restores and strengthens the skin&#039;s hydrolipid barrier, provides photoprotective protection and helps prevent wrinkles.<\/p>\n<p data-start=\"409\" data-end=\"577\">Intensively moisturizes, relieves dryness and flaking, and restores a healthy, radiant complexion. Reduces dullness, evens out skin tone, and soothes redness and itching.<\/p>\n<p data-start=\"579\" data-end=\"602\"><strong>Main active ingredients<\/strong><\/p>\n<ul>\n<li data-start=\"604\" data-end=\"905\"><strong data-start=\"604\" data-end=\"625\">PDRN (Sodium DNA)<\/strong> \u2013 a polynucleotide derived from salmonid fish DNA that stimulates the synthesis of new collagen and elastin fibers, supports skin regeneration, and helps repair damage caused by premature aging, excessive sun exposure, and aggressive environmental factors.<\/li>\n<li data-start=\"907\" data-end=\"1098\"><strong data-start=\"907\" data-end=\"959\">Salmon caviar extract and hydrolate (600,000 ppm)<\/strong> \u2013 rich in amino acids and vitamins, nourish the skin, reduce dryness, promote regeneration and help smooth wrinkles.<\/li>\n<li data-start=\"1100\" data-end=\"1248\"><strong data-start=\"1100\" data-end=\"1113\">Adenos<\/strong> \u2013 stimulates collagen production, reduces the depth of wrinkles and helps prevent their formation, supporting skin elasticity and youthfulness.<\/li>\n<li data-start=\"1250\" data-end=\"1390\"><strong data-start=\"1250\" data-end=\"1274\">Shea butter and jojoba oil<\/strong> \u2013 strengthen the skin&#039;s protective barrier, moisturize and nourish, soften rough areas and reduce flaking.<\/li>\n<li data-start=\"1392\" data-end=\"1522\"><strong data-start=\"1392\" data-end=\"1410\">Rose hydrolate<\/strong> \u2013 provides antioxidant protection, slows down aging, helps retain moisture, and gives the skin a natural glow.<\/li>\n<\/ul>\n<p data-start=\"1524\" data-end=\"1554\">Suitable for all skin types.<\/p>\n<p data-start=\"1556\" data-end=\"1570\"><strong>Use of<\/strong><\/p>\n<p data-start=\"1571\" data-end=\"1749\">Remove the hydrogel mask from the protective film. After cleansing, toning and serum, place the mask on your face for 3-4 hours until it becomes transparent. You can also leave the mask on overnight.<\/p>","protected":false},"excerpt":{"rendered":"<p>The mask helps maintain skin elasticity and firmness, improves skin tone and slows down the aging process. Restores and strengthens the skin&#039;s hydrolipid barrier, provides photoprotective protection and helps prevent wrinkles. Intensively moisturizes, relieves dryness and flaking and restores the skin&#039;s healthy and radiant complexion. Reduces dullness, evens out skin tone and soothes redness and itching. Main active ingredients PDRN (Sodium DNA) \u2013 salmon\u2026<\/p>","protected":false},"featured_media":17631,"comment_status":"open","ping_status":"closed","template":"","meta":{"_uf_show_specific_survey":0,"_uf_disable_surveys":false,"_bst_post_transparent":"default","_bst_post_title":"","_bst_post_layout":"default","_bst_post_sidebar_id":"","_bst_post_content_style":"default","_bst_post_vertical_padding":"default","_bst_post_feature":"","_bst_post_feature_position":"","_bst_post_header":false,"_bst_post_footer":false},"pwb-brand":[113],"product_brand":[],"product_cat":[92,98],"product_tag":[445,568,789,1114,538],"class_list":{"0":"post-17628","1":"product","2":"type-product","3":"status-publish","4":"has-post-thumbnail","6":"pwb-brand-biodance","7":"product_cat-nagu","8":"product_cat-naomaskid","9":"product_tag-biodance","10":"product_tag-korea","11":"product_tag-pdrn","12":"product_tag-trend-mak","13":"product_tag-viral","15":"first","16":"instock","17":"shipping-taxable","18":"purchasable","19":"product-type-simple","20":"entry","21":"content-bg","22":"loop-entry"},"supplier_id":null,"supplier_sku":"","barcode":null,"atum_controlled":true,"out_stock_date":null,"out_stock_threshold":null,"inheritable":false,"inbound_stock":0,"stock_on_hold":0,"sold_today":0,"sales_last_days":1,"out_stock_days":0,"lost_sales":0,"has_location":false,"update_date":"2026-04-24T00:09:10","atum_locations":[],"atum_stock_status":"instock","restock_status":false,"low_stock_amount":"","sales_update_date":"2026-04-24T00:09:10","calc_backorders":null,"yoast_head":"<!-- This site is optimized with the Yoast SEO plugin v27.2 - https:\/\/yoast.com\/product\/yoast-seo-wordpress\/ -->\n<title>Biodance Rejuvenating Caviar PDRN Real Deep Mask - IDA.KOREA<\/title>\n<meta name=\"description\" content=\"Niisutab intensiivselt, leevendab kuivust ja ketendust ning taastab naha terve ja s\u00e4rava jume. V\u00e4hendab tuhmust, \u00fchtlustab nahatooni ning rahustab punetust.\" \/>\n<meta name=\"robots\" content=\"index, follow, max-snippet:-1, max-image-preview:large, max-video-preview:-1\" \/>\n<link rel=\"canonical\" href=\"https:\/\/idakorea.ee\/en\/product\/biodance-rejuvenating-caviar-pdrn-real-deep-mask\/\" \/>\n<meta property=\"og:locale\" content=\"en_US\" \/>\n<meta property=\"og:type\" content=\"article\" \/>\n<meta property=\"og:title\" content=\"Biodance Rejuvenating Caviar PDRN Real Deep Mask - IDA.KOREA\" \/>\n<meta property=\"og:description\" content=\"Niisutab intensiivselt, leevendab kuivust ja ketendust ning taastab naha terve ja s\u00e4rava jume. V\u00e4hendab tuhmust, \u00fchtlustab nahatooni ning rahustab punetust.\" \/>\n<meta property=\"og:url\" content=\"https:\/\/idakorea.ee\/en\/product\/biodance-rejuvenating-caviar-pdrn-real-deep-mask\/\" \/>\n<meta property=\"og:site_name\" content=\"IDA.KOREA\" \/>\n<meta property=\"article:modified_time\" content=\"2026-03-27T09:30:03+00:00\" \/>\n<meta property=\"og:image\" content=\"https:\/\/idakorea.ee\/wp-content\/uploads\/2026\/02\/Biodance-Rejuvenating-Caviar-PDRN-Real-Deep-Mask-idakorea.jpg\" \/>\n\t<meta property=\"og:image:width\" content=\"1000\" \/>\n\t<meta property=\"og:image:height\" content=\"1000\" \/>\n\t<meta property=\"og:image:type\" content=\"image\/jpeg\" \/>\n<meta name=\"twitter:card\" content=\"summary_large_image\" \/>\n<meta name=\"twitter:label1\" content=\"Est. reading time\" \/>\n\t<meta name=\"twitter:data1\" content=\"2 minutes\" \/>\n<script type=\"application\/ld+json\" class=\"yoast-schema-graph\">{\"@context\":\"https:\/\/schema.org\",\"@graph\":[{\"@type\":\"WebPage\",\"@id\":\"https:\/\/idakorea.ee\/product\/biodance-rejuvenating-caviar-pdrn-real-deep-mask\/\",\"url\":\"https:\/\/idakorea.ee\/product\/biodance-rejuvenating-caviar-pdrn-real-deep-mask\/\",\"name\":\"Biodance Rejuvenating Caviar PDRN Real Deep Mask - IDA.KOREA\",\"isPartOf\":{\"@id\":\"https:\/\/idakorea.ee\/#website\"},\"primaryImageOfPage\":{\"@id\":\"https:\/\/idakorea.ee\/product\/biodance-rejuvenating-caviar-pdrn-real-deep-mask\/#primaryimage\"},\"image\":{\"@id\":\"https:\/\/idakorea.ee\/product\/biodance-rejuvenating-caviar-pdrn-real-deep-mask\/#primaryimage\"},\"thumbnailUrl\":\"https:\/\/idakorea.ee\/wp-content\/uploads\/2026\/02\/Biodance-Rejuvenating-Caviar-PDRN-Real-Deep-Mask-idakorea.jpg\",\"datePublished\":\"2026-02-06T09:19:29+00:00\",\"dateModified\":\"2026-03-27T09:30:03+00:00\",\"description\":\"Niisutab intensiivselt, leevendab kuivust ja ketendust ning taastab naha terve ja s\u00e4rava jume. V\u00e4hendab tuhmust, \u00fchtlustab nahatooni ning rahustab punetust.\",\"breadcrumb\":{\"@id\":\"https:\/\/idakorea.ee\/product\/biodance-rejuvenating-caviar-pdrn-real-deep-mask\/#breadcrumb\"},\"inLanguage\":\"en-US\",\"potentialAction\":[{\"@type\":\"ReadAction\",\"target\":[\"https:\/\/idakorea.ee\/product\/biodance-rejuvenating-caviar-pdrn-real-deep-mask\/\"]}]},{\"@type\":\"ImageObject\",\"inLanguage\":\"en-US\",\"@id\":\"https:\/\/idakorea.ee\/product\/biodance-rejuvenating-caviar-pdrn-real-deep-mask\/#primaryimage\",\"url\":\"https:\/\/idakorea.ee\/wp-content\/uploads\/2026\/02\/Biodance-Rejuvenating-Caviar-PDRN-Real-Deep-Mask-idakorea.jpg\",\"contentUrl\":\"https:\/\/idakorea.ee\/wp-content\/uploads\/2026\/02\/Biodance-Rejuvenating-Caviar-PDRN-Real-Deep-Mask-idakorea.jpg\",\"width\":1000,\"height\":1000},{\"@type\":\"BreadcrumbList\",\"@id\":\"https:\/\/idakorea.ee\/product\/biodance-rejuvenating-caviar-pdrn-real-deep-mask\/#breadcrumb\",\"itemListElement\":[{\"@type\":\"ListItem\",\"position\":1,\"name\":\"\u0413\u043b\u0430\u0432\u043d\u0430\u044f \u0441\u0442\u0440\u0430\u043d\u0438\u0446\u0430\",\"item\":\"https:\/\/idakorea.ee\/\"},{\"@type\":\"ListItem\",\"position\":2,\"name\":\"Shop\",\"item\":\"https:\/\/idakorea.ee\/shop-2\/\"},{\"@type\":\"ListItem\",\"position\":3,\"name\":\"H\u00fcdrogeelmask PDRN-i ja kaaviariga Biodance Rejuvenating Caviar PDRN Real Deep Mask\"}]},{\"@type\":\"WebSite\",\"@id\":\"https:\/\/idakorea.ee\/#website\",\"url\":\"https:\/\/idakorea.ee\/\",\"name\":\"IDA.KOREA\",\"description\":\"Korea kosmeetika e-pood\",\"publisher\":{\"@id\":\"https:\/\/idakorea.ee\/#organization\"},\"alternateName\":\"Beauty Shop\",\"potentialAction\":[{\"@type\":\"SearchAction\",\"target\":{\"@type\":\"EntryPoint\",\"urlTemplate\":\"https:\/\/idakorea.ee\/?s={search_term_string}\"},\"query-input\":{\"@type\":\"PropertyValueSpecification\",\"valueRequired\":true,\"valueName\":\"search_term_string\"}}],\"inLanguage\":\"en-US\"},{\"@type\":\"Organization\",\"@id\":\"https:\/\/idakorea.ee\/#organization\",\"name\":\"IDA.KOREA\",\"url\":\"https:\/\/idakorea.ee\/\",\"logo\":{\"@type\":\"ImageObject\",\"inLanguage\":\"en-US\",\"@id\":\"https:\/\/idakorea.ee\/#\/schema\/logo\/image\/\",\"url\":\"https:\/\/idakorea.ee\/wp-content\/uploads\/2024\/05\/cropped-korea3.png\",\"contentUrl\":\"https:\/\/idakorea.ee\/wp-content\/uploads\/2024\/05\/cropped-korea3.png\",\"width\":688,\"height\":126,\"caption\":\"IDA.KOREA\"},\"image\":{\"@id\":\"https:\/\/idakorea.ee\/#\/schema\/logo\/image\/\"},\"sameAs\":[\"https:\/\/www.instagram.com\/ida.korea\/\"]}]}<\/script>\n<!-- \/ Yoast SEO plugin. -->","yoast_head_json":{"title":"Biodance Rejuvenating Caviar PDRN Real Deep Mask - IDA.KOREA","description":"Intensively moisturizes, relieves dryness and flaking, and restores a healthy, radiant complexion. Reduces dullness, evens out skin tone, and soothes redness.","robots":{"index":"index","follow":"follow","max-snippet":"max-snippet:-1","max-image-preview":"max-image-preview:large","max-video-preview":"max-video-preview:-1"},"canonical":"https:\/\/idakorea.ee\/en\/product\/biodance-rejuvenating-caviar-pdrn-real-deep-mask\/","og_locale":"en_US","og_type":"article","og_title":"Biodance Rejuvenating Caviar PDRN Real Deep Mask - IDA.KOREA","og_description":"Niisutab intensiivselt, leevendab kuivust ja ketendust ning taastab naha terve ja s\u00e4rava jume. V\u00e4hendab tuhmust, \u00fchtlustab nahatooni ning rahustab punetust.","og_url":"https:\/\/idakorea.ee\/en\/product\/biodance-rejuvenating-caviar-pdrn-real-deep-mask\/","og_site_name":"IDA.KOREA","article_modified_time":"2026-03-27T09:30:03+00:00","og_image":[{"width":1000,"height":1000,"url":"https:\/\/idakorea.ee\/wp-content\/uploads\/2026\/02\/Biodance-Rejuvenating-Caviar-PDRN-Real-Deep-Mask-idakorea.jpg","type":"image\/jpeg"}],"twitter_card":"summary_large_image","twitter_misc":{"Est. reading time":"2 minutes"},"schema":{"@context":"https:\/\/schema.org","@graph":[{"@type":"WebPage","@id":"https:\/\/idakorea.ee\/product\/biodance-rejuvenating-caviar-pdrn-real-deep-mask\/","url":"https:\/\/idakorea.ee\/product\/biodance-rejuvenating-caviar-pdrn-real-deep-mask\/","name":"Biodance Rejuvenating Caviar PDRN Real Deep Mask - IDA.KOREA","isPartOf":{"@id":"https:\/\/idakorea.ee\/#website"},"primaryImageOfPage":{"@id":"https:\/\/idakorea.ee\/product\/biodance-rejuvenating-caviar-pdrn-real-deep-mask\/#primaryimage"},"image":{"@id":"https:\/\/idakorea.ee\/product\/biodance-rejuvenating-caviar-pdrn-real-deep-mask\/#primaryimage"},"thumbnailUrl":"https:\/\/idakorea.ee\/wp-content\/uploads\/2026\/02\/Biodance-Rejuvenating-Caviar-PDRN-Real-Deep-Mask-idakorea.jpg","datePublished":"2026-02-06T09:19:29+00:00","dateModified":"2026-03-27T09:30:03+00:00","description":"Intensively moisturizes, relieves dryness and flaking, and restores a healthy, radiant complexion. Reduces dullness, evens out skin tone, and soothes redness.","breadcrumb":{"@id":"https:\/\/idakorea.ee\/product\/biodance-rejuvenating-caviar-pdrn-real-deep-mask\/#breadcrumb"},"inLanguage":"en-US","potentialAction":[{"@type":"ReadAction","target":["https:\/\/idakorea.ee\/product\/biodance-rejuvenating-caviar-pdrn-real-deep-mask\/"]}]},{"@type":"ImageObject","inLanguage":"en-US","@id":"https:\/\/idakorea.ee\/product\/biodance-rejuvenating-caviar-pdrn-real-deep-mask\/#primaryimage","url":"https:\/\/idakorea.ee\/wp-content\/uploads\/2026\/02\/Biodance-Rejuvenating-Caviar-PDRN-Real-Deep-Mask-idakorea.jpg","contentUrl":"https:\/\/idakorea.ee\/wp-content\/uploads\/2026\/02\/Biodance-Rejuvenating-Caviar-PDRN-Real-Deep-Mask-idakorea.jpg","width":1000,"height":1000},{"@type":"BreadcrumbList","@id":"https:\/\/idakorea.ee\/product\/biodance-rejuvenating-caviar-pdrn-real-deep-mask\/#breadcrumb","itemListElement":[{"@type":"ListItem","position":1,"name":"\u0413\u043b\u0430\u0432\u043d\u0430\u044f \u0441\u0442\u0440\u0430\u043d\u0438\u0446\u0430","item":"https:\/\/idakorea.ee\/"},{"@type":"ListItem","position":2,"name":"Shop","item":"https:\/\/idakorea.ee\/shop-2\/"},{"@type":"ListItem","position":3,"name":"H\u00fcdrogeelmask PDRN-i ja kaaviariga Biodance Rejuvenating Caviar PDRN Real Deep Mask"}]},{"@type":"WebSite","@id":"https:\/\/idakorea.ee\/#website","url":"https:\/\/idakorea.ee\/","name":"IDA.KOREA","description":"Korean cosmetics e-shop","publisher":{"@id":"https:\/\/idakorea.ee\/#organization"},"alternateName":"Beauty Shop","potentialAction":[{"@type":"SearchAction","target":{"@type":"EntryPoint","urlTemplate":"https:\/\/idakorea.ee\/?s={search_term_string}"},"query-input":{"@type":"PropertyValueSpecification","valueRequired":true,"valueName":"search_term_string"}}],"inLanguage":"en-US"},{"@type":"Organization","@id":"https:\/\/idakorea.ee\/#organization","name":"IDA.KOREA","url":"https:\/\/idakorea.ee\/","logo":{"@type":"ImageObject","inLanguage":"en-US","@id":"https:\/\/idakorea.ee\/#\/schema\/logo\/image\/","url":"https:\/\/idakorea.ee\/wp-content\/uploads\/2024\/05\/cropped-korea3.png","contentUrl":"https:\/\/idakorea.ee\/wp-content\/uploads\/2024\/05\/cropped-korea3.png","width":688,"height":126,"caption":"IDA.KOREA"},"image":{"@id":"https:\/\/idakorea.ee\/#\/schema\/logo\/image\/"},"sameAs":["https:\/\/www.instagram.com\/ida.korea\/"]}]}},"jetpack_sharing_enabled":true,"brands":[{"id":113,"name":"BIODANCE","slug":"biodance"}],"_links":{"self":[{"href":"https:\/\/idakorea.ee\/en\/wp-json\/wp\/v2\/product\/17628","targetHints":{"allow":["GET"]}}],"collection":[{"href":"https:\/\/idakorea.ee\/en\/wp-json\/wp\/v2\/product"}],"about":[{"href":"https:\/\/idakorea.ee\/en\/wp-json\/wp\/v2\/types\/product"}],"replies":[{"embeddable":true,"href":"https:\/\/idakorea.ee\/en\/wp-json\/wp\/v2\/comments?post=17628"}],"version-history":[{"count":1,"href":"https:\/\/idakorea.ee\/en\/wp-json\/wp\/v2\/product\/17628\/revisions"}],"predecessor-version":[{"id":17632,"href":"https:\/\/idakorea.ee\/en\/wp-json\/wp\/v2\/product\/17628\/revisions\/17632"}],"wp:featuredmedia":[{"embeddable":true,"href":"https:\/\/idakorea.ee\/en\/wp-json\/wp\/v2\/media\/17631"}],"wp:attachment":[{"href":"https:\/\/idakorea.ee\/en\/wp-json\/wp\/v2\/media?parent=17628"}],"wp:term":[{"taxonomy":"pwb-brand","embeddable":true,"href":"https:\/\/idakorea.ee\/en\/wp-json\/wp\/v2\/pwb-brand?post=17628"},{"taxonomy":"product_brand","embeddable":true,"href":"https:\/\/idakorea.ee\/en\/wp-json\/wp\/v2\/product_brand?post=17628"},{"taxonomy":"product_cat","embeddable":true,"href":"https:\/\/idakorea.ee\/en\/wp-json\/wp\/v2\/product_cat?post=17628"},{"taxonomy":"product_tag","embeddable":true,"href":"https:\/\/idakorea.ee\/en\/wp-json\/wp\/v2\/product_tag?post=17628"}],"curies":[{"name":"wp","href":"https:\/\/api.w.org\/{rel}","templated":true}]}}