{"id":17704,"date":"2026-02-12T15:49:28","date_gmt":"2026-02-12T13:49:28","guid":{"rendered":"https:\/\/idakorea.ee\/?post_type=product&#038;p=17704"},"modified":"2026-04-24T11:00:45","modified_gmt":"2026-04-24T09:00:45","slug":"dr-ceuracle-expert-spirulina-cooling-modeling-mask-30g","status":"publish","type":"product","link":"https:\/\/idakorea.ee\/en\/product\/dr-ceuracle-expert-spirulina-cooling-modeling-mask-30g\/","title":{"rendered":"Cooling alginate mask with spirulina Dr.Ceuracle Expert Spirulina Cooling Modeling Mask, 30g"},"content":{"rendered":"<p data-start=\"0\" data-end=\"56\">Cooling alginate mask with spirulina <strong data-start=\"63\" data-end=\"178\">\u00a0<span class=\"hover:entity-accent entity-underline inline cursor-pointer align-baseline\"><span class=\"whitespace-normal\">Dr.Ceuracle<\/span><\/span> Expert Spirulina Cooling Modeling Mask<\/strong> soothes irritated and sensitive skin, relieves itching and redness, and accelerates the healing of inflammation. Regulates sebum secretion and absorbs excess sebum.<\/p>\n<p data-start=\"330\" data-end=\"476\">Restores the skin&#039;s moisture balance, prevents flaking and strengthens the hydrolipid barrier. Spreads evenly and is easily removed after hardening.<\/p>\n<p data-start=\"478\" data-end=\"647\">The compact packaging makes it easy to take the mask with you on your travels. The mask can be mixed directly in the packaging without any additional accessories. The package includes a spatula for mixing and application.<\/p>\n<p data-start=\"649\" data-end=\"672\"><strong>Main active ingredients<\/strong><\/p>\n<ul>\n<li data-start=\"674\" data-end=\"823\"><strong data-start=\"674\" data-end=\"699\">Spirulina powder (2%)<\/strong> \u2013 rich in vitamins, minerals and amino acids, strengthens the skin&#039;s natural defenses and improves resistance.<\/li>\n<li data-start=\"825\" data-end=\"944\"><strong data-start=\"825\" data-end=\"842\">Tea tree powder<\/strong> \u2013 has an anti-inflammatory effect, reduces redness, lowers the risk of acne and promotes rapid healing.<\/li>\n<li data-start=\"946\" data-end=\"1076\"><strong data-start=\"946\" data-end=\"963\">Peppermint oil<\/strong> \u2013 soothes irritation, redness and itching, helps reduce inflammation and balances the activity of the sebaceous glands.<\/li>\n<li data-start=\"1078\" data-end=\"1167\"><strong data-start=\"1078\" data-end=\"1100\">Portulaca extract<\/strong> \u2013 soothes the skin, reduces sensitivity and strengthens the protective barrier.<\/li>\n<li data-start=\"1169\" data-end=\"1306\"><strong data-start=\"1169\" data-end=\"1196\">Panthenol (vitamin B5)<\/strong> \u2013 relieves redness and itching, strengthens the lipid barrier, reduces moisture loss and accelerates skin regeneration.<\/li>\n<li data-start=\"1308\" data-end=\"1457\"><strong data-start=\"1308\" data-end=\"1320\">Alginate<\/strong> \u2013 a natural substance derived from algae that nourishes and moisturizes the skin, provides a light lifting effect, and activates cell regeneration processes.<\/li>\n<\/ul>\n<p data-start=\"1459\" data-end=\"1511\">Suitable for normal, combination and oily skin.<\/p>\n<p data-start=\"1513\" data-end=\"1527\"><strong>Use of<\/strong><\/p>\n<p data-start=\"1528\" data-end=\"1785\">Add 10-12 tablespoons of water to the powder and mix until smooth. Apply the mask to your face, avoiding the eye and nose area. After 15-20 minutes, when the mask has set, carefully remove it by lifting it from the edge. Then apply a toner and continue with your usual skincare routine.<\/p>","protected":false},"excerpt":{"rendered":"<p>Cooling alginate mask with spirulina Dr.Ceuracle Expert Spirulina Cooling Modeling Mask soothes irritated and sensitive skin, relieves itching and redness, and accelerates the healing of inflammation. Regulates sebum secretion and absorbs excess sebum. Restores the skin&#039;s moisture balance, prevents flaking, and strengthens the hydrolipid barrier. Spreads evenly and is easily removed after solidification. Compact packaging allows you to conveniently take the mask with you on a trip. The mask can be mixed\u2026<\/p>","protected":false},"featured_media":17705,"comment_status":"open","ping_status":"closed","template":"","meta":{"_uf_show_specific_survey":0,"_uf_disable_surveys":false,"_bst_post_transparent":"default","_bst_post_title":"","_bst_post_layout":"default","_bst_post_sidebar_id":"","_bst_post_content_style":"default","_bst_post_vertical_padding":"default","_bst_post_feature":"","_bst_post_feature_position":"","_bst_post_header":false,"_bst_post_footer":false},"pwb-brand":[481],"product_brand":[],"product_cat":[92,98],"product_tag":[1118,568,614],"class_list":{"0":"post-17704","1":"product","2":"type-product","3":"status-publish","4":"has-post-thumbnail","6":"pwb-brand-dr-ceuracle","7":"product_cat-nagu","8":"product_cat-naomaskid","9":"product_tag-alginaat","10":"product_tag-korea","11":"product_tag-mask","13":"first","14":"instock","15":"shipping-taxable","16":"purchasable","17":"product-type-simple","18":"entry","19":"content-bg","20":"loop-entry"},"supplier_id":null,"supplier_sku":"","barcode":null,"atum_controlled":true,"out_stock_date":null,"out_stock_threshold":null,"inheritable":false,"inbound_stock":0,"stock_on_hold":0,"sold_today":0,"sales_last_days":2,"out_stock_days":0,"lost_sales":0,"has_location":false,"update_date":"2026-04-24T09:00:45","atum_locations":[],"atum_stock_status":"instock","restock_status":false,"low_stock_amount":"","sales_update_date":"2026-04-20T00:07:13","calc_backorders":null,"yoast_head":"<!-- This site is optimized with the Yoast SEO plugin v27.2 - https:\/\/yoast.com\/product\/yoast-seo-wordpress\/ -->\n<title>Dr.Ceuracle Expert Spirulina Cooling Modeling Mask, 30g - IDA.KOREA<\/title>\n<meta name=\"description\" content=\"Jahutav alginaatmask spirulinaga rahustab \u00e4rritunud ja tundlikku nahka, leevendab s\u00fcgelust ja punetust ning kiirendab p\u00f5letike paranemist.\" \/>\n<meta name=\"robots\" content=\"index, follow, max-snippet:-1, max-image-preview:large, max-video-preview:-1\" \/>\n<link rel=\"canonical\" href=\"https:\/\/idakorea.ee\/en\/product\/dr-ceuracle-expert-spirulina-cooling-modeling-mask-30g\/\" \/>\n<meta property=\"og:locale\" content=\"en_US\" \/>\n<meta property=\"og:type\" content=\"article\" \/>\n<meta property=\"og:title\" content=\"Dr.Ceuracle Expert Spirulina Cooling Modeling Mask, 30g - IDA.KOREA\" \/>\n<meta property=\"og:description\" content=\"Jahutav alginaatmask spirulinaga rahustab \u00e4rritunud ja tundlikku nahka, leevendab s\u00fcgelust ja punetust ning kiirendab p\u00f5letike paranemist.\" \/>\n<meta property=\"og:url\" content=\"https:\/\/idakorea.ee\/en\/product\/dr-ceuracle-expert-spirulina-cooling-modeling-mask-30g\/\" \/>\n<meta property=\"og:site_name\" content=\"IDA.KOREA\" \/>\n<meta property=\"article:modified_time\" content=\"2026-04-24T09:00:45+00:00\" \/>\n<meta property=\"og:image\" content=\"https:\/\/idakorea.ee\/wp-content\/uploads\/2026\/02\/DR.-CEURACLE-Expert-Spirulina-Cooling-Modeling-Mask-idakorea.webp\" \/>\n\t<meta property=\"og:image:width\" content=\"840\" \/>\n\t<meta property=\"og:image:height\" content=\"840\" \/>\n\t<meta property=\"og:image:type\" content=\"image\/webp\" \/>\n<meta name=\"twitter:card\" content=\"summary_large_image\" \/>\n<meta name=\"twitter:label1\" content=\"Est. reading time\" \/>\n\t<meta name=\"twitter:data1\" content=\"2 minutes\" \/>\n<script type=\"application\/ld+json\" class=\"yoast-schema-graph\">{\"@context\":\"https:\/\/schema.org\",\"@graph\":[{\"@type\":\"WebPage\",\"@id\":\"https:\/\/idakorea.ee\/product\/dr-ceuracle-expert-spirulina-cooling-modeling-mask-30g\/\",\"url\":\"https:\/\/idakorea.ee\/product\/dr-ceuracle-expert-spirulina-cooling-modeling-mask-30g\/\",\"name\":\"Dr.Ceuracle Expert Spirulina Cooling Modeling Mask, 30g - IDA.KOREA\",\"isPartOf\":{\"@id\":\"https:\/\/idakorea.ee\/#website\"},\"primaryImageOfPage\":{\"@id\":\"https:\/\/idakorea.ee\/product\/dr-ceuracle-expert-spirulina-cooling-modeling-mask-30g\/#primaryimage\"},\"image\":{\"@id\":\"https:\/\/idakorea.ee\/product\/dr-ceuracle-expert-spirulina-cooling-modeling-mask-30g\/#primaryimage\"},\"thumbnailUrl\":\"https:\/\/idakorea.ee\/wp-content\/uploads\/2026\/02\/DR.-CEURACLE-Expert-Spirulina-Cooling-Modeling-Mask-idakorea.webp\",\"datePublished\":\"2026-02-12T13:49:28+00:00\",\"dateModified\":\"2026-04-24T09:00:45+00:00\",\"description\":\"Jahutav alginaatmask spirulinaga rahustab \u00e4rritunud ja tundlikku nahka, leevendab s\u00fcgelust ja punetust ning kiirendab p\u00f5letike paranemist.\",\"breadcrumb\":{\"@id\":\"https:\/\/idakorea.ee\/product\/dr-ceuracle-expert-spirulina-cooling-modeling-mask-30g\/#breadcrumb\"},\"inLanguage\":\"en-US\",\"potentialAction\":[{\"@type\":\"ReadAction\",\"target\":[\"https:\/\/idakorea.ee\/product\/dr-ceuracle-expert-spirulina-cooling-modeling-mask-30g\/\"]}]},{\"@type\":\"ImageObject\",\"inLanguage\":\"en-US\",\"@id\":\"https:\/\/idakorea.ee\/product\/dr-ceuracle-expert-spirulina-cooling-modeling-mask-30g\/#primaryimage\",\"url\":\"https:\/\/idakorea.ee\/wp-content\/uploads\/2026\/02\/DR.-CEURACLE-Expert-Spirulina-Cooling-Modeling-Mask-idakorea.webp\",\"contentUrl\":\"https:\/\/idakorea.ee\/wp-content\/uploads\/2026\/02\/DR.-CEURACLE-Expert-Spirulina-Cooling-Modeling-Mask-idakorea.webp\",\"width\":840,\"height\":840},{\"@type\":\"BreadcrumbList\",\"@id\":\"https:\/\/idakorea.ee\/product\/dr-ceuracle-expert-spirulina-cooling-modeling-mask-30g\/#breadcrumb\",\"itemListElement\":[{\"@type\":\"ListItem\",\"position\":1,\"name\":\"\u0413\u043b\u0430\u0432\u043d\u0430\u044f \u0441\u0442\u0440\u0430\u043d\u0438\u0446\u0430\",\"item\":\"https:\/\/idakorea.ee\/\"},{\"@type\":\"ListItem\",\"position\":2,\"name\":\"Shop\",\"item\":\"https:\/\/idakorea.ee\/shop-2\/\"},{\"@type\":\"ListItem\",\"position\":3,\"name\":\"Jahutav alginaatmask spirulinaga Dr.Ceuracle Expert Spirulina Cooling Modeling Mask, 30g\"}]},{\"@type\":\"WebSite\",\"@id\":\"https:\/\/idakorea.ee\/#website\",\"url\":\"https:\/\/idakorea.ee\/\",\"name\":\"IDA.KOREA\",\"description\":\"Korea kosmeetika e-pood\",\"publisher\":{\"@id\":\"https:\/\/idakorea.ee\/#organization\"},\"alternateName\":\"Beauty Shop\",\"potentialAction\":[{\"@type\":\"SearchAction\",\"target\":{\"@type\":\"EntryPoint\",\"urlTemplate\":\"https:\/\/idakorea.ee\/?s={search_term_string}\"},\"query-input\":{\"@type\":\"PropertyValueSpecification\",\"valueRequired\":true,\"valueName\":\"search_term_string\"}}],\"inLanguage\":\"en-US\"},{\"@type\":\"Organization\",\"@id\":\"https:\/\/idakorea.ee\/#organization\",\"name\":\"IDA.KOREA\",\"url\":\"https:\/\/idakorea.ee\/\",\"logo\":{\"@type\":\"ImageObject\",\"inLanguage\":\"en-US\",\"@id\":\"https:\/\/idakorea.ee\/#\/schema\/logo\/image\/\",\"url\":\"https:\/\/idakorea.ee\/wp-content\/uploads\/2024\/05\/cropped-korea3.png\",\"contentUrl\":\"https:\/\/idakorea.ee\/wp-content\/uploads\/2024\/05\/cropped-korea3.png\",\"width\":688,\"height\":126,\"caption\":\"IDA.KOREA\"},\"image\":{\"@id\":\"https:\/\/idakorea.ee\/#\/schema\/logo\/image\/\"},\"sameAs\":[\"https:\/\/www.instagram.com\/ida.korea\/\"]}]}<\/script>\n<!-- \/ Yoast SEO plugin. -->","yoast_head_json":{"title":"Dr.Ceuracle Expert Spirulina Cooling Modeling Mask, 30g - IDA.KOREA","description":"Jahutav alginaatmask spirulinaga rahustab \u00e4rritunud ja tundlikku nahka, leevendab s\u00fcgelust ja punetust ning kiirendab p\u00f5letike paranemist.","robots":{"index":"index","follow":"follow","max-snippet":"max-snippet:-1","max-image-preview":"max-image-preview:large","max-video-preview":"max-video-preview:-1"},"canonical":"https:\/\/idakorea.ee\/en\/product\/dr-ceuracle-expert-spirulina-cooling-modeling-mask-30g\/","og_locale":"en_US","og_type":"article","og_title":"Dr.Ceuracle Expert Spirulina Cooling Modeling Mask, 30g - IDA.KOREA","og_description":"Jahutav alginaatmask spirulinaga rahustab \u00e4rritunud ja tundlikku nahka, leevendab s\u00fcgelust ja punetust ning kiirendab p\u00f5letike paranemist.","og_url":"https:\/\/idakorea.ee\/en\/product\/dr-ceuracle-expert-spirulina-cooling-modeling-mask-30g\/","og_site_name":"IDA.KOREA","article_modified_time":"2026-04-24T09:00:45+00:00","og_image":[{"width":840,"height":840,"url":"https:\/\/idakorea.ee\/wp-content\/uploads\/2026\/02\/DR.-CEURACLE-Expert-Spirulina-Cooling-Modeling-Mask-idakorea.webp","type":"image\/webp"}],"twitter_card":"summary_large_image","twitter_misc":{"Est. reading time":"2 minutes"},"schema":{"@context":"https:\/\/schema.org","@graph":[{"@type":"WebPage","@id":"https:\/\/idakorea.ee\/product\/dr-ceuracle-expert-spirulina-cooling-modeling-mask-30g\/","url":"https:\/\/idakorea.ee\/product\/dr-ceuracle-expert-spirulina-cooling-modeling-mask-30g\/","name":"Dr.Ceuracle Expert Spirulina Cooling Modeling Mask, 30g - IDA.KOREA","isPartOf":{"@id":"https:\/\/idakorea.ee\/#website"},"primaryImageOfPage":{"@id":"https:\/\/idakorea.ee\/product\/dr-ceuracle-expert-spirulina-cooling-modeling-mask-30g\/#primaryimage"},"image":{"@id":"https:\/\/idakorea.ee\/product\/dr-ceuracle-expert-spirulina-cooling-modeling-mask-30g\/#primaryimage"},"thumbnailUrl":"https:\/\/idakorea.ee\/wp-content\/uploads\/2026\/02\/DR.-CEURACLE-Expert-Spirulina-Cooling-Modeling-Mask-idakorea.webp","datePublished":"2026-02-12T13:49:28+00:00","dateModified":"2026-04-24T09:00:45+00:00","description":"Jahutav alginaatmask spirulinaga rahustab \u00e4rritunud ja tundlikku nahka, leevendab s\u00fcgelust ja punetust ning kiirendab p\u00f5letike paranemist.","breadcrumb":{"@id":"https:\/\/idakorea.ee\/product\/dr-ceuracle-expert-spirulina-cooling-modeling-mask-30g\/#breadcrumb"},"inLanguage":"en-US","potentialAction":[{"@type":"ReadAction","target":["https:\/\/idakorea.ee\/product\/dr-ceuracle-expert-spirulina-cooling-modeling-mask-30g\/"]}]},{"@type":"ImageObject","inLanguage":"en-US","@id":"https:\/\/idakorea.ee\/product\/dr-ceuracle-expert-spirulina-cooling-modeling-mask-30g\/#primaryimage","url":"https:\/\/idakorea.ee\/wp-content\/uploads\/2026\/02\/DR.-CEURACLE-Expert-Spirulina-Cooling-Modeling-Mask-idakorea.webp","contentUrl":"https:\/\/idakorea.ee\/wp-content\/uploads\/2026\/02\/DR.-CEURACLE-Expert-Spirulina-Cooling-Modeling-Mask-idakorea.webp","width":840,"height":840},{"@type":"BreadcrumbList","@id":"https:\/\/idakorea.ee\/product\/dr-ceuracle-expert-spirulina-cooling-modeling-mask-30g\/#breadcrumb","itemListElement":[{"@type":"ListItem","position":1,"name":"\u0413\u043b\u0430\u0432\u043d\u0430\u044f \u0441\u0442\u0440\u0430\u043d\u0438\u0446\u0430","item":"https:\/\/idakorea.ee\/"},{"@type":"ListItem","position":2,"name":"Shop","item":"https:\/\/idakorea.ee\/shop-2\/"},{"@type":"ListItem","position":3,"name":"Jahutav alginaatmask spirulinaga Dr.Ceuracle Expert Spirulina Cooling Modeling Mask, 30g"}]},{"@type":"WebSite","@id":"https:\/\/idakorea.ee\/#website","url":"https:\/\/idakorea.ee\/","name":"IDA.KOREA","description":"Korean cosmetics e-shop","publisher":{"@id":"https:\/\/idakorea.ee\/#organization"},"alternateName":"Beauty Shop","potentialAction":[{"@type":"SearchAction","target":{"@type":"EntryPoint","urlTemplate":"https:\/\/idakorea.ee\/?s={search_term_string}"},"query-input":{"@type":"PropertyValueSpecification","valueRequired":true,"valueName":"search_term_string"}}],"inLanguage":"en-US"},{"@type":"Organization","@id":"https:\/\/idakorea.ee\/#organization","name":"IDA.KOREA","url":"https:\/\/idakorea.ee\/","logo":{"@type":"ImageObject","inLanguage":"en-US","@id":"https:\/\/idakorea.ee\/#\/schema\/logo\/image\/","url":"https:\/\/idakorea.ee\/wp-content\/uploads\/2024\/05\/cropped-korea3.png","contentUrl":"https:\/\/idakorea.ee\/wp-content\/uploads\/2024\/05\/cropped-korea3.png","width":688,"height":126,"caption":"IDA.KOREA"},"image":{"@id":"https:\/\/idakorea.ee\/#\/schema\/logo\/image\/"},"sameAs":["https:\/\/www.instagram.com\/ida.korea\/"]}]}},"jetpack_sharing_enabled":true,"brands":[{"id":481,"name":"DR.CEURACLE","slug":"dr-ceuracle"}],"_links":{"self":[{"href":"https:\/\/idakorea.ee\/en\/wp-json\/wp\/v2\/product\/17704","targetHints":{"allow":["GET"]}}],"collection":[{"href":"https:\/\/idakorea.ee\/en\/wp-json\/wp\/v2\/product"}],"about":[{"href":"https:\/\/idakorea.ee\/en\/wp-json\/wp\/v2\/types\/product"}],"replies":[{"embeddable":true,"href":"https:\/\/idakorea.ee\/en\/wp-json\/wp\/v2\/comments?post=17704"}],"version-history":[{"count":2,"href":"https:\/\/idakorea.ee\/en\/wp-json\/wp\/v2\/product\/17704\/revisions"}],"predecessor-version":[{"id":17711,"href":"https:\/\/idakorea.ee\/en\/wp-json\/wp\/v2\/product\/17704\/revisions\/17711"}],"wp:featuredmedia":[{"embeddable":true,"href":"https:\/\/idakorea.ee\/en\/wp-json\/wp\/v2\/media\/17705"}],"wp:attachment":[{"href":"https:\/\/idakorea.ee\/en\/wp-json\/wp\/v2\/media?parent=17704"}],"wp:term":[{"taxonomy":"pwb-brand","embeddable":true,"href":"https:\/\/idakorea.ee\/en\/wp-json\/wp\/v2\/pwb-brand?post=17704"},{"taxonomy":"product_brand","embeddable":true,"href":"https:\/\/idakorea.ee\/en\/wp-json\/wp\/v2\/product_brand?post=17704"},{"taxonomy":"product_cat","embeddable":true,"href":"https:\/\/idakorea.ee\/en\/wp-json\/wp\/v2\/product_cat?post=17704"},{"taxonomy":"product_tag","embeddable":true,"href":"https:\/\/idakorea.ee\/en\/wp-json\/wp\/v2\/product_tag?post=17704"}],"curies":[{"name":"wp","href":"https:\/\/api.w.org\/{rel}","templated":true}]}}