{"id":17890,"date":"2026-02-27T15:04:29","date_gmt":"2026-02-27T13:04:29","guid":{"rendered":"https:\/\/idakorea.ee\/?post_type=product&#038;p=17890"},"modified":"2026-04-11T17:46:20","modified_gmt":"2026-04-11T15:46:20","slug":"skin1004-madagascar-centella-teca-ampoule-50ml","status":"publish","type":"product","link":"https:\/\/idakorea.ee\/en\/product\/skin1004-madagascar-centella-teca-ampoule-50ml\/","title":{"rendered":"Skin1004 Madagascar Centella Teca Ampoule, 50ml"},"content":{"rendered":"<p>A highly concentrated serum designed to intensely restore, soothe and strengthen the skin barrier. The ampoule uses advanced <strong>TECA technology (Titrated Extract of Centella Asiatica)<\/strong>, which is a purified and stabilized form of the active compounds of Centella Asiatica. Unlike conventional extracts, TECA delivers a precisely calibrated amount of key components to the skin that accelerate healing, stimulate collagen synthesis, and restore vitality to damaged skin.<\/p>\n<p><strong>Main effects:<\/strong><\/p>\n<ul>\n<li><strong>Speeding up recovery: <\/strong>Significantly accelerates cell renewal and the healing of minor injuries and acne scars.<\/li>\n<li><strong>Strengthening the skin barrier: <\/strong>Restores the skin&#039;s protective barrier and increases its resistance to external irritants.<\/li>\n<li><strong>Soothing inflammation: <\/strong>Quickly relieves redness, tightness and discomfort on sensitive skin.<\/li>\n<li><strong>Anti-ageing effects: <\/strong>Improves skin elasticity and firmness by stimulating natural collagen production.<\/li>\n<\/ul>\n<p><strong>Main ingredients\u00a0<\/strong><\/p>\n<p><strong>TECA (Titrated Extract of Centella Asiatica)<\/strong> contains a high concentration of key ingredients:<\/p>\n<ul>\n<li><strong>Asiatic<\/strong> \u2013 helps balance skin moisture and oil levels and stimulates collagen production.<\/li>\n<li><strong>Asiatic Acid<\/strong> \u2013 strengthens the skin&#039;s protective barrier and acts as a strong antioxidant.<\/li>\n<li><strong>Madecassic Acid<\/strong> \u2013 intensely soothes and helps restore damaged skin tissue.<\/li>\n<li><strong>Centella asiatica extract<\/strong> \u2013 with a calming and restorative effect.<\/li>\n<li><strong>Niacinamide and adenosine<\/strong> \u2013 help even out skin tone and smooth fine wrinkles.<\/li>\n<\/ul>\n<p>The ampoule has a rich, milky texture that is very light and non-greasy. It absorbs quickly, leaving the skin moisturized, soft and without a sticky feeling.<\/p>\n<p>Suitable for all skin types, especially sensitive and dry skin.<\/p>\n<p><strong>Use of\u00a0<\/strong><\/p>\n<p>Apply 2-3 drops to cleansed and toned skin. Gently massage and pat with fingertips until serum is fully absorbed. Follow with moisturizer. Suitable for use morning and evening for maximum restorative benefits.<\/p>","protected":false},"excerpt":{"rendered":"<p>A highly concentrated serum designed to intensely repair, soothe and strengthen the skin barrier. The ampoule uses advanced TECA technology (Titrated Extract of Centella Asiatica), a purified and stabilized form of active compounds from Centella Asiatica. Unlike conventional extracts, TECA delivers a precisely calibrated amount of key ingredients to the skin, accelerating healing, stimulating collagen synthesis and restoring the vitality of damaged skin. Key\u2026<\/p>","protected":false},"featured_media":17892,"comment_status":"open","ping_status":"closed","template":"","meta":{"_uf_show_specific_survey":0,"_uf_disable_surveys":false,"_bst_post_transparent":"default","_bst_post_title":"","_bst_post_layout":"default","_bst_post_sidebar_id":"","_bst_post_content_style":"default","_bst_post_vertical_padding":"default","_bst_post_feature":"","_bst_post_feature_position":"","_bst_post_header":false,"_bst_post_footer":false},"pwb-brand":[186],"product_brand":[],"product_cat":[92,97],"product_tag":[568,216,441,1003,750],"class_list":{"0":"post-17890","1":"product","2":"type-product","3":"status-publish","4":"has-post-thumbnail","6":"pwb-brand-skin1004","7":"product_cat-nagu","8":"product_cat-naoseerumid-ja-olid","9":"product_tag-korea","10":"product_tag-kuiv-nahk","11":"product_tag-skin1004","12":"product_tag-tsentella","13":"product_tag-tundlik","15":"first","16":"instock","17":"sale","18":"shipping-taxable","19":"purchasable","20":"product-type-simple","21":"entry","22":"content-bg","23":"loop-entry"},"supplier_id":null,"supplier_sku":"","barcode":null,"atum_controlled":true,"out_stock_date":null,"out_stock_threshold":null,"inheritable":false,"inbound_stock":null,"stock_on_hold":0,"sold_today":0,"sales_last_days":1,"out_stock_days":0,"lost_sales":0,"has_location":false,"update_date":"2026-04-15T00:05:18","atum_locations":[],"atum_stock_status":"instock","restock_status":false,"low_stock_amount":"","sales_update_date":"2026-04-15T00:05:18","calc_backorders":null,"yoast_head":"<!-- This site is optimized with the Yoast SEO plugin v27.2 - https:\/\/yoast.com\/product\/yoast-seo-wordpress\/ -->\n<title>Skin1004 Madagascar Centella Teca Ampoule, 50ml - IDA.KOREA<\/title>\n<meta name=\"description\" content=\"K\u00f5rge kontsentratsiooniga seerum, mis on loodud naha intensiivseks taastamiseks, rahustamiseks ja nahabarj\u00e4\u00e4ri tugevdamiseks. Kiire tarne!\" \/>\n<meta name=\"robots\" content=\"index, follow, max-snippet:-1, max-image-preview:large, max-video-preview:-1\" \/>\n<link rel=\"canonical\" href=\"https:\/\/idakorea.ee\/en\/product\/skin1004-madagascar-centella-teca-ampoule-50ml\/\" \/>\n<meta property=\"og:locale\" content=\"en_US\" \/>\n<meta property=\"og:type\" content=\"article\" \/>\n<meta property=\"og:title\" content=\"Skin1004 Madagascar Centella Teca Ampoule, 50ml - IDA.KOREA\" \/>\n<meta property=\"og:description\" content=\"K\u00f5rge kontsentratsiooniga seerum, mis on loodud naha intensiivseks taastamiseks, rahustamiseks ja nahabarj\u00e4\u00e4ri tugevdamiseks. Kiire tarne!\" \/>\n<meta property=\"og:url\" content=\"https:\/\/idakorea.ee\/en\/product\/skin1004-madagascar-centella-teca-ampoule-50ml\/\" \/>\n<meta property=\"og:site_name\" content=\"IDA.KOREA\" \/>\n<meta property=\"article:modified_time\" content=\"2026-04-11T15:46:20+00:00\" \/>\n<meta property=\"og:image\" content=\"https:\/\/idakorea.ee\/wp-content\/uploads\/2026\/02\/skin1004-50ml-centella-teca-ampoule-idakorea.png\" \/>\n\t<meta property=\"og:image:width\" content=\"804\" \/>\n\t<meta property=\"og:image:height\" content=\"800\" \/>\n\t<meta property=\"og:image:type\" content=\"image\/png\" \/>\n<meta name=\"twitter:card\" content=\"summary_large_image\" \/>\n<meta name=\"twitter:label1\" content=\"Est. reading time\" \/>\n\t<meta name=\"twitter:data1\" content=\"2 minutes\" \/>\n<script type=\"application\/ld+json\" class=\"yoast-schema-graph\">{\"@context\":\"https:\/\/schema.org\",\"@graph\":[{\"@type\":\"WebPage\",\"@id\":\"https:\/\/idakorea.ee\/product\/skin1004-madagascar-centella-teca-ampoule-50ml\/\",\"url\":\"https:\/\/idakorea.ee\/product\/skin1004-madagascar-centella-teca-ampoule-50ml\/\",\"name\":\"Skin1004 Madagascar Centella Teca Ampoule, 50ml - IDA.KOREA\",\"isPartOf\":{\"@id\":\"https:\/\/idakorea.ee\/#website\"},\"primaryImageOfPage\":{\"@id\":\"https:\/\/idakorea.ee\/product\/skin1004-madagascar-centella-teca-ampoule-50ml\/#primaryimage\"},\"image\":{\"@id\":\"https:\/\/idakorea.ee\/product\/skin1004-madagascar-centella-teca-ampoule-50ml\/#primaryimage\"},\"thumbnailUrl\":\"https:\/\/idakorea.ee\/wp-content\/uploads\/2026\/02\/skin1004-50ml-centella-teca-ampoule-idakorea.png\",\"datePublished\":\"2026-02-27T13:04:29+00:00\",\"dateModified\":\"2026-04-11T15:46:20+00:00\",\"description\":\"K\u00f5rge kontsentratsiooniga seerum, mis on loodud naha intensiivseks taastamiseks, rahustamiseks ja nahabarj\u00e4\u00e4ri tugevdamiseks. Kiire tarne!\",\"breadcrumb\":{\"@id\":\"https:\/\/idakorea.ee\/product\/skin1004-madagascar-centella-teca-ampoule-50ml\/#breadcrumb\"},\"inLanguage\":\"en-US\",\"potentialAction\":[{\"@type\":\"ReadAction\",\"target\":[\"https:\/\/idakorea.ee\/product\/skin1004-madagascar-centella-teca-ampoule-50ml\/\"]}]},{\"@type\":\"ImageObject\",\"inLanguage\":\"en-US\",\"@id\":\"https:\/\/idakorea.ee\/product\/skin1004-madagascar-centella-teca-ampoule-50ml\/#primaryimage\",\"url\":\"https:\/\/idakorea.ee\/wp-content\/uploads\/2026\/02\/skin1004-50ml-centella-teca-ampoule-idakorea.png\",\"contentUrl\":\"https:\/\/idakorea.ee\/wp-content\/uploads\/2026\/02\/skin1004-50ml-centella-teca-ampoule-idakorea.png\",\"width\":804,\"height\":800},{\"@type\":\"BreadcrumbList\",\"@id\":\"https:\/\/idakorea.ee\/product\/skin1004-madagascar-centella-teca-ampoule-50ml\/#breadcrumb\",\"itemListElement\":[{\"@type\":\"ListItem\",\"position\":1,\"name\":\"\u0413\u043b\u0430\u0432\u043d\u0430\u044f \u0441\u0442\u0440\u0430\u043d\u0438\u0446\u0430\",\"item\":\"https:\/\/idakorea.ee\/\"},{\"@type\":\"ListItem\",\"position\":2,\"name\":\"Shop\",\"item\":\"https:\/\/idakorea.ee\/shop-2\/\"},{\"@type\":\"ListItem\",\"position\":3,\"name\":\"Intensiivselt rahustav ampull Skin1004 Madagascar Centella Teca Ampoule, 50ml\"}]},{\"@type\":\"WebSite\",\"@id\":\"https:\/\/idakorea.ee\/#website\",\"url\":\"https:\/\/idakorea.ee\/\",\"name\":\"IDA.KOREA\",\"description\":\"Korea kosmeetika e-pood\",\"publisher\":{\"@id\":\"https:\/\/idakorea.ee\/#organization\"},\"alternateName\":\"Beauty Shop\",\"potentialAction\":[{\"@type\":\"SearchAction\",\"target\":{\"@type\":\"EntryPoint\",\"urlTemplate\":\"https:\/\/idakorea.ee\/?s={search_term_string}\"},\"query-input\":{\"@type\":\"PropertyValueSpecification\",\"valueRequired\":true,\"valueName\":\"search_term_string\"}}],\"inLanguage\":\"en-US\"},{\"@type\":\"Organization\",\"@id\":\"https:\/\/idakorea.ee\/#organization\",\"name\":\"IDA.KOREA\",\"url\":\"https:\/\/idakorea.ee\/\",\"logo\":{\"@type\":\"ImageObject\",\"inLanguage\":\"en-US\",\"@id\":\"https:\/\/idakorea.ee\/#\/schema\/logo\/image\/\",\"url\":\"https:\/\/idakorea.ee\/wp-content\/uploads\/2024\/05\/cropped-korea3.png\",\"contentUrl\":\"https:\/\/idakorea.ee\/wp-content\/uploads\/2024\/05\/cropped-korea3.png\",\"width\":688,\"height\":126,\"caption\":\"IDA.KOREA\"},\"image\":{\"@id\":\"https:\/\/idakorea.ee\/#\/schema\/logo\/image\/\"},\"sameAs\":[\"https:\/\/www.instagram.com\/ida.korea\/\"]}]}<\/script>\n<!-- \/ Yoast SEO plugin. -->","yoast_head_json":{"title":"Skin1004 Madagascar Centella Teca Ampoule, 50ml - IDA.KOREA","description":"A highly concentrated serum designed to intensely restore, soothe and strengthen the skin barrier. Fast delivery!","robots":{"index":"index","follow":"follow","max-snippet":"max-snippet:-1","max-image-preview":"max-image-preview:large","max-video-preview":"max-video-preview:-1"},"canonical":"https:\/\/idakorea.ee\/en\/product\/skin1004-madagascar-centella-teca-ampoule-50ml\/","og_locale":"en_US","og_type":"article","og_title":"Skin1004 Madagascar Centella Teca Ampoule, 50ml - IDA.KOREA","og_description":"K\u00f5rge kontsentratsiooniga seerum, mis on loodud naha intensiivseks taastamiseks, rahustamiseks ja nahabarj\u00e4\u00e4ri tugevdamiseks. Kiire tarne!","og_url":"https:\/\/idakorea.ee\/en\/product\/skin1004-madagascar-centella-teca-ampoule-50ml\/","og_site_name":"IDA.KOREA","article_modified_time":"2026-04-11T15:46:20+00:00","og_image":[{"width":804,"height":800,"url":"https:\/\/idakorea.ee\/wp-content\/uploads\/2026\/02\/skin1004-50ml-centella-teca-ampoule-idakorea.png","type":"image\/png"}],"twitter_card":"summary_large_image","twitter_misc":{"Est. reading time":"2 minutes"},"schema":{"@context":"https:\/\/schema.org","@graph":[{"@type":"WebPage","@id":"https:\/\/idakorea.ee\/product\/skin1004-madagascar-centella-teca-ampoule-50ml\/","url":"https:\/\/idakorea.ee\/product\/skin1004-madagascar-centella-teca-ampoule-50ml\/","name":"Skin1004 Madagascar Centella Teca Ampoule, 50ml - IDA.KOREA","isPartOf":{"@id":"https:\/\/idakorea.ee\/#website"},"primaryImageOfPage":{"@id":"https:\/\/idakorea.ee\/product\/skin1004-madagascar-centella-teca-ampoule-50ml\/#primaryimage"},"image":{"@id":"https:\/\/idakorea.ee\/product\/skin1004-madagascar-centella-teca-ampoule-50ml\/#primaryimage"},"thumbnailUrl":"https:\/\/idakorea.ee\/wp-content\/uploads\/2026\/02\/skin1004-50ml-centella-teca-ampoule-idakorea.png","datePublished":"2026-02-27T13:04:29+00:00","dateModified":"2026-04-11T15:46:20+00:00","description":"A highly concentrated serum designed to intensely restore, soothe and strengthen the skin barrier. Fast delivery!","breadcrumb":{"@id":"https:\/\/idakorea.ee\/product\/skin1004-madagascar-centella-teca-ampoule-50ml\/#breadcrumb"},"inLanguage":"en-US","potentialAction":[{"@type":"ReadAction","target":["https:\/\/idakorea.ee\/product\/skin1004-madagascar-centella-teca-ampoule-50ml\/"]}]},{"@type":"ImageObject","inLanguage":"en-US","@id":"https:\/\/idakorea.ee\/product\/skin1004-madagascar-centella-teca-ampoule-50ml\/#primaryimage","url":"https:\/\/idakorea.ee\/wp-content\/uploads\/2026\/02\/skin1004-50ml-centella-teca-ampoule-idakorea.png","contentUrl":"https:\/\/idakorea.ee\/wp-content\/uploads\/2026\/02\/skin1004-50ml-centella-teca-ampoule-idakorea.png","width":804,"height":800},{"@type":"BreadcrumbList","@id":"https:\/\/idakorea.ee\/product\/skin1004-madagascar-centella-teca-ampoule-50ml\/#breadcrumb","itemListElement":[{"@type":"ListItem","position":1,"name":"\u0413\u043b\u0430\u0432\u043d\u0430\u044f \u0441\u0442\u0440\u0430\u043d\u0438\u0446\u0430","item":"https:\/\/idakorea.ee\/"},{"@type":"ListItem","position":2,"name":"Shop","item":"https:\/\/idakorea.ee\/shop-2\/"},{"@type":"ListItem","position":3,"name":"Intensiivselt rahustav ampull Skin1004 Madagascar Centella Teca Ampoule, 50ml"}]},{"@type":"WebSite","@id":"https:\/\/idakorea.ee\/#website","url":"https:\/\/idakorea.ee\/","name":"IDA.KOREA","description":"Korean cosmetics e-shop","publisher":{"@id":"https:\/\/idakorea.ee\/#organization"},"alternateName":"Beauty Shop","potentialAction":[{"@type":"SearchAction","target":{"@type":"EntryPoint","urlTemplate":"https:\/\/idakorea.ee\/?s={search_term_string}"},"query-input":{"@type":"PropertyValueSpecification","valueRequired":true,"valueName":"search_term_string"}}],"inLanguage":"en-US"},{"@type":"Organization","@id":"https:\/\/idakorea.ee\/#organization","name":"IDA.KOREA","url":"https:\/\/idakorea.ee\/","logo":{"@type":"ImageObject","inLanguage":"en-US","@id":"https:\/\/idakorea.ee\/#\/schema\/logo\/image\/","url":"https:\/\/idakorea.ee\/wp-content\/uploads\/2024\/05\/cropped-korea3.png","contentUrl":"https:\/\/idakorea.ee\/wp-content\/uploads\/2024\/05\/cropped-korea3.png","width":688,"height":126,"caption":"IDA.KOREA"},"image":{"@id":"https:\/\/idakorea.ee\/#\/schema\/logo\/image\/"},"sameAs":["https:\/\/www.instagram.com\/ida.korea\/"]}]}},"jetpack_sharing_enabled":true,"brands":[{"id":186,"name":"SKIN1004","slug":"skin1004"}],"_links":{"self":[{"href":"https:\/\/idakorea.ee\/en\/wp-json\/wp\/v2\/product\/17890","targetHints":{"allow":["GET"]}}],"collection":[{"href":"https:\/\/idakorea.ee\/en\/wp-json\/wp\/v2\/product"}],"about":[{"href":"https:\/\/idakorea.ee\/en\/wp-json\/wp\/v2\/types\/product"}],"replies":[{"embeddable":true,"href":"https:\/\/idakorea.ee\/en\/wp-json\/wp\/v2\/comments?post=17890"}],"version-history":[{"count":2,"href":"https:\/\/idakorea.ee\/en\/wp-json\/wp\/v2\/product\/17890\/revisions"}],"predecessor-version":[{"id":17895,"href":"https:\/\/idakorea.ee\/en\/wp-json\/wp\/v2\/product\/17890\/revisions\/17895"}],"wp:featuredmedia":[{"embeddable":true,"href":"https:\/\/idakorea.ee\/en\/wp-json\/wp\/v2\/media\/17892"}],"wp:attachment":[{"href":"https:\/\/idakorea.ee\/en\/wp-json\/wp\/v2\/media?parent=17890"}],"wp:term":[{"taxonomy":"pwb-brand","embeddable":true,"href":"https:\/\/idakorea.ee\/en\/wp-json\/wp\/v2\/pwb-brand?post=17890"},{"taxonomy":"product_brand","embeddable":true,"href":"https:\/\/idakorea.ee\/en\/wp-json\/wp\/v2\/product_brand?post=17890"},{"taxonomy":"product_cat","embeddable":true,"href":"https:\/\/idakorea.ee\/en\/wp-json\/wp\/v2\/product_cat?post=17890"},{"taxonomy":"product_tag","embeddable":true,"href":"https:\/\/idakorea.ee\/en\/wp-json\/wp\/v2\/product_tag?post=17890"}],"curies":[{"name":"wp","href":"https:\/\/api.w.org\/{rel}","templated":true}]}}